{"id":15213,"date":"2025-01-19T14:14:44","date_gmt":"2025-01-19T14:14:44","guid":{"rendered":"https:\/\/www.hydraulic-cylinders.net\/product\/bucket-cylinder-for-caterpillar-small-excavator-e300-9d301-7d\/"},"modified":"2025-01-19T14:14:46","modified_gmt":"2025-01-19T14:14:46","slug":"bucket-cylinder-for-caterpillar-small-excavator-e300-9d301-7d","status":"publish","type":"product","link":"https:\/\/www.hydraulic-cylinders.net\/tr\/urun\/bucket-cylinder-for-caterpillar-small-excavator-e300-9d301-7d\/","title":{"rendered":"Caterpillar K\u00fc\u00e7\u00fck Ekskavat\u00f6r E300.9D301.7D i\u00e7in Kova Silindiri"},"content":{"rendered":"<h1>Caterpillar K\u00fc\u00e7\u00fck Ekskavat\u00f6r E300.9D301.7D i\u00e7in Kova Silindiri<\/h1>\n<h2>girii\u015f<\/h2>\n<p>Kep\u00e7e silindiri, ekskavat\u00f6rler, kaz\u0131c\u0131lar ve \u00f6n y\u00fckleyiciler gibi a\u011f\u0131r makinelerde kep\u00e7enin hareketini kontrol etmek i\u00e7in \u00f6zel olarak tasarlanm\u0131\u015f bir hidrolik silindirdir. Ana i\u015flevi, kep\u00e7enin kald\u0131r\u0131lmas\u0131n\u0131, indirilmesini ve e\u011filmesini sa\u011flayarak \u00e7e\u015fitli malzeme ta\u015f\u0131ma g\u00f6revlerini kolayla\u015ft\u0131rmakt\u0131r. Hidrolik sistemde, kep\u00e7e silindiri hidrolik ya\u011f bas\u0131nc\u0131ndaki de\u011fi\u015fikliklerle kep\u00e7enin hassas kontrol\u00fcn\u00fc sa\u011flar; bu da operat\u00f6rlerin a\u011f\u0131r y\u00fckleri verimli bir \u015fekilde ta\u015f\u0131mas\u0131na ve karma\u015f\u0131k \u00e7al\u0131\u015fma ortamlar\u0131na ve \u00e7e\u015fitli i\u015f gereksinimlerine uyum sa\u011flamas\u0131na olanak tan\u0131r.<\/p>\n<p><img decoding=\"async\" src=\"https:\/\/www.hydraulic-cylinders.net\/wp-content\/uploads\/2025\/01\/songte-company-2.webp\"><\/p>\n<h2>\u00d6zellikler<\/h2>\n<ul>\n<li>Y\u00fcksek mukavemet ve dayan\u0131kl\u0131l\u0131k: Genellikle y\u00fcksek mukavemetli \u00e7elik veya al\u00fcminyumdan \u00fcretilir, y\u00fcksek bas\u0131nca ve a\u011f\u0131r y\u00fcklere dayanabilir ve a\u015f\u0131nma direnci ile korozyon direnci g\u00f6z \u00f6n\u00fcnde bulundurularak tasarlan\u0131r, b\u00f6ylece kullan\u0131m \u00f6mr\u00fc uzar.<\/li>\n<li>Verimli hidrolik \u00e7al\u0131\u015fma: Hidrolik ya\u011f bas\u0131nc\u0131ndan yararlan\u0131larak elde edilen sorunsuz teleskopik hareket, kontrol komutlar\u0131na h\u0131zl\u0131 yan\u0131t verebilme ve g\u00fc\u00e7l\u00fc itme ve \u00e7ekme kuvveti sa\u011flayabilme \u00f6zelli\u011fi sayesinde a\u011f\u0131r y\u00fcklerin ve karma\u015f\u0131k i\u015f g\u00f6revlerinin \u00fcstesinden gelmek i\u00e7in uygundur.<\/li>\n<li>\u00c7e\u015fitli tipler: Tek etkili (hidrolik sistem yaln\u0131zca tek y\u00f6nde kullan\u0131l\u0131r) veya \u00e7ift etkili (hidrolik sistem iki y\u00f6nde kullan\u0131l\u0131r) silindirler, farkl\u0131 \u00e7al\u0131\u015fma gereksinimlerini kar\u015f\u0131lamak i\u00e7in ihtiya\u00e7lara g\u00f6re se\u00e7ilebilir. Baz\u0131 modeller teleskopiktir ve d\u0131\u015f boyutlar\u0131 art\u0131rmadan daha fazla uzatmaya olanak tan\u0131r, bu da s\u0131n\u0131rl\u0131 alana sahip uygulamalar i\u00e7in uygundur.<\/li>\n<li>M\u00fckemmel de\u011fi\u015ftirme: \u00dcr\u00fcn\u00fcm\u00fcz bu hidrolik silindirlerin yerini m\u00fckemmel \u015fekilde alabilir.<\/li>\n<\/ul>\n<p><img decoding=\"async\" src=\"https:\/\/www.hydraulic-cylinders.net\/wp-content\/uploads\/2025\/01\/songte-cylinder-head-with-all-kinds-excavator-models.webp\"><\/p>\n<h2>Uygulamalar<\/h2>\n<h3>\u0130n\u015faat Ekipmanlar\u0131<\/h3>\n<p>Ekskavat\u00f6rlerde, toprak veya molozun kaz\u0131lmas\u0131, y\u00fcklenmesi ve ta\u015f\u0131nmas\u0131 i\u00e7in vazge\u00e7ilmezdirler. Kaz\u0131c\u0131 y\u00fckleyicilerde, kep\u00e7e silindirleri hem kazmaya hem de kald\u0131rmaya yard\u0131mc\u0131 olur. \u00d6n y\u00fckleyicilerde ise y\u00fck\u00fcn etkili bir \u015fekilde kald\u0131r\u0131lmas\u0131na ve bo\u015falt\u0131lmas\u0131na yard\u0131mc\u0131 olurlar.<\/p>\n<h3>Tar\u0131m Makinalar\u0131<\/h3>\n<p>\u00d6n y\u00fckleyicilerde toprak, saman ve di\u011fer malzemelerin al\u0131nmas\u0131, kald\u0131r\u0131lmas\u0131 ve ta\u015f\u0131nmas\u0131nda kullan\u0131l\u0131r. Ekskavat\u00f6rlerde, kep\u00e7e silindiri kep\u00e7enin topra\u011fa n\u00fcfuz etmesini sa\u011flayarak kazmaya olanak tan\u0131r. \u00d6n y\u00fckleyicilerde ise malzemelerin etkili bir \u015fekilde kald\u0131r\u0131lmas\u0131na ve devrilmesine yard\u0131mc\u0131 olurlar.<\/p>\n<p><img decoding=\"async\" src=\"https:\/\/www.hydraulic-cylinders.net\/wp-content\/uploads\/2025\/01\/songte-chushion-collar.webp\"><\/p>\n<h2>Tasar\u0131m Hususlar\u0131 ve Se\u00e7im Kriterleri<\/h2>\n<h3>Y\u00fck ta\u015f\u0131ma kapasitesi<\/h3>\n<p>Kep\u00e7e silindirinin ta\u015f\u0131ma kapasitesi, se\u00e7im veya tasar\u0131m a\u015famas\u0131nda dikkate al\u0131nmal\u0131d\u0131r. \u00c7al\u0131\u015fma s\u0131ras\u0131nda g\u00fcvenli\u011fi sa\u011flamak i\u00e7in gerekli y\u00fck kapasitesine dayanacak \u015fekilde tasarlanmal\u0131d\u0131r.<\/p>\n<h3>S\u0131zd\u0131rmazl\u0131k<\/h3>\n<p>Kep\u00e7e silindirinin s\u0131zd\u0131rmazl\u0131\u011f\u0131, \u00e7al\u0131\u015fmas\u0131 i\u00e7in hayati \u00f6nem ta\u015f\u0131r. Piston s\u0131zd\u0131rmazl\u0131k halkas\u0131 ve mil s\u0131zd\u0131rmazl\u0131k halkas\u0131 gibi \u00e7e\u015fitli s\u0131zd\u0131rmazl\u0131k elemanlar\u0131 kullan\u0131lmal\u0131d\u0131r. S\u0131zd\u0131rmazl\u0131k malzemesi, poli\u00fcretan veya nitril kau\u00e7uk gibi a\u015f\u0131nmaya dayan\u0131kl\u0131 bir malzeme olmal\u0131 ve silindir g\u00f6vdesi ile di\u015fli u\u00e7 y\u00fczeyi, a\u015f\u0131nma direncini art\u0131rmak i\u00e7in ince bir \u015fekilde i\u015flenmelidir.<\/p>\n<h3>Dayan\u0131kl\u0131l\u0131k<\/h3>\n<p>Kova silindirinin uzun bir kullan\u0131m \u00f6mr\u00fcne sahip olmas\u0131 gerekir. Bu nedenle, kullan\u0131lan malzemenin gerekli mukavemet ve tokluk standartlar\u0131n\u0131 kar\u015f\u0131lamas\u0131, a\u015f\u0131nmaya ve korozyona dayan\u0131kl\u0131 olmas\u0131 ve zorlu \u00e7al\u0131\u015fma ortamlar\u0131na dayanabilmesi \u015fartt\u0131r.<\/p>\n<h3>Emniyet<\/h3>\n<p>Kova silindirinde, ar\u0131za veya a\u015f\u0131r\u0131 y\u00fcklenmeden kaynaklanan kazalar\u0131 \u00f6nlemek i\u00e7in a\u015f\u0131r\u0131 bas\u0131n\u00e7 tahliye vanalar\u0131 gibi g\u00fcvenlik \u00f6zellikleri bulunmal\u0131d\u0131r. G\u00fcvenli \u00e7al\u0131\u015fma sa\u011flamak i\u00e7in bile\u015fenlerin tasar\u0131m\u0131na ve se\u00e7imine \u00f6zen g\u00f6sterilmelidir.<\/p>\n<h3>Bak\u0131m<\/h3>\n<p>Kep\u00e7e silindiri, kolayca de\u011fi\u015ftirilebilen par\u00e7alarla, bak\u0131m kolayl\u0131\u011f\u0131 sa\u011flayacak \u015fekilde tasarlanmal\u0131d\u0131r. Verimli \u00e7al\u0131\u015fma sa\u011flamak i\u00e7in d\u00fczenli olarak contalar\u0131n kontrol edilmesi, de\u011fi\u015ftirilmesi, ya\u011flanmas\u0131 ve piston kolunun ayarlanmas\u0131 yap\u0131lmal\u0131d\u0131r.<\/p>\n<p><img decoding=\"async\" src=\"https:\/\/www.hydraulic-cylinders.net\/wp-content\/uploads\/2025\/01\/songte-oil-pipes-and-spare-parts.webp\"><\/p>\n<h2>Kurulum K\u0131lavuzu<\/h2>\n<p>Kova silindirinin montaj\u0131 a\u015fa\u011f\u0131daki ad\u0131mlar izlenerek yap\u0131lmal\u0131d\u0131r:<\/p>\n<ul>\n<li>Silindiri do\u011fru \u015fekilde hizalay\u0131n.<\/li>\n<li>Silindiri yerine sabitlemek i\u00e7in uygun montaj braketleri kullan\u0131n.<\/li>\n<li>T\u00fcm ba\u011flant\u0131lar\u0131n g\u00fcvenli ve s\u0131z\u0131nt\u0131s\u0131z oldu\u011fundan emin olun.<\/li>\n<li>Ya\u011flama i\u00e7in uygun miktarda hidrolik ya\u011f ekleyin.<\/li>\n<\/ul>\n<h2>Bak\u0131m<\/h2>\n<p>Kep\u00e7e silindirinin verimli \u00e7al\u0131\u015fmas\u0131 ve kullan\u0131m \u00f6mr\u00fcn\u00fcn uzamas\u0131 i\u00e7in d\u00fczenli bak\u0131m \u00e7ok \u00f6nemlidir. A\u015fa\u011f\u0131da yayg\u0131n bak\u0131m g\u00f6revleri yer almaktad\u0131r:<\/p>\n<ul>\n<li>D\u00fczenli denetim<\/li>\n<li>Uygun ya\u011flama<\/li>\n<li>Conta de\u011fi\u015ftirmeleri<\/li>\n<li>Kalibrasyon kontrolleri<\/li>\n<\/ul>\n<h2>G\u00fcvenlik Hususlar\u0131 ve \u00c7evresel Fakt\u00f6rler<\/h2>\n<p>Kova silindiri kullan\u0131l\u0131rken, kazalar\u0131 \u00f6nlemek i\u00e7in g\u00fcvenlik \u00f6nlemlerine uyulmal\u0131d\u0131r. Silindirin d\u00fczg\u00fcn \u00e7al\u0131\u015fmas\u0131n\u0131 sa\u011flamak i\u00e7in \u00e7al\u0131\u015fma ko\u015fullar\u0131 ve s\u0131cakl\u0131k gibi \u00e7evresel fakt\u00f6rler de dikkate al\u0131nmal\u0131d\u0131r.<\/p>\n<h2>Sorun Giderme ve Yayg\u0131n Sorunlar<\/h2>\n<p>Kep\u00e7e silindirinde s\u0131k kar\u015f\u0131la\u015f\u0131lan sorunlar aras\u0131nda ya\u011f ka\u00e7a\u011f\u0131, yetersiz bas\u0131n\u00e7 ve anormal ses bulunur. Sorun giderme ipu\u00e7lar\u0131 aras\u0131nda contalar\u0131n incelenmesi, ya\u011f seviyesinin ve kalitesinin kontrol edilmesi ve piston kolunun a\u015f\u0131nma belirtileri a\u00e7\u0131s\u0131ndan incelenmesi yer al\u0131r. D\u00fczenli bak\u0131m ve do\u011fru kullan\u0131m gibi \u00f6nleyici tedbirler, olas\u0131 sorunlar\u0131 azaltmaya yard\u0131mc\u0131 olabilir.<\/p>\n<p><img decoding=\"async\" src=\"https:\/\/www.hydraulic-cylinders.net\/wp-content\/uploads\/2025\/01\/songte-bushings-with-all-kinds-of-excavator-models.webp\"><\/p>\n<h2>\u015eirketimiz Hakk\u0131nda<\/h2>\n<p>We are a manufacturer of hydraulic cylinders, providing a complete range of products. We are one of the leading manufacturers and wholesale distributors of hydraulic cylinders in the domestic and international markets. We follow the principle of excellent quality and rely on industrialized production management strategies in finely manufactured workshops. Our company constantly improves the manufacturing platform of the workshop, perfecting the production route of product quality, and has a strong creativity in the use of high-efficiency, high-precision, and high-quality principles to meet customers&#8217; diverse needs.<\/p>\n<p><img decoding=\"async\" src=\"https:\/\/hzpt.com\/wp-content\/uploads\/2024\/11\/songte-company-1.webp\"><\/p>\n<h3>Profesyonellik<\/h3>\n<p>\u015eirketimiz, m\u00fc\u015fterilerine verimli ve g\u00fcvenilir hidrolik silindir \u00e7\u00f6z\u00fcmleri sunmak i\u00e7in profesyonel m\u00fchendis ve teknisyenlerden olu\u015fan bir ekibe sahiptir. \u00dcretimdeki geni\u015f deneyimimiz ve g\u00fc\u00e7l\u00fc teknik g\u00fcc\u00fcm\u00fcz sayesinde, m\u00fc\u015fterilerimize y\u00fcksek kaliteli \u00fcr\u00fcnler ve hizmetler sunabiliyoruz.<\/p>\n<h3>Uluslararas\u0131 Sertifikasyon<\/h3>\n<p>\u00dcr\u00fcnlerimizin kalitesini ve g\u00fcvenli\u011fini sa\u011flamak amac\u0131yla firmam\u0131z ISO ve CE gibi bir dizi uluslararas\u0131 sertifikay\u0131 alm\u0131\u015ft\u0131r.<\/p>\n<h3>\u00d6zelle\u015ftirme Hizmetleri<\/h3>\n<p>M\u00fc\u015fterilerimizin \u00f6zel ihtiya\u00e7lar\u0131n\u0131 kar\u015f\u0131lamak \u00fczere, ihtiya\u00e7lar\u0131na \u00f6zel olarak tasarlanm\u0131\u015f hidrolik silindir \u00e7\u00f6z\u00fcmleri sunuyoruz.<\/p>\n<h3>\u00dcretim Ekipmanlar\u0131<\/h3>\n<p>Firmam\u0131z, hidrolik silindirlerin hassasiyetini sa\u011flamak i\u00e7in geli\u015fmi\u015f dijital \u00fcretim ekipmanlar\u0131 kullanmaktad\u0131r.<\/p>\n<h3>Sat\u0131\u015f Sonras\u0131 Hizmet<\/h3>\n<p>Hidrolik silindirlerimizin uzun vadeli ve verimli \u00e7al\u0131\u015fmas\u0131n\u0131 sa\u011flamak i\u00e7in bak\u0131m, onar\u0131m ve yedek par\u00e7a de\u011fi\u015fimi de dahil olmak \u00fczere kapsaml\u0131 sat\u0131\u015f sonras\u0131 hizmetler sunuyoruz.<\/p>\n<p>Yazar: lyl<\/p>","protected":false},"excerpt":{"rendered":"<p>Bucket Cylinder For Caterpillar Small Excavator E300.9D301.7D Introduction A bucket cylinder is a specially designed hydraulic cylinder primarily used to control the movement of a bucket in heavy machinery such as excavators, backhoes, and front-end loaders. Its main function is to enable the bucket to lift, lower, and tilt, making it easier to handle various [&hellip;]<\/p>","protected":false},"featured_media":14780,"comment_status":"open","ping_status":"closed","template":"","meta":{"_et_pb_use_builder":"","_et_pb_old_content":"","_et_gb_content_width":""},"product_brand":[],"product_cat":[1494],"product_tag":[1495,1496],"class_list":{"0":"post-15213","1":"product","2":"type-product","3":"status-publish","4":"has-post-thumbnail","6":"product_cat-bucket-cylinders","7":"product_tag-bucket-cylinders","8":"product_tag-hydraulic-cylinders","10":"first","11":"instock","12":"shipping-taxable","13":"product-type-simple"},"amp_enabled":true,"_links":{"self":[{"href":"https:\/\/www.hydraulic-cylinders.net\/tr\/wp-json\/wp\/v2\/product\/15213","targetHints":{"allow":["GET"]}}],"collection":[{"href":"https:\/\/www.hydraulic-cylinders.net\/tr\/wp-json\/wp\/v2\/product"}],"about":[{"href":"https:\/\/www.hydraulic-cylinders.net\/tr\/wp-json\/wp\/v2\/types\/product"}],"replies":[{"embeddable":true,"href":"https:\/\/www.hydraulic-cylinders.net\/tr\/wp-json\/wp\/v2\/comments?post=15213"}],"wp:featuredmedia":[{"embeddable":true,"href":"https:\/\/www.hydraulic-cylinders.net\/tr\/wp-json\/wp\/v2\/media\/14780"}],"wp:attachment":[{"href":"https:\/\/www.hydraulic-cylinders.net\/tr\/wp-json\/wp\/v2\/media?parent=15213"}],"wp:term":[{"taxonomy":"product_brand","embeddable":true,"href":"https:\/\/www.hydraulic-cylinders.net\/tr\/wp-json\/wp\/v2\/product_brand?post=15213"},{"taxonomy":"product_cat","embeddable":true,"href":"https:\/\/www.hydraulic-cylinders.net\/tr\/wp-json\/wp\/v2\/product_cat?post=15213"},{"taxonomy":"product_tag","embeddable":true,"href":"https:\/\/www.hydraulic-cylinders.net\/tr\/wp-json\/wp\/v2\/product_tag?post=15213"}],"curies":[{"name":"wp","href":"https:\/\/api.w.org\/{rel}","templated":true}]}}