{"id":15214,"date":"2025-01-19T14:14:48","date_gmt":"2025-01-19T14:14:48","guid":{"rendered":"https:\/\/www.hydraulic-cylinders.net\/product\/bucket-cylinder-for-caterpillar-small-excavator-e304ecr\/"},"modified":"2025-01-19T14:14:56","modified_gmt":"2025-01-19T14:14:56","slug":"bucket-cylinder-for-caterpillar-small-excavator-e304ecr","status":"publish","type":"product","link":"https:\/\/www.hydraulic-cylinders.net\/tr\/urun\/bucket-cylinder-for-caterpillar-small-excavator-e304ecr\/","title":{"rendered":"Caterpillar K\u00fc\u00e7\u00fck Ekskavat\u00f6r E304ECR i\u00e7in Kova Silindiri"},"content":{"rendered":"<h2>Caterpillar K\u00fc\u00e7\u00fck Ekskavat\u00f6r E304ECR i\u00e7in Kova Silindiri<\/h2>\n<p>Girii\u015f:<\/p>\n<p>Kep\u00e7e silindiri, ekskavat\u00f6rler, kaz\u0131c\u0131 y\u00fckleyiciler ve \u00f6n y\u00fckleyiciler gibi a\u011f\u0131r makinelerde kep\u00e7enin hareketini kontrol etmek i\u00e7in kullan\u0131lan \u00f6zel olarak tasarlanm\u0131\u015f bir hidrolik silindirdir. Ana i\u015flevi, kep\u00e7enin kald\u0131r\u0131lmas\u0131n\u0131, indirilmesini ve e\u011filmesini sa\u011flayarak \u00e7e\u015fitli malzeme ta\u015f\u0131ma g\u00f6revlerini kolayla\u015ft\u0131rmakt\u0131r. Hidrolik sistemde, kep\u00e7e silindiri hidrolik ya\u011f\u0131n bas\u0131n\u00e7 de\u011fi\u015fimlerini kullanarak kep\u00e7enin hassas kontrol\u00fcn\u00fc sa\u011flar ve operat\u00f6rlerin a\u011f\u0131r y\u00fckleri verimli bir \u015fekilde ta\u015f\u0131mas\u0131na, karma\u015f\u0131k \u00e7al\u0131\u015fma ortamlar\u0131na ve \u00e7e\u015fitli i\u015f gereksinimlerine uyum sa\u011flamas\u0131na olanak tan\u0131r.<\/p>\n<p><img decoding=\"async\" src=\"https:\/\/www.hydraulic-cylinders.net\/wp-content\/uploads\/2025\/01\/songte-company-2.webp\"><\/p>\n<h3>\u00d6zellikler:<\/h3>\n<ul>\n<li>Y\u00fcksek Mukavemet ve Dayan\u0131kl\u0131l\u0131k: Genellikle y\u00fcksek mukavemetli \u00e7elik veya al\u00fcminyumdan \u00fcretilen kova silindiri, y\u00fcksek bas\u0131nca ve a\u011f\u0131r y\u00fcklere dayanabilir ve zorlu \u00e7al\u0131\u015fma ortamlar\u0131na uyum sa\u011flar. A\u015f\u0131nma direnci ve korozyon direnci dikkate al\u0131narak tasarlanan kova silindirinin kullan\u0131m \u00f6mr\u00fc uzat\u0131lm\u0131\u015ft\u0131r.<\/li>\n<li>Verimli Hidrolik \u00c7al\u0131\u015fma: Hidrolik ya\u011f\u0131n bas\u0131nc\u0131ndan yararlan\u0131larak, kep\u00e7e silindiri d\u00fczg\u00fcn uzatma ve geri \u00e7ekme hareketleri ger\u00e7ekle\u015ftirir; bu da kontrol komutlar\u0131na h\u0131zl\u0131 yan\u0131t verilmesini ve g\u00fc\u00e7l\u00fc itme ve \u00e7ekme kuvvetleri sa\u011flanmas\u0131n\u0131 m\u00fcmk\u00fcn k\u0131lar, b\u00f6ylece a\u011f\u0131r y\u00fcklerin ve karma\u015f\u0131k i\u015f g\u00f6revlerinin \u00fcstesinden gelmek i\u00e7in uygun hale gelir.<\/li>\n<li>\u00c7ok Y\u00f6nl\u00fc Tipler: Kova silindiri, \u00f6zel \u00e7al\u0131\u015fma gereksinimlerine g\u00f6re tek etkili (hidrolik yaln\u0131zca tek y\u00f6nde kullan\u0131l\u0131r) veya \u00e7ift etkili (hidrolik her iki y\u00f6nde de kullan\u0131l\u0131r) silindir olarak se\u00e7ilebilir. Baz\u0131 modeller teleskopiktir ve d\u0131\u015f boyutlar\u0131 art\u0131rmadan daha fazla uzatmaya olanak tan\u0131yarak s\u0131n\u0131rl\u0131 alana sahip uygulamalar i\u00e7in uygun hale gelir.<\/li>\n<\/ul>\n<p><img decoding=\"async\" src=\"https:\/\/www.hydraulic-cylinders.net\/wp-content\/uploads\/2025\/01\/songte-cylinder-head-with-all-kinds-excavator-models.webp\"><\/p>\n<p>Uygulamalar:<\/p>\n<ul>\n<li>\u0130n\u015faat Ekipmanlar\u0131: Ekskavat\u00f6rlerde bulunan bu par\u00e7alar, kaz\u0131, y\u00fckleme ve toprak veya moloz ta\u015f\u0131ma i\u015flemlerinde hayati \u00f6neme sahiptir. Kaz\u0131c\u0131 y\u00fckleyicilerde ise kova silindiri kazma ve kald\u0131rma i\u015flemlerine yard\u0131mc\u0131 olur.<\/li>\n<li>Tar\u0131m Makinalar\u0131: \u00d6n y\u00fckleyicilerde toprak, saman ve di\u011fer malzemeleri kep\u00e7elemek, kald\u0131rmak ve ta\u015f\u0131mak i\u00e7in kullan\u0131l\u0131r.<\/li>\n<li>Ekskavat\u00f6rler: Kova silindiri, kovan\u0131n topra\u011fa n\u00fcfuz etmesini sa\u011flayarak kazma i\u015flemini ger\u00e7ekle\u015ftirir.<\/li>\n<li>\u00d6n y\u00fckleyicilerde, y\u00fck\u00fcn verimli bir \u015fekilde kald\u0131r\u0131lmas\u0131na ve bo\u015falt\u0131lmas\u0131na yard\u0131mc\u0131 olurlar.<\/li>\n<\/ul>\n<p><img decoding=\"async\" src=\"https:\/\/www.hydraulic-cylinders.net\/wp-content\/uploads\/2025\/01\/songte-oil-pipes-and-spare-parts.webp\"><\/p>\n<p>Tasar\u0131m Hususlar\u0131 ve Se\u00e7im Kriterleri:<\/p>\n<ul>\n<li>Ta\u015f\u0131ma Kapasitesi: Kep\u00e7e silindirinin a\u011f\u0131r y\u00fckleri ta\u015f\u0131ma kapasitesini ve bunu etkileyen fakt\u00f6rleri tart\u0131\u015f\u0131n.<\/li>\n<li>S\u0131zd\u0131rmazl\u0131k: Piston contalar\u0131 ve mil contalar\u0131 gibi a\u015f\u0131nmaya dayan\u0131kl\u0131 poli\u00fcretan ve nitril kau\u00e7uk gibi malzemelerden yap\u0131lan \u00e7e\u015fitli s\u0131zd\u0131rmazl\u0131k bile\u015fenlerini a\u00e7\u0131klay\u0131n. A\u015f\u0131nma direncini art\u0131rmak i\u00e7in silindir g\u00f6vdesinin ve di\u015fli ucunun hassas y\u00fczey i\u015fleminin \u00f6nemini vurgulay\u0131n.<\/li>\n<li>Dayan\u0131kl\u0131l\u0131k: Zorlu ko\u015fullar alt\u0131nda kova silindirinin uzun \u00f6m\u00fcrl\u00fc olmas\u0131n\u0131 sa\u011flamak i\u00e7in tasar\u0131mda al\u0131nan \u00f6nlemleri tart\u0131\u015f\u0131n.<\/li>\n<li>G\u00fcvenlik: Kep\u00e7e silindirinin tasar\u0131m\u0131nda ve kullan\u0131m\u0131nda g\u00fcvenlik hususlar\u0131na de\u011finilmeli ve kazalar\u0131 \u00f6nlemek i\u00e7in \u00f6nerilen prosed\u00fcrlere uyulmas\u0131n\u0131n \u00f6nemi vurgulanmal\u0131d\u0131r.<\/li>\n<li>Bak\u0131m Kolayl\u0131\u011f\u0131: Kep\u00e7e silindirinin bak\u0131m kolayl\u0131\u011f\u0131n\u0131 ve yedek par\u00e7a bulunabilirli\u011fini tart\u0131\u015f\u0131n; d\u00fczenli kontroller, ya\u011flama, conta de\u011fi\u015fimi ve kalibrasyon kontrolleri i\u00e7in ipu\u00e7lar\u0131 ve \u00f6neriler sunun.<\/li>\n<\/ul>\n<p><img decoding=\"async\" src=\"https:\/\/www.hydraulic-cylinders.net\/wp-content\/uploads\/2025\/01\/songte-chushion-collar.webp\"><\/p>\n<p>G\u00fcvenlik Hususlar\u0131 ve \u00c7evresel Fakt\u00f6rler:<\/p>\n<p>Kova silindiri kullan\u0131l\u0131rken, kazalar\u0131 \u00f6nlemek ve g\u00fcvenli bir \u00e7al\u0131\u015fma ortam\u0131 sa\u011flamak i\u00e7in g\u00fcvenlik \u00f6nlemlerine uyulmas\u0131 \u015fartt\u0131r. Bu, uygun e\u011fitim almay\u0131, y\u00f6nergeleri takip etmeyi ve uygun ki\u015fisel koruyucu ekipman giymeyi i\u00e7erir.<\/p>\n<p>Ar\u0131za Te\u015fhisi ve Yayg\u0131n Sorunlar:<\/p>\n<p>Kep\u00e7e silindirinde meydana gelebilecek yayg\u0131n ar\u0131zalar\u0131 tart\u0131\u015f\u0131n ve okuyucular\u0131n sorunlar\u0131 etkili bir \u015fekilde te\u015fhis edip \u00e7\u00f6zmelerine yard\u0131mc\u0131 olmak i\u00e7in sorun giderme ipu\u00e7lar\u0131 ve \u00e7\u00f6z\u00fcmleri sunun. Potansiyel sorunlar\u0131 en aza indirmek i\u00e7in \u00f6nleyici tedbirlere vurgu yap\u0131n.<\/p>\n<p><img decoding=\"async\" src=\"https:\/\/www.hydraulic-cylinders.net\/wp-content\/uploads\/2025\/01\/songte-bushings-with-all-kinds-of-excavator-models.webp\"><\/p>\n<p>D\u00fczenli Bak\u0131m:<\/p>\n<ul>\n<li>D\u00fczenli Denetimler: Olas\u0131 sorunlar\u0131n b\u00fcy\u00fcmeden \u00f6nce tespit edilmesi i\u00e7in planl\u0131 denetimlerin \u00f6nemini vurgulay\u0131n.<\/li>\n<li>Uygun Ya\u011flama: Sorunsuz \u00e7al\u0131\u015fma sa\u011flamak ve a\u015f\u0131nmay\u0131 \u00f6nlemek i\u00e7in uygun ya\u011flaman\u0131n \u00f6nemini vurgulay\u0131n.<\/li>\n<li>Conta De\u011fi\u015fimi: Kep\u00e7e silindirinin b\u00fct\u00fcnl\u00fc\u011f\u00fcn\u00fc korumak i\u00e7in contalar\u0131n zaman\u0131nda de\u011fi\u015ftirilmesinin \u00f6nemini tart\u0131\u015f\u0131n.<\/li>\n<\/ul>\n<p><img decoding=\"async\" src=\"https:\/\/hzpt.com\/wp-content\/uploads\/2024\/11\/songte-company-1.webp\"><\/p>\n<p>Hakk\u0131m\u0131zda:<\/p>\n<p>Firmam\u0131z, yurt i\u00e7i ve yurt d\u0131\u015f\u0131 pazarlarda yedek hidrolik silindirlerin \u00f6nde gelen \u00fcreticisi ve toptan da\u011f\u0131t\u0131c\u0131s\u0131d\u0131r. Geni\u015f bir yelpazede hidrolik silindir tedarikinde m\u00fckemmeliyet g\u00f6stermi\u015f ve sekt\u00f6rde g\u00fcvenilir bir isim olarak kendimizi kan\u0131tlam\u0131\u015f bulunmaktay\u0131z. M\u00fckemmel kaliteye odaklanarak, geli\u015fmi\u015f \u00fcretim at\u00f6lyemizde end\u00fcstriyel \u00fcretim y\u00f6netim stratejilerine g\u00fcveniyoruz. \u015eirketimiz, \u00fcretim platformunu, \u00fcr\u00fcn kalitesi \u00fcretim s\u00fcre\u00e7lerini s\u00fcrekli olarak geli\u015ftiriyor ve g\u00fc\u00e7l\u00fc inovasyon yeteneklerine sahip. Y\u00fcksek verimlilik, y\u00fcksek hassasiyet ve y\u00fcksek kaliteli \u00fcr\u00fcnler ilkeleriyle \u00e7e\u015fitli m\u00fc\u015fteri ihtiya\u00e7lar\u0131n\u0131 kar\u015f\u0131lamaya \u00e7al\u0131\u015f\u0131yoruz.<\/p>\n<p><img decoding=\"async\" src=\"https:\/\/www.hydraulic-cylinders.net\/wp-content\/uploads\/2025\/01\/songte-company-3.webp\"><\/p>\n<p>\u015eirketimiz \u015fu \u00f6zellikleriyle bilinmektedir:<\/p>\n<ul>\n<li>Profesyonellik<\/li>\n<li>Uluslararas\u0131 Sertifikalar<\/li>\n<li>\u00d6zelle\u015ftirme Hizmetleri<\/li>\n<li>Geli\u015fmi\u015f \u00dcretim Ekipmanlar\u0131<\/li>\n<li>Sat\u0131\u015f Sonras\u0131 Hizmetler<\/li>\n<\/ul>\n<p>Yazar: lyl<\/p>","protected":false},"excerpt":{"rendered":"<p>Bucket Cylinder For Caterpillar Small Excavator E304ECR Introduction: The bucket cylinder is a specially designed hydraulic cylinder used to control the movement of the bucket in heavy machinery such as excavators, backhoe loaders, and front loaders. Its main function is to enable the lifting, lowering, and tilting of the bucket, making it easier to handle [&hellip;]<\/p>","protected":false},"featured_media":14778,"comment_status":"open","ping_status":"closed","template":"","meta":{"_et_pb_use_builder":"","_et_pb_old_content":"","_et_gb_content_width":""},"product_brand":[],"product_cat":[1494],"product_tag":[1495,1496],"class_list":{"0":"post-15214","1":"product","2":"type-product","3":"status-publish","4":"has-post-thumbnail","6":"product_cat-bucket-cylinders","7":"product_tag-bucket-cylinders","8":"product_tag-hydraulic-cylinders","10":"first","11":"instock","12":"shipping-taxable","13":"product-type-simple"},"amp_enabled":true,"_links":{"self":[{"href":"https:\/\/www.hydraulic-cylinders.net\/tr\/wp-json\/wp\/v2\/product\/15214","targetHints":{"allow":["GET"]}}],"collection":[{"href":"https:\/\/www.hydraulic-cylinders.net\/tr\/wp-json\/wp\/v2\/product"}],"about":[{"href":"https:\/\/www.hydraulic-cylinders.net\/tr\/wp-json\/wp\/v2\/types\/product"}],"replies":[{"embeddable":true,"href":"https:\/\/www.hydraulic-cylinders.net\/tr\/wp-json\/wp\/v2\/comments?post=15214"}],"wp:featuredmedia":[{"embeddable":true,"href":"https:\/\/www.hydraulic-cylinders.net\/tr\/wp-json\/wp\/v2\/media\/14778"}],"wp:attachment":[{"href":"https:\/\/www.hydraulic-cylinders.net\/tr\/wp-json\/wp\/v2\/media?parent=15214"}],"wp:term":[{"taxonomy":"product_brand","embeddable":true,"href":"https:\/\/www.hydraulic-cylinders.net\/tr\/wp-json\/wp\/v2\/product_brand?post=15214"},{"taxonomy":"product_cat","embeddable":true,"href":"https:\/\/www.hydraulic-cylinders.net\/tr\/wp-json\/wp\/v2\/product_cat?post=15214"},{"taxonomy":"product_tag","embeddable":true,"href":"https:\/\/www.hydraulic-cylinders.net\/tr\/wp-json\/wp\/v2\/product_tag?post=15214"}],"curies":[{"name":"wp","href":"https:\/\/api.w.org\/{rel}","templated":true}]}}