{"id":15215,"date":"2025-01-19T14:14:58","date_gmt":"2025-01-19T14:14:58","guid":{"rendered":"https:\/\/www.hydraulic-cylinders.net\/product\/bucket-cylinder-for-caterpillar-small-excavator-e307e\/"},"modified":"2025-01-19T14:14:59","modified_gmt":"2025-01-19T14:14:59","slug":"bucket-cylinder-for-caterpillar-small-excavator-e307e","status":"publish","type":"product","link":"https:\/\/www.hydraulic-cylinders.net\/tr\/urun\/bucket-cylinder-for-caterpillar-small-excavator-e307e\/","title":{"rendered":"Caterpillar K\u00fc\u00e7\u00fck Ekskavat\u00f6r E307E i\u00e7in Kova Silindiri"},"content":{"rendered":"<h2>Caterpillar K\u00fc\u00e7\u00fck Ekskavat\u00f6r E307E i\u00e7in Kova Silindiri<\/h2>\n<h3>girii\u015f<\/h3>\n<p>Kep\u00e7e silindiri, ekskavat\u00f6rler, kaz\u0131c\u0131lar ve \u00f6n y\u00fckleyiciler gibi a\u011f\u0131r makinelerde kep\u00e7elerin hareketini kontrol etmek i\u00e7in \u00f6zel olarak tasarlanm\u0131\u015f bir hidrolik silindirdir. Ana i\u015flevi, kep\u00e7enin kald\u0131r\u0131lmas\u0131n\u0131, indirilmesini ve e\u011filmesini sa\u011flayarak \u00e7e\u015fitli malzeme ta\u015f\u0131ma g\u00f6revlerinin daha kolay ger\u00e7ekle\u015ftirilmesine olanak tan\u0131makt\u0131r. Hidrolik sistemde, kep\u00e7e silindiri hidrolik ya\u011f\u0131n bas\u0131n\u00e7 de\u011fi\u015fiklikleriyle kep\u00e7enin hassas kontrol\u00fcn\u00fc sa\u011flar; bu da operat\u00f6rlerin a\u011f\u0131r nesneleri verimli bir \u015fekilde ta\u015f\u0131mas\u0131na ve karma\u015f\u0131k \u00e7al\u0131\u015fma ortamlar\u0131na ve \u00e7e\u015fitli operasyonel ihtiya\u00e7lara uyum sa\u011flamas\u0131na olanak tan\u0131r.<\/p>\n<p><img decoding=\"async\" src=\"https:\/\/www.hydraulic-cylinders.net\/wp-content\/uploads\/2025\/01\/songte-company-2.webp\"><\/p>\n<h3>\u00dcr\u00fcn \u00d6zellikleri<\/h3>\n<ul>\n<li>Y\u00fcksek Mukavemet ve Dayan\u0131kl\u0131l\u0131k: Genellikle y\u00fcksek mukavemetli \u00e7elik veya al\u00fcminyumdan \u00fcretilir, y\u00fcksek bas\u0131nca ve a\u011f\u0131r y\u00fcklere dayanabilir, zorlu \u00e7al\u0131\u015fma ortamlar\u0131na uyum sa\u011flar ve a\u015f\u0131nma direnci ile korozyon direnci g\u00f6z \u00f6n\u00fcnde bulundurularak tasarlanm\u0131\u015ft\u0131r, bu da kullan\u0131m \u00f6mr\u00fcn\u00fc uzat\u0131r.<\/li>\n<li>Verimli Hidrolik \u00c7al\u0131\u015fma: Hidrolik ya\u011f\u0131n bas\u0131nc\u0131n\u0131 kullanarak d\u00fczg\u00fcn uzama ve daralma sa\u011flar, i\u015fletim komutlar\u0131na h\u0131zl\u0131 yan\u0131t verir, g\u00fc\u00e7l\u00fc itme ve \u00e7ekme kuvveti sunar ve a\u011f\u0131r nesnelerin ve karma\u015f\u0131k i\u015fletim g\u00f6revlerinin ta\u015f\u0131nmas\u0131 i\u00e7in uygundur.<\/li>\n<li>\u00c7e\u015fitli Tipler: Farkl\u0131 \u00e7al\u0131\u015fma gereksinimlerini kar\u015f\u0131lamak i\u00e7in ihtiya\u00e7lara g\u00f6re tek etkili (hidrolik yaln\u0131zca tek y\u00f6nde kullan\u0131l\u0131r) veya \u00e7ift etkili (hidrolik her iki y\u00f6nde de kullan\u0131l\u0131r) silindir se\u00e7ilebilir. Baz\u0131 modeller teleskopiktir ve d\u0131\u015f boyutlar\u0131 art\u0131rmadan daha fazla uzatmaya olanak tan\u0131yarak, s\u0131n\u0131rl\u0131 alan gerektiren uygulamalar i\u00e7in uygun hale gelir.<\/li>\n<li>Kolay De\u011fi\u015fim: \u00dcr\u00fcnlerimiz bu hidrolik silindirlerin yerine m\u00fckemmel \u015fekilde ge\u00e7ebilir.<\/li>\n<li>\u00d6zelle\u015ftirilebilir: \u00dcr\u00fcnlerimiz, m\u00fc\u015fterilerin \u00f6zel ihtiya\u00e7lar\u0131n\u0131 kar\u015f\u0131layacak \u015fekilde \u00f6zelle\u015ftirilebilir.<\/li>\n<\/ul>\n<p><img decoding=\"async\" src=\"https:\/\/www.hydraulic-cylinders.net\/wp-content\/uploads\/2025\/01\/songte-cylinder-head-with-all-kinds-excavator-models.webp\"><\/p>\n<h3>Uygulamalar<\/h3>\n<p>Kova silindiri, a\u015fa\u011f\u0131dakiler de dahil olmak \u00fczere \u00e7e\u015fitli a\u011f\u0131r makinelerde yayg\u0131n olarak kullan\u0131labilir:<\/p>\n<ul>\n<li>\u0130n\u015faat Ekipmanlar\u0131: Ekskavat\u00f6rler, kaz\u0131c\u0131lar ve \u00f6n y\u00fckleyiciler, toprak veya moloz kazma, y\u00fckleme ve ta\u015f\u0131ma i\u015flemlerinde kova silindirlerine ihtiya\u00e7 duyar. Kaz\u0131c\u0131 y\u00fckleyicilerde kova silindiri hem kazma hem de kald\u0131rma i\u015flemlerine yard\u0131mc\u0131 olur.<\/li>\n<li>Tar\u0131m Makineleri: \u00d6n y\u00fckleyicilerde toprak, saman ve di\u011fer malzemeleri kep\u00e7eyle almak, kald\u0131rmak ve ta\u015f\u0131mak i\u00e7in kullan\u0131l\u0131r. Ekskavat\u00f6rlerde, kep\u00e7e silindiri, kep\u00e7enin topra\u011fa n\u00fcfuz etmesini sa\u011flayarak kazmay\u0131 m\u00fcmk\u00fcn k\u0131lar. \u00d6n y\u00fckleyicilerde ise, mallar\u0131n etkili bir \u015fekilde kald\u0131r\u0131lmas\u0131na ve devrilmesine yard\u0131mc\u0131 olurlar.<\/li>\n<\/ul>\n<h3>Tasar\u0131m Hususlar\u0131 ve Se\u00e7im Kriterleri<\/h3>\n<p>Kep\u00e7e silindirinin tasar\u0131m\u0131nda a\u015fa\u011f\u0131daki fakt\u00f6rler dikkate al\u0131n\u0131r:<\/p>\n<ul>\n<li>Ta\u015f\u0131ma Kapasitesi: Silindir y\u00fcksek bas\u0131nca ve a\u011f\u0131r y\u00fcklere dayanabilmelidir.<\/li>\n<li>S\u0131zd\u0131rmazl\u0131k: Etkili bir s\u0131zd\u0131rmazl\u0131k sa\u011flamak i\u00e7in, piston contalar\u0131 ve mil contalar\u0131 gibi \u00e7e\u015fitli s\u0131zd\u0131rmazl\u0131k par\u00e7alar\u0131 uygulamaya g\u00f6re se\u00e7ilmelidir.<\/li>\n<li>Dayan\u0131kl\u0131l\u0131k: Silindirin kullan\u0131m \u00f6mr\u00fcn\u00fc uzatmak i\u00e7in a\u015f\u0131nma ve korozyon direnci g\u00f6z \u00f6n\u00fcnde bulundurularak tasarlanmas\u0131 gerekir.<\/li>\n<li>G\u00fcvenlik: Silindir, kazalar\u0131 \u00f6nleyecek ve operat\u00f6rleri zarardan koruyacak \u015fekilde tasarlanmal\u0131d\u0131r.<\/li>\n<li>Bak\u0131m: Silindirin gerekti\u011finde bak\u0131m\u0131 ve onar\u0131m\u0131 kolay olmal\u0131d\u0131r.<\/li>\n<\/ul>\n<p><img decoding=\"async\" src=\"https:\/\/www.hydraulic-cylinders.net\/wp-content\/uploads\/2025\/01\/songte-oil-pipes-and-spare-parts.webp\"><\/p>\n<h3>S\u0131zd\u0131rmazl\u0131k ve Ya\u011flama<\/h3>\n<p>The bucket cylinder uses various sealing parts, such as piston seals and rod seals, which should be selected based on the application to ensure effective sealing. The sealing parts should be made of wear-resistant materials, such as polyurethane and nitrile rubber. The cylinder body and threaded end surface should be finely processed to improve wear resistance. Moreover, regular lubrication with hydraulic oil is necessary to ensure smooth operation and extend the product&#8217;s lifespan.<\/p>\n<h3>Bak\u0131m ve Onar\u0131m<\/h3>\n<p>Kep\u00e7e silindirinin kullan\u0131m \u00f6mr\u00fcn\u00fc uzatmak i\u00e7in d\u00fczenli bak\u0131m ve kontrol \u015fartt\u0131r. A\u015fa\u011f\u0131da yayg\u0131n bak\u0131m g\u00f6revleri yer almaktad\u0131r:<\/p>\n<ul>\n<li>D\u00fczenli denetim<\/li>\n<li>Uygun ya\u011flama<\/li>\n<li>Conta de\u011fi\u015fimi<\/li>\n<li>Kalibrasyon kontrol\u00fc<\/li>\n<\/ul>\n<p>Silindirin en iyi performans\u0131 g\u00f6stermesi i\u00e7in do\u011fru montaj da \u00e7ok \u00f6nemlidir. A\u015fa\u011f\u0131da \u00f6nerilen montaj prosed\u00fcrleri yer almaktad\u0131r:<\/p>\n<ul>\n<li>Silindirin do\u011fru hizalanmas\u0131<\/li>\n<li>Silindiri sabitlemek i\u00e7in uygun montaj braketlerinin kullan\u0131lmas\u0131<\/li>\n<li>Par\u00e7alar\u0131n d\u00fczenli olarak kontrol edilmesi, onar\u0131lmas\u0131 ve de\u011fi\u015ftirilmesi<\/li>\n<\/ul>\n<p><img decoding=\"async\" src=\"https:\/\/www.hydraulic-cylinders.net\/wp-content\/uploads\/2025\/01\/songte-chushion-collar.webp\"><\/p>\n<h3>G\u00fcvenlik Hususlar\u0131 ve \u00c7evresel Fakt\u00f6rler<\/h3>\n<p>Kova silindirleri kullan\u0131l\u0131rken, kazalar\u0131 \u00f6nlemek ve i\u015f\u00e7i g\u00fcvenli\u011fini sa\u011flamak i\u00e7in koruyucu ekipman giymek ve do\u011fru \u00e7al\u0131\u015fma prosed\u00fcrlerini takip etmek gibi g\u00fcvenlik \u00f6nlemlerine uymak \u00f6nemlidir. Ayr\u0131ca, optimum performans sa\u011flamak i\u00e7in s\u0131cakl\u0131k ve nem gibi \u00e7evresel fakt\u00f6rler de dikkate al\u0131nmal\u0131d\u0131r.<\/p>\n<h3>Sorun Giderme ve Yayg\u0131n Sorunlar<\/h3>\n<p>Koval\u0131 silindirlerin kullan\u0131m\u0131nda s\u0131k\u00e7a kar\u015f\u0131la\u015f\u0131labilecek sorunlar \u015funlard\u0131r:<\/p>\n<ul>\n<li>S\u0131z\u0131nt\u0131<\/li>\n<li>Yap\u0131\u015fmak<\/li>\n<li>D\u00fc\u015f\u00fck verimlilik<\/li>\n<li>Anormal g\u00fcr\u00fclt\u00fc<\/li>\n<\/ul>\n<p>To troubleshoot these problems, it is recommended to check the sealing parts, lubrication, and other factors that may affect the cylinder&#8217;s performance. Proper maintenance and inspection can also reduce the likelihood of these problems occurring.<\/p>\n<p><img decoding=\"async\" src=\"https:\/\/www.hydraulic-cylinders.net\/wp-content\/uploads\/2025\/01\/songte-bushings-with-all-kinds-of-excavator-models.webp\"><\/p>\n<h3>\u015eirketimiz Hakk\u0131nda<\/h3>\n<p>Firmam\u0131z, yurt i\u00e7i ve yurt d\u0131\u015f\u0131 pazarlarda hidrolik silindirlerin \u00f6nde gelen \u00fcreticisi ve toptanc\u0131s\u0131d\u0131r. M\u00fckemmel kalite ilkesini benimseyerek, ince i\u015f\u00e7ilik gerektiren at\u00f6lyelerin end\u00fcstriyel \u00fcretim y\u00f6netim stratejisine g\u00fcveniyoruz. At\u00f6lyenin \u00fcretim platformunu s\u00fcrekli geli\u015ftiriyor, \u00fcretim kalite rotas\u0131n\u0131 iyile\u015ftiriyor ve \u00e7e\u015fitli m\u00fc\u015fteri ihtiya\u00e7lar\u0131n\u0131 kar\u015f\u0131lamak i\u00e7in g\u00fc\u00e7l\u00fc bir yarat\u0131c\u0131l\u0131k yetene\u011fine sahibiz. \u00dcr\u00fcnlerimiz \u00f6zelle\u015ftirilebilir ve m\u00fc\u015fterinin \u00f6zel gereksinimlerini kar\u015f\u0131layacak \u015fekilde uyarlanabilir. Profesyonel ve \u00f6zelle\u015ftirilmi\u015f hizmetler sunuyoruz ve \u00fcr\u00fcnlerimiz uluslararas\u0131 sertifikal\u0131d\u0131r. En iyi \u00fcr\u00fcn kalitesini sa\u011flamak i\u00e7in \u00fcst d\u00fczey dijital \u00fcretim ekipmanlar\u0131 ve profesyonel test sistemleri kullan\u0131yoruz. Ayr\u0131ca \u00fcr\u00fcnlerimizin \u00f6mr\u00fcn\u00fc uzatmak i\u00e7in bak\u0131m, onar\u0131m ve yeniden yap\u0131land\u0131rma hizmetleri de sunuyoruz. Y\u00fcksek kaliteli \u00fcr\u00fcnler ve m\u00fckemmel m\u00fc\u015fteri hizmeti sunma taahh\u00fcd\u00fcm\u00fczle gurur duyuyoruz.<\/p>\n<p><img decoding=\"async\" src=\"https:\/\/hzpt.com\/wp-content\/uploads\/2024\/11\/songte-company-1.webp\"><\/p>\n<p>Yazar: lyl<\/p>","protected":false},"excerpt":{"rendered":"<p>Bucket Cylinder For Caterpillar Small Excavator E307E Introduction A bucket cylinder is a specially designed hydraulic cylinder primarily used to control the movement of buckets in heavy machinery such as excavators, backhoes, and front-end loaders. Its main function is to enable the bucket to lift, lower, and tilt, making it easier to perform various material [&hellip;]<\/p>","protected":false},"featured_media":14776,"comment_status":"open","ping_status":"closed","template":"","meta":{"_et_pb_use_builder":"","_et_pb_old_content":"","_et_gb_content_width":""},"product_brand":[],"product_cat":[1494],"product_tag":[1495,1496],"class_list":{"0":"post-15215","1":"product","2":"type-product","3":"status-publish","4":"has-post-thumbnail","6":"product_cat-bucket-cylinders","7":"product_tag-bucket-cylinders","8":"product_tag-hydraulic-cylinders","10":"first","11":"instock","12":"shipping-taxable","13":"product-type-simple"},"amp_enabled":true,"_links":{"self":[{"href":"https:\/\/www.hydraulic-cylinders.net\/tr\/wp-json\/wp\/v2\/product\/15215","targetHints":{"allow":["GET"]}}],"collection":[{"href":"https:\/\/www.hydraulic-cylinders.net\/tr\/wp-json\/wp\/v2\/product"}],"about":[{"href":"https:\/\/www.hydraulic-cylinders.net\/tr\/wp-json\/wp\/v2\/types\/product"}],"replies":[{"embeddable":true,"href":"https:\/\/www.hydraulic-cylinders.net\/tr\/wp-json\/wp\/v2\/comments?post=15215"}],"wp:featuredmedia":[{"embeddable":true,"href":"https:\/\/www.hydraulic-cylinders.net\/tr\/wp-json\/wp\/v2\/media\/14776"}],"wp:attachment":[{"href":"https:\/\/www.hydraulic-cylinders.net\/tr\/wp-json\/wp\/v2\/media?parent=15215"}],"wp:term":[{"taxonomy":"product_brand","embeddable":true,"href":"https:\/\/www.hydraulic-cylinders.net\/tr\/wp-json\/wp\/v2\/product_brand?post=15215"},{"taxonomy":"product_cat","embeddable":true,"href":"https:\/\/www.hydraulic-cylinders.net\/tr\/wp-json\/wp\/v2\/product_cat?post=15215"},{"taxonomy":"product_tag","embeddable":true,"href":"https:\/\/www.hydraulic-cylinders.net\/tr\/wp-json\/wp\/v2\/product_tag?post=15215"}],"curies":[{"name":"wp","href":"https:\/\/api.w.org\/{rel}","templated":true}]}}