{"id":15219,"date":"2025-01-19T14:15:18","date_gmt":"2025-01-19T14:15:18","guid":{"rendered":"https:\/\/www.hydraulic-cylinders.net\/product\/bucket-cylinder-for-caterpillar-small-excavator-e301-7dcr\/"},"modified":"2025-01-19T14:15:20","modified_gmt":"2025-01-19T14:15:20","slug":"bucket-cylinder-for-caterpillar-small-excavator-e301-7dcr","status":"publish","type":"product","link":"https:\/\/www.hydraulic-cylinders.net\/tr\/urun\/bucket-cylinder-for-caterpillar-small-excavator-e301-7dcr\/","title":{"rendered":"Caterpillar K\u00fc\u00e7\u00fck Ekskavat\u00f6r E301.7DCR \u0130\u00e7in Kova Silindiri"},"content":{"rendered":"<h1>Caterpillar K\u00fc\u00e7\u00fck Ekskavat\u00f6r E301.7DCR \u0130\u00e7in Kova Silindiri<\/h1>\n<h2>girii\u015f<\/h2>\n<p>Caterpillar E301.7DCR k\u00fc\u00e7\u00fck ekskavat\u00f6r i\u00e7in kova silindiri, ekskavat\u00f6rler, kaz\u0131c\u0131 ekskavat\u00f6rler ve \u00f6n y\u00fckleyiciler gibi a\u011f\u0131r makinelerde kovalar\u0131n hareketini kontrol etmek i\u00e7in kullan\u0131lan \u00f6zel bir hidrolik silindirdir. Ana i\u015flevi, kovan\u0131n kald\u0131r\u0131lmas\u0131n\u0131, indirilmesini ve e\u011filmesini sa\u011flayarak \u00e7e\u015fitli malzemelerin ta\u015f\u0131nmas\u0131n\u0131 kolayla\u015ft\u0131rmakt\u0131r. Hidrolik sistemlerde, kova silindiri, hidrolik ya\u011f\u0131n bas\u0131n\u00e7 de\u011fi\u015fikliklerini kullanarak kovan\u0131n hassas kontrol\u00fcn\u00fc sa\u011flar ve operat\u00f6r\u00fcn a\u011f\u0131r nesneleri verimli bir \u015fekilde ta\u015f\u0131mas\u0131n\u0131, karma\u015f\u0131k \u00e7al\u0131\u015fma ortamlar\u0131na ve \u00e7e\u015fitli operasyonel gereksinimlere uyum sa\u011flamas\u0131n\u0131 m\u00fcmk\u00fcn k\u0131lar. <\/p>\n<p><img decoding=\"async\" src=\"https:\/\/www.hydraulic-cylinders.net\/wp-content\/uploads\/2025\/01\/songte-company-2.webp\" alt=\"Kova Silindiri G\u00f6r\u00fcnt\u00fcs\u00fc\"><\/p>\n<h2>\u00d6zellikler<\/h2>\n<ul>\n<li>\n<h3>Y\u00fcksek mukavemet ve dayan\u0131kl\u0131l\u0131k:<\/h3>\n<p> Genellikle y\u00fcksek mukavemetli \u00e7elik veya al\u00fcminyumdan yap\u0131lan bu malzeme, y\u00fcksek bas\u0131nca ve a\u011f\u0131r y\u00fcklere dayanabilir, zorlu \u00e7al\u0131\u015fma ortamlar\u0131na uyum sa\u011flayabilir ve kullan\u0131m \u00f6mr\u00fcn\u00fc uzatmak i\u00e7in a\u015f\u0131nma direnci ve korozyon direnci \u00f6zellikleri tasar\u0131m\u0131nda dikkate al\u0131nm\u0131\u015ft\u0131r.<\/li>\n<li>\n<h3>Verimli hidrolik \u00e7al\u0131\u015fma:<\/h3>\n<p> Hidrolik ya\u011f\u0131n bas\u0131nc\u0131n\u0131 kullanarak d\u00fczg\u00fcn genle\u015fme ve b\u00fcz\u00fclme hareketleri ger\u00e7ekle\u015ftirir, kontrol komutlar\u0131na h\u0131zl\u0131 yan\u0131t verebilir, g\u00fc\u00e7l\u00fc itme ve \u00e7ekme kuvveti sa\u011flayabilir ve a\u011f\u0131r nesnelerin ve karma\u015f\u0131k operasyonel g\u00f6revlerin ta\u015f\u0131nmas\u0131 i\u00e7in uygundur.<\/li>\n<li>\n<h3>\u00c7e\u015fitli t\u00fcrler:<\/h3>\n<p> Operasyonel ihtiya\u00e7lara g\u00f6re tek etkili (hidrolik sadece tek y\u00f6nde kullan\u0131l\u0131r) veya \u00e7ift etkili (hidrolik her iki y\u00f6nde kullan\u0131l\u0131r) silindirler se\u00e7ilebilir. Baz\u0131 modeller teleskopiktir ve d\u0131\u015f boyutlar\u0131 art\u0131rmadan daha fazla uzatmaya olanak tan\u0131yarak s\u0131n\u0131rl\u0131 alan uygulamalar\u0131 i\u00e7in uygundur.<\/li>\n<li>\n<h3>\u00d6zelle\u015ftirilebilir:<\/h3>\n<p> Biz bu \u00fcr\u00fcn\u00fc \u00fcretebiliyoruz ve \u00fcr\u00fcn\u00fcm\u00fcz bu hidrolik silindirlerin yerini m\u00fckemmel bir \u015fekilde alabiliyor.<\/li>\n<\/ul>\n<p><img decoding=\"async\" src=\"https:\/\/www.hydraulic-cylinders.net\/wp-content\/uploads\/2025\/01\/songte-cylinder-head-with-all-kinds-excavator-models.webp\" alt=\"\u00d6zelle\u015ftirilebilir \u00dcr\u00fcn G\u00f6rseli\"><\/p>\n<h2>Uygulamalar<\/h2>\n<p>Caterpillar E301.7DCR k\u00fc\u00e7\u00fck ekskavat\u00f6r i\u00e7in kova silindiri, in\u015faat ekipmanlar\u0131, tar\u0131m makineleri, ekskavat\u00f6rler ve \u00f6n y\u00fckleyiciler gibi \u00e7e\u015fitli sekt\u00f6rlerde kullan\u0131labilir.<\/p>\n<ul>\n<li>\n<h3>\u0130n\u015faat Ekipmanlar\u0131:<\/h3>\n<p> Ekskavat\u00f6rlerde, toprak veya moloz kazma, y\u00fckleme ve ta\u015f\u0131ma i\u015flemlerinde kova silindiri olmazsa olmazd\u0131r. Kaz\u0131c\u0131 ekskavat\u00f6rlerde ise kova silindiri hem kazma hem de kald\u0131rma i\u015flemlerine yard\u0131mc\u0131 olur. <\/li>\n<li>\n<h3>Tar\u0131m Makinalar\u0131:<\/h3>\n<p> \u00d6n y\u00fckleyicilerde kullan\u0131lan bu par\u00e7alar, toprak, saman ve di\u011fer malzemelerin kep\u00e7eyle al\u0131nmas\u0131na, kald\u0131r\u0131lmas\u0131na ve ta\u015f\u0131nmas\u0131na yard\u0131mc\u0131 olur.<\/li>\n<li>\n<h3>Ekskavat\u00f6rler:<\/h3>\n<p> Kep\u00e7e silindiri, kep\u00e7enin topra\u011fa n\u00fcfuz etmesini sa\u011flayarak kazma i\u015flemini m\u00fcmk\u00fcn k\u0131lar. <\/li>\n<li>\n<h3>\u00d6n y\u00fckleyiciler:<\/h3>\n<p> \u00d6n y\u00fckleyicilerde, mallar\u0131n etkili bir \u015fekilde kald\u0131r\u0131lmas\u0131na ve bo\u015falt\u0131lmas\u0131na yard\u0131mc\u0131 olurlar. <\/li>\n<\/ul>\n<h2>Tasar\u0131m Hususlar\u0131 ve Se\u00e7im Kriterleri<\/h2>\n<ul>\n<li>\n<h3>Ta\u015f\u0131ma kapasitesi:<\/h3>\n<p> Hidrolik silindir, a\u011f\u0131r y\u00fcklerin neden oldu\u011fu gerilime dayanabilecek kadar g\u00fc\u00e7l\u00fc olmal\u0131d\u0131r.<\/li>\n<li>\n<h3>S\u0131zd\u0131rmazl\u0131k:<\/h3>\n<p> Piston contalar\u0131, mil contalar\u0131, silecek contalar\u0131 ve a\u015f\u0131nma halkalar\u0131 gibi \u00e7e\u015fitli s\u0131zd\u0131rmazl\u0131k bile\u015fenleri dikkatlice se\u00e7ilmelidir. Uzun hizmet \u00f6mr\u00fc sa\u011flamak i\u00e7in poli\u00fcretan veya nitril kau\u00e7uk gibi a\u015f\u0131nmaya dayan\u0131kl\u0131 malzemelerden yap\u0131lm\u0131\u015f olmalar\u0131 gerekir. <\/li>\n<li>\n<h3>Dayan\u0131kl\u0131l\u0131k:<\/h3>\n<p> A\u015f\u0131nma direncini art\u0131rmak i\u00e7in silindir g\u00f6vdesi ve di\u015fli u\u00e7 y\u00fczeyleri hassas bir \u015fekilde i\u015flenmelidir. <\/li>\n<li>\n<h3>Emniyet:<\/h3>\n<p> Kazalara yol a\u00e7abilecek hidrolik sistem ar\u0131zalar\u0131n\u0131 \u00f6nlemek i\u00e7in t\u00fcm silindirlerin g\u00fcvenlik standartlar\u0131na uygun olmas\u0131 gerekir.<\/li>\n<li>\n<h3>Bak\u0131m kolayl\u0131\u011f\u0131:<\/h3>\n<p> Hidrolik silindir tasar\u0131m\u0131nda, kolay onar\u0131m ve bak\u0131m sa\u011flamak amac\u0131yla bak\u0131m kolayl\u0131\u011f\u0131 g\u00f6z \u00f6n\u00fcnde bulundurulmal\u0131d\u0131r.<\/li>\n<\/ul>\n<p><img decoding=\"async\" src=\"https:\/\/www.hydraulic-cylinders.net\/wp-content\/uploads\/2025\/01\/songte-oil-pipes-and-spare-parts.webp\" alt=\"Yedek Par\u00e7a G\u00f6rseli\"><\/p>\n<h2>S\u0131zd\u0131rmazl\u0131k ve Ya\u011flama<\/h2>\n<p>Piston contalar\u0131ndan mil contalar\u0131na, silecek contalar\u0131na ve a\u015f\u0131nma halkalar\u0131na kadar geni\u015f bir yelpazede s\u0131zd\u0131rmazl\u0131k bile\u015fenleri kullan\u0131lmal\u0131d\u0131r. Uzun hizmet \u00f6mr\u00fc sa\u011flamak i\u00e7in poli\u00fcretan veya nitril kau\u00e7uk gibi a\u015f\u0131nmaya dayan\u0131kl\u0131 malzemelerden yap\u0131lmal\u0131d\u0131rlar. Silindir g\u00f6vdesi ve di\u015fli u\u00e7 y\u00fczeyleri, a\u015f\u0131nma direncini art\u0131rmak i\u00e7in hassas bir \u015fekilde i\u015flenmelidir. Hidrolik silindirin d\u00fczg\u00fcn \u00e7al\u0131\u015fmas\u0131 i\u00e7in d\u00fczenli ya\u011flama \u015fartt\u0131r. Bile\u015fenleri ya\u011flamak ve iyi \u00e7al\u0131\u015fma ko\u015fullar\u0131nda tutmak i\u00e7in d\u00fczenli aral\u0131klarla hidrolik ya\u011f eklenmelidir.<\/p>\n<h2>Bak\u0131m ve Onar\u0131m<\/h2>\n<p>Hidrolik silindirin uzun \u00f6m\u00fcrl\u00fc olmas\u0131 i\u00e7in d\u00fczenli bak\u0131m \u015fartt\u0131r. Silindirin d\u00fczenli olarak kontrol edilmesi ve bak\u0131m\u0131n\u0131n yap\u0131lmas\u0131 \u00f6nerilir. D\u00fczenli bak\u0131m i\u015flemleri aras\u0131nda ya\u011flama, conta de\u011fi\u015fimi ve kalibrasyon kontrolleri yer alabilir. Silindirin do\u011fru montaj\u0131 ve hizalanmas\u0131, optimum performans i\u00e7in \u00e7ok \u00f6nemlidir. Do\u011fru bak\u0131m ve onar\u0131m prosed\u00fcrleri, sorunlar\u0131n te\u015fhisinde ve \u00e7\u00f6z\u00fcm\u00fcnde yard\u0131mc\u0131 olabilir.<\/p>\n<p><img decoding=\"async\" src=\"https:\/\/www.hydraulic-cylinders.net\/wp-content\/uploads\/2025\/01\/songte-chushion-collar.webp\" alt=\"Bak\u0131m G\u00f6r\u00fcnt\u00fcs\u00fc\"><\/p>\n<h2>G\u00fcvenlik Hususlar\u0131 ve \u00c7evresel Fakt\u00f6rler<\/h2>\n<p>Hidrolik silindirler kullan\u0131l\u0131rken, kazalar\u0131 \u00f6nlemek i\u00e7in g\u00fcvenlik \u00f6nlemleri al\u0131nmal\u0131d\u0131r. G\u00fcvenlik y\u00f6nergelerine ve d\u00fczenlemelerine dikkatlice uyulmas\u0131 \u015fartt\u0131r. Hidrolik sistemlerin g\u00fcvenli ve i\u015flevsel kalmas\u0131n\u0131 sa\u011flamak i\u00e7in d\u00fczenli olarak s\u0131z\u0131nt\u0131, korozyon ve di\u011fer a\u015f\u0131nma belirtileri a\u00e7\u0131s\u0131ndan kontrol edilmesi gerekir. <\/p>\n<p><img decoding=\"async\" src=\"https:\/\/hzpt.com\/wp-content\/uploads\/2024\/11\/songte-company-1.webp\" alt=\"G\u00fcvenlik G\u00f6r\u00fcnt\u00fcs\u00fc\"><\/p>\n<h2>Yayg\u0131n Sorunlar ve Sorun Giderme<\/h2>\n<ul>\n<li>\n<h3>S\u0131z\u0131nt\u0131:<\/h3>\n<p> En s\u0131k kar\u015f\u0131la\u015f\u0131lan sorunlardan biri hidrolik silindirden ya\u011f s\u0131z\u0131nt\u0131s\u0131d\u0131r. Bu durum ar\u0131zal\u0131 contalardan veya a\u015f\u0131nm\u0131\u015f par\u00e7alardan kaynaklanabilir. S\u0131z\u0131nt\u0131y\u0131 \u00f6nlemek i\u00e7in t\u00fcm contalar d\u00fczenli olarak kontrol edilmeli ve gerekti\u011finde de\u011fi\u015ftirilmelidir. <\/li>\n<li>\n<h3>Yava\u015f \u00c7al\u0131\u015fma:<\/h3>\n<p> Hidrolik silindirlerin yava\u015f \u00e7al\u0131\u015fmas\u0131na d\u00fc\u015f\u00fck hidrolik bas\u0131n\u00e7, t\u0131kanm\u0131\u015f veya kirli hidrolik filtre veya a\u015f\u0131nm\u0131\u015f par\u00e7alar gibi \u00e7e\u015fitli fakt\u00f6rler neden olabilir. Sorunun temel nedenini belirlemek i\u00e7in hidrolik sistem kontrol edilmelidir. <\/li>\n<li>\n<h3>A\u015f\u0131r\u0131 G\u00fcr\u00fclt\u00fc:<\/h3>\n<p> A\u015f\u0131r\u0131 g\u00fcr\u00fclt\u00fc, hidrolik sistemde hava bulunmas\u0131ndan veya a\u015f\u0131nm\u0131\u015f bir hidrolik silindirden kaynaklanabilir. Sistemdeki hava bo\u015falt\u0131lmal\u0131 ve hidrolik silindirde herhangi bir a\u015f\u0131nma veya y\u0131pranma belirtisi olup olmad\u0131\u011f\u0131 kontrol edilmelidir.<\/li>\n<\/ul>\n<p>Bu sorunlar\u0131n \u00f6n\u00fcne ge\u00e7mek i\u00e7in \u00f6nleyici tedbirler al\u0131nmal\u0131d\u0131r. Bunlar aras\u0131nda ya\u011flama, temizlik ve conta de\u011fi\u015fimi gibi d\u00fczenli bak\u0131m i\u015flemleri yer alabilir. <\/p>\n<p><img decoding=\"async\" src=\"https:\/\/www.hydraulic-cylinders.net\/wp-content\/uploads\/2025\/01\/songte-bushings-with-all-kinds-of-excavator-models.webp\" alt=\"Sorun Giderme G\u00f6r\u00fcnt\u00fcs\u00fc\"><\/p>\n<h2>\u015eirketimiz Hakk\u0131nda<\/h2>\n<p>Mevcut hidrolik silindirlerin yerine ge\u00e7ebilecek hidrolik silindirler \u00fcreten bir firmay\u0131z. Geni\u015f \u00fcr\u00fcn yelpazesiyle hem yurt i\u00e7i hem de yurt d\u0131\u015f\u0131 pazarlarda \u00f6nde gelen hidrolik silindir \u00fcreticilerinden ve toptanc\u0131lar\u0131ndan biri haline geldik. M\u00fckemmel kalite ilkesini benimsiyor ve ince i\u015f\u00e7ilik gerektiren \u00fcretim at\u00f6lyelerinin end\u00fcstriyel \u00fcretim y\u00f6netim stratejisine g\u00fcveniyoruz. \u00dcr\u00fcnlerimiz, y\u00fcksek teknoloji \u00fcr\u00fcn\u00fc dijital \u00fcretim ekipmanlar\u0131 ve profesyonel test sistemleri kullan\u0131larak \u00fcretilmekte olup, \u00fcr\u00fcn kalitesini art\u0131rmak i\u00e7in \u00fcretim hatlar\u0131m\u0131z\u0131 s\u00fcrekli geli\u015ftiriyoruz. \u00c7e\u015fitli m\u00fc\u015fteri ihtiya\u00e7lar\u0131n\u0131 kar\u015f\u0131lamak i\u00e7in y\u00fcksek verimlilik, y\u00fcksek hassasiyet ve y\u00fcksek kaliteyle \u00fcretim yapma konusunda g\u00fc\u00e7l\u00fc bir yetene\u011fe sahibiz. <\/p>\n<p><img decoding=\"async\" src=\"https:\/\/www.hydraulic-cylinders.net\/wp-content\/uploads\/2025\/01\/songte-company-3.webp\" alt=\"\u015eirket \u0130maj\u0131\"><\/p>\n<h2>Profesyonellik, Uluslararas\u0131 Sertifikasyon, \u00d6zelle\u015ftirme Hizmetleri, \u00dcretim Ekipmanlar\u0131 ve Sat\u0131\u015f Sonras\u0131 Hizmetler<\/h2>\n<ul>\n<li>\n<h3>Profesyonellik:<\/h3>\n<p> Profesyonel bir teknik ekibimiz ve y\u00fcksek kaliteli \u00fcr\u00fcn \u00fcretim ekibimiz var.<\/li>\n<li>\n<h3>Uluslararas\u0131 Sertifikasyon:<\/h3>\n<p> \u00dcr\u00fcnlerimiz ISO9001 ve CE gibi uluslararas\u0131 sertifikalara sahiptir.<\/li>\n<li>\n<h3>\u00d6zelle\u015ftirme Hizmetleri:<\/h3>\n<p> M\u00fc\u015fteri ihtiya\u00e7lar\u0131na ve teknik gereksinimlerine g\u00f6re \u00f6zelle\u015ftirilmi\u015f \u00fcr\u00fcnler sa\u011flayabiliriz.<\/li>\n<li>\n<h3>\u00dcretim Ekipmanlar\u0131:<\/h3>\n<p> \u00dcr\u00fcn kalitesini art\u0131rmak i\u00e7in \u00fcst d\u00fczey dijital \u00fcretim ekipmanlar\u0131 ve profesyonel test sistemleri kullan\u0131yoruz.<\/li>\n<li>\n<h3>Sat\u0131\u015f Sonras\u0131 Hizmetler:<\/h3>\n<p> M\u00fc\u015fterilerimize \u00fcr\u00fcn bak\u0131m\u0131, teknik destek ve \u00fcr\u00fcn de\u011fi\u015ftirme hizmetleri de dahil olmak \u00fczere eksiksiz bir sat\u0131\u015f sonras\u0131 hizmet yelpazesi sunuyoruz.<\/li>\n<\/ul>\n<p>\u015eirketimiz, m\u00fc\u015fterilerine y\u00fcksek kaliteli hidrolik silindirler, profesyonel teknik destek ve m\u00fckemmel sat\u0131\u015f sonras\u0131 hizmetler sunmay\u0131 taahh\u00fct eder. <\/p>\n<p>Yazar: lyl.<\/p>","protected":false},"excerpt":{"rendered":"<p>Bucket Cylinder For Caterpillar Small Excavator E301.7DCR Introduction The Bucket Cylinder for Caterpillar Small Excavator E301.7DCR is a specialized hydraulic cylinder primarily used for controlling the movement of buckets in heavy machinery such as excavators, backhoe excavators, and front-end loaders. Its main function is to enable the bucket to lift, lower, and tilt, making it [&hellip;]<\/p>","protected":false},"featured_media":14765,"comment_status":"open","ping_status":"closed","template":"","meta":{"_et_pb_use_builder":"","_et_pb_old_content":"","_et_gb_content_width":""},"product_brand":[],"product_cat":[1494],"product_tag":[1495,1496],"class_list":{"0":"post-15219","1":"product","2":"type-product","3":"status-publish","4":"has-post-thumbnail","6":"product_cat-bucket-cylinders","7":"product_tag-bucket-cylinders","8":"product_tag-hydraulic-cylinders","10":"first","11":"instock","12":"shipping-taxable","13":"product-type-simple"},"amp_enabled":true,"_links":{"self":[{"href":"https:\/\/www.hydraulic-cylinders.net\/tr\/wp-json\/wp\/v2\/product\/15219","targetHints":{"allow":["GET"]}}],"collection":[{"href":"https:\/\/www.hydraulic-cylinders.net\/tr\/wp-json\/wp\/v2\/product"}],"about":[{"href":"https:\/\/www.hydraulic-cylinders.net\/tr\/wp-json\/wp\/v2\/types\/product"}],"replies":[{"embeddable":true,"href":"https:\/\/www.hydraulic-cylinders.net\/tr\/wp-json\/wp\/v2\/comments?post=15219"}],"wp:featuredmedia":[{"embeddable":true,"href":"https:\/\/www.hydraulic-cylinders.net\/tr\/wp-json\/wp\/v2\/media\/14765"}],"wp:attachment":[{"href":"https:\/\/www.hydraulic-cylinders.net\/tr\/wp-json\/wp\/v2\/media?parent=15219"}],"wp:term":[{"taxonomy":"product_brand","embeddable":true,"href":"https:\/\/www.hydraulic-cylinders.net\/tr\/wp-json\/wp\/v2\/product_brand?post=15219"},{"taxonomy":"product_cat","embeddable":true,"href":"https:\/\/www.hydraulic-cylinders.net\/tr\/wp-json\/wp\/v2\/product_cat?post=15219"},{"taxonomy":"product_tag","embeddable":true,"href":"https:\/\/www.hydraulic-cylinders.net\/tr\/wp-json\/wp\/v2\/product_tag?post=15219"}],"curies":[{"name":"wp","href":"https:\/\/api.w.org\/{rel}","templated":true}]}}