{"id":15224,"date":"2025-01-19T14:15:37","date_gmt":"2025-01-19T14:15:37","guid":{"rendered":"https:\/\/www.hydraulic-cylinders.net\/product\/bucket-cylinder-for-caterpillar-small-excavator-e318dl\/"},"modified":"2025-01-19T14:15:39","modified_gmt":"2025-01-19T14:15:39","slug":"bucket-cylinder-for-caterpillar-small-excavator-e318dl","status":"publish","type":"product","link":"https:\/\/www.hydraulic-cylinders.net\/tr\/urun\/bucket-cylinder-for-caterpillar-small-excavator-e318dl\/","title":{"rendered":"Caterpillar E318DL K\u00fc\u00e7\u00fck Ekskavat\u00f6r \u0130\u00e7in Kep\u00e7e Silindiri"},"content":{"rendered":"<h1>Caterpillar E318DL K\u00fc\u00e7\u00fck Ekskavat\u00f6r \u0130\u00e7in Kep\u00e7e Silindiri<\/h1>\n<h2>girii\u015f<\/h2>\n<p>Caterpillar E318DL k\u00fc\u00e7\u00fck ekskavat\u00f6r i\u00e7in \u00f6zel olarak tasarlanm\u0131\u015f kep\u00e7e silindiri, ekskavat\u00f6rler, kaz\u0131c\u0131 ekskavat\u00f6rler ve \u00f6n y\u00fckleyiciler gibi a\u011f\u0131r makinelerde kep\u00e7enin hareketini kontrol etmek i\u00e7in kullan\u0131l\u0131r. Ana i\u015flevi, kep\u00e7enin kald\u0131r\u0131lmas\u0131n\u0131, indirilmesini ve e\u011filmesini sa\u011flayarak farkl\u0131 malzemelerin ta\u015f\u0131nmas\u0131n\u0131 kolayla\u015ft\u0131rmakt\u0131r. Hidrolik sistemde, kep\u00e7e silindiri hidrolik ya\u011f bas\u0131nc\u0131n\u0131 de\u011fi\u015ftirerek kep\u00e7enin hareketlerini hassas bir \u015fekilde kontrol eder ve operat\u00f6r\u00fcn a\u011f\u0131r y\u00fckleri verimli bir \u015fekilde ta\u015f\u0131mas\u0131na, karma\u015f\u0131k \u00e7al\u0131\u015fma ortamlar\u0131na ve \u00e7e\u015fitli operasyonel ihtiya\u00e7lara uyum sa\u011flamas\u0131na olanak tan\u0131r.<\/p>\n<p><img decoding=\"async\" src=\"https:\/\/www.hydraulic-cylinders.net\/wp-content\/uploads\/2025\/01\/songte-company-2.webp\" alt=\"Kova Silindiri G\u00f6r\u00fcnt\u00fcs\u00fc\"><\/p>\n<h2>\u00dcr\u00fcn \u00d6zellikleri<\/h2>\n<ul>\n<li>Y\u00fcksek Mukavemet ve Dayan\u0131kl\u0131l\u0131k: Y\u00fcksek mukavemetli \u00e7elik veya al\u00fcminyumdan \u00fcretilen bu \u00fcr\u00fcn, y\u00fcksek bas\u0131nca ve a\u011f\u0131r y\u00fcklere dayanabilir ve zorlu \u00e7al\u0131\u015fma ortamlar\u0131na uyum sa\u011flar. A\u015f\u0131nma ve korozyon direnci g\u00f6z \u00f6n\u00fcnde bulundurularak tasarlanan \u00fcr\u00fcn\u00fcn kullan\u0131m \u00f6mr\u00fc uzat\u0131lm\u0131\u015ft\u0131r.<\/li>\n<li>Verimli Hidrolik \u00c7al\u0131\u015fma: Hidrolik ya\u011f bas\u0131nc\u0131n\u0131 kullanarak d\u00fczg\u00fcn, teleskopik hareketler sa\u011flar, kontrol komutlar\u0131na h\u0131zl\u0131 yan\u0131t verir ve g\u00fc\u00e7l\u00fc itme ve \u00e7ekme kuvveti sunar; bu da a\u011f\u0131r y\u00fcklerin ve karma\u015f\u0131k operasyonel g\u00f6revlerin \u00fcstesinden gelmek i\u00e7in uygundur.<\/li>\n<li>\u00c7e\u015fitli Tipler: Silindir tipleri, tek etkili (hidroli\u011fin yaln\u0131zca tek y\u00f6nde kullan\u0131ld\u0131\u011f\u0131) veya \u00e7ift etkili (hidroli\u011fin her iki y\u00f6nde de kullan\u0131ld\u0131\u011f\u0131) silindirler gibi operasyonel ihtiya\u00e7lara g\u00f6re se\u00e7ilebilir. Baz\u0131 modeller geni\u015fletilebilir olup, d\u0131\u015f boyut artmadan daha fazla uzatmaya olanak tan\u0131r ve s\u0131n\u0131rl\u0131 alana sahip uygulamalar i\u00e7in uygundur.<\/li>\n<li>\u015eirketimiz Taraf\u0131ndan \u00dcretilebilir: \u00dcr\u00fcnlerimiz bu hidrolik silindirlerin yerini m\u00fckemmel \u015fekilde alabilir.<\/li>\n<\/ul>\n<p><img decoding=\"async\" src=\"https:\/\/www.hydraulic-cylinders.net\/wp-content\/uploads\/2025\/01\/songte-cylinder-head-with-all-kinds-excavator-models.webp\" alt=\"Kova Silindiri De\u011fi\u015ftirme G\u00f6rseli\"><\/p>\n<h2>Uygulamalar<\/h2>\n<p>Caterpillar E318DL k\u00fc\u00e7\u00fck ekskavat\u00f6r i\u00e7in kova silindiri, a\u015fa\u011f\u0131dakiler gibi \u00e7e\u015fitli a\u011f\u0131r makinelerde yayg\u0131n olarak kullan\u0131lmaktad\u0131r:<\/p>\n<ul>\n<li>\u0130n\u015faat Ekipmanlar\u0131: Ekskavat\u00f6rlerde, toprak veya moloz kazma, y\u00fckleme ve ta\u015f\u0131ma i\u015flemlerinde hayati \u00f6neme sahiptirler. Kaz\u0131c\u0131 ekskavat\u00f6rlerde ise kova silindirleri kazma ve kald\u0131rma i\u015flemlerine yard\u0131mc\u0131 olur. <\/li>\n<li>Tar\u0131m Makineleri: \u00d6n y\u00fckleyiciler, toprak, saman ve di\u011fer malzemelerin toplanmas\u0131, kald\u0131r\u0131lmas\u0131 ve ta\u015f\u0131nmas\u0131 i\u00e7in kullan\u0131l\u0131r. <\/li>\n<li>Ekskavat\u00f6rler: Kep\u00e7e silindirleri, kep\u00e7enin topra\u011fa n\u00fcfuz etmesini sa\u011flayarak kaz\u0131 i\u015flemlerini m\u00fcmk\u00fcn k\u0131lar. <\/li>\n<li>Y\u00fckleyiciler: \u00d6n y\u00fckleyicilerde, mallar\u0131n etkili bir \u015fekilde kald\u0131r\u0131lmas\u0131na ve bo\u015falt\u0131lmas\u0131na yard\u0131mc\u0131 olurlar. <\/li>\n<\/ul>\n<h2>Tasar\u0131m Hususlar\u0131 ve Se\u00e7im Kriterleri<\/h2>\n<p>Caterpillar E318DL k\u00fc\u00e7\u00fck ekskavat\u00f6r i\u00e7in kova silindirinin tasar\u0131m\u0131nda a\u015fa\u011f\u0131daki fakt\u00f6rler dikkate al\u0131nm\u0131\u015ft\u0131r:<\/p>\n<ul>\n<li>Ta\u015f\u0131ma Kapasitesi: Silindir, b\u00fck\u00fclmeden veya k\u0131r\u0131lmadan y\u00fck\u00fcn a\u011f\u0131rl\u0131\u011f\u0131n\u0131 ta\u015f\u0131yabilecek yeterli ta\u015f\u0131ma kapasitesine sahip olmal\u0131d\u0131r. <\/li>\n<li>S\u0131zd\u0131rmazl\u0131k: Silindirin, hidrolik ya\u011f s\u0131z\u0131nt\u0131lar\u0131n\u0131 \u00f6nlemek i\u00e7in s\u0131zd\u0131rmaz hale getirilmesi gerekir; aksi takdirde silindir ve di\u011fer makine par\u00e7alar\u0131 hasar g\u00f6rebilir.<\/li>\n<li>Dayan\u0131kl\u0131l\u0131k: Silindir dayan\u0131kl\u0131 olmal\u0131 ve s\u00fcrekli kullan\u0131mdan, zorlu \u00e7al\u0131\u015fma ortamlar\u0131ndan ve hava ko\u015fullar\u0131na maruz kalmaktan kaynaklanan a\u015f\u0131nmaya kar\u015f\u0131 diren\u00e7li olmal\u0131d\u0131r. <\/li>\n<li>G\u00fcvenlik: Silindir, acil durdurma butonlar\u0131, bas\u0131n\u00e7 tahliye vanalar\u0131 ve a\u015f\u0131r\u0131 y\u00fck korumas\u0131 gibi g\u00fcvenlik \u00f6zelliklerini de i\u00e7erecek \u015fekilde, g\u00fcvenlik g\u00f6z \u00f6n\u00fcnde bulundurularak tasarlanmal\u0131d\u0131r. <\/li>\n<li>Bak\u0131m Kolayl\u0131\u011f\u0131: Silindirin bak\u0131m\u0131 ve onar\u0131m\u0131 kolay olmal\u0131, a\u015f\u0131nm\u0131\u015f veya hasar g\u00f6rm\u00fc\u015f par\u00e7alar\u0131n h\u0131zl\u0131 ve kolay bir \u015fekilde de\u011fi\u015ftirilmesine olanak sa\u011flamal\u0131d\u0131r. <\/li>\n<\/ul>\n<p><img decoding=\"async\" src=\"https:\/\/www.hydraulic-cylinders.net\/wp-content\/uploads\/2025\/01\/songte-oil-pipes-and-spare-parts.webp\" alt=\"Kova Silindiri Par\u00e7alar\u0131 G\u00f6rseli\"><\/p>\n<h2>S\u0131zd\u0131rmazl\u0131k ve Ya\u011flama<\/h2>\n<p>Caterpillar E318DL k\u00fc\u00e7\u00fck ekskavat\u00f6r i\u00e7in kova silindiri, poli\u00fcretan ve nitril kau\u00e7uk gibi a\u015f\u0131nmaya dayan\u0131kl\u0131 malzemelerden yap\u0131lm\u0131\u015f piston contalar\u0131, mil contalar\u0131 vb. \u00e7e\u015fitli s\u0131zd\u0131rmazl\u0131k bile\u015fenleri kullan\u0131r. Silindirin g\u00f6vdesi ve di\u015fli u\u00e7lar\u0131, a\u015f\u0131nma direncini art\u0131rmak i\u00e7in hassas bir \u015fekilde i\u015flenmi\u015ftir. Silindirin d\u00fczg\u00fcn \u00e7al\u0131\u015fmas\u0131n\u0131 sa\u011flamak ve kullan\u0131m \u00f6mr\u00fcn\u00fc uzatmak i\u00e7in uygun hidrolik ya\u011f ile d\u00fczenli ya\u011flama gereklidir. <\/p>\n<h2>Bak\u0131m ve \u00d6nleyici Tedbirler<\/h2>\n<p>A\u015fa\u011f\u0131daki \u00f6nleyici tedbirler ve bak\u0131m g\u00f6revleri \u00f6nerilmektedir:<\/p>\n<ul>\n<li>D\u00fczenli Kontrol: Silindiri a\u015f\u0131nma, s\u0131z\u0131nt\u0131 ve di\u011fer hasar belirtileri a\u00e7\u0131s\u0131ndan d\u00fczenli olarak kontrol edin. <\/li>\n<li>Ya\u011flama: Silindiri d\u00fczenli olarak uygun hidrolik ya\u011f ile ya\u011flay\u0131n. <\/li>\n<li>Conta De\u011fi\u015fimi: Gerekti\u011finde silindir contalar\u0131n\u0131 de\u011fi\u015ftirin. <\/li>\n<li>Kalibrasyon Kontrol\u00fc: Do\u011fru \u00e7al\u0131\u015fmay\u0131 sa\u011flamak i\u00e7in silindirin kalibrasyonunu d\u00fczenli olarak kontrol edin. <\/li>\n<\/ul>\n<p><img decoding=\"async\" src=\"https:\/\/www.hydraulic-cylinders.net\/wp-content\/uploads\/2025\/01\/songte-chushion-collar.webp\" alt=\"Kova Silindiri Kurulum G\u00f6r\u00fcnt\u00fcs\u00fc\"><\/p>\n<h2>G\u00fcvenlik Hususlar\u0131 ve \u00c7evresel Fakt\u00f6rler<\/h2>\n<p>Caterpillar E318DL k\u00fc\u00e7\u00fck ekskavat\u00f6r i\u00e7in kova silindiri kullanan a\u011f\u0131r makinelerin \u00e7al\u0131\u015ft\u0131r\u0131lmas\u0131 s\u0131ras\u0131nda uygun g\u00fcvenlik \u00f6nlemleri al\u0131nmal\u0131d\u0131r. S\u0131cakl\u0131k, nem ve hava kalitesi gibi \u00e7evresel fakt\u00f6rler de silindirin \u00e7al\u0131\u015fmas\u0131n\u0131 etkileyebilir ve dikkate al\u0131nmal\u0131d\u0131r.<\/p>\n<h2>Yayg\u0131n Sorunlar ve Sorun Giderme<\/h2>\n<p>Caterpillar E318DL k\u00fc\u00e7\u00fck ekskavat\u00f6r\u00fcn\u00fcn kep\u00e7e silindirinde s\u0131k kar\u015f\u0131la\u015f\u0131lan sorunlar aras\u0131nda s\u0131z\u0131nt\u0131lar, a\u015f\u0131nm\u0131\u015f contalar ve kalibrasyon sorunlar\u0131 yer almaktad\u0131r. Sorun giderme ipu\u00e7lar\u0131 ve \u00e7\u00f6z\u00fcmleri aras\u0131nda hasarl\u0131 par\u00e7alar\u0131n de\u011fi\u015ftirilmesi, kalibrasyonun ayarlanmas\u0131 vb. yer alabilir. \u00d6nleyici tedbirler, potansiyel sorunlar\u0131 en aza indirmeye yard\u0131mc\u0131 olabilir.<\/p>\n<p><img decoding=\"async\" src=\"https:\/\/www.hydraulic-cylinders.net\/wp-content\/uploads\/2025\/01\/songte-bushings-with-all-kinds-of-excavator-models.webp\" alt=\"Kova Silindir Bur\u00e7lar\u0131 G\u00f6rseli\"><\/p>\n<h2>\u015eirketimiz Hakk\u0131nda<\/h2>\n<p>Yedek hidrolik silindir \u00fcreticisi olarak, geni\u015f bir \u00fcr\u00fcn yelpazesi sunuyoruz ve hem yurt i\u00e7i hem de uluslararas\u0131 pazarlarda hidrolik silindirlerin \u00f6nde gelen \u00fcretici ve toptanc\u0131lar\u0131ndan biri haline geldik. M\u00fckemmel kaliteyi ve end\u00fcstriyel \u00fcretim y\u00f6netim stratejilerini, ince i\u015f\u00e7ilik gerektiren \u00fcretim at\u00f6lyelerinden ba\u015flayarak, teknolojik yeteneklerimizi, \u00fcst d\u00fczey dijital \u00fcretim ekipmanlar\u0131m\u0131z\u0131 ve profesyonel test sistemimizi kullanarak s\u00fcrekli olarak geli\u015ftiriyor, \u00fcr\u00fcn kalitesi \u00fcretim hatt\u0131m\u0131z\u0131 m\u00fckemmelle\u015ftiriyor ve g\u00fc\u00e7l\u00fc bir yarat\u0131c\u0131l\u0131k yetene\u011fine sahibiz. Y\u00fcksek verimlilik, y\u00fcksek hassasiyet ve y\u00fcksek kalite ilkeleriyle m\u00fc\u015fterilerimizin \u00e7e\u015fitli ihtiya\u00e7lar\u0131n\u0131 kar\u015f\u0131l\u0131yoruz.<\/p>\n<ul>\n<li>Profesyonellik<\/li>\n<li>Uluslararas\u0131 Sertifikasyon<\/li>\n<li>\u00d6zelle\u015ftirme Hizmetleri<\/li>\n<li>\u00dcretim Ekipmanlar\u0131<\/li>\n<li>Sat\u0131\u015f Sonras\u0131 Hizmetler<\/li>\n<\/ul>\n<p><img decoding=\"async\" src=\"https:\/\/hzpt.com\/wp-content\/uploads\/2024\/11\/songte-company-1.webp\" alt=\"\u015eirket \u0130maj\u0131\"><\/p>\n<p>Yazar: lyl<\/p>","protected":false},"excerpt":{"rendered":"<p>Bucket Cylinder For Caterpillar Small Excavator E318DL Introduction The Bucket Cylinder for Caterpillar Small Excavator E318DL is a specially designed hydraulic cylinder used to control the movement of the bucket in heavy machinery such as excavators, backhoe excavators, and front loader machines. Its main function is to enable the bucket to lift, lower, and tilt, [&hellip;]<\/p>","protected":false},"featured_media":14787,"comment_status":"open","ping_status":"closed","template":"","meta":{"_et_pb_use_builder":"","_et_pb_old_content":"","_et_gb_content_width":""},"product_brand":[],"product_cat":[1494],"product_tag":[1495,1496],"class_list":{"0":"post-15224","1":"product","2":"type-product","3":"status-publish","4":"has-post-thumbnail","6":"product_cat-bucket-cylinders","7":"product_tag-bucket-cylinders","8":"product_tag-hydraulic-cylinders","10":"first","11":"instock","12":"shipping-taxable","13":"product-type-simple"},"amp_enabled":true,"_links":{"self":[{"href":"https:\/\/www.hydraulic-cylinders.net\/tr\/wp-json\/wp\/v2\/product\/15224","targetHints":{"allow":["GET"]}}],"collection":[{"href":"https:\/\/www.hydraulic-cylinders.net\/tr\/wp-json\/wp\/v2\/product"}],"about":[{"href":"https:\/\/www.hydraulic-cylinders.net\/tr\/wp-json\/wp\/v2\/types\/product"}],"replies":[{"embeddable":true,"href":"https:\/\/www.hydraulic-cylinders.net\/tr\/wp-json\/wp\/v2\/comments?post=15224"}],"wp:featuredmedia":[{"embeddable":true,"href":"https:\/\/www.hydraulic-cylinders.net\/tr\/wp-json\/wp\/v2\/media\/14787"}],"wp:attachment":[{"href":"https:\/\/www.hydraulic-cylinders.net\/tr\/wp-json\/wp\/v2\/media?parent=15224"}],"wp:term":[{"taxonomy":"product_brand","embeddable":true,"href":"https:\/\/www.hydraulic-cylinders.net\/tr\/wp-json\/wp\/v2\/product_brand?post=15224"},{"taxonomy":"product_cat","embeddable":true,"href":"https:\/\/www.hydraulic-cylinders.net\/tr\/wp-json\/wp\/v2\/product_cat?post=15224"},{"taxonomy":"product_tag","embeddable":true,"href":"https:\/\/www.hydraulic-cylinders.net\/tr\/wp-json\/wp\/v2\/product_tag?post=15224"}],"curies":[{"name":"wp","href":"https:\/\/api.w.org\/{rel}","templated":true}]}}