{"id":15225,"date":"2025-01-19T14:15:41","date_gmt":"2025-01-19T14:15:41","guid":{"rendered":"https:\/\/www.hydraulic-cylinders.net\/product\/bucket-cylinder-for-caterpillar-middle-excavator-e200b\/"},"modified":"2025-01-19T14:15:43","modified_gmt":"2025-01-19T14:15:43","slug":"bucket-cylinder-for-caterpillar-middle-excavator-e200b","status":"publish","type":"product","link":"https:\/\/www.hydraulic-cylinders.net\/tr\/urun\/bucket-cylinder-for-caterpillar-middle-excavator-e200b\/","title":{"rendered":"Caterpillar E200B Orta Boy Ekskavat\u00f6r \u0130\u00e7in Kep\u00e7e Silindiri"},"content":{"rendered":"<h1>Caterpillar E200B Orta Boy Ekskavat\u00f6r \u0130\u00e7in Kep\u00e7e Silindiri<\/h1>\n<h2>girii\u015f<\/h2>\n<p>Kep\u00e7e silindiri, ekskavat\u00f6rler, kaz\u0131c\u0131lar ve \u00f6n y\u00fckleyiciler gibi a\u011f\u0131r makinelerde kep\u00e7enin hareketini kontrol etmek i\u00e7in \u00f6zel olarak tasarlanm\u0131\u015f bir hidrolik silindir t\u00fcr\u00fcd\u00fcr. Ana i\u015flevi, kep\u00e7enin kald\u0131rma, indirme ve e\u011fme i\u015flemlerini ger\u00e7ekle\u015ftirmesini sa\u011flayarak \u00e7e\u015fitli malzeme ta\u015f\u0131ma g\u00f6revlerini kolayla\u015ft\u0131rmakt\u0131r. Hidrolik sistemde, kep\u00e7e silindiri hidrolik ya\u011f bas\u0131nc\u0131ndaki de\u011fi\u015fiklikler yoluyla kep\u00e7enin hareketinin hassas kontrol\u00fcn\u00fc sa\u011flar; bu da operat\u00f6rlerin a\u011f\u0131r y\u00fckleri verimli bir \u015fekilde ta\u015f\u0131mas\u0131na ve karma\u015f\u0131k \u00e7al\u0131\u015fma ortamlar\u0131na ve \u00e7e\u015fitli i\u015f gereksinimlerine uyum sa\u011flamas\u0131na olanak tan\u0131r.<\/p>\n<p><img decoding=\"async\" src=\"https:\/\/www.hydraulic-cylinders.net\/wp-content\/uploads\/2025\/01\/songte-company-2.webp\" alt=\"Kova Silindiri\"><\/p>\n<h2>\u00d6zellikler<\/h2>\n<ul>\n<li>Y\u00fcksek mukavemet ve dayan\u0131kl\u0131l\u0131k: Genellikle y\u00fcksek mukavemetli \u00e7elik veya al\u00fcminyumdan \u00fcretilen bu malzeme, y\u00fcksek bas\u0131nca ve a\u011f\u0131r y\u00fcklere dayanabilir ve zorlu \u00e7al\u0131\u015fma ortamlar\u0131na uyum sa\u011flar. A\u015f\u0131nma ve korozyon direnci g\u00f6z \u00f6n\u00fcnde bulundurularak tasarlanan bu malzeme, kullan\u0131m \u00f6mr\u00fcn\u00fc uzat\u0131r.<\/li>\n<li>Verimli hidrolik \u00e7al\u0131\u015fma: Hidrolik ya\u011f bas\u0131nc\u0131n\u0131 kullanarak d\u00fczg\u00fcn uzatma ve geri \u00e7ekme sa\u011flayan bu sistem, kontrol komutlar\u0131na h\u0131zl\u0131 yan\u0131t verebilir ve a\u011f\u0131r y\u00fcklerin ve karma\u015f\u0131k i\u015f g\u00f6revlerinin \u00fcstesinden gelmek i\u00e7in uygun g\u00fc\u00e7l\u00fc itme ve \u00e7ekme kuvveti sunar.<\/li>\n<li>\u00c7e\u015fitli tipler: Farkl\u0131 \u00e7al\u0131\u015fma gereksinimlerini kar\u015f\u0131lamak i\u00e7in ihtiya\u00e7lara g\u00f6re tek etkili (hidrolik sadece tek y\u00f6nde kullan\u0131l\u0131r) veya \u00e7ift etkili (hidrolik her iki y\u00f6nde kullan\u0131l\u0131r) silindirler se\u00e7ilebilir. Baz\u0131 modeller teleskopiktir ve d\u0131\u015f boyutlar\u0131 art\u0131rmadan daha fazla uzatmaya olanak tan\u0131r, bu da s\u0131n\u0131rl\u0131 alana sahip uygulamalar i\u00e7in uygundur.<\/li>\n<li>M\u00fckemmel yedek par\u00e7a: \u00dcr\u00fcn\u00fcm\u00fcz di\u011fer hidrolik silindirlerin yerine m\u00fckemmel \u015fekilde ge\u00e7ebilir.<\/li>\n<\/ul>\n<p><img decoding=\"async\" src=\"https:\/\/www.hydraulic-cylinders.net\/wp-content\/uploads\/2025\/01\/songte-cylinder-head-with-all-kinds-excavator-models.webp\" alt=\"Kova Silindiri De\u011fi\u015fimi\"><\/p>\n<h2>Uygulamalar<\/h2>\n<p>Kova silindirleri a\u015fa\u011f\u0131dakiler gibi \u00e7e\u015fitli uygulamalarda yayg\u0131n olarak kullan\u0131lmaktad\u0131r:<\/p>\n<ul>\n<li>\u0130n\u015faat ekipmanlar\u0131: Ekskavat\u00f6rlerde, toprak veya moloz kazma, y\u00fckleme ve ta\u015f\u0131ma i\u015flemlerinde kritik \u00f6neme sahiptirler. Kaz\u0131c\u0131 makinelerde ise kova silindirleri hem kazma hem de kald\u0131rma i\u015flemlerine yard\u0131mc\u0131 olur. <\/li>\n<li>Tar\u0131m makineleri: Toprak, saman ve di\u011fer malzemeleri kep\u00e7elemek, kald\u0131rmak ve ta\u015f\u0131mak i\u00e7in \u00f6n y\u00fckleyicilerde kullan\u0131l\u0131r. <\/li>\n<li>Kaz\u0131c\u0131lar: Kep\u00e7e silindirleri, kep\u00e7enin topra\u011fa n\u00fcfuz etmesine izin vererek kazma i\u015flemini ger\u00e7ekle\u015ftirir. <\/li>\n<li>\u00d6n y\u00fckleyiciler: Bu y\u00fckleyiciler, mallar\u0131n verimli bir \u015fekilde kald\u0131r\u0131lmas\u0131na ve devrilmesine yard\u0131mc\u0131 olur. <\/li>\n<\/ul>\n<h2>Tasar\u0131m Hususlar\u0131 ve Se\u00e7im Kriterleri<\/h2>\n<p>Kova silindirleri se\u00e7erken, g\u00f6z \u00f6n\u00fcnde bulundurulmas\u0131 gereken birka\u00e7 \u00f6nemli tasar\u0131m hususu vard\u0131r:<\/p>\n<ul>\n<li>Ta\u015f\u0131ma kapasitesi: Silindir y\u00fcksek bas\u0131nca ve a\u011f\u0131r y\u00fcklere dayanabilmelidir. <\/li>\n<li>S\u0131zd\u0131rmazl\u0131k: Piston s\u0131zd\u0131rmazl\u0131k halkas\u0131, mil s\u0131zd\u0131rmazl\u0131k halkas\u0131 ve di\u011fer s\u0131zd\u0131rmazl\u0131k bile\u015fenleri poli\u00fcretan veya nitril kau\u00e7uk gibi a\u015f\u0131nmaya dayan\u0131kl\u0131 malzemelerden yap\u0131lmal\u0131 ve silindir g\u00f6vdesi ile di\u015fli u\u00e7 y\u00fczeyi a\u015f\u0131nma direncini art\u0131rmak i\u00e7in ince bir \u015fekilde i\u015flenmelidir. <\/li>\n<li>Dayan\u0131kl\u0131l\u0131k: Silindir, zorlu \u00e7al\u0131\u015fma ko\u015fullar\u0131na dayanabilmeli ve uzun bir kullan\u0131m \u00f6mr\u00fcne sahip olmal\u0131d\u0131r. <\/li>\n<li>G\u00fcvenlik: Silindir, \u00e7al\u0131\u015fma s\u0131ras\u0131nda ar\u0131za yapmayacak veya yaralanmaya neden olmayacak \u015fekilde, g\u00fcvenlik g\u00f6z \u00f6n\u00fcnde bulundurularak tasarlanmal\u0131d\u0131r. <\/li>\n<li>Bak\u0131m Kolayl\u0131\u011f\u0131: Silindirin bak\u0131m\u0131 ve onar\u0131m\u0131 kolay olmal\u0131, a\u015f\u0131nm\u0131\u015f par\u00e7alar\u0131n h\u0131zl\u0131 bir \u015fekilde de\u011fi\u015ftirilmesine ve ar\u0131za s\u00fcresinin en aza indirilmesine olanak sa\u011flamal\u0131d\u0131r.<\/li>\n<\/ul>\n<p><img decoding=\"async\" src=\"https:\/\/www.hydraulic-cylinders.net\/wp-content\/uploads\/2025\/01\/songte-oil-pipes-and-spare-parts.webp\" alt=\"Kova Silindir Par\u00e7alar\u0131\"><\/p>\n<h2>S\u0131zd\u0131rmazl\u0131k ve Ya\u011flama<\/h2>\n<p>Kova silindirlerinde, poli\u00fcretan veya nitril kau\u00e7uk gibi a\u015f\u0131nmaya dayan\u0131kl\u0131 malzemelerden yap\u0131lm\u0131\u015f piston s\u0131zd\u0131rmazl\u0131k halkalar\u0131 ve mil s\u0131zd\u0131rmazl\u0131k halkalar\u0131 gibi \u00e7e\u015fitli s\u0131zd\u0131rmazl\u0131k bile\u015fenleri kullan\u0131l\u0131r. Silindir g\u00f6vdesi ve di\u015fli u\u00e7 y\u00fczeyi, a\u015f\u0131nma direncini art\u0131rmak i\u00e7in ince bir \u015fekilde i\u015flenmi\u015ftir. Silindirin sorunsuz \u00e7al\u0131\u015fmas\u0131 i\u00e7in hidrolik ya\u011f ile d\u00fczenli olarak ya\u011flanmas\u0131 gerekir.<\/p>\n<h2>Bak\u0131m ve Onar\u0131m<\/h2>\n<p>Kova silindirlerinin optimum performans g\u00f6stermesi ve kullan\u0131m \u00f6mr\u00fcn\u00fcn uzat\u0131lmas\u0131 i\u00e7in d\u00fczenli bak\u0131m gereklidir. Yayg\u0131n bak\u0131m g\u00f6revleri \u015funlard\u0131r:<\/p>\n<ul>\n<li>D\u00fczenli denetimler<\/li>\n<li>Uygun ya\u011flama<\/li>\n<li>Conta de\u011fi\u015fimi<\/li>\n<li>Kalibrasyon kontrolleri<\/li>\n<\/ul>\n<p>Do\u011fru montaj da \u00e7ok \u00f6nemlidir ve hizalama y\u00f6nergeleri sa\u011flanmal\u0131d\u0131r. Silindir, uygun montaj braketleri kullan\u0131larak sabitlenmelidir. Silindirin kullan\u0131m \u00f6mr\u00fcn\u00fc en \u00fcst d\u00fczeye \u00e7\u0131karmak i\u00e7in \u00f6nerilen inceleme, onar\u0131m ve de\u011fi\u015ftirme prosed\u00fcrleri izlenmelidir.<\/p>\n<p><img decoding=\"async\" src=\"https:\/\/www.hydraulic-cylinders.net\/wp-content\/uploads\/2025\/01\/songte-chushion-collar.webp\" alt=\"Kova Silindiri Montaj\u0131\"><\/p>\n<h2>G\u00fcvenlik Hususlar\u0131 ve \u00c7evresel Fakt\u00f6rler<\/h2>\n<p>Kep\u00e7e silindirleri, ilgili t\u00fcm g\u00fcvenlik y\u00f6netmeliklerine ve y\u00f6nergelerine uygun olarak \u00e7al\u0131\u015ft\u0131r\u0131lmal\u0131d\u0131r. A\u011f\u0131r makinelerle \u00e7al\u0131\u015f\u0131rken gerekli g\u00fcvenlik \u00f6nlemleri al\u0131nmal\u0131d\u0131r. Kep\u00e7e silindirlerinin se\u00e7imi ve \u00e7al\u0131\u015ft\u0131r\u0131lmas\u0131 s\u0131ras\u0131nda s\u0131cakl\u0131k ve nem gibi \u00e7evresel fakt\u00f6rler de dikkate al\u0131nmal\u0131d\u0131r.<\/p>\n<h2>S\u0131k G\u00f6r\u00fclen Ar\u0131zalar ve Giderme<\/h2>\n<p>Kep\u00e7e silindirlerinde s\u0131k g\u00f6r\u00fclen ar\u0131zalar \u015funlard\u0131r:<\/p>\n<ul>\n<li>S\u0131zan ya\u011f<\/li>\n<li>Yava\u015f \u00e7al\u0131\u015fma<\/li>\n<li>D\u00fczensiz hareket<\/li>\n<\/ul>\n<p>Bu sorunlar\u0131 etkili bir \u015fekilde te\u015fhis etmek ve \u00e7\u00f6zmek i\u00e7in uygun sorun giderme teknikleri izlenmelidir. D\u00fczenli bak\u0131m ve denetim, olas\u0131 sorunlar\u0131n \u00f6nlenmesine yard\u0131mc\u0131 olabilir.<\/p>\n<p><img decoding=\"async\" src=\"https:\/\/www.hydraulic-cylinders.net\/wp-content\/uploads\/2025\/01\/songte-bushings-with-all-kinds-of-excavator-models.webp\" alt=\"Kova Silindir Bur\u00e7lar\u0131\"><\/p>\n<h2>Hakk\u0131m\u0131zda<\/h2>\n<p>Yurti\u00e7i ve yurtd\u0131\u015f\u0131 pazarlarda \u00f6nde gelen hidrolik silindir \u00fcreticisi ve toptanc\u0131s\u0131y\u0131z. Eksiksiz \u00fcr\u00fcn yelpazemiz ve m\u00fckemmel kalitemiz, bizi sekt\u00f6rdeki en g\u00fcvenilir ve sayg\u0131n isimlerden biri haline getirmi\u015ftir. Geli\u015fmi\u015f \u00fcretim tesislerimizde ince bir \u00fcretim y\u00f6netim sistemi kullanarak \u00fcr\u00fcnlerimizin kalitesine b\u00fcy\u00fck \u00f6nem veriyor ve teknoloji, uzman personel ve profesyonel test sistemleri kullanarak \u00fcr\u00fcnlerimizin kalitesini s\u00fcrekli olarak iyile\u015ftiriyoruz. G\u00fc\u00e7l\u00fc bir Ar-Ge ekibine sahibiz ve m\u00fc\u015fterilerimizin \u00e7e\u015fitli ihtiya\u00e7lar\u0131n\u0131 kar\u015f\u0131layan y\u00fcksek verimlilik, y\u00fcksek hassasiyet ve y\u00fcksek kaliteli \u00fcr\u00fcnler sunmaya kararl\u0131y\u0131z.<\/p>\n<p><img decoding=\"async\" src=\"https:\/\/hzpt.com\/wp-content\/uploads\/2024\/11\/songte-company-1.webp\" alt=\"\u015eirket\"><\/p>\n<h3>G\u00fc\u00e7l\u00fc y\u00f6nlerimiz \u015funlard\u0131r:<\/h3>\n<ul>\n<li>Profesyonellik<\/li>\n<li>Uluslararas\u0131 sertifikasyon<\/li>\n<li>\u00d6zelle\u015ftirme hizmetleri<\/li>\n<li>Geli\u015fmi\u015f \u00fcretim ekipmanlar\u0131<\/li>\n<li>Sat\u0131\u015f sonras\u0131 servis<\/li>\n<\/ul>\n<p>Yazar: lyl<\/p>","protected":false},"excerpt":{"rendered":"<p>Bucket Cylinder For Caterpillar Middle Excavator E200B Introduction A bucket cylinder is a type of hydraulic cylinder specially designed for controlling the movement of the bucket in heavy machinery such as excavators, backhoes, and front loaders. Its main function is to enable the bucket to perform lifting, lowering, and tilting operations, thus facilitating material handling [&hellip;]<\/p>","protected":false},"featured_media":14785,"comment_status":"open","ping_status":"closed","template":"","meta":{"_et_pb_use_builder":"","_et_pb_old_content":"","_et_gb_content_width":""},"product_brand":[],"product_cat":[1494],"product_tag":[1495,1496],"class_list":{"0":"post-15225","1":"product","2":"type-product","3":"status-publish","4":"has-post-thumbnail","6":"product_cat-bucket-cylinders","7":"product_tag-bucket-cylinders","8":"product_tag-hydraulic-cylinders","10":"first","11":"instock","12":"shipping-taxable","13":"product-type-simple"},"amp_enabled":true,"_links":{"self":[{"href":"https:\/\/www.hydraulic-cylinders.net\/tr\/wp-json\/wp\/v2\/product\/15225","targetHints":{"allow":["GET"]}}],"collection":[{"href":"https:\/\/www.hydraulic-cylinders.net\/tr\/wp-json\/wp\/v2\/product"}],"about":[{"href":"https:\/\/www.hydraulic-cylinders.net\/tr\/wp-json\/wp\/v2\/types\/product"}],"replies":[{"embeddable":true,"href":"https:\/\/www.hydraulic-cylinders.net\/tr\/wp-json\/wp\/v2\/comments?post=15225"}],"wp:featuredmedia":[{"embeddable":true,"href":"https:\/\/www.hydraulic-cylinders.net\/tr\/wp-json\/wp\/v2\/media\/14785"}],"wp:attachment":[{"href":"https:\/\/www.hydraulic-cylinders.net\/tr\/wp-json\/wp\/v2\/media?parent=15225"}],"wp:term":[{"taxonomy":"product_brand","embeddable":true,"href":"https:\/\/www.hydraulic-cylinders.net\/tr\/wp-json\/wp\/v2\/product_brand?post=15225"},{"taxonomy":"product_cat","embeddable":true,"href":"https:\/\/www.hydraulic-cylinders.net\/tr\/wp-json\/wp\/v2\/product_cat?post=15225"},{"taxonomy":"product_tag","embeddable":true,"href":"https:\/\/www.hydraulic-cylinders.net\/tr\/wp-json\/wp\/v2\/product_tag?post=15225"}],"curies":[{"name":"wp","href":"https:\/\/api.w.org\/{rel}","templated":true}]}}