{"id":15226,"date":"2025-01-19T14:15:44","date_gmt":"2025-01-19T14:15:44","guid":{"rendered":"https:\/\/www.hydraulic-cylinders.net\/product\/bucket-cylinder-for-caterpillar-middle-excavator-e320-320b\/"},"modified":"2025-01-19T14:15:46","modified_gmt":"2025-01-19T14:15:46","slug":"bucket-cylinder-for-caterpillar-middle-excavator-e320-320b","status":"publish","type":"product","link":"https:\/\/www.hydraulic-cylinders.net\/tr\/urun\/bucket-cylinder-for-caterpillar-middle-excavator-e320-320b\/","title":{"rendered":"Caterpillar Orta Ekskavat\u00f6r E320\/320B i\u00e7in Kova Silindiri"},"content":{"rendered":"<p><!--h1-->Caterpillar Orta Ekskavat\u00f6r E320\/320B i\u00e7in Kova Silindiri<!--\/h1--><\/p>\n<p><!--h2-->girii\u015f<!--\/h2--><\/p>\n<p>Kova silindiri, ekskavat\u00f6rler, beko-loderler ve lastikli y\u00fckleyiciler gibi a\u011f\u0131r i\u015f makinelerinde kovan\u0131n hareketini kontrol etmek i\u00e7in kullan\u0131lan \u00f6zel olarak tasarlanm\u0131\u015f bir hidrolik silindirdir. Ana i\u015flevi, kovan\u0131n kald\u0131r\u0131lmas\u0131n\u0131, indirilmesini ve e\u011filmesini sa\u011flayarak \u00e7e\u015fitli malzeme ta\u015f\u0131ma g\u00f6revlerinin ger\u00e7ekle\u015ftirilmesini kolayla\u015ft\u0131rmakt\u0131r. Hidrolik bir sistemde kova silindiri, hidrolik ya\u011f bas\u0131nc\u0131n\u0131 de\u011fi\u015ftirerek kovan\u0131n hassas kontrol\u00fcn\u00fc sa\u011flar ve operat\u00f6rlerin a\u011f\u0131r y\u00fckleri verimli bir \u015fekilde ta\u015f\u0131mas\u0131na, karma\u015f\u0131k \u00e7al\u0131\u015fma ortamlar\u0131na ve \u00e7e\u015fitli i\u015f gereksinimlerine uyum sa\u011flamas\u0131na olanak tan\u0131r.<\/p>\n<p><!--img--><br \/>\n<img decoding=\"async\" src=\"https:\/\/www.hydraulic-cylinders.net\/wp-content\/uploads\/2025\/01\/songte-company-2.webp\"><\/p>\n<p><!--h2-->\u00d6zellikler<!--\/h2--><\/p>\n<ul>\n<li><strong>Y\u00fcksek Dayan\u0131kl\u0131l\u0131k ve Dayan\u0131kl\u0131l\u0131k:<\/strong> Genellikle y\u00fcksek mukavemetli \u00e7elik veya al\u00fcminyumdan \u00fcretilen kova silindiri, y\u00fcksek bas\u0131nca ve a\u011f\u0131r y\u00fcklere dayanabilir ve zorlu \u00e7al\u0131\u015fma ortamlar\u0131na uyum sa\u011flar. Tasar\u0131m\u0131, a\u015f\u0131nma ve korozyon direncini de g\u00f6z \u00f6n\u00fcnde bulundurarak kullan\u0131m \u00f6mr\u00fcn\u00fc uzat\u0131r.<\/li>\n<li><strong>Verimli Hidrolik \u00c7al\u0131\u015fma:<\/strong> Hidrolik ya\u011f\u0131n bas\u0131nc\u0131ndan yararlanan kova silindiri, yumu\u015fak uzatma ve geri \u00e7ekme hareketleri ger\u00e7ekle\u015ftirerek kontrol komutlar\u0131na h\u0131zl\u0131 tepki verir ve g\u00fc\u00e7l\u00fc itme ve \u00e7ekme kuvvetleri sa\u011flar. A\u011f\u0131r y\u00fckleri ve karma\u015f\u0131k i\u015f g\u00f6revlerini idare etmek i\u00e7in uygundur.<\/li>\n<li><strong>\u00c7e\u015fitli Tipler:<\/strong> Kova silindirleri, \u00f6zel operasyonel ihtiya\u00e7lara g\u00f6re tek etkili (sadece tek y\u00f6nde hidrolik kullanan) veya \u00e7ift etkili (her iki y\u00f6nde hidrolik kullanan) silindirler olarak se\u00e7ilebilir. Baz\u0131 modeller teleskopik olup, d\u0131\u015f boyutlar\u0131 art\u0131rmadan daha fazla uzatma imkan\u0131 sunarak, s\u0131n\u0131rl\u0131 alana sahip uygulamalar i\u00e7in uygundur.<\/li>\n<li><strong>M\u00fckemmel De\u011fi\u015ftirme:<\/strong> \u00dcr\u00fcn\u00fcm\u00fcz bu hidrolik silindirlerin yerine m\u00fckemmel bir \u015fekilde ge\u00e7ebilmektedir.<\/li>\n<\/ul>\n<p><!--img--><br \/>\n<img decoding=\"async\" src=\"https:\/\/www.hydraulic-cylinders.net\/wp-content\/uploads\/2025\/01\/songte-cylinder-head-with-all-kinds-excavator-models.webp\"><\/p>\n<p><!--h2-->Uygulamalar<!--\/h2--><\/p>\n<p>Kova silindiri \u00e7e\u015fitli ekipmanlarda uygulama alan\u0131 bulur:<\/p>\n<ul>\n<li><strong>\u0130n\u015faat Ekipmanlar\u0131:<\/strong> Ekskavat\u00f6rlerde bulunan bu silindirler, kazma, y\u00fckleme ve toprak veya moloz ta\u015f\u0131ma i\u015flerinde olmazsa olmazd\u0131r. Beko-Loderlerde ise kova silindiri hem kazma hem de kald\u0131rma i\u015flerinde yard\u0131mc\u0131 olur.<\/li>\n<li><strong>Tar\u0131m Makinalar\u0131:<\/strong> \u00d6n y\u00fckleyicilerde kullan\u0131lan bu aletler, toprak, saman ve di\u011fer malzemelerin kep\u00e7elenmesine, kald\u0131r\u0131lmas\u0131na ve ta\u015f\u0131nmas\u0131na yard\u0131mc\u0131 olur.<\/li>\n<li><strong>Ekskavat\u00f6rler:<\/strong> Kova silindiri, kovan\u0131n topra\u011fa n\u00fcfuz etmesini sa\u011flayarak kazma i\u015flemini m\u00fcmk\u00fcn k\u0131lar.<\/li>\n<li><strong>Tekerlekli Y\u00fckleyiciler:<\/strong> \u00d6n y\u00fckleyicilerde, mallar\u0131n etkili bir \u015fekilde kald\u0131r\u0131lmas\u0131na ve bo\u015falt\u0131lmas\u0131na yard\u0131mc\u0131 olurlar.<\/li>\n<\/ul>\n<p><!--img--><br \/>\n<img decoding=\"async\" src=\"https:\/\/www.hydraulic-cylinders.net\/wp-content\/uploads\/2025\/01\/songte-oil-pipes-and-spare-parts.webp\"><\/p>\n<p><!--h2-->Tasar\u0131m Hususlar\u0131 ve Se\u00e7im Kriterleri<!--\/h2--><\/p>\n<p>Kova silindirlerinin tasar\u0131m de\u011ferlendirmeleri ve se\u00e7im kriterleri s\u00f6z konusu oldu\u011funda, birka\u00e7 fakt\u00f6r kritik \u00f6neme sahiptir:<\/p>\n<ul>\n<li><strong>Y\u00fck Ta\u015f\u0131ma Kapasitesi:<\/strong> Silindir beklenen y\u00fck ve kuvvetlere dayanacak \u015fekilde tasarlanmal\u0131d\u0131r.<\/li>\n<li><strong>S\u0131zd\u0131rmazl\u0131k:<\/strong> Piston contalar\u0131 ve piston kolu contalar\u0131 gibi \u00e7e\u015fitli s\u0131zd\u0131rmazl\u0131k bile\u015fenleri kullan\u0131l\u0131r ve bunlar genellikle poli\u00fcretan ve nitril kau\u00e7uk gibi a\u015f\u0131nmaya dayan\u0131kl\u0131 malzemelerden yap\u0131l\u0131r. Silindir g\u00f6vdesi ve di\u015fli u\u00e7lar, a\u015f\u0131nma direncini art\u0131rmak i\u00e7in ince bir i\u015flemden ge\u00e7irilmi\u015ftir.<\/li>\n<li><strong>Dayan\u0131kl\u0131l\u0131k:<\/strong> Kova silindiri, kar\u015f\u0131la\u015faca\u011f\u0131 \u00e7al\u0131\u015fma ko\u015fullar\u0131 ve malzemeler g\u00f6z \u00f6n\u00fcnde bulundurularak dayan\u0131kl\u0131 olacak \u015fekilde tasarlanmal\u0131d\u0131r.<\/li>\n<li><strong>Emniyet:<\/strong> Kazalar\u0131 \u00f6nlemek ve operat\u00f6r\u00fcn korunmas\u0131n\u0131 sa\u011flamak i\u00e7in g\u00fcvenlik \u00f6zellikleri dahil edilmelidir.<\/li>\n<li><strong>Bak\u0131m:<\/strong> Kolay bak\u0131m ve onar\u0131m imk\u00e2n\u0131, duru\u015f s\u00fcrelerini en aza indirmek i\u00e7in \u00f6nemli hususlard\u0131r.<\/li>\n<\/ul>\n<p><!--img--><br \/>\n<img decoding=\"async\" src=\"https:\/\/www.hydraulic-cylinders.net\/wp-content\/uploads\/2025\/01\/songte-chushion-collar.webp\"><\/p>\n<p><!--h2-->S\u0131zd\u0131rmazl\u0131k ve Ya\u011flama<!--\/h2--><\/p>\n<p>Kova silindiri, poli\u00fcretan ve nitril kau\u00e7uk gibi a\u015f\u0131nmaya dayan\u0131kl\u0131 malzemelerden yap\u0131lm\u0131\u015f piston contalar\u0131 ve piston kolu contalar\u0131 gibi \u00e7e\u015fitli s\u0131zd\u0131rmazl\u0131k bile\u015fenleri kullan\u0131r. Silindir g\u00f6vdesi ve di\u015fli u\u00e7lar\u0131, a\u015f\u0131nma direncini art\u0131rmak i\u00e7in hassas bir i\u015flemden ge\u00e7irilir. Sorunsuz \u00e7al\u0131\u015fma sa\u011flamak ve a\u015f\u0131r\u0131 a\u015f\u0131nma ve y\u0131pranmay\u0131 \u00f6nlemek i\u00e7in uygun hidrolik ya\u011f ile d\u00fczenli ya\u011flama gereklidir.<\/p>\n<p><!--h2-->D\u00fczenli Muayene ve \u00d6nleyici Bak\u0131m<!--\/h2--><\/p>\n<p>En iyi performans\u0131 ve uzun \u00f6m\u00fcrl\u00fcl\u00fc\u011f\u00fc sa\u011flamak i\u00e7in d\u00fczenli muayene ve \u00f6nleyici bak\u0131m \u015fartt\u0131r:<\/p>\n<ul>\n<li>Kova silindirini a\u015f\u0131nma, hasar veya s\u0131z\u0131nt\u0131 belirtileri a\u00e7\u0131s\u0131ndan d\u00fczenli olarak inceleyin.<\/li>\n<li>Belirtilen aral\u0131klarla uygun ya\u011flama.<\/li>\n<li>Gerekti\u011finde contalar\u0131 ve contalar\u0131 de\u011fi\u015ftirin.<\/li>\n<li>Silindirin d\u00fczg\u00fcn hizalanmas\u0131 ve \u00e7al\u0131\u015fmas\u0131 i\u00e7in d\u00fczenli olarak kontrol edin ve kalibre edin.<\/li>\n<\/ul>\n<p><!--img--><br \/>\n<img decoding=\"async\" src=\"https:\/\/www.hydraulic-cylinders.net\/wp-content\/uploads\/2025\/01\/songte-bushings-with-all-kinds-of-excavator-models.webp\"><\/p>\n<p><!--h2-->G\u00fcvenlik Hususlar\u0131 ve \u00c7evresel Fakt\u00f6rler<!--\/h2--><\/p>\n<p>Kova silindiri kullan\u0131l\u0131rken g\u00fcvenlik \u00f6nlemlerinin al\u0131nmas\u0131, kazalar\u0131 \u00f6nlemek ve personeli korumak a\u00e7\u0131s\u0131ndan kritik \u00f6neme sahiptir. \u00c7evre \u00fczerindeki olumsuz etkileri en aza indirmek i\u00e7in \u00e7evresel fakt\u00f6rler de dikkate al\u0131nmal\u0131d\u0131r.<\/p>\n<p><!--h2-->Sorun Giderme ve Yayg\u0131n Sorunlar<!--\/h2--><\/p>\n<p>Kova silindirinde sorun ya\u015fad\u0131\u011f\u0131n\u0131zda, bunlar\u0131 derhal te\u015fhis edip gidermek \u00f6nemlidir. \u0130\u015fte yayg\u0131n sorun giderme ipu\u00e7lar\u0131 ve \u00e7\u00f6z\u00fcmleri:<\/p>\n<ul>\n<li>Sorun giderme ipu\u00e7lar\u0131 ve \u00e7\u00f6z\u00fcmleri sa\u011flay\u0131n.<\/li>\n<li>Olas\u0131 sorunlar\u0131 en aza indirmek i\u00e7in \u00f6nleyici tedbirler \u00f6nerin.<\/li>\n<\/ul>\n<p><!--img--><br \/>\n<img decoding=\"async\" src=\"https:\/\/www.hydraulic-cylinders.net\/wp-content\/uploads\/2025\/01\/songte-company-1.webp\"><\/p>\n<p><!--h2-->\u015eirket Tan\u0131t\u0131m\u0131<!--\/h2--><\/p>\n<p>Eksiksiz bir \u00fcr\u00fcn yelpazesi sunan bir yedek hidrolik silindir \u00fcreticisiyiz. Hem yurt i\u00e7i hem de yurt d\u0131\u015f\u0131 pazarlarda lider hidrolik silindir \u00fcreticilerinden ve toptan da\u011f\u0131t\u0131c\u0131lar\u0131ndan biri haline geldik. \u015eirketimiz, m\u00fckemmellik ilkelerine ba\u011fl\u0131 kalarak, geli\u015fmi\u015f \u00fcretim at\u00f6lyelerinde end\u00fcstriyel \u00fcretim y\u00f6netimi stratejilerine g\u00fcvenmektedir. Teknik yeteneklerimiz, son teknoloji \u00fcretim ekipmanlar\u0131m\u0131z ve profesyonel test sistemlerimizle, \u00fcretim platformumuzu, m\u00fckemmel \u00fcr\u00fcn kalitesine sahip \u00fcretim hatlar\u0131m\u0131z\u0131 s\u00fcrekli geli\u015ftiriyor ve g\u00fc\u00e7l\u00fc inovasyon yeteneklerine sahibiz. \u00c7e\u015fitli m\u00fc\u015fteri ihtiya\u00e7lar\u0131n\u0131 kar\u015f\u0131lamak i\u00e7in verimlili\u011fe, hassasiyete ve y\u00fcksek kaliteye \u00f6ncelik veriyoruz.<\/p>\n<p><!--img--><br \/>\n<img decoding=\"async\" src=\"https:\/\/www.hydraulic-cylinders.net\/wp-content\/uploads\/2025\/01\/songte-company-3.webp\"><\/p>\n<p><!--h2-->\u015eirketin \u00d6ne \u00c7\u0131kan \u00d6zellikleri<!--\/h2--><\/p>\n<ul>\n<li>Profesyonellik<\/li>\n<li>Uluslararas\u0131 sertifikalar<\/li>\n<li>\u00d6zelle\u015ftirme hizmetleri<\/li>\n<li>Geli\u015fmi\u015f \u00fcretim ekipmanlar\u0131<\/li>\n<li>Sat\u0131\u015f sonras\u0131 hizmetler<\/li>\n<\/ul>\n<p><!--h2-->Yazarl\u0131k<!--\/h2--><\/p>\n<p>Yazar: lyl<\/p>","protected":false},"excerpt":{"rendered":"<p>Bucket Cylinder For Caterpillar Middle Excavator E320\/320B Introduction A bucket cylinder is a specially designed hydraulic cylinder used to control the movement of the bucket in heavy machinery such as excavators, backhoe loaders, and wheel loaders. Its main function is to enable the lifting, lowering, and tilting of the bucket, making it easier to handle [&hellip;]<\/p>","protected":false},"featured_media":14784,"comment_status":"open","ping_status":"closed","template":"","meta":{"_et_pb_use_builder":"","_et_pb_old_content":"","_et_gb_content_width":""},"product_brand":[],"product_cat":[1494],"product_tag":[1495,1496],"class_list":{"0":"post-15226","1":"product","2":"type-product","3":"status-publish","4":"has-post-thumbnail","6":"product_cat-bucket-cylinders","7":"product_tag-bucket-cylinders","8":"product_tag-hydraulic-cylinders","10":"first","11":"instock","12":"shipping-taxable","13":"product-type-simple"},"amp_enabled":true,"_links":{"self":[{"href":"https:\/\/www.hydraulic-cylinders.net\/tr\/wp-json\/wp\/v2\/product\/15226","targetHints":{"allow":["GET"]}}],"collection":[{"href":"https:\/\/www.hydraulic-cylinders.net\/tr\/wp-json\/wp\/v2\/product"}],"about":[{"href":"https:\/\/www.hydraulic-cylinders.net\/tr\/wp-json\/wp\/v2\/types\/product"}],"replies":[{"embeddable":true,"href":"https:\/\/www.hydraulic-cylinders.net\/tr\/wp-json\/wp\/v2\/comments?post=15226"}],"wp:featuredmedia":[{"embeddable":true,"href":"https:\/\/www.hydraulic-cylinders.net\/tr\/wp-json\/wp\/v2\/media\/14784"}],"wp:attachment":[{"href":"https:\/\/www.hydraulic-cylinders.net\/tr\/wp-json\/wp\/v2\/media?parent=15226"}],"wp:term":[{"taxonomy":"product_brand","embeddable":true,"href":"https:\/\/www.hydraulic-cylinders.net\/tr\/wp-json\/wp\/v2\/product_brand?post=15226"},{"taxonomy":"product_cat","embeddable":true,"href":"https:\/\/www.hydraulic-cylinders.net\/tr\/wp-json\/wp\/v2\/product_cat?post=15226"},{"taxonomy":"product_tag","embeddable":true,"href":"https:\/\/www.hydraulic-cylinders.net\/tr\/wp-json\/wp\/v2\/product_tag?post=15226"}],"curies":[{"name":"wp","href":"https:\/\/api.w.org\/{rel}","templated":true}]}}