{"id":15228,"date":"2025-01-19T14:15:58","date_gmt":"2025-01-19T14:15:58","guid":{"rendered":"https:\/\/www.hydraulic-cylinders.net\/product\/bucket-cylinder-for-caterpillar-middle-excavator-e320dlrr\/"},"modified":"2025-01-19T14:16:00","modified_gmt":"2025-01-19T14:16:00","slug":"bucket-cylinder-for-caterpillar-middle-excavator-e320dlrr","status":"publish","type":"product","link":"https:\/\/www.hydraulic-cylinders.net\/tr\/urun\/bucket-cylinder-for-caterpillar-middle-excavator-e320dlrr\/","title":{"rendered":"Caterpillar E320DLRR Orta Ekskavat\u00f6r \u0130\u00e7in Kep\u00e7e Silindiri"},"content":{"rendered":"<h1>Caterpillar E320DLRR Orta Ekskavat\u00f6r \u0130\u00e7in Kep\u00e7e Silindiri<\/h1>\n<h2>girii\u015f<\/h2>\n<p>Caterpillar E320DLRR orta ekskavat\u00f6r i\u00e7in kep\u00e7e silindiri, ekskavat\u00f6rler, kaz\u0131c\u0131 y\u00fckleyiciler ve \u00f6n y\u00fckleyiciler gibi a\u011f\u0131r makinelerde kep\u00e7enin hareketini kontrol etmek i\u00e7in \u00f6zel olarak tasarlanm\u0131\u015f bir hidrolik silindirdir. Ana i\u015flevi, kep\u00e7enin kald\u0131r\u0131lmas\u0131n\u0131, indirilmesini ve e\u011filmesini sa\u011flayarak \u00e7e\u015fitli malzeme ta\u015f\u0131ma g\u00f6revlerini kolayla\u015ft\u0131rmakt\u0131r. Hidrolik sistemde, kep\u00e7e silindiri hidrolik ya\u011f bas\u0131nc\u0131ndaki de\u011fi\u015fiklikler yoluyla kep\u00e7enin hassas kontrol\u00fcn\u00fc sa\u011flar ve operat\u00f6rlerin a\u011f\u0131r y\u00fckleri verimli bir \u015fekilde ta\u015f\u0131mas\u0131na, karma\u015f\u0131k \u00e7al\u0131\u015fma ortamlar\u0131na ve \u00e7e\u015fitli i\u015f gereksinimlerine uyum sa\u011flamas\u0131na olanak tan\u0131r.<\/p>\n<p><img decoding=\"async\" src=\"https:\/\/www.hydraulic-cylinders.net\/wp-content\/uploads\/2025\/01\/songte-company-2.webp\" alt=\"\u00dcr\u00fcn G\u00f6rseli\"><\/p>\n<h2>\u00d6zellikler<\/h2>\n<ul>\n<li>Y\u00fcksek Mukavemet ve Dayan\u0131kl\u0131l\u0131k: Genellikle y\u00fcksek mukavemetli \u00e7elik veya al\u00fcminyumdan \u00fcretilen bu \u00fcr\u00fcn, y\u00fcksek bas\u0131nca ve a\u011f\u0131r y\u00fcklere dayanabilir ve zorlu \u00e7al\u0131\u015fma ortamlar\u0131na uyum sa\u011flar. Tasar\u0131mda, kullan\u0131m \u00f6mr\u00fcn\u00fc uzatmak i\u00e7in a\u015f\u0131nma direnci ve korozyon direnci dikkate al\u0131nm\u0131\u015ft\u0131r.<\/li>\n<li>Verimli Hidrolik \u00c7al\u0131\u015fma: Hidrolik ya\u011f bas\u0131nc\u0131n\u0131 kullanarak d\u00fczg\u00fcn uzatma ve geri \u00e7ekme hareketleri ger\u00e7ekle\u015ftirir; kontrol komutlar\u0131na h\u0131zl\u0131 bir \u015fekilde yan\u0131t verebilir ve a\u011f\u0131r y\u00fcklerin ve karma\u015f\u0131k i\u015f g\u00f6revlerinin \u00fcstesinden gelmek i\u00e7in uygun g\u00fc\u00e7l\u00fc itme ve \u00e7ekme kuvvetleri sa\u011flayabilir.<\/li>\n<li>\u00c7e\u015fitli Tipler: Farkl\u0131 \u00e7al\u0131\u015fma ihtiya\u00e7lar\u0131n\u0131 kar\u015f\u0131lamak i\u00e7in gereksinimlere g\u00f6re tek etkili (hidrolik sadece tek y\u00f6nde kullan\u0131l\u0131r) veya \u00e7ift etkili (hidrolik her iki y\u00f6nde kullan\u0131l\u0131r) silindirler se\u00e7ilebilir. Baz\u0131 modeller teleskopiktir ve d\u0131\u015f boyutlar\u0131 art\u0131rmadan daha fazla uzatmaya olanak tan\u0131yarak s\u0131n\u0131rl\u0131 alana sahip uygulamalar i\u00e7in uygun hale gelir.<\/li>\n<li>M\u00fckemmel Yedek Par\u00e7a: \u00dcr\u00fcn\u00fcm\u00fcz mevcut hidrolik silindirlerin yerine m\u00fckemmel bir \u015fekilde ge\u00e7ebilir. <\/li>\n<\/ul>\n<p><img decoding=\"async\" src=\"https:\/\/www.hydraulic-cylinders.net\/wp-content\/uploads\/2025\/01\/songte-cylinder-head-with-all-kinds-excavator-models.webp\" alt=\"\u00dcr\u00fcn G\u00f6rseli\"><\/p>\n<h2>Uygulamalar<\/h2>\n<p>Kova silindiri \u00e7e\u015fitli ekipmanlarda uygulama alan\u0131 bulur:<\/p>\n<ul>\n<li>\u0130n\u015faat Ekipmanlar\u0131: Ekskavat\u00f6rlerde bulunan bu par\u00e7alar, topra\u011f\u0131 veya molozu kazmak, y\u00fcklemek ve ta\u015f\u0131mak i\u00e7in vazge\u00e7ilmezdir. Kaz\u0131c\u0131 y\u00fckleyicilerde ise kova silindiri hem kazmaya hem de kald\u0131rmaya yard\u0131mc\u0131 olur.<\/li>\n<li>Tar\u0131m Makinalar\u0131: \u00d6n y\u00fckleyicilerde toprak, saman ve di\u011fer malzemeleri kep\u00e7elemek, kald\u0131rmak ve ta\u015f\u0131mak i\u00e7in kullan\u0131l\u0131r.<\/li>\n<li>Ekskavat\u00f6rler: Kova silindiri, kovan\u0131n topra\u011fa n\u00fcfuz etmesini sa\u011flayarak kazma i\u015flemini ger\u00e7ekle\u015ftirir.<\/li>\n<li>Y\u00fckleyiciler: \u00d6n y\u00fckleyicilerde, mallar\u0131n etkili bir \u015fekilde kald\u0131r\u0131lmas\u0131na ve bo\u015falt\u0131lmas\u0131na yard\u0131mc\u0131 olurlar.<\/li>\n<\/ul>\n<h2>Tasar\u0131m Hususlar\u0131 ve Se\u00e7im Kriterleri<\/h2>\n<p>Tasar\u0131m hususlar\u0131nda, y\u00fck ta\u015f\u0131ma kapasitesi, s\u0131zd\u0131rmazl\u0131k, dayan\u0131kl\u0131l\u0131k, g\u00fcvenlik ve bak\u0131m kolayl\u0131\u011f\u0131 gibi temel fakt\u00f6rler \u00e7ok \u00f6nemli rol oynar. \u0130\u015fte dikkate al\u0131nmas\u0131 gereken baz\u0131 noktalar:<\/p>\n<p><img decoding=\"async\" src=\"https:\/\/www.hydraulic-cylinders.net\/wp-content\/uploads\/2025\/01\/songte-oil-pipes-and-spare-parts.webp\" alt=\"\u00dcr\u00fcn G\u00f6rseli\"><\/p>\n<h2>S\u0131zd\u0131rmazl\u0131k ve Ya\u011flama<\/h2>\n<p>Kova silindiri, poli\u00fcretan ve nitril kau\u00e7uk gibi a\u015f\u0131nmaya dayan\u0131kl\u0131 malzemelerden yap\u0131lm\u0131\u015f piston contalar\u0131 ve mil contalar\u0131 gibi \u00e7e\u015fitli s\u0131zd\u0131rmazl\u0131k elemanlar\u0131 kullan\u0131r. Silindir g\u00f6vdesi ve di\u015fli u\u00e7 y\u00fczeyleri, a\u015f\u0131nma direncini art\u0131rmak i\u00e7in ince bir \u015fekilde i\u015flenmi\u015ftir. Uygun miktarda hidrolik ya\u011f ile d\u00fczenli ya\u011flama gereklidir.<\/p>\n<h2>D\u00fczenli Muayene ve \u00d6nleyici Bak\u0131m \u00d6nlemleri<\/h2>\n<p>Kova silindirinin uzun \u00f6m\u00fcrl\u00fc olmas\u0131n\u0131 sa\u011flamak i\u00e7in d\u00fczenli kontroller ve \u00f6nleyici bak\u0131m \u00f6nlemleri al\u0131nmal\u0131d\u0131r. \u0130\u015fte baz\u0131 ipu\u00e7lar\u0131 ve uygulamalar:<\/p>\n<h2>\u00dcr\u00fcn Kurulum K\u0131lavuzu<\/h2>\n<p>Kova silindirinin verimli \u00e7al\u0131\u015fmas\u0131 i\u00e7in do\u011fru montaj \u00e7ok \u00f6nemlidir. \u0130\u015fte y\u00f6nergeler:<\/p>\n<p><img decoding=\"async\" src=\"https:\/\/www.hydraulic-cylinders.net\/wp-content\/uploads\/2025\/01\/songte-chushion-collar.webp\" alt=\"\u00dcr\u00fcn G\u00f6rseli\"><\/p>\n<h2>Bak\u0131m G\u00f6revleri<\/h2>\n<p>Genel bak\u0131m g\u00f6revleri aras\u0131nda d\u00fczenli kontroller, uygun ya\u011flama, conta de\u011fi\u015fimi ve kalibrasyon kontrolleri yer almaktad\u0131r. Do\u011fru montaj, ya\u011flama ve ayarlaman\u0131n \u00f6nemi vurgulanmal\u0131d\u0131r. Montaj s\u0131ras\u0131nda silindirin do\u011fru hizalanmas\u0131 \u00f6nerilir ve silindiri sabitlemek i\u00e7in uygun montaj braketlerinin kullan\u0131lmas\u0131 tavsiye edilir. Kep\u00e7e silindirinin \u00f6mr\u00fcn\u00fc uzatmak i\u00e7in ipu\u00e7lar\u0131yla birlikte, inceleme, onar\u0131m ve de\u011fi\u015ftirme i\u00e7in \u00f6nerilen prosed\u00fcrler sunulmu\u015ftur.<\/p>\n<p><img decoding=\"async\" src=\"https:\/\/www.hydraulic-cylinders.net\/wp-content\/uploads\/2025\/01\/songte-bushings-with-all-kinds-of-excavator-models.webp\" alt=\"\u00dcr\u00fcn G\u00f6rseli\"><\/p>\n<h2>G\u00fcvenlik Hususlar\u0131 ve \u00c7evresel Fakt\u00f6rler<\/h2>\n<p>Kova silindirini kullan\u0131rken g\u00fcvenlik \u00f6nlemlerini uygulamak son derece \u00f6nemlidir. \u0130\u015fte dikkate al\u0131nmas\u0131 gereken baz\u0131 \u00f6nemli noktalar:<\/p>\n<h2>Ar\u0131za Te\u015fhisi ve Yayg\u0131n Sorunlar<\/h2>\n<p>Ar\u0131za te\u015fhisi ve s\u0131k kar\u015f\u0131la\u015f\u0131lan sorunlar\u0131n \u00e7\u00f6z\u00fcm\u00fc s\u00f6z konusu oldu\u011funda, okuyucular\u0131n sorunlar\u0131 etkili bir \u015fekilde te\u015fhis edip \u00e7\u00f6zmelerine yard\u0131mc\u0131 olacak sorun giderme ipu\u00e7lar\u0131 ve \u00e7\u00f6z\u00fcmleri sunmak \u00e7ok \u00f6nemlidir. Potansiyel sorunlar\u0131 en aza indirmek i\u00e7in \u00f6nleyici tedbirler \u00f6nerilmelidir.<\/p>\n<p><img decoding=\"async\" src=\"https:\/\/hzpt.com\/wp-content\/uploads\/2024\/11\/songte-company-1.webp\" alt=\"\u00dcr\u00fcn G\u00f6rseli\"><\/p>\n<h2>\u015eirketimiz Hakk\u0131nda<\/h2>\n<p>Yedek hidrolik silindir \u00fcreticisiyiz ve geni\u015f bir \u00fcr\u00fcn yelpazesi sunuyoruz. Yurti\u00e7i ve yurtd\u0131\u015f\u0131 pazarlarda hidrolik silindirlerin \u00f6nde gelen \u00fcreticilerinden ve toptanc\u0131lar\u0131ndan biri haline geldik. M\u00fckemmellik ilkelerine ba\u011fl\u0131 kalarak, geli\u015fmi\u015f \u00fcretim at\u00f6lyelerimizde end\u00fcstriyel \u00fcretim y\u00f6netim stratejilerine g\u00fcveniyoruz. Teknik yeteneklerimiz, geli\u015fmi\u015f dijital \u00fcretim ekipmanlar\u0131m\u0131z ve profesyonel test sistemlerimiz sayesinde \u00fcretim platformumuzu ve \u00fcr\u00fcn kalitesi \u00fcretim s\u00fcre\u00e7lerimizi s\u00fcrekli olarak geli\u015ftiriyoruz. G\u00fc\u00e7l\u00fc yarat\u0131c\u0131 yeteneklerimiz ve y\u00fcksek verimlilik, y\u00fcksek hassasiyet ve y\u00fcksek kalite ilkelerimiz, m\u00fc\u015fterilerimizin \u00e7e\u015fitli ihtiya\u00e7lar\u0131n\u0131 kar\u015f\u0131lamam\u0131z\u0131 sa\u011fl\u0131yor.<\/p>\n<p><img decoding=\"async\" src=\"https:\/\/www.hydraulic-cylinders.net\/wp-content\/uploads\/2025\/01\/songte-company-3.webp\" alt=\"\u015eirket \u0130maj\u0131\"><\/p>\n<p>Profesyonelli\u011fimiz, uluslararas\u0131 sertifikalar\u0131m\u0131z, \u00f6zel hizmetlerimiz, \u00fcretim ekipmanlar\u0131m\u0131z ve sat\u0131\u015f sonras\u0131 hizmetlerimizle gurur duyuyoruz. <\/p>\n<p>Yazar: lyl<\/p>","protected":false},"excerpt":{"rendered":"<p>Bucket Cylinder For Caterpillar Middle Excavator E320DLRR Introduction The bucket cylinder for Caterpillar middle excavator E320DLRR is a specially designed hydraulic cylinder used to control the movement of the bucket in heavy machinery such as excavators, backhoe loaders, and front-end loaders. Its main function is to enable the lifting, lowering, and tilting of the bucket, [&hellip;]<\/p>","protected":false},"featured_media":14780,"comment_status":"open","ping_status":"closed","template":"","meta":{"_et_pb_use_builder":"","_et_pb_old_content":"","_et_gb_content_width":""},"product_brand":[],"product_cat":[1494],"product_tag":[1495,1496],"class_list":{"0":"post-15228","1":"product","2":"type-product","3":"status-publish","4":"has-post-thumbnail","6":"product_cat-bucket-cylinders","7":"product_tag-bucket-cylinders","8":"product_tag-hydraulic-cylinders","10":"first","11":"instock","12":"shipping-taxable","13":"product-type-simple"},"amp_enabled":true,"_links":{"self":[{"href":"https:\/\/www.hydraulic-cylinders.net\/tr\/wp-json\/wp\/v2\/product\/15228","targetHints":{"allow":["GET"]}}],"collection":[{"href":"https:\/\/www.hydraulic-cylinders.net\/tr\/wp-json\/wp\/v2\/product"}],"about":[{"href":"https:\/\/www.hydraulic-cylinders.net\/tr\/wp-json\/wp\/v2\/types\/product"}],"replies":[{"embeddable":true,"href":"https:\/\/www.hydraulic-cylinders.net\/tr\/wp-json\/wp\/v2\/comments?post=15228"}],"wp:featuredmedia":[{"embeddable":true,"href":"https:\/\/www.hydraulic-cylinders.net\/tr\/wp-json\/wp\/v2\/media\/14780"}],"wp:attachment":[{"href":"https:\/\/www.hydraulic-cylinders.net\/tr\/wp-json\/wp\/v2\/media?parent=15228"}],"wp:term":[{"taxonomy":"product_brand","embeddable":true,"href":"https:\/\/www.hydraulic-cylinders.net\/tr\/wp-json\/wp\/v2\/product_brand?post=15228"},{"taxonomy":"product_cat","embeddable":true,"href":"https:\/\/www.hydraulic-cylinders.net\/tr\/wp-json\/wp\/v2\/product_cat?post=15228"},{"taxonomy":"product_tag","embeddable":true,"href":"https:\/\/www.hydraulic-cylinders.net\/tr\/wp-json\/wp\/v2\/product_tag?post=15228"}],"curies":[{"name":"wp","href":"https:\/\/api.w.org\/{rel}","templated":true}]}}