{"id":15231,"date":"2025-01-19T14:16:14","date_gmt":"2025-01-19T14:16:14","guid":{"rendered":"https:\/\/www.hydraulic-cylinders.net\/product\/bucket-cylinder-for-caterpillar-middle-excavator-e320c-320d\/"},"modified":"2025-01-19T14:16:16","modified_gmt":"2025-01-19T14:16:16","slug":"bucket-cylinder-for-caterpillar-middle-excavator-e320c-320d","status":"publish","type":"product","link":"https:\/\/www.hydraulic-cylinders.net\/tr\/urun\/bucket-cylinder-for-caterpillar-middle-excavator-e320c-320d\/","title":{"rendered":"Caterpillar E320C\/320D Orta Boy Ekskavat\u00f6r \u0130\u00e7in Kep\u00e7e Silindiri"},"content":{"rendered":"<h1>Caterpillar E320C\/320D Orta Boy Ekskavat\u00f6r \u0130\u00e7in Kep\u00e7e Silindiri<\/h1>\n<h2>girii\u015f<\/h2>\n<h3>Tan\u0131m<\/h3>\n<p>Kep\u00e7e silindiri, ekskavat\u00f6rler, kaz\u0131c\u0131lar ve \u00f6n y\u00fckleyiciler gibi a\u011f\u0131r makinelerde kep\u00e7enin hareketini kontrol etmek i\u00e7in \u00f6zel olarak tasarlanm\u0131\u015f bir hidrolik silindirdir. Ana i\u015flevi, kep\u00e7enin kald\u0131r\u0131lmas\u0131n\u0131, indirilmesini ve e\u011filmesini sa\u011flayarak \u00e7e\u015fitli malzeme ta\u015f\u0131ma g\u00f6revlerini kolayla\u015ft\u0131rmakt\u0131r. Hidrolik sistemde, kep\u00e7e silindiri hidrolik ya\u011f bas\u0131nc\u0131ndaki de\u011fi\u015fiklikler yoluyla kep\u00e7enin hassas kontrol\u00fcn\u00fc sa\u011flar ve operat\u00f6r\u00fcn a\u011f\u0131r y\u00fckleri verimli bir \u015fekilde ta\u015f\u0131mas\u0131na, karma\u015f\u0131k \u00e7al\u0131\u015fma ortamlar\u0131na ve \u00e7e\u015fitli i\u015f gereksinimlerine uyum sa\u011flamas\u0131na olanak tan\u0131r.<\/p>\n<p><img decoding=\"async\" src=\"https:\/\/www.hydraulic-cylinders.net\/wp-content\/uploads\/2025\/01\/songte-company-2.webp\"\/><\/p>\n<h3>\u00d6zellikler<\/h3>\n<ul>\n<li><strong>Y\u00fcksek Dayan\u0131kl\u0131l\u0131k ve Dayan\u0131kl\u0131l\u0131k:<\/strong> Genellikle y\u00fcksek mukavemetli \u00e7elik veya al\u00fcminyumdan \u00fcretilen bu \u00fcr\u00fcnler, y\u00fcksek bas\u0131nca ve a\u011f\u0131r y\u00fcklere dayanabilir ve zorlu \u00e7al\u0131\u015fma ortamlar\u0131na uyum sa\u011flayabilir. A\u015f\u0131nma ve korozyon direnci g\u00f6z \u00f6n\u00fcnde bulundurularak tasarlanan bu \u00fcr\u00fcnler, kullan\u0131m \u00f6mr\u00fcn\u00fc uzat\u0131r.<\/li>\n<li><strong>Verimli Hidrolik \u00c7al\u0131\u015fma:<\/strong> Hidrolik ya\u011f bas\u0131nc\u0131n\u0131 kullanarak d\u00fczg\u00fcn uzatma ve geri \u00e7ekme hareketi sa\u011flar, kontrol komutlar\u0131na h\u0131zl\u0131 yan\u0131t verir, g\u00fc\u00e7l\u00fc \u00e7eki\u015f ve itme kuvveti sunar, a\u011f\u0131r y\u00fcklerin ve karma\u015f\u0131k i\u015flerin \u00fcstesinden gelmek i\u00e7in uygundur.<\/li>\n<li><strong>\u00c7e\u015fitli T\u00fcrler:<\/strong> Tek y\u00f6nl\u00fc (hidroli\u011fin yaln\u0131zca tek y\u00f6nde kullan\u0131ld\u0131\u011f\u0131) veya \u00e7ift y\u00f6nl\u00fc (hidroli\u011fin iki y\u00f6nde kullan\u0131ld\u0131\u011f\u0131) silindirler, farkl\u0131 \u00e7al\u0131\u015fma gereksinimlerini kar\u015f\u0131lamak \u00fczere ihtiyaca g\u00f6re se\u00e7ilebilir. Baz\u0131 modeller teleskopiktir ve d\u0131\u015f boyutlar\u0131 art\u0131rmadan daha fazla uzatmaya olanak tan\u0131r; bu da s\u0131n\u0131rl\u0131 alana sahip uygulamalar i\u00e7in uygundur.<\/li>\n<li><strong>Geni\u015f Uygulama Alan\u0131:<\/strong> Kep\u00e7e silindirleri, in\u015faat ekipmanlar\u0131nda, tar\u0131m makinelerinde, ekskavat\u00f6rlerde ve y\u00fckleyicilerde yayg\u0131n olarak kullan\u0131lmakta olup, toprak, saman ve di\u011fer malzemelerin kaz\u0131lmas\u0131, y\u00fcklenmesi ve ta\u015f\u0131nmas\u0131 i\u00e7in gerekli deste\u011fi sa\u011flamaktad\u0131r.<\/li>\n<li><strong>De\u011fi\u015ftirilebilir:<\/strong> \u00dcr\u00fcnlerimiz bu hidrolik silindirlerin yerini m\u00fckemmel bir \u015fekilde alarak, uygun maliyetli bir yedek par\u00e7a alternatifi sunmaktad\u0131r.<\/li>\n<\/ul>\n<p><img decoding=\"async\" src=\"https:\/\/www.hydraulic-cylinders.net\/wp-content\/uploads\/2025\/01\/songte-cylinder-head-with-all-kinds-excavator-models.webp\"\/><\/p>\n<h2>Uygulamalar<\/h2>\n<h3>\u0130n\u015faat Ekipmanlar\u0131<\/h3>\n<p>Ekskavat\u00f6rlerde, kep\u00e7e silindirleri topra\u011f\u0131 veya molozu kazmak, y\u00fcklemek ve ta\u015f\u0131mak i\u00e7in \u00e7ok \u00f6nemlidir. Kaz\u0131c\u0131 makinelerde ise kep\u00e7e silindirleri hem kazmaya hem de kald\u0131rmaya yard\u0131mc\u0131 olur. \u00d6n y\u00fckleyicilerde ise y\u00fck\u00fc verimli bir \u015fekilde kald\u0131rmaya ve devirmeye yard\u0131mc\u0131 olurlar.<\/p>\n<h3>Tar\u0131m Makinalar\u0131<\/h3>\n<p>\u00d6n y\u00fckleyicilerde toprak, saman ve di\u011fer malzemelerin kep\u00e7eyle al\u0131nmas\u0131, kald\u0131r\u0131lmas\u0131 ve ta\u015f\u0131nmas\u0131nda kullan\u0131l\u0131r. Ekskavat\u00f6rlerde ise kep\u00e7e silindiri, kep\u00e7enin topra\u011fa n\u00fcfuz etmesini sa\u011flayarak kazmay\u0131 m\u00fcmk\u00fcn k\u0131lar. \u00c7e\u015fitli tar\u0131msal uygulamalar i\u00e7in uygundur.<\/p>\n<h3>Ekskavat\u00f6rler<\/h3>\n<p>Kep\u00e7e silindirleri, toprak, \u00e7ak\u0131l ve di\u011fer malzemeleri kazmak, y\u00fcklemek ve ta\u015f\u0131mak i\u00e7in kullan\u0131l\u0131r. Kep\u00e7e silindiri, kep\u00e7enin topra\u011fa n\u00fcfuz etmesini sa\u011flayarak malzemenin kaz\u0131lmas\u0131n\u0131 m\u00fcmk\u00fcn k\u0131lar.<\/p>\n<h3>Y\u00fckleyiciler<\/h3>\n<p>\u00d6n y\u00fckleyicilerde, y\u00fck\u00fcn verimli bir \u015fekilde kald\u0131r\u0131lmas\u0131na ve devrilmesine yard\u0131mc\u0131 olurlar. \u00c7e\u015fitli end\u00fcstrilerde malzeme y\u00fckleme ve bo\u015faltma i\u00e7in uygundurlar.<\/p>\n<p><img decoding=\"async\" src=\"https:\/\/www.hydraulic-cylinders.net\/wp-content\/uploads\/2025\/01\/songte-bushings-with-all-kinds-of-excavator-models.webp\"\/><\/p>\n<h2>Tasar\u0131m Hususlar\u0131 ve Se\u00e7im Kriterleri<\/h2>\n<h3>Ta\u015f\u0131ma Kapasitesi<\/h3>\n<p>Hidrolik silindirin ta\u015f\u0131ma kapasitesi, silindirin ta\u015f\u0131yabilece\u011fi maksimum y\u00fck\u00fc ifade eder. Bu kapasite, silindirin i\u00e7 \u00e7ap\u0131, piston \u00e7ap\u0131 ve strok uzunlu\u011fu ile belirlenir. Hidrolik silindirin tasar\u0131m\u0131, gerekli y\u00fck\u00fc ta\u015f\u0131yabilecek \u015fekilde yap\u0131lmal\u0131d\u0131r.<\/p>\n<h3>S\u0131zd\u0131rmazl\u0131k<\/h3>\n<p>Hidrolik silindirin s\u0131zd\u0131rmazl\u0131k teknolojisi, kullan\u0131m \u00f6mr\u00fcn\u00fc ve g\u00fcvenilirli\u011fini belirler. Poli\u00fcretan ve nitril kau\u00e7uk gibi y\u00fcksek kaliteli s\u0131zd\u0131rmazl\u0131k malzemelerinin kullan\u0131m\u0131, a\u015f\u0131nmay\u0131 etkili bir \u015fekilde azaltabilir ve silindirin kullan\u0131m \u00f6mr\u00fcn\u00fc uzatabilir.<\/p>\n<h3>Dayan\u0131kl\u0131l\u0131k<\/h3>\n<p>Hidrolik silindirin dayan\u0131kl\u0131l\u0131\u011f\u0131, yap\u0131m\u0131nda kullan\u0131lan malzemeler ve y\u00fczey i\u015flemine ba\u011fl\u0131d\u0131r. Silindir g\u00f6vdesi ve piston kolu genellikle y\u00fcksek kaliteli \u00e7elikten yap\u0131l\u0131r ve y\u00fczey i\u015flemi a\u015f\u0131nma direncini ve korozyon direncini art\u0131rabilir.<\/p>\n<h3>Emniyet<\/h3>\n<p>Hidrolik silindirler, silindir ar\u0131zas\u0131ndan kaynaklanan kazalar\u0131 \u00f6nlemek i\u00e7in g\u00fcvenlik g\u00f6z \u00f6n\u00fcnde bulundurularak tasarlanmal\u0131d\u0131r. Hidrolik sistem, a\u015f\u0131r\u0131 bas\u0131nc\u0131 tahliye edecek \u015fekilde tasarlanmal\u0131 ve hidrolik silindirin tasar\u0131m\u0131nda olas\u0131 a\u015f\u0131r\u0131 y\u00fcklenmeye dayanacak bir g\u00fcvenlik fakt\u00f6r\u00fc bulunmal\u0131d\u0131r.<\/p>\n<h3>Bak\u0131m<\/h3>\n<p>Hidrolik silindirin d\u00fczg\u00fcn \u00e7al\u0131\u015fmas\u0131 i\u00e7in d\u00fczenli bak\u0131m gereklidir. D\u00fczenli inceleme, uygun ya\u011flama, contalar\u0131n de\u011fi\u015ftirilmesi ve kalibrasyon kontrolleri, silindirin uzun \u00f6m\u00fcrl\u00fc olmas\u0131 i\u00e7in \u015fartt\u0131r.<\/p>\n<p><img decoding=\"async\" src=\"https:\/\/hydraulic-cylinders.net\/wp-content\/uploads\/2024\/11\/songte-oil-pipes-and-spare-parts.webp\"\/><\/p>\n<h2>Kurulum ve Bak\u0131m<\/h2>\n<h3>Kurulum<\/h3>\n<p>Hidrolik silindirlerin d\u00fczg\u00fcn \u00e7al\u0131\u015fmas\u0131 i\u00e7in do\u011fru montaj \u015fartt\u0131r. Hidrolik silindir do\u011fru \u015fekilde hizalanmal\u0131 ve silindiri sabitlemek i\u00e7in uygun montaj braketleri kullan\u0131lmal\u0131d\u0131r. Do\u011fru hizalama, su terazisi veya \u015fak\u00fcl kullan\u0131larak sa\u011flanabilir. <\/p>\n<h3>Bak\u0131m<\/h3>\n<p>Hidrolik silindirin uzun \u00f6m\u00fcrl\u00fc olmas\u0131 i\u00e7in d\u00fczenli kontrol, uygun ya\u011flama ve conta de\u011fi\u015fimi gereklidir. Do\u011fru bak\u0131m, ar\u0131zalar\u0131 \u00f6nlemeye ve silindirin kullan\u0131m \u00f6mr\u00fcn\u00fc uzatmaya yard\u0131mc\u0131 olabilir.<\/p>\n<h3>\u00d6nleyici Bak\u0131m<\/h3>\n<ul>\n<li><strong>D\u00fczenli Muayene:<\/strong> Silindirde ve bile\u015fenlerinde herhangi bir a\u015f\u0131nma veya hasar belirtisi olup olmad\u0131\u011f\u0131n\u0131 kontrol etmek.<\/li>\n<li><strong>Uygun Ya\u011flama:<\/strong> Silindirin d\u00fczg\u00fcn \u00e7al\u0131\u015fmas\u0131n\u0131 sa\u011flamak i\u00e7in, hareketli par\u00e7alar\u0131 d\u00fczenli olarak \u00f6nerilen hidrolik ya\u011f ile ya\u011flay\u0131n.<\/li>\n<li><strong>Conta De\u011fi\u015fimi:<\/strong> S\u0131z\u0131nt\u0131lar\u0131 \u00f6nlemek ve g\u00fcvenilirli\u011fi sa\u011flamak i\u00e7in, contalar\u0131 \u00fcreticinin \u00f6nerdi\u011fi \u015fekilde de\u011fi\u015ftirin.<\/li>\n<\/ul>\n<p><img decoding=\"async\" src=\"https:\/\/www.hydraulic-cylinders.net\/wp-content\/uploads\/2025\/01\/songte-chushion-collar.webp\"\/><\/p>\n<h2>G\u00fcvenlik ve \u00c7evresel Hususlar<\/h2>\n<p>Hidrolik silindirlerle \u00e7al\u0131\u015f\u0131rken gerekli g\u00fcvenlik \u00f6nlemlerine uyulmal\u0131d\u0131r. Kazalar\u0131 \u00f6nlemek i\u00e7in silindirin kullan\u0131m\u0131, montaj\u0131 ve bak\u0131m\u0131 i\u00e7in do\u011fru prosed\u00fcrlere uyulmas\u0131 gereklidir. \u00c7evresel hususlar a\u00e7\u0131s\u0131ndan hidrolik ya\u011f\u0131n ve di\u011fer hidrolik silindir bile\u015fenlerinin do\u011fru \u015fekilde kullan\u0131m\u0131 ve imhas\u0131 da \u00f6nemlidir.<\/p>\n<h2>Ar\u0131za Te\u015fhisi ve Sorun Giderme<\/h2>\n<p>Hidrolik silindir ar\u0131zaland\u0131\u011f\u0131nda, sorunu do\u011fru bir \u015fekilde te\u015fhis etmek ve uygun \u00f6nlemleri almak \u00f6nemlidir. Yayg\u0131n sorunlar aras\u0131nda s\u0131z\u0131nt\u0131lar, silindir g\u00f6vdesinde veya milinde hasar ve kontrol valfi ar\u0131zas\u0131 bulunur. Do\u011fru te\u015fhis, sorunun nedenini ve uygun \u00e7\u00f6z\u00fcm\u00fc belirlemeye yard\u0131mc\u0131 olabilir.<\/p>\n<h2>\u015eirket Tan\u0131t\u0131m\u0131<\/h2>\n<p>Biz, hidrolik silindir yedek par\u00e7alar\u0131 \u00fcreticisiyiz. Eksiksiz \u00fcr\u00fcn yelpazemizle, hem yurt i\u00e7i hem de uluslararas\u0131 pazarlarda hidrolik silindirlerin \u00f6nde gelen \u00fcreticilerinden ve toptanc\u0131lar\u0131ndan biri haline geldik. M\u00fckemmel kalite ilkesini benimsiyor ve ince i\u015f\u00e7ilikle \u00fcretilmi\u015f at\u00f6lyelerimizin end\u00fcstriyel \u00fcretim y\u00f6netim stratejisine g\u00fcveniyoruz. At\u00f6lyenin \u00fcretim platformunu s\u00fcrekli geli\u015ftiriyor, \u00fcr\u00fcn kalitesinin \u00fcretim yolunu m\u00fckemmelle\u015ftiriyor ve m\u00fc\u015fterilerimizin \u00e7e\u015fitli ihtiya\u00e7lar\u0131n\u0131 kar\u015f\u0131lamak i\u00e7in y\u00fcksek verimlilik, y\u00fcksek hassasiyet ve y\u00fcksek kalite ilkelerinde g\u00fc\u00e7l\u00fc bir yarat\u0131c\u0131l\u0131k yetene\u011fine sahibiz. <\/p>\n<h3>Profesyonellik<\/h3>\n<p>\u015eirketimiz, \u00fcr\u00fcnlerimizin kalitesini sa\u011flamak ve m\u00fc\u015fterilerimizin ihtiya\u00e7lar\u0131n\u0131 kar\u015f\u0131lamak i\u00e7in profesyonel bir Ar-Ge ekibine ve geli\u015fmi\u015f \u00fcretim ekipman\u0131na sahiptir.<\/p>\n<h3>Uluslararas\u0131 Sertifikasyon<\/h3>\n<p>\u00dcr\u00fcnlerimiz ISO9001, CE ve ROHS gibi uluslararas\u0131 kalite sertifikalar\u0131n\u0131 alm\u0131\u015ft\u0131r; bu da \u00fcr\u00fcnlerimizin uluslararas\u0131 standartlara uygun ve m\u00fckemmel kalitede oldu\u011funu garanti eder.<\/p>\n<h3>\u00d6zelle\u015ftirme Hizmetleri<\/h3>\n<p>M\u00fc\u015fterilerimizin \u00f6zel ihtiya\u00e7lar\u0131n\u0131 kar\u015f\u0131lamak \u00fczere \u00f6zelle\u015ftirilmi\u015f hidrolik silindir hizmetleri sunuyoruz. M\u00fc\u015fterilerimizin \u00f6zel gereksinimlerini kar\u015f\u0131layan hidrolik silindirler tasarlayabilir ve \u00fcretebiliriz.<\/p>\n<h3>\u00dcretim Ekipmanlar\u0131<\/h3>\n<p>\u015eirketimiz, \u00fcr\u00fcnlerimizin do\u011frulu\u011funu ve kalitesini sa\u011flayan CNC torna tezgahlar\u0131, CNC ta\u015flama makineleri ve CNC freze makineleri gibi geli\u015fmi\u015f \u00fcretim ekipmanlar\u0131na sahiptir.<\/p>\n<h3>Sat\u0131\u015f Sonras\u0131 Hizmetler<\/h3>\n<p>M\u00fc\u015fterilerimizin hidrolik silindirlerinin bak\u0131m\u0131n\u0131 ve onar\u0131m\u0131n\u0131 verimli ve etkili bir \u015fekilde yapmalar\u0131na yard\u0131mc\u0131 olmak i\u00e7in par\u00e7a de\u011fi\u015fimi ve yeniden yap\u0131land\u0131rma hizmetleri gibi sat\u0131\u015f sonras\u0131 hizmetler sunuyoruz.<\/p>\n<p><img decoding=\"async\" src=\"https:\/\/www.hydraulic-cylinders.net\/wp-content\/uploads\/2025\/01\/songte-company-3.webp\"\/><\/p>\n<p>Yazar: lyl<\/p>","protected":false},"excerpt":{"rendered":"<p>Bucket Cylinder For Caterpillar Middle Excavator E320C\/320D Introduction Definition A bucket cylinder is a specially designed hydraulic cylinder primarily used to control the movement of the bucket in heavy machinery such as excavators, backhoes, and front loaders. Its main function is to enable the bucket to lift, lower, and tilt, making it easier to handle [&hellip;]<\/p>","protected":false},"featured_media":14773,"comment_status":"open","ping_status":"closed","template":"","meta":{"_et_pb_use_builder":"","_et_pb_old_content":"","_et_gb_content_width":""},"product_brand":[],"product_cat":[1494],"product_tag":[1495,1496],"class_list":{"0":"post-15231","1":"product","2":"type-product","3":"status-publish","4":"has-post-thumbnail","6":"product_cat-bucket-cylinders","7":"product_tag-bucket-cylinders","8":"product_tag-hydraulic-cylinders","10":"first","11":"instock","12":"shipping-taxable","13":"product-type-simple"},"amp_enabled":true,"_links":{"self":[{"href":"https:\/\/www.hydraulic-cylinders.net\/tr\/wp-json\/wp\/v2\/product\/15231","targetHints":{"allow":["GET"]}}],"collection":[{"href":"https:\/\/www.hydraulic-cylinders.net\/tr\/wp-json\/wp\/v2\/product"}],"about":[{"href":"https:\/\/www.hydraulic-cylinders.net\/tr\/wp-json\/wp\/v2\/types\/product"}],"replies":[{"embeddable":true,"href":"https:\/\/www.hydraulic-cylinders.net\/tr\/wp-json\/wp\/v2\/comments?post=15231"}],"wp:featuredmedia":[{"embeddable":true,"href":"https:\/\/www.hydraulic-cylinders.net\/tr\/wp-json\/wp\/v2\/media\/14773"}],"wp:attachment":[{"href":"https:\/\/www.hydraulic-cylinders.net\/tr\/wp-json\/wp\/v2\/media?parent=15231"}],"wp:term":[{"taxonomy":"product_brand","embeddable":true,"href":"https:\/\/www.hydraulic-cylinders.net\/tr\/wp-json\/wp\/v2\/product_brand?post=15231"},{"taxonomy":"product_cat","embeddable":true,"href":"https:\/\/www.hydraulic-cylinders.net\/tr\/wp-json\/wp\/v2\/product_cat?post=15231"},{"taxonomy":"product_tag","embeddable":true,"href":"https:\/\/www.hydraulic-cylinders.net\/tr\/wp-json\/wp\/v2\/product_tag?post=15231"}],"curies":[{"name":"wp","href":"https:\/\/api.w.org\/{rel}","templated":true}]}}