{"id":15232,"date":"2025-01-19T14:16:19","date_gmt":"2025-01-19T14:16:19","guid":{"rendered":"https:\/\/www.hydraulic-cylinders.net\/product\/bucket-cylinder-for-caterpillar-middle-excavator-e320dzcc\/"},"modified":"2025-01-19T14:16:21","modified_gmt":"2025-01-19T14:16:21","slug":"bucket-cylinder-for-caterpillar-middle-excavator-e320dzcc","status":"publish","type":"product","link":"https:\/\/www.hydraulic-cylinders.net\/tr\/urun\/bucket-cylinder-for-caterpillar-middle-excavator-e320dzcc\/","title":{"rendered":"Caterpillar Orta Ekskavat\u00f6r E320DZCC i\u00e7in Kova Silindiri"},"content":{"rendered":"<p><!DOCTYPE html><br \/>\n<html><br \/>\n<head><br \/>\n<title>Caterpillar Orta Ekskavat\u00f6r E320DZCC i\u00e7in Kova Silindiri<\/title><br \/>\n<\/head><br \/>\n<body><\/p>\n<h1>Caterpillar Orta Ekskavat\u00f6r E320DZCC i\u00e7in Kova Silindiri<\/h1>\n<h2>girii\u015f<\/h2>\n<p>Caterpillar E320DZCC orta ekskavat\u00f6r\u00fcn\u00fcn kova silindiri, ekskavat\u00f6rler, beko-y\u00fckleyiciler ve lastikli y\u00fckleyiciler gibi a\u011f\u0131r i\u015f makinelerinde kovan\u0131n hareketini kontrol etmek i\u00e7in kullan\u0131lan \u00f6zel olarak tasarlanm\u0131\u015f bir hidrolik silindirdir. Ana i\u015flevi, kovan\u0131n kald\u0131r\u0131lmas\u0131n\u0131, indirilmesini ve yat\u0131r\u0131lmas\u0131n\u0131 kolayla\u015ft\u0131rmakt\u0131r ve bu sayede \u00e7e\u015fitli malzeme ta\u015f\u0131ma g\u00f6revleri i\u00e7in uygundur. Hidrolik sistemde, kova silindiri, hidrolik ya\u011f\u0131n bas\u0131n\u00e7 de\u011fi\u015fimlerinden yararlanarak kovan\u0131n hassas kontrol\u00fcn\u00fc sa\u011flar ve operat\u00f6rlerin a\u011f\u0131r y\u00fckleri verimli bir \u015fekilde ta\u015f\u0131mas\u0131na, karma\u015f\u0131k \u00e7al\u0131\u015fma ortamlar\u0131na ve \u00e7e\u015fitli i\u015f gereksinimlerine uyum sa\u011flamas\u0131na olanak tan\u0131r.<\/p>\n<p><img decoding=\"async\" src=\"https:\/\/www.hydraulic-cylinders.net\/wp-content\/uploads\/2025\/01\/songte-company-2.webp\" alt=\"\u00dcr\u00fcn G\u00f6rseli\"><\/p>\n<h2>\u00d6zellikler<\/h2>\n<ul>\n<li>Y\u00fcksek Mukavemet ve Dayan\u0131kl\u0131l\u0131k: Genellikle y\u00fcksek mukavemetli \u00e7elik veya al\u00fcminyumdan \u00fcretilir, y\u00fcksek bas\u0131n\u00e7 ve a\u011f\u0131r y\u00fcklere dayan\u0131kl\u0131d\u0131r, zorlu \u00e7al\u0131\u015fma ko\u015fullar\u0131na uyum sa\u011flar, \u00f6mr\u00fcn\u00fc uzatmak i\u00e7in a\u015f\u0131nma ve korozyon direnci dikkate al\u0131narak tasarlanm\u0131\u015ft\u0131r.<\/li>\n<li>Verimli Hidrolik \u00c7al\u0131\u015fma: P\u00fcr\u00fczs\u00fcz uzatma ve geri \u00e7ekme hareketleri elde etmek i\u00e7in hidrolik ya\u011f\u0131n bas\u0131nc\u0131n\u0131 kullan\u0131r, kontrol komutlar\u0131na h\u0131zl\u0131 bir \u015fekilde yan\u0131t verebilir, g\u00fc\u00e7l\u00fc itme ve \u00e7ekme kuvvetleri sa\u011flar, a\u011f\u0131r y\u00fckleri ve karma\u015f\u0131k i\u015f g\u00f6revlerini idare etmek i\u00e7in uygundur.<\/li>\n<li>\u00c7e\u015fitli Tipler: Farkl\u0131 operasyonel gereksinimleri kar\u015f\u0131lamak i\u00e7in tek etkili (sadece tek y\u00f6nde hidrolik kullan\u0131lan) veya \u00e7ift etkili (her iki y\u00f6nde hidrolik kullan\u0131lan) silindirler mevcuttur, baz\u0131 modeller teleskopiktir, d\u0131\u015f boyutlar\u0131 artt\u0131rmadan daha fazla uzatmaya izin verir, s\u0131n\u0131rl\u0131 alana sahip uygulamalar i\u00e7in uygundur.<\/li>\n<li>M\u00fckemmel De\u011fi\u015ftirme: \u00dcr\u00fcn\u00fcm\u00fcz bu hidrolik silindirlerin yerini m\u00fckemmel \u015fekilde alabilir.<\/li>\n<\/ul>\n<p><img decoding=\"async\" src=\"https:\/\/www.hydraulic-cylinders.net\/wp-content\/uploads\/2025\/01\/songte-cylinder-head-with-all-kinds-excavator-models.webp\" alt=\"\u00dcr\u00fcn De\u011fi\u015fimi\"><\/p>\n<h2>Uygulamalar<\/h2>\n<ul>\n<li>\u0130n\u015faat Ekipmanlar\u0131: Ekskavat\u00f6rlerde bulunan bu ekipmanlar, toprak veya moloz kazma, y\u00fckleme ve ta\u015f\u0131ma i\u015flerinde hayati \u00f6nem ta\u015f\u0131r. Beko-Loderlerde ise kova silindiri hem kazma hem de kald\u0131rma i\u015flerinde yard\u0131mc\u0131 olur.<\/li>\n<li>Tar\u0131m Makinalar\u0131: \u00d6n y\u00fckleyicilerde toprak, saman ve di\u011fer malzemeleri kep\u00e7elemek, kald\u0131rmak ve ta\u015f\u0131mak i\u00e7in kullan\u0131l\u0131r.<\/li>\n<li>Ekskavat\u00f6rler: Kova silindiri, kovan\u0131n topra\u011fa n\u00fcfuz etmesini sa\u011flayarak kazma i\u015flemini ger\u00e7ekle\u015ftirir.<\/li>\n<li>Tekerlekli Y\u00fckleyiciler: \u00d6n y\u00fckleyiciler, mallar\u0131n etkili bir \u015fekilde kald\u0131r\u0131lmas\u0131na ve bo\u015falt\u0131lmas\u0131na yard\u0131mc\u0131 olurlar.<\/li>\n<\/ul>\n<h2>Tasar\u0131m Hususlar\u0131 ve Se\u00e7im Kriterleri<\/h2>\n<ul>\n<li>Ta\u015f\u0131ma Kapasitesi: Silindirin a\u011f\u0131r y\u00fcklere dayanma yetene\u011fini tart\u0131\u015f\u0131n.<\/li>\n<li>S\u0131zd\u0131rmazl\u0131k: Poli\u00fcretan ve nitril kau\u00e7uk gibi a\u015f\u0131nmaya dayan\u0131kl\u0131 malzemelerden yap\u0131lm\u0131\u015f piston contalar\u0131 ve piston kolu contalar\u0131 gibi \u00e7e\u015fitli contalar\u0131n kullan\u0131m\u0131n\u0131n \u00f6nemini tart\u0131\u015f\u0131n. A\u015f\u0131nma direncini art\u0131rmak i\u00e7in silindir g\u00f6vdesi ve di\u015fli u\u00e7lar\u0131n\u0131n ince y\u00fczey i\u015fleminden bahsedin. Uygun hidrolik ya\u011f ile d\u00fczenli ya\u011flama ihtiyac\u0131n\u0131 vurgulay\u0131n.<\/li>\n<\/ul>\n<p><img decoding=\"async\" src=\"https:\/\/www.hydraulic-cylinders.net\/wp-content\/uploads\/2025\/01\/songte-oil-pipes-and-spare-parts.webp\" alt=\"Contalar ve Ya\u011flama\"><\/p>\n<h2>Bak\u0131m ve Sorun Giderme<\/h2>\n<ul>\n<li>D\u00fczenli Muayene ve \u00d6nleyici Bak\u0131m: Silindirin uzun \u00f6m\u00fcrl\u00fc olmas\u0131n\u0131 sa\u011flamak i\u00e7in d\u00fczenli muayenelerin ve do\u011fru ya\u011flaman\u0131n \u00f6nemini tart\u0131\u015f\u0131n. Conta de\u011fi\u015fimi ve kalibrasyon kontrolleri gibi yayg\u0131n bak\u0131m g\u00f6revleri i\u00e7in ipu\u00e7lar\u0131 ve \u00e7\u00f6z\u00fcmler sunun.<\/li>\n<\/ul>\n<p><img decoding=\"async\" src=\"https:\/\/www.hydraulic-cylinders.net\/wp-content\/uploads\/2025\/01\/songte-chushion-collar.webp\" alt=\"Bak\u0131m G\u00f6revleri\"><\/p>\n<h2>G\u00fcvenlik Hususlar\u0131 ve \u00c7evresel Fakt\u00f6rler<\/h2>\n<p>Silindiri kullan\u0131rken g\u00fcvenlik \u00f6nlemlerinin \u00f6nemini tart\u0131\u015f\u0131n ve dikkate al\u0131nmas\u0131 gereken \u00e7evresel fakt\u00f6rleri vurgulay\u0131n.<\/p>\n<p><img decoding=\"async\" src=\"https:\/\/www.hydraulic-cylinders.net\/wp-content\/uploads\/2025\/01\/songte-bushings-with-all-kinds-of-excavator-models.webp\" alt=\"G\u00fcvenlik ve \u00c7evresel Fakt\u00f6rler\"><\/p>\n<h2>Ar\u0131za Te\u015fhisi ve Sorun Giderme<\/h2>\n<p>Yayg\u0131n ar\u0131zalar\u0131 belirleyin ve okuyucular\u0131n sorunlar\u0131 etkili bir \u015fekilde te\u015fhis edip \u00e7\u00f6zmelerine yard\u0131mc\u0131 olmak i\u00e7in sorun giderme ipu\u00e7lar\u0131 ve \u00e7\u00f6z\u00fcmleri sunun. Olas\u0131 sorunlar\u0131 en aza indirmek i\u00e7in \u00f6nleyici tedbirler sunun.<\/p>\n<h2>Kurulum K\u0131lavuzu<\/h2>\n<p>\u00dcr\u00fcn\u00fcn do\u011fru montaj\u0131 hakk\u0131nda detayl\u0131 bir k\u0131lavuz sa\u011flay\u0131n, do\u011fru hizalaman\u0131n ve silindiri sabitlemek i\u00e7in uygun montaj braketlerinin kullan\u0131m\u0131n\u0131n \u00f6nemini vurgulay\u0131n.<\/p>\n<h2>Bak\u0131m G\u00f6revleri<\/h2>\n<ul>\n<li>D\u00fczenli Denetim: Herhangi bir sorun veya potansiyel problemi tespit etmek i\u00e7in periyodik denetimlerin \u00f6nemini vurgulay\u0131n.<\/li>\n<li>Uygun Ya\u011flama: D\u00fczg\u00fcn \u00e7al\u0131\u015fmay\u0131 sa\u011flamak ve silindirin \u00f6mr\u00fcn\u00fc uzatmak i\u00e7in d\u00fczenli ya\u011flaman\u0131n \u00f6nemini vurgulay\u0131n.<\/li>\n<li>Conta De\u011fi\u015fimi ve Kalibrasyon Kontrolleri: A\u015f\u0131nm\u0131\u015f contalar\u0131n de\u011fi\u015ftirilmesinin ve optimum performans\u0131n s\u00fcrd\u00fcr\u00fclmesi i\u00e7in kalibrasyon kontrollerinin yap\u0131lmas\u0131n\u0131n \u00f6nemini tart\u0131\u015f\u0131n.<\/li>\n<\/ul>\n<p><img decoding=\"async\" src=\"https:\/\/hzpt.com\/wp-content\/uploads\/2024\/11\/songte-company-1.webp\" alt=\"\u00dcr\u00fcn Bak\u0131m\u0131\"><\/p>\n<h2>\u015eirketimiz Hakk\u0131nda<\/h2>\n<p>Yedek hidrolik silindir \u00fcretiminde uzmanla\u015fm\u0131\u015f bir \u00fcreticiyiz. Geni\u015f \u00fcr\u00fcn yelpazemizle, yurt i\u00e7i ve yurt d\u0131\u015f\u0131 pazarlarda lider hidrolik silindir \u00fcreticilerinden ve toptan da\u011f\u0131t\u0131c\u0131lar\u0131ndan biri haline geldik. M\u00fckemmel kalite ilkelerine ba\u011fl\u0131 kal\u0131yor ve geli\u015fmi\u015f \u00fcretim at\u00f6lyelerimizde end\u00fcstriyel \u00fcretim y\u00f6netimi stratejilerine g\u00fcveniyoruz. Teknolojik yeteneklerimizi, geli\u015fmi\u015f \u00fcretim ekipmanlar\u0131m\u0131z\u0131 ve profesyonel test sistemlerimizi kullanarak, \u00fcretim platformumuzu s\u00fcrekli geli\u015ftiriyor, \u00fcst\u00fcn \u00fcr\u00fcn kalitesi i\u00e7in \u00fcretim s\u00fcrecini optimize ediyor ve g\u00fc\u00e7l\u00fc inovasyon yeteneklerine sahibiz. Y\u00fcksek verimlilik, hassasiyet ve kaliteyi temel prensiplerimiz olarak benimseyerek, m\u00fc\u015fterilerimizin \u00e7e\u015fitli ihtiya\u00e7lar\u0131n\u0131 kar\u015f\u0131lamay\u0131 hedefliyoruz.<\/p>\n<p><img decoding=\"async\" src=\"https:\/\/www.hydraulic-cylinders.net\/wp-content\/uploads\/2025\/01\/songte-company-3.webp\" alt=\"\u015eirket Genel Bak\u0131\u015f\u0131\"><\/p>\n<p>Profesyonellikten, uluslararas\u0131 sertifikasyonlara, g\u00fcmr\u00fck hizmetlerinden, \u00fcretim ekipmanlar\u0131na, sat\u0131\u015f sonras\u0131 hizmetlere kadar \u015firket tan\u0131t\u0131m\u0131m\u0131z\u0131 geni\u015fletiyoruz.<\/p>\n<p>Yazar: lyl<\/p>\n<p><\/body><br \/>\n<\/html><\/p>","protected":false},"excerpt":{"rendered":"<p>Bucket Cylinder For Caterpillar Middle Excavator E320DZCC Bucket Cylinder For Caterpillar Middle Excavator E320DZCC Introduction The bucket cylinder for Caterpillar middle excavator E320DZCC is a specially designed hydraulic cylinder used to control the movement of the bucket in heavy machinery such as excavators, backhoe loaders, and wheel loaders. Its main function is to facilitate the [&hellip;]<\/p>","protected":false},"featured_media":14771,"comment_status":"open","ping_status":"closed","template":"","meta":{"_et_pb_use_builder":"","_et_pb_old_content":"","_et_gb_content_width":""},"product_brand":[],"product_cat":[1494],"product_tag":[1495,1496],"class_list":{"0":"post-15232","1":"product","2":"type-product","3":"status-publish","4":"has-post-thumbnail","6":"product_cat-bucket-cylinders","7":"product_tag-bucket-cylinders","8":"product_tag-hydraulic-cylinders","10":"first","11":"instock","12":"shipping-taxable","13":"product-type-simple"},"amp_enabled":true,"_links":{"self":[{"href":"https:\/\/www.hydraulic-cylinders.net\/tr\/wp-json\/wp\/v2\/product\/15232","targetHints":{"allow":["GET"]}}],"collection":[{"href":"https:\/\/www.hydraulic-cylinders.net\/tr\/wp-json\/wp\/v2\/product"}],"about":[{"href":"https:\/\/www.hydraulic-cylinders.net\/tr\/wp-json\/wp\/v2\/types\/product"}],"replies":[{"embeddable":true,"href":"https:\/\/www.hydraulic-cylinders.net\/tr\/wp-json\/wp\/v2\/comments?post=15232"}],"wp:featuredmedia":[{"embeddable":true,"href":"https:\/\/www.hydraulic-cylinders.net\/tr\/wp-json\/wp\/v2\/media\/14771"}],"wp:attachment":[{"href":"https:\/\/www.hydraulic-cylinders.net\/tr\/wp-json\/wp\/v2\/media?parent=15232"}],"wp:term":[{"taxonomy":"product_brand","embeddable":true,"href":"https:\/\/www.hydraulic-cylinders.net\/tr\/wp-json\/wp\/v2\/product_brand?post=15232"},{"taxonomy":"product_cat","embeddable":true,"href":"https:\/\/www.hydraulic-cylinders.net\/tr\/wp-json\/wp\/v2\/product_cat?post=15232"},{"taxonomy":"product_tag","embeddable":true,"href":"https:\/\/www.hydraulic-cylinders.net\/tr\/wp-json\/wp\/v2\/product_tag?post=15232"}],"curies":[{"name":"wp","href":"https:\/\/api.w.org\/{rel}","templated":true}]}}