{"id":15246,"date":"2025-01-19T14:17:21","date_gmt":"2025-01-19T14:17:21","guid":{"rendered":"https:\/\/www.hydraulic-cylinders.net\/product\/bucket-cylinder-for-caterpillar-large-excavator-e390dl\/"},"modified":"2025-01-19T14:17:23","modified_gmt":"2025-01-19T14:17:23","slug":"bucket-cylinder-for-caterpillar-large-excavator-e390dl","status":"publish","type":"product","link":"https:\/\/www.hydraulic-cylinders.net\/tr\/urun\/bucket-cylinder-for-caterpillar-large-excavator-e390dl\/","title":{"rendered":"Caterpillar B\u00fcy\u00fck Ekskavat\u00f6r E390DL i\u00e7in Kova Silindiri"},"content":{"rendered":"<h2>Caterpillar B\u00fcy\u00fck Ekskavat\u00f6r E390DL i\u00e7in Kova Silindiri<\/h2>\n<h3>girii\u015f<\/h3>\n<p>Caterpillar E390DL b\u00fcy\u00fck ekskavat\u00f6r i\u00e7in bir kova silindiri, ekskavat\u00f6rler, beko-y\u00fckleyiciler ve \u00f6n y\u00fckleyiciler gibi a\u011f\u0131r i\u015f makinelerinde kovan\u0131n hareketini kontrol etmek i\u00e7in tasarlanm\u0131\u015f \u00f6zel bir hidrolik silindirdir. Ana i\u015flevi, kovan\u0131n kald\u0131rma, indirme ve yat\u0131rma i\u015flemlerini sa\u011flayarak \u00e7e\u015fitli malzeme ta\u015f\u0131ma g\u00f6revlerinin daha kolay yap\u0131lmas\u0131n\u0131 sa\u011flamakt\u0131r. Hidrolik sistemde, kova silindirleri hidrolik ya\u011f bas\u0131nc\u0131ndaki de\u011fi\u015fikliklerle hassas kova hareketlerini kontrol ederek operat\u00f6rlerin a\u011f\u0131r y\u00fckleri verimli bir \u015fekilde ta\u015f\u0131mas\u0131n\u0131, karma\u015f\u0131k \u00e7al\u0131\u015fma ortamlar\u0131na ve \u00e7e\u015fitli i\u015f gereksinimlerine uyum sa\u011flamas\u0131n\u0131 sa\u011flar.<\/p>\n<p><img decoding=\"async\" src=\"https:\/\/www.hydraulic-cylinders.net\/wp-content\/uploads\/2025\/01\/songte-company-2.webp\" alt=\"Caterpillar B\u00fcy\u00fck Ekskavat\u00f6r E390DL i\u00e7in Kova Silindiri\" \/><\/p>\n<h3>\u00d6zellikler<\/h3>\n<ul>\n<li>Y\u00fcksek mukavemet ve dayan\u0131kl\u0131l\u0131k: Genellikle y\u00fcksek mukavemetli \u00e7elik veya al\u00fcminyumdan \u00fcretilen bu \u00fcr\u00fcnler, y\u00fcksek bas\u0131nca ve a\u011f\u0131r y\u00fcklere dayanabilir, zorlu \u00e7al\u0131\u015fma ortamlar\u0131na uyum sa\u011flayabilir ve kullan\u0131m \u00f6mr\u00fcn\u00fc uzatmak i\u00e7in a\u015f\u0131nma ve korozyon direnci g\u00f6z \u00f6n\u00fcnde bulundurularak tasarlanm\u0131\u015ft\u0131r.<\/li>\n<li>Verimli hidrolik \u00e7al\u0131\u015fma: D\u00fczg\u00fcn uzatma ve b\u00fcz\u00fclme hareketleri elde etmek i\u00e7in hidrolik ya\u011f bas\u0131nc\u0131n\u0131 kullanarak, kontrol komutlar\u0131na h\u0131zl\u0131 bir \u015fekilde yan\u0131t verebilir, g\u00fc\u00e7l\u00fc itme ve \u00e7ekme kuvvetleri sa\u011flayabilir ve a\u011f\u0131r y\u00fckleri ve karma\u015f\u0131k i\u015f g\u00f6revlerini idare etmek i\u00e7in uygundur.<\/li>\n<li>\u00c7e\u015fitli tipler: Tek etkili (sadece tek y\u00f6nde hidrolik kullan\u0131lan) veya \u00e7ift etkili (iki y\u00f6nde hidrolik kullan\u0131lan) silindirler, farkl\u0131 operasyonel ihtiya\u00e7lar\u0131 kar\u015f\u0131lamak \u00fczere ihtiyaca g\u00f6re se\u00e7ilebilir. Baz\u0131 modeller teleskopiktir ve d\u0131\u015f boyutlar\u0131 art\u0131rmadan daha fazla geni\u015flemeye olanak tan\u0131r, bu da onlar\u0131 s\u0131n\u0131rl\u0131 alana sahip uygulamalar i\u00e7in uygun hale getirir.<\/li>\n<li>Son derece uyumlu: \u00dcr\u00fcn\u00fcm\u00fcz bu hidrolik silindirlerin yerini m\u00fckemmel \u015fekilde alabilir<\/li>\n<li>\u00d6zelle\u015ftirilebilir: Bu \u00fcr\u00fcn\u00fc, \u00f6zel ihtiya\u00e7lar\u0131n\u0131z\u0131 kar\u015f\u0131lamak i\u00e7in, sizin \u00f6zelliklerinize g\u00f6re \u00fcretebiliriz.<\/li>\n<\/ul>\n<p><img decoding=\"async\" src=\"https:\/\/www.hydraulic-cylinders.net\/wp-content\/uploads\/2025\/01\/songte-cylinder-head-with-all-kinds-excavator-models.webp\" alt=\"Caterpillar B\u00fcy\u00fck Ekskavat\u00f6r E390DL i\u00e7in Kova Silindiri\" \/><\/p>\n<h3>Uygulamalar<\/h3>\n<p>Kova silindirleri a\u015fa\u011f\u0131dakiler gibi \u00e7e\u015fitli a\u011f\u0131r hizmet tipi makinelerde yayg\u0131n olarak kullan\u0131l\u0131r:<\/p>\n<ul>\n<li>\u0130n\u015faat ekipmanlar\u0131: Ekskavat\u00f6rlerde, toprak veya moloz kazma, y\u00fckleme ve ta\u015f\u0131mada hayati \u00f6nem ta\u015f\u0131rlar. Beko-loderlerde ise kep\u00e7e silindirleri kazma ve kald\u0131rma i\u015flemlerine yard\u0131mc\u0131 olur.<\/li>\n<li>Tar\u0131m makineleri: \u00d6n y\u00fckleyicilerde toprak, saman ve di\u011fer malzemeleri toplamak, kald\u0131rmak ve ta\u015f\u0131mak i\u00e7in kullan\u0131l\u0131r.<\/li>\n<li>Ekskavat\u00f6rler: Kova silindirleri, kovan\u0131n topra\u011f\u0131 delerek kazma i\u015flemini ger\u00e7ekle\u015ftirmesini sa\u011flar.<\/li>\n<li>Y\u00fckleyiciler: \u00d6n y\u00fckleyicilerde, mallar\u0131n etkili bir \u015fekilde kald\u0131r\u0131lmas\u0131na ve bo\u015falt\u0131lmas\u0131na yard\u0131mc\u0131 olurlar.<\/li>\n<\/ul>\n<h3>Tasar\u0131m ve Se\u00e7im Kriterleri<\/h3>\n<p>Kova silindirlerinin tasar\u0131m\u0131 ve se\u00e7imi s\u0131ras\u0131nda \u00e7e\u015fitli fakt\u00f6rlerin g\u00f6z \u00f6n\u00fcnde bulundurulmas\u0131 gerekir:<\/p>\n<ul>\n<li>Y\u00fck ta\u015f\u0131ma kapasitesi: Kova silindirleri, kullan\u0131ld\u0131klar\u0131 makinelerin y\u00fck\u00fcn\u00fc ve ta\u015f\u0131nan malzemenin a\u011f\u0131rl\u0131\u011f\u0131n\u0131 ta\u015f\u0131yabilecek kapasitede olmal\u0131d\u0131r.<\/li>\n<li>S\u0131zd\u0131rmazl\u0131k: Etkili bir s\u0131zd\u0131rmazl\u0131k sa\u011flamak ve s\u0131z\u0131nt\u0131y\u0131 \u00f6nlemek i\u00e7in piston contalar\u0131, biyel contalar\u0131 ve silecek contalar\u0131 gibi \u00e7e\u015fitli s\u0131zd\u0131rmazl\u0131k elemanlar\u0131 kullan\u0131lmal\u0131d\u0131r.<\/li>\n<li>Dayan\u0131kl\u0131l\u0131k: Kova silindirleri dayan\u0131kl\u0131l\u0131k g\u00f6z \u00f6n\u00fcnde bulundurularak tasarlanmal\u0131, zorlu \u00e7al\u0131\u015fma ko\u015fullar\u0131na, uzun s\u00fcreli kullan\u0131ma ve a\u011f\u0131r y\u00fcklere dayanabilmelidir.<\/li>\n<li>G\u00fcvenlik: Kova silindirleri, g\u00fcvenli \u00e7al\u0131\u015fmay\u0131 garanti alt\u0131na almak ve kazalar\u0131 \u00f6nlemek i\u00e7in s\u0131k\u0131 g\u00fcvenlik standartlar\u0131n\u0131 kar\u015f\u0131layacak \u015fekilde tasarlanmal\u0131 ve \u00fcretilmelidir.<\/li>\n<li>Bak\u0131m: Kova silindirleri, gerekti\u011finde s\u00f6k\u00fclmesi, onar\u0131lmas\u0131 ve par\u00e7alar\u0131n\u0131n de\u011fi\u015ftirilmesi kolay olacak \u015fekilde, bak\u0131m\u0131 kolay olacak \u015fekilde tasarlanmal\u0131d\u0131r.<\/li>\n<\/ul>\n<p><img decoding=\"async\" src=\"https:\/\/www.hydraulic-cylinders.net\/wp-content\/uploads\/2025\/01\/songte-oil-pipes-and-spare-parts.webp\" alt=\"Caterpillar B\u00fcy\u00fck Ekskavat\u00f6r E390DL i\u00e7in Kova Silindiri\" \/><\/p>\n<h3>S\u0131zd\u0131rmazl\u0131k ve Ya\u011flama<\/h3>\n<p>Kova silindirlerinin d\u00fczg\u00fcn \u00e7al\u0131\u015fmas\u0131 i\u00e7in uygun s\u0131zd\u0131rmazl\u0131k ve ya\u011flamaya ihtiya\u00e7lar\u0131 vard\u0131r. Bu, poli\u00fcretan ve nitril kau\u00e7uk gibi dayan\u0131kl\u0131 malzemelerden yap\u0131lm\u0131\u015f piston contalar\u0131, piston kolu contalar\u0131 ve silecek contalar\u0131 gibi \u00e7e\u015fitli s\u0131zd\u0131rmazl\u0131k bile\u015fenlerinin kullan\u0131lmas\u0131n\u0131n yan\u0131 s\u0131ra, a\u015f\u0131nma direncini art\u0131rmak i\u00e7in silindir g\u00f6vdesi ve di\u015fli y\u00fczeylerinin hassas bir \u015fekilde i\u015flenmesini de i\u00e7erir. Uygun ya\u011flamay\u0131 sa\u011flamak i\u00e7in uygun miktarda hidrolik ya\u011f\u0131n d\u00fczenli olarak eklenmesi gerekir.<\/p>\n<h3>Bak\u0131m ve Onar\u0131m<\/h3>\n<p>Kova silindirlerinin uzun \u00f6m\u00fcrl\u00fc olmas\u0131 i\u00e7in d\u00fczenli muayene ve \u00f6nleyici bak\u0131m kritik \u00f6neme sahiptir. Yayg\u0131n bak\u0131m g\u00f6revleri \u015funlard\u0131r:<\/p>\n<ul>\n<li>D\u00fczenli kontrol: Silindirde ya\u011f s\u0131z\u0131nt\u0131s\u0131, \u00e7atlak, ezik veya pas gibi hasar veya a\u015f\u0131nma belirtileri olup olmad\u0131\u011f\u0131n\u0131 kontrol edin.<\/li>\n<li>Ya\u011flama: Kritik y\u00fczeylere d\u00fczenli olarak uygun ya\u011flay\u0131c\u0131y\u0131 uygulay\u0131n.<\/li>\n<li>Conta de\u011fi\u015fimi: Ya\u011f s\u0131z\u0131nt\u0131s\u0131n\u0131 \u00f6nlemek i\u00e7in a\u015f\u0131nm\u0131\u015f veya hasarl\u0131 contalar\u0131 de\u011fi\u015ftirin.<\/li>\n<li>Kalibrasyon kontrol\u00fc: Silindirin d\u00fczg\u00fcn \u00e7al\u0131\u015ft\u0131\u011f\u0131ndan emin olmak i\u00e7in performans\u0131n\u0131 d\u00fczenli olarak kontrol edin.<\/li>\n<\/ul>\n<p><img decoding=\"async\" src=\"https:\/\/www.hydraulic-cylinders.net\/wp-content\/uploads\/2025\/01\/songte-chushion-collar.webp\" alt=\"Caterpillar B\u00fcy\u00fck Ekskavat\u00f6r E390DL i\u00e7in Kova Silindiri\" \/><\/p>\n<h3>G\u00fcvenlik Hususlar\u0131 ve \u00c7evresel Fakt\u00f6rler<\/h3>\n<p>Kova silindirleri dikkatli kullan\u0131lmal\u0131 ve eldiven ve i\u015f botlar\u0131 gibi uygun g\u00fcvenlik ekipmanlar\u0131 kullan\u0131lmal\u0131d\u0131r. Hidrolik ya\u011f ve di\u011fer at\u0131klar\u0131n uygun \u015fekilde bertaraf edilmesi \u00e7evre g\u00fcvenli\u011fi a\u00e7\u0131s\u0131ndan kritik \u00f6neme sahiptir ve yerel d\u00fczenlemelere uygun olarak yap\u0131lmal\u0131d\u0131r.<\/p>\n<h3>Ar\u0131za Te\u015fhisi ve Yayg\u0131n Sorunlar<\/h3>\n<p>Kova silindirlerinin performans\u0131n\u0131 etkileyebilecek yayg\u0131n sorunlar aras\u0131nda ya\u011f s\u0131z\u0131nt\u0131lar\u0131, piston hasar\u0131 ve conta a\u015f\u0131nmas\u0131 bulunur. Bu sorunlar\u0131 te\u015fhis etmek ve \u00e7\u00f6zmek i\u00e7in a\u015fa\u011f\u0131daki ipu\u00e7lar\u0131 yard\u0131mc\u0131 olabilir:<\/p>\n<ul>\n<li>Silindiri hasar veya a\u015f\u0131nma a\u00e7\u0131s\u0131ndan d\u00fczenli olarak kontrol edin.<\/li>\n<li>A\u015f\u0131nm\u0131\u015f veya hasarl\u0131 contalar\u0131 veya bile\u015fenleri de\u011fi\u015ftirin.<\/li>\n<li>Kalibrasyonu gerekti\u011fi gibi kontrol edin ve ayarlay\u0131n.<\/li>\n<\/ul>\n<p><img decoding=\"async\" src=\"https:\/\/www.hydraulic-cylinders.net\/wp-content\/uploads\/2025\/01\/songte-bushings-with-all-kinds-of-excavator-models.webp\" alt=\"Caterpillar B\u00fcy\u00fck Ekskavat\u00f6r E390DL i\u00e7in Kova Silindiri\" \/><\/p>\n<h3>\u015eirketimiz Hakk\u0131nda<\/h3>\n<p>Yurt i\u00e7i ve yurt d\u0131\u015f\u0131 pazarlarda lider bir hidrolik silindir \u00fcreticisi ve toptan da\u011f\u0131t\u0131c\u0131s\u0131y\u0131z. M\u00fckemmel kalite standartlar\u0131n\u0131 takip ediyor, \u00f6zenle tasarlanm\u0131\u015f \u00fcretim at\u00f6lyelerimizde end\u00fcstriyel \u00fcretim y\u00f6netimi stratejilerine g\u00fcveniyor ve teknik yetenek, dijital ileri teknoloji \u00fcretim ekipmanlar\u0131 ve profesyonel test sistemleri kullanarak \u00fcretim platformumuzu ve \u00fcr\u00fcn kalite yollar\u0131m\u0131z\u0131 s\u00fcrekli geli\u015ftiriyoruz. G\u00fc\u00e7l\u00fc inovasyon yeteneklerimiz ve farkl\u0131 m\u00fc\u015fteri ihtiya\u00e7lar\u0131n\u0131 kar\u015f\u0131lamak i\u00e7in y\u00fcksek verimli, y\u00fcksek hassasiyetli ve y\u00fcksek kaliteli \u00fcr\u00fcn ve hizmetler sunuyoruz.<\/p>\n<p><img decoding=\"async\" src=\"https:\/\/hzpt.com\/wp-content\/uploads\/2024\/11\/songte-company-1.webp\" alt=\"Caterpillar B\u00fcy\u00fck Ekskavat\u00f6r E390DL i\u00e7in Kova Silindiri\" \/><\/p>\n<h3>Neden Bizi Se\u00e7melisiniz?<\/h3>\n<ul>\n<li>Profesyonellik: Hidrolik silindir alan\u0131nda uzman, deneyimli profesyonellerden olu\u015fan bir ekibimiz var.<\/li>\n<li>Uluslararas\u0131 sertifikasyon: \u00dcr\u00fcnlerimizin kalitesini garanti alt\u0131na alan ISO9001 ve di\u011fer uluslararas\u0131 sertifikalara sahibiz.<\/li>\n<li>\u00d6zelle\u015ftirme hizmetleri: \u00d6zel ihtiya\u00e7lar\u0131n\u0131z\u0131 kar\u015f\u0131lamak i\u00e7in, sizin belirledi\u011finiz \u00f6zelliklere g\u00f6re \u00f6zelle\u015ftirilmi\u015f \u00fcr\u00fcnler sa\u011flayabiliriz.<\/li>\n<li>Geli\u015fmi\u015f \u00fcretim ekipmanlar\u0131: \u00dcr\u00fcnlerimizin do\u011frulu\u011funu ve kalitesini garantilemek i\u00e7in geli\u015fmi\u015f \u00fcretim ekipmanlar\u0131na g\u00fcveniyoruz.<\/li>\n<li>Sat\u0131\u015f Sonras\u0131 Hizmetler: M\u00fc\u015fterilerimize bak\u0131m, onar\u0131m ve yeniden in\u015fa hizmetleri de dahil olmak \u00fczere m\u00fckemmel sat\u0131\u015f sonras\u0131 hizmetler sunuyoruz.<\/li>\n<\/ul>\n<p>Yazar: lyl<\/p>","protected":false},"excerpt":{"rendered":"<p>Bucket Cylinder for Caterpillar Large Excavator E390DL Introduction A bucket cylinder for a Caterpillar large excavator E390DL is a specialized hydraulic cylinder designed primarily for controlling the movement of the bucket in heavy machinery such as excavators, backhoe loaders, and front-end loaders. Its main function is to enable the bucket to lift, lower, and tilt, [&hellip;]<\/p>","protected":false},"featured_media":14773,"comment_status":"open","ping_status":"closed","template":"","meta":{"_et_pb_use_builder":"","_et_pb_old_content":"","_et_gb_content_width":""},"product_brand":[],"product_cat":[1494],"product_tag":[1495,1496],"class_list":{"0":"post-15246","1":"product","2":"type-product","3":"status-publish","4":"has-post-thumbnail","6":"product_cat-bucket-cylinders","7":"product_tag-bucket-cylinders","8":"product_tag-hydraulic-cylinders","10":"first","11":"instock","12":"shipping-taxable","13":"product-type-simple"},"amp_enabled":true,"_links":{"self":[{"href":"https:\/\/www.hydraulic-cylinders.net\/tr\/wp-json\/wp\/v2\/product\/15246","targetHints":{"allow":["GET"]}}],"collection":[{"href":"https:\/\/www.hydraulic-cylinders.net\/tr\/wp-json\/wp\/v2\/product"}],"about":[{"href":"https:\/\/www.hydraulic-cylinders.net\/tr\/wp-json\/wp\/v2\/types\/product"}],"replies":[{"embeddable":true,"href":"https:\/\/www.hydraulic-cylinders.net\/tr\/wp-json\/wp\/v2\/comments?post=15246"}],"wp:featuredmedia":[{"embeddable":true,"href":"https:\/\/www.hydraulic-cylinders.net\/tr\/wp-json\/wp\/v2\/media\/14773"}],"wp:attachment":[{"href":"https:\/\/www.hydraulic-cylinders.net\/tr\/wp-json\/wp\/v2\/media?parent=15246"}],"wp:term":[{"taxonomy":"product_brand","embeddable":true,"href":"https:\/\/www.hydraulic-cylinders.net\/tr\/wp-json\/wp\/v2\/product_brand?post=15246"},{"taxonomy":"product_cat","embeddable":true,"href":"https:\/\/www.hydraulic-cylinders.net\/tr\/wp-json\/wp\/v2\/product_cat?post=15246"},{"taxonomy":"product_tag","embeddable":true,"href":"https:\/\/www.hydraulic-cylinders.net\/tr\/wp-json\/wp\/v2\/product_tag?post=15246"}],"curies":[{"name":"wp","href":"https:\/\/api.w.org\/{rel}","templated":true}]}}