{"id":15249,"date":"2025-01-19T14:17:33","date_gmt":"2025-01-19T14:17:33","guid":{"rendered":"https:\/\/www.hydraulic-cylinders.net\/product\/bucket-cylinder-for-caterpillar-large-excavator-e336dl\/"},"modified":"2025-01-19T14:17:35","modified_gmt":"2025-01-19T14:17:35","slug":"bucket-cylinder-for-caterpillar-large-excavator-e336dl","status":"publish","type":"product","link":"https:\/\/www.hydraulic-cylinders.net\/tr\/urun\/bucket-cylinder-for-caterpillar-large-excavator-e336dl\/","title":{"rendered":"Caterpillar E336DL B\u00fcy\u00fck Ekskavat\u00f6r \u0130\u00e7in Kep\u00e7e Silindiri"},"content":{"rendered":"<h1>Caterpillar E336DL B\u00fcy\u00fck Ekskavat\u00f6r \u0130\u00e7in Kep\u00e7e Silindiri<\/h1>\n<h2>girii\u015f<\/h2>\n<p>Caterpillar E336DL b\u00fcy\u00fck ekskavat\u00f6r i\u00e7in kep\u00e7e silindiri, ekskavat\u00f6rler, kaz\u0131c\u0131 ekskavat\u00f6rler ve \u00f6n y\u00fckleyiciler gibi a\u011f\u0131r makinelerde kep\u00e7elerin hareketini kontrol etmek i\u00e7in kullan\u0131lan \u00f6zel bir hidrolik silindirdir. Ana i\u015flevi, kep\u00e7enin kald\u0131r\u0131lmas\u0131n\u0131, indirilmesini ve e\u011filmesini sa\u011flayarak \u00e7e\u015fitli malzeme ta\u015f\u0131ma g\u00f6revlerini kolayla\u015ft\u0131rmakt\u0131r. Hidrolik sistemde, kep\u00e7e silindiri, kep\u00e7enin hassas kontrol\u00fcn\u00fc sa\u011flamak i\u00e7in hidrolik ya\u011f\u0131n bas\u0131n\u00e7 de\u011fi\u015fimini kullan\u0131r; bu da operat\u00f6rlerin a\u011f\u0131r y\u00fckleri verimli bir \u015fekilde ta\u015f\u0131mas\u0131na ve karma\u015f\u0131k \u00e7al\u0131\u015fma ortamlar\u0131na ve \u00e7e\u015fitli operasyonel ihtiya\u00e7lara uyum sa\u011flamas\u0131na olanak tan\u0131r.<\/p>\n<p><img decoding=\"async\" src=\"https:\/\/www.hydraulic-cylinders.net\/wp-content\/uploads\/2025\/01\/songte-company-2.webp\" \/><\/p>\n<h2>\u00d6zellikler<\/h2>\n<ul>\n<li>Y\u00fcksek mukavemet ve dayan\u0131kl\u0131l\u0131k: Genellikle y\u00fcksek mukavemetli \u00e7elik veya al\u00fcminyumdan \u00fcretilir, y\u00fcksek bas\u0131nca ve a\u011f\u0131r y\u00fcklere dayanabilir, zorlu \u00e7al\u0131\u015fma ortamlar\u0131 i\u00e7in uygundur, a\u015f\u0131nma ve korozyon direnci dikkate al\u0131narak tasarlanm\u0131\u015ft\u0131r, bu da kullan\u0131m \u00f6mr\u00fcn\u00fc uzat\u0131r.<\/li>\n<li>Verimli hidrolik \u00e7al\u0131\u015fma: Hidrolik ya\u011f\u0131n bas\u0131nc\u0131n\u0131 kullanarak d\u00fczg\u00fcn uzama ve daralma sa\u011flar, kontrol komutlar\u0131na h\u0131zl\u0131 yan\u0131t verebilir, g\u00fc\u00e7l\u00fc itme ve \u00e7ekme kuvveti sunar, a\u011f\u0131r y\u00fcklerin ve karma\u015f\u0131k operasyonel g\u00f6revlerin \u00fcstesinden gelmek i\u00e7in uygundur.<\/li>\n<li>\u00c7e\u015fitli tiplerde mevcuttur: Tek etkili (sadece tek y\u00f6nde hidrolik) veya \u00e7ift etkili (her iki y\u00f6nde de hidrolik) silindirler, farkl\u0131 \u00e7al\u0131\u015fma ihtiya\u00e7lar\u0131n\u0131 kar\u015f\u0131lamak \u00fczere gereksinimlere g\u00f6re se\u00e7ilebilir. Baz\u0131 modeller teleskopiktir ve d\u0131\u015f boyutlar\u0131 art\u0131rmadan daha fazla uzatmaya olanak tan\u0131r, bu da s\u0131n\u0131rl\u0131 alana sahip uygulamalar i\u00e7in uygundur.<\/li>\n<li>Kolay kurulum: Basit montaj noktalar\u0131yla tasarlanm\u0131\u015ft\u0131r, bu da takmay\u0131 ve de\u011fi\u015ftirmeyi kolayla\u015ft\u0131r\u0131r.<\/li>\n<li>D\u00fc\u015f\u00fck bak\u0131m gereksinimi: Minimum bak\u0131m gerektirir, ar\u0131za s\u00fcrelerini ve bak\u0131m maliyetlerini azalt\u0131r.<\/li>\n<\/ul>\n<p><img decoding=\"async\" src=\"https:\/\/www.hydraulic-cylinders.net\/wp-content\/uploads\/2025\/01\/songte-cylinder-head-with-all-kinds-excavator-models.webp\" \/><\/p>\n<h2>Uygulamalar<\/h2>\n<p>Caterpillar E336DL b\u00fcy\u00fck ekskavat\u00f6r i\u00e7in kova silindiri, a\u015fa\u011f\u0131dakiler dahil olmak \u00fczere \u00e7e\u015fitli sekt\u00f6rlerde yayg\u0131n olarak kullan\u0131lmaktad\u0131r:<\/p>\n<h3>\u0130n\u015faat Ekipmanlar\u0131<\/h3>\n<p>Ekskavat\u00f6rlerde, toprak veya moloz kazma, y\u00fckleme ve ta\u015f\u0131ma i\u015flemlerinde kova silindirleri olmazsa olmazd\u0131r. Kaz\u0131c\u0131 ekskavat\u00f6rlerde ise kova silindirleri hem kazma hem de kald\u0131rma i\u015flemlerine yard\u0131mc\u0131 olur. <\/p>\n<h3>Tar\u0131m Makinalar\u0131<\/h3>\n<p>\u00d6n y\u00fckleyicilerde toprak, saman ve di\u011fer malzemelerin kep\u00e7elenmesi, kald\u0131r\u0131lmas\u0131 ve ta\u015f\u0131nmas\u0131nda kullan\u0131l\u0131r. Ekskavat\u00f6rlerde, kep\u00e7enin topra\u011fa n\u00fcfuz etmesini sa\u011flayarak kaz\u0131 i\u015flemini m\u00fcmk\u00fcn k\u0131lar. \u00d6n y\u00fckleyicilerde ise malzemelerin verimli bir \u015fekilde bo\u015falt\u0131lmas\u0131na ve devrilmesine yard\u0131mc\u0131 olurlar.<\/p>\n<p><img decoding=\"async\" src=\"https:\/\/www.hydraulic-cylinders.net\/wp-content\/uploads\/2025\/01\/songte-bushings-with-all-kinds-of-excavator-models.webp\" \/><\/p>\n<h2>Tasar\u0131m Hususlar\u0131 ve Se\u00e7im Kriterleri<\/h2>\n<p>Caterpillar E336DL b\u00fcy\u00fck ekskavat\u00f6r i\u00e7in tasarlanan kova silindiri, birka\u00e7 \u00f6nemli husus g\u00f6z \u00f6n\u00fcnde bulundurularak \u00fcretilmi\u015ftir:<\/p>\n<h3>Ta\u015f\u0131ma Kapasitesi<\/h3>\n<p>Silindir, y\u00fcksek y\u00fcklere ve bas\u0131nca oldu\u011fu kadar zorlu \u00e7al\u0131\u015fma ko\u015fullar\u0131na da dayanmal\u0131d\u0131r.<\/p>\n<h3>S\u0131zd\u0131rmazl\u0131k ve Dayan\u0131kl\u0131l\u0131k<\/h3>\n<p>Silindir, dayan\u0131kl\u0131l\u0131\u011f\u0131 art\u0131rmak i\u00e7in poli\u00fcretan ve nitril kau\u00e7uk gibi a\u015f\u0131nmaya dayan\u0131kl\u0131 malzemelerden yap\u0131lm\u0131\u015f piston contalar\u0131, mil contalar\u0131 vb. \u00e7e\u015fitli contalar kullan\u0131r. Silindir g\u00f6vdesi ve di\u015fli u\u00e7 y\u00fczeyi, a\u015f\u0131nma direncini art\u0131rmak i\u00e7in ince bir \u015fekilde i\u015flenmi\u015ftir. Uygun ya\u011flama i\u00e7in d\u00fczenli ya\u011flama gereklidir.<\/p>\n<h3>G\u00fcvenlik ve Bak\u0131m<\/h3>\n<p>Silindir, kurulumu, de\u011fi\u015ftirilmesi ve bak\u0131m\u0131 kolay olacak \u015fekilde tasarlanm\u0131\u015ft\u0131r; bu da ar\u0131za s\u00fcresini ve bak\u0131m maliyetlerini azalt\u0131r. Do\u011fru \u00e7al\u0131\u015fma ve g\u00fcvenli kullan\u0131m i\u00e7in d\u00fczenli inceleme ve \u00f6nleyici bak\u0131m \u00f6nerilir.<\/p>\n<p><img decoding=\"async\" src=\"https:\/\/www.hydraulic-cylinders.net\/wp-content\/uploads\/2025\/01\/songte-oil-pipes-and-spare-parts.webp\" \/><\/p>\n<h2>Kurulum K\u0131lavuzu<\/h2>\n<p>Caterpillar E336DL b\u00fcy\u00fck ekskavat\u00f6r i\u00e7in kova silindirinin optimum performans ve uzun \u00f6m\u00fcrl\u00fcl\u00fc\u011f\u00fc i\u00e7in do\u011fru montaj \u00e7ok \u00f6nemlidir. Do\u011fru montaj i\u00e7in \u015fu ad\u0131mlar\u0131 izleyin:<\/p>\n<ol>\n<li>Silindirin do\u011fru \u015fekilde hizaland\u0131\u011f\u0131ndan emin olun ve silindiri sabitlemek i\u00e7in uygun montaj braketlerini kullan\u0131n.<\/li>\n<li>Montaj s\u0131ras\u0131nda uygun ya\u011flama maddesi kullan\u0131n ve gerekti\u011finde d\u00fczenli olarak bak\u0131m ya\u011f\u0131 uygulay\u0131n.<\/li>\n<li>Contalar\u0131 d\u00fczenli olarak kontrol edin ve gerekirse de\u011fi\u015ftirin, ayr\u0131ca kalibrasyon kontrollerini ger\u00e7ekle\u015ftirin.<\/li>\n<\/ol>\n<h2>G\u00fcvenlik ve \u00c7evresel Hususlar<\/h2>\n<p>Caterpillar E336DL b\u00fcy\u00fck ekskavat\u00f6r i\u00e7in kova silindiri kullan\u0131l\u0131rken, kazalar\u0131 \u00f6nlemek i\u00e7in g\u00fcvenlik \u00f6nlemleri al\u0131nmal\u0131d\u0131r. Operat\u00f6rler i\u00e7in uygun e\u011fitim ve koruyucu ekipman zorunludur.<\/p>\n<h2>Sorun Giderme ve Yayg\u0131n Sorunlar<\/h2>\n<p>Caterpillar E336DL b\u00fcy\u00fck ekskavat\u00f6r\u00fcn\u00fcn kep\u00e7e silindirinde s\u0131k kar\u015f\u0131la\u015f\u0131lan sorunlar aras\u0131nda s\u0131v\u0131 s\u0131z\u0131nt\u0131lar\u0131, performans d\u00fc\u015f\u00fc\u015f\u00fc ve mekanik ar\u0131zalar yer almaktad\u0131r. Sorunlar\u0131 te\u015fhis etmek ve \u00e7\u00f6zmek i\u00e7in d\u00fczenli bak\u0131m \u00f6nerilir ve uygun yedek par\u00e7alar\u0131n kullan\u0131lmas\u0131 gereklidir.<\/p>\n<h2>Hakk\u0131m\u0131zda<\/h2>\n<p>Hidrolik silindirlerin \u00f6nde gelen \u00fcreticisi ve toptan da\u011f\u0131t\u0131c\u0131s\u0131y\u0131z ve hidrolik silindirlerin de\u011fi\u015ftirilmesi konusunda uzmanla\u015fm\u0131\u015f durumday\u0131z. \u00dcr\u00fcn yelpazemiz eksiksiz olup, hem yurt i\u00e7i hem de uluslararas\u0131 pazarlarda \u00f6nde gelen hidrolik silindir \u00fcreticilerinden ve toptan da\u011f\u0131t\u0131c\u0131lar\u0131ndan biri haline geldik. M\u00fckemmel kalite ilkesine ba\u011fl\u0131 kalarak, teknik yetenekler, dijital y\u00fcksek teknoloji \u00fcretim ekipmanlar\u0131 ve profesyonel test sistemleri kullanarak, ince i\u015f\u00e7ilik gerektiren at\u00f6lyelerin end\u00fcstriyel \u00fcretim y\u00f6netim stratejisine g\u00fcveniyoruz. At\u00f6lyenin \u00fcretim platformunu s\u00fcrekli geli\u015ftiriyor, \u00fcr\u00fcn kalitesi \u00fcretim yolunu iyile\u015ftiriyor ve y\u00fcksek verimlilik, y\u00fcksek hassasiyet ve y\u00fcksek kalite ile m\u00fc\u015fterilerin \u00e7e\u015fitli ihtiya\u00e7lar\u0131n\u0131 kar\u015f\u0131lamak i\u00e7in g\u00fc\u00e7l\u00fc bir yarat\u0131c\u0131l\u0131k yetene\u011fine sahibiz.<\/p>\n<p><img decoding=\"async\" src=\"https:\/\/hzpt.com\/wp-content\/uploads\/2024\/11\/songte-company-1.webp\" \/><\/p>\n<h3>Profesyonellik<\/h3>\n<p>Deneyimli profesyonellerden olu\u015fan ekibimiz, \u00fcretti\u011fimiz her \u00fcr\u00fcn\u00fcn kalitesini garanti eder ve ola\u011fan\u00fcst\u00fc m\u00fc\u015fteri hizmeti sunar.<\/p>\n<h3>Uluslararas\u0131 Sertifikasyon<\/h3>\n<p>\u00dcr\u00fcnlerimiz ISO9001, CE ve di\u011fer uluslararas\u0131 sertifikalar\u0131 alm\u0131\u015ft\u0131r ve bu da \u00fcr\u00fcnlerimizin sekt\u00f6r standartlar\u0131n\u0131 kar\u015f\u0131lad\u0131\u011f\u0131n\u0131 veya a\u015ft\u0131\u011f\u0131n\u0131 garanti eder.<\/p>\n<h3>\u00d6zelle\u015ftirme Hizmetleri<\/h3>\n<p>M\u00fc\u015fterilerimizin \u00f6zel ihtiya\u00e7lar\u0131n\u0131 kar\u015f\u0131lamak \u00fczere \u00f6zelle\u015ftirilmi\u015f hidrolik silindir \u00e7\u00f6z\u00fcmleri sunuyoruz.<\/p>\n<h3>\u00dcretim Ekipmanlar\u0131<\/h3>\n<p>Y\u00fcksek kaliteli hidrolik silindirler \u00fcretmek i\u00e7in dijital, \u00fcst d\u00fczey \u00fcretim ekipmanlar\u0131 kullan\u0131yoruz.<\/p>\n<h3>Sat\u0131\u015f Sonras\u0131 Hizmet<\/h3>\n<p>Bak\u0131m, onar\u0131m ve yedek par\u00e7a de\u011fi\u015fimi de dahil olmak \u00fczere m\u00fckemmel sat\u0131\u015f sonras\u0131 hizmet sunuyoruz.<\/p>\n<p><img decoding=\"async\" src=\"https:\/\/www.hydraulic-cylinders.net\/wp-content\/uploads\/2025\/01\/songte-chushion-collar.webp\" \/><\/p>\n<p>Yazar: lyl.<\/p>","protected":false},"excerpt":{"rendered":"<p>Bucket Cylinder For Caterpillar Large Excavator E336DL Introduction The Bucket Cylinder for Caterpillar Large Excavator E336DL is a specialized hydraulic cylinder primarily used to control the movement of buckets in heavy machinery such as excavators, backhoe excavators, and front-end loaders. Its main function is to enable the bucket to lift, lower, and tilt, making it [&hellip;]<\/p>","protected":false},"featured_media":14765,"comment_status":"open","ping_status":"closed","template":"","meta":{"_et_pb_use_builder":"","_et_pb_old_content":"","_et_gb_content_width":""},"product_brand":[],"product_cat":[1494],"product_tag":[1495,1496],"class_list":{"0":"post-15249","1":"product","2":"type-product","3":"status-publish","4":"has-post-thumbnail","6":"product_cat-bucket-cylinders","7":"product_tag-bucket-cylinders","8":"product_tag-hydraulic-cylinders","10":"first","11":"instock","12":"shipping-taxable","13":"product-type-simple"},"amp_enabled":true,"_links":{"self":[{"href":"https:\/\/www.hydraulic-cylinders.net\/tr\/wp-json\/wp\/v2\/product\/15249","targetHints":{"allow":["GET"]}}],"collection":[{"href":"https:\/\/www.hydraulic-cylinders.net\/tr\/wp-json\/wp\/v2\/product"}],"about":[{"href":"https:\/\/www.hydraulic-cylinders.net\/tr\/wp-json\/wp\/v2\/types\/product"}],"replies":[{"embeddable":true,"href":"https:\/\/www.hydraulic-cylinders.net\/tr\/wp-json\/wp\/v2\/comments?post=15249"}],"wp:featuredmedia":[{"embeddable":true,"href":"https:\/\/www.hydraulic-cylinders.net\/tr\/wp-json\/wp\/v2\/media\/14765"}],"wp:attachment":[{"href":"https:\/\/www.hydraulic-cylinders.net\/tr\/wp-json\/wp\/v2\/media?parent=15249"}],"wp:term":[{"taxonomy":"product_brand","embeddable":true,"href":"https:\/\/www.hydraulic-cylinders.net\/tr\/wp-json\/wp\/v2\/product_brand?post=15249"},{"taxonomy":"product_cat","embeddable":true,"href":"https:\/\/www.hydraulic-cylinders.net\/tr\/wp-json\/wp\/v2\/product_cat?post=15249"},{"taxonomy":"product_tag","embeddable":true,"href":"https:\/\/www.hydraulic-cylinders.net\/tr\/wp-json\/wp\/v2\/product_tag?post=15249"}],"curies":[{"name":"wp","href":"https:\/\/api.w.org\/{rel}","templated":true}]}}