{"id":15255,"date":"2025-01-19T14:18:02","date_gmt":"2025-01-19T14:18:02","guid":{"rendered":"https:\/\/www.hydraulic-cylinders.net\/product\/bucket-cylinder-for-caterpillar-large-excavator-e330d-330l\/"},"modified":"2025-01-19T14:18:04","modified_gmt":"2025-01-19T14:18:04","slug":"bucket-cylinder-for-caterpillar-large-excavator-e330d-330l","status":"publish","type":"product","link":"https:\/\/www.hydraulic-cylinders.net\/tr\/urun\/bucket-cylinder-for-caterpillar-large-excavator-e330d-330l\/","title":{"rendered":"Caterpillar B\u00fcy\u00fck Ekskavat\u00f6r E330D\/330L \u0130\u00e7in Kova Silindiri"},"content":{"rendered":"<h1>Caterpillar B\u00fcy\u00fck Ekskavat\u00f6r E330D\/330L \u0130\u00e7in Kova Silindiri<\/h1>\n<h2>girii\u015f<\/h2>\n<p>Caterpillar E330D\/330L b\u00fcy\u00fck ekskavat\u00f6r i\u00e7in kep\u00e7e silindiri, ekskavat\u00f6rler, kaz\u0131c\u0131lar ve \u00f6n y\u00fckleyiciler gibi a\u011f\u0131r makinelerde kep\u00e7enin hareketini kontrol etmek i\u00e7in \u00f6zel olarak tasarlanm\u0131\u015f bir hidrolik silindirdir. Ana i\u015flevi, kep\u00e7enin kald\u0131r\u0131lmas\u0131n\u0131, indirilmesini ve e\u011filmesini sa\u011flayarak \u00e7e\u015fitli malzeme ta\u015f\u0131ma g\u00f6revlerini kolayla\u015ft\u0131rmakt\u0131r. Hidrolik sistemde, kep\u00e7e silindiri hidrolik ya\u011f bas\u0131nc\u0131ndaki de\u011fi\u015fiklikler yoluyla kep\u00e7enin hassas hareketini kontrol ederek operat\u00f6rlerin a\u011f\u0131r y\u00fckleri verimli bir \u015fekilde ta\u015f\u0131mas\u0131n\u0131 ve karma\u015f\u0131k \u00e7al\u0131\u015fma ortamlar\u0131na ve \u00e7e\u015fitli operasyonel gereksinimlere uyum sa\u011flamas\u0131n\u0131 m\u00fcmk\u00fcn k\u0131lar.<\/p>\n<p><img decoding=\"async\" src=\"https:\/\/www.hydraulic-cylinders.net\/wp-content\/uploads\/2025\/01\/songte-company-2.webp\" \/><\/p>\n<h2>\u00d6zellikler<\/h2>\n<ul>\n<li>\n<h3>Y\u00fcksek G\u00fc\u00e7 ve Dayan\u0131kl\u0131l\u0131k<\/h3>\n<p>Kep\u00e7e silindiri genellikle y\u00fcksek mukavemetli \u00e7elik veya al\u00fcminyumdan yap\u0131l\u0131r; bu malzeme y\u00fcksek bas\u0131nca ve a\u011f\u0131r y\u00fcklere dayanabilir, zorlu \u00e7al\u0131\u015fma ortamlar\u0131na uyum sa\u011flayabilir ve a\u015f\u0131nma ve korozyona kar\u015f\u0131 diren\u00e7 g\u00f6sterecek \u015fekilde tasarlanm\u0131\u015ft\u0131r, b\u00f6ylece kullan\u0131m \u00f6mr\u00fc uzar.<\/p>\n<\/li>\n<li>\n<h3>Verimli Hidrolik \u00c7al\u0131\u015fma<\/h3>\n<p>Kova silindiri, hidrolik ya\u011f\u0131n bas\u0131nc\u0131n\u0131 kullanarak d\u00fczg\u00fcn uzama ve daralma hareketleri ger\u00e7ekle\u015ftirir, kontrol komutlar\u0131na h\u0131zl\u0131 yan\u0131t verebilir, g\u00fc\u00e7l\u00fc itme ve \u00e7ekme kuvvetleri sa\u011flayabilir ve a\u011f\u0131r y\u00fcklerin ve karma\u015f\u0131k operasyonel g\u00f6revlerin \u00fcstesinden gelmek i\u00e7in uygundur.<\/p>\n<\/li>\n<li>\n<h3>\u00c7e\u015fitli Tipler<\/h3>\n<p>Kova silindiri, farkl\u0131 \u00e7al\u0131\u015fma gereksinimlerini kar\u015f\u0131lamak \u00fczere ihtiya\u00e7lara g\u00f6re tek etkili (hidrolik yaln\u0131zca tek y\u00f6nde kullan\u0131l\u0131r) veya \u00e7ift etkili (hidrolik her iki y\u00f6nde de kullan\u0131l\u0131r) silindir olarak se\u00e7ilebilir. Baz\u0131 modeller teleskopiktir ve d\u0131\u015f boyutlar\u0131 art\u0131rmadan daha fazla uzatmaya olanak tan\u0131r; bu da s\u0131n\u0131rl\u0131 alana sahip uygulamalar i\u00e7in uygundur.<\/p>\n<\/li>\n<li>\n<h3>M\u00fckemmel De\u011fi\u015ftirme<\/h3>\n<p>\u00dcr\u00fcnlerimiz bu hidrolik silindirlerin yerini m\u00fckemmel bir \u015fekilde alabilir. \u00c7e\u015fitli tip ve modellerde kova silindirleri sunuyoruz ve m\u00fc\u015fterilerin gereksinimlerine g\u00f6re \u00f6zelle\u015ftirme yapabiliyoruz.<\/p>\n<\/li>\n<li>\n<h3>Geni\u015f Uygulama Alan\u0131<\/h3>\n<p>Kep\u00e7e silindiri, ekskavat\u00f6rler, kaz\u0131c\u0131lar, \u00f6n y\u00fckleyiciler gibi \u00e7e\u015fitli in\u015faat makinelerinde ve y\u00fckleyiciler, ekskavat\u00f6rler vb. gibi tar\u0131m makinelerinde yayg\u0131n olarak kullan\u0131lmaktad\u0131r. Ayr\u0131ca forkliftler gibi di\u011fer malzeme ta\u015f\u0131ma ekipmanlar\u0131nda da kullan\u0131l\u0131r.<\/p>\n<\/li>\n<\/ul>\n<h2>Tasar\u0131m Hususlar\u0131 ve Se\u00e7im Kriterleri<\/h2>\n<ul>\n<li>\n<h3>Ta\u015f\u0131ma Kapasitesi<\/h3>\n<p>Kep\u00e7e silindiri, ta\u015f\u0131nan malzemenin y\u00fck\u00fcne ve bas\u0131nc\u0131na dayanabilmeli ve silindirin ta\u015f\u0131ma kapasitesi, \u00f6zel \u00e7al\u0131\u015fma gereksinimlerine g\u00f6re belirlenmelidir.<\/p>\n<\/li>\n<li>\n<h3>S\u0131zd\u0131rmazl\u0131k Performans\u0131<\/h3>\n<p>Kova silindiri, iyi bir s\u0131zd\u0131rmazl\u0131k performans\u0131 sa\u011flamak ve ya\u011f s\u0131z\u0131nt\u0131s\u0131n\u0131 \u00f6nlemek i\u00e7in poli\u00fcretan ve nitril kau\u00e7uk gibi a\u015f\u0131nmaya dayan\u0131kl\u0131 malzemelerden yap\u0131lm\u0131\u015f piston contalar\u0131 ve mil contalar\u0131 gibi \u00e7e\u015fitli s\u0131zd\u0131rmazl\u0131k elemanlar\u0131 kullan\u0131r. Silindir g\u00f6vdesi ve di\u015fli u\u00e7 y\u00fczeyi, a\u015f\u0131nma direncini art\u0131rmak i\u00e7in ince bir \u015fekilde i\u015flenmi\u015ftir.<\/p>\n<\/li>\n<li>\n<h3>Dayan\u0131kl\u0131l\u0131k<\/h3>\n<p>Kova silindiri y\u00fcksek kaliteli malzemelerden yap\u0131lmal\u0131 ve malzeme se\u00e7imi ile \u00fcretim s\u00fcre\u00e7leri, silindirin dayan\u0131kl\u0131l\u0131\u011f\u0131n\u0131 art\u0131racak ve kullan\u0131m \u00f6mr\u00fcn\u00fc uzatacak \u015fekilde olmal\u0131d\u0131r.<\/p>\n<\/li>\n<li>\n<h3>Emniyet<\/h3>\n<p>Kova silindiri, g\u00fcvenlik hususlar\u0131 dikkate al\u0131narak tasarlanmal\u0131 ve \u00fcretilmeli, g\u00fcvenlik performans\u0131 ise ilgili ulusal ve uluslararas\u0131 standartlara uygun olmal\u0131d\u0131r.<\/p>\n<\/li>\n<li>\n<h3>Bak\u0131m<\/h3>\n<p>Kova silindirinin bak\u0131m\u0131 ve onar\u0131m\u0131 kolay olmal\u0131 ve par\u00e7alar\u0131n\u0131n s\u00f6k\u00fclmesi ve de\u011fi\u015ftirilmesi kolay olmal\u0131d\u0131r. Silindirin iyi \u00e7al\u0131\u015fma ko\u015fullar\u0131nda oldu\u011fundan emin olmak i\u00e7in d\u00fczenli olarak kontrol ve bak\u0131m yap\u0131lmal\u0131d\u0131r.<\/p>\n<\/li>\n<\/ul>\n<p><img decoding=\"async\" src=\"https:\/\/www.hydraulic-cylinders.net\/wp-content\/uploads\/2025\/01\/songte-oil-pipes-and-spare-parts.webp\" \/><\/p>\n<h2>Kurulum ve Bak\u0131m<\/h2>\n<p>Kova silindirinin do\u011fru montaj\u0131 ve bak\u0131m\u0131, uzun vadeli ve g\u00fcvenilir \u00e7al\u0131\u015fmas\u0131n\u0131 sa\u011flamaya yard\u0131mc\u0131 olur. A\u015fa\u011f\u0131da yayg\u0131n bak\u0131m g\u00f6revleri yer almaktad\u0131r:<\/p>\n<h3>D\u00fczenli Muayene<\/h3>\n<p>Kep\u00e7e silindirinin d\u00fczenli olarak kontrol edilmesi, potansiyel sorunlar\u0131n tespit edilmesine ve ar\u0131zalar\u0131n \u00f6nlenmesine yard\u0131mc\u0131 olabilir. Bu kontroller aras\u0131nda hidrolik ya\u011f seviyesinin kontrol edilmesi, contalar\u0131n ve ke\u00e7elerin a\u015f\u0131nma ve hasar a\u00e7\u0131s\u0131ndan kontrol edilmesi ve silindirin \u00e7atlak ve di\u011fer hasarlar a\u00e7\u0131s\u0131ndan kontrol edilmesi yer al\u0131r.<\/p>\n<h3>Ya\u011flama<\/h3>\n<p>Kep\u00e7e silindirinin sorunsuz ve verimli \u00e7al\u0131\u015fmas\u0131 i\u00e7in d\u00fczenli olarak ya\u011flanmas\u0131 gerekir. Uygun hidrolik ya\u011f, \u00fcreticinin tavsiyelerine g\u00f6re se\u00e7ilmeli ve eklenmelidir.<\/p>\n<h3>Conta De\u011fi\u015fimi ve Kalibrasyon Kontrol\u00fc<\/h3>\n<p>Ya\u011f s\u0131z\u0131nt\u0131s\u0131n\u0131 \u00f6nlemek i\u00e7in kova silindirinin contalar\u0131 d\u00fczenli olarak de\u011fi\u015ftirilmelidir. Ayr\u0131ca, silindirin do\u011fru \u00e7al\u0131\u015ft\u0131\u011f\u0131ndan emin olmak i\u00e7in kalibrasyon kontrolleri yap\u0131lmal\u0131d\u0131r.<\/p>\n<h2>G\u00fcvenlik Hususlar\u0131 ve \u00c7evresel Fakt\u00f6rler<\/h2>\n<p>Kova silindirini kullan\u0131rken kazalar\u0131 \u00f6nlemek i\u00e7in g\u00fcvenlik \u00f6nlemlerine uymak \u00f6nemlidir. Yayg\u0131n g\u00fcvenlik \u00f6nlemleri aras\u0131nda koruyucu giysi ve ekipman giymek, i\u015fletme ve bak\u0131m prosed\u00fcrlerine uymak ve uygun aksesuar ve ata\u015fmanlar\u0131 kullanmak yer al\u0131r.<\/p>\n<p><img decoding=\"async\" src=\"https:\/\/www.hydraulic-cylinders.net\/wp-content\/uploads\/2025\/01\/songte-bushings-with-all-kinds-of-excavator-models.webp\" \/><\/p>\n<h2>Sorun Giderme ve Yayg\u0131n Sorunlar<\/h2>\n<p>Kep\u00e7e silindiri \u00e7al\u0131\u015fma s\u0131ras\u0131nda ya\u011f ka\u00e7a\u011f\u0131, yetersiz kuvvet ve anormal ses gibi \u00e7e\u015fitli sorunlarla kar\u015f\u0131la\u015fabilir. Bu sorunlar\u0131 te\u015fhis etmek ve \u00e7\u00f6zmek i\u00e7in, nedenini belirlemek ve uygun \u00f6nlemleri almak gerekir. Yayg\u0131n \u00e7\u00f6z\u00fcmler aras\u0131nda hidrolik bas\u0131nc\u0131n ayarlanmas\u0131, contalar\u0131n de\u011fi\u015ftirilmesi ve hasarl\u0131 par\u00e7alar\u0131n onar\u0131lmas\u0131 veya de\u011fi\u015ftirilmesi yer al\u0131r.<\/p>\n<h2>\u015eirketimiz Hakk\u0131nda<\/h2>\n<p>Biz, hidrolik silindir \u00fcreticisi ve toptanc\u0131s\u0131 olarak, hem yurt i\u00e7i hem de uluslararas\u0131 pazarlarda \u00f6nde gelen bir firmay\u0131z. M\u00fckemmel kalite ilkesine ba\u011fl\u0131 kalarak, ince i\u015f\u00e7ilik gerektiren at\u00f6lyelerin end\u00fcstriyel \u00fcretim y\u00f6netim stratejisine g\u00fcveniyoruz. \u015eirketimiz, at\u00f6lyenin \u00fcretim platformunu s\u00fcrekli geli\u015ftiriyor, \u00fcr\u00fcn\u00fcn kalite \u00fcretim hatt\u0131n\u0131 iyile\u015ftiriyor ve m\u00fc\u015fterilerin \u00e7e\u015fitli ihtiya\u00e7lar\u0131n\u0131 kar\u015f\u0131lamak i\u00e7in g\u00fc\u00e7l\u00fc yarat\u0131c\u0131l\u0131k, y\u00fcksek verimlilik, y\u00fcksek hassasiyet ve y\u00fcksek kaliteli \u00fcr\u00fcnler sunuyor.<\/p>\n<ul>\n<li>\n<h3>Profesyonellik<\/h3>\n<p>\u015eirketimiz, hidrolik silindir tasar\u0131m\u0131 ve imalat\u0131nda zengin deneyime sahip profesyonel bir m\u00fchendis ve teknisyen ekibine sahiptir. M\u00fc\u015fterilere \u00f6zel \u00e7\u00f6z\u00fcmler ve teknik destek sa\u011flayabilirler.<\/p>\n<\/li>\n<li>\n<h3>Uluslararas\u0131 Sertifikasyon<\/h3>\n<p>\u015eirketimizin \u00fcr\u00fcnleri, CE, ISO ve SGS gibi \u00e7e\u015fitli uluslararas\u0131 sertifikalara sahiptir; bu da \u00fcr\u00fcnlerimizin uluslararas\u0131 standartlara ve m\u00fc\u015fteri gereksinimlerine uygun oldu\u011funu garanti eder.<\/p>\n<\/li>\n<li>\n<h3>\u00d6zelle\u015ftirme Hizmeti<\/h3>\n<p>Firmam\u0131z, boyut, bas\u0131n\u00e7 ve malzeme gibi m\u00fc\u015fteri gereksinimlerine g\u00f6re hidrolik silindirleri \u00f6zelle\u015ftirebilir.<\/p>\n<\/li>\n<li>\n<h3>\u00dcretim Ekipmanlar\u0131<\/h3>\n<p>\u015eirketimiz, \u00fcr\u00fcnlerimizin y\u00fcksek kalitesini ve hassasiyetini sa\u011flayabilecek CNC i\u015fleme merkezleri, kaynak robotlar\u0131 ve test ekipmanlar\u0131 gibi geli\u015fmi\u015f \u00fcretim ekipmanlar\u0131na sahiptir.<\/p>\n<\/li>\n<li>\n<h3>Sat\u0131\u015f Sonras\u0131 Hizmet<\/h3>\n<p>\u015eirketimiz, m\u00fc\u015fterilerimizin \u00fcr\u00fcnlerimizi g\u00fcvenle kullanabilmeleri i\u00e7in teknik destek, \u00fcr\u00fcn bak\u0131m\u0131 ve onar\u0131m hizmetleri gibi kapsaml\u0131 sat\u0131\u015f sonras\u0131 hizmetler sunmaktad\u0131r.<\/p>\n<\/li>\n<\/ul>\n<p><img decoding=\"async\" src=\"https:\/\/hzpt.com\/wp-content\/uploads\/2024\/11\/songte-company-1.webp\" \/><\/p>\n<p>Yazar: lyl<\/p>","protected":false},"excerpt":{"rendered":"<p>Bucket Cylinder For Caterpillar Large Excavator E330D\/330L Introduction The bucket cylinder for Caterpillar large excavator E330D\/330L is a specially designed hydraulic cylinder that is mainly used to control the movement of the bucket in heavy machinery such as excavators, backhoes, and front-end loaders. Its main function is to allow the bucket to lift, lower, and [&hellip;]<\/p>","protected":false},"featured_media":14785,"comment_status":"open","ping_status":"closed","template":"","meta":{"_et_pb_use_builder":"","_et_pb_old_content":"","_et_gb_content_width":""},"product_brand":[],"product_cat":[1494],"product_tag":[1495,1496],"class_list":{"0":"post-15255","1":"product","2":"type-product","3":"status-publish","4":"has-post-thumbnail","6":"product_cat-bucket-cylinders","7":"product_tag-bucket-cylinders","8":"product_tag-hydraulic-cylinders","10":"first","11":"instock","12":"shipping-taxable","13":"product-type-simple"},"amp_enabled":true,"_links":{"self":[{"href":"https:\/\/www.hydraulic-cylinders.net\/tr\/wp-json\/wp\/v2\/product\/15255","targetHints":{"allow":["GET"]}}],"collection":[{"href":"https:\/\/www.hydraulic-cylinders.net\/tr\/wp-json\/wp\/v2\/product"}],"about":[{"href":"https:\/\/www.hydraulic-cylinders.net\/tr\/wp-json\/wp\/v2\/types\/product"}],"replies":[{"embeddable":true,"href":"https:\/\/www.hydraulic-cylinders.net\/tr\/wp-json\/wp\/v2\/comments?post=15255"}],"wp:featuredmedia":[{"embeddable":true,"href":"https:\/\/www.hydraulic-cylinders.net\/tr\/wp-json\/wp\/v2\/media\/14785"}],"wp:attachment":[{"href":"https:\/\/www.hydraulic-cylinders.net\/tr\/wp-json\/wp\/v2\/media?parent=15255"}],"wp:term":[{"taxonomy":"product_brand","embeddable":true,"href":"https:\/\/www.hydraulic-cylinders.net\/tr\/wp-json\/wp\/v2\/product_brand?post=15255"},{"taxonomy":"product_cat","embeddable":true,"href":"https:\/\/www.hydraulic-cylinders.net\/tr\/wp-json\/wp\/v2\/product_cat?post=15255"},{"taxonomy":"product_tag","embeddable":true,"href":"https:\/\/www.hydraulic-cylinders.net\/tr\/wp-json\/wp\/v2\/product_tag?post=15255"}],"curies":[{"name":"wp","href":"https:\/\/api.w.org\/{rel}","templated":true}]}}