{"id":15258,"date":"2025-01-19T14:18:14","date_gmt":"2025-01-19T14:18:14","guid":{"rendered":"https:\/\/www.hydraulic-cylinders.net\/product\/bucket-cylinder-for-caterpillar-large-excavator-e374fl\/"},"modified":"2025-01-19T14:18:16","modified_gmt":"2025-01-19T14:18:16","slug":"bucket-cylinder-for-caterpillar-large-excavator-e374fl","status":"publish","type":"product","link":"https:\/\/www.hydraulic-cylinders.net\/tr\/urun\/bucket-cylinder-for-caterpillar-large-excavator-e374fl\/","title":{"rendered":"Caterpillar E374FL B\u00fcy\u00fck Ekskavat\u00f6r \u0130\u00e7in Kep\u00e7e Silindiri"},"content":{"rendered":"<p><!DOCTYPE html><br \/>\n<html><br \/>\n<head><br \/>\n<title>Caterpillar E374FL B\u00fcy\u00fck Ekskavat\u00f6r \u0130\u00e7in Kep\u00e7e Silindiri<\/title><br \/>\n<\/head><br \/>\n<body><\/p>\n<h1>Caterpillar E374FL B\u00fcy\u00fck Ekskavat\u00f6r \u0130\u00e7in Kep\u00e7e Silindiri<\/h1>\n<h2>girii\u015f<\/h2>\n<p>Caterpillar E374FL b\u00fcy\u00fck ekskavat\u00f6r i\u00e7in \u00f6zel olarak tasarlanm\u0131\u015f hidrolik silindir olan kep\u00e7e silindiri, ekskavat\u00f6rler, kaz\u0131c\u0131 y\u00fckleyiciler ve \u00f6n y\u00fckleyiciler gibi a\u011f\u0131r makinelerde kep\u00e7enin hareketini kontrol eder. Ba\u015fl\u0131ca i\u015flevi, kep\u00e7enin kald\u0131r\u0131lmas\u0131n\u0131, indirilmesini ve e\u011filmesini sa\u011flayarak \u00e7e\u015fitli malzeme ta\u015f\u0131ma g\u00f6revleri i\u00e7in uygun hale getirmektir. Hidrolik sistemde, kep\u00e7e silindiri, kep\u00e7enin hassas kontrol\u00fcn\u00fc sa\u011flamak i\u00e7in hidrolik ya\u011f\u0131n bas\u0131n\u00e7 de\u011fi\u015fimlerinden yararlan\u0131r; bu da operat\u00f6rlerin a\u011f\u0131r y\u00fckleri verimli bir \u015fekilde ta\u015f\u0131mas\u0131na ve karma\u015f\u0131k \u00e7al\u0131\u015fma ortamlar\u0131na ve \u00e7e\u015fitli operasyonel ihtiya\u00e7lara uyum sa\u011flamas\u0131na olanak tan\u0131r.<\/p>\n<h3>Tan\u0131m ve A\u00e7\u0131klama<\/h3>\n<p>The bucket cylinder for Caterpillar large excavator E374FL is a hydraulic cylinder specially designed to control the movement of the bucket. It enables the bucket to perform lifting, lowering, and tilting actions, facilitating various material handling tasks. The cylinder operates by utilizing the pressure changes of hydraulic oil in the hydraulic system, allowing precise control of the bucket&#8217;s movements. This ensures efficient handling of heavy loads and enables adaptation to complex work environments and diverse operational requirements.<\/p>\n<p><img decoding=\"async\" src=\"https:\/\/www.hydraulic-cylinders.net\/wp-content\/uploads\/2025\/01\/songte-company-2.webp\" alt=\"Kova Silindiri G\u00f6r\u00fcnt\u00fcs\u00fc\"><\/p>\n<h2>\u00d6zellikler<\/h2>\n<ul>\n<li>Y\u00fcksek Mukavemet ve Dayan\u0131kl\u0131l\u0131k: Genellikle y\u00fcksek mukavemetli \u00e7elik veya al\u00fcminyumdan \u00fcretilen kova silindiri, y\u00fcksek bas\u0131nca ve a\u011f\u0131r y\u00fcklere dayanabilir ve zorlu \u00e7al\u0131\u015fma ortamlar\u0131na uyum sa\u011flar. A\u015f\u0131nma direnci ve korozyon direnci dikkate al\u0131narak tasarlanan kova silindirinin kullan\u0131m \u00f6mr\u00fc uzat\u0131lm\u0131\u015ft\u0131r.<\/li>\n<li>Verimli Hidrolik \u00c7al\u0131\u015fma: Hidrolik ya\u011f\u0131n bas\u0131nc\u0131ndan yararlan\u0131larak, kep\u00e7e silindiri d\u00fczg\u00fcn uzatma ve geri \u00e7ekme hareketleri ger\u00e7ekle\u015ftirir, kontrol komutlar\u0131na h\u0131zl\u0131 yan\u0131t verir ve g\u00fc\u00e7l\u00fc itme ve \u00e7ekme kuvvetleri sa\u011flar. A\u011f\u0131r y\u00fcklerin ve karma\u015f\u0131k operasyonel g\u00f6revlerin ta\u015f\u0131nmas\u0131 i\u00e7in uygundur.<\/li>\n<li>\u00c7e\u015fitli Tipler: Kova silindiri, \u00e7al\u0131\u015fma ihtiya\u00e7lar\u0131na ba\u011fl\u0131 olarak tek etkili (hidrolik bas\u0131n\u00e7 yaln\u0131zca tek y\u00f6nde kullan\u0131l\u0131r) veya \u00e7ift etkili (hidrolik bas\u0131n\u00e7 her iki y\u00f6nde de kullan\u0131l\u0131r) olarak se\u00e7ilebilir. Baz\u0131 modeller teleskopiktir ve d\u0131\u015f boyutlar\u0131 art\u0131rmadan daha fazla uzama sa\u011flayarak s\u0131n\u0131rl\u0131 alana sahip uygulamalar i\u00e7in uygun hale gelir.<\/li>\n<li>M\u00fckemmel Yedek Par\u00e7a: \u00dcr\u00fcn\u00fcm\u00fcz di\u011fer hidrolik silindirlerin yerine m\u00fckemmel \u015fekilde ge\u00e7ebilir. Farkl\u0131 ekskavat\u00f6r modelleri i\u00e7in geni\u015f bir se\u00e7enek yelpazesi sunuyoruz.<\/li>\n<\/ul>\n<p><img decoding=\"async\" src=\"https:\/\/www.hydraulic-cylinders.net\/wp-content\/uploads\/2025\/01\/songte-cylinder-head-with-all-kinds-excavator-models.webp\" alt=\"Kova Silindir Modelleri G\u00f6rseli\"><\/p>\n<h2>Uygulamalar<\/h2>\n<p>Caterpillar E374FL b\u00fcy\u00fck ekskavat\u00f6r i\u00e7in kova silindiri, a\u015fa\u011f\u0131dakiler de dahil olmak \u00fczere \u00e7e\u015fitli sekt\u00f6rlerde uygulama alan\u0131 bulmaktad\u0131r:<\/p>\n<h3>\u0130n\u015faat Ekipmanlar\u0131<\/h3>\n<p>Ekskavat\u00f6rlerde kep\u00e7e silindiri, kazma, y\u00fckleme ve malzeme ta\u015f\u0131ma i\u00e7in hayati \u00f6neme sahiptir. Kaz\u0131c\u0131 y\u00fckleyicilerde ise kep\u00e7e silindiri hem kazmaya hem de kald\u0131rmaya yard\u0131mc\u0131 olur.<\/p>\n<h3>Tar\u0131m Makinalar\u0131<\/h3>\n<p>\u00d6n y\u00fckleyicilerde kullan\u0131lan kep\u00e7e silindiri, toprak, saman ve di\u011fer malzemelerin kep\u00e7eyle al\u0131nmas\u0131, kald\u0131r\u0131lmas\u0131 ve ta\u015f\u0131nmas\u0131 gibi i\u015flerde kullan\u0131l\u0131r.<\/p>\n<h3>Ekskavat\u00f6rler<\/h3>\n<p>Kova silindiri, kovan\u0131n topra\u011fa n\u00fcfuz etmesini sa\u011flayarak kaz\u0131 yap\u0131lmas\u0131n\u0131 sa\u011flar.<\/p>\n<h3>Y\u00fckleyiciler<\/h3>\n<p>\u00d6nden y\u00fcklemeli forkliftlerde, kova silindiri y\u00fck\u00fcn etkili bir \u015fekilde kald\u0131r\u0131lmas\u0131na ve bo\u015falt\u0131lmas\u0131na yard\u0131mc\u0131 olur.<\/p>\n<p>Her bir uygulama \u015fu \u00f6zelliklerle karakterize edilir:<\/p>\n<ul>\n<li>A\u00e7\u0131klama 1<\/li>\n<li>A\u00e7\u0131klama 2<\/li>\n<li>A\u00e7\u0131klama 3<\/li>\n<li>A\u00e7\u0131klama 4<\/li>\n<li>A\u00e7\u0131klama 5<\/li>\n<\/ul>\n<p><img decoding=\"async\" src=\"https:\/\/www.hydraulic-cylinders.net\/wp-content\/uploads\/2025\/01\/songte-oil-pipes-and-spare-parts.webp\" alt=\"Hidrolik Silindir Par\u00e7alar\u0131 G\u00f6rseli\"><\/p>\n<h2>Tasar\u0131m Hususlar\u0131 ve Se\u00e7im Kriterleri<\/h2>\n<p>Caterpillar E374FL b\u00fcy\u00fck ekskavat\u00f6r i\u00e7in kep\u00e7e silindiri tasarlan\u0131rken \u00e7e\u015fitli fakt\u00f6rler dikkate al\u0131n\u0131r:<\/p>\n<h3>Ta\u015f\u0131ma Kapasitesi<\/h3>\n<p>Kova silindiri, y\u00fcksek bas\u0131n\u00e7l\u0131 ve a\u011f\u0131r y\u00fcklere dayanacak \u015fekilde tasarlanm\u0131\u015ft\u0131r ve zorlu \u00e7al\u0131\u015fma ko\u015fullar\u0131nda g\u00fcvenilir performans sa\u011flar.<\/p>\n<h3>S\u0131zd\u0131rmazl\u0131k<\/h3>\n<p>Silindir, poli\u00fcretan ve nitril kau\u00e7uk gibi a\u015f\u0131nmaya dayan\u0131kl\u0131 malzemelerden yap\u0131lm\u0131\u015f piston contalar\u0131 ve mil contalar\u0131 gibi \u00e7e\u015fitli s\u0131zd\u0131rmazl\u0131k bile\u015fenlerini i\u00e7erir. Silindir g\u00f6vdesi ve di\u015fli u\u00e7lar\u0131, a\u015f\u0131nma direncini art\u0131rmak i\u00e7in ince bir i\u015flemden ge\u00e7irilmi\u015ftir. Sorunsuz \u00e7al\u0131\u015fma sa\u011flamak i\u00e7in hidrolik ya\u011f ile d\u00fczenli ya\u011flama gereklidir.<\/p>\n<p><img decoding=\"async\" src=\"https:\/\/www.hydraulic-cylinders.net\/wp-content\/uploads\/2025\/01\/songte-bushings-with-all-kinds-of-excavator-models.webp\" alt=\"Hidrolik Silindir Bur\u00e7lar\u0131 G\u00f6rseli\"><\/p>\n<h2>Bak\u0131m ve \u00d6nleyici Tedbirler<\/h2>\n<h3>D\u00fczenli Muayene<\/h3>\n<p>Kova silindirini d\u00fczenli olarak a\u015f\u0131nma, s\u0131z\u0131nt\u0131 veya hasar belirtileri a\u00e7\u0131s\u0131ndan kontrol edin. T\u00fcm ba\u011flant\u0131lar\u0131n sa\u011flam ve d\u00fczg\u00fcn \u00e7al\u0131\u015ft\u0131\u011f\u0131ndan emin olun.<\/p>\n<h3>Uygun Ya\u011flama<\/h3>\n<p>Apply appropriate lubrication to the cylinder to reduce friction and ensure smooth operation. Refer to the manufacturer&#8217;s guidelines for the recommended lubrication schedule.<\/p>\n<h3>Conta De\u011fi\u015fimi ve Kalibrasyon Kontrolleri<\/h3>\n<p>S\u0131zd\u0131rmazl\u0131k performans\u0131n\u0131n d\u00fczg\u00fcn \u00e7al\u0131\u015fmas\u0131 i\u00e7in a\u015f\u0131nm\u0131\u015f contalar\u0131 periyodik olarak kontrol edin ve de\u011fi\u015ftirin. Silindirin do\u011fru \u015fekilde kontrol edilmesini sa\u011flamak i\u00e7in kalibrasyon kontrolleri yap\u0131n.<\/p>\n<p><img decoding=\"async\" src=\"https:\/\/www.hydraulic-cylinders.net\/wp-content\/uploads\/2025\/01\/songte-chushion-collar.webp\" alt=\"Hidrolik Silindir Yakas\u0131 G\u00f6rseli\"><\/p>\n<h2>G\u00fcvenlik Hususlar\u0131 ve \u00c7evresel Fakt\u00f6rler<\/h2>\n<p>Kova silindiriyle \u00e7al\u0131\u015f\u0131rken, kazalar\u0131 \u00f6nlemek ve g\u00fcvenli bir \u00e7al\u0131\u015fma ortam\u0131 sa\u011flamak i\u00e7in g\u00fcvenlik \u00f6nlemlerine uymak \u00e7ok \u00f6nemlidir. Bunlar \u015funlar\u0131 i\u00e7erir:<\/p>\n<h3>Uygun E\u011fitim<\/h3>\n<p>Kova silindirini kullanan ve bak\u0131m\u0131n\u0131 yapan personelin, onu g\u00fcvenli bir \u015fekilde kullanmak i\u00e7in uygun \u015fekilde e\u011fitildi\u011finden emin olun.<\/p>\n<h3>G\u00fcvenlik \u00d6nlemleri<\/h3>\n<p>Uygun ki\u015fisel koruyucu ekipman giymek ve g\u00fcvenli \u00e7al\u0131\u015fma prosed\u00fcrlerine uymak gibi g\u00fcvenlik \u00f6nlemlerini uygulay\u0131n.<\/p>\n<h2>Sorun Giderme ve Yayg\u0131n Sorunlar<\/h2>\n<p>Kova silindiriyle ilgili sorunlar\u0131 gidermeye \u00e7al\u0131\u015f\u0131rken, a\u015fa\u011f\u0131daki yayg\u0131n sorunlar\u0131 g\u00f6z \u00f6n\u00fcnde bulundurun:<\/p>\n<h3>Say\u0131 1<\/h3>\n<p>1. Sorunun a\u00e7\u0131klamas\u0131.<\/p>\n<h3>Say\u0131 2<\/h3>\n<p>2. Sorunun a\u00e7\u0131klamas\u0131.<\/p>\n<h3>Say\u0131 3<\/h3>\n<p>3. sorunun a\u00e7\u0131klamas\u0131.<\/p>\n<p>Bu sorunlar\u0131 \u00e7\u00f6zmek i\u00e7in a\u015fa\u011f\u0131daki ipu\u00e7lar\u0131n\u0131 ve \u00e7\u00f6z\u00fcmleri g\u00f6z \u00f6n\u00fcnde bulundurun:<\/p>\n<ul>\n<li>Sorun Giderme \u0130pucu 1<\/li>\n<li>Sorun Giderme \u0130pucu 2<\/li>\n<li>Sorun Giderme \u0130pucu 3<\/li>\n<\/ul>\n<p><img decoding=\"async\" src=\"https:\/\/www.hydraulic-cylinders.net\/wp-content\/uploads\/2025\/01\/songte-company-1.webp\" alt=\"\u015eirket \u0130maj\u0131\"><\/p>\n<h2>Kurulum K\u0131lavuzu<\/h2>\n<p>Kep\u00e7e silindirinin do\u011fru montaj\u0131, performans\u0131 ve uzun \u00f6mr\u00fc i\u00e7in \u00e7ok \u00f6nemlidir. Do\u011fru montaj i\u00e7in \u015fu ad\u0131mlar\u0131 izleyin:<\/p>\n<h3>Ad\u0131m 1: Hizalama<\/h3>\n<p>Montaj s\u0131ras\u0131nda silindirin do\u011fru hizaland\u0131\u011f\u0131ndan emin olun. Hassas bir uyum sa\u011flamak i\u00e7in uygun hizalama aletleri ve teknikleri kullan\u0131n.<\/p>\n<h3>Ad\u0131m 2: Montaj<\/h3>\n<p>Montaj s\u0131ras\u0131nda silindiri g\u00fcvenli bir \u015fekilde yerine sabitlemek i\u00e7in uygun montaj braketleri veya ba\u011flant\u0131 elemanlar\u0131 kullan\u0131n.<\/p>\n<h3>Ad\u0131m 3: \u0130nceleme<\/h3>\n<p>Montajdan sonra, t\u00fcm ba\u011flant\u0131lar\u0131n, contalar\u0131n ve ba\u011flant\u0131 elemanlar\u0131n\u0131n s\u0131k\u0131 ve d\u00fczg\u00fcn bir \u015fekilde sabitlendi\u011finden emin olmak i\u00e7in kontrol edin.<\/p>\n<p><img decoding=\"async\" src=\"https:\/\/www.hydraulic-cylinders.net\/wp-content\/uploads\/2025\/01\/songte-company-3.webp\" alt=\"\u015eirket \u0130maj\u0131\"><\/p>\n<h2>\u015eirketimiz Hakk\u0131nda<\/h2>\n<p>Biz, yedek hidrolik silindir \u00fcreticisi ve hem yurti\u00e7i hem de uluslararas\u0131 pazarlarda \u00f6nde gelen \u00fcretici ve toptanc\u0131 firmay\u0131z. M\u00fckemmellik ilkelerine ba\u011fl\u0131 kalarak, geli\u015fmi\u015f \u00fcretim at\u00f6lyelerimizde end\u00fcstriyel \u00fcretim y\u00f6netim stratejilerine g\u00fcveniyoruz. \u015eirketimiz, teknolojik yeteneklere ve dijital y\u00fcksek teknoloji \u00fcretimine yat\u0131r\u0131m yaparak \u00fcretim platformunu s\u00fcrekli olarak geli\u015ftiriyor.<\/p>","protected":false},"excerpt":{"rendered":"<p>Bucket Cylinder For Caterpillar Large Excavator E374FL Bucket Cylinder For Caterpillar Large Excavator E374FL Introduction The bucket cylinder for Caterpillar large excavator E374FL is a specially designed hydraulic cylinder that controls the movement of the bucket in heavy machinery such as excavators, backhoe loaders, and front-end loaders. Its main function is to enable the bucket [&hellip;]<\/p>","protected":false},"featured_media":14780,"comment_status":"open","ping_status":"closed","template":"","meta":{"_et_pb_use_builder":"","_et_pb_old_content":"","_et_gb_content_width":""},"product_brand":[],"product_cat":[1494],"product_tag":[1495,1496],"class_list":{"0":"post-15258","1":"product","2":"type-product","3":"status-publish","4":"has-post-thumbnail","6":"product_cat-bucket-cylinders","7":"product_tag-bucket-cylinders","8":"product_tag-hydraulic-cylinders","10":"first","11":"instock","12":"shipping-taxable","13":"product-type-simple"},"amp_enabled":true,"_links":{"self":[{"href":"https:\/\/www.hydraulic-cylinders.net\/tr\/wp-json\/wp\/v2\/product\/15258","targetHints":{"allow":["GET"]}}],"collection":[{"href":"https:\/\/www.hydraulic-cylinders.net\/tr\/wp-json\/wp\/v2\/product"}],"about":[{"href":"https:\/\/www.hydraulic-cylinders.net\/tr\/wp-json\/wp\/v2\/types\/product"}],"replies":[{"embeddable":true,"href":"https:\/\/www.hydraulic-cylinders.net\/tr\/wp-json\/wp\/v2\/comments?post=15258"}],"wp:featuredmedia":[{"embeddable":true,"href":"https:\/\/www.hydraulic-cylinders.net\/tr\/wp-json\/wp\/v2\/media\/14780"}],"wp:attachment":[{"href":"https:\/\/www.hydraulic-cylinders.net\/tr\/wp-json\/wp\/v2\/media?parent=15258"}],"wp:term":[{"taxonomy":"product_brand","embeddable":true,"href":"https:\/\/www.hydraulic-cylinders.net\/tr\/wp-json\/wp\/v2\/product_brand?post=15258"},{"taxonomy":"product_cat","embeddable":true,"href":"https:\/\/www.hydraulic-cylinders.net\/tr\/wp-json\/wp\/v2\/product_cat?post=15258"},{"taxonomy":"product_tag","embeddable":true,"href":"https:\/\/www.hydraulic-cylinders.net\/tr\/wp-json\/wp\/v2\/product_tag?post=15258"}],"curies":[{"name":"wp","href":"https:\/\/api.w.org\/{rel}","templated":true}]}}