{"id":15259,"date":"2025-01-19T14:18:18","date_gmt":"2025-01-19T14:18:18","guid":{"rendered":"https:\/\/www.hydraulic-cylinders.net\/product\/bucket-cylinder-for-caterpillar-large-excavator-e390d\/"},"modified":"2025-01-19T14:18:20","modified_gmt":"2025-01-19T14:18:20","slug":"bucket-cylinder-for-caterpillar-large-excavator-e390d","status":"publish","type":"product","link":"https:\/\/www.hydraulic-cylinders.net\/tr\/urun\/bucket-cylinder-for-caterpillar-large-excavator-e390d\/","title":{"rendered":"Caterpillar E390D B\u00fcy\u00fck Ekskavat\u00f6r \u0130\u00e7in Kep\u00e7e Silindiri"},"content":{"rendered":"<h1>Caterpillar E390D B\u00fcy\u00fck Ekskavat\u00f6r \u0130\u00e7in Kep\u00e7e Silindiri<\/h1>\n<h2>girii\u015f<\/h2>\n<p>Kep\u00e7e silindiri, ekskavat\u00f6rler, kaz\u0131c\u0131 y\u00fckleyiciler ve \u00f6n y\u00fckleyiciler gibi a\u011f\u0131r makinelerde kep\u00e7enin hareketini kontrol etmek i\u00e7in kullan\u0131lan \u00f6zel olarak tasarlanm\u0131\u015f bir hidrolik silindirdir. Ba\u015fl\u0131ca i\u015flevi, kep\u00e7enin kald\u0131r\u0131lmas\u0131n\u0131, indirilmesini ve e\u011filmesini sa\u011flayarak \u00e7e\u015fitli malzeme ta\u015f\u0131ma g\u00f6revleri i\u00e7in uygun hale getirmektir. Hidrolik sistemde, kep\u00e7e silindiri hidrolik ya\u011f bas\u0131nc\u0131ndaki de\u011fi\u015fiklikler yoluyla kep\u00e7enin hareketlerini hassas bir \u015fekilde kontrol ederek operat\u00f6rlerin a\u011f\u0131r y\u00fckleri verimli bir \u015fekilde ta\u015f\u0131mas\u0131n\u0131 ve karma\u015f\u0131k \u00e7al\u0131\u015fma ortamlar\u0131na ve \u00e7e\u015fitli i\u015f gereksinimlerine uyum sa\u011flamas\u0131n\u0131 m\u00fcmk\u00fcn k\u0131lar. <\/p>\n<p><img decoding=\"async\" src=\"https:\/\/www.hydraulic-cylinders.net\/wp-content\/uploads\/2025\/01\/songte-company-2.webp\"><\/p>\n<h2>\u00d6zellikler<\/h2>\n<ul>\n<li>\n<h3>Y\u00fcksek mukavemet ve dayan\u0131kl\u0131l\u0131k<\/h3>\n<p>Kova silindirleri genellikle y\u00fcksek mukavemetli \u00e7elik veya al\u00fcminyumdan yap\u0131l\u0131r ve y\u00fcksek bas\u0131nca ve a\u011f\u0131r y\u00fcklere dayanabilme \u00f6zelli\u011fi sayesinde zorlu \u00e7al\u0131\u015fma ortamlar\u0131 i\u00e7in uygundur. A\u015f\u0131nma ve korozyon direnci g\u00f6z \u00f6n\u00fcnde bulundurularak tasarlan\u0131rlar, bu da kullan\u0131m \u00f6m\u00fcrlerini uzat\u0131r.<\/p>\n<\/li>\n<li>\n<h3>Verimli hidrolik \u00e7al\u0131\u015fma<\/h3>\n<p>Kova silindirleri, d\u00fczg\u00fcn uzatma ve geri \u00e7ekme hareketleri sa\u011flamak i\u00e7in hidrolik ya\u011f bas\u0131nc\u0131n\u0131 kullan\u0131r. Kontrol komutlar\u0131na h\u0131zl\u0131 bir \u015fekilde yan\u0131t vererek, a\u011f\u0131r y\u00fcklerin ve karma\u015f\u0131k i\u015f g\u00f6revlerinin \u00fcstesinden gelmek i\u00e7in uygun g\u00fc\u00e7l\u00fc itme ve \u00e7ekme kuvvetleri sa\u011flarlar.<\/p>\n<\/li>\n<li>\n<h3>\u00c7e\u015fitli tipler<\/h3>\n<p>Kova silindirleri, \u00e7al\u0131\u015fma ihtiya\u00e7lar\u0131na ba\u011fl\u0131 olarak tek etkili (hidrolik bas\u0131nc\u0131 yaln\u0131zca tek y\u00f6nde kullanan) veya \u00e7ift etkili (hidrolik bas\u0131nc\u0131 her iki y\u00f6nde de kullanan) olabilir. Baz\u0131 modeller teleskopiktir ve d\u0131\u015f boyutlar\u0131 art\u0131rmadan daha fazla uzama sa\u011flayarak s\u0131n\u0131rl\u0131 alana sahip uygulamalar i\u00e7in uygun hale gelir.<\/p>\n<\/li>\n<li>\n<h3>\u00c7e\u015fitli ekskavat\u00f6r modelleriyle uyumludur.<\/h3>\n<p>\u00dcr\u00fcn\u00fcm\u00fcz bu hidrolik silindirlerin yerine m\u00fckemmel bir \u015fekilde ge\u00e7ebilmektedir. <\/p>\n<\/li>\n<\/ul>\n<p><img decoding=\"async\" src=\"https:\/\/www.hydraulic-cylinders.net\/wp-content\/uploads\/2025\/01\/songte-cylinder-head-with-all-kinds-excavator-models.webp\"><\/p>\n<h2>Uygulamalar<\/h2>\n<p>Kep\u00e7e silindirleri, a\u015fa\u011f\u0131dakiler de dahil olmak \u00fczere \u00e7e\u015fitli a\u011f\u0131r makinelerde temel bile\u015fenlerdir:<\/p>\n<ul>\n<li>\n<h3>\u0130n\u015faat Ekipmanlar\u0131<\/h3>\n<p>Ekskavat\u00f6rlerde, toprak veya molozun kaz\u0131lmas\u0131, y\u00fcklenmesi ve ta\u015f\u0131nmas\u0131 i\u00e7in vazge\u00e7ilmezdirler. Kaz\u0131c\u0131 y\u00fckleyicilerde ise kova silindiri hem kazmaya hem de kald\u0131rmaya yard\u0131mc\u0131 olur. <\/p>\n<\/li>\n<li>\n<h3>Tar\u0131m Makinalar\u0131<\/h3>\n<p>\u00d6n y\u00fckleyicilerde toprak, saman ve di\u011fer malzemelerin kep\u00e7elenmesi, kald\u0131r\u0131lmas\u0131 ve ta\u015f\u0131nmas\u0131 i\u00e7in kullan\u0131l\u0131r. <\/p>\n<\/li>\n<li>\n<h3>Ekskavat\u00f6rler<\/h3>\n<p>Kova silindiri, kovan\u0131n topra\u011fa n\u00fcfuz etmesini ve kazma i\u015flemlerini ger\u00e7ekle\u015ftirmesini sa\u011flar. <\/p>\n<\/li>\n<li>\n<h3>\u00d6n y\u00fckleyiciler<\/h3>\n<p>\u00d6n y\u00fckleyicilerde, mallar\u0131n verimli bir \u015fekilde kald\u0131r\u0131lmas\u0131na ve bo\u015falt\u0131lmas\u0131na yard\u0131mc\u0131 olurlar. <\/p>\n<\/li>\n<\/ul>\n<h2>Tasar\u0131m Hususlar\u0131 ve Se\u00e7im Kriterleri<\/h2>\n<p>Kova silindirleri \u00e7e\u015fitli hususlar g\u00f6z \u00f6n\u00fcnde bulundurularak tasarlanm\u0131\u015ft\u0131r:<\/p>\n<ul>\n<li>\n<h3>Ta\u015f\u0131ma kapasitesi<\/h3>\n<p>Kova silindiri, a\u011f\u0131r y\u00fckleri ta\u015f\u0131yabilecek ve y\u00fcksek bas\u0131nca dayanabilecek kadar sa\u011flam olmal\u0131d\u0131r.<\/p>\n<\/li>\n<li>\n<h3>S\u0131zd\u0131rmazl\u0131k<\/h3>\n<p>Silindir, ya\u011f s\u0131z\u0131nt\u0131s\u0131n\u0131 \u00f6nlemek ve uygun bas\u0131nc\u0131 korumak i\u00e7in yeterince s\u0131zd\u0131rmaz hale getirilmelidir. Poli\u00fcretan ve nitril kau\u00e7uk gibi a\u015f\u0131nmaya dayan\u0131kl\u0131 malzemelerden yap\u0131lm\u0131\u015f piston contalar\u0131 ve mil contalar\u0131 gibi y\u00fcksek kaliteli s\u0131zd\u0131rmazl\u0131k malzemeleriyle donat\u0131lmal\u0131d\u0131r.<\/p>\n<\/li>\n<li>\n<h3>Dayan\u0131kl\u0131l\u0131k<\/h3>\n<p>Silindir, zorlu ortamlarda a\u015f\u0131nmaya ve y\u0131pranmaya dayanacak kadar sa\u011flam olmal\u0131 ve silindir g\u00f6vdesi ile di\u015fli u\u00e7lar\u0131, a\u015f\u0131nma direncini art\u0131rmak i\u00e7in ince bir \u015fekilde i\u015flenmelidir.<\/p>\n<\/li>\n<li>\n<h3>Emniyet<\/h3>\n<p>Kazalar\u0131 \u00f6nlemek i\u00e7in silindir, a\u015f\u0131r\u0131 y\u00fck korumas\u0131 ve bas\u0131n\u00e7 tahliye vanalar\u0131 gibi g\u00fcvenlik \u00f6zellikleriyle tasarlanmal\u0131d\u0131r.<\/p>\n<\/li>\n<li>\n<h3>Bak\u0131m kolayl\u0131\u011f\u0131<\/h3>\n<p>Silindirin bak\u0131m\u0131 ve onar\u0131m\u0131 kolay olmal\u0131 ve uzun bir kullan\u0131m \u00f6mr\u00fc i\u00e7in uygun yedek par\u00e7alar\u0131n ve yenileme hizmetlerinin kullan\u0131lmas\u0131 \u00f6nerilir.<\/p>\n<\/li>\n<\/ul>\n<p><img decoding=\"async\" src=\"https:\/\/www.hydraulic-cylinders.net\/wp-content\/uploads\/2025\/01\/songte-oil-pipes-and-spare-parts.webp\"><\/p>\n<h2>S\u0131zd\u0131rmazl\u0131k ve Ya\u011flama<\/h2>\n<p>Kova silindirlerinin optimum performans g\u00f6stermesi i\u00e7in uygun s\u0131zd\u0131rmazl\u0131k ve ya\u011flama gereklidir. Bu, a\u015f\u0131nmaya dayan\u0131kl\u0131 malzemelerden yap\u0131lm\u0131\u015f piston contalar\u0131, mil contalar\u0131 ve silecek contalar\u0131 gibi \u00e7e\u015fitli s\u0131zd\u0131rmazl\u0131k bile\u015fenlerinin kullan\u0131lmas\u0131n\u0131 i\u00e7erir. Silindir g\u00f6vdesi ve di\u015fli u\u00e7lar\u0131, a\u015f\u0131nma direncini art\u0131rmak i\u00e7in i\u015flenmelidir. Sorunsuz \u00e7al\u0131\u015fma sa\u011flamak i\u00e7in hidrolik ya\u011f ile d\u00fczenli ya\u011flama yap\u0131lmas\u0131 \u00f6nerilir.<\/p>\n<h2>Bak\u0131m ve Onar\u0131m<\/h2>\n<p>Kova silindirinin optimum performans\u0131n\u0131 korumak i\u00e7in d\u00fczenli bak\u0131m ve onar\u0131m \u015fartt\u0131r. Yayg\u0131n bak\u0131m g\u00f6revleri aras\u0131nda d\u00fczenli inceleme, uygun ya\u011flama, conta de\u011fi\u015fimi ve kalibrasyon kontrol\u00fc yer al\u0131r. Silindirin \u00f6mr\u00fcn\u00fc uzatmak i\u00e7in do\u011fru montaj, ya\u011flama ve ayarlama da hayati \u00f6nem ta\u015f\u0131r. <\/p>\n<p><img decoding=\"async\" src=\"https:\/\/www.hydraulic-cylinders.net\/wp-content\/uploads\/2025\/01\/songte-chushion-collar.webp\"><\/p>\n<h2>G\u00fcvenlik Hususlar\u0131<\/h2>\n<p>Kova silindirleri uygun g\u00fcvenlik \u00f6nlemleri alt\u0131nda \u00e7al\u0131\u015ft\u0131r\u0131lmal\u0131 ve \u00f6nerilen g\u00fcvenlik y\u00f6nergelerine uyulmal\u0131d\u0131r. Kazalar\u0131 \u00f6nlemek i\u00e7in silindir, yetkili personel taraf\u0131ndan kurulmal\u0131 ve \u00e7al\u0131\u015ft\u0131r\u0131lmal\u0131d\u0131r.<\/p>\n<h2>Ar\u0131za Te\u015fhisi ve Sorun Giderme<\/h2>\n<p>Kep\u00e7e silindirlerinde s\u0131k g\u00f6r\u00fclen ar\u0131zalar aras\u0131nda ya\u011f ka\u00e7a\u011f\u0131, yetersiz g\u00fc\u00e7 ve yava\u015f \u00e7al\u0131\u015fma yer al\u0131r. Etkili ar\u0131za giderme y\u00f6ntemleri aras\u0131nda hidrolik ya\u011f seviyesinin kontrol edilmesi, silindirin hasar veya a\u015f\u0131nma a\u00e7\u0131s\u0131ndan incelenmesi ve a\u015f\u0131nm\u0131\u015f veya hasar g\u00f6rm\u00fc\u015f contalar\u0131n de\u011fi\u015ftirilmesi bulunur. Bu ar\u0131zalar\u0131n olu\u015fmas\u0131n\u0131 \u00f6nlemek i\u00e7in \u00f6nerilen bak\u0131m prosed\u00fcrlerine uyulmas\u0131 \u00e7ok \u00f6nemlidir.<\/p>\n<p><img decoding=\"async\" src=\"https:\/\/www.hydraulic-cylinders.net\/wp-content\/uploads\/2025\/01\/songte-bushings-with-all-kinds-of-excavator-models.webp\"><\/p>\n<h2>Hakk\u0131m\u0131zda<\/h2>\n<p>Komple \u00fcr\u00fcn yelpazesine sahip yedek hidrolik silindir \u00fcreticisiyiz. Yurti\u00e7i ve yurtd\u0131\u015f\u0131 pazarlarda hidrolik silindirlerin \u00f6nde gelen \u00fcreticilerinden ve toptanc\u0131lar\u0131ndan biri haline geldik. M\u00fckemmel kaliteyi takip ediyor, \u00f6zenle tasarlanm\u0131\u015f \u00fcretim at\u00f6lyelerinin end\u00fcstriyel \u00fcretim y\u00f6netim stratejilerine g\u00fcveniyor ve \u00fcretim platformumuzu s\u00fcrekli geli\u015ftiriyor, \u00fcr\u00fcn kalitesi \u00fcretim hatlar\u0131m\u0131z\u0131 iyile\u015ftiriyor ve y\u00fcksek verimlilik, y\u00fcksek hassasiyet ve y\u00fcksek kalite ilkeleriyle m\u00fc\u015fterilerin \u00e7e\u015fitli ihtiya\u00e7lar\u0131n\u0131 kar\u015f\u0131lamak i\u00e7in g\u00fc\u00e7l\u00fc bir yarat\u0131c\u0131l\u0131k yetene\u011fine sahibiz. <\/p>\n<p><img decoding=\"async\" src=\"https:\/\/hzpt.com\/wp-content\/uploads\/2024\/11\/songte-company-1.webp\"><\/p>\n<h3>Profesyonellik<\/h3>\n<p>Y\u00fcksek kalite standartlar\u0131n\u0131 kar\u015f\u0131layacak hidrolik silindirler tasarlayan ve \u00fcreten, alan\u0131nda uzman m\u00fchendis ve teknisyenlerden olu\u015fan bir ekibimiz var. <\/p>\n<h3>Uluslararas\u0131 Sertifikalar<\/h3>\n<p>\u00dcr\u00fcnlerimiz ISO, CE ve SGS dahil olmak \u00fczere \u00e7e\u015fitli uluslararas\u0131 standartlara g\u00f6re sertifikaland\u0131r\u0131lm\u0131\u015ft\u0131r. <\/p>\n<h3>\u00d6zelle\u015ftirme Hizmetleri<\/h3>\n<p>M\u00fc\u015fterilerimizin \u00f6zel gereksinimlerini kar\u015f\u0131lamak \u00fczere, tasar\u0131m, \u00fcretim ve test dahil olmak \u00fczere \u00f6zelle\u015ftirilmi\u015f hidrolik silindirler sa\u011fl\u0131yoruz. <\/p>\n<h3>\u00dcretim Ekipmanlar\u0131<\/h3>\n<p>CNC i\u015fleme merkezleri, hassas ta\u015flama makineleri ve test ekipmanlar\u0131 da dahil olmak \u00fczere geli\u015fmi\u015f ekipmanlar kullan\u0131yoruz. <\/p>\n<h3>Sat\u0131\u015f Sonras\u0131 Hizmetler<\/h3>\n<p>En iyi performans ve dayan\u0131kl\u0131l\u0131\u011f\u0131 sa\u011flamak i\u00e7in bak\u0131m, onar\u0131m ve yeniden yap\u0131land\u0131rma hizmetleri de dahil olmak \u00fczere kapsaml\u0131 sat\u0131\u015f sonras\u0131 hizmetler sunuyoruz. <\/p>\n<p>Yazar: lyl.<\/p>","protected":false},"excerpt":{"rendered":"<p>Bucket Cylinder For Caterpillar Large Excavator E390D Introduction A bucket cylinder is a specially designed hydraulic cylinder used to control the movement of the bucket in heavy machinery, such as excavators, backhoe loaders, and front-end loaders. Its primary function is to allow the bucket to lift, lower and tilt, making it suitable for various material [&hellip;]<\/p>","protected":false},"featured_media":14778,"comment_status":"open","ping_status":"closed","template":"","meta":{"_et_pb_use_builder":"","_et_pb_old_content":"","_et_gb_content_width":""},"product_brand":[],"product_cat":[1494],"product_tag":[1495,1496],"class_list":{"0":"post-15259","1":"product","2":"type-product","3":"status-publish","4":"has-post-thumbnail","6":"product_cat-bucket-cylinders","7":"product_tag-bucket-cylinders","8":"product_tag-hydraulic-cylinders","10":"first","11":"instock","12":"shipping-taxable","13":"product-type-simple"},"amp_enabled":true,"_links":{"self":[{"href":"https:\/\/www.hydraulic-cylinders.net\/tr\/wp-json\/wp\/v2\/product\/15259","targetHints":{"allow":["GET"]}}],"collection":[{"href":"https:\/\/www.hydraulic-cylinders.net\/tr\/wp-json\/wp\/v2\/product"}],"about":[{"href":"https:\/\/www.hydraulic-cylinders.net\/tr\/wp-json\/wp\/v2\/types\/product"}],"replies":[{"embeddable":true,"href":"https:\/\/www.hydraulic-cylinders.net\/tr\/wp-json\/wp\/v2\/comments?post=15259"}],"wp:featuredmedia":[{"embeddable":true,"href":"https:\/\/www.hydraulic-cylinders.net\/tr\/wp-json\/wp\/v2\/media\/14778"}],"wp:attachment":[{"href":"https:\/\/www.hydraulic-cylinders.net\/tr\/wp-json\/wp\/v2\/media?parent=15259"}],"wp:term":[{"taxonomy":"product_brand","embeddable":true,"href":"https:\/\/www.hydraulic-cylinders.net\/tr\/wp-json\/wp\/v2\/product_brand?post=15259"},{"taxonomy":"product_cat","embeddable":true,"href":"https:\/\/www.hydraulic-cylinders.net\/tr\/wp-json\/wp\/v2\/product_cat?post=15259"},{"taxonomy":"product_tag","embeddable":true,"href":"https:\/\/www.hydraulic-cylinders.net\/tr\/wp-json\/wp\/v2\/product_tag?post=15259"}],"curies":[{"name":"wp","href":"https:\/\/api.w.org\/{rel}","templated":true}]}}