{"id":15271,"date":"2025-01-19T14:19:13","date_gmt":"2025-01-19T14:19:13","guid":{"rendered":"https:\/\/www.hydraulic-cylinders.net\/product\/bucket-cylinder-for-doosan-small-excavator-dh55-5\/"},"modified":"2025-01-19T14:19:15","modified_gmt":"2025-01-19T14:19:15","slug":"bucket-cylinder-for-doosan-small-excavator-dh55-5","status":"publish","type":"product","link":"https:\/\/www.hydraulic-cylinders.net\/tr\/urun\/bucket-cylinder-for-doosan-small-excavator-dh55-5\/","title":{"rendered":"Doosan K\u00fc\u00e7\u00fck Ekskavat\u00f6r DH55-5 i\u00e7in Kova Silindiri"},"content":{"rendered":"<h1>Doosan K\u00fc\u00e7\u00fck Ekskavat\u00f6r DH55-5 i\u00e7in Kova Silindiri<\/h1>\n<h2>girii\u015f<\/h2>\n<h3>Doosan DH55-5 K\u00fc\u00e7\u00fck Ekskavat\u00f6r i\u00e7in Kep\u00e7e Silindirinin Tan\u0131mlanmas\u0131<\/h3>\n<p>Kep\u00e7e silindiri, ekskavat\u00f6rler, kaz\u0131c\u0131 y\u00fckleyiciler ve \u00f6n y\u00fckleyiciler gibi a\u011f\u0131r makinelerde kep\u00e7enin hareketini kontrol etmek i\u00e7in \u00f6zel olarak tasarlanm\u0131\u015f bir hidrolik silindirdir. Ana i\u015flevi, kep\u00e7enin kald\u0131r\u0131lmas\u0131n\u0131, indirilmesini ve e\u011filmesini sa\u011flayarak \u00e7e\u015fitli malzeme ta\u015f\u0131ma g\u00f6revlerini kolayla\u015ft\u0131rmakt\u0131r. Hidrolik sistemde, kep\u00e7e silindiri hidrolik ya\u011f bas\u0131nc\u0131n\u0131 de\u011fi\u015ftirerek kep\u00e7enin hassas kontrol\u00fcn\u00fc sa\u011flar ve operat\u00f6rlerin a\u011f\u0131r y\u00fckleri verimli bir \u015fekilde ta\u015f\u0131mas\u0131na, karma\u015f\u0131k \u00e7al\u0131\u015fma ortamlar\u0131na ve \u00e7e\u015fitli operasyonel gereksinimlere uyum sa\u011flamas\u0131na olanak tan\u0131r.<\/p>\n<p><img decoding=\"async\" src=\"https:\/\/www.hydraulic-cylinders.net\/wp-content\/uploads\/2025\/01\/songte-company-2.webp\" alt=\"Kova Silindiri\" \/><\/p>\n<h3>Doosan DH55-5 K\u00fc\u00e7\u00fck Ekskavat\u00f6r i\u00e7in Kep\u00e7e Silindirinin \u00d6zellikleri<\/h3>\n<ul>\n<li>Y\u00fcksek Mukavemet ve Dayan\u0131kl\u0131l\u0131k: Genellikle y\u00fcksek mukavemetli \u00e7elik veya al\u00fcminyumdan \u00fcretilen bu \u00fcr\u00fcn, y\u00fcksek bas\u0131nca ve a\u011f\u0131r y\u00fcklere dayanabilir, zorlu \u00e7al\u0131\u015fma ortamlar\u0131na uyum sa\u011flayabilir ve a\u015f\u0131nma direnci ile korozyon direnci g\u00f6z \u00f6n\u00fcnde bulundurularak tasarlanm\u0131\u015ft\u0131r, bu da kullan\u0131m \u00f6mr\u00fcn\u00fc uzat\u0131r.<\/li>\n<li>Verimli Hidrolik \u00c7al\u0131\u015fma: Hidrolik ya\u011f\u0131n bas\u0131nc\u0131n\u0131 kullanarak d\u00fczg\u00fcn teleskopik hareketler sa\u011flayan bu sistem, kontrol komutlar\u0131na h\u0131zl\u0131 yan\u0131t verebilir, g\u00fc\u00e7l\u00fc itme ve \u00e7ekme kuvvetleri sa\u011flayabilir ve a\u011f\u0131r y\u00fcklerin ve karma\u015f\u0131k operasyonel g\u00f6revlerin \u00fcstesinden gelmek i\u00e7in uygundur.<\/li>\n<li>\u00c7e\u015fitli Tipler: Operasyonel gereksinimlere g\u00f6re tek etkili (sadece tek y\u00f6nde hidrolik) veya \u00e7ift etkili (her iki y\u00f6nde de hidrolik) silindirler se\u00e7ilebilir. Baz\u0131 modeller teleskopiktir ve d\u0131\u015f boyutlar\u0131 art\u0131rmadan daha fazla uzatmaya olanak tan\u0131yarak s\u0131n\u0131rl\u0131 alan uygulamalar\u0131 i\u00e7in uygundur.<\/li>\n<li>De\u011fi\u015ftirilebilir: \u00dcr\u00fcn\u00fcm\u00fcz bu hidrolik silindirlerin yerini m\u00fckemmel \u015fekilde alabilir.<\/li>\n<\/ul>\n<p><img decoding=\"async\" src=\"https:\/\/www.hydraulic-cylinders.net\/wp-content\/uploads\/2025\/01\/songte-cylinder-head-with-all-kinds-excavator-models.webp\" alt=\"Kova Silindir Modelleri\" \/><\/p>\n<h3>Doosan DH55-5 K\u00fc\u00e7\u00fck Ekskavat\u00f6r i\u00e7in Kep\u00e7e Silindirinin Uygulanmas\u0131<\/h3>\n<p>Kova silindiri, a\u015fa\u011f\u0131dakiler gibi \u00e7e\u015fitli a\u011f\u0131r makinelerde yayg\u0131n olarak kullan\u0131lmaktad\u0131r:<\/p>\n<ul>\n<li>\u0130n\u015faat Ekipmanlar\u0131: Ekskavat\u00f6rlerde, toprak veya moloz kazma, y\u00fckleme ve ta\u015f\u0131ma i\u015flemlerinde hayati \u00f6neme sahiptirler. Kaz\u0131c\u0131 y\u00fckleyicilerde ise kova silindirleri hem kazma hem de kald\u0131rma i\u015flemlerine yard\u0131mc\u0131 olur. <\/li>\n<li>Tar\u0131m Makinalar\u0131: \u00d6n y\u00fckleyicilerde toprak, saman ve di\u011fer malzemeleri kep\u00e7elemek, kald\u0131rmak ve ta\u015f\u0131mak i\u00e7in kullan\u0131l\u0131r. <\/li>\n<li>Ekskavat\u00f6rler: Kep\u00e7e silindiri, kep\u00e7enin topra\u011fa n\u00fcfuz etmesini sa\u011flayarak kaz\u0131 i\u015flemini ger\u00e7ekle\u015ftirir. <\/li>\n<li>Y\u00fckleyiciler: \u00d6n y\u00fckleyicilerde, y\u00fck\u00fcn verimli bir \u015fekilde kald\u0131r\u0131lmas\u0131na ve devrilmesine yard\u0131mc\u0131 olurlar. <\/li>\n<\/ul>\n<p>Kova silindirinin her bir uygulama alan\u0131 a\u015fa\u011f\u0131da daha ayr\u0131nt\u0131l\u0131 olarak a\u00e7\u0131klanm\u0131\u015ft\u0131r.<\/p>\n<h3>Tasar\u0131m Hususlar\u0131 ve Se\u00e7im Kriterleri<\/h3>\n<p>Kova silindiri a\u015fa\u011f\u0131daki hususlar dikkate al\u0131narak tasarlanm\u0131\u015ft\u0131r:<\/p>\n<ul>\n<li>Ta\u015f\u0131ma Kapasitesi: Silindir, y\u00fcksek y\u00fcklere dayanabilmeli ve \u00e7al\u0131\u015fma s\u0131ras\u0131nda dengesini koruyabilmelidir.<\/li>\n<li>S\u0131zd\u0131rmazl\u0131k: Silindir, s\u0131v\u0131 s\u0131z\u0131nt\u0131s\u0131n\u0131 \u00f6nlemek ve uygun bas\u0131nc\u0131 korumak i\u00e7in s\u0131zd\u0131rmaz hale getirilmelidir.<\/li>\n<li>Dayan\u0131kl\u0131l\u0131k: Silindir, zorlu \u00e7al\u0131\u015fma ko\u015fullar\u0131na dayanacak ve a\u015f\u0131nmaya ve korozyona kar\u015f\u0131 diren\u00e7li olacak \u015fekilde tasarlanmal\u0131d\u0131r.<\/li>\n<li>G\u00fcvenlik: Silindir, kazalar\u0131 \u00f6nleyecek ve operat\u00f6rlerin yaralanma riskini en aza indirecek \u015fekilde tasarlanmal\u0131d\u0131r.<\/li>\n<li>Bak\u0131m kolayl\u0131\u011f\u0131: Silindirin bak\u0131m\u0131 ve onar\u0131m\u0131 kolay olmal\u0131d\u0131r.<\/li>\n<\/ul>\n<p><img decoding=\"async\" src=\"https:\/\/www.hydraulic-cylinders.net\/wp-content\/uploads\/2025\/01\/songte-oil-pipes-and-spare-parts.webp\" alt=\"Kova Silindir Par\u00e7alar\u0131\" \/><\/p>\n<h3>Doosan DH55-5 K\u00fc\u00e7\u00fck Ekskavat\u00f6r Kep\u00e7e Silindirinin S\u0131zd\u0131rmazl\u0131\u011f\u0131 ve Ya\u011flanmas\u0131<\/h3>\n<ul>\n<li>\u00c7e\u015fitli S\u0131zd\u0131rmazl\u0131k Elemanlar\u0131: Silindirde piston contalar\u0131, mil contalar\u0131 vb. gibi \u00e7e\u015fitli s\u0131zd\u0131rmazl\u0131k elemanlar\u0131 kullan\u0131l\u0131r. S\u0131zd\u0131rmazl\u0131k elemanlar\u0131 poli\u00fcretan ve nitril kau\u00e7uk gibi a\u015f\u0131nmaya dayan\u0131kl\u0131 malzemelerden \u00fcretilir.<\/li>\n<li>Hassas \u0130\u015flenmi\u015f Silindir G\u00f6vdesi: Silindir g\u00f6vdesi ve di\u015fli u\u00e7 y\u00fczeyi, a\u015f\u0131nma direncini art\u0131rmak i\u00e7in hassas bir \u015fekilde i\u015flenmi\u015ftir.<\/li>\n<li>Ya\u011flama: Silindirin d\u00fczenli olarak uygun miktarda hidrolik ya\u011f ile ya\u011flanmas\u0131 gerekir.<\/li>\n<\/ul>\n<h3>D\u00fczenli Muayene ve \u00d6nleyici Bak\u0131m \u00d6nlemleri<\/h3>\n<p>A\u015fa\u011f\u0131daki bak\u0131m i\u015flemlerinin d\u00fczenli olarak yap\u0131lmas\u0131 \u00f6nerilir:<\/p>\n<ul>\n<li>D\u00fczenli Kontrol: Silindiri d\u00fczenli olarak hasar, s\u0131z\u0131nt\u0131 ve a\u015f\u0131nma belirtileri a\u00e7\u0131s\u0131ndan kontrol edin.<\/li>\n<li>Uygun Ya\u011flama: Silindiri uygun \u015fekilde ya\u011flay\u0131n.<\/li>\n<li>Conta De\u011fi\u015fimi: Gerekti\u011finde contalar\u0131 de\u011fi\u015ftirin.<\/li>\n<li>Kalibrasyon Kontrol\u00fc: Silindirin kalibrasyonunu periyodik olarak kontrol edin.<\/li>\n<\/ul>\n<p>Kep\u00e7e silindirinin g\u00fcvenli ve verimli \u00e7al\u0131\u015fmas\u0131 i\u00e7in do\u011fru montaj, ya\u011flama ve ayarlama \u015fartt\u0131r. Montaj s\u0131ras\u0131nda silindirin do\u011fru \u015fekilde hizalanmas\u0131 ve silindiri sabitlemek i\u00e7in uygun montaj braketlerinin kullan\u0131lmas\u0131 \u00f6nerilir. \u015eirketimiz, kep\u00e7e silindirinizin kullan\u0131m \u00f6mr\u00fcn\u00fc uzatmaya yard\u0131mc\u0131 olmak i\u00e7in yedek par\u00e7a ve onar\u0131m hizmetleri sunmaktad\u0131r.<\/p>\n<p><img decoding=\"async\" src=\"https:\/\/www.hydraulic-cylinders.net\/wp-content\/uploads\/2025\/01\/songte-chushion-collar.webp\" alt=\"Kova Silindiri Montaj\u0131\" \/><\/p>\n<h3>G\u00fcvenlik Hususlar\u0131 ve \u00c7evresel Fakt\u00f6rler<\/h3>\n<p>Kova silindiri kullan\u0131l\u0131rken, kazalar\u0131 ve yaralanmalar\u0131 \u00f6nlemek i\u00e7in g\u00fcvenlik \u00f6nlemlerine uymak \u015fartt\u0131r. Ayr\u0131ca, hidrolik s\u0131v\u0131 s\u0131z\u0131nt\u0131s\u0131n\u0131n \u00e7evre \u00fczerindeki etkisi ve at\u0131klar\u0131n nas\u0131l do\u011fru \u015fekilde bertaraf edilece\u011fi gibi \u00e7evresel fakt\u00f6rleri de dikkate almak \u00f6nemlidir.<\/p>\n<h3>Doosan DH55-5 K\u00fc\u00e7\u00fck Ekskavat\u00f6r Kep\u00e7e Silindiri ile \u0130lgili Sorun Giderme ve S\u0131k Kar\u015f\u0131la\u015f\u0131lan Problemler<\/h3>\n<p>Kep\u00e7e silindirinde s\u0131k kar\u015f\u0131la\u015f\u0131lan sorunlar aras\u0131nda ya\u011f ka\u00e7a\u011f\u0131, silindir kaymas\u0131 ve yetersiz kuvvet yer almaktad\u0131r. Sorun giderme ipu\u00e7lar\u0131m\u0131z ve \u00e7\u00f6z\u00fcmlerimiz, bu sorunlar\u0131 etkili bir \u015fekilde te\u015fhis etmenize ve \u00e7\u00f6zmenize yard\u0131mc\u0131 olur. Ayr\u0131ca, olas\u0131 sorunlar\u0131 en aza indirmek i\u00e7in \u00f6nleyici tedbirler al\u0131nmas\u0131 da \u00f6nerilir.<\/p>\n<p><img decoding=\"async\" src=\"https:\/\/www.hydraulic-cylinders.net\/wp-content\/uploads\/2025\/01\/songte-bushings-with-all-kinds-of-excavator-models.webp\" alt=\"Kova Silindir Bur\u00e7lar\u0131\" \/><\/p>\n<h2>\u015eirketimiz Hakk\u0131nda<\/h2>\n<p>Biz, geleneksel hidrolik silindirlerin yerine ge\u00e7ebilen hidrolik silindirler \u00fcreten bir firmay\u0131z. \u015eirketimiz, eksiksiz bir hidrolik silindir yelpazesi sunmakta olup, hem yurt i\u00e7i hem de uluslararas\u0131 pazarlarda \u00f6nde gelen \u00fcretici ve toptanc\u0131 firmalardan biri haline gelmi\u015ftir. M\u00fckemmel kalite prensiplerine ba\u011fl\u0131 kalarak, end\u00fcstriyel \u00fcretim y\u00f6netim stratejilerine g\u00fcvenerek ve teknolojik yeteneklerimizi, dijitalle\u015ftirilmi\u015f \u00fcst d\u00fczey \u00fcretim ekipmanlar\u0131m\u0131z\u0131 ve profesyonel test sistemlerimizi kullanarak \u00fcretim platformlar\u0131m\u0131z\u0131 s\u00fcrekli olarak geli\u015ftiriyoruz. Bu sayede, m\u00fc\u015fterilerimizin \u00e7e\u015fitli ihtiya\u00e7lar\u0131n\u0131 kar\u015f\u0131lamak \u00fczere y\u00fcksek verimlilik, y\u00fcksek hassasiyet ve y\u00fcksek kaliteye sahip \u00fcr\u00fcnler \u00fcretme konusunda g\u00fc\u00e7l\u00fc bir yetene\u011fe sahibiz.<\/p>\n<p><img decoding=\"async\" src=\"https:\/\/hzpt.com\/wp-content\/uploads\/2024\/11\/songte-company-1.webp\" alt=\"\u015eirket Genel Bak\u0131\u015f\u0131\" \/><\/p>\n<h3>Uzmanl\u0131\u011f\u0131m\u0131z<\/h3>\n<p>\u015eirketimiz a\u015fa\u011f\u0131daki alanlarda uzmanl\u0131\u011fa sahiptir:<\/p>\n<ul>\n<li>Uluslararas\u0131 Sertifikalar: \u00dcr\u00fcnlerimiz ISO9001, CE, SGS ve TUV dahil olmak \u00fczere \u00e7e\u015fitli uluslararas\u0131 sertifikalardan ge\u00e7mi\u015ftir. <\/li>\n<li>\u00d6zelle\u015ftirilmi\u015f Hizmetler: \u015eirketimiz, m\u00fc\u015fterilerin ihtiya\u00e7lar\u0131na g\u00f6re \u00f6zelle\u015ftirilmi\u015f hizmetler sunabilir; \u00f6rne\u011fin, \u00f6zel \u00fcr\u00fcn tasar\u0131m\u0131, \u00f6zel ambalajlama vb.<\/li>\n<li>\u00dcretim Ekipmanlar\u0131: \u00dcr\u00fcn kalitesini sa\u011flamak i\u00e7in \u00fcst d\u00fczey CNC i\u015fleme ekipmanlar\u0131, geli\u015fmi\u015f kaynak ekipmanlar\u0131 ve \u00e7e\u015fitli test ekipmanlar\u0131 kullan\u0131yoruz.<\/li>\n<li>Sat\u0131\u015f Sonras\u0131 Hizmetler: Kurulum, bak\u0131m ve onar\u0131m hizmetleri de dahil olmak \u00fczere kapsaml\u0131 sat\u0131\u015f sonras\u0131 destek sa\u011fl\u0131yoruz.<\/li>\n<\/ul>\n<p>\u00dcr\u00fcnlerimizi de\u011ferlendirdi\u011finiz i\u00e7in te\u015fekk\u00fcr ederiz. Daha fazla bilgi i\u00e7in l\u00fctfen web sitemizi ziyaret edin veya do\u011frudan bizimle ileti\u015fime ge\u00e7in.<\/p>\n<footer>Yazar: lyl<\/footer>","protected":false},"excerpt":{"rendered":"<p>Bucket Cylinder For Doosan Small Excavator DH55-5 Introduction Defining Bucket Cylinder for Doosan Small Excavator DH55-5 A bucket cylinder is a specially designed hydraulic cylinder that is primarily used to control the movement of the bucket in heavy machinery such as excavators, backhoe loaders, and front-end loaders. Its main function is to enable the bucket [&hellip;]<\/p>","protected":false},"featured_media":14784,"comment_status":"open","ping_status":"closed","template":"","meta":{"_et_pb_use_builder":"","_et_pb_old_content":"","_et_gb_content_width":""},"product_brand":[],"product_cat":[1494],"product_tag":[1495,1496],"class_list":{"0":"post-15271","1":"product","2":"type-product","3":"status-publish","4":"has-post-thumbnail","6":"product_cat-bucket-cylinders","7":"product_tag-bucket-cylinders","8":"product_tag-hydraulic-cylinders","10":"first","11":"instock","12":"shipping-taxable","13":"product-type-simple"},"amp_enabled":true,"_links":{"self":[{"href":"https:\/\/www.hydraulic-cylinders.net\/tr\/wp-json\/wp\/v2\/product\/15271","targetHints":{"allow":["GET"]}}],"collection":[{"href":"https:\/\/www.hydraulic-cylinders.net\/tr\/wp-json\/wp\/v2\/product"}],"about":[{"href":"https:\/\/www.hydraulic-cylinders.net\/tr\/wp-json\/wp\/v2\/types\/product"}],"replies":[{"embeddable":true,"href":"https:\/\/www.hydraulic-cylinders.net\/tr\/wp-json\/wp\/v2\/comments?post=15271"}],"wp:featuredmedia":[{"embeddable":true,"href":"https:\/\/www.hydraulic-cylinders.net\/tr\/wp-json\/wp\/v2\/media\/14784"}],"wp:attachment":[{"href":"https:\/\/www.hydraulic-cylinders.net\/tr\/wp-json\/wp\/v2\/media?parent=15271"}],"wp:term":[{"taxonomy":"product_brand","embeddable":true,"href":"https:\/\/www.hydraulic-cylinders.net\/tr\/wp-json\/wp\/v2\/product_brand?post=15271"},{"taxonomy":"product_cat","embeddable":true,"href":"https:\/\/www.hydraulic-cylinders.net\/tr\/wp-json\/wp\/v2\/product_cat?post=15271"},{"taxonomy":"product_tag","embeddable":true,"href":"https:\/\/www.hydraulic-cylinders.net\/tr\/wp-json\/wp\/v2\/product_tag?post=15271"}],"curies":[{"name":"wp","href":"https:\/\/api.w.org\/{rel}","templated":true}]}}