{"id":15274,"date":"2025-01-19T14:19:27","date_gmt":"2025-01-19T14:19:27","guid":{"rendered":"https:\/\/www.hydraulic-cylinders.net\/product\/bucket-cylinder-for-doosan-small-excavator-dx120\/"},"modified":"2025-01-19T14:19:30","modified_gmt":"2025-01-19T14:19:30","slug":"bucket-cylinder-for-doosan-small-excavator-dx120","status":"publish","type":"product","link":"https:\/\/www.hydraulic-cylinders.net\/tr\/urun\/bucket-cylinder-for-doosan-small-excavator-dx120\/","title":{"rendered":"Doosan K\u00fc\u00e7\u00fck Ekskavat\u00f6r DX120 i\u00e7in Kova Silindiri"},"content":{"rendered":"<p><!DOCTYPE html><br \/>\n<html><br \/>\n<head><br \/>\n\t<title>Doosan K\u00fc\u00e7\u00fck Ekskavat\u00f6r DX120 i\u00e7in Kova Silindiri<\/title><br \/>\n<\/head><br \/>\n<body><\/p>\n<h1>Doosan K\u00fc\u00e7\u00fck Ekskavat\u00f6r DX120 i\u00e7in Kova Silindiri<\/h1>\n<h2>girii\u015f<\/h2>\n<p>Kova silindiri, ekskavat\u00f6rler, beko-loderler ve \u00f6n y\u00fckleyiciler gibi a\u011f\u0131r i\u015f makinelerinde kovan\u0131n hareketini kontrol etmek i\u00e7in kullan\u0131lan \u00f6zel olarak tasarlanm\u0131\u015f bir hidrolik silindirdir. Ana i\u015flevi, kovan\u0131n kald\u0131rma, indirme ve yat\u0131rma i\u015flemlerini ger\u00e7ekle\u015ftirerek \u00e7e\u015fitli malzeme ta\u015f\u0131ma g\u00f6revlerinin daha kolay yap\u0131lmas\u0131n\u0131 sa\u011flamakt\u0131r. Hidrolik sistemde kova silindiri, hidrolik ya\u011f\u0131n bas\u0131n\u00e7 de\u011fi\u015fimini kullanarak kovan\u0131n hassas kontrol\u00fcn\u00fc sa\u011flar ve operat\u00f6rlerin a\u011f\u0131r y\u00fckleri verimli bir \u015fekilde ta\u015f\u0131mas\u0131na, karma\u015f\u0131k \u00e7al\u0131\u015fma ortamlar\u0131na ve \u00e7e\u015fitli operasyonel ihtiya\u00e7lara uyum sa\u011flamas\u0131na olanak tan\u0131r.<\/p>\n<p>\t<img decoding=\"async\" src=\"https:\/\/www.hydraulic-cylinders.net\/wp-content\/uploads\/2025\/01\/songte-company-2.webp\" alt=\"Kova Silindiri \u00d6rnek G\u00f6rseli\"><\/p>\n<h2>\u00d6zellikler<\/h2>\n<ul>\n<li>Y\u00fcksek Mukavemet ve Dayan\u0131kl\u0131l\u0131k: Genellikle y\u00fcksek bas\u0131n\u00e7 ve a\u011f\u0131r y\u00fcklere dayan\u0131kl\u0131, zorlu \u00e7al\u0131\u015fma ortamlar\u0131na uyum sa\u011flayan, a\u015f\u0131nma ve korozyon direnci dikkate al\u0131narak \u00fcr\u00fcn\u00fcn kullan\u0131m \u00f6mr\u00fcn\u00fc uzatan y\u00fcksek mukavemetli \u00e7elik veya al\u00fcminyumdan \u00fcretilir.<\/li>\n<li>Verimli Hidrolik \u00c7al\u0131\u015fma: Hidrolik ya\u011f\u0131n bas\u0131nc\u0131n\u0131 kullanarak d\u00fczg\u00fcn uzatma ve geri \u00e7ekme hareketleri elde eder, kontrol komutlar\u0131na h\u0131zl\u0131 yan\u0131t verebilir, a\u011f\u0131r y\u00fckleri ve karma\u015f\u0131k operasyonel g\u00f6revleri ta\u015f\u0131maya uygun g\u00fc\u00e7l\u00fc itme ve \u00e7ekme kuvvetleri sa\u011flar.<\/li>\n<li>\u00c7e\u015fitli Tipler: \u0130htiyaca g\u00f6re tek etkili (sadece bir y\u00f6nde hidrolik kuvvet) veya \u00e7ift etkili (her iki y\u00f6nde hidrolik kuvvet) silindirler se\u00e7ilebilir, baz\u0131 modeller teleskopiktir, d\u0131\u015f boyutlar\u0131 artt\u0131rmadan daha fazla uzamaya izin verir, s\u0131n\u0131rl\u0131 alana sahip uygulamalar i\u00e7in uygundur.<\/li>\n<li>M\u00fckemmel De\u011fi\u015ftirme: Silindirlerimiz mevcut hidrolik silindirlerin yerini m\u00fckemmel bir \u015fekilde alabilir ve g\u00fcvenilir bir alternatif sunar.<\/li>\n<\/ul>\n<p>\t<img decoding=\"async\" src=\"https:\/\/www.hydraulic-cylinders.net\/wp-content\/uploads\/2025\/01\/songte-cylinder-head-with-all-kinds-excavator-models.webp\" alt=\"\u00dcr\u00fcn \u00d6rnek G\u00f6rseli\"><\/p>\n<h2>Uygulamalar<\/h2>\n<ul>\n<li>\u0130n\u015faat Makineleri: Kaz\u0131, y\u00fckleme ve toprak veya moloz ta\u015f\u0131mada kritik \u00f6neme sahip ekskavat\u00f6rlerde bulunurlar. Beko-Loderlerde ise kova silindirleri hem kazma hem de kald\u0131rma i\u015flemlerinde yard\u0131mc\u0131 olur.<\/li>\n<li>Tar\u0131m Makinalar\u0131: \u00d6n y\u00fckleyicilerde toprak, saman ve di\u011fer malzemeleri kep\u00e7elemek, kald\u0131rmak ve ta\u015f\u0131mak i\u00e7in kullan\u0131l\u0131r.<\/li>\n<li>Ekskavat\u00f6rler: Kova silindiri, kovan\u0131n topra\u011fa n\u00fcfuz etmesini sa\u011flayarak kazma i\u015flemini ger\u00e7ekle\u015ftirir.<\/li>\n<li>Y\u00fckleyiciler: \u00d6n y\u00fckleyicilerde, mallar\u0131n etkili bir \u015fekilde kald\u0131r\u0131lmas\u0131na ve e\u011filmesine yard\u0131mc\u0131 olurlar.<\/li>\n<\/ul>\n<h2>Tasar\u0131m Hususlar\u0131 ve Se\u00e7im Kriterleri<\/h2>\n<ul>\n<li>Ta\u015f\u0131ma Kapasitesi: Silindirin y\u00fck ta\u015f\u0131ma kapasitesinin tart\u0131\u015f\u0131lmas\u0131.<\/li>\n<li>S\u0131zd\u0131rmazl\u0131k: Piston contalar\u0131 ve biyel contalar\u0131 gibi \u00e7e\u015fitli s\u0131zd\u0131rmazl\u0131k bile\u015fenlerinin, a\u015f\u0131nmaya dayan\u0131kl\u0131 poli\u00fcretan ve nitril kau\u00e7uk gibi malzemelerden yap\u0131lmas\u0131n\u0131n, silindir g\u00f6vdesi ve di\u015fli u\u00e7lar\u0131n\u0131n a\u015f\u0131nma direncini art\u0131rmak i\u00e7in hassas bir \u015fekilde i\u015flenmesinin \u00f6nemini ele almak.<\/li>\n<\/ul>\n<p>\t<img decoding=\"async\" src=\"https:\/\/www.hydraulic-cylinders.net\/wp-content\/uploads\/2025\/01\/songte-oil-pipes-and-spare-parts.webp\" alt=\"Tasar\u0131m \u00d6rne\u011fi G\u00f6rseli\"><\/p>\n<h2>S\u0131zd\u0131rmazl\u0131k ve Ya\u011flama<\/h2>\n<p>Piston contalar\u0131 ve piston kolu contalar\u0131 gibi \u00e7e\u015fitli s\u0131zd\u0131rmazl\u0131k bile\u015fenleri kullan\u0131lmaktad\u0131r. Bu contalar, dayan\u0131kl\u0131l\u0131k sa\u011flamak i\u00e7in poli\u00fcretan ve nitril kau\u00e7uk gibi malzemelerden \u00fcretilmi\u015ftir. Silindir g\u00f6vdesi ve di\u015fli u\u00e7lar\u0131, a\u015f\u0131nma direncini art\u0131rmak i\u00e7in hassas bir i\u015flemden ge\u00e7irilmi\u015ftir. Optimum performans\u0131 korumak i\u00e7in uygun miktarda hidrolik ya\u011f ile d\u00fczenli ya\u011flama gereklidir.<\/p>\n<h2>Bak\u0131m ve \u00d6nleyici Tedbirler<\/h2>\n<ul>\n<li>D\u00fczenli Kontroller: Herhangi bir a\u015f\u0131nma veya hasar belirtisi olup olmad\u0131\u011f\u0131n\u0131n kontrol edilmesi.<\/li>\n<li>Uygun Ya\u011flama: Silindirin yeterli \u015fekilde ya\u011fland\u0131\u011f\u0131ndan emin olunmas\u0131.<\/li>\n<li>Conta De\u011fi\u015fimi: Uygun s\u0131zd\u0131rmazl\u0131k i\u015flevselli\u011fini korumak i\u00e7in gerekti\u011fi \u015fekilde contalar\u0131n de\u011fi\u015ftirilmesi.<\/li>\n<li>Kalibrasyon Kontrolleri: Silindirin kalibrasyonunun do\u011fru performans i\u00e7in do\u011frulanmas\u0131.<\/li>\n<\/ul>\n<p>\t<img decoding=\"async\" src=\"https:\/\/www.hydraulic-cylinders.net\/wp-content\/uploads\/2025\/01\/songte-chushion-collar.webp\" alt=\"Bak\u0131m \u00d6rnek G\u00f6rseli\"><\/p>\n<h2>G\u00fcvenlik Hususlar\u0131 ve \u00c7evresel Fakt\u00f6rler<\/h2>\n<p>Hidrolik silindirlerin kullan\u0131m\u0131nda emniyet tedbirlerinin \u00f6nemi ve \u00e7evreye olan etkilerinin vurgulanmas\u0131.<\/p>\n<h2>Sorun Giderme ve Yayg\u0131n Sorunlar<\/h2>\n<ul>\n<li>Ar\u0131zalar\u0131n te\u015fhisi ve yayg\u0131n sorunlar\u0131n giderilmesi.<\/li>\n<\/ul>\n<p>\t<img decoding=\"async\" src=\"https:\/\/www.hydraulic-cylinders.net\/wp-content\/uploads\/2025\/01\/songte-bushings-with-all-kinds-of-excavator-models.webp\" alt=\"Sorun Giderme \u00d6rnek G\u00f6rseli\"><\/p>\n<h2>Bak\u0131m \u0130pu\u00e7lar\u0131 ve \u00c7\u00f6z\u00fcmleri<\/h2>\n<p>Etkili tan\u0131 ve sorun \u00e7\u00f6zme i\u00e7in ipu\u00e7lar\u0131 ve \u00e7\u00f6z\u00fcmler sunmak, olas\u0131 sorunlar\u0131 en aza indirecek \u00f6nleyici tedbirleri almak.<\/p>\n<h2>Kurulum K\u0131lavuzu<\/h2>\n<p>Kova silindirinin do\u011fru montaj\u0131 i\u00e7in ad\u0131m ad\u0131m talimatlar verilmektedir.<\/p>\n<h2>D\u00fczenli Bak\u0131m G\u00f6revleri<\/h2>\n<ul>\n<li>D\u00fczenli Denetimler<\/li>\n<li>Uygun Ya\u011flama<\/li>\n<li>Conta De\u011fi\u015fimleri<\/li>\n<\/ul>\n<p>\t<img decoding=\"async\" src=\"https:\/\/www.hydraulic-cylinders.net\/wp-content\/uploads\/2025\/01\/songte-company-1.webp\" alt=\"Bak\u0131m G\u00f6revleri \u00d6rnek G\u00f6rseli\"><\/p>\n<h2>\u015eirket Tan\u0131t\u0131m\u0131<\/h2>\n<p>Geni\u015f bir \u00fcr\u00fcn yelpazesi sunan bir yedek hidrolik silindir \u00fcreticisiyiz. Hem yurt i\u00e7i hem de yurt d\u0131\u015f\u0131 pazarlarda lider hidrolik silindir \u00fcreticilerinden ve toptan da\u011f\u0131t\u0131c\u0131lar\u0131ndan biri haline geldik. M\u00fckemmelli\u011fe olan ba\u011fl\u0131l\u0131\u011f\u0131m\u0131zla, end\u00fcstriyel \u00fcretim y\u00f6netimi stratejimiz, yetenekli teknisyenlerimize, geli\u015fmi\u015f \u00fcretim ekipmanlar\u0131na ve profesyonel test sistemlerine dayanmaktad\u0131r. \u00dcretim platformumuzu ve \u00fcr\u00fcn kalitesi \u00fcretim s\u00fcrecimizi s\u00fcrekli iyile\u015ftirerek, m\u00fc\u015fterilerimize \u00e7e\u015fitli ihtiya\u00e7lar\u0131n\u0131 kar\u015f\u0131layacak verimli, hassas ve y\u00fcksek kaliteli \u00e7\u00f6z\u00fcmler sunuyoruz.<\/p>\n<p>\t<img decoding=\"async\" src=\"https:\/\/www.hydraulic-cylinders.net\/wp-content\/uploads\/2025\/01\/songte-company-3.webp\" alt=\"\u015eirket \u00d6rnek G\u00f6rseli\"><\/p>\n<h2>\u015eirketimiz Hakk\u0131nda<\/h2>\n<ul>\n<li>Profesyonellik<\/li>\n<li>Uluslararas\u0131 Sertifikalar<\/li>\n<li>\u00d6zelle\u015ftirme Hizmetleri<\/li>\n<li>\u00dcretim Ekipmanlar\u0131<\/li>\n<li>Sat\u0131\u015f Sonras\u0131 Hizmet<\/li>\n<\/ul>\n<p>Yazar: lyl<\/p>\n<p><\/body><br \/>\n<\/html><\/p>","protected":false},"excerpt":{"rendered":"<p>Bucket Cylinder For Doosan Small Excavator DX120 Bucket Cylinder For Doosan Small Excavator DX120 Introduction The bucket cylinder is a specially designed hydraulic cylinder used to control the movement of the bucket in heavy machinery such as excavators, backhoe loaders, and front-end loaders. Its main function is to enable the bucket to lift, lower, and [&hellip;]<\/p>","protected":false},"featured_media":14778,"comment_status":"open","ping_status":"closed","template":"","meta":{"_et_pb_use_builder":"","_et_pb_old_content":"","_et_gb_content_width":""},"product_brand":[],"product_cat":[1494],"product_tag":[1495,1496],"class_list":{"0":"post-15274","1":"product","2":"type-product","3":"status-publish","4":"has-post-thumbnail","6":"product_cat-bucket-cylinders","7":"product_tag-bucket-cylinders","8":"product_tag-hydraulic-cylinders","10":"first","11":"instock","12":"shipping-taxable","13":"product-type-simple"},"amp_enabled":true,"_links":{"self":[{"href":"https:\/\/www.hydraulic-cylinders.net\/tr\/wp-json\/wp\/v2\/product\/15274","targetHints":{"allow":["GET"]}}],"collection":[{"href":"https:\/\/www.hydraulic-cylinders.net\/tr\/wp-json\/wp\/v2\/product"}],"about":[{"href":"https:\/\/www.hydraulic-cylinders.net\/tr\/wp-json\/wp\/v2\/types\/product"}],"replies":[{"embeddable":true,"href":"https:\/\/www.hydraulic-cylinders.net\/tr\/wp-json\/wp\/v2\/comments?post=15274"}],"wp:featuredmedia":[{"embeddable":true,"href":"https:\/\/www.hydraulic-cylinders.net\/tr\/wp-json\/wp\/v2\/media\/14778"}],"wp:attachment":[{"href":"https:\/\/www.hydraulic-cylinders.net\/tr\/wp-json\/wp\/v2\/media?parent=15274"}],"wp:term":[{"taxonomy":"product_brand","embeddable":true,"href":"https:\/\/www.hydraulic-cylinders.net\/tr\/wp-json\/wp\/v2\/product_brand?post=15274"},{"taxonomy":"product_cat","embeddable":true,"href":"https:\/\/www.hydraulic-cylinders.net\/tr\/wp-json\/wp\/v2\/product_cat?post=15274"},{"taxonomy":"product_tag","embeddable":true,"href":"https:\/\/www.hydraulic-cylinders.net\/tr\/wp-json\/wp\/v2\/product_tag?post=15274"}],"curies":[{"name":"wp","href":"https:\/\/api.w.org\/{rel}","templated":true}]}}