{"id":15278,"date":"2025-01-19T14:19:43","date_gmt":"2025-01-19T14:19:43","guid":{"rendered":"https:\/\/www.hydraulic-cylinders.net\/product\/bucket-cylinder-for-doosan-middle-excavator-dh258-5-7\/"},"modified":"2025-01-19T14:19:45","modified_gmt":"2025-01-19T14:19:45","slug":"bucket-cylinder-for-doosan-middle-excavator-dh258-5-7","status":"publish","type":"product","link":"https:\/\/www.hydraulic-cylinders.net\/tr\/urun\/bucket-cylinder-for-doosan-middle-excavator-dh258-5-7\/","title":{"rendered":"Doosan DH258-5-7 Orta Ekskavat\u00f6r \u0130\u00e7in Kep\u00e7e Silindiri"},"content":{"rendered":"<h1> Doosan DH258-5-7 Orta Ekskavat\u00f6r \u0130\u00e7in Kep\u00e7e Silindiri <\/h1>\n<h2> girii\u015f <\/h2>\n<p> Doosan DH258-5-7 orta boy ekskavat\u00f6r i\u00e7in \u00f6zel olarak tasarlanm\u0131\u015f kep\u00e7e silindiri, ekskavat\u00f6rler, kaz\u0131c\u0131 ekskavat\u00f6rler ve \u00f6n y\u00fckleyiciler gibi a\u011f\u0131r makinelerde kep\u00e7enin hareketini kontrol etmek i\u00e7in kullan\u0131l\u0131r. Ana i\u015flevi, kep\u00e7enin kald\u0131r\u0131lmas\u0131n\u0131, indirilmesini ve e\u011filmesini sa\u011flayarak \u00e7e\u015fitli malzeme ta\u015f\u0131ma g\u00f6revlerini kolayla\u015ft\u0131rmakt\u0131r. Hidrolik sistemde, kep\u00e7e silindiri hidrolik ya\u011f bas\u0131nc\u0131ndaki de\u011fi\u015fikliklerle kep\u00e7enin hareketinin hassas kontrol\u00fcn\u00fc sa\u011flar, bu da operat\u00f6r\u00fcn a\u011f\u0131r y\u00fckleri verimli bir \u015fekilde ta\u015f\u0131mas\u0131na ve karma\u015f\u0131k \u00e7al\u0131\u015fma ortamlar\u0131na ve \u00e7e\u015fitli operasyonel gereksinimlere uyum sa\u011flamas\u0131na olanak tan\u0131r. <\/p>\n<p><img decoding=\"async\" src=\"https:\/\/www.hydraulic-cylinders.net\/wp-content\/uploads\/2025\/01\/songte-company-2.webp\"><\/p>\n<h2> \u00d6zellikler <\/h2>\n<ul>\n<li> Y\u00fcksek Mukavemet ve Dayan\u0131kl\u0131l\u0131k: Genellikle y\u00fcksek mukavemetli \u00e7elik veya al\u00fcminyumdan \u00fcretilir, y\u00fcksek bas\u0131nca ve a\u011f\u0131r y\u00fcklere dayanabilir, zorlu \u00e7al\u0131\u015fma ortamlar\u0131 i\u00e7in uygundur, a\u015f\u0131nma ve korozyon direnci g\u00f6z \u00f6n\u00fcnde bulundurularak tasarlanm\u0131\u015ft\u0131r, b\u00f6ylece kullan\u0131m \u00f6mr\u00fc uzar.<\/li>\n<li> Verimli Hidrolik \u00c7al\u0131\u015fma: Hidrolik ya\u011f bas\u0131nc\u0131n\u0131 kullanarak d\u00fczg\u00fcn uzatma ve geri \u00e7ekme hareketleri ger\u00e7ekle\u015ftirir, kontrol komutlar\u0131na h\u0131zl\u0131 yan\u0131t verebilir, g\u00fc\u00e7l\u00fc itme ve \u00e7ekme kuvvetleri sa\u011flayabilir, a\u011f\u0131r y\u00fcklerin ve karma\u015f\u0131k operasyonel g\u00f6revlerin \u00fcstesinden gelmek i\u00e7in uygundur.<\/li>\n<li> \u00c7e\u015fitli Tipler: Tek etkili (hidrolik sadece tek y\u00f6nde kullan\u0131l\u0131r) veya \u00e7ift etkili (hidrolik her iki y\u00f6nde kullan\u0131l\u0131r) silindirler, farkl\u0131 \u00e7al\u0131\u015fma gereksinimlerini kar\u015f\u0131lamak i\u00e7in ihtiya\u00e7lara g\u00f6re se\u00e7ilebilir; baz\u0131 modeller teleskopiktir, bu da d\u0131\u015f boyutlar\u0131 art\u0131rmadan daha fazla uzatmaya olanak tan\u0131r ve s\u0131n\u0131rl\u0131 alana sahip uygulamalar i\u00e7in uygundur.<\/li>\n<li> M\u00fckemmel De\u011fi\u015ftirme: \u00dcr\u00fcnlerimiz bu hidrolik silindirlerin yerini m\u00fckemmel \u015fekilde alabilir. <\/li>\n<\/ul>\n<p><img decoding=\"async\" src=\"https:\/\/www.hydraulic-cylinders.net\/wp-content\/uploads\/2025\/01\/songte-cylinder-head-with-all-kinds-excavator-models.webp\"><\/p>\n<h2> Uygulamalar <\/h2>\n<p>Doosan DH258-5-7 orta boy ekskavat\u00f6r i\u00e7in kova silindiri, \u00e7e\u015fitli a\u011f\u0131r makinelerde geni\u015f bir uygulama yelpazesine sahiptir. Yayg\u0131n uygulamalardan baz\u0131lar\u0131 \u015funlard\u0131r:<\/p>\n<ul>\n<li>\u0130n\u015faat Ekipmanlar\u0131: Ekskavat\u00f6rlerde, toprak veya moloz kazma, y\u00fckleme ve ta\u015f\u0131ma i\u015flemlerinde hayati \u00f6neme sahiptirler. Kaz\u0131c\u0131 ekskavat\u00f6rlerde ise kova silindiri hem kazma hem de kald\u0131rma i\u015flemlerine yard\u0131mc\u0131 olur. <\/li>\n<li>Tar\u0131m Makineleri: \u00d6n y\u00fckleyicilerde toprak, saman ve di\u011fer malzemeleri kep\u00e7eyle almak, kald\u0131rmak ve ta\u015f\u0131mak i\u00e7in kullan\u0131l\u0131r. <\/li>\n<li>Ekskavat\u00f6rler: Kova silindiri, kovan\u0131n topra\u011fa n\u00fcfuz etmesini sa\u011flayarak kazma eylemini ger\u00e7ekle\u015ftirir. <\/li>\n<li>\u00d6n y\u00fckleyiciler: \u00d6n y\u00fckleyicilerde, y\u00fck\u00fcn verimli bir \u015fekilde kald\u0131r\u0131lmas\u0131na ve bo\u015falt\u0131lmas\u0131na yard\u0131mc\u0131 olurlar. <\/li>\n<\/ul>\n<h2> Tasar\u0131m Hususlar\u0131 ve Se\u00e7im Kriterleri <\/h2>\n<p> Doosan DH258-5-7 orta boy ekskavat\u00f6r i\u00e7in tasarlanan kep\u00e7e silindiri, y\u00fck ta\u015f\u0131ma kapasitesi, s\u0131zd\u0131rmazl\u0131k performans\u0131, dayan\u0131kl\u0131l\u0131k, g\u00fcvenlik ve bak\u0131m kolayl\u0131\u011f\u0131 gibi \u00e7e\u015fitli hususlar dikkate al\u0131narak \u00fcretilmi\u015ftir. <\/p>\n<h3> Y\u00fck Ta\u015f\u0131ma Kapasitesi <\/h3>\n<p> Kova silindiri, y\u00fcksek bas\u0131nca ve a\u011f\u0131r y\u00fcklere dayanacak \u015fekilde tasarlanm\u0131\u015ft\u0131r. Silindirin y\u00fck ta\u015f\u0131ma kapasitesini sa\u011flamak i\u00e7in genellikle y\u00fcksek mukavemetli \u00e7elik veya al\u00fcminyumdan yap\u0131l\u0131r. <\/p>\n<h3> S\u0131zd\u0131rmazl\u0131k Performans\u0131 <\/h3>\n<p> Kova silindiri, iyi bir s\u0131zd\u0131rmazl\u0131k performans\u0131 sa\u011flamak i\u00e7in poli\u00fcretan ve nitril kau\u00e7uk gibi a\u015f\u0131nmaya dayan\u0131kl\u0131 malzemelerden yap\u0131lm\u0131\u015f piston contalar\u0131 ve mil contalar\u0131 gibi \u00e7e\u015fitli s\u0131zd\u0131rmazl\u0131k par\u00e7alar\u0131 kullan\u0131r. Silindir g\u00f6vdesi ve di\u015fli u\u00e7 y\u00fczeyi, a\u015f\u0131nma direncini art\u0131rmak i\u00e7in ince bir \u015fekilde i\u015flenmi\u015ftir. <\/p>\n<h3> Dayan\u0131kl\u0131l\u0131k <\/h3>\n<p> Kova silindiri, a\u015f\u0131nma direnci ve korozyon \u00f6nleme \u00f6zellikleri g\u00f6z \u00f6n\u00fcnde bulundurularak tasarlanm\u0131\u015ft\u0131r, bu da silindirin kullan\u0131m \u00f6mr\u00fcn\u00fc uzat\u0131r. <\/p>\n<h3> Emniyet <\/h3>\n<p> Hidrolik silindirlerin tasar\u0131m\u0131nda g\u00fcvenlik kritik bir husustur. Kep\u00e7e silindiri, bas\u0131n\u00e7 tahliye vanalar\u0131 ve acil durdurma anahtarlar\u0131 gibi g\u00fcvenlik \u00f6zelliklerini i\u00e7ererek kaza riskini en aza indirecek \u015fekilde tasarlanm\u0131\u015ft\u0131r. <\/p>\n<h3> Bak\u0131m kolayl\u0131\u011f\u0131 <\/h3>\n<p> Kova silindiri, yedek par\u00e7alar\u0131 ve onar\u0131m hizmetleriyle kolay bak\u0131m sa\u011flayacak \u015fekilde tasarlanm\u0131\u015ft\u0131r. D\u00fczenli kontroller ve bak\u0131m, silindirin kullan\u0131m \u00f6mr\u00fcn\u00fc \u00f6nemli \u00f6l\u00e7\u00fcde uzatabilir. <\/p>\n<p><img decoding=\"async\" src=\"https:\/\/www.hydraulic-cylinders.net\/wp-content\/uploads\/2025\/01\/songte-oil-pipes-and-spare-parts.webp\"><\/p>\n<h2> S\u0131zd\u0131rmazl\u0131k ve Ya\u011flama <\/h2>\n<p> Doosan DH258-5-7 orta ekskavat\u00f6r\u00fcn\u00fcn kep\u00e7e silindiri, iyi bir s\u0131zd\u0131rmazl\u0131k performans\u0131 sa\u011flamak i\u00e7in poli\u00fcretan ve nitril kau\u00e7uk gibi a\u015f\u0131nmaya dayan\u0131kl\u0131 malzemelerden yap\u0131lm\u0131\u015f piston contalar\u0131 ve mil contalar\u0131 gibi \u00e7e\u015fitli s\u0131zd\u0131rmazl\u0131k par\u00e7alar\u0131 kullan\u0131r. Silindir g\u00f6vdesi ve di\u015fli u\u00e7 y\u00fczeyi, a\u015f\u0131nma direncini art\u0131rmak i\u00e7in ince bir \u015fekilde i\u015flenmi\u015ftir. Ya\u011flama sa\u011flamak i\u00e7in uygun hidrolik ya\u011f\u0131n d\u00fczenli olarak eklenmesi gereklidir. <\/p>\n<h2> Bak\u0131m ve Onar\u0131m <\/h2>\n<p> Kep\u00e7e silindirinin d\u00fczg\u00fcn \u00e7al\u0131\u015fmas\u0131 ve uzun \u00f6m\u00fcrl\u00fc olmas\u0131 i\u00e7in d\u00fczenli bak\u0131m ve onar\u0131m \u00e7ok \u00f6nemlidir. Yayg\u0131n bak\u0131m i\u015flemleri aras\u0131nda periyodik kontroller, uygun ya\u011flama ve conta de\u011fi\u015fimi yer al\u0131r. Silindirin do\u011fru hizalanmas\u0131 ve montaj\u0131 i\u00e7in \u00f6nerilen kurulum k\u0131lavuzumuzun dikkatlice takip edilmesi gerekmektedir. <\/p>\n<h3> Kurulum <\/h3>\n<p> Kep\u00e7e silindirinin d\u00fczg\u00fcn \u00e7al\u0131\u015fmas\u0131 i\u00e7in do\u011fru montaj \u015fartt\u0131r. Montaj s\u0131ras\u0131nda a\u015fa\u011f\u0131daki ad\u0131mlar izlenmelidir: <\/p>\n<ul>\n<li>Silindirin ekipmanla do\u011fru \u015fekilde hizaland\u0131\u011f\u0131ndan emin olun. <\/li>\n<li>Silindiri sabitlemek i\u00e7in uygun montaj braketleri kullan\u0131n. <\/li>\n<li>\u00d6nerilen inceleme, onar\u0131m ve de\u011fi\u015ftirme prosed\u00fcrlerini izleyin. <\/li>\n<\/ul>\n<p><img decoding=\"async\" src=\"https:\/\/www.hydraulic-cylinders.net\/wp-content\/uploads\/2025\/01\/songte-chushion-collar.webp\"><\/p>\n<h2> G\u00fcvenlik Hususlar\u0131 <\/h2>\n<p> Kova silindiri kullan\u0131l\u0131rken g\u00fcvenlik en \u00f6ncelikli husus olmal\u0131d\u0131r. A\u015fa\u011f\u0131daki g\u00fcvenlik \u00f6nlemleri al\u0131nmal\u0131d\u0131r:<\/p>\n<ul>\n<li>Her zaman \u00f6nerilen bak\u0131m ve onar\u0131m prosed\u00fcrlerine uyun. <\/li>\n<li>Silindirin do\u011fru \u015fekilde hizaland\u0131\u011f\u0131ndan ve tak\u0131ld\u0131\u011f\u0131ndan emin olun. <\/li>\n<li>Eldiven ve koruyucu g\u00f6zl\u00fck gibi uygun g\u00fcvenlik ekipmanlar\u0131n\u0131 kullan\u0131n. <\/li>\n<li>Silindirin etraf\u0131ndaki alan\u0131 d\u00f6k\u00fcnt\u00fclerden ve di\u011fer ekipmanlardan temiz tutun. <\/li>\n<\/ul>\n<h2> Sorun Giderme ve Yayg\u0131n Sorunlar <\/h2>\n<p> Kep\u00e7e silindirinin sa\u011flam tasar\u0131m\u0131na ra\u011fmen, yine de sorunlar ortaya \u00e7\u0131kabilir. A\u015fa\u011f\u0131da baz\u0131 yayg\u0131n sorunlar ve sorun giderme ipu\u00e7lar\u0131 yer almaktad\u0131r:<\/p>\n<h3> S\u0131z\u0131nt\u0131 <\/h3>\n<p> Hidrolik silindirlerde s\u0131z\u0131nt\u0131 s\u0131k kar\u015f\u0131la\u015f\u0131lan bir sorundur. Genellikle contalar\u0131n a\u015f\u0131nmas\u0131 veya hasar g\u00f6rmesi sonucu olu\u015fur. Contalar\u0131n d\u00fczenli olarak de\u011fi\u015ftirilmesi s\u0131z\u0131nt\u0131y\u0131 \u00f6nleyebilir. <\/p>\n<h3> Yava\u015f \u00c7al\u0131\u015fma <\/h3>\n<p> Hidrolik ya\u011f eksikli\u011fi veya hasarl\u0131 bir valf nedeniyle silindir yava\u015f \u00e7al\u0131\u015fabilir. Hidrolik ya\u011f seviyesini kontrol etmek ve valfi de\u011fi\u015ftirmek bu sorunu \u00e7\u00f6zebilir. <\/p>\n<h3> A\u015f\u0131r\u0131 G\u00fcr\u00fclt\u00fc <\/h3>\n<p> A\u015f\u0131r\u0131 g\u00fcr\u00fclt\u00fc genellikle hidrolik sistemde hava oldu\u011funun bir g\u00f6stergesidir. Hidrolik sistemin havas\u0131n\u0131n al\u0131nmas\u0131 bu sorunu \u00e7\u00f6zebilir. <\/p>\n<p><img decoding=\"async\" src=\"https:\/\/www.hydraulic-cylinders.net\/wp-content\/uploads\/2025\/01\/songte-bushings-with-all-kinds-of-excavator-models.webp\"><\/p>\n<h2> Hakk\u0131m\u0131zda <\/h2>\n<p> Yurti\u00e7i ve yurtd\u0131\u015f\u0131 pazarlarda \u00f6nde gelen hidrolik silindir \u00fcreticisi ve da\u011f\u0131t\u0131c\u0131s\u0131y\u0131z. Mevcut silindirlerin yerine m\u00fckemmel \u015fekilde ge\u00e7ebilecek geni\u015f bir yelpazede hidrolik silindir sunuyoruz. Kalite m\u00fckemmelli\u011fine \u00f6ncelik veriyor ve geli\u015fmi\u015f \u00fcretim at\u00f6lyemizin end\u00fcstriyel \u00fcretim y\u00f6netim stratejisine g\u00fcveniyoruz. Teknolojik yetenek, dijital \u00fcst d\u00fczey \u00fcretim ekipmanlar\u0131 ve profesyonel test sistemleriyle \u00fcretim platformumuzu s\u00fcrekli olarak geli\u015ftiriyoruz. \u015eirketimiz, m\u00fc\u015fterilerimizin \u00e7e\u015fitli ihtiya\u00e7lar\u0131n\u0131 kar\u015f\u0131layan verimli, hassas ve y\u00fcksek kaliteli \u00fcr\u00fcnler sunmaya kendini adam\u0131\u015ft\u0131r. <\/p>\n<h3> Profesyonellik <\/h3>\n<p> \u015eirketimiz, hidrolik silindirlerin tasar\u0131m\u0131, geli\u015ftirilmesi ve \u00fcretimi konusunda deneyimli profesyonel teknisyen ve m\u00fchendislerden olu\u015fan bir ekibe sahiptir. M\u00fc\u015fterilerimizin \u00f6zel ihtiya\u00e7lar\u0131n\u0131 kar\u015f\u0131lamak i\u00e7in \u00f6zelle\u015ftirilmi\u015f hizmetler sunuyoruz. <\/p>\n<h3> Uluslararas\u0131 Sertifikasyon <\/h3>\n<p> \u00dcr\u00fcnlerimizin en y\u00fcksek kalite standartlar\u0131n\u0131 kar\u015f\u0131lamas\u0131n\u0131 sa\u011flamak amac\u0131yla \u015firketimiz ISO9001, CE ve SGS dahil olmak \u00fczere \u00e7e\u015fitli uluslararas\u0131 sertifikalar alm\u0131\u015ft\u0131r. <\/p>\n<h3> \u00dcretim Ekipmanlar\u0131 <\/h3>\n<p> \u015eirketimiz, her bir hidrolik silindirin en y\u00fcksek kalite standartlar\u0131nda \u00fcretilmesini sa\u011flamak i\u00e7in geli\u015fmi\u015f otomatik \u00fcretim ekipmanlar\u0131 kullanmaktad\u0131r. <\/p>\n<h3> Sat\u0131\u015f Sonras\u0131 Hizmet <\/h3>\n<p> \u015eirketimiz, m\u00fc\u015fteri memnuniyetini sa\u011flamak i\u00e7in m\u00fckemmel sat\u0131\u015f sonras\u0131 hizmet sunmaktad\u0131r. \u00dcr\u00fcnlerimizin \u00f6mr\u00fcn\u00fc uzatmak i\u00e7in onar\u0131m ve yedek par\u00e7a hizmetleri sunuyor ve bak\u0131m konusunda rehberlik sa\u011fl\u0131yoruz. <\/p>\n<p><img decoding=\"async\" src=\"https:\/\/hzpt.com\/wp-content\/uploads\/2024\/11\/songte-company-1.webp\"><\/p>\n<h3> Yazar <\/h3>\n<p> lyl <\/p>","protected":false},"excerpt":{"rendered":"<p>Bucket Cylinder For Doosan Middle Excavator DH258-5-7 Introduction The bucket cylinder for Doosan middle excavator DH258-5-7 is a specially designed hydraulic cylinder primarily used to control the movement of the bucket in heavy machinery such as excavators, backhoe excavators, and front-end loaders. Its main function is to enable the bucket to lift, lower, and tilt, [&hellip;]<\/p>","protected":false},"featured_media":14769,"comment_status":"open","ping_status":"closed","template":"","meta":{"_et_pb_use_builder":"","_et_pb_old_content":"","_et_gb_content_width":""},"product_brand":[],"product_cat":[1494],"product_tag":[1495,1496],"class_list":{"0":"post-15278","1":"product","2":"type-product","3":"status-publish","4":"has-post-thumbnail","6":"product_cat-bucket-cylinders","7":"product_tag-bucket-cylinders","8":"product_tag-hydraulic-cylinders","10":"first","11":"instock","12":"shipping-taxable","13":"product-type-simple"},"amp_enabled":true,"_links":{"self":[{"href":"https:\/\/www.hydraulic-cylinders.net\/tr\/wp-json\/wp\/v2\/product\/15278","targetHints":{"allow":["GET"]}}],"collection":[{"href":"https:\/\/www.hydraulic-cylinders.net\/tr\/wp-json\/wp\/v2\/product"}],"about":[{"href":"https:\/\/www.hydraulic-cylinders.net\/tr\/wp-json\/wp\/v2\/types\/product"}],"replies":[{"embeddable":true,"href":"https:\/\/www.hydraulic-cylinders.net\/tr\/wp-json\/wp\/v2\/comments?post=15278"}],"wp:featuredmedia":[{"embeddable":true,"href":"https:\/\/www.hydraulic-cylinders.net\/tr\/wp-json\/wp\/v2\/media\/14769"}],"wp:attachment":[{"href":"https:\/\/www.hydraulic-cylinders.net\/tr\/wp-json\/wp\/v2\/media?parent=15278"}],"wp:term":[{"taxonomy":"product_brand","embeddable":true,"href":"https:\/\/www.hydraulic-cylinders.net\/tr\/wp-json\/wp\/v2\/product_brand?post=15278"},{"taxonomy":"product_cat","embeddable":true,"href":"https:\/\/www.hydraulic-cylinders.net\/tr\/wp-json\/wp\/v2\/product_cat?post=15278"},{"taxonomy":"product_tag","embeddable":true,"href":"https:\/\/www.hydraulic-cylinders.net\/tr\/wp-json\/wp\/v2\/product_tag?post=15278"}],"curies":[{"name":"wp","href":"https:\/\/api.w.org\/{rel}","templated":true}]}}