{"id":15282,"date":"2025-01-19T14:20:06","date_gmt":"2025-01-19T14:20:06","guid":{"rendered":"https:\/\/www.hydraulic-cylinders.net\/product\/bucket-cylinder-for-doosan-middle-excavator-dh225lc-9\/"},"modified":"2025-01-19T14:20:09","modified_gmt":"2025-01-19T14:20:09","slug":"bucket-cylinder-for-doosan-middle-excavator-dh225lc-9","status":"publish","type":"product","link":"https:\/\/www.hydraulic-cylinders.net\/tr\/urun\/bucket-cylinder-for-doosan-middle-excavator-dh225lc-9\/","title":{"rendered":"Doosan Orta Ekskavat\u00f6r DH225LC-9 i\u00e7in Kova Silindiri"},"content":{"rendered":"<h1>Doosan Orta Ekskavat\u00f6r DH225LC-9 i\u00e7in Kova Silindiri<\/h1>\n<h2>girii\u015f<\/h2>\n<p>Doosan Orta Ekskavat\u00f6r DH225LC-9 i\u00e7in Kova Silindiri, ekskavat\u00f6rler, beko-loderler ve \u00f6n y\u00fckleyiciler gibi a\u011f\u0131r makinelerdeki kova hareketlerini kontrol etmek i\u00e7in tasarlanm\u0131\u015f \u00f6zel bir hidrolik silindirdir. Ana i\u015flevi, kovan\u0131n kald\u0131r\u0131lmas\u0131n\u0131, indirilmesini ve e\u011filmesini sa\u011flayarak \u00e7e\u015fitli malzeme ta\u015f\u0131ma g\u00f6revlerinin ger\u00e7ekle\u015ftirilmesini kolayla\u015ft\u0131rmakt\u0131r. Hidrolik sistemde, kova silindiri, hidrolik ya\u011f\u0131n bas\u0131n\u00e7 de\u011fi\u015fimlerini kullanarak kovay\u0131 hassas bir \u015fekilde kontrol eder ve operat\u00f6rlerin a\u011f\u0131r y\u00fckleri verimli bir \u015fekilde ta\u015f\u0131mas\u0131na, karma\u015f\u0131k \u00e7al\u0131\u015fma ortamlar\u0131na ve \u00e7e\u015fitli operasyonel gereksinimlere uyum sa\u011flamas\u0131na olanak tan\u0131r.<\/p>\n<p><img decoding=\"async\" src=\"https:\/\/www.hydraulic-cylinders.net\/wp-content\/uploads\/2025\/01\/songte-company-2.webp\"\/><\/p>\n<h2>\u00d6zellikler<\/h2>\n<ul>\n<li>Y\u00fcksek mukavemet ve dayan\u0131kl\u0131l\u0131k: Genellikle y\u00fcksek mukavemetli \u00e7elik veya al\u00fcminyumdan yap\u0131l\u0131r, y\u00fcksek bas\u0131nca ve a\u011f\u0131r y\u00fcklere dayanabilir, zorlu \u00e7al\u0131\u015fma ortamlar\u0131na uyum sa\u011flayabilir ve kullan\u0131m \u00f6mr\u00fcn\u00fc uzatmak i\u00e7in a\u015f\u0131nma ve korozyon direnci dikkate al\u0131narak tasarlanm\u0131\u015ft\u0131r. <\/li>\n<li>Verimli hidrolik \u00e7al\u0131\u015fma: Kontrol komutlar\u0131na h\u0131zl\u0131 yan\u0131t verebilen, g\u00fc\u00e7l\u00fc itme ve \u00e7ekme kuvvetleri sa\u011flayabilen, a\u011f\u0131r y\u00fckleri ve karma\u015f\u0131k operasyonel g\u00f6revleri idare etmeye uygun hidrolik ya\u011f\u0131n bas\u0131nc\u0131ndan yararlan\u0131larak d\u00fczg\u00fcn genle\u015fme ve b\u00fcz\u00fclme hareketleri elde edilir. <\/li>\n<li>\u00c7e\u015fitli tipler: Operasyonel ihtiya\u00e7lara g\u00f6re tek etkili (sadece tek y\u00f6nde hidrolik kullan\u0131lan) veya \u00e7ift etkili (iki y\u00f6nde hidrolik kullan\u0131lan) silindirler se\u00e7ilebilir. Baz\u0131 modeller teleskopiktir ve d\u0131\u015f boyutlar\u0131 art\u0131rmadan daha fazla geni\u015flemeye olanak tan\u0131r, bu da s\u0131n\u0131rl\u0131 alana sahip uygulamalar i\u00e7in uygundur. <\/li>\n<li>Firmam\u0131z taraf\u0131ndan \u00fcretilebilir: \u00dcr\u00fcnlerimiz bu hidrolik silindirlerin yerini m\u00fckemmel \u015fekilde alabilir.<\/li>\n<\/ul>\n<p><img decoding=\"async\" src=\"https:\/\/www.hydraulic-cylinders.net\/wp-content\/uploads\/2025\/01\/songte-cylinder-head-with-all-kinds-excavator-models.webp\"\/><\/p>\n<h2>Uygulamalar<\/h2>\n<p>Doosan Orta Ekskavat\u00f6r DH225LC-9 i\u00e7in Kova Silindiri, a\u015fa\u011f\u0131dakiler de dahil olmak \u00fczere \u00e7e\u015fitli alanlarda yayg\u0131n olarak kullan\u0131lmaktad\u0131r:<\/p>\n<ul>\n<li>\u0130n\u015faat ekipmanlar\u0131: Ekskavat\u00f6rler i\u00e7in toprak veya moloz kazma, y\u00fckleme ve ta\u015f\u0131mada olmazsa olmazd\u0131r. Beko-loderlerde ise kep\u00e7e silindiri kazma ve kald\u0131rma i\u015flerine yard\u0131mc\u0131 olur. <\/li>\n<li>Tar\u0131m makineleri: \u00d6n y\u00fckleyicilerin toprak, saman ve di\u011fer malzemeleri kep\u00e7elemek, kald\u0131rmak ve ta\u015f\u0131mak i\u00e7in kulland\u0131\u011f\u0131 makinelerdir. <\/li>\n<li>Ekskavat\u00f6rler: Kova silindiri, kep\u00e7enin topra\u011f\u0131 delerek kazma i\u015flemini ger\u00e7ekle\u015ftirmesini sa\u011flar. <\/li>\n<li>Y\u00fckleyiciler: \u00d6n y\u00fckleyicilerde, mallar\u0131n etkili bir \u015fekilde kald\u0131r\u0131lmas\u0131na ve e\u011filmesine yard\u0131mc\u0131 olur. <\/li>\n<\/ul>\n<p>Her bir uygulama a\u015fa\u011f\u0131da detayl\u0131 olarak a\u00e7\u0131klanm\u0131\u015ft\u0131r:<\/p>\n<h3>\u0130n\u015faat ekipmanlar\u0131<\/h3>\n<p>Kova Silindiri, ekskavat\u00f6rlerde toprak veya moloz kazma, y\u00fckleme ve ta\u015f\u0131ma i\u015flemlerinde \u00f6nemli bir rol oynar. Ayr\u0131ca, kaz\u0131c\u0131 y\u00fckleyicilerin kazma ve kald\u0131rma i\u015flemlerine de yard\u0131mc\u0131 olur.<\/p>\n<h3>Tar\u0131m makineleri<\/h3>\n<p>Kova Silindiri, \u00f6n y\u00fckleyicilerde toprak, saman ve di\u011fer malzemeleri kep\u00e7elemek, kald\u0131rmak ve ta\u015f\u0131mak i\u00e7in kullan\u0131l\u0131r.<\/p>\n<h3>Ekskavat\u00f6rler<\/h3>\n<p>Kova Silindiri, kazma i\u015flemini ger\u00e7ekle\u015ftirmek i\u00e7in kovan\u0131n topra\u011f\u0131 delmesini sa\u011flamak amac\u0131yla kullan\u0131l\u0131r.<\/p>\n<h3>Y\u00fckleyiciler<\/h3>\n<p>\u00d6n y\u00fckleyicilerde Kova Silindiri, mallar\u0131n verimli bir \u015fekilde kald\u0131r\u0131lmas\u0131na ve e\u011filmesine yard\u0131mc\u0131 olur.<\/p>\n<h2>Tasar\u0131m Hususlar\u0131 ve Se\u00e7im Kriterleri<\/h2>\n<p>Doosan Orta Ekskavat\u00f6r DH225LC-9 i\u00e7in Kova Silindiri se\u00e7ilirken farkl\u0131 tasar\u0131m hususlar\u0131 ve se\u00e7im kriterleri dikkate al\u0131nmal\u0131d\u0131r. Bunlar \u015funlard\u0131r:<\/p>\n<ul>\n<li>Y\u00fck ta\u015f\u0131ma kapasitesi<\/li>\n<li>S\u0131zd\u0131rmazl\u0131k<\/li>\n<li>Dayan\u0131kl\u0131l\u0131k<\/li>\n<li>Emniyet<\/li>\n<li>Bak\u0131m kolayl\u0131\u011f\u0131<\/li>\n<\/ul>\n<p><img decoding=\"async\" src=\"https:\/\/www.hydraulic-cylinders.net\/wp-content\/uploads\/2025\/01\/songte-oil-pipes-and-spare-parts.webp\"\/><\/p>\n<h2>S\u0131zd\u0131rmazl\u0131k ve Ya\u011flama<\/h2>\n<p>Doosan Orta Ekskavat\u00f6r DH225LC-9 i\u00e7in Kova Silindiri, poli\u00fcretan ve nitril kau\u00e7uk gibi a\u015f\u0131nmaya dayan\u0131kl\u0131 malzemelerden yap\u0131lm\u0131\u015f piston contalar\u0131 ve piston kolu contalar\u0131 gibi \u00e7e\u015fitli s\u0131zd\u0131rmazl\u0131k bile\u015fenleri kullan\u0131r. Silindirin g\u00f6vdesi ve di\u015fli u\u00e7 y\u00fczeyi, a\u015f\u0131nma direncini art\u0131rmak i\u00e7in hassas bir \u015fekilde i\u015flenmi\u015ftir. Ya\u011flama amac\u0131yla d\u00fczenli olarak uygun hidrolik ya\u011f ilavesi gereklidir.<\/p>\n<h2>Bak\u0131m ve \u00d6nlem Tedbirleri<\/h2>\n<p>Kova Silindirinin d\u00fczg\u00fcn \u00e7al\u0131\u015fmas\u0131 i\u00e7in d\u00fczenli kontroller ve \u00f6nleyici bak\u0131m \u00f6nlemleri \u015fartt\u0131r. Bu \u00f6nlemler \u015funlard\u0131r:<\/p>\n<ul>\n<li>D\u00fczenli kontroller<\/li>\n<li>Uygun ya\u011flama<\/li>\n<li>Conta de\u011fi\u015fimi ve kalibrasyon denetimi<\/li>\n<\/ul>\n<p>Kurulum s\u0131ras\u0131nda do\u011fru hizalama k\u0131lavuzu sa\u011flamak ve silindiri yerinde sabitlemek i\u00e7in uygun montaj braketlerini kullanmak \u00f6nemlidir. Doosan Orta Ekskavat\u00f6r DH225LC-9 i\u00e7in Kova Silindirinin kullan\u0131m \u00f6mr\u00fcn\u00fc uzatmak i\u00e7in \u00f6nerilen muayene, onar\u0131m ve de\u011fi\u015ftirme prosed\u00fcrlerini kullanman\u0131z\u0131 \u00f6neririz.<\/p>\n<p><img decoding=\"async\" src=\"https:\/\/www.hydraulic-cylinders.net\/wp-content\/uploads\/2025\/01\/songte-chushion-collar.webp\"\/><\/p>\n<h2>G\u00fcvenlik Hususlar\u0131 ve \u00c7evresel Fakt\u00f6rler<\/h2>\n<p>Doosan Orta Ekskavat\u00f6r DH225LC-9 i\u00e7in Kova Silindiri kullan\u0131rken kazalar\u0131 \u00f6nlemek i\u00e7in g\u00fcvenlik \u00f6nlemlerine uymak ve silindirin \u00e7al\u0131\u015fmas\u0131n\u0131 etkileyebilecek \u00e7evresel fakt\u00f6rleri hesaba katmak \u00f6nemlidir.<\/p>\n<h2>Sorun Giderme ve Yayg\u0131n Sorunlar<\/h2>\n<p>Doosan Orta Ekskavat\u00f6r DH225LC-9 i\u00e7in Kova Silindiri kullan\u0131l\u0131rken \u00e7e\u015fitli sorun giderme ad\u0131mlar\u0131 ve yayg\u0131n sorunlar ortaya \u00e7\u0131kabilir. \u0130\u015fte \u00e7\u00f6z\u00fcmlerden baz\u0131lar\u0131:<\/p>\n<ul>\n<li>Contalar\u0131n de\u011fi\u015ftirilmesi<\/li>\n<li>S\u0131z\u0131nt\u0131lar\u0131 kontrol etme<\/li>\n<li>Deformasyon ve hasarlar\u0131n kontrol\u00fc <\/li>\n<\/ul>\n<p>Olas\u0131 sorunlar\u0131 en aza indirmek i\u00e7in \u00f6nleyici tedbirlerin al\u0131nmas\u0131 \u00f6nerilir.<\/p>\n<p><img decoding=\"async\" src=\"https:\/\/www.hydraulic-cylinders.net\/wp-content\/uploads\/2025\/01\/songte-bushings-with-all-kinds-of-excavator-models.webp\"\/><\/p>\n<h2>\u015eirketimiz Hakk\u0131nda<\/h2>\n<p>Yurt i\u00e7i ve yurt d\u0131\u015f\u0131 pazarlarda lider bir hidrolik silindir \u00fcreticisi ve toptanc\u0131s\u0131y\u0131z ve hidrolik silindirlerin yerine kullan\u0131labilecek eksiksiz bir \u00fcr\u00fcn yelpazesi sunuyoruz. M\u00fckemmel kalite ilkesine ba\u011fl\u0131 kal\u0131yor, kaliteli \u00fcretim at\u00f6lyesinin end\u00fcstriyel \u00fcretim y\u00f6netimi stratejisine g\u00fcveniyor, at\u00f6lyenin \u00fcretim platformunu s\u00fcrekli iyile\u015ftiriyor, \u00fcr\u00fcn kalitesi \u00fcretim rotas\u0131n\u0131 m\u00fckemmelle\u015ftiriyor ve g\u00fc\u00e7l\u00fc bir \u00fcretim kapasitesine sahibiz. <\/p>\n<p>Teknoloji yetene\u011fi, dijital ileri \u00fcretim ekipmanlar\u0131 ve profesyonel muayene sistemlerinin yan\u0131 s\u0131ra, y\u00fcksek verimlilik, y\u00fcksek hassasiyet ve y\u00fcksek kalite prensipleriyle m\u00fc\u015fterilerin \u00e7e\u015fitli ihtiya\u00e7lar\u0131n\u0131 kar\u015f\u0131lamak i\u00e7in \u00f6zelle\u015ftirilmi\u015f hizmetler, \u00fcretim ekipmanlar\u0131 ve sat\u0131\u015f sonras\u0131 hizmetler sa\u011fl\u0131yoruz.<\/p>\n<p>Firmam\u0131z ayr\u0131ca m\u00fc\u015fterilerin ekipmanlar\u0131n\u0131n kullan\u0131m \u00f6mr\u00fcn\u00fc uzatmalar\u0131na yard\u0131mc\u0131 olmak i\u00e7in \u00f6zel \u00f6zelle\u015ftirmeler, yeniden yap\u0131m hizmetleri ve yedek par\u00e7alar gibi bir dizi hizmet de sunmaktad\u0131r.<\/p>\n<p><img decoding=\"async\" src=\"https:\/\/hzpt.com\/wp-content\/uploads\/2024\/11\/songte-company-1.webp\"\/><\/p>\n<h2>Yazar<\/h2>\n<p>lyl<\/p>","protected":false},"excerpt":{"rendered":"<p>Bucket Cylinder For Doosan Middle Excavator DH225LC-9 Introduction The Bucket Cylinder for Doosan Middle Excavator DH225LC-9 is a specialized hydraulic cylinder designed primarily for controlling the movements of the bucket in heavy machinery, such as excavators, backhoe loaders, and front loaders. Its main function is to enable lifting, lowering, and tilting of the bucket, making [&hellip;]<\/p>","protected":false},"featured_media":14789,"comment_status":"open","ping_status":"closed","template":"","meta":{"_et_pb_use_builder":"","_et_pb_old_content":"","_et_gb_content_width":""},"product_brand":[],"product_cat":[1494],"product_tag":[1495,1496],"class_list":{"0":"post-15282","1":"product","2":"type-product","3":"status-publish","4":"has-post-thumbnail","6":"product_cat-bucket-cylinders","7":"product_tag-bucket-cylinders","8":"product_tag-hydraulic-cylinders","10":"first","11":"instock","12":"shipping-taxable","13":"product-type-simple"},"amp_enabled":true,"_links":{"self":[{"href":"https:\/\/www.hydraulic-cylinders.net\/tr\/wp-json\/wp\/v2\/product\/15282","targetHints":{"allow":["GET"]}}],"collection":[{"href":"https:\/\/www.hydraulic-cylinders.net\/tr\/wp-json\/wp\/v2\/product"}],"about":[{"href":"https:\/\/www.hydraulic-cylinders.net\/tr\/wp-json\/wp\/v2\/types\/product"}],"replies":[{"embeddable":true,"href":"https:\/\/www.hydraulic-cylinders.net\/tr\/wp-json\/wp\/v2\/comments?post=15282"}],"wp:featuredmedia":[{"embeddable":true,"href":"https:\/\/www.hydraulic-cylinders.net\/tr\/wp-json\/wp\/v2\/media\/14789"}],"wp:attachment":[{"href":"https:\/\/www.hydraulic-cylinders.net\/tr\/wp-json\/wp\/v2\/media?parent=15282"}],"wp:term":[{"taxonomy":"product_brand","embeddable":true,"href":"https:\/\/www.hydraulic-cylinders.net\/tr\/wp-json\/wp\/v2\/product_brand?post=15282"},{"taxonomy":"product_cat","embeddable":true,"href":"https:\/\/www.hydraulic-cylinders.net\/tr\/wp-json\/wp\/v2\/product_cat?post=15282"},{"taxonomy":"product_tag","embeddable":true,"href":"https:\/\/www.hydraulic-cylinders.net\/tr\/wp-json\/wp\/v2\/product_tag?post=15282"}],"curies":[{"name":"wp","href":"https:\/\/api.w.org\/{rel}","templated":true}]}}