{"id":15285,"date":"2025-01-19T14:20:20","date_gmt":"2025-01-19T14:20:20","guid":{"rendered":"https:\/\/www.hydraulic-cylinders.net\/product\/bucket-cylinder-for-doosan-large-excavator-dh290\/"},"modified":"2025-01-19T14:20:22","modified_gmt":"2025-01-19T14:20:22","slug":"bucket-cylinder-for-doosan-large-excavator-dh290","status":"publish","type":"product","link":"https:\/\/www.hydraulic-cylinders.net\/tr\/urun\/bucket-cylinder-for-doosan-large-excavator-dh290\/","title":{"rendered":"Doosan B\u00fcy\u00fck Ekskavat\u00f6r DH290 i\u00e7in Kova Silindiri"},"content":{"rendered":"<h1>Doosan B\u00fcy\u00fck Ekskavat\u00f6r DH290 i\u00e7in Kova Silindiri<\/h1>\n<h2>girii\u015f<\/h2>\n<p>Doosan DH290 b\u00fcy\u00fck ekskavat\u00f6r\u00fcn\u00fcn kova silindiri, ekskavat\u00f6rler, kep\u00e7eli ekskavat\u00f6rler ve \u00f6n y\u00fckleyiciler gibi a\u011f\u0131r i\u015f makinelerinde kovan\u0131n hareketini kontrol etmek i\u00e7in kullan\u0131lan \u00f6zel olarak tasarlanm\u0131\u015f bir hidrolik silindirdir. Ana i\u015flevi, kovan\u0131n kald\u0131rma, indirme ve yat\u0131rma i\u015flemlerini ger\u00e7ekle\u015ftirerek \u00e7e\u015fitli malzeme ta\u015f\u0131ma g\u00f6revlerinin daha kolay yap\u0131lmas\u0131n\u0131 sa\u011flamakt\u0131r. Hidrolik sistemde, kova silindiri, hidrolik ya\u011f bas\u0131nc\u0131ndaki de\u011fi\u015fikliklerle kovan\u0131n hassas hareketini kontrol ederek operat\u00f6rlerin a\u011f\u0131r y\u00fckleri verimli bir \u015fekilde ta\u015f\u0131mas\u0131na ve karma\u015f\u0131k \u00e7al\u0131\u015fma ortamlar\u0131na ve \u00e7e\u015fitli i\u015f gereksinimlerine uyum sa\u011flamas\u0131na olanak tan\u0131r.<\/p>\n<p><img decoding=\"async\" src=\"https:\/\/www.hydraulic-cylinders.net\/wp-content\/uploads\/2025\/01\/songte-company-2.webp\" alt=\"Kova Silindiri G\u00f6r\u00fcnt\u00fcs\u00fc\" \/><\/p>\n<h2>\u00d6zellikler<\/h2>\n<ul>\n<li>\n<h3>Y\u00fcksek G\u00fc\u00e7 ve Dayan\u0131kl\u0131l\u0131k<\/h3>\n<p>Kova silindiri genellikle y\u00fcksek bas\u0131n\u00e7 ve a\u011f\u0131r y\u00fcklere dayanabilen, zorlu \u00e7al\u0131\u015fma ortamlar\u0131na uyum sa\u011flayabilen ve kullan\u0131m \u00f6mr\u00fcn\u00fc uzatmak i\u00e7in a\u015f\u0131nma ve korozyon direnci d\u00fc\u015f\u00fcn\u00fclerek tasarlanan y\u00fcksek mukavemetli \u00e7elik veya al\u00fcminyumdan yap\u0131l\u0131r.<\/p>\n<\/li>\n<li>\n<h3>Verimli Hidrolik \u00c7al\u0131\u015fma<\/h3>\n<p>Kova silindiri, p\u00fcr\u00fczs\u00fcz uzama ve b\u00fcz\u00fclme elde etmek i\u00e7in hidrolik ya\u011f bas\u0131nc\u0131n\u0131 kullan\u0131r, kontrol komutlar\u0131na h\u0131zl\u0131 yan\u0131t verir, g\u00fc\u00e7l\u00fc itme ve \u00e7ekme kuvveti sa\u011flar ve a\u011f\u0131r y\u00fckleri ve karma\u015f\u0131k i\u015f g\u00f6revlerini idare etmek i\u00e7in uygundur.<\/p>\n<\/li>\n<li>\n<h3>\u00c7e\u015fitli Tipler<\/h3>\n<p>Kova silindiri ihtiyaca g\u00f6re tek etkili (hidrolik tek y\u00f6nde kullan\u0131l\u0131r) veya \u00e7ift etkili (hidrolik her iki y\u00f6nde kullan\u0131l\u0131r) silindir olarak se\u00e7ilebilir ve baz\u0131 modeller teleskopik olup, d\u0131\u015f boyutlar\u0131 artt\u0131rmadan daha fazla uzamaya izin verir, s\u0131n\u0131rl\u0131 alana sahip uygulamalar i\u00e7in uygundur.<\/p>\n<\/li>\n<li>\n<h3>M\u00fckemmel De\u011fi\u015ftirme<\/h3>\n<p>\u00dcr\u00fcn\u00fcm\u00fcz bu hidrolik silindirlerin yerine m\u00fckemmel bir \u015fekilde ge\u00e7ebilmektedir.<\/p>\n<\/li>\n<\/ul>\n<p><img decoding=\"async\" src=\"https:\/\/www.hydraulic-cylinders.net\/wp-content\/uploads\/2025\/01\/songte-cylinder-head-with-all-kinds-excavator-models.webp\" alt=\"Kova Silindiri De\u011fi\u015ftirme G\u00f6rseli\" \/><\/p>\n<h2>Uygulamalar<\/h2>\n<p>Kova silindiri, a\u015fa\u011f\u0131dakiler de dahil olmak \u00fczere \u00e7e\u015fitli a\u011f\u0131r makinelerde yayg\u0131n olarak kullan\u0131l\u0131r:<\/p>\n<ul>\n<li>\n<h3>\u0130n\u015faat Ekipmanlar\u0131<\/h3>\n<p>Ekskavat\u00f6rlerde, toprak veya moloz kazma, y\u00fckleme ve ta\u015f\u0131ma i\u00e7in hayati \u00f6nem ta\u015f\u0131rlar. Arka kep\u00e7eli ekskavat\u00f6rlerde, kova silindiri kazma ve kald\u0131rma i\u015flemlerine yard\u0131mc\u0131 olur. \u00d6n y\u00fckleyicilerde ise, y\u00fcklerin etkili bir \u015fekilde kald\u0131r\u0131lmas\u0131n\u0131 ve e\u011filmesini kolayla\u015ft\u0131r\u0131rlar.<\/p>\n<\/li>\n<li>\n<h3>Tar\u0131m Makinalar\u0131<\/h3>\n<p>\u00d6n y\u00fckleyicilerde, toprak, saman ve di\u011fer malzemelerin al\u0131nmas\u0131, kald\u0131r\u0131lmas\u0131 ve ta\u015f\u0131nmas\u0131nda kullan\u0131l\u0131r.<\/p>\n<\/li>\n<li>\n<h3>Ekskavat\u00f6rler<\/h3>\n<p>Kova silindiri, kovan\u0131n topra\u011f\u0131 delerek kazma i\u015flemini ger\u00e7ekle\u015ftirmesini sa\u011flar.<\/p>\n<\/li>\n<\/ul>\n<h2>Tasar\u0131m Hususlar\u0131 ve Se\u00e7im Kriterleri<\/h2>\n<p>Kova silindirinin tasar\u0131m\u0131nda y\u00fck ta\u015f\u0131ma kapasitesi, s\u0131zd\u0131rmazl\u0131k, dayan\u0131kl\u0131l\u0131k, g\u00fcvenlik ve bak\u0131m kolayl\u0131\u011f\u0131 dikkate al\u0131n\u0131r. Tasar\u0131mda dikkate al\u0131nan temel hususlar \u015funlard\u0131r:<\/p>\n<ul>\n<li>\n<h3>Y\u00fck Ta\u015f\u0131ma Kapasitesi<\/h3>\n<p>Kova silindiri, ama\u00e7lanan uygulama i\u00e7in gereken maksimum kuvvet ve a\u011f\u0131rl\u0131\u011fa dayanacak \u015fekilde tasarlan\u0131p \u00fcretilir.<\/p>\n<\/li>\n<li>\n<h3>S\u0131zd\u0131rmazl\u0131k<\/h3>\n<p>Kova silindiri, iyi bir s\u0131zd\u0131rmazl\u0131k sa\u011flamak ve s\u0131v\u0131 s\u0131z\u0131nt\u0131s\u0131n\u0131 \u00f6nlemek i\u00e7in poli\u00fcretan ve nitril kau\u00e7uk gibi a\u015f\u0131nmaya dayan\u0131kl\u0131 malzemelerle birlikte piston contalar\u0131, kol contalar\u0131 vb. gibi \u00e7e\u015fitli s\u0131zd\u0131rmazl\u0131k bile\u015fenleri kullan\u0131r.<\/p>\n<\/li>\n<li>\n<h3>Dayan\u0131kl\u0131l\u0131k<\/h3>\n<p>Silindir g\u00f6vdesi ve di\u015fli u\u00e7 y\u00fczeyi, a\u015f\u0131nma direncini art\u0131rmak i\u00e7in incelikle i\u015flenmi\u015ftir. Kova silindiri de kullan\u0131m \u00f6mr\u00fcn\u00fc uzatmak i\u00e7in korozyona dayan\u0131kl\u0131 malzemeler ve kaplamalarla tasarlanm\u0131\u015ft\u0131r.<\/p>\n<\/li>\n<li>\n<h3>Emniyet<\/h3>\n<p>Kova silindiri, silindire veya makineye gelebilecek yaralanmalar\u0131 veya hasarlar\u0131 \u00f6nlemek i\u00e7in emniyet valfleri ve a\u015f\u0131r\u0131 y\u00fck korumas\u0131 gibi g\u00fcvenlik cihazlar\u0131yla donat\u0131lm\u0131\u015ft\u0131r.<\/p>\n<\/li>\n<li>\n<h3>Bak\u0131m kolayl\u0131\u011f\u0131<\/h3>\n<p>Kova silindirinin optimum performans sa\u011flamas\u0131 i\u00e7in d\u00fczenli kontrol ve \u00f6nleyici bak\u0131ma ihtiyac\u0131 vard\u0131r. Hidrolik ya\u011f\u0131n d\u00fczenli olarak de\u011fi\u015ftirilmesi ve doldurulmas\u0131, contan\u0131n ise gerekirse kontrol edilmesi ve de\u011fi\u015ftirilmesi gerekir.<\/p>\n<\/li>\n<\/ul>\n<p><img decoding=\"async\" src=\"https:\/\/www.hydraulic-cylinders.net\/wp-content\/uploads\/2025\/01\/songte-oil-pipes-and-spare-parts.webp\" alt=\"Kova Silindiri Yedek Par\u00e7a G\u00f6rseli\" \/><\/p>\n<h2>S\u0131zd\u0131rmazl\u0131k ve Ya\u011flama<\/h2>\n<p>Kova silindiri, iyi bir s\u0131zd\u0131rmazl\u0131k sa\u011flamak ve s\u0131v\u0131 s\u0131z\u0131nt\u0131s\u0131n\u0131 \u00f6nlemek i\u00e7in poli\u00fcretan ve nitril kau\u00e7uk gibi a\u015f\u0131nmaya dayan\u0131kl\u0131 malzemelerle birlikte piston contalar\u0131, piston kolu contalar\u0131 vb. gibi \u00e7e\u015fitli s\u0131zd\u0131rmazl\u0131k bile\u015fenleri kullan\u0131r. Silindir g\u00f6vdesi ve di\u015fli u\u00e7 y\u00fczeyi, a\u015f\u0131nma direncini art\u0131rmak i\u00e7in hassas bir \u015fekilde i\u015flenmi\u015ftir. Optimum performans\u0131 korumak i\u00e7in uygun miktarda hidrolik ya\u011f ile d\u00fczenli olarak ya\u011flanmas\u0131 gerekir.<\/p>\n<h2>Bak\u0131m ve Onar\u0131m<\/h2>\n<p>Kova silindiri i\u00e7in baz\u0131 yayg\u0131n bak\u0131m g\u00f6revleri \u015funlard\u0131r:<\/p>\n<ul>\n<li>\n<h3>D\u00fczenli Muayene<\/h3>\n<p>Kova silindirinin d\u00fczg\u00fcn \u00e7al\u0131\u015ft\u0131\u011f\u0131ndan emin olmak ve olas\u0131 sorunlar\u0131 erken tespit etmek i\u00e7in d\u00fczenli olarak kontrol edilmesi gerekir.<\/p>\n<\/li>\n<li>\n<h3>Ya\u011flama<\/h3>\n<p>Kova silindirinin optimum performans\u0131 koruyabilmesi i\u00e7in uygun miktarda hidrolik ya\u011f ile ya\u011flanmas\u0131 gerekir.<\/p>\n<\/li>\n<li>\n<h3>Conta De\u011fi\u015fimi<\/h3>\n<p>\u0130yi bir s\u0131zd\u0131rmazl\u0131k sa\u011flamak ve s\u0131v\u0131 s\u0131z\u0131nt\u0131s\u0131n\u0131 \u00f6nlemek i\u00e7in contan\u0131n kontrol edilmesi ve gerekirse de\u011fi\u015ftirilmesi gerekir.<\/p>\n<\/li>\n<li>\n<h3>Hizalama Kontrol\u00fc<\/h3>\n<p>Montaj s\u0131ras\u0131nda kova silindirinin d\u00fczg\u00fcn \u00e7al\u0131\u015ft\u0131\u011f\u0131ndan emin olmak i\u00e7in do\u011fru \u015fekilde hizalanmas\u0131 gerekir.<\/p>\n<\/li>\n<\/ul>\n<p>Kova silindirinin uzun \u00f6m\u00fcrl\u00fc olmas\u0131 i\u00e7in do\u011fru montaj, ya\u011flama ve ayarlama \u00e7ok \u00f6nemlidir. Silindiri sabitlemek i\u00e7in uygun montaj braketlerinin kullan\u0131lmas\u0131 \u00f6nerilir. Kova silindirinin \u00f6mr\u00fcn\u00fc uzatmak i\u00e7in \u00f6nerilen bir muayene, onar\u0131m ve de\u011fi\u015ftirme prosed\u00fcr\u00fc sunuyoruz.<\/p>\n<p><img decoding=\"async\" src=\"https:\/\/www.hydraulic-cylinders.net\/wp-content\/uploads\/2025\/01\/songte-chushion-collar.webp\" alt=\"Kova Silindir Yakas\u0131 G\u00f6rseli\" \/><\/p>\n<h2>G\u00fcvenlik Hususlar\u0131 ve \u00c7evresel Fakt\u00f6rler<\/h2>\n<p>Kova silindirini kullan\u0131rken, silindirde veya makinede yaralanma veya hasar\u0131 \u00f6nlemek i\u00e7in uygun g\u00fcvenlik prosed\u00fcrlerine uymak \u00e7ok \u00f6nemlidir. D\u00fczenli muayene, bak\u0131m ve onar\u0131m, olas\u0131 \u00e7evresel tehlikelerin azalt\u0131lmas\u0131na yard\u0131mc\u0131 olabilir.<\/p>\n<h2>Sorun Giderme ve Yayg\u0131n Sorunlar<\/h2>\n<p>Kova silindirinde meydana gelebilecek baz\u0131 yayg\u0131n sorunlar \u015funlard\u0131r:<\/p>\n<ul>\n<li>\n<h3>S\u0131z\u0131nt\u0131<\/h3>\n<p>Silindirde hasarl\u0131 contalar, kirli hidrolik ya\u011f veya gev\u015fek ba\u011flant\u0131lar nedeniyle s\u0131z\u0131nt\u0131 olabilir.<\/p>\n<\/li>\n<li>\n<h3>Yava\u015f \u00c7al\u0131\u015fma<\/h3>\n<p>Silindir, yetersiz hidrolik ya\u011f, a\u015f\u0131nm\u0131\u015f contalar veya hasarl\u0131 \u00e7ubuklar nedeniyle yava\u015f \u00e7al\u0131\u015fabilir.<\/p>\n<\/li>\n<li>\n<h3>A\u015f\u0131r\u0131 \u0131s\u0131nma<\/h3>\n<p>D\u00fc\u015f\u00fck ya\u011f seviyesi, t\u0131kal\u0131 ya\u011f kanallar\u0131 veya hasarl\u0131 tahliye vanalar\u0131 nedeniyle silindir a\u015f\u0131r\u0131 \u0131s\u0131nabilir.<\/p>\n<\/li>\n<\/ul>\n<p>Bu sorunlar\u0131 \u00e7\u00f6zmek i\u00e7in, nedenini tespit etmek ve hasarl\u0131 contalar\u0131 de\u011fi\u015ftirmek, hidrolik ya\u011f\u0131 temizlemek veya hasarl\u0131 par\u00e7alar\u0131 onarmak veya de\u011fi\u015ftirmek gibi uygun d\u00fczeltici \u00f6nlemleri almak gerekir.<\/p>\n<p><img decoding=\"async\" src=\"https:\/\/www.hydraulic-cylinders.net\/wp-content\/uploads\/2025\/01\/songte-bushings-with-all-kinds-of-excavator-models.webp\" alt=\"Kova Silindir Bur\u00e7lar\u0131 G\u00f6rseli\" \/><\/p>\n<h2>Hakk\u0131m\u0131zda<\/h2>\n<p>Firmam\u0131z, eksiksiz bir \u00fcr\u00fcn yelpazesine sahip yedek hidrolik silindir \u00fcreticisidir ve yurt i\u00e7i ve yurt d\u0131\u015f\u0131 pazarlarda lider hidrolik silindir \u00fcreticilerinden ve toptanc\u0131lar\u0131ndan biri haline gelmi\u015ftir. M\u00fckemmel kalite prensiplerini takip ediyor, hassas \u00fcretim at\u00f6lyelerinde end\u00fcstriyel \u00fcretim y\u00f6netimi stratejilerine g\u00fcveniyor, \u00fcretim platformumuzu s\u00fcrekli geli\u015ftiriyor, \u00fcr\u00fcn kalitesi \u00fcretim hatlar\u0131m\u0131z\u0131 iyile\u015ftiriyor ve m\u00fc\u015fterilerimizin \u00e7e\u015fitli ihtiya\u00e7lar\u0131n\u0131 kar\u015f\u0131lamak i\u00e7in y\u00fcksek verimli, y\u00fcksek hassasiyetli ve y\u00fcksek kaliteli \u00fcr\u00fcnler yaratma konusunda g\u00fc\u00e7l\u00fc bir yetene\u011fe sahibiz.<\/p>\n<p><img decoding=\"async\" src=\"https:\/\/hzpt.com\/wp-content\/uploads\/2024\/11\/songte-company-1.webp\" alt=\"\u015eirket \u0130maj\u0131\" \/><\/p>\n<h3>Profesyonellik<\/h3>\n<p>Firmam\u0131z hidrolik silindirler ve ilgili ekipmanlar\u0131n tasar\u0131m\u0131 ve imalat\u0131nda uzun y\u0131llara dayanan deneyime sahip profesyonel teknisyen ve m\u00fchendislerden olu\u015fan bir ekibe sahiptir.<\/p>\n<h3>Uluslararas\u0131 Sertifikasyon<\/h3>\n<p>\u00dcr\u00fcnlerimiz ISO9001, CE ve SGS gibi uluslararas\u0131 sertifikalardan ge\u00e7mi\u015f olup, \u00fcr\u00fcnlerimizin uluslararas\u0131 kalite standartlar\u0131n\u0131 kar\u015f\u0131lad\u0131\u011f\u0131n\u0131 garanti alt\u0131na almaktad\u0131r.<\/p>\n<h3>\u00d6zelle\u015ftirme Hizmetleri<\/h3>\n<p>M\u00fc\u015fterilerimizin \u00f6zel ihtiya\u00e7lar\u0131n\u0131 kar\u015f\u0131lamak i\u00e7in hidrolik silindirler i\u00e7in \u00f6zelle\u015ftirme hizmetleri sa\u011fl\u0131yoruz.<\/p>\n<h3>\u00dcretim Ekipmanlar\u0131<\/h3>\n<p>Firmam\u0131z, y\u00fcksek kaliteli ve verimli \u00fcretimi garanti alt\u0131na almak i\u00e7in CNC tak\u0131m tezgahlar\u0131, i\u015fleme merkezleri ve test ekipmanlar\u0131 gibi geli\u015fmi\u015f \u00fcretim ekipmanlar\u0131na sahiptir.<\/p>\n<h3>Sat\u0131\u015f Sonras\u0131 Hizmet<\/h3>\n<p>M\u00fc\u015fterilerimize teknik destek, bak\u0131m ve onar\u0131m hizmetleri de dahil olmak \u00fczere m\u00fckemmel sat\u0131\u015f sonras\u0131 hizmeti sa\u011fl\u0131yoruz.<\/p>\n<p>Yazar: lyl<\/p>","protected":false},"excerpt":{"rendered":"<p>Bucket Cylinder For Doosan Large Excavator DH290 Introduction The bucket cylinder for Doosan large excavator DH290 is a specially designed hydraulic cylinder used to control the movement of the bucket in heavy machinery such as excavators, backhoe excavators, and front-end loaders. Its main function is to enable the bucket to lift, lower, and tilt, making [&hellip;]<\/p>","protected":false},"featured_media":14785,"comment_status":"open","ping_status":"closed","template":"","meta":{"_et_pb_use_builder":"","_et_pb_old_content":"","_et_gb_content_width":""},"product_brand":[],"product_cat":[1494],"product_tag":[1495,1496],"class_list":{"0":"post-15285","1":"product","2":"type-product","3":"status-publish","4":"has-post-thumbnail","6":"product_cat-bucket-cylinders","7":"product_tag-bucket-cylinders","8":"product_tag-hydraulic-cylinders","10":"first","11":"instock","12":"shipping-taxable","13":"product-type-simple"},"amp_enabled":true,"_links":{"self":[{"href":"https:\/\/www.hydraulic-cylinders.net\/tr\/wp-json\/wp\/v2\/product\/15285","targetHints":{"allow":["GET"]}}],"collection":[{"href":"https:\/\/www.hydraulic-cylinders.net\/tr\/wp-json\/wp\/v2\/product"}],"about":[{"href":"https:\/\/www.hydraulic-cylinders.net\/tr\/wp-json\/wp\/v2\/types\/product"}],"replies":[{"embeddable":true,"href":"https:\/\/www.hydraulic-cylinders.net\/tr\/wp-json\/wp\/v2\/comments?post=15285"}],"wp:featuredmedia":[{"embeddable":true,"href":"https:\/\/www.hydraulic-cylinders.net\/tr\/wp-json\/wp\/v2\/media\/14785"}],"wp:attachment":[{"href":"https:\/\/www.hydraulic-cylinders.net\/tr\/wp-json\/wp\/v2\/media?parent=15285"}],"wp:term":[{"taxonomy":"product_brand","embeddable":true,"href":"https:\/\/www.hydraulic-cylinders.net\/tr\/wp-json\/wp\/v2\/product_brand?post=15285"},{"taxonomy":"product_cat","embeddable":true,"href":"https:\/\/www.hydraulic-cylinders.net\/tr\/wp-json\/wp\/v2\/product_cat?post=15285"},{"taxonomy":"product_tag","embeddable":true,"href":"https:\/\/www.hydraulic-cylinders.net\/tr\/wp-json\/wp\/v2\/product_tag?post=15285"}],"curies":[{"name":"wp","href":"https:\/\/api.w.org\/{rel}","templated":true}]}}