{"id":15286,"date":"2025-01-19T14:20:24","date_gmt":"2025-01-19T14:20:24","guid":{"rendered":"https:\/\/www.hydraulic-cylinders.net\/product\/bucket-cylinder-for-doosan-large-excavator-dh320\/"},"modified":"2025-01-19T14:20:26","modified_gmt":"2025-01-19T14:20:26","slug":"bucket-cylinder-for-doosan-large-excavator-dh320","status":"publish","type":"product","link":"https:\/\/www.hydraulic-cylinders.net\/tr\/urun\/bucket-cylinder-for-doosan-large-excavator-dh320\/","title":{"rendered":"Doosan DH320 B\u00fcy\u00fck Ekskavat\u00f6r \u0130\u00e7in Kep\u00e7e Silindiri"},"content":{"rendered":"<h1>Doosan DH320 B\u00fcy\u00fck Ekskavat\u00f6r \u0130\u00e7in Kep\u00e7e Silindiri<\/h1>\n<h2>girii\u015f<\/h2>\n<p>Doosan DH320 b\u00fcy\u00fck ekskavat\u00f6r i\u00e7in kova silindiri, ekskavat\u00f6rler, kaz\u0131c\u0131 ekskavat\u00f6rler ve \u00f6n y\u00fckleyiciler gibi a\u011f\u0131r makinelerde kovan\u0131n hareketini kontrol etmek i\u00e7in kullan\u0131lan \u00f6zel bir hidrolik silindir t\u00fcr\u00fcd\u00fcr. Ana i\u015flevi, malzeme ta\u015f\u0131may\u0131 kolayla\u015ft\u0131rmak i\u00e7in kovay\u0131 kald\u0131rmak, indirmek ve e\u011fmektir. Hidrolik sistemde, kova silindiri, kovan\u0131n hassas kontrol\u00fcn\u00fc sa\u011flamak i\u00e7in hidrolik ya\u011f\u0131n bas\u0131nc\u0131n\u0131 kullan\u0131r; bu da operat\u00f6rlerin a\u011f\u0131r nesneleri verimli bir \u015fekilde ta\u015f\u0131mas\u0131na ve karma\u015f\u0131k \u00e7al\u0131\u015fma ortamlar\u0131na ve \u00e7e\u015fitli i\u015f gereksinimlerine uyum sa\u011flamas\u0131na olanak tan\u0131r.<\/p>\n<p><img decoding=\"async\" src=\"https:\/\/www.hydraulic-cylinders.net\/wp-content\/uploads\/2025\/01\/songte-company-2.webp\"><\/p>\n<h2>\u00d6zellikler<\/h2>\n<ul>\n<li>\n<h3>Y\u00fcksek G\u00fc\u00e7 ve Dayan\u0131kl\u0131l\u0131k<\/h3>\n<p>Kova silindirleri genellikle y\u00fcksek bas\u0131nca ve a\u011f\u0131r y\u00fcklere dayanabilen y\u00fcksek mukavemetli \u00e7elik veya al\u00fcminyumdan yap\u0131l\u0131r. A\u015f\u0131nmaya ve korozyona dayan\u0131kl\u0131 olacak \u015fekilde tasarlanm\u0131\u015flard\u0131r, bu da kullan\u0131m \u00f6m\u00fcrlerini uzat\u0131r.<\/p>\n<\/li>\n<li>\n<h3>Verimli Hidrolik \u00c7al\u0131\u015fma<\/h3>\n<p>Kova silindirleri, hidrolik ya\u011f\u0131n bas\u0131nc\u0131n\u0131 kullanarak d\u00fczg\u00fcn genle\u015fme ve b\u00fcz\u00fclme hareketleri ger\u00e7ekle\u015ftirir, kontrol komutlar\u0131na h\u0131zl\u0131 yan\u0131t verir ve g\u00fc\u00e7l\u00fc itme ve \u00e7ekme kuvvetleri sa\u011flar; bu da onlar\u0131 a\u011f\u0131r nesnelerin ve karma\u015f\u0131k i\u015f g\u00f6revlerinin ta\u015f\u0131nmas\u0131 i\u00e7in uygun hale getirir.<\/p>\n<\/li>\n<li>\n<h3>\u00c7e\u015fitli Tipler<\/h3>\n<p>Kova silindirleri, \u00e7al\u0131\u015fma gereksinimine ba\u011fl\u0131 olarak tek etkili (hidrolik bas\u0131nc\u0131 yaln\u0131zca tek y\u00f6nde kullan\u0131r) veya \u00e7ift etkili (hidrolik bas\u0131nc\u0131 her iki y\u00f6nde de kullan\u0131r) olabilir. Baz\u0131 modeller teleskopiktir ve d\u0131\u015f boyutlar\u0131n\u0131 art\u0131rmadan daha fazla uzama sa\u011flayarak s\u0131n\u0131rl\u0131 alana sahip uygulamalar i\u00e7in uygun hale gelir.<\/p>\n<\/li>\n<li>\n<h3>Hidrolik Silindirler \u0130\u00e7in M\u00fckemmel Yedek Par\u00e7a<\/h3>\n<p>\u00dcr\u00fcnlerimiz bu hidrolik silindirlerin yerini m\u00fckemmel bir \u015fekilde alabilir ve biz bu \u00fcr\u00fcn\u00fc \u00fcretebiliriz.<\/p>\n<\/li>\n<\/ul>\n<p><img decoding=\"async\" src=\"https:\/\/www.hydraulic-cylinders.net\/wp-content\/uploads\/2025\/01\/songte-cylinder-head-with-all-kinds-excavator-models.webp\"><\/p>\n<h2>Uygulamalar<\/h2>\n<p>Kova silindirleri, in\u015faat ekipmanlar\u0131, tar\u0131m makineleri, ekskavat\u00f6rler ve y\u00fckleyiciler de dahil olmak \u00fczere \u00e7e\u015fitli sekt\u00f6rlerde farkl\u0131 uygulamalara sahiptir:<\/p>\n<ul>\n<li>\n<h3>\u0130n\u015faat Ekipmanlar\u0131<\/h3>\n<p>Ekskavat\u00f6rlerde, kep\u00e7e silindirleri topra\u011f\u0131 veya molozu kazmak, y\u00fcklemek ve ta\u015f\u0131mak i\u00e7in \u00e7ok \u00f6nemlidir. Kaz\u0131c\u0131 ekskavat\u00f6rlerde kep\u00e7e silindirleri hem kazmaya hem de kald\u0131rmaya yard\u0131mc\u0131 olur. Y\u00fckleyicilerde ise, mallar\u0131n verimli bir \u015fekilde kald\u0131r\u0131lmas\u0131na ve devrilmesine yard\u0131mc\u0131 olurlar.<\/p>\n<\/li>\n<li>\n<h3>Tar\u0131m Makinalar\u0131<\/h3>\n<p>Kep\u00e7e silindirleri, \u00f6n y\u00fckleyicilerde toprak, saman ve di\u011fer malzemelerin al\u0131nmas\u0131, kald\u0131r\u0131lmas\u0131 ve ta\u015f\u0131nmas\u0131nda kullan\u0131l\u0131r.<\/p>\n<\/li>\n<li>\n<h3>Ekskavat\u00f6rler<\/h3>\n<p>Kova silindiri, kovan\u0131n topra\u011fa n\u00fcfuz ederek kazma i\u015flemini ger\u00e7ekle\u015ftirmesini sa\u011flar.<\/p>\n<\/li>\n<li>\n<h3>Y\u00fckleyiciler<\/h3>\n<p>Kep\u00e7e silindirleri, \u00f6n y\u00fckleyicilerde mallar\u0131n etkili bir \u015fekilde kald\u0131r\u0131lmas\u0131na ve bo\u015falt\u0131lmas\u0131na yard\u0131mc\u0131 olur.<\/p>\n<\/li>\n<\/ul>\n<h2>Tasar\u0131m Hususlar\u0131 ve Se\u00e7im Kriterleri<\/h2>\n<p>Kova silindirlerinin tasar\u0131m\u0131 ve se\u00e7imi yap\u0131l\u0131rken a\u015fa\u011f\u0131daki fakt\u00f6rler dikkate al\u0131nmal\u0131d\u0131r:<\/p>\n<ul>\n<li>\n<h3>Y\u00fck Ta\u015f\u0131ma Kapasitesi<\/h3>\n<p>Silindir, beklenen y\u00fck ve bas\u0131nca dayanacak \u015fekilde tasarlanmal\u0131d\u0131r.<\/p>\n<\/li>\n<li>\n<h3>S\u0131zd\u0131rmazl\u0131k ve Dayan\u0131kl\u0131l\u0131k<\/h3>\n<p>Silindir, uzun bir kullan\u0131m \u00f6mr\u00fc sa\u011flamak i\u00e7in yeterli s\u0131zd\u0131rmazl\u0131k ve dayan\u0131kl\u0131l\u0131k \u00f6zelliklerine sahip olacak \u015fekilde tasarlanmal\u0131d\u0131r.<\/p>\n<\/li>\n<li>\n<h3>G\u00fcvenlik ve Bak\u0131m<\/h3>\n<p>Silindir, \u00e7al\u0131\u015fma s\u0131ras\u0131nda g\u00fcvenli\u011fi ve kolay bak\u0131m\u0131 sa\u011flayacak \u015fekilde tasarlanmal\u0131d\u0131r.<\/p>\n<\/li>\n<\/ul>\n<p><img decoding=\"async\" src=\"https:\/\/www.hydraulic-cylinders.net\/wp-content\/uploads\/2025\/01\/songte-oil-pipes-and-spare-parts.webp\"><\/p>\n<h2>S\u0131zd\u0131rmazl\u0131k ve Ya\u011flama<\/h2>\n<p>Kova silindirlerinde, poli\u00fcretan ve nitril kau\u00e7uk gibi a\u015f\u0131nmaya dayan\u0131kl\u0131 malzemelerden yap\u0131lm\u0131\u015f piston contalar\u0131 ve mil contalar\u0131 gibi farkl\u0131 s\u0131zd\u0131rmazl\u0131k elemanlar\u0131 kullan\u0131l\u0131r. Silindir ba\u015fl\u0131\u011f\u0131 ve di\u015fli u\u00e7 y\u00fczeyleri, a\u015f\u0131nma direncini art\u0131rmak i\u00e7in hassas bir \u015fekilde i\u015flenmi\u015ftir. Sorunsuz \u00e7al\u0131\u015fma ve uzun hizmet \u00f6mr\u00fc sa\u011flamak i\u00e7in uygun hidrolik ya\u011f ile d\u00fczenli ya\u011flama gereklidir.<\/p>\n<h2>Bak\u0131m ve Kurulum<\/h2>\n<p>Kova silindirinin d\u00fczg\u00fcn \u00e7al\u0131\u015fmas\u0131 ve uzun \u00f6m\u00fcrl\u00fc olmas\u0131 i\u00e7in d\u00fczenli bak\u0131m ve kurulum \u015fartt\u0131r. A\u015fa\u011f\u0131daki bak\u0131m i\u015flemleri \u00f6nerilir:<\/p>\n<ul>\n<li>\n<h3>D\u00fczenli Muayene<\/h3>\n<p>Silindirin contalar\u0131n\u0131n, ba\u011flant\u0131 par\u00e7alar\u0131n\u0131n ve di\u011fer bile\u015fenlerinin iyi durumda ve do\u011fru \u015fekilde \u00e7al\u0131\u015ft\u0131\u011f\u0131ndan emin olmak i\u00e7in d\u00fczenli olarak kontrol edilmesi gereklidir.<\/p>\n<\/li>\n<li>\n<h3>Ya\u011flama<\/h3>\n<p>Silindirin uygun hidrolik ya\u011f ile d\u00fczenli olarak ya\u011flanmas\u0131, sorunsuz \u00e7al\u0131\u015fma ve uzun kullan\u0131m \u00f6mr\u00fc i\u00e7in gereklidir.<\/p>\n<\/li>\n<li>\n<h3>Conta De\u011fi\u015fimi ve Kalibrasyon Kontrol\u00fc<\/h3>\n<p>Contalar\u0131n periyodik olarak de\u011fi\u015ftirilmesi gerekebilir ve silindirin do\u011fru \u00e7al\u0131\u015ft\u0131\u011f\u0131ndan emin olmak i\u00e7in kalibrasyon kontrol\u00fc yap\u0131lmas\u0131 gerekebilir.<\/p>\n<\/li>\n<\/ul>\n<p><img decoding=\"async\" src=\"https:\/\/www.hydraulic-cylinders.net\/wp-content\/uploads\/2025\/01\/songte-chushion-collar.webp\"><\/p>\n<h2>G\u00fcvenlik ve \u00c7evresel Hususlar<\/h2>\n<p>Operat\u00f6r\u00fcn ve \u00e7evrenin g\u00fcvenli\u011fini sa\u011flamak i\u00e7in kova silindirleri, \u00f6nerilen g\u00fcvenlik prosed\u00fcrlerine uygun olarak kurulmal\u0131 ve \u00e7al\u0131\u015ft\u0131r\u0131lmal\u0131d\u0131r. Kazara hasar\u0131 \u00f6nlemek ve ya\u011f s\u0131z\u0131nt\u0131s\u0131 veya d\u00f6k\u00fclmesini engellemek i\u00e7in yeterli g\u00fcvenlik \u00f6nlemleri al\u0131nmal\u0131d\u0131r.<\/p>\n<h2>Tan\u0131 ve Sorun Giderme<\/h2>\n<p>Silindir d\u00fczg\u00fcn \u00e7al\u0131\u015fm\u0131yorsa, a\u015fa\u011f\u0131daki sorunlar tespit edilebilir:<\/p>\n<ul>\n<li>\n<h3>S\u0131zd\u0131ran Contalar<\/h3>\n<p>Silindirden ya\u011f s\u0131z\u0131nt\u0131s\u0131 varsa, bunun nedeni de\u011fi\u015ftirilmesi gereken a\u015f\u0131nm\u0131\u015f contalar olabilir.<\/p>\n<\/li>\n<li>\n<h3>G\u00fcr\u00fclt\u00fcl\u00fc \u00c7al\u0131\u015fma<\/h3>\n<p>Silindir \u00e7al\u0131\u015fmas\u0131 g\u00fcr\u00fclt\u00fcl\u00fc ise, hidrolik sistemde hava cepleri veya yetersiz ya\u011flama olabilir.<\/p>\n<\/li>\n<li>\n<h3>Yava\u015f \u00c7al\u0131\u015fma<\/h3>\n<p>Silindir \u00e7al\u0131\u015fmas\u0131n\u0131n yava\u015f olmas\u0131, yetersiz hidrolik bas\u0131n\u00e7 veya t\u0131kanm\u0131\u015f ya\u011f beslemesi anlam\u0131na gelebilir.<\/p>\n<\/li>\n<\/ul>\n<p>A\u015fa\u011f\u0131daki sorun giderme ipu\u00e7lar\u0131 ve \u00e7\u00f6z\u00fcmleri yard\u0131mc\u0131 olabilir:<\/p>\n<ul>\n<li>\n<h3>Conta De\u011fi\u015fimi<\/h3>\n<p>A\u015f\u0131nm\u0131\u015f contalar yenileriyle de\u011fi\u015ftirilmelidir.<\/p>\n<\/li>\n<li>\n<h3>Hidrolik Sistemin Havas\u0131n\u0131n Al\u0131nmas\u0131<\/h3>\n<p>Hidrolik sistemdeki hava cepleri tahliye edilmelidir.<\/p>\n<\/li>\n<li>\n<h3>Ya\u011flama<\/h3>\n<p>Silindir uygun hidrolik ya\u011f ile ya\u011flanmal\u0131d\u0131r.<\/p>\n<\/li>\n<\/ul>\n<p><img decoding=\"async\" src=\"https:\/\/www.hydraulic-cylinders.net\/wp-content\/uploads\/2025\/01\/songte-bushings-with-all-kinds-of-excavator-models.webp\"><\/p>\n<h2>\u015eirketimiz Hakk\u0131nda<\/h2>\n<p>Yurti\u00e7i ve yurtd\u0131\u015f\u0131 pazarlarda \u00f6nde gelen hidrolik silindir \u00fcreticisi ve toptanc\u0131s\u0131y\u0131z. Eksiksiz bir \u00fcr\u00fcn yelpazesine sahibiz ve m\u00fckemmel kaliteyle end\u00fcstriyel \u00fcretim y\u00f6netimi stratejisini izliyoruz; bu strateji, ince i\u015f\u00e7ilikli at\u00f6lyeler, teknoloji yetenekleri, dijital \u00fcst d\u00fczey \u00fcretim ekipmanlar\u0131 ve profesyonel test sistemlerine dayanmaktad\u0131r. At\u00f6lye \u00fcretim platformumuz s\u00fcrekli olarak geli\u015ftirilmekte, \u00fcr\u00fcn kalitesi \u00fcretim hatt\u0131m\u0131z m\u00fckemmeldir ve y\u00fcksek verimlilik, hassasiyet ve kalite ile m\u00fc\u015fterilerin \u00e7e\u015fitli ihtiya\u00e7lar\u0131n\u0131 kar\u015f\u0131lamak i\u00e7in g\u00fc\u00e7l\u00fc bir inovasyon yetene\u011fine sahibiz.<\/p>\n<h3>Profesyonellik<\/h3>\n<p>\u015eirketimiz, \u00fcr\u00fcnlerimizin sekt\u00f6r standartlar\u0131n\u0131 ve m\u00fc\u015fteri gereksinimlerini kar\u015f\u0131lamas\u0131n\u0131 sa\u011flamak i\u00e7in profesyonel teknik uzmanl\u0131\u011fa ve s\u0131k\u0131 kalite kontrol \u00f6nlemlerine sahiptir.<\/p>\n<h3>Uluslararas\u0131 Sertifikasyon<\/h3>\n<p>\u00dcr\u00fcnlerimiz sertifikal\u0131d\u0131r ve ISO, CE ve SGS gibi uluslararas\u0131 standartlara uygundur.<\/p>\n<h3>\u00d6zelle\u015ftirilmi\u015f Hizmetler<\/h3>\n<p>M\u00fc\u015fterilerimizin \u00f6zel ihtiya\u00e7lar\u0131n\u0131 kar\u015f\u0131lamak \u00fczere \u00f6zelle\u015ftirilmi\u015f hizmetler sunuyoruz.<\/p>\n<h3>\u00dcretim Ekipmanlar\u0131<\/h3>\n<p>\u015eirketimiz, \u00fcr\u00fcnlerimizin en y\u00fcksek kalitesini sa\u011flamak i\u00e7in CNC i\u015fleme merkezleri, hassas ta\u015flama makineleri ve otomatik kaynak makineleri gibi geli\u015fmi\u015f dijital \u00fcst d\u00fczey \u00fcretim ekipmanlar\u0131 kullanmaktad\u0131r.<\/p>\n<h3>Sat\u0131\u015f Sonras\u0131 Hizmet<\/h3>\n<p>\u015eirketimiz, \u00fcr\u00fcn bak\u0131m\u0131, onar\u0131m\u0131 ve de\u011fi\u015ftirme hizmetleri de dahil olmak \u00fczere kapsaml\u0131 sat\u0131\u015f sonras\u0131 hizmetler sunmaktad\u0131r.<\/p>\n<p><img decoding=\"async\" src=\"https:\/\/hzpt.com\/wp-content\/uploads\/2024\/11\/songte-company-1.webp\"><\/p>\n<p>Yazar: lyl<\/p>","protected":false},"excerpt":{"rendered":"<p>Bucket Cylinder For Doosan Large Excavator DH320 Introduction A bucket cylinder for Doosan large excavator DH320 is a specialized type of hydraulic cylinder used to control the movement of the bucket in heavy machinery such as excavators, backhoe excavators, and front-end loaders. Its main function is to lift, lower, and tilt the bucket for easy [&hellip;]<\/p>","protected":false},"featured_media":14784,"comment_status":"open","ping_status":"closed","template":"","meta":{"_et_pb_use_builder":"","_et_pb_old_content":"","_et_gb_content_width":""},"product_brand":[],"product_cat":[1494],"product_tag":[1495,1496],"class_list":{"0":"post-15286","1":"product","2":"type-product","3":"status-publish","4":"has-post-thumbnail","6":"product_cat-bucket-cylinders","7":"product_tag-bucket-cylinders","8":"product_tag-hydraulic-cylinders","10":"first","11":"instock","12":"shipping-taxable","13":"product-type-simple"},"amp_enabled":true,"_links":{"self":[{"href":"https:\/\/www.hydraulic-cylinders.net\/tr\/wp-json\/wp\/v2\/product\/15286","targetHints":{"allow":["GET"]}}],"collection":[{"href":"https:\/\/www.hydraulic-cylinders.net\/tr\/wp-json\/wp\/v2\/product"}],"about":[{"href":"https:\/\/www.hydraulic-cylinders.net\/tr\/wp-json\/wp\/v2\/types\/product"}],"replies":[{"embeddable":true,"href":"https:\/\/www.hydraulic-cylinders.net\/tr\/wp-json\/wp\/v2\/comments?post=15286"}],"wp:featuredmedia":[{"embeddable":true,"href":"https:\/\/www.hydraulic-cylinders.net\/tr\/wp-json\/wp\/v2\/media\/14784"}],"wp:attachment":[{"href":"https:\/\/www.hydraulic-cylinders.net\/tr\/wp-json\/wp\/v2\/media?parent=15286"}],"wp:term":[{"taxonomy":"product_brand","embeddable":true,"href":"https:\/\/www.hydraulic-cylinders.net\/tr\/wp-json\/wp\/v2\/product_brand?post=15286"},{"taxonomy":"product_cat","embeddable":true,"href":"https:\/\/www.hydraulic-cylinders.net\/tr\/wp-json\/wp\/v2\/product_cat?post=15286"},{"taxonomy":"product_tag","embeddable":true,"href":"https:\/\/www.hydraulic-cylinders.net\/tr\/wp-json\/wp\/v2\/product_tag?post=15286"}],"curies":[{"name":"wp","href":"https:\/\/api.w.org\/{rel}","templated":true}]}}