{"id":15290,"date":"2025-01-19T14:20:40","date_gmt":"2025-01-19T14:20:40","guid":{"rendered":"https:\/\/www.hydraulic-cylinders.net\/product\/bucket-cylinder-for-doosan-large-excavator-dh300-5\/"},"modified":"2025-01-19T14:20:42","modified_gmt":"2025-01-19T14:20:42","slug":"bucket-cylinder-for-doosan-large-excavator-dh300-5","status":"publish","type":"product","link":"https:\/\/www.hydraulic-cylinders.net\/tr\/urun\/bucket-cylinder-for-doosan-large-excavator-dh300-5\/","title":{"rendered":"Doosan DH300-5 B\u00fcy\u00fck Ekskavat\u00f6r \u0130\u00e7in Kep\u00e7e Silindiri"},"content":{"rendered":"<h1>Doosan DH300-5 B\u00fcy\u00fck Ekskavat\u00f6r \u0130\u00e7in Kep\u00e7e Silindiri<\/h1>\n<h2>girii\u015f<\/h2>\n<p>Doosan DH300-5 b\u00fcy\u00fck ekskavat\u00f6r i\u00e7in kova silindiri, ekskavat\u00f6rler, kaz\u0131c\u0131 y\u00fckleyiciler ve \u00f6n y\u00fckleyiciler gibi a\u011f\u0131r makinelerde kovan\u0131n hareketini kontrol etmek i\u00e7in kullan\u0131lan \u00f6zel bir hidrolik silindirdir. Ba\u015fl\u0131ca amac\u0131, kovan\u0131n y\u00fckseltilmesini, al\u00e7alt\u0131lmas\u0131n\u0131 ve e\u011filmesini sa\u011flayarak \u00e7e\u015fitli malzemelerin ta\u015f\u0131nmas\u0131n\u0131 kolayla\u015ft\u0131rmakt\u0131r. Hidrolik sistemde, kova silindiri hidrolik ya\u011f bas\u0131nc\u0131ndaki de\u011fi\u015fiklikler yoluyla kovan\u0131n hareketini hassas bir \u015fekilde kontrol ederek operat\u00f6rlerin a\u011f\u0131r y\u00fckleri verimli bir \u015fekilde ta\u015f\u0131mas\u0131na ve karma\u015f\u0131k \u00e7al\u0131\u015fma ortamlar\u0131na ve \u00e7e\u015fitli operasyonel ihtiya\u00e7lara uyum sa\u011flamas\u0131na olanak tan\u0131r.<\/p>\n<p><img decoding=\"async\" src=\"https:\/\/www.hydraulic-cylinders.net\/wp-content\/uploads\/2025\/01\/songte-company-2.webp\" alt=\"Kova Silindiri G\u00f6r\u00fcnt\u00fcs\u00fc\"><\/p>\n<h2>\u00d6zellikler<\/h2>\n<ul>\n<li><strong>Y\u00fcksek Dayan\u0131kl\u0131l\u0131k ve Dayan\u0131kl\u0131l\u0131k:<\/strong> Genellikle y\u00fcksek mukavemetli \u00e7elik veya al\u00fcminyumdan \u00fcretilen bu malzeme, y\u00fcksek bas\u0131nca ve a\u011f\u0131r y\u00fcklere dayanabilir, zorlu \u00e7al\u0131\u015fma ortamlar\u0131na uyum sa\u011flayabilir ve kullan\u0131m \u00f6mr\u00fcn\u00fc uzatmak i\u00e7in a\u015f\u0131nma ve korozyon direnci g\u00f6z \u00f6n\u00fcnde bulundurularak tasarlanm\u0131\u015ft\u0131r.<\/li>\n<li><strong>Verimli Hidrolik \u0130\u015flemler:<\/strong> Hidrolik ya\u011f bas\u0131nc\u0131n\u0131 kullanarak d\u00fczg\u00fcn teleskopik hareketler sa\u011flar, kontrol komutlar\u0131na h\u0131zl\u0131 yan\u0131t verebilir, g\u00fc\u00e7l\u00fc itme ve \u00e7ekme kuvvetleri uygulayabilir ve a\u011f\u0131r y\u00fcklerin ve karma\u015f\u0131k operasyonel g\u00f6revlerin \u00fcstesinden gelmek i\u00e7in uygundur.<\/li>\n<li><strong>\u00c7e\u015fitli Tipler:<\/strong> Tek y\u00f6nl\u00fc (hidrolik sistem yaln\u0131zca tek y\u00f6nde kullan\u0131l\u0131r) veya \u00e7ift y\u00f6nl\u00fc (hidrolik sistem iki y\u00f6nde kullan\u0131l\u0131r) silindirler, farkl\u0131 \u00e7al\u0131\u015fma ihtiya\u00e7lar\u0131n\u0131 kar\u015f\u0131lamak \u00fczere gereksinimlere g\u00f6re se\u00e7ilebilir. Baz\u0131 modeller teleskopiktir ve d\u0131\u015f boyutlar\u0131 art\u0131rmadan daha fazla uzatmaya olanak tan\u0131yarak s\u0131n\u0131rl\u0131 alana sahip uygulamalar i\u00e7in uygun hale gelir.<\/li>\n<li><strong>M\u00fckemmel De\u011fi\u015ftirme:<\/strong> Kova silindirimiz, \u00fcreticinin orijinal hidrolik silindirinin yerini m\u00fckemmel bir \u015fekilde alabilir.<\/li>\n<\/ul>\n<p><img decoding=\"async\" src=\"https:\/\/www.hydraulic-cylinders.net\/wp-content\/uploads\/2025\/01\/songte-cylinder-head-with-all-kinds-excavator-models.webp\" alt=\"Yedek Silindir G\u00f6r\u00fcnt\u00fcs\u00fc\"><\/p>\n<h2>Uygulamalar<\/h2>\n<p>Kova silindiri, \u00e7e\u015fitli end\u00fcstrilerde geni\u015f bir uygulama alan\u0131na sahiptir. Baz\u0131 \u00f6rnekler \u015funlard\u0131r:<\/p>\n<ul>\n<li><strong>\u0130n\u015faat Ekipmanlar\u0131:<\/strong> Ekskavat\u00f6rlerde, toprak veya moloz kazma, y\u00fckleme ve ta\u015f\u0131ma i\u015flemlerinde hayati \u00f6neme sahiptirler. Kaz\u0131c\u0131 y\u00fckleyicilerde ise kova silindiri hem kazma hem de kald\u0131rma i\u015flemlerine yard\u0131mc\u0131 olur. <\/li>\n<li><strong>Tar\u0131m Makinalar\u0131:<\/strong> \u00d6n y\u00fckleyicilerde toprak, saman ve di\u011fer malzemelerin kep\u00e7elenmesi, kald\u0131r\u0131lmas\u0131 ve ta\u015f\u0131nmas\u0131 i\u00e7in kullan\u0131l\u0131r. <\/li>\n<li><strong>Ekskavat\u00f6rler:<\/strong> Kep\u00e7e silindiri, kep\u00e7enin topra\u011fa n\u00fcfuz ederek kaz\u0131 i\u015flemlerini ger\u00e7ekle\u015ftirmesini sa\u011flar. <\/li>\n<li><strong>\u00d6n Y\u00fckleyiciler:<\/strong> \u00d6n y\u00fckleyicilerde, y\u00fck\u00fcn verimli bir \u015fekilde kald\u0131r\u0131lmas\u0131na ve devrilmesine yard\u0131mc\u0131 olurlar. <\/li>\n<\/ul>\n<h2>Tasar\u0131m Hususlar\u0131 ve Se\u00e7im Kriterleri<\/h2>\n<p>Kova silindirinin tasar\u0131m hususlar\u0131 ve se\u00e7im kriterleri, d\u00fczg\u00fcn \u00e7al\u0131\u015fmas\u0131 ve uzun \u00f6m\u00fcrl\u00fc olmas\u0131 i\u00e7in \u00e7ok \u00f6nemlidir. Bu hususlardan baz\u0131lar\u0131 \u015funlard\u0131r:<\/p>\n<h3>Y\u00fck Kapasitesi<\/h3>\n<p>Kep\u00e7e silindiri, tak\u0131ld\u0131\u011f\u0131 makinenin y\u00fck kapasitesini kald\u0131rabilecek kapasitede olmal\u0131d\u0131r. Olas\u0131 a\u015f\u0131r\u0131 y\u00fcklenmeleri de g\u00f6z \u00f6n\u00fcnde bulundurarak, makinenin maksimum y\u00fck kapasitesine dayanabilecek bir silindir se\u00e7mek \u00f6nemlidir.<\/p>\n<h3>S\u0131zd\u0131rmazl\u0131k<\/h3>\n<p>Hidrolik s\u0131v\u0131 s\u0131z\u0131nt\u0131lar\u0131n\u0131 \u00f6nlemek i\u00e7in kova silindirinin d\u00fczg\u00fcn bir \u015fekilde kapat\u0131lmas\u0131 gerekir. Dayan\u0131kl\u0131 malzemelerden yap\u0131lm\u0131\u015f ve a\u015f\u0131nmaya ve y\u0131pranmaya dayanacak \u015fekilde tasarlanm\u0131\u015f contalar se\u00e7mek \u00f6nemlidir.<\/p>\n<h3>Dayan\u0131kl\u0131l\u0131k<\/h3>\n<p>Kova silindiri dayan\u0131kl\u0131 olmal\u0131 ve zorlu ortamlara dayanacak \u015fekilde tasarlanmal\u0131d\u0131r. Silindir g\u00f6vdesi ve u\u00e7 kapaklar\u0131, korozyona ve a\u015f\u0131nmaya dayan\u0131kl\u0131 y\u00fcksek mukavemetli malzemelerden yap\u0131lmal\u0131d\u0131r.<\/p>\n<h3>Emniyet<\/h3>\n<p>Kova silindiri, g\u00fcvenlik g\u00f6z \u00f6n\u00fcnde bulundurularak tasarlanmal\u0131d\u0131r. Kazalar\u0131 \u00f6nlemek i\u00e7in bas\u0131n\u00e7 tahliye vanalar\u0131 ve emniyet kilitleri gibi g\u00fcvenlik \u00f6zelliklerine sahip bir silindir se\u00e7mek \u00f6nemlidir.<\/p>\n<h3>Bak\u0131m<\/h3>\n<p>Kova silindirinin bak\u0131m\u0131 kolay olmal\u0131d\u0131r. Bak\u0131m i\u00e7in kolayca s\u00f6k\u00fcl\u00fcp tak\u0131labilen bir silindir se\u00e7mek \u00f6nemlidir. Ya\u011flama ve conta de\u011fi\u015fimi gibi d\u00fczenli bak\u0131mlar, kullan\u0131m \u00f6mr\u00fcn\u00fc uzatmak i\u00e7in \u015fartt\u0131r.<\/p>\n<p><img decoding=\"async\" src=\"https:\/\/www.hydraulic-cylinders.net\/wp-content\/uploads\/2025\/01\/songte-oil-pipes-and-spare-parts.webp\" alt=\"Hidrolik Silindir Par\u00e7alar\u0131 G\u00f6rseli\"><\/p>\n<h2>S\u0131zd\u0131rmazl\u0131k ve Ya\u011flama<\/h2>\n<p>Kova silindiri, s\u0131v\u0131 s\u0131z\u0131nt\u0131lar\u0131n\u0131 \u00f6nlemek i\u00e7in poli\u00fcretan ve nitril kau\u00e7uk gibi malzemelerden yap\u0131lm\u0131\u015f piston contalar\u0131 ve mil contalar\u0131 gibi \u00e7e\u015fitli s\u0131zd\u0131rmazl\u0131k bile\u015fenleri kullan\u0131r. Silindir g\u00f6vdesi ve u\u00e7 kapaklar\u0131, a\u015f\u0131nma direncini art\u0131rmak i\u00e7in ince bir \u015fekilde i\u015flenmi\u015ftir. Sorunsuz \u00e7al\u0131\u015fmay\u0131 s\u00fcrd\u00fcrmek ve a\u015f\u0131nmay\u0131 azaltmak i\u00e7in hidrolik ya\u011f ile d\u00fczenli ya\u011flama gereklidir.<\/p>\n<h2>Muayene ve \u00d6nleyici Bak\u0131m<\/h2>\n<p>Kova silindirinin kullan\u0131m \u00f6mr\u00fcn\u00fc uzatmak i\u00e7in d\u00fczenli kontrol ve \u00f6nleyici bak\u0131m \u015fartt\u0131r. Yayg\u0131n bak\u0131m g\u00f6revlerinden baz\u0131lar\u0131 \u015funlard\u0131r:<\/p>\n<ul>\n<li><strong>D\u00fczenli Muayene:<\/strong> Silindiri a\u015f\u0131nma ve hasar a\u00e7\u0131s\u0131ndan inceleyin, contalar\u0131 kontrol edin ve t\u00fcm ba\u011flant\u0131lar\u0131 s\u0131z\u0131nt\u0131 a\u00e7\u0131s\u0131ndan kontrol edin.<\/li>\n<li><strong>Ya\u011flama:<\/strong> S\u00fcrt\u00fcnmeyi ve a\u015f\u0131nmay\u0131 azaltmak i\u00e7in silindiri d\u00fczenli olarak hidrolik ya\u011f ile ya\u011flay\u0131n.<\/li>\n<li><strong>Conta De\u011fi\u015fimi:<\/strong> Hidrolik s\u0131v\u0131 s\u0131z\u0131nt\u0131lar\u0131n\u0131 \u00f6nlemek i\u00e7in hasarl\u0131 contalar\u0131 de\u011fi\u015ftirin.<\/li>\n<li><strong>Kalibrasyon Kontrol\u00fc:<\/strong> Silindirin do\u011fru \u00e7al\u0131\u015ft\u0131\u011f\u0131ndan emin olmak i\u00e7in kalibrasyonunu kontrol edin.<\/li>\n<\/ul>\n<p>Olas\u0131 hasarlar\u0131 \u00f6nlemek ve g\u00fcvenli \u00e7al\u0131\u015fma sa\u011flamak i\u00e7in kova silindirinin do\u011fru \u015fekilde tak\u0131lmas\u0131 \u00f6nemlidir. Her zaman \u00fcreticinin talimatlar\u0131n\u0131 izleyin ve uygun montaj aletleri ve ekipmanlar\u0131n\u0131 kullan\u0131n. Do\u011fru hizalama ve uygun montaj braketlerinin kullan\u0131m\u0131 silindirin sabitlenmesine yard\u0131mc\u0131 olabilir. Silindirin onar\u0131lmas\u0131 veya yeniden yap\u0131lmas\u0131 gerekiyorsa, orijinal par\u00e7alar\u0131n kullan\u0131lmas\u0131 ve \u00fcreticinin y\u00f6nergelerinin izlenmesi \u00f6nerilir.<\/p>\n<p><img decoding=\"async\" src=\"https:\/\/www.hydraulic-cylinders.net\/wp-content\/uploads\/2025\/01\/songte-chushion-collar.webp\" alt=\"Yast\u0131k Yaka G\u00f6rseli\"><\/p>\n<h2>G\u00fcvenlik ve \u00c7evresel Hususlar<\/h2>\n<p>Kova silindiri kullan\u0131l\u0131rken kazalar\u0131 \u00f6nlemek i\u00e7in g\u00fcvenlik \u00f6nlemleri al\u0131nmal\u0131d\u0131r. Uygun koruyucu ekipman giymek ve makinenin d\u00fczg\u00fcn bir \u015fekilde bak\u0131m\u0131n\u0131n yap\u0131lmas\u0131 ve \u00e7al\u0131\u015ft\u0131r\u0131lmas\u0131 gibi g\u00fcvenlik y\u00f6nergelerine ve d\u00fczenlemelerine uymak \u00e7ok \u00f6nemlidir. Hidrolik s\u0131v\u0131lar\u0131n ve \u00e7evreye zararl\u0131 olabilecek di\u011fer malzemelerin uygun \u015fekilde bertaraf edilmesi gibi \u00e7evresel hususlar da dikkate al\u0131nmal\u0131d\u0131r.<\/p>\n<h2>Yayg\u0131n Sorunlar ve Sorun Giderme<\/h2>\n<p>Kova silindiri \u00e7al\u0131\u015fma s\u0131ras\u0131nda \u00e7e\u015fitli sorunlar ya\u015fayabilir. S\u0131k kar\u015f\u0131la\u015f\u0131lan sorunlardan baz\u0131lar\u0131 \u015funlard\u0131r:<\/p>\n<ul>\n<li><strong>S\u0131v\u0131 S\u0131z\u0131nt\u0131lar\u0131:<\/strong> Bu durum, contalar\u0131n veya ba\u011flant\u0131lar\u0131n hasar g\u00f6rmesinden kaynaklanabilir.<\/li>\n<li><strong>Yava\u015f \u00c7al\u0131\u015fma:<\/strong> Bu durum, hidrolik s\u0131v\u0131 seviyesinin d\u00fc\u015f\u00fck olmas\u0131ndan veya contalar\u0131n a\u015f\u0131nmas\u0131ndan kaynaklanabilir.<\/li>\n<li><strong>A\u015f\u0131r\u0131 G\u00fcr\u00fclt\u00fc:<\/strong> Bu durum, a\u015f\u0131nm\u0131\u015f rulmanlar veya di\u011fer hareketli par\u00e7alar nedeniyle olabilir.<\/li>\n<\/ul>\n<p>Bu sorunlar\u0131 gidermek ve \u00e7\u00f6zmek i\u00e7in \u00fcreticinin y\u00f6nergelerini takip etmek ve uygun sorun giderme y\u00f6ntemlerini kullanmak \u00f6nemlidir. Bu sorunlar\u0131n tekrar olu\u015fmas\u0131n\u0131 \u00f6nlemek i\u00e7in d\u00fczenli bak\u0131m yap\u0131lmas\u0131 \u00f6nerilir.<\/p>\n<p><img decoding=\"async\" src=\"https:\/\/www.hydraulic-cylinders.net\/wp-content\/uploads\/2025\/01\/songte-bushings-with-all-kinds-of-excavator-models.webp\" alt=\"Hidrolik Silindir Bur\u00e7lar\u0131 G\u00f6rseli\"><\/p>\n<h2>\u015eirketimiz Hakk\u0131nda<\/h2>\n<p>Hidrolik silindirlerin \u00f6nde gelen \u00fcreticisi ve toptan da\u011f\u0131t\u0131c\u0131s\u0131y\u0131z ve hidrolik silindirlerin de\u011fi\u015ftirilmesi konusunda uzmanla\u015fm\u0131\u015f durumday\u0131z. \u015eirketimiz, \u00e7e\u015fitli hidrolik silindir t\u00fcrlerini i\u00e7eren kapsaml\u0131 bir \u00fcr\u00fcn yelpazesi sunmaktad\u0131r ve bu \u00fcr\u00fcnler hem yurt i\u00e7i hem de yurt d\u0131\u015f\u0131 pazarlarda \u00f6nde gelen \u00fcr\u00fcnler aras\u0131nda yer almaktad\u0131r. \u015eirketimiz, \u00fcst\u00fcn kalite ilkesine ba\u011fl\u0131 kalarak, ince i\u015f\u00e7ilik gerektiren at\u00f6lyelerde sekt\u00f6re \u00f6zg\u00fc \u00fcretim y\u00f6netim stratejilerine, teknik yeteneklere, dijital y\u00fcksek teknoloji \u00fcretim ekipmanlar\u0131na ve profesyonel test sistemlerine dayanarak, at\u00f6lyedeki \u00fcretim platformunu s\u00fcrekli olarak geli\u015ftiriyor ve \u00fcr\u00fcnlerin \u00fcretim kalitesini art\u0131r\u0131yor. G\u00fc\u00e7l\u00fc yarat\u0131c\u0131 yeteneklerimiz sayesinde, y\u00fcksek verimlilik, y\u00fcksek hassasiyet ve y\u00fcksek kalite ilkeleriyle m\u00fc\u015fterilerimizin \u00e7e\u015fitli ihtiya\u00e7lar\u0131n\u0131 kar\u015f\u0131layabiliyoruz.<\/p>\n<p><img decoding=\"async\" src=\"https:\/\/hzpt.com\/wp-content\/uploads\/2024\/11\/songte-company-1.webp\" alt=\"\u015eirket \u0130maj\u0131\"><\/p>\n<h3>Profesyonellik<\/h3>\n<p>\u015eirketimiz, sekt\u00f6rde y\u0131llar\u0131n deneyimine sahip, son derece uzmanla\u015fm\u0131\u015f bir profesyonel ekibe sahiptir. Tasar\u0131mdan \u00fcretime ve sat\u0131\u015fa kadar, kalite ve verimlili\u011fi sa\u011flamak i\u00e7in uzmanlardan olu\u015fan bir ekibimiz var.<\/p>\n<h3>Uluslararas\u0131 Sertifikasyon<\/h3>\n<p>\u015eirketimiz, \u00fcr\u00fcnlerimizin kalite ve g\u00fcvenlik a\u00e7\u0131s\u0131ndan uluslararas\u0131 standartlara uygunlu\u011funu sa\u011flayan ISO9001 ve CE gibi \u00e7e\u015fitli uluslararas\u0131 sertifikalar alm\u0131\u015ft\u0131r.<\/p>\n<h3>\u00d6zelle\u015ftirilmi\u015f Hizmetler<\/h3>\n<p>\u015eirketimiz, \u00f6zel tasar\u0131mlar, boyutlar ve malzemeler de dahil olmak \u00fczere, m\u00fc\u015fterilerin \u00f6zel ihtiya\u00e7lar\u0131n\u0131 kar\u015f\u0131lamak \u00fczere \u00f6zelle\u015ftirilmi\u015f hizmetler sunmaktad\u0131r.<\/p>\n<h3>\u00dcretim Ekipmanlar\u0131<\/h3>\n<p>\u015eirketimiz, \u00fcretimde hassasiyet ve verimlili\u011fi sa\u011flamak i\u00e7in CNC makineleri ve test ekipmanlar\u0131 da dahil olmak \u00fczere geli\u015fmi\u015f \u00fcretim ekipmanlar\u0131na yat\u0131r\u0131m yapm\u0131\u015ft\u0131r.<\/p>\n<h3>Sat\u0131\u015f Sonras\u0131 Hizmet<\/h3>\n<p>\u015eirketimiz, m\u00fc\u015fteri memnuniyetini ve \u00fcr\u00fcn \u00f6mr\u00fcn\u00fcn uzamas\u0131n\u0131 sa\u011flamak amac\u0131yla bak\u0131m ve onar\u0131m hizmetleri de dahil olmak \u00fczere kapsaml\u0131 sat\u0131\u015f sonras\u0131 hizmetler sunmaktad\u0131r.<\/p>\n<h4>Yazar: lyl<\/h4>","protected":false},"excerpt":{"rendered":"<p>Bucket Cylinder For Doosan Large Excavator DH300-5 Introduction The bucket cylinder for Doosan large excavator DH300-5 is a specialized hydraulic cylinder used to control the movement of the bucket in heavy machinery such as excavators, backhoe loaders, and front-end loaders. Its main purpose is to allow the bucket to be raised, lowered, and tilted, making [&hellip;]<\/p>","protected":false},"featured_media":14776,"comment_status":"open","ping_status":"closed","template":"","meta":{"_et_pb_use_builder":"","_et_pb_old_content":"","_et_gb_content_width":""},"product_brand":[],"product_cat":[1494],"product_tag":[1495,1496],"class_list":{"0":"post-15290","1":"product","2":"type-product","3":"status-publish","4":"has-post-thumbnail","6":"product_cat-bucket-cylinders","7":"product_tag-bucket-cylinders","8":"product_tag-hydraulic-cylinders","10":"first","11":"instock","12":"shipping-taxable","13":"product-type-simple"},"amp_enabled":true,"_links":{"self":[{"href":"https:\/\/www.hydraulic-cylinders.net\/tr\/wp-json\/wp\/v2\/product\/15290","targetHints":{"allow":["GET"]}}],"collection":[{"href":"https:\/\/www.hydraulic-cylinders.net\/tr\/wp-json\/wp\/v2\/product"}],"about":[{"href":"https:\/\/www.hydraulic-cylinders.net\/tr\/wp-json\/wp\/v2\/types\/product"}],"replies":[{"embeddable":true,"href":"https:\/\/www.hydraulic-cylinders.net\/tr\/wp-json\/wp\/v2\/comments?post=15290"}],"wp:featuredmedia":[{"embeddable":true,"href":"https:\/\/www.hydraulic-cylinders.net\/tr\/wp-json\/wp\/v2\/media\/14776"}],"wp:attachment":[{"href":"https:\/\/www.hydraulic-cylinders.net\/tr\/wp-json\/wp\/v2\/media?parent=15290"}],"wp:term":[{"taxonomy":"product_brand","embeddable":true,"href":"https:\/\/www.hydraulic-cylinders.net\/tr\/wp-json\/wp\/v2\/product_brand?post=15290"},{"taxonomy":"product_cat","embeddable":true,"href":"https:\/\/www.hydraulic-cylinders.net\/tr\/wp-json\/wp\/v2\/product_cat?post=15290"},{"taxonomy":"product_tag","embeddable":true,"href":"https:\/\/www.hydraulic-cylinders.net\/tr\/wp-json\/wp\/v2\/product_tag?post=15290"}],"curies":[{"name":"wp","href":"https:\/\/api.w.org\/{rel}","templated":true}]}}