{"id":15294,"date":"2025-01-19T14:20:55","date_gmt":"2025-01-19T14:20:55","guid":{"rendered":"https:\/\/www.hydraulic-cylinders.net\/product\/bucket-cylinder-for-doosan-large-excavator-dx700lc\/"},"modified":"2025-01-19T14:20:57","modified_gmt":"2025-01-19T14:20:57","slug":"bucket-cylinder-for-doosan-large-excavator-dx700lc","status":"publish","type":"product","link":"https:\/\/www.hydraulic-cylinders.net\/tr\/urun\/bucket-cylinder-for-doosan-large-excavator-dx700lc\/","title":{"rendered":"Doosan B\u00fcy\u00fck Ekskavat\u00f6r DX700LC i\u00e7in Kova Silindiri"},"content":{"rendered":"<h1>Doosan B\u00fcy\u00fck Ekskavat\u00f6r DX700LC i\u00e7in Kova Silindiri<\/h1>\n<h2>girii\u015f<\/h2>\n<h3>Kova Silindiri Nedir?<\/h3>\n<p>Kova silindiri, ekskavat\u00f6rler, beko-loderler ve \u00f6n y\u00fckleyiciler gibi a\u011f\u0131r i\u015f makinelerinde kovan\u0131n hareketini kontrol etmek i\u00e7in kullan\u0131lan \u00f6zel olarak tasarlanm\u0131\u015f bir hidrolik silindirdir. Temel i\u015flevi, kovan\u0131n kald\u0131rma, indirme ve yat\u0131rma i\u015flemlerini ger\u00e7ekle\u015ftirerek \u00e7e\u015fitli malzemelerin ta\u015f\u0131nmas\u0131n\u0131 kolayla\u015ft\u0131rmakt\u0131r. Hidrolik sistemde kova silindiri, hidrolik ya\u011f\u0131n bas\u0131n\u00e7 de\u011fi\u015fimlerini kullanarak kovan\u0131n hassas kontrol\u00fcn\u00fc sa\u011flar ve operat\u00f6rlerin a\u011f\u0131r y\u00fckleri verimli bir \u015fekilde ta\u015f\u0131mas\u0131n\u0131, karma\u015f\u0131k \u00e7al\u0131\u015fma ortamlar\u0131na ve \u00e7e\u015fitli operasyonel gereksinimlere uyum sa\u011flamas\u0131n\u0131 m\u00fcmk\u00fcn k\u0131lar.<\/p>\n<p><img decoding=\"async\" src=\"https:\/\/www.hydraulic-cylinders.net\/wp-content\/uploads\/2025\/01\/songte-company-2.webp\" alt=\"Kova Silindiri G\u00f6r\u00fcnt\u00fcs\u00fc\"><\/p>\n<h2>\u00d6zellikler<\/h2>\n<ul>\n<li>Y\u00fcksek mukavemet ve dayan\u0131kl\u0131l\u0131k: Genellikle y\u00fcksek mukavemetli \u00e7elik veya al\u00fcminyumdan yap\u0131l\u0131r, y\u00fcksek bas\u0131nca ve a\u011f\u0131r y\u00fcklere dayanabilir, zorlu \u00e7al\u0131\u015fma ortamlar\u0131na uyum sa\u011flayabilir ve hizmet \u00f6mr\u00fcn\u00fc uzatmak i\u00e7in a\u015f\u0131nma ve korozyon direnci ile tasarlanm\u0131\u015ft\u0131r.<\/li>\n<li>Verimli hidrolik \u00e7al\u0131\u015fma: Hidrolik ya\u011f bas\u0131nc\u0131n\u0131 kullanarak d\u00fczg\u00fcn uzatma ve geri \u00e7ekme sa\u011flar, kontrol komutlar\u0131na h\u0131zl\u0131 yan\u0131t verir, g\u00fc\u00e7l\u00fc itme-\u00e7ekme kuvveti sa\u011flar ve a\u011f\u0131r y\u00fckleri ve karma\u015f\u0131k operasyonel g\u00f6revleri idare etmek i\u00e7in uygundur.<\/li>\n<li>\u00c7e\u015fitli tipler: Tek etkili (sadece tek y\u00f6nde hidrolik kullan\u0131lan) veya \u00e7ift etkili (her iki y\u00f6nde hidrolik kullan\u0131lan) silindirler, farkl\u0131 operasyonel gereksinimleri kar\u015f\u0131lamak \u00fczere ihtiyaca g\u00f6re se\u00e7ilebilir. Baz\u0131 modeller teleskopiktir ve d\u0131\u015f boyutlar\u0131 art\u0131rmadan daha fazla uzatma sa\u011flar, alan k\u0131s\u0131tlamas\u0131 olan uygulamalar i\u00e7in uygundur.<\/li>\n<\/ul>\n<p>Biz bu \u00fcr\u00fcn\u00fc \u00fcretebiliriz, \u00fcr\u00fcn\u00fcm\u00fcz bu hidrolik silindirlerin yerini m\u00fckemmel \u015fekilde alabilir.<\/p>\n<p><img decoding=\"async\" src=\"https:\/\/www.hydraulic-cylinders.net\/wp-content\/uploads\/2025\/01\/songte-cylinder-head-with-all-kinds-excavator-models.webp\" alt=\"Kova Silindiri De\u011fi\u015ftirme G\u00f6rseli\"><\/p>\n<h2>Uygulamalar<\/h2>\n<h3>\u0130n\u015faat Ekipmanlar\u0131<\/h3>\n<p>Ekskavat\u00f6rlerde, toprak veya molozu kazmak, y\u00fcklemek ve ta\u015f\u0131mak i\u00e7in gereklidirler. Beko-Loderlerde, kova silindiri hem kazma hem de kald\u0131rma i\u015flemlerine yard\u0131mc\u0131 olur. Tar\u0131m makinelerinde, \u00f6n y\u00fckleyicilerde toprak, saman ve di\u011fer malzemeleri kep\u00e7elemek, kald\u0131rmak ve ta\u015f\u0131mak i\u00e7in kullan\u0131l\u0131r. Y\u00fckleyicilerde ise y\u00fcklerin etkili bir \u015fekilde kald\u0131r\u0131lmas\u0131na ve devrilmesine yard\u0131mc\u0131 olurlar.<\/p>\n<h2>Tasar\u0131m Hususlar\u0131 ve Se\u00e7im Kriterleri<\/h2>\n<h3>Y\u00fck Kapasitesi<\/h3>\n<p>Kova silindirinin y\u00fck kapasitesi kritik \u00f6neme sahiptir. Kald\u0131r\u0131lan y\u00fck\u00fcn a\u011f\u0131rl\u0131\u011f\u0131n\u0131 kald\u0131rabilecek ve hidrolik bas\u0131nca dayan\u0131kl\u0131 olacak \u015fekilde tasarlanmal\u0131d\u0131r.<\/p>\n<h3>S\u0131zd\u0131rmazl\u0131k<\/h3>\n<p>Hidrolik ya\u011f s\u0131z\u0131nt\u0131s\u0131n\u0131 \u00f6nlemek ve kova silindirinin d\u00fczg\u00fcn \u00e7al\u0131\u015fmas\u0131n\u0131 sa\u011flamak i\u00e7in s\u0131zd\u0131rmazl\u0131k \u00e7ok \u00f6nemlidir.<\/p>\n<h3>Dayan\u0131kl\u0131l\u0131k<\/h3>\n<p>Kova silindiri, kullan\u0131m \u00f6mr\u00fcn\u00fc uzatmak i\u00e7in a\u015f\u0131nma ve korozyon direnci g\u00f6z \u00f6n\u00fcnde bulundurularak dayan\u0131kl\u0131l\u0131k g\u00f6z \u00f6n\u00fcnde bulundurularak tasarlanmal\u0131d\u0131r.<\/p>\n<h3>Emniyet<\/h3>\n<p>Kova silindiri, makine ve operat\u00f6r\u00fcn g\u00fcvenlik gereksinimlerini kar\u015f\u0131layacak \u015fekilde tasarlanmal\u0131d\u0131r.<\/p>\n<h3>Bak\u0131m<\/h3>\n<p>Kova silindiri, bak\u0131m ve onar\u0131m i\u00e7in eri\u015filebilir bile\u015fenlere sahip olacak \u015fekilde, bak\u0131m\u0131 kolay olacak \u015fekilde tasarlanmal\u0131d\u0131r.<\/p>\n<p><img decoding=\"async\" src=\"https:\/\/www.hydraulic-cylinders.net\/wp-content\/uploads\/2025\/01\/songte-oil-pipes-and-spare-parts.webp\" alt=\"Kova Silindiri Par\u00e7alar\u0131 G\u00f6rseli\"><\/p>\n<h2>S\u0131zd\u0131rmazl\u0131k ve Ya\u011flama<\/h2>\n<p>Piston contalar\u0131, piston kolu contalar\u0131 vb. gibi \u00e7e\u015fitli s\u0131zd\u0131rmazl\u0131k elemanlar\u0131 kullan\u0131l\u0131r. Bu contalar, poli\u00fcretan ve nitril kau\u00e7uk gibi a\u015f\u0131nmaya dayan\u0131kl\u0131 malzemelerden \u00fcretilmi\u015ftir. Silindir g\u00f6vdesi ve di\u015fli u\u00e7 y\u00fczeyi, a\u015f\u0131nma direncini art\u0131rmak i\u00e7in hassas bir \u015fekilde i\u015flenmi\u015ftir. Kova silindirinin sorunsuz \u00e7al\u0131\u015fmas\u0131n\u0131 sa\u011flamak i\u00e7in d\u00fczenli olarak hidrolik ya\u011f ile ya\u011flanmas\u0131 gerekir ve do\u011fru ya\u011flama ya\u011f\u0131n\u0131n kullan\u0131lmas\u0131 \u00e7ok \u00f6nemlidir.<\/p>\n<h2>Muayene ve \u00d6nleyici Bak\u0131m Tedbirleri<\/h2>\n<p>Periyodik muayeneler, do\u011fru ya\u011flama, conta de\u011fi\u015fimi ve kalibrasyon kontrolleri yayg\u0131n bak\u0131m g\u00f6revleridir. Do\u011fru montaj, ya\u011flama ve ayar \u00e7ok \u00f6nemlidir. Montaj s\u0131ras\u0131nda do\u011fru hizalama k\u0131lavuzu sa\u011flanmal\u0131 ve silindir uygun montaj braketleriyle sabitlenmelidir. \u00d6nerilen muayene, onar\u0131m ve de\u011fi\u015ftirme prosed\u00fcrleri izlenmelidir. Kova silindirinin kullan\u0131m \u00f6mr\u00fcn\u00fc uzatmak i\u00e7in yedek par\u00e7a ve yeniden yap\u0131m hizmetleri mevcuttur.<\/p>\n<p><img decoding=\"async\" src=\"https:\/\/www.hydraulic-cylinders.net\/wp-content\/uploads\/2025\/01\/songte-chushion-collar.webp\" alt=\"Kova Silindiri Bak\u0131m G\u00f6rseli\"><\/p>\n<h2>G\u00fcvenlik Hususlar\u0131 ve \u00c7evresel Fakt\u00f6rler<\/h2>\n<p>Kova silindiri kullan\u0131l\u0131rken ki\u015fisel koruyucu ekipman kullan\u0131m\u0131 gibi g\u00fcvenlik \u00f6nlemleri al\u0131nmal\u0131d\u0131r. \u00c7evreyi korumak i\u00e7in kullan\u0131lm\u0131\u015f hidrolik ya\u011f ve bile\u015fenlerin uygun \u015fekilde bertaraf edilmesi sa\u011flanmal\u0131d\u0131r.<\/p>\n<h2>Tan\u0131 ve Sorun Giderme<\/h2>\n<p>Kova silindirlerinde s\u0131k kar\u015f\u0131la\u015f\u0131lan sorunlar aras\u0131nda s\u0131z\u0131nt\u0131, yava\u015f \u00e7al\u0131\u015fma ve hasarl\u0131 contalar yer al\u0131r. Sorunlar\u0131 etkili bir \u015fekilde tespit edip \u00e7\u00f6zmek i\u00e7in do\u011fru te\u015fhis ve sorun giderme \u00e7ok \u00f6nemlidir.<\/p>\n<p>Sorun giderme ipu\u00e7lar\u0131ndan baz\u0131lar\u0131 s\u0131z\u0131nt\u0131 kontrol\u00fc, silindirde a\u015f\u0131nma ve hasar olup olmad\u0131\u011f\u0131n\u0131n incelenmesi ve hidrolik bas\u0131n\u00e7 ve ak\u0131\u015f h\u0131zlar\u0131n\u0131n uygunlu\u011funu kontrol etmektir. S\u0131k s\u0131k kontrol ve bak\u0131m yap\u0131lmas\u0131, olas\u0131 sorunlar\u0131n \u00f6nlenmesine yard\u0131mc\u0131 olabilir.<\/p>\n<p><img decoding=\"async\" src=\"https:\/\/www.hydraulic-cylinders.net\/wp-content\/uploads\/2025\/01\/songte-bushings-with-all-kinds-of-excavator-models.webp\" alt=\"Kova Silindiri Sorun Giderme G\u00f6r\u00fcnt\u00fcs\u00fc\"><\/p>\n<h2>\u015eirketimiz<\/h2>\n<p>Yedek hidrolik silindir \u00fcreticisiyiz ve \u00fcr\u00fcn yelpazemiz eksiksizdir. Hem yurt i\u00e7i hem de yurt d\u0131\u015f\u0131 pazarlarda lider hidrolik silindir \u00fcreticilerinden ve toptan da\u011f\u0131t\u0131c\u0131lar\u0131ndan biriyiz. M\u00fckemmel kalite anlay\u0131\u015f\u0131na ba\u011fl\u0131 kal\u0131yor ve geli\u015fmi\u015f \u00fcretim at\u00f6lyelerinin end\u00fcstriyel \u00fcretim y\u00f6netimi stratejisine g\u00fcveniyoruz. At\u00f6lyenin \u00fcretim platformunu s\u00fcrekli iyile\u015ftirerek \u00fcr\u00fcn kalitesi \u00fcretim hatt\u0131n\u0131 m\u00fckemmelle\u015ftiriyor ve g\u00fc\u00e7l\u00fc inovasyon yeteneklerine sahibiz. M\u00fc\u015fterilerimizin \u00e7e\u015fitli ihtiya\u00e7lar\u0131n\u0131 y\u00fcksek verimlilik, y\u00fcksek hassasiyet ve y\u00fcksek kaliteli \u00fcr\u00fcnlerle kar\u015f\u0131lamay\u0131 hedefliyoruz.<\/p>\n<p><img decoding=\"async\" src=\"https:\/\/hzpt.com\/wp-content\/uploads\/2024\/11\/songte-company-1.webp\" alt=\"Kova Silindiri \u015eirket G\u00f6rseli\"><\/p>\n<h3>Profesyonellik<\/h3>\n<p>M\u00fc\u015fterilerimizin en iyi \u00fcr\u00fcnleri ve hizmetleri almas\u0131n\u0131 sa\u011flamak i\u00e7in tasar\u0131m, \u00fcretim ve kalite kontrol dahil olmak \u00fczere profesyonel hizmetler sunan teknik uzmanlardan olu\u015fan bir ekibimiz var.<\/p>\n<h3>Uluslararas\u0131 Sertifikasyon<\/h3>\n<p>\u00dcr\u00fcnlerimiz ISO 9001, CE ve SGS gibi uluslararas\u0131 sertifikalardan ge\u00e7mi\u015f olup, \u00fcr\u00fcnlerimizin uluslararas\u0131 standartlara uygun oldu\u011fu garanti alt\u0131na al\u0131nm\u0131\u015ft\u0131r.<\/p>\n<h3>\u00d6zelle\u015ftirme Hizmetleri<\/h3>\n<p>M\u00fc\u015fterilerimizin farkl\u0131 ihtiya\u00e7lar\u0131n\u0131 kar\u015f\u0131lamak i\u00e7in boyut, renk ve i\u015flev dahil olmak \u00fczere \u00f6zel gereksinimleri kar\u015f\u0131lamak \u00fczere \u00f6zelle\u015ftirilmi\u015f hizmetler sunuyoruz.<\/p>\n<h3>\u00dcretim Ekipmanlar\u0131<\/h3>\n<p>\u00dcr\u00fcnlerimizin en y\u00fcksek kalitede olmas\u0131n\u0131 sa\u011flamak i\u00e7in geli\u015fmi\u015f dijital \u00fcretim ekipmanlar\u0131 ve profesyonel test tesisleri kullan\u0131yoruz.<\/p>\n<h3>Sat\u0131\u015f Sonras\u0131 Hizmet<\/h3>\n<p>M\u00fc\u015fterilerimizin zaman\u0131nda ve profesyonel hizmet almas\u0131n\u0131 sa\u011flamak i\u00e7in teknik destek, bak\u0131m ve onar\u0131m hizmetleri de dahil olmak \u00fczere kapsaml\u0131 sat\u0131\u015f sonras\u0131 hizmet sa\u011fl\u0131yoruz.<\/p>\n<p>Yazar: lyl.<\/p>","protected":false},"excerpt":{"rendered":"<p>Bucket Cylinder For Doosan Large Excavator DX700LC Introduction What is Bucket Cylinder? The bucket cylinder is a specially designed hydraulic cylinder that is primarily used to control the movement of the bucket in heavy machinery such as excavators, backhoe loaders, and front-end loaders. Its primary function is to allow the bucket to lift, lower, and [&hellip;]<\/p>","protected":false},"featured_media":14765,"comment_status":"open","ping_status":"closed","template":"","meta":{"_et_pb_use_builder":"","_et_pb_old_content":"","_et_gb_content_width":""},"product_brand":[],"product_cat":[1494],"product_tag":[1495,1496],"class_list":{"0":"post-15294","1":"product","2":"type-product","3":"status-publish","4":"has-post-thumbnail","6":"product_cat-bucket-cylinders","7":"product_tag-bucket-cylinders","8":"product_tag-hydraulic-cylinders","10":"first","11":"instock","12":"shipping-taxable","13":"product-type-simple"},"amp_enabled":true,"_links":{"self":[{"href":"https:\/\/www.hydraulic-cylinders.net\/tr\/wp-json\/wp\/v2\/product\/15294","targetHints":{"allow":["GET"]}}],"collection":[{"href":"https:\/\/www.hydraulic-cylinders.net\/tr\/wp-json\/wp\/v2\/product"}],"about":[{"href":"https:\/\/www.hydraulic-cylinders.net\/tr\/wp-json\/wp\/v2\/types\/product"}],"replies":[{"embeddable":true,"href":"https:\/\/www.hydraulic-cylinders.net\/tr\/wp-json\/wp\/v2\/comments?post=15294"}],"wp:featuredmedia":[{"embeddable":true,"href":"https:\/\/www.hydraulic-cylinders.net\/tr\/wp-json\/wp\/v2\/media\/14765"}],"wp:attachment":[{"href":"https:\/\/www.hydraulic-cylinders.net\/tr\/wp-json\/wp\/v2\/media?parent=15294"}],"wp:term":[{"taxonomy":"product_brand","embeddable":true,"href":"https:\/\/www.hydraulic-cylinders.net\/tr\/wp-json\/wp\/v2\/product_brand?post=15294"},{"taxonomy":"product_cat","embeddable":true,"href":"https:\/\/www.hydraulic-cylinders.net\/tr\/wp-json\/wp\/v2\/product_cat?post=15294"},{"taxonomy":"product_tag","embeddable":true,"href":"https:\/\/www.hydraulic-cylinders.net\/tr\/wp-json\/wp\/v2\/product_tag?post=15294"}],"curies":[{"name":"wp","href":"https:\/\/api.w.org\/{rel}","templated":true}]}}