{"id":15299,"date":"2025-01-19T14:21:21","date_gmt":"2025-01-19T14:21:21","guid":{"rendered":"https:\/\/www.hydraulic-cylinders.net\/product\/bucket-cylinder-for-doosan-large-excavator-dh300lc\/"},"modified":"2025-01-19T14:21:23","modified_gmt":"2025-01-19T14:21:23","slug":"bucket-cylinder-for-doosan-large-excavator-dh300lc","status":"publish","type":"product","link":"https:\/\/www.hydraulic-cylinders.net\/tr\/urun\/bucket-cylinder-for-doosan-large-excavator-dh300lc\/","title":{"rendered":"Doosan DH300LC B\u00fcy\u00fck Ekskavat\u00f6r \u0130\u00e7in Kep\u00e7e Silindiri"},"content":{"rendered":"<h1>Doosan DH300LC B\u00fcy\u00fck Ekskavat\u00f6r \u0130\u00e7in Kep\u00e7e Silindiri<\/h1>\n<h2>girii\u015f<\/h2>\n<p>Doosan DH300LC B\u00fcy\u00fck Ekskavat\u00f6r i\u00e7in Kep\u00e7e Silindiri, ekskavat\u00f6rler, kaz\u0131c\u0131 ekskavat\u00f6rler ve \u00f6n y\u00fckleyiciler gibi a\u011f\u0131r makinelerde kep\u00e7enin hareketini kontrol etmek i\u00e7in \u00f6zel olarak tasarlanm\u0131\u015f bir hidrolik silindirdir. Ana i\u015flevi, kep\u00e7enin kald\u0131r\u0131lmas\u0131n\u0131, indirilmesini ve e\u011filmesini sa\u011flayarak \u00e7e\u015fitli malzeme ta\u015f\u0131ma g\u00f6revlerini kolayla\u015ft\u0131rmakt\u0131r. Hidrolik sistemde, kep\u00e7e silindiri hidrolik ya\u011f bas\u0131nc\u0131ndaki de\u011fi\u015fiklikler yoluyla kep\u00e7enin hareketinin hassas kontrol\u00fcn\u00fc sa\u011flar ve operat\u00f6rlerin a\u011f\u0131r y\u00fckleri verimli bir \u015fekilde ta\u015f\u0131mas\u0131na, karma\u015f\u0131k \u00e7al\u0131\u015fma ortamlar\u0131na ve \u00e7e\u015fitli operasyonel gereksinimlere uyum sa\u011flamas\u0131na olanak tan\u0131r.<\/p>\n<p><img decoding=\"async\" src=\"https:\/\/www.hydraulic-cylinders.net\/wp-content\/uploads\/2025\/01\/songte-company-2.webp\" alt=\"Doosan DH300LC B\u00fcy\u00fck Ekskavat\u00f6r \u0130\u00e7in Kep\u00e7e Silindiri\"><\/p>\n<h2>\u00d6zellikler<\/h2>\n<ul>\n<li>Y\u00fcksek mukavemet ve dayan\u0131kl\u0131l\u0131k: Genellikle y\u00fcksek mukavemetli \u00e7elik veya al\u00fcminyumdan \u00fcretilen bu \u00fcr\u00fcn, y\u00fcksek bas\u0131nca ve a\u011f\u0131r y\u00fcklere dayanabilir ve zorlu \u00e7al\u0131\u015fma ortamlar\u0131na uyum sa\u011flar. A\u015f\u0131nma ve korozyon direnci g\u00f6z \u00f6n\u00fcnde bulundurularak tasarlanan bu \u00fcr\u00fcn, kullan\u0131m \u00f6mr\u00fcn\u00fc uzat\u0131r.<\/li>\n<li>Verimli hidrolik \u00e7al\u0131\u015fma: Hidrolik ya\u011f bas\u0131nc\u0131ndan yararlan\u0131larak d\u00fczg\u00fcn uzatma ve b\u00fcz\u00fclme hareketleri sa\u011flan\u0131r. Kontrol komutlar\u0131na h\u0131zl\u0131 yan\u0131t verebilir, g\u00fc\u00e7l\u00fc itme ve \u00e7ekme kuvvetleri sa\u011flayabilir ve a\u011f\u0131r y\u00fcklerin ve karma\u015f\u0131k i\u015flemlerin \u00fcstesinden gelmek i\u00e7in uygundur.<\/li>\n<li>\u00c7e\u015fitli tipler: Farkl\u0131 \u00e7al\u0131\u015fma gereksinimlerini kar\u015f\u0131lamak i\u00e7in ihtiya\u00e7lara g\u00f6re tek etkili (sadece tek y\u00f6nde hidrolik kullan\u0131m) veya \u00e7ift etkili (her iki y\u00f6nde hidrolik kullan\u0131m) silindirler se\u00e7ilebilir. Baz\u0131 modeller teleskopiktir ve d\u0131\u015f boyutlar\u0131 art\u0131rmadan daha fazla uzatmaya olanak tan\u0131r, bu da s\u0131n\u0131rl\u0131 alana sahip uygulamalar i\u00e7in uygundur.<\/li>\n<li>Firmam\u0131z taraf\u0131ndan \u00fcretilebilir: \u00dcr\u00fcnlerimiz bu hidrolik silindirlerin yerini m\u00fckemmel \u015fekilde alabilir.<\/li>\n<\/ul>\n<p><img decoding=\"async\" src=\"https:\/\/www.hydraulic-cylinders.net\/wp-content\/uploads\/2025\/01\/songte-cylinder-head-with-all-kinds-excavator-models.webp\" alt=\"Doosan DH300LC B\u00fcy\u00fck Ekskavat\u00f6r \u0130\u00e7in Kep\u00e7e Silindiri\"><\/p>\n<h2>Uygulamalar<\/h2>\n<p>Doosan DH300LC b\u00fcy\u00fck ekskavat\u00f6r i\u00e7in kova silindiri, a\u015fa\u011f\u0131dakiler dahil olmak \u00fczere \u00e7e\u015fitli sekt\u00f6rlerde yayg\u0131n olarak kullan\u0131lmaktad\u0131r:<\/p>\n<ul>\n<li>\u0130n\u015faat Ekipmanlar\u0131: Ekskavat\u00f6rlerde, toprak veya moloz kazma, y\u00fckleme ve ta\u015f\u0131ma i\u015flemlerinde vazge\u00e7ilmezdirler. Kaz\u0131c\u0131 ekskavat\u00f6rlerde ise kova silindiri hem kazma hem de kald\u0131rma i\u015flemlerine yard\u0131mc\u0131 olur. <\/li>\n<li>Tar\u0131m Makineleri: Toprak, saman ve di\u011fer malzemelerin kaz\u0131lmas\u0131, kald\u0131r\u0131lmas\u0131 ve ta\u015f\u0131nmas\u0131 i\u00e7in \u00f6n y\u00fckleyicilerde kullan\u0131l\u0131r. <\/li>\n<li>Ekskavat\u00f6rler: Kova silindiri, kovan\u0131n topra\u011fa n\u00fcfuz etmesini sa\u011flayarak kazma i\u015flemini ger\u00e7ekle\u015ftirir. <\/li>\n<li>Y\u00fckleyiciler: \u00d6n y\u00fckleyicilerde, mallar\u0131n etkili bir \u015fekilde kald\u0131r\u0131lmas\u0131na ve devrilmesine yard\u0131mc\u0131 olurlar. <\/li>\n<\/ul>\n<h2>Tasar\u0131m Hususlar\u0131 ve Se\u00e7im Kriterleri<\/h2>\n<p>Doosan DH300LC b\u00fcy\u00fck ekskavat\u00f6r i\u00e7in kova silindiri a\u015fa\u011f\u0131daki tasar\u0131m hususlar\u0131na ve se\u00e7im kriterlerine sahiptir:<\/p>\n<ul>\n<li>Ta\u015f\u0131ma Kapasitesi: Silindir, zorlu \u00e7al\u0131\u015fma ortamlar\u0131nda y\u00fck\u00fc ta\u015f\u0131yabilecek kapasitede olmal\u0131d\u0131r. <\/li>\n<li>S\u0131zd\u0131rmazl\u0131k: Hidrolik s\u0131v\u0131n\u0131n s\u0131zmas\u0131n\u0131 \u00f6nlemek i\u00e7in piston contalar\u0131 ve mil contalar\u0131 gibi \u00e7e\u015fitli s\u0131zd\u0131rmazl\u0131k elemanlar\u0131 kullan\u0131l\u0131r. <\/li>\n<li>Dayan\u0131kl\u0131l\u0131k: \u00dcr\u00fcn\u00fcn kullan\u0131m \u00f6mr\u00fcn\u00fc uzatmak i\u00e7in y\u00fcksek mukavemetli \u00e7elik veya al\u00fcminyum gibi malzemeler ve kaplamalar kullan\u0131l\u0131r. <\/li>\n<li>G\u00fcvenlik: Bas\u0131n\u00e7 tahliye vanalar\u0131 gibi g\u00fcvenlik \u00f6zellikleri, g\u00fcvenli ve g\u00fcvenilir \u00e7al\u0131\u015fma sa\u011flamak i\u00e7in kullan\u0131l\u0131r. <\/li>\n<li>Bak\u0131m: Ar\u0131za s\u00fcrelerini azaltmak i\u00e7in kolayca de\u011fi\u015ftirilebilen par\u00e7alar ve basit bak\u0131m prosed\u00fcrleri sa\u011flanm\u0131\u015ft\u0131r. <\/li>\n<\/ul>\n<p><img decoding=\"async\" src=\"https:\/\/www.hydraulic-cylinders.net\/wp-content\/uploads\/2025\/01\/songte-oil-pipes-and-spare-parts.webp\" alt=\"Doosan DH300LC B\u00fcy\u00fck Ekskavat\u00f6r \u0130\u00e7in Kep\u00e7e Silindiri\"><\/p>\n<h2>S\u0131zd\u0131rmazl\u0131k ve Ya\u011flama<\/h2>\n<p>Doosan DH300LC b\u00fcy\u00fck ekskavat\u00f6r\u00fcn\u00fcn kova silindiri, hidrolik s\u0131v\u0131n\u0131n s\u0131zmas\u0131n\u0131 \u00f6nlemek i\u00e7in piston contalar\u0131 ve mil contalar\u0131 gibi \u00e7e\u015fitli s\u0131zd\u0131rmazl\u0131k elemanlar\u0131na ihtiya\u00e7 duyar. A\u015f\u0131nma direncini sa\u011flamak i\u00e7in contalarda poli\u00fcretan ve nitril kau\u00e7uk gibi dayan\u0131kl\u0131 malzemeler kullan\u0131l\u0131r. Silindir g\u00f6vdesi ve di\u015fli u\u00e7 y\u00fczeyi, a\u015f\u0131nma direncini art\u0131rmak i\u00e7in ince bir \u015fekilde i\u015flenmi\u015ftir. Sorunsuz \u00e7al\u0131\u015fma sa\u011flamak i\u00e7in hidrolik ya\u011f ile d\u00fczenli ya\u011flama gereklidir. <\/p>\n<h2>Bak\u0131m ve Onar\u0131m<\/h2>\n<p>A\u015fa\u011f\u0131daki bak\u0131m ve onar\u0131m i\u015flemlerinin yap\u0131lmas\u0131 \u00f6nerilir:<\/p>\n<ul>\n<li>D\u00fczenli denetim<\/li>\n<li>Periyodik ya\u011flama<\/li>\n<li>Conta de\u011fi\u015fimi<\/li>\n<li>Kalibrasyon kontrol\u00fc<\/li>\n<\/ul>\n<p>Do\u011fru montaj, d\u00fczg\u00fcn \u00e7al\u0131\u015fma i\u00e7in \u015fartt\u0131r. Silindiri sabitlemek ve do\u011fru hizalama konusunda rehberlik sa\u011flamak i\u00e7in uygun montaj braketlerinin kullan\u0131lmas\u0131 \u00f6nerilir. Silindirin \u00f6mr\u00fcn\u00fc uzatmak i\u00e7in d\u00fczenli kontrol, onar\u0131m ve par\u00e7a de\u011fi\u015fimi \u015fartt\u0131r. <\/p>\n<p><img decoding=\"async\" src=\"https:\/\/www.hydraulic-cylinders.net\/wp-content\/uploads\/2025\/01\/songte-chushion-collar.webp\" alt=\"Doosan DH300LC B\u00fcy\u00fck Ekskavat\u00f6r \u0130\u00e7in Kep\u00e7e Silindiri\"><\/p>\n<h2>G\u00fcvenlik ve \u00c7evresel Hususlar<\/h2>\n<p>Doosan DH300LC b\u00fcy\u00fck ekskavat\u00f6r i\u00e7in kova silindiri kullan\u0131l\u0131rken, kazalar\u0131 ve yaralanmalar\u0131 \u00f6nlemek i\u00e7in koruyucu ekipman giymek ve do\u011fru \u00e7al\u0131\u015ft\u0131rma prosed\u00fcrlerini takip etmek gibi g\u00fcvenlik \u00f6nlemleri gereklidir. \u00c7evre kirlili\u011fini \u00f6nlemek i\u00e7in kullan\u0131lm\u0131\u015f hidrolik ya\u011f\u0131n uygun \u015fekilde bertaraf edilmesi gibi \u00e7evresel hususlar da \u00f6nemlidir.<\/p>\n<h2>S\u0131k G\u00f6r\u00fclen Ar\u0131zalar ve Giderme<\/h2>\n<p>Doosan DH300LC b\u00fcy\u00fck ekskavat\u00f6r\u00fcn kep\u00e7e silindirinde s\u0131k g\u00f6r\u00fclen ar\u0131zalar aras\u0131nda s\u0131z\u0131nt\u0131, d\u00fc\u015f\u00fck bas\u0131n\u00e7 ve yava\u015f \u00e7al\u0131\u015fma yer almaktad\u0131r. A\u015fa\u011f\u0131da sorunlar\u0131 te\u015fhis etme ve \u00e7\u00f6zme konusunda ipu\u00e7lar\u0131 verilmi\u015ftir:<\/p>\n<ul>\n<li>S\u0131z\u0131nt\u0131: Contalar\u0131 kontrol edin ve gerekirse de\u011fi\u015ftirin. <\/li>\n<li>D\u00fc\u015f\u00fck bas\u0131n\u00e7: Hidrolik sistemi ve silindiri s\u0131z\u0131nt\u0131 veya t\u0131kan\u0131kl\u0131k a\u00e7\u0131s\u0131ndan kontrol edin. <\/li>\n<li>Yava\u015f \u00e7al\u0131\u015fma: Hidrolik valfi ve hidrolik ya\u011f\u0131n ak\u0131\u015f h\u0131z\u0131n\u0131 kontrol edin. <\/li>\n<\/ul>\n<p>D\u00fczenli bak\u0131m ve kontrol gibi \u00f6nleyici tedbirler, olas\u0131 sorunlar\u0131 en aza indirebilir.<\/p>\n<p><img decoding=\"async\" src=\"https:\/\/www.hydraulic-cylinders.net\/wp-content\/uploads\/2025\/01\/songte-bushings-with-all-kinds-of-excavator-models.webp\" alt=\"Doosan DH300LC B\u00fcy\u00fck Ekskavat\u00f6r \u0130\u00e7in Kep\u00e7e Silindiri\"><\/p>\n<h2>\u015eirketimiz Hakk\u0131nda<\/h2>\n<p>Hidrolik silindirlerin de\u011fi\u015ftirilmesi konusunda uzmanla\u015fm\u0131\u015f bir hidrolik silindir \u00fcreticisiyiz. \u015eirketimiz eksiksiz bir \u00fcr\u00fcn yelpazesi sunmakta olup, yurt i\u00e7i ve yurt d\u0131\u015f\u0131 pazarlarda hidrolik silindirlerin \u00f6nde gelen \u00fcreticilerinden ve toptanc\u0131lar\u0131ndan biri haline gelmi\u015ftir. M\u00fckemmel kalite ilkesine ba\u011fl\u0131 kalarak, ince i\u015f\u00e7ilik gerektiren \u00fcretim at\u00f6lyesinin end\u00fcstriyel \u00fcretim y\u00f6netim stratejisine g\u00fcveniyoruz ve teknolojik yetenek, dijital \u00fcst d\u00fczey \u00fcretim ekipmanlar\u0131 ve profesyonel test sistemlerinin uygulanmas\u0131 yoluyla at\u00f6lyenin \u00fcretim platformunu s\u00fcrekli olarak geli\u015ftiriyoruz. G\u00fc\u00e7l\u00fc bir yarat\u0131c\u0131l\u0131k yetene\u011fine sahibiz ve m\u00fc\u015fterilerimize \u00e7e\u015fitli ihtiya\u00e7lar\u0131 kar\u015f\u0131lamak i\u00e7in verimli, y\u00fcksek hassasiyetli ve y\u00fcksek kaliteli \u00fcr\u00fcnler sunabiliyoruz.<\/p>\n<h3>Profesyonellik<\/h3>\n<p>M\u00fc\u015fterilerimize y\u00fcksek kaliteli \u00fcr\u00fcn ve hizmetler sunmaya kendini adam\u0131\u015f profesyonellerden olu\u015fan bir ekibimiz var.<\/p>\n<h3>Uluslararas\u0131 Sertifikasyon<\/h3>\n<p>\u015eirketimiz, \u00fcr\u00fcn kalitesini g\u00fcvence alt\u0131na almak i\u00e7in uluslararas\u0131 sertifikalar alm\u0131\u015ft\u0131r.<\/p>\n<h3>\u00d6zelle\u015ftirme Hizmetleri<\/h3>\n<p>M\u00fc\u015fterilerimizin benzersiz ihtiya\u00e7lar\u0131n\u0131 kar\u015f\u0131lamak i\u00e7in \u00f6zelle\u015ftirme hizmetleri sunuyoruz.<\/p>\n<h3>\u00dcretim Ekipmanlar\u0131<\/h3>\n<p>\u00dcr\u00fcn kalitesini ve verimlili\u011fini sa\u011flamak i\u00e7in geli\u015fmi\u015f \u00fcretim ekipmanlar\u0131na sahibiz.<\/p>\n<h3>Sat\u0131\u015f Sonras\u0131 Hizmetler<\/h3>\n<p>M\u00fc\u015fteri memnuniyetini sa\u011flamak i\u00e7in kapsaml\u0131 sat\u0131\u015f sonras\u0131 hizmetler sunuyoruz.<\/p>\n<p><img decoding=\"async\" src=\"https:\/\/hzpt.com\/wp-content\/uploads\/2024\/11\/songte-company-1.webp\" alt=\"Doosan DH300LC B\u00fcy\u00fck Ekskavat\u00f6r \u0130\u00e7in Kep\u00e7e Silindiri\"><\/p>\n<p>Yazar: lyl<\/p>","protected":false},"excerpt":{"rendered":"<p>Bucket Cylinder For Doosan Large Excavator DH300LC Introduction The Bucket Cylinder for Doosan Large Excavator DH300LC is a specially designed hydraulic cylinder used to control the movement of the bucket in heavy machinery such as excavators, backhoe excavators, and front-end loaders. Its main function is to enable the bucket to lift, lower, and tilt, making [&hellip;]<\/p>","protected":false},"featured_media":14787,"comment_status":"open","ping_status":"closed","template":"","meta":{"_et_pb_use_builder":"","_et_pb_old_content":"","_et_gb_content_width":""},"product_brand":[],"product_cat":[1494],"product_tag":[1495,1496],"class_list":{"0":"post-15299","1":"product","2":"type-product","3":"status-publish","4":"has-post-thumbnail","6":"product_cat-bucket-cylinders","7":"product_tag-bucket-cylinders","8":"product_tag-hydraulic-cylinders","10":"first","11":"instock","12":"shipping-taxable","13":"product-type-simple"},"amp_enabled":true,"_links":{"self":[{"href":"https:\/\/www.hydraulic-cylinders.net\/tr\/wp-json\/wp\/v2\/product\/15299","targetHints":{"allow":["GET"]}}],"collection":[{"href":"https:\/\/www.hydraulic-cylinders.net\/tr\/wp-json\/wp\/v2\/product"}],"about":[{"href":"https:\/\/www.hydraulic-cylinders.net\/tr\/wp-json\/wp\/v2\/types\/product"}],"replies":[{"embeddable":true,"href":"https:\/\/www.hydraulic-cylinders.net\/tr\/wp-json\/wp\/v2\/comments?post=15299"}],"wp:featuredmedia":[{"embeddable":true,"href":"https:\/\/www.hydraulic-cylinders.net\/tr\/wp-json\/wp\/v2\/media\/14787"}],"wp:attachment":[{"href":"https:\/\/www.hydraulic-cylinders.net\/tr\/wp-json\/wp\/v2\/media?parent=15299"}],"wp:term":[{"taxonomy":"product_brand","embeddable":true,"href":"https:\/\/www.hydraulic-cylinders.net\/tr\/wp-json\/wp\/v2\/product_brand?post=15299"},{"taxonomy":"product_cat","embeddable":true,"href":"https:\/\/www.hydraulic-cylinders.net\/tr\/wp-json\/wp\/v2\/product_cat?post=15299"},{"taxonomy":"product_tag","embeddable":true,"href":"https:\/\/www.hydraulic-cylinders.net\/tr\/wp-json\/wp\/v2\/product_tag?post=15299"}],"curies":[{"name":"wp","href":"https:\/\/api.w.org\/{rel}","templated":true}]}}