{"id":15302,"date":"2025-01-19T14:21:34","date_gmt":"2025-01-19T14:21:34","guid":{"rendered":"https:\/\/www.hydraulic-cylinders.net\/product\/bucket-cylinder-for-doosan-large-excavator-dx500lc-g\/"},"modified":"2025-01-19T14:21:36","modified_gmt":"2025-01-19T14:21:36","slug":"bucket-cylinder-for-doosan-large-excavator-dx500lc-g","status":"publish","type":"product","link":"https:\/\/www.hydraulic-cylinders.net\/tr\/urun\/bucket-cylinder-for-doosan-large-excavator-dx500lc-g\/","title":{"rendered":"Doosan DX500LC-G B\u00fcy\u00fck Ekskavat\u00f6r \u0130\u00e7in Kep\u00e7e Silindiri"},"content":{"rendered":"<h1>Doosan DX500LC-G B\u00fcy\u00fck Ekskavat\u00f6r \u0130\u00e7in Kep\u00e7e Silindiri<\/h1>\n<h2>girii\u015f<\/h2>\n<p>Doosan DX500LC-G b\u00fcy\u00fck ekskavat\u00f6r i\u00e7in kep\u00e7e silindiri, ekskavat\u00f6rler, kaz\u0131c\u0131 y\u00fckleyiciler ve \u00f6n y\u00fckleyiciler gibi a\u011f\u0131r makinelerde kep\u00e7enin hareketini kontrol eden \u00f6zel olarak tasarlanm\u0131\u015f bir hidrolik silindirdir. Ana i\u015flevi, kep\u00e7eyi kald\u0131rmak, indirmek ve e\u011fmektir; bu da \u00e7e\u015fitli malzeme ta\u015f\u0131ma g\u00f6revlerinin daha kolay ger\u00e7ekle\u015ftirilmesini sa\u011flar. Hidrolik sistemde, kep\u00e7e silindiri hidrolik ya\u011f\u0131n bas\u0131n\u00e7 de\u011fi\u015fimini kullanarak kep\u00e7eyi hassas bir \u015fekilde kontrol eder ve operat\u00f6rlerin a\u011f\u0131r y\u00fckleri verimli bir \u015fekilde ta\u015f\u0131mas\u0131na, karma\u015f\u0131k \u00e7al\u0131\u015fma ortamlar\u0131na ve \u00e7e\u015fitli i\u015fletme ihtiya\u00e7lar\u0131na uyum sa\u011flamas\u0131na olanak tan\u0131r.<\/p>\n<p><img decoding=\"async\" src=\"https:\/\/www.hydraulic-cylinders.net\/wp-content\/uploads\/2025\/01\/songte-company-2.webp\" alt=\"Doosan DX500LC-G B\u00fcy\u00fck Ekskavat\u00f6r \u0130\u00e7in Kep\u00e7e Silindiri\"><\/p>\n<h2>\u00d6zellikler<\/h2>\n<ul>\n<li>Y\u00fcksek mukavemet ve dayan\u0131kl\u0131l\u0131k: Genellikle y\u00fcksek mukavemetli \u00e7elik veya al\u00fcminyumdan \u00fcretilen bu malzeme, y\u00fcksek bas\u0131nca ve a\u011f\u0131r y\u00fcklere dayanabilir, zorlu \u00e7al\u0131\u015fma ortamlar\u0131na uyum sa\u011flayabilir ve kullan\u0131m \u00f6mr\u00fcn\u00fc uzatmak i\u00e7in a\u015f\u0131nma ve korozyon direnci g\u00f6z \u00f6n\u00fcnde bulundurularak tasarlanm\u0131\u015ft\u0131r.<\/li>\n<li>Verimli hidrolik \u00e7al\u0131\u015fma: Hidrolik ya\u011f bas\u0131nc\u0131 kullan\u0131larak d\u00fczg\u00fcn genle\u015fme ve b\u00fcz\u00fclme hareketleri sa\u011flan\u0131r; bu sayede kontrol komutlar\u0131na h\u0131zl\u0131 yan\u0131t verilir, g\u00fc\u00e7l\u00fc itme ve \u00e7ekme kuvveti sa\u011flan\u0131r ve a\u011f\u0131r y\u00fcklerin ve karma\u015f\u0131k i\u015fletme g\u00f6revlerinin \u00fcstesinden gelmek i\u00e7in uygundur.<\/li>\n<li>\u00c7e\u015fitli tipler: Tek etkili (hidrolik sistem yaln\u0131zca tek y\u00f6nde kullan\u0131l\u0131r) veya \u00e7ift etkili (hidrolik sistem her iki y\u00f6nde de kullan\u0131l\u0131r) silindirler, farkl\u0131 \u00e7al\u0131\u015fma ihtiya\u00e7lar\u0131n\u0131 kar\u015f\u0131lamak \u00fczere gereksinimlere g\u00f6re se\u00e7ilebilir. Baz\u0131 modeller teleskopiktir ve d\u0131\u015f boyutlar\u0131 art\u0131rmadan daha fazla uzatmaya olanak tan\u0131yarak s\u0131n\u0131rl\u0131 alana sahip uygulamalar i\u00e7in uygun hale gelir.<\/li>\n<li>Di\u011fer hidrolik silindirlerle de\u011fi\u015ftirilebilir: \u00dcr\u00fcn\u00fcm\u00fcz, ayn\u0131 tip ve \u00f6zelliklere sahip di\u011fer hidrolik silindirler i\u00e7in m\u00fckemmel bir yedek par\u00e7ad\u0131r.<\/li>\n<li>\u00d6zelle\u015ftirme: Farkl\u0131 i\u015fletim ortamlar\u0131 ve gereksinimler i\u00e7in \u00e7e\u015fitli \u00f6zelle\u015ftirme se\u00e7enekleri sunuyoruz.<\/li>\n<\/ul>\n<p><img decoding=\"async\" src=\"https:\/\/www.hydraulic-cylinders.net\/wp-content\/uploads\/2025\/01\/songte-cylinder-head-with-all-kinds-excavator-models.webp\" alt=\"Doosan DX500LC-G B\u00fcy\u00fck Ekskavat\u00f6r \u0130\u00e7in Kep\u00e7e Silindiri\"><\/p>\n<h2>Uygulamalar<\/h2>\n<p>Doosan DX500LC-G b\u00fcy\u00fck ekskavat\u00f6r i\u00e7in kova silindiri, a\u015fa\u011f\u0131dakiler gibi \u00e7e\u015fitli a\u011f\u0131r makinelerde yayg\u0131n olarak kullan\u0131lmaktad\u0131r:<\/p>\n<ul>\n<li>\u0130n\u015faat ekipmanlar\u0131: Ekskavat\u00f6rlerde, toprak veya moloz kazma, y\u00fckleme ve ta\u015f\u0131ma i\u015flemlerinde hayati \u00f6neme sahiptirler. Kaz\u0131c\u0131 y\u00fckleyicilerde ise kep\u00e7e silindiri kazma ve kald\u0131rma i\u015flemlerine yard\u0131mc\u0131 olur.<\/li>\n<li>Tar\u0131m makineleri: Toprak, saman ve di\u011fer malzemeleri kep\u00e7elemek, kald\u0131rmak ve ta\u015f\u0131mak i\u00e7in \u00f6n y\u00fckleyicilerde kullan\u0131l\u0131r.<\/li>\n<li>Ekskavat\u00f6rler: Kep\u00e7e silindiri, kep\u00e7enin topra\u011fa n\u00fcfuz etmesini ve kazma i\u015flemlerini ger\u00e7ekle\u015ftirmesini sa\u011flar.<\/li>\n<li>Y\u00fckleyiciler: \u00d6n y\u00fckleyicilerde, mallar\u0131n verimli bir \u015fekilde kald\u0131r\u0131lmas\u0131na ve devrilmesine yard\u0131mc\u0131 olurlar.<\/li>\n<\/ul>\n<h2>Tasar\u0131m Hususlar\u0131 ve Se\u00e7im Kriterleri<\/h2>\n<p>Doosan DX500LC-G b\u00fcy\u00fck ekskavat\u00f6r i\u00e7in kep\u00e7e silindiri tasarlan\u0131rken, a\u015fa\u011f\u0131dakiler gibi \u00e7e\u015fitli \u00f6nemli fakt\u00f6rler dikkate al\u0131n\u0131r:<\/p>\n<ul>\n<li>Ta\u015f\u0131ma kapasitesi: Silindir, y\u00fcksek bas\u0131nca ve a\u011f\u0131r y\u00fcklere dayanacak \u015fekilde tasarlanm\u0131\u015ft\u0131r.<\/li>\n<li>S\u0131zd\u0131rmazl\u0131k: Hidrolik s\u0131v\u0131n\u0131n s\u0131zmas\u0131n\u0131 \u00f6nlemek i\u00e7in piston contalar\u0131 ve mil contalar\u0131 gibi \u00e7e\u015fitli s\u0131zd\u0131rmazl\u0131k bile\u015fenleri kullan\u0131l\u0131r.<\/li>\n<li>Dayan\u0131kl\u0131l\u0131k: Silindir, kullan\u0131m \u00f6mr\u00fcn\u00fc uzatmak i\u00e7in a\u015f\u0131nma ve korozyon direnci g\u00f6z \u00f6n\u00fcnde bulundurularak tasarlanm\u0131\u015ft\u0131r. Silindir g\u00f6vdesi ve di\u015fli u\u00e7 y\u00fczeyi, a\u015f\u0131nma direncini art\u0131rmak i\u00e7in hassas bir \u015fekilde i\u015flenmi\u015ftir.<\/li>\n<li>G\u00fcvenlik: Silindir, g\u00fcvenli \u00e7al\u0131\u015fma sa\u011flamak i\u00e7in g\u00fcvenlik fakt\u00f6rleri g\u00f6z \u00f6n\u00fcnde bulundurularak tasarlanm\u0131\u015ft\u0131r.<\/li>\n<li>Bak\u0131m Kolayl\u0131\u011f\u0131: Silindir, kolay onar\u0131m ve bak\u0131ma olanak sa\u011flayacak \u015fekilde tasarlanm\u0131\u015ft\u0131r.<\/li>\n<\/ul>\n<p><img decoding=\"async\" src=\"https:\/\/www.hydraulic-cylinders.net\/wp-content\/uploads\/2025\/01\/songte-oil-pipes-and-spare-parts.webp\" alt=\"Doosan DX500LC-G B\u00fcy\u00fck Ekskavat\u00f6r \u0130\u00e7in Kep\u00e7e Silindiri\"><\/p>\n<h2>S\u0131zd\u0131rmazl\u0131k ve Ya\u011flama<\/h2>\n<p>Doosan DX500LC-G b\u00fcy\u00fck ekskavat\u00f6r\u00fcn\u00fcn kova silindiri, hidrolik s\u0131v\u0131n\u0131n s\u0131zmas\u0131n\u0131 \u00f6nlemek i\u00e7in piston contalar\u0131 ve mil contalar\u0131 gibi \u00e7e\u015fitli s\u0131zd\u0131rmazl\u0131k bile\u015fenleri kullan\u0131r. S\u0131zd\u0131rmazl\u0131k bile\u015fenleri, poli\u00fcretan ve nitril kau\u00e7uk gibi a\u015f\u0131nmaya dayan\u0131kl\u0131 malzemelerden yap\u0131lm\u0131\u015ft\u0131r. Silindir g\u00f6vdesi ve di\u015fli u\u00e7 y\u00fczeyi, a\u015f\u0131nma direncini art\u0131rmak i\u00e7in ince bir \u015fekilde i\u015flenmi\u015ftir. Sorunsuz \u00e7al\u0131\u015fmay\u0131 sa\u011flamak ve paslanmay\u0131 ve a\u015f\u0131nmay\u0131 \u00f6nlemek i\u00e7in uygun miktarda hidrolik ya\u011f ile d\u00fczenli ya\u011flama gereklidir.<\/p>\n<h2>Bak\u0131m ve Onar\u0131m<\/h2>\n<p>Doosan DX500LC-G b\u00fcy\u00fck ekskavat\u00f6r\u00fcn\u00fcn kep\u00e7e silindirinin optimum performans\u0131n\u0131 ve kullan\u0131m \u00f6mr\u00fcn\u00fc sa\u011flamak i\u00e7in d\u00fczenli kontrol ve \u00f6nleyici bak\u0131m gereklidir. Yayg\u0131n bak\u0131m g\u00f6revleri \u015funlard\u0131r:<\/p>\n<ul>\n<li>Silindir g\u00f6vdesi ve s\u0131zd\u0131rmazl\u0131k bile\u015fenlerinin d\u00fczenli olarak kontrol edilmesi<\/li>\n<li>Silindirin d\u00fczenli olarak ya\u011flanmas\u0131<\/li>\n<li>S\u0131zd\u0131rmazl\u0131k elemanlar\u0131n\u0131n de\u011fi\u015ftirilmesi<\/li>\n<li>Kalibrasyon kontrolleri<\/li>\n<\/ul>\n<p><img decoding=\"async\" src=\"https:\/\/www.hydraulic-cylinders.net\/wp-content\/uploads\/2025\/01\/songte-chushion-collar.webp\" alt=\"Doosan DX500LC-G B\u00fcy\u00fck Ekskavat\u00f6r \u0130\u00e7in Kep\u00e7e Silindiri\"><\/p>\n<h2>G\u00fcvenlik Hususlar\u0131 ve \u00c7evresel Fakt\u00f6rler<\/h2>\n<p>Doosan DX500LC-G b\u00fcy\u00fck ekskavat\u00f6r\u00fcn\u00fcn kova silindirini kullan\u0131rken, yaralanmalar\u0131 veya ekipman hasar\u0131n\u0131 \u00f6nlemek i\u00e7in uygun g\u00fcvenlik prosed\u00fcrlerine uymak \u00f6nemlidir. S\u0131cakl\u0131k ve nem gibi \u00e7evresel fakt\u00f6rler de optimum performans sa\u011flamak ve silindirin hasar g\u00f6rmesini \u00f6nlemek i\u00e7in dikkate al\u0131nmal\u0131d\u0131r.<\/p>\n<h2>Sorun Giderme ve Yayg\u0131n Sorunlar<\/h2>\n<p>Doosan DX500LC-G b\u00fcy\u00fck ekskavat\u00f6r\u00fcn kep\u00e7e silindirinde s\u0131k kar\u015f\u0131la\u015f\u0131lan sorunlar aras\u0131nda hidrolik s\u0131v\u0131 s\u0131z\u0131nt\u0131s\u0131, yetersiz kald\u0131rma kuvveti ve yava\u015f tepki s\u00fcresi yer almaktad\u0131r. Do\u011fru ar\u0131za tespiti ve \u00f6nleyici tedbirler, bu sorunlar\u0131n belirlenmesine ve \u00f6nlenmesine yard\u0131mc\u0131 olabilir.<\/p>\n<h2>\u015eirketimiz Hakk\u0131nda<\/h2>\n<p>\u00d6nde gelen hidrolik silindir \u00fcreticisi ve toptan da\u011f\u0131t\u0131c\u0131s\u0131 olarak, \u00e7e\u015fitli sekt\u00f6rlere y\u00f6nelik geni\u015f bir \u00fcr\u00fcn yelpazesi sunuyoruz. Kalitede m\u00fckemmelli\u011fi hedefliyor ve geli\u015fmi\u015f \u00fcretim at\u00f6lyemizde end\u00fcstriyel \u00fcretim y\u00f6netim stratejilerine g\u00fcveniyoruz. Yetenekli teknoloji uzmanlar\u0131, dijital \u00fcst d\u00fczey \u00fcretim ekipmanlar\u0131 ve profesyonel test sistemleri kullanarak \u00fcretim platformumuzu s\u00fcrekli geli\u015ftiriyor ve \u00fcr\u00fcn kalite \u00fcretim hatt\u0131m\u0131z\u0131 m\u00fckemmelle\u015ftiriyoruz. Y\u00fcksek verimlilik, y\u00fcksek hassasiyet ve y\u00fcksek kaliteye olan ba\u011fl\u0131l\u0131\u011f\u0131m\u0131z, m\u00fc\u015fterilerimizin \u00e7e\u015fitli ihtiya\u00e7lar\u0131n\u0131 kar\u015f\u0131lamam\u0131z\u0131 sa\u011fl\u0131yor.<\/p>\n<p><img decoding=\"async\" src=\"https:\/\/hzpt.com\/wp-content\/uploads\/2024\/11\/songte-company-1.webp\" alt=\"Doosan DX500LC-G B\u00fcy\u00fck Ekskavat\u00f6r \u0130\u00e7in Kep\u00e7e Silindiri\"><\/p>\n<h3>Profesyonellik<\/h3>\n<p>M\u00fc\u015fterilerimize en iyi \u00fcr\u00fcn ve hizmetleri sunmaya kendini adam\u0131\u015f, deneyimli profesyonellerden olu\u015fan bir ekibimiz var.<\/p>\n<h3>Uluslararas\u0131 Sertifikalar<\/h3>\n<p>\u00dcr\u00fcnlerimiz uluslararas\u0131 kurulu\u015flar taraf\u0131ndan kalite ve g\u00fcvenlik a\u00e7\u0131s\u0131ndan sertifikaland\u0131r\u0131lm\u0131\u015ft\u0131r.<\/p>\n<h3>\u00d6zelle\u015ftirme Hizmetleri<\/h3>\n<p>M\u00fc\u015fterilerimizin benzersiz ihtiya\u00e7lar\u0131n\u0131 kar\u015f\u0131lamak i\u00e7in \u00e7e\u015fitli \u00f6zelle\u015ftirme se\u00e7enekleri sunuyoruz.<\/p>\n<h3>\u00dcretim Ekipmanlar\u0131<\/h3>\n<p>\u00dcr\u00fcnlerimizin y\u00fcksek kalitesini sa\u011flamak i\u00e7in geli\u015fmi\u015f \u00fcretim ekipmanlar\u0131 kullan\u0131yoruz.<\/p>\n<h3>Sat\u0131\u015f Sonras\u0131 Hizmet<\/h3>\n<p>M\u00fc\u015fteri memnuniyetini sa\u011flamak i\u00e7in kapsaml\u0131 sat\u0131\u015f sonras\u0131 hizmet sunuyoruz.<\/p>\n<h4>Yazar: lyl<\/h4>","protected":false},"excerpt":{"rendered":"<p>Bucket Cylinder For Doosan Large Excavator DX500LC-G Introduction The bucket cylinder for Doosan large excavator DX500LC-G is a specially designed hydraulic cylinder that controls the movement of the bucket in heavy machinery such as excavators, backhoe loaders, and front-end loaders. Its main function is to lift, lower, and tilt the bucket, making it easier to [&hellip;]<\/p>","protected":false},"featured_media":14782,"comment_status":"open","ping_status":"closed","template":"","meta":{"_et_pb_use_builder":"","_et_pb_old_content":"","_et_gb_content_width":""},"product_brand":[],"product_cat":[1494],"product_tag":[1495,1496],"class_list":{"0":"post-15302","1":"product","2":"type-product","3":"status-publish","4":"has-post-thumbnail","6":"product_cat-bucket-cylinders","7":"product_tag-bucket-cylinders","8":"product_tag-hydraulic-cylinders","10":"first","11":"instock","12":"shipping-taxable","13":"product-type-simple"},"amp_enabled":true,"_links":{"self":[{"href":"https:\/\/www.hydraulic-cylinders.net\/tr\/wp-json\/wp\/v2\/product\/15302","targetHints":{"allow":["GET"]}}],"collection":[{"href":"https:\/\/www.hydraulic-cylinders.net\/tr\/wp-json\/wp\/v2\/product"}],"about":[{"href":"https:\/\/www.hydraulic-cylinders.net\/tr\/wp-json\/wp\/v2\/types\/product"}],"replies":[{"embeddable":true,"href":"https:\/\/www.hydraulic-cylinders.net\/tr\/wp-json\/wp\/v2\/comments?post=15302"}],"wp:featuredmedia":[{"embeddable":true,"href":"https:\/\/www.hydraulic-cylinders.net\/tr\/wp-json\/wp\/v2\/media\/14782"}],"wp:attachment":[{"href":"https:\/\/www.hydraulic-cylinders.net\/tr\/wp-json\/wp\/v2\/media?parent=15302"}],"wp:term":[{"taxonomy":"product_brand","embeddable":true,"href":"https:\/\/www.hydraulic-cylinders.net\/tr\/wp-json\/wp\/v2\/product_brand?post=15302"},{"taxonomy":"product_cat","embeddable":true,"href":"https:\/\/www.hydraulic-cylinders.net\/tr\/wp-json\/wp\/v2\/product_cat?post=15302"},{"taxonomy":"product_tag","embeddable":true,"href":"https:\/\/www.hydraulic-cylinders.net\/tr\/wp-json\/wp\/v2\/product_tag?post=15302"}],"curies":[{"name":"wp","href":"https:\/\/api.w.org\/{rel}","templated":true}]}}