{"id":1531,"date":"2023-09-28T03:14:41","date_gmt":"2023-09-28T03:14:41","guid":{"rendered":"https:\/\/hydraulic-cylinders.net\/?post_type=product&#038;p=1531"},"modified":"2025-04-11T03:25:57","modified_gmt":"2025-04-11T03:25:57","slug":"aerial-work-platform-luffing-cylinder","status":"publish","type":"product","link":"https:\/\/www.hydraulic-cylinders.net\/tr\/urun\/aerial-work-platform-luffing-cylinder\/","title":{"rendered":"Hava \u00c7al\u0131\u015fma Platformu Kald\u0131rma Silindiri"},"content":{"rendered":"<h1 style=\"text-align: center;\"><strong>Hava \u00c7al\u0131\u015fma Platformu Kald\u0131rma Silindiri<\/strong><\/h1>\n<p><img loading=\"lazy\" decoding=\"async\" class=\"wp-image-1532 aligncenter\" src=\"https:\/\/hydraulic-cylinders.net\/wp-content\/uploads\/2023\/09\/luffing-cylinder-1-300x300.webp\" alt=\"\" width=\"400\" height=\"400\" \/><\/p>\n<p>Y\u00fcksekte \u00e7al\u0131\u015fma ortamlar\u0131nda g\u00fcvenli\u011fi ve verimlili\u011fi art\u0131rmak i\u00e7in tasarlanm\u0131\u015f olan hava i\u015f platformlar\u0131n\u0131n kald\u0131rma silindiri, hayati bir bile\u015fendir. Bu yenilik\u00e7i hidrolik silindir, kontroll\u00fc dikey hareket sa\u011flayarak platformun hassas bir \u015fekilde kald\u0131r\u0131l\u0131p indirilmesine olanak tan\u0131r.<\/p>\n<p>Y\u00fcksekte \u00e7al\u0131\u015fma platformlar\u0131nda kullan\u0131lan kald\u0131rma silindiri, kontroll\u00fc dikey hareket sa\u011flayarak y\u00fcksekte \u00e7al\u0131\u015fma ortamlar\u0131nda g\u00fcvenli\u011fi ve verimlili\u011fi art\u0131ran, son derece \u00f6nemli bir bile\u015fendir. Hassas kald\u0131rma kapasitesi, y\u00fcksek y\u00fck ta\u015f\u0131ma kapasitesi ve entegre g\u00fcvenlik \u00f6zellikleri ile bu silindir, operat\u00f6rlerin farkl\u0131 y\u00fcksekliklerde g\u00fcvenle \u00e7al\u0131\u015fmas\u0131n\u0131 sa\u011flar. \u00d6nerilen kullan\u0131m y\u00f6ntemleri ve bak\u0131m uygulamalar\u0131na uyarak, operat\u00f6rler y\u00fcksekte \u00e7al\u0131\u015fma platformunun kald\u0131rma silindirinin \u00f6mr\u00fcn\u00fc ve performans\u0131n\u0131 en \u00fcst d\u00fczeye \u00e7\u0131karabilir, bu da y\u00fcksekte \u00e7al\u0131\u015fma uygulamalar\u0131nda verimlili\u011fi art\u0131r\u0131r, ar\u0131za s\u00fcrelerini azalt\u0131r ve g\u00fcvenli\u011fi art\u0131r\u0131r. Y\u00fcksekte \u00e7al\u0131\u015fma platformunuzun yeteneklerini art\u0131rmak ve ba\u015far\u0131l\u0131 \u00e7al\u0131\u015fmalar\u0131n\u0131z\u0131 yeni zirvelere ta\u015f\u0131mak i\u00e7in bu geli\u015fmi\u015f hidrolik bile\u015fene yat\u0131r\u0131m yap\u0131n.<\/p>\n<p>Havadan \u00c7al\u0131\u015fma Platformu Kald\u0131rma Silindirinin Ba\u015fl\u0131ca \u00d6zellikleri:<\/p>\n<ol>\n<li>Kontroll\u00fc Dikey Hareket:<\/li>\n<\/ol>\n<ul>\n<li>Hava i\u015f platformunun kald\u0131rma silindiri, hassas ve kontroll\u00fc dikey hareket sa\u011flayarak operat\u00f6rlerin platformun \u00e7al\u0131\u015fma y\u00fcksekli\u011fini do\u011fru ve kolay bir \u015fekilde ayarlamas\u0131na olanak tan\u0131r.<\/li>\n<li>Sorunsuz ve istikrarl\u0131 kald\u0131rma ve indirme hareketleri sa\u011flayarak, farkl\u0131 y\u00fcksekliklerde g\u00fcvenli ve konforlu bir \u00e7al\u0131\u015fma ortam\u0131 sunar.<\/li>\n<\/ul>\n<ol start=\"2\">\n<li>Y\u00fcksek Y\u00fck Kapasitesi:<\/li>\n<\/ol>\n<ul>\n<li>Bu silindir, y\u00fcksek y\u00fck ta\u015f\u0131ma kapasitesine sahip olup, a\u011f\u0131r y\u00fckleri destekleyebilmesinin yan\u0131 s\u0131ra, \u00e7al\u0131\u015fma platformunda birden fazla i\u015f\u00e7iyi, aleti ve ekipman\u0131 bar\u0131nd\u0131rabilir.<\/li>\n<li>Bu \u00fcr\u00fcn, \u00f6nemli y\u00fcklerde bile denge ve g\u00fcvenli\u011fi koruyarak g\u00fcvenilir kald\u0131rma performans\u0131 sa\u011flar.<\/li>\n<\/ul>\n<ol start=\"3\">\n<li>Kompakt ve Sa\u011flam Tasar\u0131m:<\/li>\n<\/ol>\n<ul>\n<li>Hava i\u015f platformunun kald\u0131rma silindiri, kompakt bir tasar\u0131ma sahip olup, hava i\u015f platformunun toplam a\u011f\u0131rl\u0131\u011f\u0131n\u0131 ve kaplad\u0131\u011f\u0131 alan\u0131 en aza indirir.<\/li>\n<li>Sa\u011flam yap\u0131s\u0131, y\u00fcksekte \u00e7al\u0131\u015fma ortamlar\u0131n\u0131n zorlu ko\u015fullar\u0131na dayanarak dayan\u0131kl\u0131l\u0131k ve uzun \u00f6m\u00fcr sa\u011flar.<\/li>\n<\/ul>\n<ol start=\"4\">\n<li>Entegre G\u00fcvenlik \u00d6zellikleri:<\/li>\n<\/ol>\n<ul>\n<li>Bu silindirde a\u015f\u0131r\u0131 y\u00fck korumas\u0131 ve acil indirme sistemleri gibi entegre g\u00fcvenlik \u00f6zellikleri bulunmaktad\u0131r.<\/li>\n<li>Bu g\u00fcvenlik mekanizmalar\u0131, olas\u0131 kazalara kar\u015f\u0131 koruma sa\u011flayarak ve acil durumlarda h\u0131zl\u0131 m\u00fcdahale imkan\u0131 vererek ek bir g\u00f6n\u00fcl rahatl\u0131\u011f\u0131 sunar.<\/li>\n<\/ul>\n<h2><strong>Havadan \u00c7al\u0131\u015fma Platformu Kald\u0131rma Silindiri Parametreleri:<\/strong><\/h2>\n<table border=\"1\" cellspacing=\"0\" cellpadding=\"0\">\n<tbody>\n<tr>\n<td>\u00dcr\u00fcn Ad\u0131<\/td>\n<td>Hava \u00c7al\u0131\u015fma Platformu Kald\u0131rma Silindiri<\/td>\n<\/tr>\n<tr>\n<td>\u00d6zellikler:<\/td>\n<td>Bomun yukar\u0131 ve a\u015fa\u011f\u0131 d\u00f6n\u00fc\u015f\u00fcn\u00fcn kald\u0131rma i\u00e7in ana itici g\u00fc\u00e7 oldu\u011funu fark etmek<\/td>\n<\/tr>\n<tr>\n<td>Delik \u00e7ap\u0131:<\/td>\n<td>50 mm\uff5e350 mm<\/td>\n<\/tr>\n<tr>\n<td>\u00c7ubuk \u00e7ap\u0131:<\/td>\n<td>30 mm\uff5e300 mm<br \/>\nStrok\u22643000 mm<\/td>\n<\/tr>\n<tr>\n<td>Bas\u0131n\u00e7:<\/td>\n<td>30 MPa (Maksimum bas\u0131n\u00e7)<\/td>\n<\/tr>\n<tr>\n<td>Luffing Silindir Uygulamalar\u0131:<\/td>\n<td>Havadan \u00c7al\u0131\u015fma Platformu<\/td>\n<\/tr>\n<\/tbody>\n<\/table>\n<h2><strong>Havadan \u00c7al\u0131\u015fma Platformu Tan\u0131mlama \u015eemas\u0131:<\/strong><\/h2>\n<p><img loading=\"lazy\" decoding=\"async\" class=\"alignnone wp-image-1517 size-full\" src=\"https:\/\/hydraulic-cylinders.net\/wp-content\/uploads\/2023\/09\/aerial-work-platform-cylinder-construct.webp\" alt=\"\" width=\"600\" height=\"400\" srcset=\"https:\/\/hydraulic-cylinders.net\/wp-content\/uploads\/2023\/09\/aerial-work-platform-cylinder-construct.webp 600w, https:\/\/hydraulic-cylinders.net\/wp-content\/uploads\/2023\/09\/aerial-work-platform-cylinder-construct-480x320.webp 480w\" sizes=\"(min-width: 0px) and (max-width: 480px) 480px, (min-width: 481px) 600px, 100vw\" \/><\/p>\n<h2><strong>Kullan\u0131m Y\u00f6ntemi <\/strong><strong>Hava \u00c7al\u0131\u015fma Platformu Kald\u0131rma Silindiri<\/strong><strong>:<\/strong><\/h2>\n<ol>\n<li><strong>Silindir Montaj\u0131:<\/strong><\/li>\n<\/ol>\n<ul>\n<li>Hava i\u015f platformunun kald\u0131rma silindirinin do\u011fru \u015fekilde tak\u0131lmas\u0131 i\u00e7in \u00fcreticinin talimatlar\u0131n\u0131 izleyin.<\/li>\n<li>Silindirin, sa\u011flam ve g\u00fcvenilir bir ba\u011flant\u0131 sa\u011flayacak \u015fekilde, \u00e7al\u0131\u015fma platformunun yap\u0131s\u0131na g\u00fcvenli bir \u015fekilde monte edildi\u011finden emin olun.<\/li>\n<\/ul>\n<ol start=\"2\">\n<li><strong>Hidrolik Ba\u011flant\u0131:<\/strong><\/li>\n<\/ol>\n<ul>\n<li>Verilen talimatlara g\u00f6re silindiri \u00e7al\u0131\u015fma platformunun hidrolik sistemine ba\u011flay\u0131n.<\/li>\n<li>Hidrolik s\u0131v\u0131 s\u0131z\u0131nt\u0131s\u0131n\u0131 veya kayb\u0131n\u0131 \u00f6nlemek i\u00e7in t\u00fcm hidrolik ba\u011flant\u0131lar\u0131n sa\u011flam ve d\u00fczg\u00fcn bir \u015fekilde kapat\u0131lm\u0131\u015f oldu\u011fundan emin olun.<\/li>\n<\/ul>\n<ol start=\"3\">\n<li><strong>Kontrol Aktivasyonu:<\/strong><\/li>\n<\/ol>\n<ul>\n<li>Platformun kontrol panelini veya aray\u00fcz\u00fcn\u00fc kullanarak hava i\u015f platformunun kald\u0131rma silindirini etkinle\u015ftirin.<\/li>\n<li>Platformu istenilen y\u00fcksekli\u011fe kald\u0131rmak veya indirmek i\u00e7in \u00f6nerilen \u00e7al\u0131\u015ft\u0131rma prosed\u00fcrlerini izleyin.<\/li>\n<\/ul>\n<ol start=\"4\">\n<li><strong>G\u00fcvenlik \u00d6nlemleri:<\/strong><\/li>\n<\/ol>\n<ul>\n<li>Hava i\u015f platformunu \u00e7al\u0131\u015ft\u0131rmadan \u00f6nce, g\u00fcvenlik \u00f6zelliklerini ve acil durum prosed\u00fcrlerini iyice \u00f6\u011frenin.<\/li>\n<li>T\u00fcm operat\u00f6rlerin platformun ve havai \u00e7al\u0131\u015fma platformunun kald\u0131rma silindirinin g\u00fcvenli kullan\u0131m\u0131 konusunda uygun e\u011fitim ald\u0131\u011f\u0131ndan emin olun.<\/li>\n<\/ul>\n<h2><strong>Trakt\u00f6r Hidrolik Sistemindeki Su Nas\u0131l \u00c7\u0131kar\u0131l\u0131r?<\/strong><\/h2>\n<p>Trakt\u00f6r\u00fcn hidrolik sisteminden suyu \u00e7\u0131karmak, sistemin performans\u0131n\u0131 korumak ve hasar\u0131 \u00f6nlemek i\u00e7in \u00e7ok \u00f6nemlidir. \u0130\u015fte trakt\u00f6r hidrolik sisteminden suyu nas\u0131l \u00e7\u0131karaca\u011f\u0131n\u0131za dair ad\u0131m ad\u0131m bir k\u0131lavuz:<\/p>\n<ol>\n<li><strong>Su Kirlili\u011fini Belirleyin:<\/strong><\/li>\n<\/ol>\n<ul>\n<li>Hidrolik s\u0131v\u0131n\u0131n bulan\u0131k veya s\u00fct renginde olmas\u0131, sistem performans\u0131n\u0131n d\u00fc\u015fmesi veya rezervuarda su damlac\u0131klar\u0131 bulunmas\u0131 gibi su kirlenmesi belirtilerini kontrol edin.<\/li>\n<li>Suyun sorunun nedeni oldu\u011fundan emin olmak i\u00e7in di\u011fer olas\u0131 sorunlar\u0131 eleyin.<\/li>\n<\/ul>\n<ol start=\"2\">\n<li><strong>Hidrolik Sistemi Bo\u015falt\u0131n:<\/strong><\/li>\n<\/ol>\n<ul>\n<li>Hidrolik deposu veya tank\u0131 \u00fczerindeki tahliye tapas\u0131n\u0131 veya vanas\u0131n\u0131 bulun.<\/li>\n<li>S\u0131z\u0131nt\u0131y\u0131 toplamak i\u00e7in tahliye tapas\u0131n\u0131n alt\u0131na uygun bir kap veya tahliye tavas\u0131 yerle\u015ftirin.<\/li>\n<\/ul>\n<ol start=\"3\">\n<li><strong>Tahliye tapas\u0131n\u0131 a\u00e7\u0131n:<\/strong><\/li>\n<\/ol>\n<ul>\n<li>Uygun bir anahtar veya alet kullanarak tahliye tapas\u0131n\u0131 dikkatlice gev\u015fetip \u00e7\u0131kar\u0131n veya vanay\u0131 a\u00e7\u0131n.<\/li>\n<li>Kirlenmi\u015f hidrolik s\u0131v\u0131s\u0131n\u0131n sistemden tamamen bo\u015falmas\u0131n\u0131 sa\u011flay\u0131n.<\/li>\n<li>Kirlenmi\u015f s\u0131v\u0131y\u0131 yerel y\u00f6netmeliklere uygun \u015fekilde bertaraf edin.<\/li>\n<\/ul>\n<ol start=\"4\">\n<li><strong>Sistemi Temizleyin:<\/strong><\/li>\n<\/ol>\n<ul>\n<li>Hidrolik s\u0131v\u0131s\u0131 bo\u015falt\u0131ld\u0131ktan sonra, sistemi uygun bir temizleme maddesi veya temiz hidrolik s\u0131v\u0131s\u0131 ile y\u0131kay\u0131n.<\/li>\n<li>Uygun temizleme maddesi ve prosed\u00fcr\u00fc i\u00e7in \u00fcreticinin \u00f6nerilerine uyun.<\/li>\n<li>Hidrolik sistemin giri\u015fine bir hortum ba\u011flay\u0131n ve bu hortumu kullanarak temizleme maddesini veya temiz s\u0131v\u0131y\u0131 sistemden ge\u00e7irin.<\/li>\n<li>Sistemde kalan suyun tamamen temizlenmesi i\u00e7in temizleme maddesinin sistem i\u00e7inde yeterince dola\u015fmas\u0131na izin verin.<\/li>\n<\/ul>\n<ol start=\"5\">\n<li><strong>Durulama maddesini bo\u015falt\u0131n:<\/strong><\/li>\n<\/ol>\n<ul>\n<li>Sistemdeki temizleme maddesini bo\u015faltmak i\u00e7in tahliye tapas\u0131n\u0131 veya vanas\u0131n\u0131 tekrar a\u00e7\u0131n.<\/li>\n<li>Durulama maddesinin tamamen kaba veya tahliye tavas\u0131na akmas\u0131na izin verin.<\/li>\n<\/ul>\n<ol start=\"6\">\n<li><strong>Temiz Hidrolik S\u0131v\u0131s\u0131 ile Doldurun:<\/strong><\/li>\n<\/ol>\n<ul>\n<li>T\u00fcm temizleme maddesi bo\u015fald\u0131ktan sonra tahliye tapas\u0131n\u0131 veya vanas\u0131n\u0131 kapat\u0131n.<\/li>\n<li>Hidrolik sisteme temiz ve tavsiye edilen hidrolik s\u0131v\u0131s\u0131 doldurun.<\/li>\n<li>Uygun s\u0131v\u0131 t\u00fcr\u00fc ve dolum seviyesi i\u00e7in \u00fcreticinin y\u00f6nergelerini izleyin.<\/li>\n<\/ul>\n<ol start=\"7\">\n<li><strong>Sistemi Kanamaya Zorlamak:<\/strong><\/li>\n<\/ol>\n<ul>\n<li>\u00dcreticinin talimatlar\u0131na veya trakt\u00f6r modelinize \u00f6zg\u00fc hava alma prosed\u00fcrlerine g\u00f6re hidrolik sistemdeki havay\u0131 bo\u015falt\u0131n.<\/li>\n<li>Bu ad\u0131m, hidrolik sistemin d\u00fczg\u00fcn \u00e7al\u0131\u015fmas\u0131n\u0131 sa\u011flar ve hava bo\u015fluklar\u0131n\u0131 ortadan kald\u0131r\u0131r.<\/li>\n<\/ul>\n<ol start=\"8\">\n<li><strong>Sistemi Test Edin:<\/strong><\/li>\n<\/ol>\n<ul>\n<li>Trakt\u00f6r\u00fc \u00e7al\u0131\u015ft\u0131r\u0131n ve hidrolik sistemi devreye al\u0131n.<\/li>\n<li>Anormal sesler, s\u0131z\u0131nt\u0131lar veya performans sorunlar\u0131 olup olmad\u0131\u011f\u0131n\u0131 kontrol edin.<\/li>\n<li>Hidrolik sistemin suyla ilgili herhangi bir sorun olmadan sorunsuz \u00e7al\u0131\u015ft\u0131\u011f\u0131n\u0131 do\u011frulamak i\u00e7in sistemi \u00e7al\u0131\u015ft\u0131r\u0131n.<\/li>\n<\/ul>\n<h2><strong>Fabrikan\u0131n Kapasitesi ve Kapasitesi:<\/strong><\/h2>\n<h3>(1) Meclis<\/h3>\n<p>Birinci s\u0131n\u0131f ba\u011f\u0131ms\u0131z bir ara\u015ft\u0131rma ve geli\u015ftirme montaj platformumuz bulunmaktad\u0131r. Hidrolik silindir \u00fcretim at\u00f6lyemizde, y\u0131ll\u0131k 1 milyon adet \u00fcretim kapasitesine sahip d\u00f6rt adet yar\u0131 otomatik kald\u0131rma silindiri montaj hatt\u0131 ve bir adet otomatik devirme silindiri montaj hatt\u0131 bulunmaktad\u0131r. \u00d6zel silindir at\u00f6lyemiz, y\u0131ll\u0131k 200.000 adet \u00fcretim kapasitesine sahip \u00e7e\u015fitli \u00f6zelliklerde yar\u0131 otomatik temizleme montaj sistemiyle donat\u0131lm\u0131\u015ft\u0131r. Ayr\u0131ca, \u00fcnl\u00fc CNC i\u015fleme ekipmanlar\u0131, bir i\u015fleme merkezi, y\u00fcksek hassasiyetli silindir i\u015fleme \u00f6zel ekipmanlar\u0131, bir robot kaynak makinesi, bir otomatik temizleme makinesi, otomatik silindir montaj makinesi ve otomatik boyama \u00fcretim hatt\u0131 ile donat\u0131lm\u0131\u015ft\u0131r. 300'den fazla setten olu\u015fan kritik ekipmanlar mevcuttur. Ekipman kaynaklar\u0131n\u0131n optimum da\u011f\u0131l\u0131m\u0131 ve verimli kullan\u0131m\u0131, \u00fcr\u00fcnlerin hassasiyet gereksinimlerini kar\u015f\u0131lar ve \u00fcr\u00fcnlerin y\u00fcksek kalite ihtiya\u00e7lar\u0131n\u0131 kar\u015f\u0131lar.<\/p>\n<p><img loading=\"lazy\" decoding=\"async\" class=\"alignnone wp-image-626\" src=\"https:\/\/hydraulic-cylinders.net\/wp-content\/uploads\/2023\/08\/hydraulic-cylinder-product-1-300x158.webp\" alt=\"\" width=\"495\" height=\"260\" srcset=\"https:\/\/hydraulic-cylinders.net\/wp-content\/uploads\/2023\/08\/hydraulic-cylinder-product-1-300x158.webp 495w, https:\/\/hydraulic-cylinders.net\/wp-content\/uploads\/2023\/08\/hydraulic-cylinder-product-1-480x252.webp 480w\" sizes=\"(min-width: 0px) and (max-width: 480px) 480px, (min-width: 481px) 495px, 100vw\" \/> <img loading=\"lazy\" decoding=\"async\" class=\"alignnone wp-image-627\" src=\"https:\/\/hydraulic-cylinders.net\/wp-content\/uploads\/2023\/08\/hydraulic-cylinder-product-2-300x189.webp\" alt=\"\" width=\"413\" height=\"260\" \/><\/p>\n<h3>(2) \u0130\u015fleme<\/h3>\n<p>\u0130\u015fleme at\u00f6lyesi, maksimum 400 mm i\u00e7 \u00e7apa ve maksimum 6 metre uzunlu\u011fa sahip silindir borular\u0131n\u0131n i\u015flenmesini ger\u00e7ekle\u015ftirebilen \u00f6zel e\u011fimli ray torna merkezi, i\u015fleme merkezi, y\u00fcksek h\u0131zl\u0131 honlama makinesi, kaynak robotu ve di\u011fer ilgili ekipmanlarla donat\u0131lm\u0131\u015ft\u0131r.<\/p>\n<p><img loading=\"lazy\" decoding=\"async\" class=\"alignnone wp-image-628 size-large\" src=\"https:\/\/hydraulic-cylinders.net\/wp-content\/uploads\/2023\/08\/hydraulic-cylinder-product-3-1024x391.webp\" alt=\"\" width=\"1024\" height=\"391\" srcset=\"https:\/\/hydraulic-cylinders.net\/wp-content\/uploads\/2023\/08\/hydraulic-cylinder-product-3-980x374.webp 980w, https:\/\/hydraulic-cylinders.net\/wp-content\/uploads\/2023\/08\/hydraulic-cylinder-product-3-480x183.webp 480w\" sizes=\"(min-width: 0px) and (max-width: 480px) 480px, (min-width: 481px) and (max-width: 980px) 980px, (min-width: 981px) 1024px, 100vw\" \/><\/p>\n<h3>(3) Kaynak<\/h3>\n<p><img loading=\"lazy\" decoding=\"async\" class=\"alignnone wp-image-629 size-large\" src=\"https:\/\/hydraulic-cylinders.net\/wp-content\/uploads\/2023\/08\/hydraulic-cylinder-product-4-1024x510.webp\" alt=\"\" width=\"1024\" height=\"510\" srcset=\"https:\/\/hydraulic-cylinders.net\/wp-content\/uploads\/2023\/08\/hydraulic-cylinder-product-4-980x488.webp 980w, https:\/\/hydraulic-cylinders.net\/wp-content\/uploads\/2023\/08\/hydraulic-cylinder-product-4-480x239.webp 480w\" sizes=\"(min-width: 0px) and (max-width: 480px) 480px, (min-width: 481px) and (max-width: 980px) 980px, (min-width: 981px) 1024px, 100vw\" \/><\/p>\n<h3>(4) Boyama ve kaplama<\/h3>\n<p>K\u00fc\u00e7\u00fck ve orta \u00f6l\u00e7ekli silindirli otomatik su bazl\u0131 boya kaplama hatlar\u0131nda, otomatik robot y\u00fckleme-bo\u015faltma ve otomatik p\u00fcsk\u00fcrtmeyi ger\u00e7ekle\u015ftirmek i\u00e7in, vardiya ba\u015f\u0131na 4000 adet tasar\u0131m kapasitesi;<br \/>\nAyr\u0131ca, vardiya ba\u015f\u0131na 60 kasa kapasiteli, g\u00fc\u00e7 zinciriyle \u00e7al\u0131\u015fan b\u00fcy\u00fck silindirler i\u00e7in yar\u0131 otomatik boya \u00fcretim hatt\u0131m\u0131z da bulunmaktad\u0131r.<\/p>\n<p><img loading=\"lazy\" decoding=\"async\" class=\"alignnone wp-image-630\" src=\"https:\/\/hydraulic-cylinders.net\/wp-content\/uploads\/2023\/08\/hydraulic-cylinder-product-5-300x213.webp\" alt=\"\" width=\"366\" height=\"260\" \/> <img loading=\"lazy\" decoding=\"async\" class=\"alignnone wp-image-631\" src=\"https:\/\/hydraulic-cylinders.net\/wp-content\/uploads\/2023\/08\/hydraulic-cylinder-product-6-300x225.webp\" alt=\"\" width=\"347\" height=\"260\" \/><\/p>\n<h3>(5) Test etme<\/h3>\n<p>Silindirin performans\u0131n\u0131n gereklilikleri kar\u015f\u0131lad\u0131\u011f\u0131ndan emin olmak i\u00e7in birinci s\u0131n\u0131f muayene tesislerimiz ve test yataklar\u0131m\u0131z bulunmaktad\u0131r.<\/p>\n<p><img loading=\"lazy\" decoding=\"async\" class=\"alignnone wp-image-632\" src=\"https:\/\/hydraulic-cylinders.net\/wp-content\/uploads\/2023\/08\/hydraulic-cylinder-product-8-300x200.webp\" alt=\"\" width=\"389\" height=\"260\" \/><\/p>\n<p>&nbsp;<\/p>\n<p>&nbsp;<\/p>\n<p>En iyi hidrolik silindir \u00fcreticilerinden biriyiz. Kapsaml\u0131 hidrolik silindirler sunabiliyoruz. Ayr\u0131ca, ilgili hidrolik silindirleri de sa\u011fl\u0131yoruz. <a href=\"https:\/\/hzpt.com\/agricultural-pto-gearbox\/\" target=\"_blank\" rel=\"noopener\">tar\u0131msal di\u015fli kutular\u0131<\/a>\u00dcr\u00fcnlerimizi d\u00fcnya \u00e7ap\u0131ndaki m\u00fc\u015fterilerimize ihra\u00e7 ettik ve \u00fcst\u00fcn \u00fcr\u00fcn kalitemiz ve sat\u0131\u015f sonras\u0131 hizmetlerimiz sayesinde iyi bir itibar kazand\u0131k. Yurt i\u00e7i ve yurt d\u0131\u015f\u0131ndaki m\u00fc\u015fterilerimizi i\u015f g\u00f6r\u00fc\u015fmeleri yapmak, bilgi al\u0131\u015fveri\u015finde bulunmak ve <a href=\"https:\/\/www.hydraulic-cylinders.net\/tr\/contact-us\/\">bizimle i\u015fbirli\u011fi yap\u0131n<\/a>!<\/p>","protected":false},"excerpt":{"rendered":"<p>Aerial Work Platform Luffing Cylinder The aerial work platform luffing cylinder is a vital component in aerial work platforms, designed to enhance safety and efficiency in elevated work environments. This innovative hydraulic cylinder provides controlled vertical movement, allowing for precise lifting and lowering of the platform. The aerial work platform luffing cylinder is a crucial [&hellip;]<\/p>","protected":false},"featured_media":1533,"comment_status":"open","ping_status":"closed","template":"","meta":{"_et_pb_use_builder":"","_et_pb_old_content":"","_et_gb_content_width":""},"product_brand":[],"product_cat":[1500,1550],"product_tag":[1380],"class_list":{"0":"post-1531","1":"product","2":"type-product","3":"status-publish","4":"has-post-thumbnail","6":"product_cat-aerial-work-vehicle-hydraulic-cylinder","7":"product_cat-double-acting-hydraulic-cylinder","8":"product_tag-hydraulic-cylinder","10":"first","11":"instock","12":"shipping-taxable","13":"product-type-simple"},"amp_enabled":true,"_links":{"self":[{"href":"https:\/\/www.hydraulic-cylinders.net\/tr\/wp-json\/wp\/v2\/product\/1531","targetHints":{"allow":["GET"]}}],"collection":[{"href":"https:\/\/www.hydraulic-cylinders.net\/tr\/wp-json\/wp\/v2\/product"}],"about":[{"href":"https:\/\/www.hydraulic-cylinders.net\/tr\/wp-json\/wp\/v2\/types\/product"}],"replies":[{"embeddable":true,"href":"https:\/\/www.hydraulic-cylinders.net\/tr\/wp-json\/wp\/v2\/comments?post=1531"}],"wp:featuredmedia":[{"embeddable":true,"href":"https:\/\/www.hydraulic-cylinders.net\/tr\/wp-json\/wp\/v2\/media\/1533"}],"wp:attachment":[{"href":"https:\/\/www.hydraulic-cylinders.net\/tr\/wp-json\/wp\/v2\/media?parent=1531"}],"wp:term":[{"taxonomy":"product_brand","embeddable":true,"href":"https:\/\/www.hydraulic-cylinders.net\/tr\/wp-json\/wp\/v2\/product_brand?post=1531"},{"taxonomy":"product_cat","embeddable":true,"href":"https:\/\/www.hydraulic-cylinders.net\/tr\/wp-json\/wp\/v2\/product_cat?post=1531"},{"taxonomy":"product_tag","embeddable":true,"href":"https:\/\/www.hydraulic-cylinders.net\/tr\/wp-json\/wp\/v2\/product_tag?post=1531"}],"curies":[{"name":"wp","href":"https:\/\/api.w.org\/{rel}","templated":true}]}}