{"id":15312,"date":"2025-01-19T14:22:19","date_gmt":"2025-01-19T14:22:19","guid":{"rendered":"https:\/\/www.hydraulic-cylinders.net\/product\/bucket-cylinder-for-hyundai-middle-excavator-r170lc-5\/"},"modified":"2025-01-19T14:22:21","modified_gmt":"2025-01-19T14:22:21","slug":"bucket-cylinder-for-hyundai-middle-excavator-r170lc-5","status":"publish","type":"product","link":"https:\/\/www.hydraulic-cylinders.net\/tr\/urun\/bucket-cylinder-for-hyundai-middle-excavator-r170lc-5\/","title":{"rendered":"Hyundai R170LC-5 Orta Ekskavat\u00f6r \u0130\u00e7in Kep\u00e7e Silindiri"},"content":{"rendered":"<h1>Hyundai R170LC-5 Orta Ekskavat\u00f6r \u0130\u00e7in Kep\u00e7e Silindiri<\/h1>\n<h2>girii\u015f<\/h2>\n<p>Hyundai R170LC-5 orta boy ekskavat\u00f6r i\u00e7in kep\u00e7e silindiri, ekskavat\u00f6rler, kaz\u0131c\u0131 ekskavat\u00f6rler ve \u00f6n y\u00fckleyiciler gibi a\u011f\u0131r makinelerde ekskavat\u00f6r kep\u00e7elerinin hareketini kontrol etmek i\u00e7in kullan\u0131lan \u00f6zel bir hidrolik silindirdir. Ana i\u015flevi, kep\u00e7enin kald\u0131r\u0131lmas\u0131n\u0131, indirilmesini ve e\u011filmesini sa\u011flayarak \u00e7e\u015fitli malzeme ta\u015f\u0131ma g\u00f6revlerini kolayla\u015ft\u0131rmakt\u0131r. Hidrolik sistemde, kep\u00e7e silindiri, kep\u00e7enin hassas kontrol\u00fcn\u00fc sa\u011flamak i\u00e7in hidrolik ya\u011fdaki bas\u0131n\u00e7 de\u011fi\u015fikliklerini kullan\u0131r; bu da operat\u00f6rlerin a\u011f\u0131r y\u00fckleri verimli bir \u015fekilde ta\u015f\u0131mas\u0131na ve karma\u015f\u0131k \u00e7al\u0131\u015fma ortamlar\u0131na ve \u00e7e\u015fitli i\u015f gereksinimlerine uyum sa\u011flamas\u0131na olanak tan\u0131r.<\/p>\n<p><img decoding=\"async\" src=\"https:\/\/www.hydraulic-cylinders.net\/wp-content\/uploads\/2025\/01\/songte-company-2.webp\"><\/p>\n<h2>\u00dcr\u00fcn \u00d6zellikleri<\/h2>\n<ul>\n<li>\n<h3>Y\u00fcksek G\u00fc\u00e7 ve Dayan\u0131kl\u0131l\u0131k<\/h3>\n<p>Genellikle y\u00fcksek mukavemetli \u00e7elik veya al\u00fcminyumdan \u00fcretilen kova silindiri, y\u00fcksek bas\u0131nca ve a\u011f\u0131r y\u00fcklere dayanabilir ve zorlu \u00e7al\u0131\u015fma ortamlar\u0131na uyum sa\u011flayabilir. Tasar\u0131mda ayr\u0131ca silindirin kullan\u0131m \u00f6mr\u00fcn\u00fc uzatmak i\u00e7in a\u015f\u0131nma direnci ve korozyon direnci de dikkate al\u0131nm\u0131\u015ft\u0131r.<\/p>\n<\/li>\n<li>\n<h3>Verimli Hidrolik \u00c7al\u0131\u015fma<\/h3>\n<p>Hidrolik ya\u011f\u0131n bas\u0131nc\u0131n\u0131 kullanarak d\u00fczg\u00fcn bir \u015fekilde uzama ve geri \u00e7ekilme sa\u011flayan silindir, komutlara h\u0131zl\u0131 bir \u015fekilde yan\u0131t verebilir ve g\u00fc\u00e7l\u00fc itme ve \u00e7ekme kuvveti sa\u011flayabilir; bu da a\u011f\u0131r y\u00fcklerin ve karma\u015f\u0131k i\u015f g\u00f6revlerinin \u00fcstesinden gelmek i\u00e7in uygundur.<\/p>\n<\/li>\n<li>\n<h3>\u00c7e\u015fitli Tipler<\/h3>\n<p>Farkl\u0131 \u00e7al\u0131\u015fma gereksinimlerini kar\u015f\u0131lamak i\u00e7in ihtiya\u00e7lara g\u00f6re tek veya \u00e7ift etkili silindirler se\u00e7ilebilir. Baz\u0131 modeller teleskopiktir ve d\u0131\u015f boyutlar\u0131 art\u0131rmadan daha fazla uzatmaya olanak tan\u0131r; bu da s\u0131n\u0131rl\u0131 alana sahip uygulamalar i\u00e7in uygundur.<\/p>\n<\/li>\n<li>\n<h3>M\u00fckemmel De\u011fi\u015ftirme<\/h3>\n<p>\u00dcr\u00fcn\u00fcm\u00fcz bu hidrolik silindirlerin yerine m\u00fckemmel bir \u015fekilde ge\u00e7ebilmektedir. <\/p>\n<\/li>\n<\/ul>\n<p><img decoding=\"async\" src=\"https:\/\/www.hydraulic-cylinders.net\/wp-content\/uploads\/2025\/01\/songte-cylinder-head-with-all-kinds-excavator-models.webp\"><\/p>\n<h2>Uygulamalar<\/h2>\n<p>Hyundai R170LC-5 orta boy ekskavat\u00f6r i\u00e7in kova silindiri, a\u015fa\u011f\u0131dakiler dahil olmak \u00fczere \u00e7e\u015fitli a\u011f\u0131r makinelerde yayg\u0131n olarak kullan\u0131labilir:<\/p>\n<ul>\n<li>\n<h3>\u0130n\u015faat Ekipmanlar\u0131<\/h3>\n<p>Ekskavat\u00f6rlerde, toprak veya moloz kazma, y\u00fckleme ve ta\u015f\u0131ma i\u015flemlerinde silindirler olmazsa olmazd\u0131r. Kaz\u0131c\u0131 ekskavat\u00f6rlerde ise silindir hem kazma hem de kald\u0131rma i\u015flemlerine yard\u0131mc\u0131 olur. <\/p>\n<\/li>\n<li>\n<h3>Tar\u0131m Makinalar\u0131<\/h3>\n<p>\u00d6n y\u00fckleyicilerde toprak, saman ve di\u011fer malzemelerin ta\u015f\u0131nmas\u0131nda kullan\u0131lan silindir, etkili bo\u015faltma i\u00e7in kald\u0131rma ve e\u011fme \u00f6zelli\u011fine sahiptir. <\/p>\n<\/li>\n<li>\n<h3>Ekskavat\u00f6rler<\/h3>\n<p>Kep\u00e7e silindiri, kep\u00e7enin kazma i\u015flemleri i\u00e7in topra\u011fa n\u00fcfuz etmesini sa\u011flar. <\/p>\n<\/li>\n<li>\n<h3>Y\u00fckleyiciler<\/h3>\n<p>\u00d6nden y\u00fcklemeli ara\u00e7larda, mallar\u0131n etkili bir \u015fekilde kald\u0131r\u0131lmas\u0131na ve bo\u015falt\u0131lmas\u0131na yard\u0131mc\u0131 olurlar. <\/p>\n<\/li>\n<\/ul>\n<h2>Tasar\u0131m Hususlar\u0131 ve Se\u00e7im Kriterleri<\/h2>\n<p>Hyundai R170LC-5 orta boy ekskavat\u00f6r i\u00e7in tasarlanan kep\u00e7e silindiri, a\u015fa\u011f\u0131dakiler de dahil olmak \u00fczere \u00e7e\u015fitli fakt\u00f6rler g\u00f6z \u00f6n\u00fcnde bulundurularak tasarlanm\u0131\u015ft\u0131r:<\/p>\n<ul>\n<li>\n<h3>Ta\u015f\u0131ma Kapasitesi<\/h3>\n<p>Silindir, kullan\u0131laca\u011f\u0131 maksimum y\u00fcke dayanabilecek kapasitede olmal\u0131d\u0131r. <\/p>\n<\/li>\n<li>\n<h3>S\u0131zd\u0131rmazl\u0131k Performans\u0131<\/h3>\n<p>Silindirin, ya\u011f s\u0131z\u0131nt\u0131s\u0131n\u0131 \u00f6nlemek ve sorunsuz \u00e7al\u0131\u015fmay\u0131 sa\u011flamak i\u00e7in g\u00fcvenilir bir s\u0131zd\u0131rmazl\u0131k performans\u0131na sahip olmas\u0131 gerekir. <\/p>\n<\/li>\n<li>\n<h3>Dayan\u0131kl\u0131l\u0131k<\/h3>\n<p>Silindirin kullan\u0131m \u00f6mr\u00fcn\u00fc uzatmak i\u00e7in y\u00fcksek kaliteli, a\u015f\u0131nmaya ve korozyona dayan\u0131kl\u0131 malzemelerden yap\u0131lmas\u0131 gerekir. <\/p>\n<\/li>\n<li>\n<h3>Emniyet<\/h3>\n<p>Silindir ar\u0131zas\u0131ndan kaynaklanabilecek kazalar\u0131 \u00f6nlemek i\u00e7in silindir, g\u00fcvenlik hususlar\u0131 g\u00f6z \u00f6n\u00fcnde bulundurularak tasarlanmal\u0131d\u0131r. <\/p>\n<\/li>\n<li>\n<h3>Bak\u0131m kolayl\u0131\u011f\u0131<\/h3>\n<p>Silindirin bak\u0131m\u0131 kolay olmal\u0131, b\u00f6ylece bak\u0131m maliyetleri ve ar\u0131za s\u00fcreleri azalt\u0131labilir. <\/p>\n<\/li>\n<\/ul>\n<p><img decoding=\"async\" src=\"https:\/\/www.hydraulic-cylinders.net\/wp-content\/uploads\/2025\/01\/songte-oil-pipes-and-spare-parts.webp\"><\/p>\n<h2>S\u0131zd\u0131rmazl\u0131k ve Ya\u011flama<\/h2>\n<p>Hyundai R170LC-5 orta ekskavat\u00f6r i\u00e7in kova silindiri, poli\u00fcretan ve nitril kau\u00e7uk gibi a\u015f\u0131nmaya dayan\u0131kl\u0131 malzemelerden yap\u0131lm\u0131\u015f piston contalar\u0131 ve mil contalar\u0131 gibi \u00e7e\u015fitli s\u0131zd\u0131rmazl\u0131k bile\u015fenleri kullan\u0131r. Silindir g\u00f6vdesi, piston ve mil y\u00fczeyi de a\u015f\u0131nma direncini art\u0131rmak i\u00e7in ince bir \u015fekilde i\u015flenmi\u015ftir. Sorunsuz \u00e7al\u0131\u015fma sa\u011flamak i\u00e7in uygun hidrolik ya\u011f ile d\u00fczenli ya\u011flama gereklidir. <\/p>\n<h2>D\u00fczenli Muayene ve \u00d6nleyici Bak\u0131m<\/h2>\n<p>Hyundai R170LC-5 orta ekskavat\u00f6r\u00fcn kep\u00e7e silindirinin g\u00fcvenli ve verimli \u00e7al\u0131\u015fmas\u0131 i\u00e7in d\u00fczenli kontrol ve \u00f6nleyici bak\u0131m \u00f6nemlidir. Baz\u0131 \u00f6nleyici bak\u0131m \u00f6nlemleri \u015funlard\u0131r:<\/p>\n<ul>\n<li>D\u00fczenli ya\u011flama<\/li>\n<li>Conta de\u011fi\u015fimi<\/li>\n<li>Kalibrasyon kontrol\u00fc<\/li>\n<\/ul>\n<h2>\u00dcr\u00fcn Kurulum K\u0131lavuzu<\/h2>\n<p>Hyundai R170LC-5 orta boy ekskavat\u00f6r i\u00e7in kova silindirinin g\u00fcvenli ve verimli \u00e7al\u0131\u015fmas\u0131 i\u00e7in do\u011fru montaj \u015fartt\u0131r. A\u015fa\u011f\u0131daki ad\u0131mlar do\u011fru montaj i\u00e7in bir k\u0131lavuz niteli\u011findedir:<\/p>\n<ol>\n<li>Silindiri montaj y\u00fczeyiyle hizalay\u0131n.<\/li>\n<li>Silindiri sabitlemek i\u00e7in uygun montaj braketlerini kullan\u0131n.<\/li>\n<li>Hidrolik hortumlar\u0131 silindire ba\u011flay\u0131n.<\/li>\n<li>Hortumlar\u0131n b\u00fck\u00fclmedi\u011finden veya k\u0131vr\u0131lmad\u0131\u011f\u0131ndan emin olun.<\/li>\n<li>\u00c7al\u0131\u015ft\u0131rmadan \u00f6nce hidrolik sistemi temizleyin.<\/li>\n<\/ol>\n<p>Silindirin \u00f6mr\u00fcn\u00fc ve performans\u0131n\u0131 art\u0131rmak i\u00e7in do\u011fru montaj, ya\u011flama ve ayarlaman\u0131n \u00f6nemi vurgulanmaktad\u0131r. En iyi sonu\u00e7lar\u0131 elde etmek i\u00e7in uygun montaj aletlerinin kullan\u0131lmas\u0131n\u0131 ve inceleme, onar\u0131m ve de\u011fi\u015ftirme i\u00e7in \u00f6nerilen prosed\u00fcrlerin izlenmesini tavsiye ederiz. <\/p>\n<p><img decoding=\"async\" src=\"https:\/\/www.hydraulic-cylinders.net\/wp-content\/uploads\/2025\/01\/songte-chushion-collar.webp\"><\/p>\n<h2>G\u00fcvenlik Hususlar\u0131 ve \u00c7evresel Fakt\u00f6rler<\/h2>\n<p>Hyundai R170LC-5 orta ekskavat\u00f6r i\u00e7in kova silindirini \u00e7al\u0131\u015ft\u0131r\u0131rken g\u00fcvenlik \u00f6nlemlerine uymak \u00e7ok \u00f6nemlidir. Kazalar\u0131 \u00f6nlemek i\u00e7in silindir, belirtilen parametreler dahilinde \u00e7al\u0131\u015ft\u0131r\u0131lmal\u0131d\u0131r. Silindir \u00e7al\u0131\u015ft\u0131r\u0131l\u0131rken s\u0131cakl\u0131k ve nem gibi \u00e7evresel fakt\u00f6rler de dikkate al\u0131nmal\u0131d\u0131r.<\/p>\n<h2>Sorun Giderme ve Yayg\u0131n Sorunlar<\/h2>\n<p>Hyundai R170LC-5 orta ekskavat\u00f6r i\u00e7in kova silindiri kullan\u0131l\u0131rken kar\u015f\u0131la\u015f\u0131labilecek yayg\u0131n sorunlar \u015funlard\u0131r:<\/p>\n<ul>\n<li>Ya\u011f ka\u00e7a\u011f\u0131<\/li>\n<li>Yava\u015f \u00e7al\u0131\u015fma<\/li>\n<li>D\u00fczensiz \u00e7al\u0131\u015fma<\/li>\n<li>G\u00fcr\u00fclt\u00fc<\/li>\n<\/ul>\n<p>Bu sorunlar\u0131 \u00e7\u00f6zmek i\u00e7in uygun ar\u0131za giderme \u00f6nlemleri al\u0131nmal\u0131d\u0131r. \u00d6rne\u011fin, ya\u011f ka\u00e7a\u011f\u0131 hasarl\u0131 contalardan veya gev\u015fek ba\u011flant\u0131lardan kaynaklanabilir. Yava\u015f \u00e7al\u0131\u015fma, d\u00fc\u015f\u00fck hidrolik ya\u011f bas\u0131nc\u0131ndan kaynaklanabilir. D\u00fczensiz \u00e7al\u0131\u015fma, ar\u0131zal\u0131 bir valf veya silindirden kaynaklanabilir. G\u00fcr\u00fclt\u00fc, hidrolik sistemde s\u0131k\u0131\u015fan havadan kaynaklanabilir. D\u00fczenli kontrol ve \u00f6nleyici bak\u0131m, bu sorunlar\u0131n olu\u015fmas\u0131n\u0131 \u00f6nlemeye yard\u0131mc\u0131 olabilir.<\/p>\n<p><img decoding=\"async\" src=\"https:\/\/www.hydraulic-cylinders.net\/wp-content\/uploads\/2025\/01\/songte-bushings-with-all-kinds-of-excavator-models.webp\"><\/p>\n<h2>\u015eirketimiz Hakk\u0131nda<\/h2>\n<p>Yedek hidrolik silindir \u00fcreticisiyiz ve eksiksiz bir \u00fcr\u00fcn yelpazesi sunuyoruz. Yurti\u00e7i ve yurtd\u0131\u015f\u0131 pazarlarda hidrolik silindirlerin \u00f6nde gelen \u00fcreticilerinden ve toptanc\u0131lar\u0131ndan biri haline geldik. M\u00fckemmel kalite stratejisini izliyor, ince i\u015f\u00e7ilik gerektiren at\u00f6lyelerin end\u00fcstriyel \u00fcretim y\u00f6netimine g\u00fcveniyoruz. At\u00f6lyenin \u00fcretim platformunu s\u00fcrekli geli\u015ftiriyor, \u00fcr\u00fcn \u00fcretim kalitesini art\u0131r\u0131yor ve g\u00fc\u00e7l\u00fc bir yarat\u0131c\u0131l\u0131k yetene\u011fine sahibiz. \u00c7e\u015fitli m\u00fc\u015fteri ihtiya\u00e7lar\u0131n\u0131 kar\u015f\u0131lamak i\u00e7in y\u00fcksek verimlilik, y\u00fcksek hassasiyet ve y\u00fcksek kaliteyi ilkelerimiz olarak kullan\u0131yoruz.<\/p>\n<p>Profesyonel, uluslararas\u0131 sertifikal\u0131, \u00f6zelle\u015ftirilmi\u015f hizmetler, geli\u015fmi\u015f \u00fcretim ekipmanlar\u0131 ve m\u00fckemmel sat\u0131\u015f sonras\u0131 hizmet sunmaya kendimizi adad\u0131k. \u015eirketimiz b\u00fcy\u00fcmeye ve geli\u015fmeye devam ediyor ve m\u00fc\u015fterilerimize kaliteli \u00fcr\u00fcn ve hizmetler sunabilece\u011fimizden eminiz.<\/p>\n<p><img decoding=\"async\" src=\"https:\/\/hzpt.com\/wp-content\/uploads\/2024\/11\/songte-company-1.webp\"><\/p>\n<p>Yazar: lyl<\/p>","protected":false},"excerpt":{"rendered":"<p>Bucket Cylinder For Hyundai Middle Excavator R170LC-5 Introduction The Bucket Cylinder for Hyundai Middle Excavator R170LC-5 is a specialized hydraulic cylinder primarily used to control the motion of excavator buckets in heavy machinery such as excavators, backhoe excavators, and front-end loaders. Its main function is to enable the bucket to lift, lower, and tilt, making [&hellip;]<\/p>","protected":false},"featured_media":14789,"comment_status":"open","ping_status":"closed","template":"","meta":{"_et_pb_use_builder":"","_et_pb_old_content":"","_et_gb_content_width":""},"product_brand":[],"product_cat":[1494],"product_tag":[1495,1496],"class_list":{"0":"post-15312","1":"product","2":"type-product","3":"status-publish","4":"has-post-thumbnail","6":"product_cat-bucket-cylinders","7":"product_tag-bucket-cylinders","8":"product_tag-hydraulic-cylinders","10":"first","11":"instock","12":"shipping-taxable","13":"product-type-simple"},"amp_enabled":true,"_links":{"self":[{"href":"https:\/\/www.hydraulic-cylinders.net\/tr\/wp-json\/wp\/v2\/product\/15312","targetHints":{"allow":["GET"]}}],"collection":[{"href":"https:\/\/www.hydraulic-cylinders.net\/tr\/wp-json\/wp\/v2\/product"}],"about":[{"href":"https:\/\/www.hydraulic-cylinders.net\/tr\/wp-json\/wp\/v2\/types\/product"}],"replies":[{"embeddable":true,"href":"https:\/\/www.hydraulic-cylinders.net\/tr\/wp-json\/wp\/v2\/comments?post=15312"}],"wp:featuredmedia":[{"embeddable":true,"href":"https:\/\/www.hydraulic-cylinders.net\/tr\/wp-json\/wp\/v2\/media\/14789"}],"wp:attachment":[{"href":"https:\/\/www.hydraulic-cylinders.net\/tr\/wp-json\/wp\/v2\/media?parent=15312"}],"wp:term":[{"taxonomy":"product_brand","embeddable":true,"href":"https:\/\/www.hydraulic-cylinders.net\/tr\/wp-json\/wp\/v2\/product_brand?post=15312"},{"taxonomy":"product_cat","embeddable":true,"href":"https:\/\/www.hydraulic-cylinders.net\/tr\/wp-json\/wp\/v2\/product_cat?post=15312"},{"taxonomy":"product_tag","embeddable":true,"href":"https:\/\/www.hydraulic-cylinders.net\/tr\/wp-json\/wp\/v2\/product_tag?post=15312"}],"curies":[{"name":"wp","href":"https:\/\/api.w.org\/{rel}","templated":true}]}}