{"id":15324,"date":"2025-01-19T14:23:14","date_gmt":"2025-01-19T14:23:14","guid":{"rendered":"https:\/\/www.hydraulic-cylinders.net\/product\/bucket-cylinder-for-hyundai-large-excavator-r350lc-7\/"},"modified":"2025-01-19T14:23:16","modified_gmt":"2025-01-19T14:23:16","slug":"bucket-cylinder-for-hyundai-large-excavator-r350lc-7","status":"publish","type":"product","link":"https:\/\/www.hydraulic-cylinders.net\/tr\/urun\/bucket-cylinder-for-hyundai-large-excavator-r350lc-7\/","title":{"rendered":"Hyundai B\u00fcy\u00fck Ekskavat\u00f6r R350LC-7 \u0130\u00e7in Kova Silindiri"},"content":{"rendered":"<h1>Hyundai B\u00fcy\u00fck Ekskavat\u00f6r R350LC-7 \u0130\u00e7in Kova Silindiri<\/h1>\n<h2>girii\u015f<\/h2>\n<h3>Kova Silindirinin Tan\u0131mlanmas\u0131<\/h3>\n<p>Kep\u00e7e silindiri, ekskavat\u00f6rler, kaz\u0131c\u0131 y\u00fckleyiciler ve \u00f6n y\u00fckleyiciler gibi a\u011f\u0131r makinelerde kep\u00e7enin hareketini kontrol etmek i\u00e7in \u00f6zel olarak tasarlanm\u0131\u015f bir hidrolik silindirdir. Ana i\u015flevi, kep\u00e7enin kald\u0131r\u0131lmas\u0131n\u0131, indirilmesini ve e\u011filmesini sa\u011flayarak \u00e7e\u015fitli malzeme ta\u015f\u0131ma g\u00f6revlerinin daha kolay ger\u00e7ekle\u015ftirilmesine olanak tan\u0131makt\u0131r. Hidrolik sistemde, kep\u00e7e silindiri hidrolik ya\u011f\u0131n bas\u0131n\u00e7 de\u011fi\u015fimini kullanarak kep\u00e7enin hassas kontrol\u00fcn\u00fc sa\u011flar ve operat\u00f6r\u00fcn a\u011f\u0131r y\u00fckleri verimli bir \u015fekilde ta\u015f\u0131mas\u0131na, karma\u015f\u0131k \u00e7al\u0131\u015fma ortamlar\u0131na ve \u00e7e\u015fitlendirilmi\u015f i\u015f ihtiya\u00e7lar\u0131na uyum sa\u011flamas\u0131na olanak tan\u0131r.<\/p>\n<p><img decoding=\"async\" src=\"https:\/\/www.hydraulic-cylinders.net\/wp-content\/uploads\/2025\/01\/songte-company-2.webp\" alt=\"Kova Silindiri G\u00f6r\u00fcnt\u00fcs\u00fc\"><\/p>\n<h3>\u00d6zellikler<\/h3>\n<ul>\n<li>Y\u00fcksek mukavemet ve dayan\u0131kl\u0131l\u0131k: Genellikle y\u00fcksek mukavemetli \u00e7elik veya al\u00fcminyumdan \u00fcretilen bu malzeme, y\u00fcksek bas\u0131nca ve a\u011f\u0131r y\u00fcklere dayanabilir, zorlu \u00e7al\u0131\u015fma ortamlar\u0131na uyum sa\u011flayabilir ve a\u015f\u0131nma direnci ile korozyon direnci g\u00f6z \u00f6n\u00fcnde bulundurularak kullan\u0131m \u00f6mr\u00fc uzat\u0131l\u0131r.<\/li>\n<li>Verimli hidrolik \u00e7al\u0131\u015fma: Hidrolik ya\u011f bas\u0131nc\u0131 kullan\u0131larak d\u00fczg\u00fcn uzatma ve daralma hareketleri sa\u011flan\u0131r; bu da a\u011f\u0131r y\u00fcklerin ve karma\u015f\u0131k i\u015f g\u00f6revlerinin \u00fcstesinden gelmek i\u00e7in uygun, g\u00fc\u00e7l\u00fc itme ve \u00e7ekme kuvvetleri sa\u011flar.<\/li>\n<li>\u00c7e\u015fitli tipler: Farkl\u0131 \u00e7al\u0131\u015fma gereksinimlerini kar\u015f\u0131lamak i\u00e7in ihtiyaca g\u00f6re tek etkili (sadece tek y\u00f6nde hidrolik) veya \u00e7ift etkili (her iki y\u00f6nde de hidrolik) silindirler se\u00e7ilebilir. Baz\u0131 modeller teleskopiktir ve d\u0131\u015f boyutlar\u0131 art\u0131rmadan daha fazla uzamaya olanak tan\u0131r, bu da s\u0131n\u0131rl\u0131 alana sahip uygulamalar i\u00e7in uygundur.<\/li>\n<li>Kolay de\u011fi\u015ftirilebilir: \u00dcr\u00fcn\u00fcm\u00fcz bu hidrolik silindirlerin yerine m\u00fckemmel \u015fekilde ge\u00e7ebilir.<\/li>\n<\/ul>\n<p><img decoding=\"async\" src=\"https:\/\/www.hydraulic-cylinders.net\/wp-content\/uploads\/2025\/01\/songte-cylinder-head-with-all-kinds-excavator-models.webp\" alt=\"Kova Silindiri De\u011fi\u015ftirme G\u00f6rseli\"><\/p>\n<h3>Uygulamalar<\/h3>\n<p>Kova silindiri, a\u015fa\u011f\u0131dakiler de dahil olmak \u00fczere \u00e7e\u015fitli alanlarda yayg\u0131n olarak kullan\u0131lmaktad\u0131r:<\/p>\n<h4>\u0130n\u015faat Ekipmanlar\u0131<\/h4>\n<ul>\n<li>Ekskavat\u00f6rler: Ekskavat\u00f6r kep\u00e7e silindirleri, kazma ve toprak i\u015fleme i\u015flemlerini m\u00fcmk\u00fcn k\u0131lar. <\/li>\n<li>Kaz\u0131c\u0131 Y\u00fckleyiciler: Kaz\u0131c\u0131 y\u00fckleyici kep\u00e7e silindirleri hem kazma hem de kald\u0131rma i\u015flemlerine katk\u0131da bulunur.<\/li>\n<\/ul>\n<h4>Tar\u0131m Makinalar\u0131<\/h4>\n<ul>\n<li>\u00d6n y\u00fckleyiciler: Toprak, saman ve di\u011fer malzemeleri kald\u0131rmak, ta\u015f\u0131mak ve ta\u015f\u0131mak i\u00e7in kullan\u0131l\u0131r.<\/li>\n<\/ul>\n<p>Bunlar, kova silindirlerinin bir\u00e7ok uygulamas\u0131ndan sadece birka\u00e7 \u00f6rnektir.<\/p>\n<h3>Tasar\u0131m Hususlar\u0131 ve Se\u00e7im Kriterleri<\/h3>\n<p>Kova silindirlerinin tasar\u0131m\u0131 ve se\u00e7imi yap\u0131l\u0131rken baz\u0131 \u00f6nemli fakt\u00f6rler g\u00f6z \u00f6n\u00fcnde bulundurulur:<\/p>\n<h4>Ta\u015f\u0131ma kapasitesi<\/h4>\n<p>Silindirin, deforme olmadan veya ar\u0131zalanmadan a\u011f\u0131r y\u00fcklere dayanabilmesi ve uzun vadeli g\u00fcvenli ve g\u00fcvenilir \u00e7al\u0131\u015fma sa\u011flamas\u0131 gerekmektedir.<\/p>\n<h4>S\u0131zd\u0131rmazl\u0131k<\/h4>\n<p>S\u0131zd\u0131rmazl\u0131k sistemi, hidrolik ya\u011f\u0131n i\u00e7 ve d\u0131\u015f s\u0131z\u0131nt\u0131s\u0131n\u0131 \u00f6nleyebilmeli veya en aza indirebilmeli ve verimli ve temiz bir \u00e7al\u0131\u015fma sa\u011flamal\u0131d\u0131r.<\/p>\n<h4>Dayan\u0131kl\u0131l\u0131k<\/h4>\n<p>Silindirin dayan\u0131kl\u0131, a\u015f\u0131nmaya, korozyona ve \u00e7evresel etkenler ile d\u0131\u015f kuvvetlerden kaynaklanan hasarlara kar\u015f\u0131 diren\u00e7li olmas\u0131 ve uzun bir kullan\u0131m \u00f6mr\u00fc sa\u011flamas\u0131 gerekmektedir.<\/p>\n<h4>Emniyet<\/h4>\n<p>Silindir, operat\u00f6rleri ve ekipman\u0131 kazalardan ve hasarlardan koruyarak g\u00fcvenli ve g\u00fcvenilir \u00e7al\u0131\u015fma sa\u011flayacak \u015fekilde tasarlanmal\u0131 ve \u00fcretilmelidir.<\/p>\n<h4>Bak\u0131m kolayl\u0131\u011f\u0131<\/h4>\n<p>Silindir, i\u00e7 bile\u015fenlere kolay eri\u015fim ve a\u015f\u0131nan par\u00e7alar\u0131n de\u011fi\u015ftirilmesine olanak tan\u0131yarak, ar\u0131za s\u00fcresini ve bak\u0131m maliyetlerini azaltacak \u015fekilde, bak\u0131m\u0131 kolay olacak \u015fekilde tasarlanmal\u0131d\u0131r.<\/p>\n<p><img decoding=\"async\" src=\"https:\/\/www.hydraulic-cylinders.net\/wp-content\/uploads\/2025\/01\/songte-oil-pipes-and-spare-parts.webp\" alt=\"Kova Silindir Tasar\u0131m G\u00f6rseli\"><\/p>\n<h3>S\u0131zd\u0131rmazl\u0131k ve Ya\u011flama<\/h3>\n<p>Kova silindiri, i\u00e7 ve d\u0131\u015f ya\u011f s\u0131z\u0131nt\u0131s\u0131n\u0131 \u00f6nlemek i\u00e7in poli\u00fcretan ve nitril kau\u00e7uk gibi a\u015f\u0131nmaya dayan\u0131kl\u0131 malzemelerden yap\u0131lm\u0131\u015f piston contalar\u0131 ve mil contalar\u0131 gibi \u00e7e\u015fitli s\u0131zd\u0131rmazl\u0131k elemanlar\u0131 kullan\u0131r. Silindir g\u00f6vdesi ve di\u015fli u\u00e7 y\u00fczeyi, a\u015f\u0131nma direncini art\u0131rmak i\u00e7in ince bir i\u015flemden ge\u00e7irilmi\u015ftir.<\/p>\n<p>Silindirin sorunsuz \u00e7al\u0131\u015fmas\u0131 i\u00e7in d\u00fczenli olarak ya\u011flanmas\u0131 gerekir. Uygun bir hidrolik ya\u011f kullan\u0131lmas\u0131 ve d\u00fczenli aral\u0131klarla uygun miktarlarda eklenmesi tavsiye edilir.<\/p>\n<h3>Bak\u0131m ve Onar\u0131m<\/h3>\n<p>Kep\u00e7e silindirinin uzun vadeli g\u00fcvenilir \u00e7al\u0131\u015fmas\u0131n\u0131 sa\u011flamak i\u00e7in d\u00fczenli kontrol ve \u00f6nleyici bak\u0131m \u015fartt\u0131r. A\u015fa\u011f\u0131daki bak\u0131m i\u015flemleri \u00f6nerilir:<\/p>\n<ul>\n<li>D\u00fczenli denetim<\/li>\n<li>Uygun ya\u011flama<\/li>\n<li>Conta de\u011fi\u015fimi<\/li>\n<li>Kalibrasyon kontrol\u00fc<\/li>\n<\/ul>\n<p>Silindirin do\u011fru \u015fekilde tak\u0131lmas\u0131 i\u00e7in uygun k\u0131lavuzluk sa\u011flanmas\u0131 \u00f6nemlidir; bu, silindirin do\u011fru \u015fekilde hizalanmas\u0131n\u0131 ve silindiri sabitlemek i\u00e7in uygun montaj braketlerinin kullan\u0131lmas\u0131n\u0131 i\u00e7erir. Kep\u00e7e silindirinin kullan\u0131m \u00f6mr\u00fcn\u00fc uzatmak i\u00e7in \u00f6nerilen inceleme, onar\u0131m ve de\u011fi\u015ftirme prosed\u00fcrleri, yedek par\u00e7alar ve yeniden yap\u0131land\u0131rma hizmetleri de dahil olmak \u00fczere sunulmaktad\u0131r.<\/p>\n<p><img decoding=\"async\" src=\"https:\/\/www.hydraulic-cylinders.net\/wp-content\/uploads\/2025\/01\/songte-chushion-collar.webp\" alt=\"Kova Silindiri Bak\u0131m G\u00f6rseli\"><\/p>\n<h3>G\u00fcvenlik Hususlar\u0131 ve \u00c7evresel Fakt\u00f6rler<\/h3>\n<p>Kep\u00e7e silindiri, a\u011f\u0131r makinelerin kritik bir bile\u015fenidir ve g\u00fcvenlik hususlar\u0131 son derece \u00f6nemlidir. G\u00fcvenli \u00e7al\u0131\u015fma sa\u011flamak ve kazalar\u0131 veya hasar\u0131 \u00f6nlemek i\u00e7in uygun \u00f6nlemler al\u0131nmal\u0131d\u0131r.<\/p>\n<p>S\u0131cakl\u0131k, nem ve kirlilik gibi \u00e7evresel fakt\u00f6rler, kova silindirinin \u00e7al\u0131\u015fmas\u0131n\u0131 ve \u00f6mr\u00fcn\u00fc etkileyebilir. Silindiri korumak ve d\u00fczg\u00fcn \u00e7al\u0131\u015fmas\u0131n\u0131 sa\u011flamak i\u00e7in uygun \u00f6nlemler al\u0131nmal\u0131d\u0131r.<\/p>\n<h3>Sorun Giderme ve Yayg\u0131n Sorunlar<\/h3>\n<p>Kep\u00e7e silindiriyle ilgili s\u0131k kar\u015f\u0131la\u015f\u0131lan sorunlar aras\u0131nda ya\u011f s\u0131z\u0131nt\u0131lar\u0131, yava\u015f \u00e7al\u0131\u015fma ve anormal sesler yer almaktad\u0131r. Sorunlar\u0131 te\u015fhis etmeye ve \u00e7\u00f6zmeye yard\u0131mc\u0131 olacak sorun giderme ipu\u00e7lar\u0131 ve \u00e7\u00f6z\u00fcmlerinin yan\u0131 s\u0131ra potansiyel sorunlar\u0131 en aza indirmek i\u00e7in \u00f6nleyici tedbirler de sunulmaktad\u0131r.<\/p>\n<p><img decoding=\"async\" src=\"https:\/\/www.hydraulic-cylinders.net\/wp-content\/uploads\/2025\/01\/songte-bushings-with-all-kinds-of-excavator-models.webp\" alt=\"Kova Silindiri Sorun Giderme G\u00f6r\u00fcnt\u00fcs\u00fc\"><\/p>\n<h2>\u015eirketimiz Hakk\u0131nda<\/h2>\n<p>Yedek hidrolik silindir \u00fcreticisiyiz ve geni\u015f \u00fcr\u00fcn yelpazemizle hem yurti\u00e7i hem de yurtd\u0131\u015f\u0131 pazarlarda \u00f6nde gelen hidrolik silindir \u00fcreticilerinden ve toptanc\u0131lar\u0131ndan biri haline geldik. Kalitede m\u00fckemmellik ilkesine ba\u011fl\u0131 kalarak, ince i\u015f\u00e7ilik gerektiren \u00fcretim at\u00f6lyelerinde end\u00fcstriyel \u00fcretim y\u00f6netim stratejilerine g\u00fcveniyoruz ve at\u00f6lyenin \u00fcretim platformunu s\u00fcrekli geli\u015ftirerek \u00fcr\u00fcn kalitesi \u00fcretim hatt\u0131n\u0131 m\u00fckemmelle\u015ftiriyoruz. \u015eirketimiz, m\u00fc\u015fterilerin \u00e7e\u015fitli ihtiya\u00e7lar\u0131n\u0131 kar\u015f\u0131lamak i\u00e7in g\u00fc\u00e7l\u00fc yarat\u0131c\u0131l\u0131k, y\u00fcksek verimlilik, y\u00fcksek hassasiyet ve y\u00fcksek kalite ilkelerine sahiptir.<\/p>\n<h3>Profesyonellik<\/h3>\n<p>Ekibimiz, sekt\u00f6rde geni\u015f deneyime sahip ve y\u00fcksek kaliteli \u00fcr\u00fcn ve hizmetler sunmaya kendini adam\u0131\u015f profesyonellerden olu\u015fmaktad\u0131r.<\/p>\n<h3>Uluslararas\u0131 Sertifikasyon<\/h3>\n<p>\u00dcr\u00fcnlerimizin y\u00fcksek kalite standartlar\u0131n\u0131 kar\u015f\u0131lad\u0131\u011f\u0131n\u0131 garanti eden ISO 9001, CE ve SGS gibi uluslararas\u0131 sertifikalara sahibiz.<\/p>\n<h3>\u00d6zelle\u015ftirme Hizmetleri<\/h3>\n<p>M\u00fc\u015fterilerimizin \u00f6zel ihtiya\u00e7 ve gereksinimlerini kar\u015f\u0131lamak \u00fczere \u00f6zelle\u015ftirme hizmetleri sunuyoruz ve farkl\u0131 uygulamalar i\u00e7in \u00f6zel \u00e7\u00f6z\u00fcmler sa\u011fl\u0131yoruz.<\/p>\n<h3>\u00dcretim Ekipmanlar\u0131<\/h3>\n<p>\u015eirketimiz, CNC i\u015fleme merkezleri, kaynak robotlar\u0131 ve di\u011fer \u00fcst d\u00fczey dijital \u00fcretim ekipmanlar\u0131 da dahil olmak \u00fczere geli\u015fmi\u015f \u00fcretim ekipman\u0131na ve teknolojisine sahiptir.<\/p>\n<h3>Sat\u0131\u015f Sonras\u0131 Hizmet<\/h3>\n<p>M\u00fc\u015fteri memnuniyetini ve uzun vadeli i\u015f birli\u011fini sa\u011flamak amac\u0131yla, teknik destek, onar\u0131m ve bak\u0131m hizmetleri de dahil olmak \u00fczere kapsaml\u0131 sat\u0131\u015f sonras\u0131 hizmetler sunuyoruz.<\/p>\n<p><img decoding=\"async\" src=\"https:\/\/www.hydraulic-cylinders.net\/wp-content\/uploads\/2025\/01\/songte-company-3.webp\" alt=\"Kova Silindiri \u015eirket G\u00f6rseli\"><\/p>\n<p>Yazar: lyl<\/p>","protected":false},"excerpt":{"rendered":"<p>Bucket Cylinder For Hyundai Large Excavator R350LC-7 Introduction Defining the Bucket Cylinder A bucket cylinder is a specially designed hydraulic cylinder that is primarily used to control the movement of the bucket in heavy machinery such as excavators, backhoe loaders, and front-end loaders. Its main function is to enable the bucket to lift, lower, and [&hellip;]<\/p>","protected":false},"featured_media":14765,"comment_status":"open","ping_status":"closed","template":"","meta":{"_et_pb_use_builder":"","_et_pb_old_content":"","_et_gb_content_width":""},"product_brand":[],"product_cat":[1494],"product_tag":[1495,1496],"class_list":{"0":"post-15324","1":"product","2":"type-product","3":"status-publish","4":"has-post-thumbnail","6":"product_cat-bucket-cylinders","7":"product_tag-bucket-cylinders","8":"product_tag-hydraulic-cylinders","10":"first","11":"instock","12":"shipping-taxable","13":"product-type-simple"},"amp_enabled":true,"_links":{"self":[{"href":"https:\/\/www.hydraulic-cylinders.net\/tr\/wp-json\/wp\/v2\/product\/15324","targetHints":{"allow":["GET"]}}],"collection":[{"href":"https:\/\/www.hydraulic-cylinders.net\/tr\/wp-json\/wp\/v2\/product"}],"about":[{"href":"https:\/\/www.hydraulic-cylinders.net\/tr\/wp-json\/wp\/v2\/types\/product"}],"replies":[{"embeddable":true,"href":"https:\/\/www.hydraulic-cylinders.net\/tr\/wp-json\/wp\/v2\/comments?post=15324"}],"wp:featuredmedia":[{"embeddable":true,"href":"https:\/\/www.hydraulic-cylinders.net\/tr\/wp-json\/wp\/v2\/media\/14765"}],"wp:attachment":[{"href":"https:\/\/www.hydraulic-cylinders.net\/tr\/wp-json\/wp\/v2\/media?parent=15324"}],"wp:term":[{"taxonomy":"product_brand","embeddable":true,"href":"https:\/\/www.hydraulic-cylinders.net\/tr\/wp-json\/wp\/v2\/product_brand?post=15324"},{"taxonomy":"product_cat","embeddable":true,"href":"https:\/\/www.hydraulic-cylinders.net\/tr\/wp-json\/wp\/v2\/product_cat?post=15324"},{"taxonomy":"product_tag","embeddable":true,"href":"https:\/\/www.hydraulic-cylinders.net\/tr\/wp-json\/wp\/v2\/product_tag?post=15324"}],"curies":[{"name":"wp","href":"https:\/\/api.w.org\/{rel}","templated":true}]}}