{"id":15326,"date":"2025-01-19T14:23:24","date_gmt":"2025-01-19T14:23:24","guid":{"rendered":"https:\/\/www.hydraulic-cylinders.net\/product\/bucket-cylinder-for-hyundai-large-excavator-r37lc-7\/"},"modified":"2025-01-19T14:23:26","modified_gmt":"2025-01-19T14:23:26","slug":"bucket-cylinder-for-hyundai-large-excavator-r37lc-7","status":"publish","type":"product","link":"https:\/\/www.hydraulic-cylinders.net\/tr\/urun\/bucket-cylinder-for-hyundai-large-excavator-r37lc-7\/","title":{"rendered":"Hyundai B\u00fcy\u00fck Ekskavat\u00f6r R37LC-7 \u0130\u00e7in Kova Silindiri"},"content":{"rendered":"<h1>Hyundai B\u00fcy\u00fck Ekskavat\u00f6r R37LC-7 \u0130\u00e7in Kova Silindiri<\/h1>\n<h2>girii\u015f<\/h2>\n<p>Hyundai R37LC-7 B\u00fcy\u00fck Ekskavat\u00f6r i\u00e7in Kep\u00e7e Silindiri, ekskavat\u00f6rler, kaz\u0131c\u0131 ekskavat\u00f6rler ve \u00f6n y\u00fckleyiciler gibi a\u011f\u0131r makinelerde kep\u00e7elerin hareketini kontrol etmek i\u00e7in \u00f6zel olarak tasarlanm\u0131\u015f bir hidrolik silindirdir. Birincil i\u015flevi, kep\u00e7enin kald\u0131r\u0131lmas\u0131n\u0131, indirilmesini ve e\u011filmesini sa\u011flayarak \u00e7e\u015fitli malzeme ta\u015f\u0131ma g\u00f6revlerinin kolayca ger\u00e7ekle\u015ftirilmesini sa\u011flamakt\u0131r. Hidrolik sistemde, kep\u00e7e silindiri, kep\u00e7enin hassas kontrol\u00fcn\u00fc sa\u011flamak i\u00e7in hidrolik ya\u011f\u0131n bas\u0131n\u00e7 de\u011fi\u015fimini kullan\u0131r; bu da operat\u00f6rlerin a\u011f\u0131r y\u00fckleri verimli bir \u015fekilde ta\u015f\u0131mas\u0131n\u0131, karma\u015f\u0131k \u00e7al\u0131\u015fma ortamlar\u0131na ve \u00e7e\u015fitli operasyonel gereksinimlere uyum sa\u011flamas\u0131n\u0131 m\u00fcmk\u00fcn k\u0131lar.<\/p>\n<p><img decoding=\"async\" src=\"https:\/\/www.hydraulic-cylinders.net\/wp-content\/uploads\/2025\/01\/songte-company-2.webp\" \/><\/p>\n<h2>\u00d6zellikler<\/h2>\n<ul>\n<li>\n<h3>Y\u00fcksek G\u00fc\u00e7 ve Dayan\u0131kl\u0131l\u0131k<\/h3>\n<p>Kep\u00e7e silindiri genellikle y\u00fcksek mukavemetli \u00e7elik veya al\u00fcminyumdan yap\u0131l\u0131r, y\u00fcksek bas\u0131nca ve a\u011f\u0131r y\u00fcklere dayanabilir, zorlu \u00e7al\u0131\u015fma ortamlar\u0131na uyum sa\u011flayabilir ve a\u015f\u0131nma direnci ile korozyon direnci g\u00f6z \u00f6n\u00fcnde bulundurularak tasarlanarak kullan\u0131m \u00f6mr\u00fc uzat\u0131l\u0131r.<\/p>\n<\/li>\n<li>\n<h3>Verimli Hidrolik \u00c7al\u0131\u015fma<\/h3>\n<p>Hidrolik ya\u011f\u0131n bas\u0131nc\u0131n\u0131 kullanarak d\u00fczg\u00fcn uzatma ve geri \u00e7ekme hareketleri ger\u00e7ekle\u015ftiren kova silindiri, kontrol komutlar\u0131na h\u0131zl\u0131 bir \u015fekilde yan\u0131t verebilir, g\u00fc\u00e7l\u00fc itme ve \u00e7ekme kuvvetleri sa\u011flayabilir ve a\u011f\u0131r nesnelerin ve karma\u015f\u0131k operasyonel g\u00f6revlerin ta\u015f\u0131nmas\u0131 i\u00e7in uygundur.<\/p>\n<\/li>\n<li>\n<h3>\u00c7oklu Tipler<\/h3>\n<p>Kova silindiri, farkl\u0131 operasyonel ihtiya\u00e7lar\u0131 kar\u015f\u0131lamak \u00fczere gereksinimlere g\u00f6re tek etkili (hidrolik tek y\u00f6nde kullan\u0131l\u0131r) veya \u00e7ift etkili (hidrolik iki y\u00f6nde kullan\u0131l\u0131r) silindir olarak se\u00e7ilebilir ve baz\u0131 modeller teleskopiktir, bu da d\u0131\u015f boyutlar\u0131 art\u0131rmadan daha fazla uzatmaya olanak tan\u0131r ve s\u0131n\u0131rl\u0131 alan uygulamalar\u0131 i\u00e7in uygundur.<\/p>\n<\/li>\n<li>\n<h3>M\u00fckemmel De\u011fi\u015ftirme<\/h3>\n<p>Biz bu \u00fcr\u00fcn\u00fc \u00fcretebiliyoruz ve \u00fcr\u00fcnlerimiz bu hidrolik silindirlerin yerini m\u00fckemmel \u015fekilde alabiliyor.<\/p>\n<\/li>\n<li>\n<h3>Ba\u015fvuru<\/h3>\n<p>Kova silindiri, a\u015fa\u011f\u0131dakiler gibi \u00e7e\u015fitli a\u011f\u0131r makinelerde yayg\u0131n olarak kullan\u0131lmaktad\u0131r:<\/p>\n<ul>\n<li><strong>\u0130n\u015faat Ekipmanlar\u0131:<\/strong> Ekskavat\u00f6rlerde, toprak veya moloz kazma, y\u00fckleme ve ta\u015f\u0131ma i\u015flemlerinde hayati \u00f6neme sahiptirler. Kaz\u0131c\u0131 ekskavat\u00f6rlerde ise kova silindiri hem kazmaya hem de kald\u0131rmaya yard\u0131mc\u0131 olur. <\/li>\n<li><strong>Tar\u0131m Makinalar\u0131:<\/strong> \u00d6n y\u00fckleyicilerde, toprak, saman ve di\u011fer malzemelerin kep\u00e7eyle al\u0131nmas\u0131, kald\u0131r\u0131lmas\u0131 ve ta\u015f\u0131nmas\u0131 i\u00e7in kullan\u0131l\u0131r. <\/li>\n<li><strong>Ekskavat\u00f6rler:<\/strong> Kova silindiri, kovan\u0131n topra\u011fa n\u00fcfuz etmesini sa\u011flayarak kazma i\u015flemini m\u00fcmk\u00fcn k\u0131lar.<\/li>\n<li><strong>Y\u00fckleyiciler:<\/strong> \u00d6n y\u00fckleyicilerde, mallar\u0131n verimli bir \u015fekilde kald\u0131r\u0131lmas\u0131na ve bo\u015falt\u0131lmas\u0131na yard\u0131mc\u0131 olurlar.<\/li>\n<\/ul>\n<\/li>\n<\/ul>\n<h2>Tasar\u0131m Hususlar\u0131 ve Se\u00e7im Kriterleri<\/h2>\n<ul>\n<li>\n<h3>Y\u00fck Kapasitesi<\/h3>\n<p>The bucket cylinder&#8217;s load capacity is crucial to ensure that it can handle the intended workload without failure or reduced service life. <\/p>\n<\/li>\n<li>\n<h3>S\u0131zd\u0131rmazl\u0131k<\/h3>\n<p>S\u0131zd\u0131rmazl\u0131k, s\u0131v\u0131n\u0131n s\u0131zmas\u0131n\u0131 ve \u00e7evreyi kirletmesini \u00f6nledi\u011fi i\u00e7in \u00e7ok \u00f6nemli bir tasar\u0131m unsurudur. Uzun hizmet \u00f6mr\u00fc sa\u011flamak i\u00e7in s\u0131zd\u0131rmazl\u0131k malzemelerinin se\u00e7iminde a\u015f\u0131nma direnci ve korozyona dayan\u0131kl\u0131l\u0131k \u00f6zellikleri dikkate al\u0131nmal\u0131d\u0131r.<\/p>\n<\/li>\n<li>\n<h3>Dayan\u0131kl\u0131l\u0131k<\/h3>\n<p>The bucket cylinder&#8217;s durability is essential to ensure that it can withstand the harsh working environment and heavy loads without failure or reduced service life.<\/p>\n<\/li>\n<li>\n<h3>Emniyet<\/h3>\n<p>Kep\u00e7e silindirinin tasar\u0131m\u0131nda, kazalar\u0131 \u00f6nlemek ve operat\u00f6r g\u00fcvenli\u011fini sa\u011flamak i\u00e7in g\u00fcvenlik fakt\u00f6rleri dikkate al\u0131nmal\u0131d\u0131r.<\/p>\n<\/li>\n<li>\n<h3>Bak\u0131m<\/h3>\n<p>The bucket cylinder&#8217;s maintenance should be easy and straightforward to perform, allowing for quick repairs, replacements and ensuring that the cylinder is always in optimal condition.<\/p>\n<\/li>\n<\/ul>\n<p><img decoding=\"async\" src=\"https:\/\/www.hydraulic-cylinders.net\/wp-content\/uploads\/2025\/01\/songte-oil-pipes-and-spare-parts.webp\" \/><\/p>\n<h2>S\u0131zd\u0131rmazl\u0131k ve Ya\u011flama<\/h2>\n<p>Kep\u00e7e silindiri, ya\u011f s\u0131z\u0131nt\u0131s\u0131n\u0131 \u00f6nlemek i\u00e7in poli\u00fcretan ve nitril kau\u00e7uk gibi a\u015f\u0131nmaya dayan\u0131kl\u0131 malzemelerden yap\u0131lm\u0131\u015f piston contalar\u0131 ve mil contalar\u0131 gibi \u00e7e\u015fitli s\u0131zd\u0131rmazl\u0131k bile\u015fenleri kullan\u0131r. Silindir g\u00f6vdesi ve di\u015fli y\u00fczeyi, a\u015f\u0131nma direncini art\u0131rmak i\u00e7in ince i\u015fleme tabi tutulur. Kep\u00e7e silindirinin sorunsuz \u00e7al\u0131\u015fmas\u0131 ve uzun \u00f6m\u00fcrl\u00fc olmas\u0131 i\u00e7in d\u00fczenli olarak hidrolik ya\u011f ile ya\u011flanmas\u0131 gerekir.<\/p>\n<h2>Muayene ve Bak\u0131m<\/h2>\n<p>Regular inspection, lubrication, and seal replacement are essential maintenance tasks for the bucket cylinder. Proper installation, lubrication, and adjustment are crucial to ensure optimal operation of the cylinder. Ensuring proper alignment and using appropriate installation brackets to secure the cylinder is essential. Recommended inspection, repair, and replacement procedures can help extend the bucket cylinder&#8217;s service life.<\/p>\n<p><img decoding=\"async\" src=\"https:\/\/www.hydraulic-cylinders.net\/wp-content\/uploads\/2025\/01\/songte-chushion-collar.webp\" \/><\/p>\n<h2>G\u00fcvenlik Hususlar\u0131 ve \u00c7evresel Fakt\u00f6rler<\/h2>\n<p>The bucket cylinder&#8217;s safe operation is crucial to avoid accidents and ensure operator safety. It is essential to follow safety procedures when installing, operating, and maintaining the cylinder. Environmental factors such as contamination and pollution should be considered when designing and selecting the bucket cylinder.<\/p>\n<h2>Ar\u0131za Te\u015fhisi ve S\u0131k Kar\u015f\u0131la\u015f\u0131lan Sorunlar<\/h2>\n<p>Kep\u00e7e silindirlerinde s\u0131k g\u00f6r\u00fclen sorunlar aras\u0131nda ya\u011f ka\u00e7a\u011f\u0131, performans d\u00fc\u015f\u00fc\u015f\u00fc ve artan a\u015f\u0131nma yer al\u0131r. G\u00f6rsel inceleme, bas\u0131n\u00e7 testi ve boyut \u00f6l\u00e7\u00fcm\u00fc gibi ar\u0131za te\u015fhis teknikleri, sorunun nedenini belirlemeye yard\u0131mc\u0131 olabilir. Yayg\u0131n \u00f6nleyici tedbirler aras\u0131nda d\u00fczenli inceleme, ya\u011flama ve conta de\u011fi\u015fimi bulunur.<\/p>\n<p><img decoding=\"async\" src=\"https:\/\/www.hydraulic-cylinders.net\/wp-content\/uploads\/2025\/01\/songte-bushings-with-all-kinds-of-excavator-models.webp\" \/><\/p>\n<h2>\u015eirketimiz Hakk\u0131nda<\/h2>\n<p>Yurti\u00e7i ve yurtd\u0131\u015f\u0131 pazarlarda hidrolik silindirlerin \u00f6nde gelen \u00fcreticisi ve toptan da\u011f\u0131t\u0131c\u0131s\u0131y\u0131z. Geli\u015fmi\u015f \u00fcretim at\u00f6lyelerimiz ve end\u00fcstriyel \u00fcretim y\u00f6netim stratejilerimiz sayesinde eksiksiz bir \u00fcr\u00fcn yelpazesi sunuyor ve m\u00fckemmel kaliteye ba\u011fl\u0131 kal\u0131yoruz. \u00dcr\u00fcnlerimiz, ileri teknoloji, birinci s\u0131n\u0131f \u00fcretim ekipmanlar\u0131 ve profesyonel test sistemleri kullan\u0131larak \u00fcretilmektedir. M\u00fc\u015fterilerimizin \u00e7e\u015fitli ihtiya\u00e7lar\u0131n\u0131 kar\u015f\u0131layan verimli, hassas ve y\u00fcksek kaliteli \u00fcr\u00fcnler sunmay\u0131 taahh\u00fct ediyoruz.<\/p>\n<ul>\n<li>\n<h3>Profesyonellik<\/h3>\n<p>\u015eirketimiz, m\u00fc\u015fterilerine m\u00fcmk\u00fcn olan en iyi \u00fcr\u00fcn ve hizmetleri sunmaya kendini adam\u0131\u015f, son derece profesyonel bir ekibe sahiptir.<\/p>\n<\/li>\n<li>\n<h3>Uluslararas\u0131 Sertifikasyon<\/h3>\n<p>\u015eirketimiz, \u00fcr\u00fcnlerimizin k\u00fcresel kalite standartlar\u0131n\u0131 kar\u015f\u0131lad\u0131\u011f\u0131n\u0131 garanti eden CE, ISO ve SGS gibi \u00e7e\u015fitli uluslararas\u0131 sertifikalar alm\u0131\u015ft\u0131r.<\/p>\n<\/li>\n<li>\n<h3>\u00d6zelle\u015ftirme Hizmetleri<\/h3>\n<p>Our company offers customization services to meet customers&#8217; specific requirements and needs.<\/p>\n<\/li>\n<li>\n<h3>\u00dcretim Ekipmanlar\u0131<\/h3>\n<p>\u015eirketimiz, \u00fcr\u00fcn kalitesini ve verimlili\u011fini art\u0131rmak i\u00e7in geli\u015fmi\u015f \u00fcretim ekipmanlar\u0131 kullanmaktad\u0131r.<\/p>\n<\/li>\n<li>\n<h3>Sat\u0131\u015f Sonras\u0131 Hizmet<\/h3>\n<p>\u015eirketimiz, m\u00fc\u015fterilerimizin \u00fcr\u00fcn ve hizmetlerimizden memnun kalmas\u0131n\u0131 sa\u011flamak i\u00e7in m\u00fckemmel sat\u0131\u015f sonras\u0131 hizmet sunmaktad\u0131r.<\/p>\n<\/li>\n<\/ul>\n<p><img decoding=\"async\" src=\"https:\/\/hzpt.com\/wp-content\/uploads\/2024\/11\/songte-company-1.webp\" \/><\/p>\n<p>Yazar: lyl.<\/p>","protected":false},"excerpt":{"rendered":"<p>Bucket Cylinder For Hyundai Large Excavator R37LC-7 Introduction The Bucket Cylinder for Hyundai Large Excavator R37LC-7 is a specially designed hydraulic cylinder used to control the movement of buckets in heavy machinery such as excavators, backhoe excavators, and front-end loaders. Its primary function is to enable the bucket to lift, lower and tilt, making it [&hellip;]<\/p>","protected":false},"featured_media":14761,"comment_status":"open","ping_status":"closed","template":"","meta":{"_et_pb_use_builder":"","_et_pb_old_content":"","_et_gb_content_width":""},"product_brand":[],"product_cat":[1494],"product_tag":[1495,1496],"class_list":{"0":"post-15326","1":"product","2":"type-product","3":"status-publish","4":"has-post-thumbnail","6":"product_cat-bucket-cylinders","7":"product_tag-bucket-cylinders","8":"product_tag-hydraulic-cylinders","10":"first","11":"instock","12":"shipping-taxable","13":"product-type-simple"},"amp_enabled":true,"_links":{"self":[{"href":"https:\/\/www.hydraulic-cylinders.net\/tr\/wp-json\/wp\/v2\/product\/15326","targetHints":{"allow":["GET"]}}],"collection":[{"href":"https:\/\/www.hydraulic-cylinders.net\/tr\/wp-json\/wp\/v2\/product"}],"about":[{"href":"https:\/\/www.hydraulic-cylinders.net\/tr\/wp-json\/wp\/v2\/types\/product"}],"replies":[{"embeddable":true,"href":"https:\/\/www.hydraulic-cylinders.net\/tr\/wp-json\/wp\/v2\/comments?post=15326"}],"wp:featuredmedia":[{"embeddable":true,"href":"https:\/\/www.hydraulic-cylinders.net\/tr\/wp-json\/wp\/v2\/media\/14761"}],"wp:attachment":[{"href":"https:\/\/www.hydraulic-cylinders.net\/tr\/wp-json\/wp\/v2\/media?parent=15326"}],"wp:term":[{"taxonomy":"product_brand","embeddable":true,"href":"https:\/\/www.hydraulic-cylinders.net\/tr\/wp-json\/wp\/v2\/product_brand?post=15326"},{"taxonomy":"product_cat","embeddable":true,"href":"https:\/\/www.hydraulic-cylinders.net\/tr\/wp-json\/wp\/v2\/product_cat?post=15326"},{"taxonomy":"product_tag","embeddable":true,"href":"https:\/\/www.hydraulic-cylinders.net\/tr\/wp-json\/wp\/v2\/product_tag?post=15326"}],"curies":[{"name":"wp","href":"https:\/\/api.w.org\/{rel}","templated":true}]}}