{"id":15334,"date":"2025-01-19T14:23:56","date_gmt":"2025-01-19T14:23:56","guid":{"rendered":"https:\/\/www.hydraulic-cylinders.net\/product\/bucket-cylinder-for-hyundai-wheel-excavator-r160w-5\/"},"modified":"2025-01-19T14:23:58","modified_gmt":"2025-01-19T14:23:58","slug":"bucket-cylinder-for-hyundai-wheel-excavator-r160w-5","status":"publish","type":"product","link":"https:\/\/www.hydraulic-cylinders.net\/tr\/urun\/bucket-cylinder-for-hyundai-wheel-excavator-r160w-5\/","title":{"rendered":"Hyundai Tekerlekli Ekskavat\u00f6r R160W-5 i\u00e7in Kova Silindiri"},"content":{"rendered":"<h1>Hyundai Tekerlekli Ekskavat\u00f6r R160W-5 i\u00e7in Kova Silindiri<\/h1>\n<h2>girii\u015f<\/h2>\n<p>Hyundai R160W-5 tekerlekli ekskavat\u00f6r i\u00e7in kep\u00e7e silindiri, ekskavat\u00f6rler, kaz\u0131c\u0131 ekskavat\u00f6rler ve \u00f6n y\u00fckleyiciler gibi a\u011f\u0131r makinelerde kep\u00e7enin hareketini kontrol etmek i\u00e7in \u00f6zel olarak tasarlanm\u0131\u015f bir hidrolik silindirdir. Birincil i\u015flevi, kep\u00e7enin kald\u0131r\u0131lmas\u0131n\u0131, indirilmesini ve e\u011filmesini sa\u011flayarak \u00e7e\u015fitli malzeme ta\u015f\u0131ma g\u00f6revlerini kolayla\u015ft\u0131rmakt\u0131r. Hidrolik sistemde, kep\u00e7e silindiri hidrolik ya\u011f bas\u0131nc\u0131ndaki de\u011fi\u015fiklikler yoluyla kep\u00e7enin hassas kontrol\u00fcn\u00fc sa\u011flar ve operat\u00f6rlerin a\u011f\u0131r y\u00fckleri verimli bir \u015fekilde ta\u015f\u0131mas\u0131na, karma\u015f\u0131k \u00e7al\u0131\u015fma ortamlar\u0131na ve \u00e7e\u015fitli i\u015f gereksinimlerine uyum sa\u011flamas\u0131na olanak tan\u0131r.<\/p>\n<p><img decoding=\"async\" src=\"https:\/\/www.hydraulic-cylinders.net\/wp-content\/uploads\/2025\/01\/songte-company-2.webp\" alt=\"Kova Silindiri\" \/><\/p>\n<h2>\u00d6zellikler<\/h2>\n<ul>\n<li>Y\u00fcksek mukavemet ve dayan\u0131kl\u0131l\u0131k: Genellikle y\u00fcksek mukavemetli \u00e7elik veya al\u00fcminyumdan \u00fcretilen bu \u00fcr\u00fcn, y\u00fcksek bas\u0131nca ve a\u011f\u0131r y\u00fcklere dayanabilir ve zorlu \u00e7al\u0131\u015fma ortamlar\u0131na uyum sa\u011flar. Tasar\u0131m\u0131nda a\u015f\u0131nma ve korozyon direnci g\u00f6z \u00f6n\u00fcnde bulundurularak kullan\u0131m \u00f6mr\u00fc uzat\u0131lm\u0131\u015ft\u0131r.<\/li>\n<li>Verimli hidrolik \u00e7al\u0131\u015fma: Hidrolik ya\u011f bas\u0131nc\u0131 kullan\u0131larak d\u00fczg\u00fcn teleskopik hareket sa\u011flan\u0131r, bu da kontrol komutlar\u0131na h\u0131zl\u0131 yan\u0131t verilmesini, g\u00fc\u00e7l\u00fc itme-\u00e7ekme kuvveti sa\u011flanmas\u0131n\u0131 ve a\u011f\u0131r y\u00fcklerin ve karma\u015f\u0131k i\u015f g\u00f6revlerinin \u00fcstesinden gelmek i\u00e7in uygun olmas\u0131n\u0131 m\u00fcmk\u00fcn k\u0131lar.<\/li>\n<li>\u00c7e\u015fitli tipler: Tek etkili (hidrolik sadece tek y\u00f6nde kullan\u0131l\u0131r) veya \u00e7ift etkili (hidrolik iki y\u00f6nde kullan\u0131l\u0131r) silindirler, farkl\u0131 \u00e7al\u0131\u015fma ihtiya\u00e7lar\u0131n\u0131 kar\u015f\u0131lamak \u00fczere gereksinimlere g\u00f6re se\u00e7ilebilir. Baz\u0131 modeller teleskopiktir ve d\u0131\u015f boyutlar\u0131 art\u0131rmadan daha fazla uzatmaya olanak tan\u0131r, bu da s\u0131n\u0131rl\u0131 alana sahip uygulamalar i\u00e7in uygundur.<\/li>\n<li>\u00dcretim Kapasitesi: \u015eirketimiz bu \u00fcr\u00fcn\u00fc \u00fcretebilir ve \u00fcr\u00fcn\u00fcm\u00fcz bu hidrolik silindirlerin yerini m\u00fckemmel bir \u015fekilde alabilir.<\/li>\n<\/ul>\n<p><img decoding=\"async\" src=\"https:\/\/www.hydraulic-cylinders.net\/wp-content\/uploads\/2025\/01\/songte-cylinder-head-with-all-kinds-excavator-models.webp\" alt=\"Kova Silindiri\" \/><\/p>\n<h2>Uygulamalar<\/h2>\n<p>Hyundai tekerlekli ekskavat\u00f6r i\u00e7in R160W-5 kova silindiri a\u015fa\u011f\u0131daki uygulamalarda yayg\u0131n olarak kullan\u0131lmaktad\u0131r:<\/p>\n<ul>\n<li>\u0130n\u015faat Ekipmanlar\u0131: Ekskavat\u00f6rlerde, toprak veya moloz kazma, y\u00fckleme ve ta\u015f\u0131ma i\u015flemlerinde hayati \u00f6neme sahiptirler. Kaz\u0131c\u0131 ekskavat\u00f6rlerde, kova silindiri hem kazmaya hem de kald\u0131rmaya yard\u0131mc\u0131 olur. \u00d6n y\u00fckleyicilerde ise, malzemelerin verimli bir \u015fekilde kald\u0131r\u0131lmas\u0131na ve bo\u015falt\u0131lmas\u0131na yard\u0131mc\u0131 olurlar.<\/li>\n<li>Tar\u0131m Makineleri: \u00d6n y\u00fckleyicilerde toprak, saman ve di\u011fer malzemeleri kep\u00e7eyle almak, kald\u0131rmak ve ta\u015f\u0131mak i\u00e7in kullan\u0131l\u0131r. Ekskavat\u00f6rlerde ise kep\u00e7e silindiri, kep\u00e7enin topra\u011fa n\u00fcfuz etmesini sa\u011flayarak kazma i\u015flemini ger\u00e7ekle\u015ftirir. <\/li>\n<\/ul>\n<h2>Tasar\u0131m Hususlar\u0131 ve Se\u00e7im Standartlar\u0131<\/h2>\n<p>Hyundai R160W-5 tekerlekli ekskavat\u00f6r i\u00e7in kep\u00e7e silindiri tasarlan\u0131rken a\u015fa\u011f\u0131daki temel fakt\u00f6rler dikkate al\u0131n\u0131r:<\/p>\n<ul>\n<li>Ta\u015f\u0131ma Kapasitesi: Silindir, \u00e7al\u0131\u015fma s\u0131ras\u0131nda maruz kalaca\u011f\u0131 y\u00fckleri ta\u015f\u0131yabilecek kapasitede olmal\u0131d\u0131r.<\/li>\n<li>S\u0131zd\u0131rmazl\u0131k: Hidrolik ya\u011f s\u0131z\u0131nt\u0131s\u0131n\u0131 \u00f6nlemek i\u00e7in silindirin iyi bir s\u0131zd\u0131rmazl\u0131\u011fa sahip olmas\u0131 gerekir.<\/li>\n<li>Dayan\u0131kl\u0131l\u0131k: Silindir, zorlu \u00e7al\u0131\u015fma ortam\u0131na ve bununla birlikte gelen a\u015f\u0131nma ve y\u0131pranmaya dayanabilmelidir.<\/li>\n<li>G\u00fcvenlik: Silindir, \u00e7al\u0131\u015fma s\u0131ras\u0131nda kazalar\u0131 \u00f6nlemek i\u00e7in g\u00fcvenlik g\u00f6z \u00f6n\u00fcnde bulundurularak tasarlanmal\u0131d\u0131r.<\/li>\n<li>Bak\u0131m Kolayl\u0131\u011f\u0131: Silindir, bak\u0131m maliyetlerini d\u00fc\u015f\u00fcrecek ve ar\u0131za s\u00fcrelerini en aza indirecek \u015fekilde, kolayca onar\u0131labilecek veya bak\u0131m\u0131 yap\u0131labilecek bi\u00e7imde tasarlanmal\u0131d\u0131r.<\/li>\n<\/ul>\n<p><img decoding=\"async\" src=\"https:\/\/www.hydraulic-cylinders.net\/wp-content\/uploads\/2025\/01\/songte-oil-pipes-and-spare-parts.webp\" alt=\"Kova Silindiri\" \/><\/p>\n<h2>S\u0131zd\u0131rmazl\u0131k ve Ya\u011flama<\/h2>\n<p>Hyundai tekerlekli ekskavat\u00f6r R160W-5 i\u00e7in kova silindiri, poli\u00fcretan ve nitril kau\u00e7uk gibi a\u015f\u0131nmaya dayan\u0131kl\u0131 malzemelerden yap\u0131lm\u0131\u015f piston contalar\u0131 ve mil contalar\u0131 gibi \u00e7e\u015fitli s\u0131zd\u0131rmazl\u0131k elemanlar\u0131yla donat\u0131lm\u0131\u015ft\u0131r. Silindir g\u00f6vdesi ve di\u015fli u\u00e7 y\u00fczeyi, a\u015f\u0131nma direncini art\u0131rmak i\u00e7in ince bir \u015fekilde i\u015flenmi\u015ftir. D\u00fczenli olarak uygun miktarda hidrolik ya\u011f eklenmesi gerekmektedir.<\/p>\n<h2>Bak\u0131m ve Onar\u0131m<\/h2>\n<p>Kova silindirinin uzun \u00f6m\u00fcrl\u00fc olmas\u0131n\u0131 sa\u011flamak i\u00e7in d\u00fczenli inceleme ve \u00f6nleyici bak\u0131m \u00f6nlemleri \u015fartt\u0131r. Yayg\u0131n bak\u0131m g\u00f6revleri \u015funlard\u0131r:<\/p>\n<ul>\n<li>D\u00fczenli denetim<\/li>\n<li>Uygun ya\u011flama<\/li>\n<li>Conta de\u011fi\u015fimi<\/li>\n<li>Kalibrasyon kontrol\u00fc<\/li>\n<\/ul>\n<p><img decoding=\"async\" src=\"https:\/\/www.hydraulic-cylinders.net\/wp-content\/uploads\/2025\/01\/songte-chushion-collar.webp\" alt=\"Kova Silindiri\" \/><\/p>\n<h2>G\u00fcvenlik ve \u00c7evresel Hususlar<\/h2>\n<p>Hyundai R160W-5 tekerlekli ekskavat\u00f6r i\u00e7in kova silindiri kullan\u0131l\u0131rken uygun g\u00fcvenlik \u00f6nlemleri al\u0131nmal\u0131d\u0131r. Kaza riskini en aza indirmek i\u00e7in do\u011fru kurulum, \u00e7al\u0131\u015ft\u0131rma ve bak\u0131m prosed\u00fcrlerine uyulmas\u0131 \u015fartt\u0131r. Ya\u011f s\u0131z\u0131nt\u0131lar\u0131 ve d\u00f6k\u00fclmeleri gibi \u00e7evresel fakt\u00f6rler de dikkate al\u0131nmal\u0131 ve derhal ele al\u0131nmal\u0131d\u0131r.<\/p>\n<h2>Sorun Giderme ve Yayg\u0131n Sorunlar<\/h2>\n<p>Hyundai R160W-5 tekerlekli ekskavat\u00f6r kep\u00e7e silindirinde s\u0131k kar\u015f\u0131la\u015f\u0131lan sorunlar aras\u0131nda ya\u011f ka\u00e7a\u011f\u0131, hasarl\u0131 contalar ve b\u00fck\u00fclm\u00fc\u015f silindir \u00e7ubuklar\u0131 yer almaktad\u0131r. Operat\u00f6rlerin sorunlar\u0131 te\u015fhis etmelerine ve \u00e7\u00f6zmelerine yard\u0131mc\u0131 olacak sorun giderme teknikleri ve \u00e7\u00f6z\u00fcmleri mevcuttur; potansiyel sorunlar\u0131 en aza indirmek i\u00e7in \u00f6nleyici tedbirler \u00f6nerilmektedir.<\/p>\n<p><img decoding=\"async\" src=\"https:\/\/www.hydraulic-cylinders.net\/wp-content\/uploads\/2025\/01\/songte-bushings-with-all-kinds-of-excavator-models.webp\" alt=\"Kova Silindiri\" \/><\/p>\n<h2>\u015eirketimiz Hakk\u0131nda<\/h2>\n<p>Geni\u015f \u00fcr\u00fcn yelpazesiyle yedek hidrolik silindir \u00fcreticisiyiz ve hem yurt i\u00e7i hem de uluslararas\u0131 pazarlarda hidrolik silindirlerin \u00f6nde gelen \u00fcreticilerinden ve toptanc\u0131lar\u0131ndan biriyiz. M\u00fckemmel kalite ilkesini benimseyerek, ince i\u015f\u00e7ilik gerektiren at\u00f6lyelerin end\u00fcstriyel \u00fcretim y\u00f6netim stratejisine dayanarak, at\u00f6lyenin \u00fcretim platformunu s\u00fcrekli geli\u015ftiriyor, \u00fcr\u00fcn kalitesinin \u00fcretim yolunu m\u00fckemmelle\u015ftiriyor ve g\u00fc\u00e7l\u00fc yarat\u0131c\u0131 yeteneklere sahibiz. Y\u00fcksek verimlilik, y\u00fcksek hassasiyet ve y\u00fcksek kalite ilkeleriyle m\u00fc\u015fterilerimizin \u00e7e\u015fitli ihtiya\u00e7lar\u0131n\u0131 kar\u015f\u0131l\u0131yoruz.<\/p>\n<p><img decoding=\"async\" src=\"https:\/\/hzpt.com\/wp-content\/uploads\/2024\/11\/songte-company-1.webp\" alt=\"Kova Silindiri\" \/><\/p>\n<h3>Uzmanl\u0131k Alanlar\u0131m\u0131z:<\/h3>\n<ul>\n<li>Profesyonellik<\/li>\n<li>Uluslararas\u0131 Sertifikasyon<\/li>\n<li>\u00d6zelle\u015ftirilmi\u015f Hizmetler<\/li>\n<li>\u00dcretim Ekipmanlar\u0131<\/li>\n<li>Sat\u0131\u015f Sonras\u0131 Hizmet<\/li>\n<\/ul>\n<p>Bu makalenin Hyundai R160W-5 tekerlekli ekskavat\u00f6r i\u00e7in kep\u00e7e silindiri hakk\u0131nda faydal\u0131 bilgiler sa\u011flad\u0131\u011f\u0131n\u0131 umuyoruz. \u00dcr\u00fcnlerimiz ve hizmetlerimiz hakk\u0131nda daha fazla bilgi i\u00e7in l\u00fctfen web sitemizi ziyaret edin veya do\u011frudan bizimle ileti\u015fime ge\u00e7in.<\/p>\n<p>Yazar: lyl<\/p>","protected":false},"excerpt":{"rendered":"<p>Bucket Cylinder For Hyundai Wheel Excavator R160W-5 Introduction The bucket cylinder for Hyundai wheel excavator R160W-5 is a specialized hydraulic cylinder designed mainly for controlling the movement of the bucket in heavy machinery such as excavators, backhoe excavators, and front-end loaders. Its primary function is to allow the bucket to lift, lower, and tilt, making [&hellip;]<\/p>","protected":false},"featured_media":14778,"comment_status":"open","ping_status":"closed","template":"","meta":{"_et_pb_use_builder":"","_et_pb_old_content":"","_et_gb_content_width":""},"product_brand":[],"product_cat":[1494],"product_tag":[1495,1496],"class_list":{"0":"post-15334","1":"product","2":"type-product","3":"status-publish","4":"has-post-thumbnail","6":"product_cat-bucket-cylinders","7":"product_tag-bucket-cylinders","8":"product_tag-hydraulic-cylinders","10":"first","11":"instock","12":"shipping-taxable","13":"product-type-simple"},"amp_enabled":true,"_links":{"self":[{"href":"https:\/\/www.hydraulic-cylinders.net\/tr\/wp-json\/wp\/v2\/product\/15334","targetHints":{"allow":["GET"]}}],"collection":[{"href":"https:\/\/www.hydraulic-cylinders.net\/tr\/wp-json\/wp\/v2\/product"}],"about":[{"href":"https:\/\/www.hydraulic-cylinders.net\/tr\/wp-json\/wp\/v2\/types\/product"}],"replies":[{"embeddable":true,"href":"https:\/\/www.hydraulic-cylinders.net\/tr\/wp-json\/wp\/v2\/comments?post=15334"}],"wp:featuredmedia":[{"embeddable":true,"href":"https:\/\/www.hydraulic-cylinders.net\/tr\/wp-json\/wp\/v2\/media\/14778"}],"wp:attachment":[{"href":"https:\/\/www.hydraulic-cylinders.net\/tr\/wp-json\/wp\/v2\/media?parent=15334"}],"wp:term":[{"taxonomy":"product_brand","embeddable":true,"href":"https:\/\/www.hydraulic-cylinders.net\/tr\/wp-json\/wp\/v2\/product_brand?post=15334"},{"taxonomy":"product_cat","embeddable":true,"href":"https:\/\/www.hydraulic-cylinders.net\/tr\/wp-json\/wp\/v2\/product_cat?post=15334"},{"taxonomy":"product_tag","embeddable":true,"href":"https:\/\/www.hydraulic-cylinders.net\/tr\/wp-json\/wp\/v2\/product_tag?post=15334"}],"curies":[{"name":"wp","href":"https:\/\/api.w.org\/{rel}","templated":true}]}}