{"id":15338,"date":"2025-01-19T14:24:17","date_gmt":"2025-01-19T14:24:17","guid":{"rendered":"https:\/\/www.hydraulic-cylinders.net\/product\/bucket-cylinder-for-kobelco-small-excavator-sk70sr-2\/"},"modified":"2025-01-19T14:24:19","modified_gmt":"2025-01-19T14:24:19","slug":"bucket-cylinder-for-kobelco-small-excavator-sk70sr-2","status":"publish","type":"product","link":"https:\/\/www.hydraulic-cylinders.net\/tr\/urun\/bucket-cylinder-for-kobelco-small-excavator-sk70sr-2\/","title":{"rendered":"Kobelco SK70SR-2 K\u00fc\u00e7\u00fck Ekskavat\u00f6r \u0130\u00e7in Kep\u00e7e Silindiri"},"content":{"rendered":"<p><!DOCTYPE html><br \/>\n<html><br \/>\n<head><br \/>\n<title>Kobelco SK70SR-2 K\u00fc\u00e7\u00fck Ekskavat\u00f6r \u0130\u00e7in Kep\u00e7e Silindiri<\/title><br \/>\n<\/head><br \/>\n<body><\/p>\n<h1>Kobelco SK70SR-2 K\u00fc\u00e7\u00fck Ekskavat\u00f6r \u0130\u00e7in Kep\u00e7e Silindiri<\/h1>\n<h2>girii\u015f<\/h2>\n<p>Kobelco SK70SR-2 k\u00fc\u00e7\u00fck ekskavat\u00f6r i\u00e7in kep\u00e7e silindiri, ekskavat\u00f6rler, kaz\u0131c\u0131 y\u00fckleyiciler ve \u00f6n y\u00fckleyiciler gibi a\u011f\u0131r makinelerde kep\u00e7enin hareketini kontrol etmek i\u00e7in \u00f6zel olarak tasarlanm\u0131\u015f bir hidrolik silindirdir. Ana i\u015flevi, kep\u00e7enin kald\u0131r\u0131lmas\u0131n\u0131, indirilmesini ve e\u011filmesini sa\u011flayarak \u00e7e\u015fitli malzeme ta\u015f\u0131ma g\u00f6revleri i\u00e7in kolayl\u0131k sa\u011flamakt\u0131r. Hidrolik sistemde, kep\u00e7e silindiri hidrolik ya\u011f\u0131n bas\u0131n\u00e7 de\u011fi\u015fimini kullanarak kep\u00e7enin hassas kontrol\u00fcn\u00fc sa\u011flar ve operat\u00f6rlerin a\u011f\u0131r y\u00fckleri verimli bir \u015fekilde ta\u015f\u0131mas\u0131na, karma\u015f\u0131k \u00e7al\u0131\u015fma ortamlar\u0131na ve \u00e7e\u015fitli i\u015f gereksinimlerine uyum sa\u011flamas\u0131na olanak tan\u0131r.<\/p>\n<p><img decoding=\"async\" src=\"https:\/\/www.hydraulic-cylinders.net\/wp-content\/uploads\/2025\/01\/songte-company-2.webp\" alt=\"Kova Silindiri G\u00f6r\u00fcnt\u00fcs\u00fc\"><\/p>\n<h2>\u00d6zellikler<\/h2>\n<ul>\n<li>Y\u00fcksek Mukavemet ve Dayan\u0131kl\u0131l\u0131k: Genellikle y\u00fcksek mukavemetli \u00e7elik veya al\u00fcminyumdan \u00fcretilir, y\u00fcksek bas\u0131nca ve a\u011f\u0131r y\u00fcklere dayanabilir, zorlu \u00e7al\u0131\u015fma ortamlar\u0131na uyum sa\u011flar, a\u015f\u0131nma ve korozyon direnci dikkate al\u0131narak tasarlanm\u0131\u015ft\u0131r ve kullan\u0131m \u00f6mr\u00fcn\u00fc uzat\u0131r.<\/li>\n<li>Verimli Hidrolik \u00c7al\u0131\u015fma: Hidrolik ya\u011f bas\u0131nc\u0131n\u0131 kullanarak d\u00fczg\u00fcn uzatma ve geri \u00e7ekme hareketleri ger\u00e7ekle\u015ftirir, kontrol komutlar\u0131na h\u0131zl\u0131 yan\u0131t verebilir, g\u00fc\u00e7l\u00fc itme ve \u00e7ekme kuvvetleri sa\u011flar, a\u011f\u0131r y\u00fcklerin ve karma\u015f\u0131k i\u015f g\u00f6revlerinin \u00fcstesinden gelmek i\u00e7in uygundur.<\/li>\n<li>\u00c7e\u015fitli Tipler: \u0130htiyaca g\u00f6re tek etkili (hidrolik sadece tek y\u00f6nde kullan\u0131l\u0131r) veya \u00e7ift etkili (hidrolik her iki y\u00f6nde kullan\u0131l\u0131r) silindirler aras\u0131ndan se\u00e7im yap\u0131labilir; baz\u0131 modeller teleskopiktir, bu da d\u0131\u015f boyutlar\u0131 art\u0131rmadan daha fazla uzatmaya olanak tan\u0131r ve s\u0131n\u0131rl\u0131 alana sahip uygulamalar i\u00e7in uygundur.<\/li>\n<li>M\u00fckemmel De\u011fi\u015ftirme: \u00dcr\u00fcn\u00fcm\u00fcz bu hidrolik silindirlerin yerini m\u00fckemmel \u015fekilde alabilir.<\/li>\n<\/ul>\n<p><img decoding=\"async\" src=\"https:\/\/www.hydraulic-cylinders.net\/wp-content\/uploads\/2025\/01\/songte-cylinder-head-with-all-kinds-excavator-models.webp\" alt=\"Yedek G\u00f6r\u00fcnt\u00fc\"><\/p>\n<h2>Uygulamalar<\/h2>\n<h3>\u0130n\u015faat Ekipmanlar\u0131:<\/h3>\n<p>Ekskavat\u00f6rlerde kazma, y\u00fckleme ve toprak veya moloz ta\u015f\u0131mada \u00f6nemlidirler. Beko-Loderlerde ise kova silindiri hem kazma hem de kald\u0131rma i\u015flemlerinde yard\u0131mc\u0131 olur.<\/p>\n<h3>Tar\u0131m Makinalar\u0131:<\/h3>\n<p>\u00d6n y\u00fckleyicilerde toprak, saman ve di\u011fer malzemelerin kep\u00e7elenmesi, kald\u0131r\u0131lmas\u0131 ve ta\u015f\u0131nmas\u0131 i\u00e7in kullan\u0131l\u0131r.<\/p>\n<h3>Ekskavat\u00f6rler:<\/h3>\n<p>Kova silindiri, kovan\u0131n topra\u011fa n\u00fcfuz etmesini sa\u011flayarak kazma i\u015flemini m\u00fcmk\u00fcn k\u0131lar.<\/p>\n<h3>Y\u00fckleyiciler:<\/h3>\n<p>\u00d6n y\u00fckleyicilerde, mallar\u0131n etkili bir \u015fekilde kald\u0131r\u0131lmas\u0131na ve devrilmesine yard\u0131mc\u0131 olurlar.<\/p>\n<p><img decoding=\"async\" src=\"https:\/\/www.hydraulic-cylinders.net\/wp-content\/uploads\/2025\/01\/songte-oil-pipes-and-spare-parts.webp\" alt=\"Uygulamalar G\u00f6r\u00fcnt\u00fcs\u00fc\"><\/p>\n<h2>Tasar\u0131m Hususlar\u0131 ve Se\u00e7im Kriterleri<\/h2>\n<ul>\n<li>Ta\u015f\u0131ma Kapasitesi: Silindirin y\u00fck ve bas\u0131nca dayanma kabiliyetini a\u00e7\u0131klay\u0131n.<\/li>\n<li>S\u0131zd\u0131rmazl\u0131k: Piston contalar\u0131 ve mil contalar\u0131 gibi \u00e7e\u015fitli s\u0131zd\u0131rmazl\u0131k bile\u015fenlerinden ve poli\u00fcretan ve nitril kau\u00e7uk gibi a\u015f\u0131nmaya dayan\u0131kl\u0131 malzemelerin kullan\u0131m\u0131ndan bahsedin.<\/li>\n<li>Dayan\u0131kl\u0131l\u0131k: A\u015f\u0131nma direncini art\u0131rmak i\u00e7in silindir g\u00f6vdesinin ve di\u015fli u\u00e7lar\u0131n\u0131n ince y\u00fczey i\u015fleminden bahsedin.<\/li>\n<li>G\u00fcvenlik: Silindirin g\u00fcvenli \u00e7al\u0131\u015fmas\u0131n\u0131 sa\u011flamak i\u00e7in tasar\u0131mda g\u00fcvenlik hususlar\u0131n\u0131 ele al\u0131n.<\/li>\n<li>Bak\u0131m Kolayl\u0131\u011f\u0131: Silindirin \u00f6mr\u00fcn\u00fc uzatmak i\u00e7in d\u00fczenli inceleme ve \u00f6nleyici bak\u0131m\u0131n \u00f6nemini vurgulay\u0131n.<\/li>\n<\/ul>\n<p><img decoding=\"async\" src=\"https:\/\/www.hydraulic-cylinders.net\/wp-content\/uploads\/2025\/01\/songte-chushion-collar.webp\" alt=\"Tasar\u0131m Hususlar\u0131 G\u00f6rseli\"><\/p>\n<h2>S\u0131zd\u0131rmazl\u0131k ve Ya\u011flama<\/h2>\n<p>Kova silindiri, piston contalar\u0131 ve mil contalar\u0131 gibi \u00e7e\u015fitli s\u0131zd\u0131rmazl\u0131k bile\u015fenleri kullan\u0131r. Bu contalar, poli\u00fcretan ve nitril kau\u00e7uk gibi a\u015f\u0131nmaya dayan\u0131kl\u0131 malzemelerden \u00fcretilmi\u015ftir. Silindir g\u00f6vdesi ve di\u015fli u\u00e7lar\u0131, a\u015f\u0131nma direncini art\u0131rmak i\u00e7in ince bir y\u00fczey i\u015flemine tabi tutulur. Sorunsuz \u00e7al\u0131\u015fma sa\u011flamak ve a\u015f\u0131nmay\u0131 \u00f6nlemek i\u00e7in uygun hidrolik ya\u011f ile d\u00fczenli ya\u011flama gereklidir.<\/p>\n<p><img decoding=\"async\" src=\"https:\/\/www.hydraulic-cylinders.net\/wp-content\/uploads\/2025\/01\/songte-bushings-with-all-kinds-of-excavator-models.webp\" alt=\"S\u0131zd\u0131rmazl\u0131k ve Ya\u011flama G\u00f6rseli\"><\/p>\n<h2>Muayene ve \u00d6nleyici Bak\u0131m<\/h2>\n<ul>\n<li>D\u00fczenli Kontrol: Silindirin hasar veya a\u015f\u0131nma belirtileri a\u00e7\u0131s\u0131ndan d\u00fczenli olarak kontrol edilmesinin \u00f6nemini vurgulay\u0131n.<\/li>\n<li>Uygun Ya\u011flama: Sorunsuz \u00e7al\u0131\u015fma sa\u011flamak ve erken ar\u0131zay\u0131 \u00f6nlemek i\u00e7in uygun ya\u011flaman\u0131n \u00f6nemini vurgulay\u0131n.<\/li>\n<li>Conta De\u011fi\u015fimi: Optimum performans\u0131 korumak i\u00e7in contalar\u0131n zaman\u0131nda de\u011fi\u015ftirilmesinin \u00f6nemini tart\u0131\u015f\u0131n.<\/li>\n<li>Kalibrasyon Kontrol\u00fc: Do\u011fru \u00e7al\u0131\u015fmay\u0131 sa\u011flamak i\u00e7in periyodik kalibrasyon kontrollerinin \u00f6nemini vurgulay\u0131n.<\/li>\n<\/ul>\n<p><img decoding=\"async\" src=\"https:\/\/hzpt.com\/wp-content\/uploads\/2024\/11\/songte-company-1.webp\" alt=\"Bak\u0131m G\u00f6r\u00fcnt\u00fcs\u00fc\"><\/p>\n<h2>G\u00fcvenlik Hususlar\u0131 ve \u00c7evresel Fakt\u00f6rler<\/h2>\n<p>Kova silindiri kullan\u0131l\u0131rken, kazalar\u0131 \u00f6nlemek ve operat\u00f6rlerin ve \u00e7evredeki ki\u015filerin g\u00fcvenli\u011fini sa\u011flamak i\u00e7in g\u00fcvenlik \u00f6nlemlerine uyulmas\u0131 \u015fartt\u0131r. Potansiyel tehlikelerden ka\u00e7\u0131nmak i\u00e7in g\u00fcvenlik \u00f6nlemleri al\u0131nmal\u0131d\u0131r. Ayr\u0131ca, s\u0131z\u0131nt\u0131 \u00f6nleme ve hidrolik s\u0131v\u0131lar\u0131n uygun \u015fekilde bertaraf edilmesi gibi \u00e7evresel fakt\u00f6rler, \u00e7evre \u00fczerindeki olumsuz etkileri en aza indirmek i\u00e7in dikkate al\u0131nmal\u0131d\u0131r.<\/p>\n<h2>Ar\u0131za Te\u015fhisi ve Sorun Giderme<\/h2>\n<p>Kep\u00e7e silindirinde s\u0131k kar\u015f\u0131la\u015f\u0131lan ar\u0131zalar ve sorunlar aras\u0131nda s\u0131z\u0131nt\u0131, yetersiz g\u00fc\u00e7 ve anormal hareketler yer almaktad\u0131r. Bu sorunlar\u0131n te\u015fhis ve \u00e7\u00f6z\u00fcm\u00fc i\u00e7in ipu\u00e7lar\u0131 ve \u00e7\u00f6z\u00fcmlerin yan\u0131 s\u0131ra potansiyel sorunlar\u0131 en aza indirmek i\u00e7in \u00f6nleyici tedbirler sunun.<\/p>\n<p><img decoding=\"async\" src=\"https:\/\/www.hydraulic-cylinders.net\/wp-content\/uploads\/2025\/01\/songte-company-3.webp\" alt=\"Sorun Giderme G\u00f6r\u00fcnt\u00fcs\u00fc\"><\/p>\n<h2>\u015eirket Tan\u0131t\u0131m\u0131<\/h2>\n<p>Yedek hidrolik silindir \u00fcreticisiyiz ve hem yurt i\u00e7i hem de uluslararas\u0131 pazarlarda \u00f6nde gelen \u00fcretici ve toptanc\u0131lardan biriyiz. Kalitede m\u00fckemmelli\u011fi hedefliyor ve ince i\u015f\u00e7ilik at\u00f6lyelerinin end\u00fcstriyel \u00fcretim y\u00f6netim stratejisine g\u00fcveniyoruz. Teknik yeteneklerin, dijital y\u00fcksek teknoloji \u00fcretim ekipmanlar\u0131n\u0131n ve profesyonel test sistemlerinin uygulanmas\u0131yla, \u015firketimiz s\u00fcrekli olarak \u00fcretim platformunu geli\u015ftiriyor, \u00fcr\u00fcn kalitesinin \u00fcretim yolunu m\u00fckemmelle\u015ftiriyor ve g\u00fc\u00e7l\u00fc yarat\u0131c\u0131 yeteneklere sahip. Y\u00fcksek verimlilik, hassasiyet ve kalite ile m\u00fc\u015fterilerin \u00e7e\u015fitli ihtiya\u00e7lar\u0131n\u0131 kar\u015f\u0131lamaya \u00e7al\u0131\u015f\u0131yoruz.<\/p>\n<p><img decoding=\"async\" src=\"https:\/\/www.hydraulic-cylinders.net\/wp-content\/uploads\/2025\/01\/songte-company-3.webp\" alt=\"\u015eirket \u0130maj\u0131\"><\/p>\n<p>Profesyonellikten, uluslararas\u0131 sertifikalara, \u00f6zelle\u015ftirilmi\u015f hizmetlere, \u00fcretim ekipmanlar\u0131na ve sat\u0131\u015f sonras\u0131 hizmetlere kadar, \u015firketin \u00e7e\u015fitli alanlardaki tan\u0131t\u0131m\u0131n\u0131 geni\u015fletiyoruz.<\/p>\n<p><em>Yazar: lyl<\/em><\/p>\n<p><\/body><br \/>\n<\/html><\/p>","protected":false},"excerpt":{"rendered":"<p>Bucket Cylinder For Kobelco Small Excavator SK70SR-2 Bucket Cylinder For Kobelco Small Excavator SK70SR-2 Introduction The bucket cylinder for Kobelco small excavator SK70SR-2 is a specially designed hydraulic cylinder used for controlling the movement of the bucket in heavy machinery such as excavators, backhoe loaders, and front-end loaders. Its main function is to enable the [&hellip;]<\/p>","protected":false},"featured_media":14769,"comment_status":"open","ping_status":"closed","template":"","meta":{"_et_pb_use_builder":"","_et_pb_old_content":"","_et_gb_content_width":""},"product_brand":[],"product_cat":[1494],"product_tag":[1495,1496],"class_list":{"0":"post-15338","1":"product","2":"type-product","3":"status-publish","4":"has-post-thumbnail","6":"product_cat-bucket-cylinders","7":"product_tag-bucket-cylinders","8":"product_tag-hydraulic-cylinders","10":"first","11":"instock","12":"shipping-taxable","13":"product-type-simple"},"amp_enabled":true,"_links":{"self":[{"href":"https:\/\/www.hydraulic-cylinders.net\/tr\/wp-json\/wp\/v2\/product\/15338","targetHints":{"allow":["GET"]}}],"collection":[{"href":"https:\/\/www.hydraulic-cylinders.net\/tr\/wp-json\/wp\/v2\/product"}],"about":[{"href":"https:\/\/www.hydraulic-cylinders.net\/tr\/wp-json\/wp\/v2\/types\/product"}],"replies":[{"embeddable":true,"href":"https:\/\/www.hydraulic-cylinders.net\/tr\/wp-json\/wp\/v2\/comments?post=15338"}],"wp:featuredmedia":[{"embeddable":true,"href":"https:\/\/www.hydraulic-cylinders.net\/tr\/wp-json\/wp\/v2\/media\/14769"}],"wp:attachment":[{"href":"https:\/\/www.hydraulic-cylinders.net\/tr\/wp-json\/wp\/v2\/media?parent=15338"}],"wp:term":[{"taxonomy":"product_brand","embeddable":true,"href":"https:\/\/www.hydraulic-cylinders.net\/tr\/wp-json\/wp\/v2\/product_brand?post=15338"},{"taxonomy":"product_cat","embeddable":true,"href":"https:\/\/www.hydraulic-cylinders.net\/tr\/wp-json\/wp\/v2\/product_cat?post=15338"},{"taxonomy":"product_tag","embeddable":true,"href":"https:\/\/www.hydraulic-cylinders.net\/tr\/wp-json\/wp\/v2\/product_tag?post=15338"}],"curies":[{"name":"wp","href":"https:\/\/api.w.org\/{rel}","templated":true}]}}