{"id":1534,"date":"2023-09-28T03:59:02","date_gmt":"2023-09-28T03:59:02","guid":{"rendered":"https:\/\/hydraulic-cylinders.net\/?post_type=product&#038;p=1534"},"modified":"2025-04-14T01:11:44","modified_gmt":"2025-04-14T01:11:44","slug":"aerial-work-platform-telescopic-cylinder","status":"publish","type":"product","link":"https:\/\/www.hydraulic-cylinders.net\/tr\/urun\/aerial-work-platform-telescopic-cylinder\/","title":{"rendered":"Havadan \u00c7al\u0131\u015fma Platformu Teleskopik Silindir"},"content":{"rendered":"<h1 style=\"text-align: center;\"><strong>Havadan \u00c7al\u0131\u015fma Platformu Teleskopik Silindir<\/strong><\/h1>\n<p><img loading=\"lazy\" decoding=\"async\" class=\"wp-image-1535 aligncenter\" src=\"https:\/\/hydraulic-cylinders.net\/wp-content\/uploads\/2023\/09\/telescopic-cylinder-1-300x300.webp\" alt=\"\" width=\"400\" height=\"400\" \/>Y\u00fcksekte \u00e7al\u0131\u015fma platformlar\u0131n\u0131n teleskopik silindiri, y\u00fcksekte \u00e7al\u0131\u015fma ortamlar\u0131nda daha uzun eri\u015fim ve geli\u015fmi\u015f \u00e7ok y\u00f6nl\u00fcl\u00fck sa\u011flamak \u00fczere tasarlanm\u0131\u015f, y\u00fcksekte \u00e7al\u0131\u015fma platformlar\u0131nda g\u00fc\u00e7l\u00fc ve temel bir bile\u015fendir. Bu yenilik\u00e7i hidrolik silindir, platformun teleskopik hareketini sa\u011flayarak operat\u00f6rlerin y\u00fcksek alanlara kolay ve hassas bir \u015fekilde eri\u015fmesine olanak tan\u0131r.<\/p>\n<p>Y\u00fcksekte \u00e7al\u0131\u015fma platformlar\u0131 alan\u0131nda \u00e7\u0131\u011f\u0131r a\u00e7an teleskopik silindir, daha uzun eri\u015fim ve geli\u015fmi\u015f \u00e7ok y\u00f6nl\u00fcl\u00fck sunmaktad\u0131r. Geni\u015fletilmi\u015f eri\u015fim kapasitesi, sorunsuz teleskopik hareket, y\u00fcksek y\u00fck kapasitesi ve kompakt tasar\u0131m gibi ola\u011fan\u00fcst\u00fc \u00f6zellikleriyle bu silindir, operat\u00f6rlerin y\u00fcksekte yap\u0131lan i\u015fleri verimli ve g\u00fcvenli bir \u015fekilde halletmelerini sa\u011flar. \u00d6nerilen kullan\u0131m y\u00f6ntemleri ve bak\u0131m uygulamalar\u0131na uyarak, operat\u00f6rler y\u00fcksekte \u00e7al\u0131\u015fma platformunun teleskopik silindirinin \u00f6mr\u00fcn\u00fc ve performans\u0131n\u0131 en \u00fcst d\u00fczeye \u00e7\u0131karabilir, bu da y\u00fcksekte \u00e7al\u0131\u015fma uygulamalar\u0131nda verimlili\u011fi art\u0131r\u0131r, ar\u0131za s\u00fcrelerini azalt\u0131r ve g\u00fcvenli\u011fi art\u0131r\u0131r. Y\u00fcksekte \u00e7al\u0131\u015fma platformunuzun yeteneklerini y\u00fckseltmek ve y\u00fcksekte \u00e7al\u0131\u015fmalar\u0131n\u0131z\u0131 yeni ba\u015far\u0131 seviyelerine ta\u015f\u0131mak i\u00e7in bu son teknoloji hidrolik bile\u015fene yat\u0131r\u0131m yap\u0131n.<\/p>\n<p>Havadan \u00c7al\u0131\u015fma Platformu Teleskopik Silindirinin Ba\u015fl\u0131ca \u00d6zellikleri:<\/p>\n<ol>\n<li>Geni\u015fletilmi\u015f Eri\u015fim Yetene\u011fi:<\/li>\n<\/ol>\n<ul>\n<li>Y\u00fcksekte \u00e7al\u0131\u015fma platformunun teleskopik silindiri, etkileyici bir uzatma aral\u0131\u011f\u0131na sahip olup, operat\u00f6rlerin daha y\u00fcksek noktalara ve mesafelere zahmetsizce ula\u015fmas\u0131n\u0131 sa\u011flar.<\/li>\n<li>Esneklik ve uyarlanabilirlik sa\u011flayarak \u00e7al\u0131\u015fanlar\u0131n zorlu alanlara eri\u015fmesine ve g\u00f6revleri verimli bir \u015fekilde tamamlamas\u0131na olanak tan\u0131r.<\/li>\n<\/ul>\n<ol start=\"2\">\n<li>P\u00fcr\u00fczs\u00fcz Teleskopik Hareket:<\/li>\n<\/ol>\n<ul>\n<li>Bu silindir, d\u00fczg\u00fcn ve kontroll\u00fc teleskopik hareket sa\u011flayarak, hava \u00e7al\u0131\u015fma platformunun hassas bir \u015fekilde konumland\u0131r\u0131lmas\u0131na olanak tan\u0131r.<\/li>\n<li>\u0130stikrarl\u0131 ve dengeli uzatma ve geri \u00e7ekme hareketleri sunarak, \u00e7e\u015fitli y\u00fcksekliklerde g\u00fcvenli bir \u00e7al\u0131\u015fma ortam\u0131 sa\u011flar.<\/li>\n<\/ul>\n<ol start=\"3\">\n<li>Y\u00fcksek Y\u00fck Kapasitesi:<\/li>\n<\/ol>\n<ul>\n<li>Havadan \u00e7al\u0131\u015fma platformunun teleskopik silindiri, a\u011f\u0131r y\u00fckleri ta\u015f\u0131mak \u00fczere tasarlanm\u0131\u015ft\u0131r ve \u00f6nemli miktarda y\u00fck\u00fc destekleyebilecek sa\u011flam bir yap\u0131ya sahiptir.<\/li>\n<li>Bu \u00f6zellik, operat\u00f6rlerin platform \u00fczerinde birden fazla i\u015f\u00e7i, alet ve ekipman ta\u015f\u0131mas\u0131na olanak tan\u0131r ve bu s\u0131rada denge veya g\u00fcvenlikten \u00f6d\u00fcn verilmez.<\/li>\n<\/ul>\n<ol start=\"4\">\n<li>Kompakt Tasar\u0131m:<\/li>\n<\/ol>\n<ul>\n<li>Kompakt tasar\u0131m\u0131yla bu silindir, \u00e7al\u0131\u015fma platformundaki alan\u0131 en iyi \u015fekilde kullanarak toplam a\u011f\u0131rl\u0131k ve kaplad\u0131\u011f\u0131 alan \u00fczerinde minimum etki sa\u011flar.<\/li>\n<li>Silindirin kompakt yap\u0131s\u0131, m\u00fckemmel manevra kabiliyeti ve kolay ta\u015f\u0131ma olana\u011f\u0131 sa\u011flar.<\/li>\n<\/ul>\n<h2><strong>Havadan \u00c7al\u0131\u015fma Platformu Teleskopik Silindir Parametreleri:<\/strong><\/h2>\n<table border=\"1\" cellspacing=\"0\" cellpadding=\"0\">\n<tbody>\n<tr>\n<td>\u00dcr\u00fcn Ad\u0131<\/td>\n<td>Havadan \u00c7al\u0131\u015fma Platformu Teleskopik Silindir<\/td>\n<\/tr>\n<tr>\n<td>\u00d6zellikler:<\/td>\n<td>Bomun do\u011frusal teleskopik hareketini ger\u00e7ekle\u015ftirin.<\/td>\n<\/tr>\n<tr>\n<td>Delik \u00e7ap\u0131:<\/td>\n<td>45 mm\uff5e200 mm<\/td>\n<\/tr>\n<tr>\n<td>\u00c7ubuk \u00e7ap\u0131:<\/td>\n<td>32 mm\uff5e180 mm<br \/>\nStrok\u226415000mm<\/td>\n<\/tr>\n<tr>\n<td>Bas\u0131n\u00e7:<\/td>\n<td>30 MPa (Maksimum bas\u0131n\u00e7)<\/td>\n<\/tr>\n<tr>\n<td>Teleskopik Silindir Uygulamalar\u0131:<\/td>\n<td>Havadan \u00c7al\u0131\u015fma Platformu<\/td>\n<\/tr>\n<\/tbody>\n<\/table>\n<h2><strong>Havadan \u00c7al\u0131\u015fma Platformu Tan\u0131mlama \u015eemas\u0131:<\/strong><\/h2>\n<p><img loading=\"lazy\" decoding=\"async\" class=\"alignnone wp-image-1517 size-full\" src=\"https:\/\/hydraulic-cylinders.net\/wp-content\/uploads\/2023\/09\/aerial-work-platform-cylinder-construct.webp\" alt=\"\" width=\"600\" height=\"400\" srcset=\"https:\/\/hydraulic-cylinders.net\/wp-content\/uploads\/2023\/09\/aerial-work-platform-cylinder-construct.webp 600w, https:\/\/hydraulic-cylinders.net\/wp-content\/uploads\/2023\/09\/aerial-work-platform-cylinder-construct-480x320.webp 480w\" sizes=\"(min-width: 0px) and (max-width: 480px) 480px, (min-width: 481px) 600px, 100vw\" \/><\/p>\n<h2><strong>Teleskopik Silindirli Havadan \u00c7al\u0131\u015fma Platformunun Kullan\u0131m Y\u00f6ntemi<\/strong><strong>:<\/strong><\/h2>\n<ol>\n<li><strong>Silindir Montaj\u0131:<\/strong><\/li>\n<\/ol>\n<ul>\n<li>Hava i\u015f platformunun kald\u0131rma silindirinin do\u011fru \u015fekilde tak\u0131lmas\u0131 i\u00e7in \u00fcreticinin talimatlar\u0131n\u0131 izleyin.<\/li>\n<li>Silindirin, sa\u011flam ve g\u00fcvenilir bir ba\u011flant\u0131 sa\u011flayacak \u015fekilde, \u00e7al\u0131\u015fma platformunun yap\u0131s\u0131na g\u00fcvenli bir \u015fekilde monte edildi\u011finden emin olun.<\/li>\n<\/ul>\n<ol start=\"2\">\n<li><strong>Hidrolik Ba\u011flant\u0131:<\/strong><\/li>\n<\/ol>\n<ul>\n<li>Verilen talimatlara g\u00f6re silindiri \u00e7al\u0131\u015fma platformunun hidrolik sistemine ba\u011flay\u0131n.<\/li>\n<li>Hidrolik s\u0131v\u0131 s\u0131z\u0131nt\u0131s\u0131n\u0131 veya kayb\u0131n\u0131 \u00f6nlemek i\u00e7in t\u00fcm hidrolik ba\u011flant\u0131lar\u0131n sa\u011flam ve d\u00fczg\u00fcn bir \u015fekilde kapat\u0131lm\u0131\u015f oldu\u011fundan emin olun.<\/li>\n<\/ul>\n<ol start=\"3\">\n<li><strong>Kontrol Aktivasyonu:<\/strong><\/li>\n<\/ol>\n<ul>\n<li>Platformun kontrol panelini veya aray\u00fcz\u00fcn\u00fc kullanarak hava i\u015f platformunun kald\u0131rma silindirini etkinle\u015ftirin.<\/li>\n<li>Platformu istenilen y\u00fcksekli\u011fe kald\u0131rmak veya indirmek i\u00e7in \u00f6nerilen \u00e7al\u0131\u015ft\u0131rma prosed\u00fcrlerini izleyin.<\/li>\n<\/ul>\n<ol start=\"4\">\n<li><strong>G\u00fcvenlik \u00d6nlemleri:<\/strong><\/li>\n<\/ol>\n<ul>\n<li>Hava i\u015f platformunu \u00e7al\u0131\u015ft\u0131rmadan \u00f6nce, g\u00fcvenlik \u00f6zelliklerini ve acil durum prosed\u00fcrlerini iyice \u00f6\u011frenin.<\/li>\n<li>T\u00fcm operat\u00f6rlerin platformun ve havai \u00e7al\u0131\u015fma platformunun kald\u0131rma silindirinin g\u00fcvenli kullan\u0131m\u0131 konusunda uygun e\u011fitim ald\u0131\u011f\u0131ndan emin olun.<\/li>\n<\/ul>\n<h2><strong>Fren Sistemi Hangi Hidrolik Yasas\u0131n\u0131 Kullan\u0131r?<\/strong><\/h2>\n<p>Ara\u00e7lardaki fren sistemi genellikle Pascal'\u0131n hidrolik yasas\u0131n\u0131 kullan\u0131r. Pascal yasas\u0131, kapal\u0131 bir sistemdeki bir s\u0131v\u0131ya bas\u0131n\u00e7 uyguland\u0131\u011f\u0131nda, bas\u0131nc\u0131n her y\u00f6ne e\u015fit olarak iletildi\u011fini belirtir.<\/p>\n<p>Hidrolik fren sisteminde, fren pedal\u0131na bas\u0131ld\u0131\u011f\u0131nda, hidrolik s\u0131v\u0131 i\u00e7eren ana silindire kuvvet uygulan\u0131r. S\u0131v\u0131ya uygulanan bu kuvvet, fren sistemi boyunca e\u015fit olarak iletilen bir bas\u0131n\u00e7 olu\u015fturur.<\/p>\n<p>Bu bas\u0131n\u00e7 daha sonra, fren sisteminin t\u00fcr\u00fcne ba\u011fl\u0131 olarak, her tekerlekte bulunan fren kaliperlerine veya tekerlek silindirlerine iletilir. Bas\u0131n\u00e7, kaliperlerin veya silindirlerin harekete ge\u00e7mesine neden olur; bu da fren balatalar\u0131n\u0131n veya pabu\u00e7lar\u0131n\u0131n fren disklerine veya kampanalar\u0131na temas etmesine, s\u00fcrt\u00fcnme olu\u015fturmas\u0131na ve arac\u0131n yava\u015flamas\u0131na veya durmas\u0131na yol a\u00e7ar.<\/p>\n<p>Pascal yasas\u0131, fren pedal\u0131na uygulanan kuvvetin, konumlar\u0131ndan ba\u011f\u0131ms\u0131z olarak sistemdeki t\u00fcm frenlere e\u015fit olarak iletilmesini sa\u011flar. Bu, t\u00fcm tekerleklerde tutarl\u0131 frenleme performans\u0131 sa\u011flar ve karma\u015f\u0131k hidrolik fren sistemlerinde bile etkili frenlemeyi garanti eder.<\/p>\n<p>\u015eunu da belirtmekte fayda var ki, baz\u0131 geli\u015fmi\u015f fren sistemlerinde, frenleme performans\u0131n\u0131, stabilitesini ve kontrol\u00fcn\u00fc optimize etmek i\u00e7in Bernoulli ilkesi veya ak\u0131\u015fkan dinami\u011fi ilkesi gibi ek hidrolik prensipleri de kullan\u0131labilir. Bununla birlikte, Pascal yasas\u0131 hidrolik fren sistemlerinin temel \u00e7al\u0131\u015fma prensibi i\u00e7in esas olmaya devam etmektedir.<\/p>\n<h2><strong>Fabrikan\u0131n Kapasitesi ve Kapasitesi:<\/strong><\/h2>\n<h3>(1) Meclis<\/h3>\n<p>Birinci s\u0131n\u0131f ba\u011f\u0131ms\u0131z bir ara\u015ft\u0131rma ve geli\u015ftirme montaj platformumuz bulunmaktad\u0131r. Hidrolik silindir \u00fcretim at\u00f6lyemizde, y\u0131ll\u0131k 1 milyon adet \u00fcretim kapasitesine sahip d\u00f6rt adet yar\u0131 otomatik kald\u0131rma silindiri montaj hatt\u0131 ve bir adet otomatik devirme silindiri montaj hatt\u0131 bulunmaktad\u0131r. \u00d6zel silindir at\u00f6lyemiz, y\u0131ll\u0131k 200.000 adet \u00fcretim kapasitesine sahip \u00e7e\u015fitli \u00f6zelliklerde yar\u0131 otomatik temizleme montaj sistemiyle donat\u0131lm\u0131\u015ft\u0131r. Ayr\u0131ca, \u00fcnl\u00fc CNC i\u015fleme ekipmanlar\u0131, bir i\u015fleme merkezi, y\u00fcksek hassasiyetli silindir i\u015fleme \u00f6zel ekipmanlar\u0131, bir robot kaynak makinesi, bir otomatik temizleme makinesi, otomatik silindir montaj makinesi ve otomatik boyama \u00fcretim hatt\u0131 ile donat\u0131lm\u0131\u015ft\u0131r. 300'den fazla setten olu\u015fan kritik ekipmanlar mevcuttur. Ekipman kaynaklar\u0131n\u0131n optimum da\u011f\u0131l\u0131m\u0131 ve verimli kullan\u0131m\u0131, \u00fcr\u00fcnlerin hassasiyet gereksinimlerini kar\u015f\u0131lar ve \u00fcr\u00fcnlerin y\u00fcksek kalite ihtiya\u00e7lar\u0131n\u0131 kar\u015f\u0131lar.<\/p>\n<p><img loading=\"lazy\" decoding=\"async\" class=\"alignnone wp-image-626\" src=\"https:\/\/hydraulic-cylinders.net\/wp-content\/uploads\/2023\/08\/hydraulic-cylinder-product-1-300x158.webp\" alt=\"\" width=\"495\" height=\"260\" srcset=\"https:\/\/hydraulic-cylinders.net\/wp-content\/uploads\/2023\/08\/hydraulic-cylinder-product-1-300x158.webp 495w, https:\/\/hydraulic-cylinders.net\/wp-content\/uploads\/2023\/08\/hydraulic-cylinder-product-1-480x252.webp 480w\" sizes=\"(min-width: 0px) and (max-width: 480px) 480px, (min-width: 481px) 495px, 100vw\" \/> <img loading=\"lazy\" decoding=\"async\" class=\"alignnone wp-image-627\" src=\"https:\/\/hydraulic-cylinders.net\/wp-content\/uploads\/2023\/08\/hydraulic-cylinder-product-2-300x189.webp\" alt=\"\" width=\"413\" height=\"260\" \/><\/p>\n<h3>(2) \u0130\u015fleme<\/h3>\n<p>\u0130\u015fleme at\u00f6lyesi, maksimum 400 mm i\u00e7 \u00e7apa ve maksimum 6 metre uzunlu\u011fa sahip silindir borular\u0131n\u0131n i\u015flenmesini ger\u00e7ekle\u015ftirebilen \u00f6zel e\u011fimli ray torna merkezi, i\u015fleme merkezi, y\u00fcksek h\u0131zl\u0131 honlama makinesi, kaynak robotu ve di\u011fer ilgili ekipmanlarla donat\u0131lm\u0131\u015ft\u0131r.<\/p>\n<p><img loading=\"lazy\" decoding=\"async\" class=\"alignnone wp-image-628 size-large\" src=\"https:\/\/hydraulic-cylinders.net\/wp-content\/uploads\/2023\/08\/hydraulic-cylinder-product-3-1024x391.webp\" alt=\"\" width=\"1024\" height=\"391\" srcset=\"https:\/\/hydraulic-cylinders.net\/wp-content\/uploads\/2023\/08\/hydraulic-cylinder-product-3-980x374.webp 980w, https:\/\/hydraulic-cylinders.net\/wp-content\/uploads\/2023\/08\/hydraulic-cylinder-product-3-480x183.webp 480w\" sizes=\"(min-width: 0px) and (max-width: 480px) 480px, (min-width: 481px) and (max-width: 980px) 980px, (min-width: 981px) 1024px, 100vw\" \/><\/p>\n<h3>(3) Kaynak<\/h3>\n<p><img loading=\"lazy\" decoding=\"async\" class=\"alignnone wp-image-629 size-large\" src=\"https:\/\/hydraulic-cylinders.net\/wp-content\/uploads\/2023\/08\/hydraulic-cylinder-product-4-1024x510.webp\" alt=\"\" width=\"1024\" height=\"510\" srcset=\"https:\/\/hydraulic-cylinders.net\/wp-content\/uploads\/2023\/08\/hydraulic-cylinder-product-4-980x488.webp 980w, https:\/\/hydraulic-cylinders.net\/wp-content\/uploads\/2023\/08\/hydraulic-cylinder-product-4-480x239.webp 480w\" sizes=\"(min-width: 0px) and (max-width: 480px) 480px, (min-width: 481px) and (max-width: 980px) 980px, (min-width: 981px) 1024px, 100vw\" \/><\/p>\n<h3>(4) Boyama ve kaplama<\/h3>\n<p>K\u00fc\u00e7\u00fck ve orta \u00f6l\u00e7ekli silindirli otomatik su bazl\u0131 boya kaplama hatlar\u0131nda, otomatik robot y\u00fckleme-bo\u015faltma ve otomatik p\u00fcsk\u00fcrtmeyi ger\u00e7ekle\u015ftirmek i\u00e7in, vardiya ba\u015f\u0131na 4000 adet tasar\u0131m kapasitesi;<br \/>\nAyr\u0131ca, vardiya ba\u015f\u0131na 60 kasa kapasiteli, g\u00fc\u00e7 zinciriyle \u00e7al\u0131\u015fan b\u00fcy\u00fck silindirler i\u00e7in yar\u0131 otomatik boya \u00fcretim hatt\u0131m\u0131z da bulunmaktad\u0131r.<\/p>\n<p><img loading=\"lazy\" decoding=\"async\" class=\"alignnone wp-image-630\" src=\"https:\/\/hydraulic-cylinders.net\/wp-content\/uploads\/2023\/08\/hydraulic-cylinder-product-5-300x213.webp\" alt=\"\" width=\"366\" height=\"260\" \/> <img loading=\"lazy\" decoding=\"async\" class=\"alignnone wp-image-631\" src=\"https:\/\/hydraulic-cylinders.net\/wp-content\/uploads\/2023\/08\/hydraulic-cylinder-product-6-300x225.webp\" alt=\"\" width=\"347\" height=\"260\" \/><\/p>\n<h3>(5) Test etme<\/h3>\n<p>Silindirin performans\u0131n\u0131n gereklilikleri kar\u015f\u0131lad\u0131\u011f\u0131ndan emin olmak i\u00e7in birinci s\u0131n\u0131f muayene tesislerimiz ve test yataklar\u0131m\u0131z bulunmaktad\u0131r.<\/p>\n<p><img loading=\"lazy\" decoding=\"async\" class=\"alignnone wp-image-632\" src=\"https:\/\/hydraulic-cylinders.net\/wp-content\/uploads\/2023\/08\/hydraulic-cylinder-product-8-300x200.webp\" alt=\"\" width=\"389\" height=\"260\" \/><\/p>\n<p>&nbsp;<\/p>\n<p>&nbsp;<\/p>\n<p>En iyi hidrolik silindir \u00fcreticilerinden biriyiz. Kapsaml\u0131 hidrolik silindirler sunabiliyoruz. Ayr\u0131ca, ilgili hidrolik silindirleri de sa\u011fl\u0131yoruz. <a href=\"https:\/\/hzpt.com\/agricultural-pto-gearbox\/\" target=\"_blank\" rel=\"noopener\">tar\u0131msal di\u015fli kutular\u0131<\/a>\u00dcr\u00fcnlerimizi d\u00fcnya \u00e7ap\u0131ndaki m\u00fc\u015fterilerimize ihra\u00e7 ettik ve \u00fcst\u00fcn \u00fcr\u00fcn kalitemiz ve sat\u0131\u015f sonras\u0131 hizmetlerimiz sayesinde iyi bir itibar kazand\u0131k. Yurt i\u00e7i ve yurt d\u0131\u015f\u0131ndaki m\u00fc\u015fterilerimizi i\u015f g\u00f6r\u00fc\u015fmeleri yapmak, bilgi al\u0131\u015fveri\u015finde bulunmak ve <a href=\"https:\/\/www.hydraulic-cylinders.net\/tr\/contact-us\/\">bizimle i\u015fbirli\u011fi yap\u0131n<\/a>!<\/p>","protected":false},"excerpt":{"rendered":"<p>Aerial Work Platform Telescopic Cylinder The aerial work platform telescopic cylinder is a powerful and essential component in aerial work platforms, designed to provide extended reach and enhanced versatility in elevated work environments. This innovative hydraulic cylinder enables the telescopic movement of the platform, allowing operators to access elevated areas with ease and precision. The [&hellip;]<\/p>","protected":false},"featured_media":1536,"comment_status":"open","ping_status":"closed","template":"","meta":{"_et_pb_use_builder":"","_et_pb_old_content":"","_et_gb_content_width":""},"product_brand":[],"product_cat":[1500,1550,1393],"product_tag":[1380],"class_list":{"0":"post-1534","1":"product","2":"type-product","3":"status-publish","4":"has-post-thumbnail","6":"product_cat-aerial-work-vehicle-hydraulic-cylinder","7":"product_cat-double-acting-hydraulic-cylinder","8":"product_cat-telescopic-hydraulic-cylinder","9":"product_tag-hydraulic-cylinder","11":"first","12":"instock","13":"shipping-taxable","14":"product-type-simple"},"amp_enabled":true,"_links":{"self":[{"href":"https:\/\/www.hydraulic-cylinders.net\/tr\/wp-json\/wp\/v2\/product\/1534","targetHints":{"allow":["GET"]}}],"collection":[{"href":"https:\/\/www.hydraulic-cylinders.net\/tr\/wp-json\/wp\/v2\/product"}],"about":[{"href":"https:\/\/www.hydraulic-cylinders.net\/tr\/wp-json\/wp\/v2\/types\/product"}],"replies":[{"embeddable":true,"href":"https:\/\/www.hydraulic-cylinders.net\/tr\/wp-json\/wp\/v2\/comments?post=1534"}],"wp:featuredmedia":[{"embeddable":true,"href":"https:\/\/www.hydraulic-cylinders.net\/tr\/wp-json\/wp\/v2\/media\/1536"}],"wp:attachment":[{"href":"https:\/\/www.hydraulic-cylinders.net\/tr\/wp-json\/wp\/v2\/media?parent=1534"}],"wp:term":[{"taxonomy":"product_brand","embeddable":true,"href":"https:\/\/www.hydraulic-cylinders.net\/tr\/wp-json\/wp\/v2\/product_brand?post=1534"},{"taxonomy":"product_cat","embeddable":true,"href":"https:\/\/www.hydraulic-cylinders.net\/tr\/wp-json\/wp\/v2\/product_cat?post=1534"},{"taxonomy":"product_tag","embeddable":true,"href":"https:\/\/www.hydraulic-cylinders.net\/tr\/wp-json\/wp\/v2\/product_tag?post=1534"}],"curies":[{"name":"wp","href":"https:\/\/api.w.org\/{rel}","templated":true}]}}