{"id":15343,"date":"2025-01-19T14:24:39","date_gmt":"2025-01-19T14:24:39","guid":{"rendered":"https:\/\/www.hydraulic-cylinders.net\/product\/bucket-cylinder-for-kobelco-small-excavator-sk60-c\/"},"modified":"2025-01-19T14:24:40","modified_gmt":"2025-01-19T14:24:40","slug":"bucket-cylinder-for-kobelco-small-excavator-sk60-c","status":"publish","type":"product","link":"https:\/\/www.hydraulic-cylinders.net\/tr\/urun\/bucket-cylinder-for-kobelco-small-excavator-sk60-c\/","title":{"rendered":"Kobelco SK60-C K\u00fc\u00e7\u00fck Ekskavat\u00f6r \u0130\u00e7in Kep\u00e7e Silindiri"},"content":{"rendered":"<h1>Kobelco SK60-C K\u00fc\u00e7\u00fck Ekskavat\u00f6r i\u00e7in Kep\u00e7e Silindiri<\/h1>\n<h2>girii\u015f<\/h2>\n<h3>Tan\u0131m<\/h3>\n<p>Kep\u00e7e silindiri, ekskavat\u00f6rler, kaz\u0131c\u0131 y\u00fckleyiciler ve \u00f6n y\u00fckleyiciler gibi a\u011f\u0131r makinelerde kep\u00e7enin hareketini kontrol etmek i\u00e7in kullan\u0131lan \u00f6zel olarak tasarlanm\u0131\u015f bir hidrolik silindirdir. Birincil i\u015flevi, kep\u00e7enin kald\u0131r\u0131lmas\u0131n\u0131, indirilmesini ve e\u011filmesini sa\u011flayarak \u00e7e\u015fitli malzemelerin ta\u015f\u0131nmas\u0131n\u0131 kolayla\u015ft\u0131rmakt\u0131r. Hidrolik sistemde, kep\u00e7e silindiri hidrolik ya\u011f bas\u0131nc\u0131ndaki de\u011fi\u015fiklikler yoluyla kep\u00e7enin hareketinin hassas kontrol\u00fcn\u00fc sa\u011flar; bu da operat\u00f6r\u00fcn a\u011f\u0131r y\u00fckleri verimli bir \u015fekilde ta\u015f\u0131mas\u0131na ve karma\u015f\u0131k \u00e7al\u0131\u015fma ko\u015fullar\u0131na ve \u00e7e\u015fitli operasyonel gereksinimlere uyum sa\u011flamas\u0131na olanak tan\u0131r.<\/p>\n<p><img decoding=\"async\" src=\"https:\/\/www.hydraulic-cylinders.net\/wp-content\/uploads\/2025\/01\/songte-company-2.webp\" alt=\"Kova Silindiri G\u00f6r\u00fcnt\u00fcs\u00fc\"><\/p>\n<h2>\u00d6zellikler<\/h2>\n<ul>\n<li><strong>Y\u00fcksek Dayan\u0131kl\u0131l\u0131k ve Dayan\u0131kl\u0131l\u0131k:<\/strong> Genellikle y\u00fcksek mukavemetli \u00e7elik veya al\u00fcminyumdan \u00fcretilen bu malzeme, y\u00fcksek bas\u0131nca ve a\u011f\u0131r y\u00fcklere dayanabilir, zorlu \u00e7al\u0131\u015fma ortamlar\u0131na uyum sa\u011flayabilir ve a\u015f\u0131nma direnci ile korozyon direncini dikkate alan tasar\u0131m\u0131 sayesinde kullan\u0131m \u00f6mr\u00fcn\u00fc uzat\u0131r.<\/li>\n<li><strong>Verimli Hidrolik \u0130\u015flemler:<\/strong> Hidrolik ya\u011f bas\u0131nc\u0131n\u0131 kullanarak d\u00fczg\u00fcn uzatma ve geri \u00e7ekme hareketi sa\u011flayan bu sistem, kontrol komutlar\u0131na h\u0131zl\u0131 bir \u015fekilde yan\u0131t verebilir ve a\u011f\u0131r y\u00fcklerin ve karma\u015f\u0131k operasyonel g\u00f6revlerin \u00fcstesinden gelmek i\u00e7in uygun g\u00fc\u00e7l\u00fc itme ve \u00e7ekme kuvveti sunar.<\/li>\n<li><strong>\u00c7e\u015fitli Tipler:<\/strong> Tek y\u00f6nl\u00fc (hidrolik sadece tek y\u00f6nde kullan\u0131l\u0131r) veya \u00e7ift y\u00f6nl\u00fc (hidrolik her iki y\u00f6nde de kullan\u0131l\u0131r) silindirler, farkl\u0131 \u00e7al\u0131\u015fma gereksinimlerini kar\u015f\u0131lamak i\u00e7in ihtiya\u00e7lara g\u00f6re se\u00e7ilebilir. Baz\u0131 modeller teleskopiktir ve d\u0131\u015f boyutlar\u0131 art\u0131rmadan daha fazla uzatmaya olanak tan\u0131yarak s\u0131n\u0131rl\u0131 alan uygulamalar\u0131 i\u00e7in uygundur.<\/li>\n<li><strong>Birbirinin yerine kullan\u0131labilir:<\/strong> \u00dcr\u00fcnlerimiz bu hidrolik silindirlerin yerini m\u00fckemmel \u015fekilde alabilir.<\/li>\n<li><strong>\u00d6zelle\u015ftirme:<\/strong> Bu \u00fcr\u00fcn\u00fc m\u00fc\u015fteri isteklerine g\u00f6re \u00fcretebiliriz.<\/li>\n<\/ul>\n<p><img decoding=\"async\" src=\"https:\/\/www.hydraulic-cylinders.net\/wp-content\/uploads\/2025\/01\/songte-cylinder-head-with-all-kinds-excavator-models.webp\" alt=\"Kova Silindiri De\u011fi\u015ftirme G\u00f6rseli\"><\/p>\n<h2>Uygulamalar<\/h2>\n<p>Kova silindirleri, a\u015fa\u011f\u0131dakiler de dahil olmak \u00fczere \u00e7e\u015fitli a\u011f\u0131r makinelerde yayg\u0131n olarak kullan\u0131l\u0131r:<\/p>\n<ul>\n<li>\u0130n\u015faat Ekipmanlar\u0131: Ekskavat\u00f6rlerde, toprak veya moloz kazma, y\u00fckleme ve ta\u015f\u0131ma i\u015flemlerinde hayati \u00f6neme sahiptirler. Kaz\u0131c\u0131 y\u00fckleyicilerde ise kova silindiri kazma ve kald\u0131rma i\u015flemlerine yard\u0131mc\u0131 olur. <\/li>\n<li>Tar\u0131m Makineleri: Toprak, saman ve di\u011fer malzemelerin kaz\u0131lmas\u0131, kald\u0131r\u0131lmas\u0131 ve ta\u015f\u0131nmas\u0131 i\u00e7in \u00f6n y\u00fckleyicilerde kullan\u0131l\u0131r.<\/li>\n<li>Ekskavat\u00f6rler: Kova silindiri, kovan\u0131n topra\u011fa n\u00fcfuz etmesini sa\u011flayarak kazma eylemini ger\u00e7ekle\u015ftirir.<\/li>\n<li>\u00d6nden Y\u00fcklemeli Ara\u00e7lar: \u00d6nden y\u00fcklemeli ara\u00e7larda, mallar\u0131n etkili bir \u015fekilde kald\u0131r\u0131lmas\u0131na ve devrilmesine yard\u0131mc\u0131 olurlar.<\/li>\n<\/ul>\n<h2>Tasar\u0131m Hususlar\u0131 ve Se\u00e7im Kriterleri<\/h2>\n<h3>Tasar\u0131m Hususlar\u0131<\/h3>\n<ul>\n<li><strong>Ta\u015f\u0131ma Kapasitesi:<\/strong> Silindir, \u00e7al\u0131\u015fma s\u0131ras\u0131nda kar\u015f\u0131la\u015fabilece\u011fi maksimum y\u00fcke dayanacak \u015fekilde tasarlanmal\u0131d\u0131r.<\/li>\n<li><strong>S\u0131zd\u0131rmazl\u0131k:<\/strong> Piston contalar\u0131 ve mil contalar\u0131 gibi \u00e7e\u015fitli s\u0131zd\u0131rmazl\u0131k elemanlar\u0131, s\u0131v\u0131 s\u0131z\u0131nt\u0131s\u0131n\u0131 \u00f6nlemek i\u00e7in kullan\u0131lmal\u0131d\u0131r.<\/li>\n<li><strong>Dayan\u0131kl\u0131l\u0131k:<\/strong> Silindirin kullan\u0131m \u00f6mr\u00fcn\u00fc uzatmak i\u00e7in a\u015f\u0131nmaya dayan\u0131kl\u0131 malzemeler ve y\u00fczey i\u015flemleriyle tasarlanmas\u0131 gerekir.<\/li>\n<li><strong>Emniyet:<\/strong> Silindir, ani d\u00fc\u015fmeler veya a\u015f\u0131r\u0131 y\u00fcklenme gibi kazalar\u0131 \u00f6nleyecek \u015fekilde tasarlanmal\u0131 ve ilgili g\u00fcvenlik standartlar\u0131n\u0131 kar\u015f\u0131lamal\u0131d\u0131r.<\/li>\n<li><strong>Bak\u0131m kolayl\u0131\u011f\u0131:<\/strong> Silindir, inceleme, bak\u0131m ve onar\u0131m\u0131 kolayla\u015ft\u0131racak \u015fekilde tasarlanmal\u0131d\u0131r.<\/li>\n<\/ul>\n<p><img decoding=\"async\" src=\"https:\/\/www.hydraulic-cylinders.net\/wp-content\/uploads\/2025\/01\/songte-oil-pipes-and-spare-parts.webp\" alt=\"Kova Silindiri Yedek Par\u00e7a G\u00f6rseli\"><\/p>\n<h3>Se\u00e7im Kriterleri<\/h3>\n<ul>\n<li><strong>Ba\u015fvuru:<\/strong> Silindir tipinin do\u011fru se\u00e7imi, belirli uygulama ve \u00e7al\u0131\u015fma gereksinimlerine g\u00f6re yap\u0131lmal\u0131d\u0131r.<\/li>\n<li><strong>Boyut ve Vuru\u015f:<\/strong> Silindirin i\u00e7 \u00e7ap\u0131 ve strok uzunlu\u011fu, y\u00fck kapasitesine ve \u00e7al\u0131\u015fma ko\u015fullar\u0131na g\u00f6re se\u00e7ilmelidir.<\/li>\n<li><strong>Montaj \u015eekli:<\/strong> Silindir montaj\u0131, makinenin montaj stiline g\u00f6re se\u00e7ilmelidir.<\/li>\n<li><strong>\u00c7al\u0131\u015fma Bas\u0131nc\u0131:<\/strong> Silindirin \u00e7al\u0131\u015fma bas\u0131nc\u0131, hidrolik sistemin belirtilen aral\u0131\u011f\u0131 i\u00e7inde olmal\u0131d\u0131r.<\/li>\n<li><strong>\u00c7evresel Gereksinimler:<\/strong> Silindir, s\u0131cakl\u0131k, nem ve a\u015f\u0131nd\u0131r\u0131c\u0131l\u0131k gibi makinenin \u00e7evresel gereksinimlerine g\u00f6re se\u00e7ilmelidir.<\/li>\n<\/ul>\n<h2>S\u0131zd\u0131rmazl\u0131k ve Ya\u011flama<\/h2>\n<p>Piston contalar\u0131 ve mil contalar\u0131 gibi \u00e7e\u015fitli s\u0131zd\u0131rmazl\u0131k elemanlar\u0131, s\u0131v\u0131 s\u0131z\u0131nt\u0131s\u0131n\u0131 \u00f6nlemek i\u00e7in kullan\u0131lmal\u0131d\u0131r. Contalar, poli\u00fcretan veya nitril kau\u00e7uk gibi a\u015f\u0131nmaya dayan\u0131kl\u0131 malzemelerden yap\u0131lmal\u0131d\u0131r. Silindir g\u00f6vdesi ve di\u015fli u\u00e7 y\u00fczeyi, a\u015f\u0131nma direncini art\u0131rmak i\u00e7in ince bir \u015fekilde i\u015flenmelidir. D\u00fczenli olarak uygun miktarda hidrolik ya\u011f eklemek, silindiri etkili bir \u015fekilde ya\u011flayarak kullan\u0131m \u00f6mr\u00fcn\u00fc uzatabilir.<\/p>\n<h2>Bak\u0131m ve Onar\u0131m<\/h2>\n<p>D\u00fczenli kontrol, uygun ya\u011flama, conta de\u011fi\u015fimi ve kalibrasyon kontrolleri tipik bak\u0131m i\u015flemleridir. Silindirin performans\u0131 ve \u00f6mr\u00fc i\u00e7in do\u011fru montaj, ya\u011flama ve ayarlama \u015fartt\u0131r. Montaj s\u0131ras\u0131nda, silindiri do\u011fru \u015fekilde hizalamak ve silindiri sabitlemek i\u00e7in uygun montaj braketleri kullanmak \u00e7ok \u00f6nemlidir. Silindirin \u00f6mr\u00fcn\u00fc uzatmak i\u00e7in yeniden yap\u0131land\u0131rma hizmetleri ve ipu\u00e7lar\u0131 da dahil olmak \u00fczere \u00f6zel inceleme, onar\u0131m ve de\u011fi\u015ftirme prosed\u00fcrleri \u00f6neriyoruz.<\/p>\n<p><img decoding=\"async\" src=\"https:\/\/www.hydraulic-cylinders.net\/wp-content\/uploads\/2025\/01\/songte-chushion-collar.webp\" alt=\"Kova Silindiri Kurulum G\u00f6r\u00fcnt\u00fcs\u00fc\"><\/p>\n<h2>G\u00fcvenlik Hususlar\u0131 ve \u00c7evresel Fakt\u00f6rler<\/h2>\n<p>Hidrolik silindirler kullan\u0131l\u0131rken, koruyucu ekipman giymek ve g\u00fcvenlik y\u00f6nergelerine uymak gibi g\u00fcvenlik \u00f6nlemleri \u015fartt\u0131r. Silindir ve hidrolik sistem se\u00e7ilirken s\u0131cakl\u0131k, nem, a\u015f\u0131nd\u0131r\u0131c\u0131l\u0131k ve temizlik gibi \u00e7evresel fakt\u00f6rler de dikkate al\u0131nmal\u0131d\u0131r.<\/p>\n<h2>Yayg\u0131n Sorunlar ve Sorun Giderme<\/h2>\n<p>Hidrolik silindirlerde s\u0131k kar\u015f\u0131la\u015f\u0131lan sorunlar aras\u0131nda s\u0131v\u0131 s\u0131z\u0131nt\u0131s\u0131, yetersiz bas\u0131n\u00e7 ve d\u00fczensiz hareket yer al\u0131r. Sorun giderme, a\u015f\u0131nm\u0131\u015f contalar veya kirlenmi\u015f s\u0131v\u0131 gibi belirli sorunu ve nedenlerini belirlemeyi ve conta de\u011fi\u015fimi veya s\u0131v\u0131 y\u0131kama gibi uygun d\u00fczeltici \u00f6nlemleri almay\u0131 i\u00e7erir. D\u00fczenli \u00f6nleyici bak\u0131m, bu t\u00fcr sorunlar\u0131 en aza indirmeye yard\u0131mc\u0131 olabilir.<\/p>\n<p><img decoding=\"async\" src=\"https:\/\/www.hydraulic-cylinders.net\/wp-content\/uploads\/2025\/01\/songte-bushings-with-all-kinds-of-excavator-models.webp\" alt=\"Kova Silindiri Sorun Giderme G\u00f6r\u00fcnt\u00fcs\u00fc\"><\/p>\n<h2>\u015eirketimiz Hakk\u0131nda<\/h2>\n<p>Komple \u00fcr\u00fcn yelpazesine sahip yedek hidrolik silindir \u00fcreticisiyiz. Yurti\u00e7i ve yurtd\u0131\u015f\u0131 pazarlarda \u00f6nde gelen hidrolik silindir \u00fcreticilerinden ve toptanc\u0131lar\u0131ndan biriyiz. M\u00fckemmel kalite ilkesine ba\u011fl\u0131 kalarak, ince i\u015f\u00e7ilikli \u00fcretim at\u00f6lyelerimizle end\u00fcstriyel \u00fcretim y\u00f6netim stratejilerine g\u00fcveniyoruz; \u00fcretim platformlar\u0131m\u0131z\u0131 s\u00fcrekli geli\u015ftiriyor ve \u00fcr\u00fcn kalitesi \u00fcretim hatlar\u0131m\u0131z\u0131 m\u00fckemmelle\u015ftiriyoruz. Y\u00fcksek verimlilik, hassasiyet ve kalite ile \u00e7e\u015fitli m\u00fc\u015fteri ihtiya\u00e7lar\u0131n\u0131 kar\u015f\u0131layacak g\u00fc\u00e7l\u00fc bir \u00fcretim yetene\u011fine sahibiz. <\/p>\n<ul>\n<li><strong>Profesyonellik:<\/strong> Ekibimiz, farkl\u0131 m\u00fc\u015fteriler i\u00e7in \u00f6zelle\u015ftirilmi\u015f \u00e7\u00f6z\u00fcmler sunabilen deneyimli profesyonellerden olu\u015fmaktad\u0131r.<\/li>\n<li><strong>Uluslararas\u0131 Sertifikasyon:<\/strong> \u00dcr\u00fcnlerimiz ISO9001, CE ve SGS gibi uluslararas\u0131 sertifikalardan ge\u00e7mi\u015ftir.<\/li>\n<li><strong>\u00d6zelle\u015ftirme Hizmeti:<\/strong> M\u00fc\u015fteri spesifikasyonlar\u0131na ve gereksinimlerine g\u00f6re \u00f6zelle\u015ftirilmi\u015f silindirler sa\u011flayabiliriz.<\/li>\n<li><strong>Geli\u015fmi\u015f \u00dcretim Ekipmanlar\u0131:<\/strong> \u00dcr\u00fcn kalitesini ve tutarl\u0131l\u0131\u011f\u0131n\u0131 sa\u011flamak i\u00e7in CNC makineleri ve test sistemleri gibi geli\u015fmi\u015f dijital \u00fcretim ekipmanlar\u0131na sahibiz.<\/li>\n<li><strong>Sat\u0131\u015f Sonras\u0131 Hizmet:<\/strong> M\u00fc\u015fteri memnuniyetini sa\u011flamak i\u00e7in par\u00e7a de\u011fi\u015fimi ve onar\u0131m hizmetleri de dahil olmak \u00fczere zaman\u0131nda sat\u0131\u015f sonras\u0131 hizmet sunuyoruz.<\/li>\n<\/ul>\n<p><img decoding=\"async\" src=\"https:\/\/hzpt.com\/wp-content\/uploads\/2024\/11\/songte-company-1.webp\" alt=\"\u015eirket \u0130maj\u0131\"><\/p>\n<p>Yazar: lyl.<\/p>","protected":false},"excerpt":{"rendered":"<p>Bucket Cylinder for Kobelco Small Excavator SK60-C Introduction Definition A bucket cylinder is a specially designed hydraulic cylinder used to control the movement of a bucket in heavy machinery such as excavators, backhoe loaders, and front loaders. Its primary function is to enable the bucket to lift, lower, and tilt, making it easier to handle [&hellip;]<\/p>","protected":false},"featured_media":14788,"comment_status":"open","ping_status":"closed","template":"","meta":{"_et_pb_use_builder":"","_et_pb_old_content":"","_et_gb_content_width":""},"product_brand":[],"product_cat":[1494],"product_tag":[1495,1496],"class_list":{"0":"post-15343","1":"product","2":"type-product","3":"status-publish","4":"has-post-thumbnail","6":"product_cat-bucket-cylinders","7":"product_tag-bucket-cylinders","8":"product_tag-hydraulic-cylinders","10":"first","11":"instock","12":"shipping-taxable","13":"product-type-simple"},"amp_enabled":true,"_links":{"self":[{"href":"https:\/\/www.hydraulic-cylinders.net\/tr\/wp-json\/wp\/v2\/product\/15343","targetHints":{"allow":["GET"]}}],"collection":[{"href":"https:\/\/www.hydraulic-cylinders.net\/tr\/wp-json\/wp\/v2\/product"}],"about":[{"href":"https:\/\/www.hydraulic-cylinders.net\/tr\/wp-json\/wp\/v2\/types\/product"}],"replies":[{"embeddable":true,"href":"https:\/\/www.hydraulic-cylinders.net\/tr\/wp-json\/wp\/v2\/comments?post=15343"}],"wp:featuredmedia":[{"embeddable":true,"href":"https:\/\/www.hydraulic-cylinders.net\/tr\/wp-json\/wp\/v2\/media\/14788"}],"wp:attachment":[{"href":"https:\/\/www.hydraulic-cylinders.net\/tr\/wp-json\/wp\/v2\/media?parent=15343"}],"wp:term":[{"taxonomy":"product_brand","embeddable":true,"href":"https:\/\/www.hydraulic-cylinders.net\/tr\/wp-json\/wp\/v2\/product_brand?post=15343"},{"taxonomy":"product_cat","embeddable":true,"href":"https:\/\/www.hydraulic-cylinders.net\/tr\/wp-json\/wp\/v2\/product_cat?post=15343"},{"taxonomy":"product_tag","embeddable":true,"href":"https:\/\/www.hydraulic-cylinders.net\/tr\/wp-json\/wp\/v2\/product_tag?post=15343"}],"curies":[{"name":"wp","href":"https:\/\/api.w.org\/{rel}","templated":true}]}}