{"id":15352,"date":"2025-01-19T14:25:22","date_gmt":"2025-01-19T14:25:22","guid":{"rendered":"https:\/\/www.hydraulic-cylinders.net\/product\/bucket-cylinder-for-kobelco-middle-excavator-sk200-3-3e-5-6-6e-7-8\/"},"modified":"2025-01-19T14:25:24","modified_gmt":"2025-01-19T14:25:24","slug":"bucket-cylinder-for-kobelco-middle-excavator-sk200-3-3e-5-6-6e-7-8","status":"publish","type":"product","link":"https:\/\/www.hydraulic-cylinders.net\/tr\/urun\/bucket-cylinder-for-kobelco-middle-excavator-sk200-3-3e-5-6-6e-7-8\/","title":{"rendered":"Kobelco SK200-3-3E-5-6-6E-7-8 Orta Boy Ekskavat\u00f6r \u0130\u00e7in Kep\u00e7e Silindiri"},"content":{"rendered":"<h1>Kobelco SK200-3-3E-5-6-6E-7-8 Orta Boy Ekskavat\u00f6r \u0130\u00e7in Kep\u00e7e Silindiri<\/h1>\n<h2>girii\u015f<\/h2>\n<p>Kep\u00e7e silindiri, ekskavat\u00f6rler, kaz\u0131c\u0131lar ve \u00f6n y\u00fckleyiciler gibi a\u011f\u0131r makinelerde kep\u00e7elerin hareketini kontrol etmek i\u00e7in tasarlanm\u0131\u015f \u00f6zel bir hidrolik silindirdir. Ana i\u015flevi, kep\u00e7enin kald\u0131r\u0131lmas\u0131n\u0131, indirilmesini ve e\u011filmesini sa\u011flayarak \u00e7e\u015fitli malzeme ta\u015f\u0131ma g\u00f6revlerini kolayla\u015ft\u0131rmakt\u0131r. Hidrolik sistemde, kep\u00e7e silindiri hidrolik ya\u011f bas\u0131nc\u0131n\u0131 de\u011fi\u015ftirerek kep\u00e7enin hareketinin hassas kontrol\u00fcn\u00fc sa\u011flar ve operat\u00f6rlerin a\u011f\u0131r y\u00fckleri verimli bir \u015fekilde ta\u015f\u0131mas\u0131na, karma\u015f\u0131k \u00e7al\u0131\u015fma ortamlar\u0131na ve \u00e7e\u015fitli operasyonel gereksinimlere uyum sa\u011flamas\u0131na olanak tan\u0131r.<\/p>\n<p><img decoding=\"async\" src=\"https:\/\/www.hydraulic-cylinders.net\/wp-content\/uploads\/2025\/01\/songte-company-2.webp\" alt=\"Kova Silindiri G\u00f6r\u00fcnt\u00fcs\u00fc\"><\/p>\n<h2>\u00d6zellikler<\/h2>\n<ul>\n<li>Y\u00fcksek mukavemet ve dayan\u0131kl\u0131l\u0131k: Genellikle y\u00fcksek mukavemetli \u00e7elik veya al\u00fcminyumdan \u00fcretilir, y\u00fcksek bas\u0131nca ve a\u011f\u0131r y\u00fcklere dayanabilir, zorlu \u00e7al\u0131\u015fma ortamlar\u0131na uygundur ve kullan\u0131m \u00f6mr\u00fcn\u00fc uzatmak i\u00e7in a\u015f\u0131nma ve korozyon direnci g\u00f6z \u00f6n\u00fcnde bulundurularak tasarlanm\u0131\u015ft\u0131r.<\/li>\n<li>Verimli hidrolik \u00e7al\u0131\u015fma: Hidrolik ya\u011f bas\u0131nc\u0131 sayesinde elde edilen d\u00fczg\u00fcn uzatma ve geri \u00e7ekme hareketleri, kontrol komutlar\u0131na h\u0131zl\u0131 yan\u0131t verebilme \u00f6zelli\u011fi, g\u00fc\u00e7l\u00fc itme ve \u00e7ekme kuvveti sa\u011flama, a\u011f\u0131r y\u00fcklerin ve karma\u015f\u0131k operasyonel g\u00f6revlerin \u00fcstesinden gelmek i\u00e7in uygunluk.<\/li>\n<li>\u00c7e\u015fitli tipler: Farkl\u0131 \u00e7al\u0131\u015fma gereksinimlerini kar\u015f\u0131lamak i\u00e7in tek etkili (hidrolik sadece tek y\u00f6nde kullan\u0131l\u0131r) veya \u00e7ift etkili (hidrolik iki y\u00f6nde kullan\u0131l\u0131r) silindirler se\u00e7ilebilir. Baz\u0131 modeller teleskopiktir ve d\u0131\u015f boyutlar\u0131 art\u0131rmadan daha fazla uzatmaya olanak tan\u0131r, bu da s\u0131n\u0131rl\u0131 alana sahip uygulamalar i\u00e7in uygundur.<\/li>\n<li>De\u011fi\u015ftirilebilirlik: \u00dcr\u00fcn\u00fcm\u00fcz bu hidrolik silindirlerin yerine m\u00fckemmel \u015fekilde kullan\u0131labilir.<\/li>\n<\/ul>\n<p><img decoding=\"async\" src=\"https:\/\/www.hydraulic-cylinders.net\/wp-content\/uploads\/2025\/01\/songte-cylinder-head-with-all-kinds-excavator-models.webp\" alt=\"Kova Silindiri De\u011fi\u015ftirme G\u00f6rseli\"><\/p>\n<h2>Uygulamalar<\/h2>\n<p>Kova silindiri, a\u015fa\u011f\u0131dakiler dahil ancak bunlarla s\u0131n\u0131rl\u0131 olmamak \u00fczere \u00e7e\u015fitli a\u011f\u0131r makinelerde yayg\u0131n olarak kullan\u0131l\u0131r:<\/p>\n<ul>\n<li>\u0130n\u015faat ekipmanlar\u0131: Ekskavat\u00f6rlerde, toprak veya moloz kazma, y\u00fckleme ve ta\u015f\u0131ma i\u015flemlerinde hayati \u00f6neme sahiptirler. Kaz\u0131c\u0131 makinelerde, kova silindirleri hem kazma hem de kald\u0131rma i\u015flemlerine yard\u0131mc\u0131 olur. \u00d6n y\u00fckleyicilerde ise, y\u00fck\u00fcn etkili bir \u015fekilde kald\u0131r\u0131lmas\u0131 ve bo\u015falt\u0131lmas\u0131na yard\u0131mc\u0131 olurlar.<\/li>\n<li>Tar\u0131m makineleri: \u00d6n y\u00fckleyicilerde toprak, saman ve di\u011fer malzemeleri kep\u00e7eyle almak, kald\u0131rmak ve ta\u015f\u0131mak i\u00e7in kullan\u0131l\u0131r. <\/li>\n<li>Kaz\u0131c\u0131lar: Kep\u00e7e silindirleri, kep\u00e7enin topra\u011fa n\u00fcfuz etmesine izin vererek kazma i\u015flemini ger\u00e7ekle\u015ftirir.<\/li>\n<\/ul>\n<h2>Tasar\u0131m Hususlar\u0131 ve Se\u00e7im Kriterleri<\/h2>\n<p>Tasar\u0131mda dikkate al\u0131nmas\u0131 gereken hususlar aras\u0131nda ta\u015f\u0131ma kapasitesi, s\u0131zd\u0131rmazl\u0131k, dayan\u0131kl\u0131l\u0131k, g\u00fcvenlik ve bak\u0131m kolayl\u0131\u011f\u0131 yer almaktad\u0131r.<\/p>\n<ul>\n<li>Ta\u015f\u0131ma kapasitesi: Kova silindirimiz y\u00fcksek bas\u0131nca ve a\u011f\u0131r y\u00fcklere dayanacak \u015fekilde tasarlanm\u0131\u015ft\u0131r.<\/li>\n<li>S\u0131zd\u0131rmazl\u0131k: \u00dcr\u00fcn\u00fcm\u00fcz, poli\u00fcretan ve nitril kau\u00e7uk gibi a\u015f\u0131nmaya dayan\u0131kl\u0131 malzemelerden yap\u0131lm\u0131\u015f piston contalar\u0131, mil contalar\u0131 vb. \u00e7e\u015fitli s\u0131zd\u0131rmazl\u0131k bile\u015fenleri kullan\u0131r ve iyi bir s\u0131zd\u0131rmazl\u0131k performans\u0131 sa\u011flar.<\/li>\n<li>Dayan\u0131kl\u0131l\u0131k: Silindir g\u00f6vdesi ve di\u015fli y\u00fczeyi, a\u015f\u0131nma direncini art\u0131rmak i\u00e7in ince bir \u015fekilde i\u015flenmi\u015ftir.<\/li>\n<li>G\u00fcvenlik: \u00dcr\u00fcn\u00fcm\u00fcz, a\u011f\u0131r makinelerin g\u00fcvenli \u00e7al\u0131\u015fmas\u0131n\u0131 sa\u011flamak amac\u0131yla g\u00fcvenlik \u00f6n planda tutularak tasarlanm\u0131\u015ft\u0131r.<\/li>\n<li>Bak\u0131m Kolayl\u0131\u011f\u0131: Kep\u00e7e silindirinin optimum performans\u0131n\u0131 sa\u011flamak ve kullan\u0131m \u00f6mr\u00fcn\u00fc uzatmak i\u00e7in d\u00fczenli kontroller ve bak\u0131mlar \u00f6nerilir. M\u00fc\u015fterilerimizin ekipmanlar\u0131n\u0131 korumalar\u0131na yard\u0131mc\u0131 olmak i\u00e7in \u00e7e\u015fitli yedek par\u00e7alar ve yeniden yap\u0131land\u0131rma hizmetleri sunuyoruz.<\/li>\n<\/ul>\n<p><img decoding=\"async\" src=\"https:\/\/www.hydraulic-cylinders.net\/wp-content\/uploads\/2025\/01\/songte-oil-pipes-and-spare-parts.webp\" alt=\"Kova Silindiri Bak\u0131m G\u00f6rseli\"><\/p>\n<h2>S\u0131zd\u0131rmazl\u0131k ve Ya\u011flama<\/h2>\n<p>\u00dcr\u00fcn\u00fcm\u00fcz, poli\u00fcretan ve nitril kau\u00e7uk gibi a\u015f\u0131nmaya dayan\u0131kl\u0131 malzemelerden yap\u0131lm\u0131\u015f piston contalar\u0131, mil contalar\u0131 vb. \u00e7e\u015fitli s\u0131zd\u0131rmazl\u0131k bile\u015fenleri kullan\u0131r ve iyi bir s\u0131zd\u0131rmazl\u0131k performans\u0131 sa\u011flar. Silindir g\u00f6vdesi ve di\u015fli y\u00fczeyi, a\u015f\u0131nma direncini art\u0131rmak i\u00e7in ince bir \u015fekilde i\u015flenmi\u015ftir. Ya\u011flama i\u00e7in d\u00fczenli olarak uygun miktarda hidrolik ya\u011f eklenmesi gereklidir.<\/p>\n<h2>Muayene, Bak\u0131m ve Onar\u0131m<\/h2>\n<p>D\u00fczenli kontroller, uygun ya\u011flama, conta de\u011fi\u015fimi, kalibrasyon kontrolleri ve di\u011fer bak\u0131m i\u015flemleri, kova silindirinin \u00f6mr\u00fcn\u00fc uzatmaya yard\u0131mc\u0131 olabilir. Do\u011fru montaj ve hizalama \u00e7ok \u00f6nemlidir. Silindiri sabitlemek i\u00e7in uygun montaj braketlerinin kullan\u0131lmas\u0131 \u00f6nerilir. Optimum performans ve uzun \u00f6m\u00fcr i\u00e7in \u00f6nerilen kontrol, onar\u0131m ve de\u011fi\u015ftirme prosed\u00fcrlerimizi izlemenizi tavsiye ederiz.<\/p>\n<p><img decoding=\"async\" src=\"https:\/\/www.hydraulic-cylinders.net\/wp-content\/uploads\/2025\/01\/songte-chushion-collar.webp\" alt=\"Kova Silindiri Tamir G\u00f6rseli\"><\/p>\n<h2>G\u00fcvenlik ve \u00c7evresel Hususlar<\/h2>\n<p>Kep\u00e7e silindirleri kullan\u0131l\u0131rken, a\u011f\u0131r makinelerin g\u00fcvenli \u00e7al\u0131\u015fmas\u0131n\u0131 sa\u011flamak i\u00e7in g\u00fcvenlik \u00f6nlemleri al\u0131nmal\u0131d\u0131r. Karbon ayak izini azaltmak i\u00e7in \u00e7evresel hususlar ciddiye al\u0131nmal\u0131d\u0131r.<\/p>\n<h2>Sorun Giderme ve Yayg\u0131n Sorunlar<\/h2>\n<p>S\u0131k kar\u015f\u0131la\u015f\u0131lan sorunlar aras\u0131nda ya\u011f ka\u00e7a\u011f\u0131, yetersiz hidrolik bas\u0131n\u00e7 ve hasarl\u0131 contalar yer almaktad\u0131r. M\u00fc\u015fterilerin sorunlar\u0131 etkili bir \u015fekilde te\u015fhis etmelerine ve \u00e7\u00f6zmelerine yard\u0131mc\u0131 olmak i\u00e7in sorun giderme ipu\u00e7lar\u0131 ve \u00e7\u00f6z\u00fcmleri mevcuttur. \u00d6nleyici tedbirler de potansiyel sorunlar\u0131 azaltmaya yard\u0131mc\u0131 olabilir.<\/p>\n<p><img decoding=\"async\" src=\"https:\/\/www.hydraulic-cylinders.net\/wp-content\/uploads\/2025\/01\/songte-bushings-with-all-kinds-of-excavator-models.webp\" alt=\"Kova Silindiri Sorun Giderme G\u00f6r\u00fcnt\u00fcs\u00fc\"><\/p>\n<h2>Hakk\u0131m\u0131zda<\/h2>\n<p>Komple \u00fcr\u00fcn yelpazesine sahip yedek hidrolik silindir \u00fcreticisiyiz. Yurti\u00e7i ve yurtd\u0131\u015f\u0131 pazarlarda hidrolik silindirlerin \u00f6nde gelen \u00fcreticilerinden ve toptanc\u0131lar\u0131ndan biri haline geldik. Kalitede m\u00fckemmellik ilkesine ba\u011fl\u0131 kalarak, \u00f6zenle tasarlanm\u0131\u015f \u00fcretim at\u00f6lyelerinde end\u00fcstriyel \u00fcretim y\u00f6netim stratejilerine g\u00fcveniyoruz. \u00dcretim platformumuzu s\u00fcrekli geli\u015ftiriyor, \u00fcr\u00fcn kalite \u00fcretim hatt\u0131m\u0131z\u0131 m\u00fckemmelle\u015ftiriyor ve g\u00fc\u00e7l\u00fc yenilik\u00e7i yeteneklere sahibiz. Y\u00fcksek verimlilik, y\u00fcksek hassasiyet ve y\u00fcksek kalite ilkeleriyle m\u00fc\u015fteri taleplerini kar\u015f\u0131lamaya kararl\u0131y\u0131z.<\/p>\n<p>\u015eirketimiz profesyonel hizmetler, uluslararas\u0131 sertifikalar, \u00f6zelle\u015ftirilmi\u015f hizmetler, geli\u015fmi\u015f \u00fcretim ekipmanlar\u0131 ve kapsaml\u0131 sat\u0131\u015f sonras\u0131 hizmetler sunmaktad\u0131r. M\u00fc\u015fterilerimize y\u00fcksek kaliteli \u00fcr\u00fcn ve hizmetler sunmaya kararl\u0131y\u0131z.<\/p>\n<p><img decoding=\"async\" src=\"https:\/\/hzpt.com\/wp-content\/uploads\/2024\/11\/songte-company-1.webp\" alt=\"\u015eirket \u0130maj\u0131\"><\/p>\n<p>Yazar: lyl<\/p>","protected":false},"excerpt":{"rendered":"<p>Bucket Cylinder For Kobelco Middle Excavator SK200-3-3E-5-6-6E-7-8 Introduction The bucket cylinder is a specialized hydraulic cylinder designed for controlling the movement of buckets in heavy machinery such as excavators, backhoes, and front loaders. Its main function is to enable the bucket to lift, lower, and tilt, making it easier to handle various material handling tasks. [&hellip;]<\/p>","protected":false},"featured_media":14771,"comment_status":"open","ping_status":"closed","template":"","meta":{"_et_pb_use_builder":"","_et_pb_old_content":"","_et_gb_content_width":""},"product_brand":[],"product_cat":[1494],"product_tag":[1495,1496],"class_list":{"0":"post-15352","1":"product","2":"type-product","3":"status-publish","4":"has-post-thumbnail","6":"product_cat-bucket-cylinders","7":"product_tag-bucket-cylinders","8":"product_tag-hydraulic-cylinders","10":"first","11":"instock","12":"shipping-taxable","13":"product-type-simple"},"amp_enabled":true,"_links":{"self":[{"href":"https:\/\/www.hydraulic-cylinders.net\/tr\/wp-json\/wp\/v2\/product\/15352","targetHints":{"allow":["GET"]}}],"collection":[{"href":"https:\/\/www.hydraulic-cylinders.net\/tr\/wp-json\/wp\/v2\/product"}],"about":[{"href":"https:\/\/www.hydraulic-cylinders.net\/tr\/wp-json\/wp\/v2\/types\/product"}],"replies":[{"embeddable":true,"href":"https:\/\/www.hydraulic-cylinders.net\/tr\/wp-json\/wp\/v2\/comments?post=15352"}],"wp:featuredmedia":[{"embeddable":true,"href":"https:\/\/www.hydraulic-cylinders.net\/tr\/wp-json\/wp\/v2\/media\/14771"}],"wp:attachment":[{"href":"https:\/\/www.hydraulic-cylinders.net\/tr\/wp-json\/wp\/v2\/media?parent=15352"}],"wp:term":[{"taxonomy":"product_brand","embeddable":true,"href":"https:\/\/www.hydraulic-cylinders.net\/tr\/wp-json\/wp\/v2\/product_brand?post=15352"},{"taxonomy":"product_cat","embeddable":true,"href":"https:\/\/www.hydraulic-cylinders.net\/tr\/wp-json\/wp\/v2\/product_cat?post=15352"},{"taxonomy":"product_tag","embeddable":true,"href":"https:\/\/www.hydraulic-cylinders.net\/tr\/wp-json\/wp\/v2\/product_tag?post=15352"}],"curies":[{"name":"wp","href":"https:\/\/api.w.org\/{rel}","templated":true}]}}