{"id":15380,"date":"2025-01-19T14:27:33","date_gmt":"2025-01-19T14:27:33","guid":{"rendered":"https:\/\/www.hydraulic-cylinders.net\/product\/bucket-cylinder-for-grand-cme150lc\/"},"modified":"2025-01-19T14:27:35","modified_gmt":"2025-01-19T14:27:35","slug":"bucket-cylinder-for-grand-cme150lc","status":"publish","type":"product","link":"https:\/\/www.hydraulic-cylinders.net\/tr\/urun\/bucket-cylinder-for-grand-cme150lc\/","title":{"rendered":"Grand CME150LC i\u00e7in Kova Silindiri"},"content":{"rendered":"<h1>Grand CME150LC i\u00e7in Kova Silindiri<\/h1>\n<h2>girii\u015f<\/h2>\n<p>Grand CME150LC i\u00e7in kep\u00e7e silindiri, ekskavat\u00f6rler, kaz\u0131c\u0131 ekskavat\u00f6rler ve \u00f6n y\u00fckleyiciler gibi a\u011f\u0131r makinelerde kep\u00e7elerin hareketini kontrol etmek i\u00e7in kullan\u0131lan \u00f6zel bir hidrolik silindir t\u00fcr\u00fcd\u00fcr. Ba\u015fl\u0131ca i\u015flevi, kep\u00e7enin kald\u0131rma, indirme ve e\u011fme hareketlerini sa\u011flayarak \u00e7e\u015fitli malzeme ta\u015f\u0131ma g\u00f6revlerini kolayla\u015ft\u0131rmakt\u0131r. Hidrolik sistemde, kep\u00e7e silindiri hidrolik ya\u011f bas\u0131nc\u0131ndaki de\u011fi\u015fiklikler yoluyla kep\u00e7enin hareketini hassas bir \u015fekilde kontrol ederek operat\u00f6rlerin a\u011f\u0131r y\u00fckleri verimli bir \u015fekilde ta\u015f\u0131mas\u0131na ve karma\u015f\u0131k \u00e7al\u0131\u015fma ortamlar\u0131na ve \u00e7e\u015fitli i\u015f gereksinimlerine uyum sa\u011flamas\u0131na olanak tan\u0131r.<\/p>\n<p><img decoding=\"async\" src=\"https:\/\/www.hydraulic-cylinders.net\/wp-content\/uploads\/2025\/01\/songte-company-2.webp\" alt=\"Grand CME150LC i\u00e7in Kova Silindiri\"><\/p>\n<h2>\u00d6zellikler<\/h2>\n<ul>\n<li>Y\u00fcksek Mukavemet ve Dayan\u0131kl\u0131l\u0131k: Genellikle y\u00fcksek mukavemetli \u00e7elik veya al\u00fcminyumdan \u00fcretilen bu malzeme, y\u00fcksek bas\u0131nca ve a\u011f\u0131r y\u00fcklere dayanabilir, zorlu \u00e7al\u0131\u015fma ortamlar\u0131na uyum sa\u011flar ve kullan\u0131m \u00f6mr\u00fcn\u00fc uzatmak i\u00e7in a\u015f\u0131nma direnci ve korozyon direnci g\u00f6z \u00f6n\u00fcnde bulundurularak tasarlanm\u0131\u015ft\u0131r.<\/li>\n<li>Verimli Hidrolik \u00c7al\u0131\u015fma: Hidrolik ya\u011f bas\u0131nc\u0131n\u0131 kullanarak d\u00fczg\u00fcn uzatma ve b\u00fcz\u00fclme hareketleri ger\u00e7ekle\u015ftirir, kontrol komutlar\u0131na h\u0131zl\u0131 yan\u0131t verebilir, g\u00fc\u00e7l\u00fc itme ve \u00e7ekme kuvveti sa\u011flayabilir ve a\u011f\u0131r y\u00fcklerin ve karma\u015f\u0131k i\u015f g\u00f6revlerinin \u00fcstesinden gelmek i\u00e7in uygundur.<\/li>\n<li>\u00c7e\u015fitli Tipler: Farkl\u0131 \u00e7al\u0131\u015fma gereksinimlerini kar\u015f\u0131lamak i\u00e7in ihtiya\u00e7lara g\u00f6re tek etkili (hidrolik sadece tek y\u00f6nde kullan\u0131l\u0131r) veya \u00e7ift etkili (hidrolik iki y\u00f6nde kullan\u0131l\u0131r) silindirler se\u00e7ilebilir. Baz\u0131 modeller teleskopiktir ve d\u0131\u015f boyutlar\u0131 art\u0131rmadan daha fazla uzatmaya olanak tan\u0131r, bu da s\u0131n\u0131rl\u0131 alan uygulamalar\u0131 i\u00e7in uygundur.<\/li>\n<li>\u00d6zel \u00dcretim: \u00dcr\u00fcnlerimiz bu hidrolik silindirlerin yerini m\u00fckemmel \u015fekilde alabilir.<\/li>\n<li>Kolay Bak\u0131m: Basit yap\u0131, kolay kurulum ve s\u00f6kme, rahat bak\u0131m ve y\u00fcksek maliyet performans\u0131.<\/li>\n<\/ul>\n<p><img decoding=\"async\" src=\"https:\/\/www.hydraulic-cylinders.net\/wp-content\/uploads\/2025\/01\/songte-cylinder-head-with-all-kinds-excavator-models.webp\" alt=\"Grand CME150LC i\u00e7in Kova Silindiri\"><\/p>\n<h2>Uygulamalar<\/h2>\n<p>Grand CME150LC i\u00e7in kova silindiri, a\u015fa\u011f\u0131dakiler gibi \u00e7e\u015fitli end\u00fcstrilerde yayg\u0131n olarak kullan\u0131lmaktad\u0131r:<\/p>\n<ul>\n<li>\u0130n\u015faat Ekipmanlar\u0131: Ekskavat\u00f6rlerde, toprak veya moloz kazma, y\u00fckleme ve ta\u015f\u0131ma i\u015flemlerinde vazge\u00e7ilmezdirler. Kaz\u0131c\u0131 ekskavat\u00f6rlerde ise kova silindiri hem kazmaya hem de kald\u0131rmaya yard\u0131mc\u0131 olur. <\/li>\n<li>Tar\u0131m Makineleri: \u00d6n y\u00fckleyiciler, toprak, saman ve di\u011fer malzemelerin toplanmas\u0131, kald\u0131r\u0131lmas\u0131 ve ta\u015f\u0131nmas\u0131 i\u00e7in kullan\u0131l\u0131r. <\/li>\n<li>Kaz\u0131c\u0131lar: Kep\u00e7e silindiri, kep\u00e7enin topra\u011fa n\u00fcfuz etmesini sa\u011flayarak kaz\u0131 i\u015flemlerini ger\u00e7ekle\u015ftirir. <\/li>\n<li>\u00d6n y\u00fckleyiciler: Y\u00fcklerin etkili bir \u015fekilde kald\u0131r\u0131lmas\u0131na ve devrilmesine yard\u0131mc\u0131 olurlar.<\/li>\n<\/ul>\n<p>Yukar\u0131da belirtilen uygulamalar kapsaml\u0131 de\u011fildir ve m\u00fc\u015fteri gereksinimlerine ve ekipman \u00f6zelliklerine g\u00f6re uyarlanabilir.<\/p>\n<h2>Tasar\u0131m Hususlar\u0131 ve Se\u00e7im Standartlar\u0131<\/h2>\n<ul>\n<li>Ta\u015f\u0131ma Kapasitesi: Hidrolik silindir, ekipman\u0131n veya makinenin y\u00fck\u00fcn\u00fc ta\u015f\u0131mal\u0131d\u0131r; bu da bas\u0131n\u00e7 alt\u0131nda deformasyona veya hasara kar\u015f\u0131 koyabilecek yeterli mukavemete ve rijitli\u011fe sahip olmas\u0131n\u0131 gerektirir.<\/li>\n<li>S\u0131zd\u0131rmazl\u0131k: Hidrolik silindir, ya\u011f s\u0131z\u0131nt\u0131s\u0131n\u0131 \u00f6nlemek, enerji kayb\u0131n\u0131 azaltmak ve sisteme d\u0131\u015far\u0131dan yabanc\u0131 maddelerin girmesini engellemek i\u00e7in s\u0131k\u0131ca kapat\u0131lmal\u0131d\u0131r. S\u0131zd\u0131rmazl\u0131k halkalar\u0131 i\u00e7in genellikle y\u00fcksek kaliteli ve a\u015f\u0131nmaya dayan\u0131kl\u0131 poli\u00fcretan veya nitril kau\u00e7uk malzemeler kullan\u0131l\u0131r.<\/li>\n<li>Dayan\u0131kl\u0131l\u0131k: Hidrolik silindirin, \u00e7e\u015fitli zorlu ortamlara uyum sa\u011flamas\u0131, kullan\u0131m \u00f6mr\u00fcn\u00fc uzatmas\u0131 ve bak\u0131m maliyetlerini d\u00fc\u015f\u00fcrmesi i\u00e7in m\u00fckemmel korozyon ve a\u015f\u0131nma direncine sahip olmas\u0131 gerekir.<\/li>\n<li>G\u00fcvenlik: Hidrolik silindir, emniyet valfleri veya a\u015f\u0131r\u0131 y\u00fck koruma cihazlar\u0131 gibi ekipman hasar\u0131 veya ar\u0131zas\u0131ndan kaynaklanan kazalar\u0131 \u00f6nlemek i\u00e7in g\u00fcvenilir g\u00fcvenlik \u00f6nlemlerine sahip olmal\u0131d\u0131r.<\/li>\n<li>Bak\u0131m: Hidrolik silindirin tak\u0131lmas\u0131, s\u00f6k\u00fclmesi ve bak\u0131m\u0131 kolay olmal\u0131, bu da ar\u0131za s\u00fcresini ve maliyeti azaltarak i\u015f verimlili\u011fini art\u0131rmal\u0131d\u0131r.<\/li>\n<\/ul>\n<p><img decoding=\"async\" src=\"https:\/\/www.hydraulic-cylinders.net\/wp-content\/uploads\/2025\/01\/songte-oil-pipes-and-spare-parts.webp\" alt=\"Grand CME150LC i\u00e7in Kova Silindiri\"><\/p>\n<h2>S\u0131zd\u0131rmazl\u0131k ve Ya\u011flama<\/h2>\n<p>Grand CME150LC i\u00e7in kova silindiri, piston contalar\u0131 ve mil contalar\u0131 gibi \u00e7e\u015fitli s\u0131zd\u0131rmazl\u0131k bile\u015fenleriyle donat\u0131lm\u0131\u015ft\u0131r ve m\u00fckemmel s\u0131zd\u0131rmazl\u0131k ve dayan\u0131kl\u0131l\u0131k sa\u011flamak i\u00e7in poli\u00fcretan veya nitril kau\u00e7uk gibi dayan\u0131kl\u0131 ve a\u015f\u0131nmaya diren\u00e7li malzemelerden \u00fcretilmi\u015ftir. Ek olarak, silindirin i\u00e7 duvar\u0131 ve di\u015fli u\u00e7 y\u00fczeyi, a\u015f\u0131nma direncini art\u0131rmak ve kullan\u0131m \u00f6mr\u00fcn\u00fc uzatmak i\u00e7in ince bir \u015fekilde i\u015flenmi\u015ftir. D\u00fczenli bak\u0131m, silindiri ya\u011flamak ve sorunsuz \u00e7al\u0131\u015fmas\u0131n\u0131 sa\u011flamak i\u00e7in uygun miktarda hidrolik ya\u011f eklemeyi i\u00e7erir.<\/p>\n<h2>Muayene ve \u00d6nleyici Bak\u0131m Tedbirleri<\/h2>\n<p>Grand CME150LC kova silindirinin g\u00fcvenli ve istikrarl\u0131 \u00e7al\u0131\u015fmas\u0131n\u0131 sa\u011flamak i\u00e7in d\u00fczenli kontrol ve \u00f6nleyici bak\u0131m gereklidir. <\/p>\n<ul>\n<li>D\u00fczenli Kontrol: Hidrolik silindirin durumunu, hidrolik ya\u011f seviyesini, s\u0131zd\u0131rmazl\u0131k durumunu ve genel g\u00f6r\u00fcn\u00fcm\u00fcn\u00fc kontrol edin. Herhangi bir \u00e7atlak, s\u0131z\u0131nt\u0131 veya a\u015f\u0131nma ve y\u0131pranma zaman\u0131nda onar\u0131lmal\u0131 veya de\u011fi\u015ftirilmelidir. <\/li>\n<li>Uygun Ya\u011flama: Hidrolik silindirin sorunsuz \u00e7al\u0131\u015fmas\u0131n\u0131 sa\u011flamak i\u00e7in uygun miktarda hidrolik ya\u011f ekleyin. <\/li>\n<li>S\u0131zd\u0131rmazl\u0131k Contas\u0131 De\u011fi\u015fimi ve Kalibrasyon Kontrol\u00fc: Silindirin s\u0131zd\u0131rmazl\u0131k performans\u0131n\u0131 ve stabilitesini sa\u011flamak i\u00e7in contalar\u0131 d\u00fczenli olarak de\u011fi\u015ftirin ve kalibrasyonu kontrol edin.<\/li>\n<\/ul>\n<p>Grand CME150LC kova silindirinin kullan\u0131m \u00f6mr\u00fcn\u00fc uzatman\u0131n anahtar fakt\u00f6rleri do\u011fru montaj, ya\u011flama ve ayarlamad\u0131r. Montaj s\u0131ras\u0131nda silindiri sabitlemek i\u00e7in do\u011fru hizalama ve uygun montaj braketlerinin kullan\u0131lmas\u0131 \u00f6nerilir. Silindirin optimum performans\u0131n\u0131 ve uzun \u00f6mr\u00fcn\u00fc sa\u011flamak i\u00e7in d\u00fczenli inceleme, onar\u0131m ve de\u011fi\u015ftirme i\u015flemleri \u015fartt\u0131r. <\/p>\n<p><img decoding=\"async\" src=\"https:\/\/www.hydraulic-cylinders.net\/wp-content\/uploads\/2025\/01\/songte-chushion-collar.webp\" alt=\"Grand CME150LC i\u00e7in Kova Silindiri\"><\/p>\n<h2>G\u00fcvenlik Hususlar\u0131 ve \u00c7evresel Fakt\u00f6rler<\/h2>\n<p>Grand CME150LC i\u00e7in Kova Silindiri kullan\u0131l\u0131rken, ekipman hasar\u0131 veya ar\u0131zas\u0131ndan kaynaklanan kazalar\u0131 \u00f6nlemek i\u00e7in g\u00fcvenlik \u00f6nlemleri al\u0131nmal\u0131d\u0131r. \u00dcreticinin talimatlar\u0131na dikkatlice uyulmas\u0131 ve kurulum, onar\u0131m ve de\u011fi\u015ftirme i\u015flemlerinin yaln\u0131zca e\u011fitimli personel taraf\u0131ndan yap\u0131lmas\u0131 \u015fartt\u0131r. Ayr\u0131ca, uygun hidrolik silindiri se\u00e7erken s\u0131cakl\u0131k, nem ve a\u015f\u0131nd\u0131r\u0131c\u0131 maddelere maruz kalma gibi \u00e7evresel fakt\u00f6rler de dikkate al\u0131nmal\u0131d\u0131r.<\/p>\n<h2>Sorun Giderme ve Yayg\u0131n Sorunlar<\/h2>\n<p>Grand CME150LC kep\u00e7e silindirinde s\u0131k kar\u015f\u0131la\u015f\u0131lan sorunlar aras\u0131nda ya\u011f ka\u00e7a\u011f\u0131, kald\u0131rma i\u015fleminin s\u0131k\u0131\u015fmas\u0131 ve ar\u0131zal\u0131 bas\u0131n\u00e7 tahliye vanalar\u0131 yer almaktad\u0131r. Bu sorunlar\u0131 te\u015fhis etmek ve gidermek i\u00e7in \u00fcreticinin talimatlar\u0131n\u0131 dikkatlice takip etmek ve gerekirse profesyonel yard\u0131m almak \u00e7ok \u00f6nemlidir.<\/p>\n<h2>\u00c7\u00f6z\u00fcm<\/h2>\n<p>D\u00fcnya \u00e7ap\u0131nda \u00f6nde gelen hidrolik silindir \u00fcreticisi ve toptanc\u0131s\u0131y\u0131z. M\u00fc\u015fterilerimizin \u00e7e\u015fitli ihtiya\u00e7lar\u0131n\u0131 kar\u015f\u0131lamak i\u00e7in geni\u015f bir \u00fcr\u00fcn yelpazesi ve \u00f6zelle\u015ftirilmi\u015f hizmetler sunuyoruz. \u00dcr\u00fcnlerimiz en y\u00fcksek kalitede malzemelerle \u00fcretilmekte ve maksimum kalite ve dayan\u0131kl\u0131l\u0131k sa\u011flamak i\u00e7in en son teknoloji \u00fcr\u00fcn\u00fc dijital ekipman ve profesyonel test sistemleri kullan\u0131larak imal edilmektedir. M\u00fckemmel sat\u0131\u015f sonras\u0131 hizmet sunuyor ve m\u00fc\u015fterilerimize rekabet\u00e7i fiyatlarla en iyi kalitede \u00fcr\u00fcnler sunmak i\u00e7in \u00e7al\u0131\u015f\u0131yoruz.<\/p>\n<p><img decoding=\"async\" src=\"https:\/\/hzpt.com\/wp-content\/uploads\/2024\/11\/songte-company-1.webp\" alt=\"Grand CME150LC i\u00e7in Kova Silindiri\"><\/p>\n<h3>Yazar Hakk\u0131nda<\/h3>\n<p>Yazar: lyl<\/p>","protected":false},"excerpt":{"rendered":"<p>Bucket Cylinder For Grand CME150LC Introduction The Bucket Cylinder for Grand CME150LC is a type of specialized hydraulic cylinder primarily used to control the movement of shovels in heavy machinery such as excavators, backhoe excavators, and front loaders. Its primary function is to enable the shovel to lift, lower, and tilt, making it easier to [&hellip;]<\/p>","protected":false},"featured_media":14776,"comment_status":"open","ping_status":"closed","template":"","meta":{"_et_pb_use_builder":"","_et_pb_old_content":"","_et_gb_content_width":""},"product_brand":[],"product_cat":[1494],"product_tag":[1495,1496],"class_list":{"0":"post-15380","1":"product","2":"type-product","3":"status-publish","4":"has-post-thumbnail","6":"product_cat-bucket-cylinders","7":"product_tag-bucket-cylinders","8":"product_tag-hydraulic-cylinders","10":"first","11":"instock","12":"shipping-taxable","13":"product-type-simple"},"amp_enabled":true,"_links":{"self":[{"href":"https:\/\/www.hydraulic-cylinders.net\/tr\/wp-json\/wp\/v2\/product\/15380","targetHints":{"allow":["GET"]}}],"collection":[{"href":"https:\/\/www.hydraulic-cylinders.net\/tr\/wp-json\/wp\/v2\/product"}],"about":[{"href":"https:\/\/www.hydraulic-cylinders.net\/tr\/wp-json\/wp\/v2\/types\/product"}],"replies":[{"embeddable":true,"href":"https:\/\/www.hydraulic-cylinders.net\/tr\/wp-json\/wp\/v2\/comments?post=15380"}],"wp:featuredmedia":[{"embeddable":true,"href":"https:\/\/www.hydraulic-cylinders.net\/tr\/wp-json\/wp\/v2\/media\/14776"}],"wp:attachment":[{"href":"https:\/\/www.hydraulic-cylinders.net\/tr\/wp-json\/wp\/v2\/media?parent=15380"}],"wp:term":[{"taxonomy":"product_brand","embeddable":true,"href":"https:\/\/www.hydraulic-cylinders.net\/tr\/wp-json\/wp\/v2\/product_brand?post=15380"},{"taxonomy":"product_cat","embeddable":true,"href":"https:\/\/www.hydraulic-cylinders.net\/tr\/wp-json\/wp\/v2\/product_cat?post=15380"},{"taxonomy":"product_tag","embeddable":true,"href":"https:\/\/www.hydraulic-cylinders.net\/tr\/wp-json\/wp\/v2\/product_tag?post=15380"}],"curies":[{"name":"wp","href":"https:\/\/api.w.org\/{rel}","templated":true}]}}