{"id":15382,"date":"2025-01-19T14:27:41","date_gmt":"2025-01-19T14:27:41","guid":{"rendered":"https:\/\/www.hydraulic-cylinders.net\/product\/bucket-cylinder-for-volvo-small-excavator-ecr50d\/"},"modified":"2025-01-19T14:27:43","modified_gmt":"2025-01-19T14:27:43","slug":"bucket-cylinder-for-volvo-small-excavator-ecr50d","status":"publish","type":"product","link":"https:\/\/www.hydraulic-cylinders.net\/tr\/urun\/bucket-cylinder-for-volvo-small-excavator-ecr50d\/","title":{"rendered":"Volvo K\u00fc\u00e7\u00fck Ekskavat\u00f6r ECR50D i\u00e7in Kova Silindiri"},"content":{"rendered":"<h1>Volvo K\u00fc\u00e7\u00fck Ekskavat\u00f6r ECR50D i\u00e7in Kova Silindiri<\/h1>\n<h2>girii\u015f<\/h2>\n<p>Volvo k\u00fc\u00e7\u00fck ekskavat\u00f6r ECR50D i\u00e7in bir kova silindiri, ekskavat\u00f6rler, kep\u00e7eli ekskavat\u00f6rler ve \u00f6n y\u00fckleyiciler gibi a\u011f\u0131r i\u015f makinelerinde kovan\u0131n hareketini kontrol etmek i\u00e7in kullan\u0131lan \u00f6zel olarak tasarlanm\u0131\u015f bir hidrolik silindirdir. Ana i\u015flevi, kovan\u0131n kald\u0131rma, indirme ve yat\u0131rma i\u015flemlerini ger\u00e7ekle\u015ftirerek \u00e7e\u015fitli malzeme ta\u015f\u0131ma g\u00f6revlerinin \u00fcstesinden gelmeyi kolayla\u015ft\u0131rmakt\u0131r. Hidrolik sistemde, kova silindiri, hidrolik ya\u011f\u0131n bas\u0131n\u00e7 de\u011fi\u015fimini kullanarak kovan\u0131n hassas kontrol\u00fcn\u00fc sa\u011flar ve operat\u00f6r\u00fcn a\u011f\u0131r y\u00fckleri verimli bir \u015fekilde ta\u015f\u0131mas\u0131na, karma\u015f\u0131k \u00e7al\u0131\u015fma ortamlar\u0131na ve \u00e7e\u015fitli operasyonel ihtiya\u00e7lara uyum sa\u011flamas\u0131na olanak tan\u0131r.<\/p>\n<p><img decoding=\"async\" src=\"https:\/\/www.hydraulic-cylinders.net\/wp-content\/uploads\/2025\/01\/songte-company-2.webp\" alt=\"Volvo K\u00fc\u00e7\u00fck Ekskavat\u00f6r ECR50D i\u00e7in Kova Silindiri\"\/><\/p>\n<h2>\u00d6zellikler<\/h2>\n<ul>\n<li>Y\u00fcksek mukavemet ve dayan\u0131kl\u0131l\u0131k: Genellikle y\u00fcksek mukavemetli \u00e7elik veya al\u00fcminyumdan yap\u0131l\u0131rlar, y\u00fcksek bas\u0131nca ve a\u011f\u0131r y\u00fcklere dayanabilir, zorlu \u00e7al\u0131\u015fma ortamlar\u0131na uyum sa\u011flayabilir ve tasar\u0131mda a\u015f\u0131nma ve korozyon direnci g\u00f6z \u00f6n\u00fcnde bulundurularak hizmet \u00f6mr\u00fc uzat\u0131l\u0131r.<\/li>\n<li>Verimli hidrolik \u00e7al\u0131\u015fma: Hidrolik ya\u011f\u0131n bas\u0131nc\u0131n\u0131 kullanarak d\u00fczg\u00fcn genle\u015fme ve b\u00fcz\u00fclme hareketleri elde eder, kontrol komutlar\u0131na h\u0131zl\u0131 yan\u0131t verebilir, g\u00fc\u00e7l\u00fc itme ve \u00e7ekme kuvveti sa\u011flar ve a\u011f\u0131r nesnelerin ve karma\u015f\u0131k operasyonel g\u00f6revlerin ta\u015f\u0131nmas\u0131 i\u00e7in uygundur.<\/li>\n<li>\u00c7e\u015fitli tipler: Farkl\u0131 operasyonel ihtiya\u00e7lar\u0131 kar\u015f\u0131lamak i\u00e7in tek etkili (sadece tek y\u00f6nde hidrolik kullan\u0131lan) veya \u00e7ift etkili (her iki y\u00f6nde hidrolik kullan\u0131lan) silindirler ihtiyaca g\u00f6re se\u00e7ilebilir. Baz\u0131 modeller teleskopiktir ve d\u0131\u015f boyutlar\u0131 art\u0131rmadan daha fazla geni\u015flemeye olanak tan\u0131r, s\u0131n\u0131rl\u0131 alana sahip uygulamalar i\u00e7in uygundur.<\/li>\n<li>\u00d6zelle\u015ftirilebilir: Firmam\u0131z bu \u00fcr\u00fcn\u00fc \u00fcretebilir ve \u00fcr\u00fcnlerimiz bu hidrolik silindirlerin yerini m\u00fckemmel \u015fekilde alabilir.<\/li>\n<\/ul>\n<p><img decoding=\"async\" src=\"https:\/\/www.hydraulic-cylinders.net\/wp-content\/uploads\/2025\/01\/songte-cylinder-head-with-all-kinds-excavator-models.webp\" alt=\"Volvo K\u00fc\u00e7\u00fck Ekskavat\u00f6r ECR50D i\u00e7in Kova Silindiri\"\/><\/p>\n<h2>Uygulamalar<\/h2>\n<p>Volvo k\u00fc\u00e7\u00fck ekskavat\u00f6r ECR50D i\u00e7in kova silindiri a\u015fa\u011f\u0131dakiler de dahil olmak \u00fczere \u00e7e\u015fitli alanlarda yayg\u0131n olarak kullan\u0131lmaktad\u0131r:<\/p>\n<ul>\n<li>\u0130n\u015faat ekipmanlar\u0131: Ekskavat\u00f6rlerde, toprak veya molozu kazma, y\u00fckleme ve ta\u015f\u0131mada hayati \u00f6nem ta\u015f\u0131rlar. Beko ekskavat\u00f6rlerde ise kova silindiri hem kaz\u0131 hem de kald\u0131rma i\u015flemlerine yard\u0131mc\u0131 olur. <\/li>\n<li>Tar\u0131m makineleri: \u00d6n y\u00fckleyicilerde toprak, saman ve di\u011fer malzemeleri kep\u00e7elemek, kald\u0131rmak ve ta\u015f\u0131mak i\u00e7in kullan\u0131l\u0131r. <\/li>\n<li>Ekskavat\u00f6rler: Kova silindiri, kovan\u0131n topra\u011fa n\u00fcfuz etmesini sa\u011flayarak kazma eylemini ger\u00e7ekle\u015ftirir. <\/li>\n<li>Y\u00fckleyiciler: \u00d6n y\u00fckleyicilerde, mallar\u0131n etkili bir \u015fekilde kald\u0131r\u0131lmas\u0131na ve bo\u015falt\u0131lmas\u0131na yard\u0131mc\u0131 olurlar.<\/li>\n<\/ul>\n<p>Bu uygulamalar\u0131n her birine daha yak\u0131ndan bakal\u0131m:<\/p>\n<h3>\u0130n\u015faat Ekipmanlar\u0131<\/h3>\n<p>Volvo k\u00fc\u00e7\u00fck ekskavat\u00f6r ECR50D'nin kova silindiri, ekskavat\u00f6rlerin ve kep\u00e7eli ekskavat\u00f6rlerin temel bir bile\u015fenidir. Ekskavat\u00f6rlerde kova silindiri, toprak veya molozun kaz\u0131lmas\u0131 ve y\u00fcklenmesinden sorumluyken, kep\u00e7eli ekskavat\u00f6rlerde kaz\u0131 ve kald\u0131rma i\u015flemlerine yard\u0131mc\u0131 olur. Kova silindirinin y\u00fcksek mukavemeti ve dayan\u0131kl\u0131l\u0131\u011f\u0131, onu \u015fantiyeler gibi zorlu \u00e7al\u0131\u015fma ortamlar\u0131 i\u00e7in uygun hale getirir.<\/p>\n<h3>Tar\u0131m Makinalar\u0131<\/h3>\n<p>Volvo k\u00fc\u00e7\u00fck ekskavat\u00f6r ECR50D'nin kova silindiri, \u00e7iftliklerde toprak, saman ve di\u011fer malzemeleri toplamak, kald\u0131rmak ve ta\u015f\u0131mak i\u00e7in kullan\u0131lan \u00f6n y\u00fckleyicilerde de yayg\u0131n olarak kullan\u0131lmaktad\u0131r. Kova silindirinin verimli hidrolik \u00e7al\u0131\u015fmas\u0131 ve \u00f6zelle\u015ftirilebilir tipleri, onu \u00e7e\u015fitli tar\u0131msal g\u00f6revler i\u00e7in uygun hale getirir.<\/p>\n<h3>Ekskavat\u00f6rler<\/h3>\n<p>Volvo k\u00fc\u00e7\u00fck ekskavat\u00f6r ECR50D'nin kep\u00e7e silindiri, ekskavat\u00f6rlerde toprak veya moloz kazma ve y\u00fckleme i\u015flemlerinden sorumludur. Kep\u00e7e silindiri, kep\u00e7enin topra\u011fa n\u00fcfuz etmesini sa\u011flayarak kazma i\u015flemini ger\u00e7ekle\u015ftirir. Kep\u00e7e silindirinin y\u00fcksek hassasiyeti ve verimlili\u011fi, onu \u00e7e\u015fitli kaz\u0131 g\u00f6revleri i\u00e7in uygun hale getirir.<\/p>\n<h3>Y\u00fckleyiciler<\/h3>\n<p>Volvo k\u00fc\u00e7\u00fck ekskavat\u00f6r ECR50D'nin kova silindiri, y\u00fckleri kald\u0131rmak ve bo\u015faltmak i\u00e7in kullan\u0131lan \u00f6n y\u00fckleyicilerde de kullan\u0131l\u0131r. Kova silindirinin y\u00fcksek itme ve \u00e7ekme kuvveti, a\u011f\u0131r y\u00fckleri kald\u0131r\u0131p etkili bir \u015fekilde bo\u015faltmak i\u00e7in idealdir.<\/p>\n<p><img decoding=\"async\" src=\"https:\/\/hzpt.com\/wp-content\/uploads\/2024\/11\/songte-company-1.webp\" alt=\"Volvo K\u00fc\u00e7\u00fck Ekskavat\u00f6r ECR50D i\u00e7in Kova Silindiri\"\/><\/p>\n<h2>Tasar\u0131m Hususlar\u0131 ve Se\u00e7im Kriterleri<\/h2>\n<p>Volvo k\u00fc\u00e7\u00fck ekskavat\u00f6r ECR50D i\u00e7in kova silindiri, verimli \u00e7al\u0131\u015fma ve uzun hizmet \u00f6mr\u00fc sa\u011flamak i\u00e7in \u00e7e\u015fitli tasar\u0131m ve se\u00e7im kriterlerini kar\u015f\u0131lamal\u0131d\u0131r. Bu kriterler \u015funlard\u0131r:<\/p>\n<ul>\n<li>Ta\u015f\u0131ma kapasitesi: Kova silindirinin ta\u015f\u0131ma kapasitesi, piston \u00e7ap\u0131na ve hidrolik ya\u011f\u0131n i\u00e7 bas\u0131nc\u0131na ba\u011fl\u0131d\u0131r. Daha b\u00fcy\u00fck piston \u00e7ap\u0131 ve daha y\u00fcksek hidrolik ya\u011f i\u00e7 bas\u0131nc\u0131, daha y\u00fcksek ta\u015f\u0131ma kapasitesi sa\u011flar.<\/li>\n<li>S\u0131zd\u0131rmazl\u0131k: Kova silindiri, hidrolik ya\u011f s\u0131z\u0131nt\u0131s\u0131n\u0131 \u00f6nlemek ve verimli \u00e7al\u0131\u015fmay\u0131 sa\u011flamak i\u00e7in g\u00fcvenilir bir s\u0131zd\u0131rmazl\u0131k sistemine sahip olmal\u0131d\u0131r. Piston contalar\u0131 ve piston kolu contalar\u0131 gibi s\u0131zd\u0131rmazl\u0131k bile\u015fenleri, uzun hizmet \u00f6mr\u00fc sa\u011flamak i\u00e7in poli\u00fcretan veya nitril kau\u00e7uk gibi a\u015f\u0131nmaya dayan\u0131kl\u0131 malzemelerden yap\u0131lmal\u0131d\u0131r.<\/li>\n<li>Dayan\u0131kl\u0131l\u0131k: Kova silindiri, zorlu \u00e7al\u0131\u015fma ortamlar\u0131na ve a\u011f\u0131r y\u00fcklere dayanabilmesi i\u00e7in \u00e7elik veya al\u00fcminyum gibi y\u00fcksek mukavemetli malzemelerden yap\u0131lmal\u0131d\u0131r. Silindir g\u00f6vdesi ve \u00e7ubuk y\u00fczeyi, a\u015f\u0131nma ve korozyon direncini art\u0131rmak i\u00e7in hassas bir \u015fekilde i\u015flenmelidir.<\/li>\n<li>G\u00fcvenlik: Kova silindiri, kazalar\u0131 \u00f6nlemek ve g\u00fcvenli \u00e7al\u0131\u015fmay\u0131 sa\u011flamak i\u00e7in emniyet valfleri ve a\u015f\u0131r\u0131 y\u00fck korumas\u0131 gibi g\u00fcvenilir g\u00fcvenlik \u00f6nlemlerine sahip olmal\u0131d\u0131r.<\/li>\n<li>Bak\u0131m: Kova silindirinin kolay bak\u0131m ve onar\u0131m prosed\u00fcrlerine sahip olmas\u0131 gerekir; \u00f6rne\u011fin, kolay de\u011fi\u015ftirilebilen s\u0131zd\u0131rmazl\u0131k bile\u015fenleri ve kolay bak\u0131m talimatlar\u0131 gibi, b\u00f6ylece kolay bak\u0131m ve onar\u0131m sa\u011flan\u0131r.<\/li>\n<\/ul>\n<p><img decoding=\"async\" src=\"https:\/\/www.hydraulic-cylinders.net\/wp-content\/uploads\/2025\/01\/songte-oil-pipes-and-spare-parts.webp\" alt=\"Volvo K\u00fc\u00e7\u00fck Ekskavat\u00f6r ECR50D i\u00e7in Kova Silindiri\"\/><\/p>\n<h2>S\u0131zd\u0131rmazl\u0131k ve Ya\u011flama<\/h2>\n<p>Volvo k\u00fc\u00e7\u00fck ekskavat\u00f6r ECR50D'nin kova silindiri, verimli \u00e7al\u0131\u015fma ve uzun hizmet \u00f6mr\u00fc sa\u011flamak i\u00e7in g\u00fcvenilir s\u0131zd\u0131rmazl\u0131k ve uygun ya\u011flama gerektirir. S\u0131zd\u0131rmazl\u0131k ve ya\u011flama \u00f6nlemleri \u015funlard\u0131r:<\/p>\n<ul>\n<li>Hidrolik ya\u011f s\u0131z\u0131nt\u0131s\u0131n\u0131 \u00f6nlemek i\u00e7in poli\u00fcretan veya nitril kau\u00e7uk gibi a\u015f\u0131nmaya dayan\u0131kl\u0131 malzemelerden yap\u0131lm\u0131\u015f piston contalar\u0131 ve biyel contalar\u0131 gibi \u00e7e\u015fitli s\u0131zd\u0131rmazl\u0131k elemanlar\u0131 kullan\u0131l\u0131r. <\/li>\n<li>A\u015f\u0131nma ve korozyon direncini art\u0131rmak i\u00e7in silindir g\u00f6vdesi ve \u00e7ubuk y\u00fczeyinin rafine edilmesi. <\/li>\n<li>S\u00fcrt\u00fcnmeyi ve a\u015f\u0131nmay\u0131 azaltmak, pas ve korozyonu \u00f6nlemek i\u00e7in d\u00fczenli olarak uygun hidrolik ya\u011f\u0131n ya\u011flanmas\u0131 sa\u011flanmal\u0131d\u0131r. <\/li>\n<\/ul>\n<h2>Periyodik Muayene ve \u00d6nleyici Bak\u0131m<\/h2>\n<p>Volvo k\u00fc\u00e7\u00fck ekskavat\u00f6r ECR50D'nin kep\u00e7e silindirinin verimli \u00e7al\u0131\u015fmas\u0131n\u0131 ve uzun \u00f6m\u00fcrl\u00fc olmas\u0131n\u0131 sa\u011flamak i\u00e7in d\u00fczenli muayene ve \u00f6nleyici bak\u0131m gereklidir. Muayene ve bak\u0131m \u00f6nlemleri \u015funlar\u0131 i\u00e7erir:<\/p>\n<ul>\n<li>Silindir g\u00f6vdesi, piston ve biyel y\u00fczeylerinin a\u015f\u0131nma ve korozyon a\u00e7\u0131s\u0131ndan d\u00fczenli olarak kontrol edilmesi. <\/li>\n<li>Silindir g\u00f6vdesi, piston ve biyel y\u00fczeylerinin uygun hidrolik ya\u011f ile d\u00fczenli olarak ya\u011flanmas\u0131. <\/li>\n<li>Hidrolik ya\u011f s\u0131z\u0131nt\u0131s\u0131n\u0131 \u00f6nlemek ve verimli \u00e7al\u0131\u015fmay\u0131 sa\u011flamak i\u00e7in piston contalar\u0131 ve biyel contalar\u0131 gibi s\u0131zd\u0131rmazl\u0131k elemanlar\u0131n\u0131n d\u00fczenli olarak de\u011fi\u015ftirilmesi. <\/li>\n<li>Silindirin do\u011fru \u00e7al\u0131\u015fmas\u0131n\u0131 sa\u011flamak i\u00e7in d\u00fczenli kalibrasyonu yap\u0131l\u0131r. <\/li>\n<\/ul>\n<h2>\u00dcr\u00fcn Kurulum K\u0131lavuzu<\/h2>\n<p>Volvo k\u00fc\u00e7\u00fck ekskavat\u00f6r ECR50D i\u00e7in kova silindirinin do\u011fru \u015fekilde tak\u0131lmas\u0131, verimli \u00e7al\u0131\u015fma ve uzun hizmet \u00f6mr\u00fc i\u00e7in \u00e7ok \u00f6nemlidir. Kurulum k\u0131lavuzu \u015funlar\u0131 i\u00e7erir:<\/p>\n<ul>\n<li>Do\u011fru \u00e7al\u0131\u015fmay\u0131 sa\u011flamak i\u00e7in silindirin do\u011fru hizalanmas\u0131. <\/li>\n<li>Silindiri sabitlemek i\u00e7in uygun montaj braketlerini kullan\u0131n. <\/li>\n<li>Silindir g\u00f6vdesi, piston ve biyel y\u00fczeyinin uygun hidrolik ya\u011f ile uygun \u015fekilde ya\u011flanmas\u0131. <\/li>\n<li>Silindirin do\u011fru \u00e7al\u0131\u015fmas\u0131n\u0131 sa\u011flamak i\u00e7in d\u00fczenli kalibrasyonu yap\u0131l\u0131r. <\/li>\n<\/ul>\n<h2>Yayg\u0131n Bak\u0131m G\u00f6revleri<\/h2>\n<p>Volvo k\u00fc\u00e7\u00fck ekskavat\u00f6r ECR50D'nin kova silindirinin verimli \u00e7al\u0131\u015fmas\u0131 ve uzun hizmet \u00f6mr\u00fc i\u00e7in muayene, ya\u011flama ve kalibrasyon gibi d\u00fczenli bak\u0131m i\u015flemleri \u00e7ok \u00f6nemlidir. Yayg\u0131n bak\u0131m i\u015flemleri \u015funlard\u0131r:<\/p>\n<ul>\n<li>Silindir g\u00f6vdesi, piston ve biyel y\u00fczeylerinin a\u015f\u0131nma ve korozyon a\u00e7\u0131s\u0131ndan periyodik olarak kontrol edilmesi. <\/li>\n<li>Silindir g\u00f6vdesi, piston ve biyel y\u00fczeylerinin uygun hidrolik ya\u011f ile d\u00fczenli olarak ya\u011flanmas\u0131. <\/li>\n<li>Hidrolik ya\u011f s\u0131z\u0131nt\u0131s\u0131n\u0131 \u00f6nlemek ve verimli \u00e7al\u0131\u015fmay\u0131 sa\u011flamak i\u00e7in piston contalar\u0131 ve biyel contalar\u0131 gibi s\u0131zd\u0131rmazl\u0131k elemanlar\u0131n\u0131n d\u00fczenli olarak de\u011fi\u015ftirilmesi. <\/li>\n<li>Do\u011fru \u00e7al\u0131\u015fmay\u0131 sa\u011flamak i\u00e7in silindirin uygun \u015fekilde kalibre edilmesi. <\/li>\n<\/ul>\n<h2>G\u00fcvenlik Hususlar\u0131 ve \u00c7evresel Fakt\u00f6rler<\/h2>\n<p>Volvo k\u00fc\u00e7\u00fck ekskavat\u00f6r ECR50D i\u00e7in kep\u00e7e silindiri kullan\u0131l\u0131rken, kazalar\u0131 \u00f6nlemek ve \u00e7evre korumas\u0131n\u0131 sa\u011flamak i\u00e7in g\u00fcvenlik \u00f6nlemleri ve \u00e7evresel fakt\u00f6rler dikkate al\u0131nmal\u0131d\u0131r. G\u00fcvenlik \u00f6nlemleri ve \u00e7evresel fakt\u00f6rler \u015funlard\u0131r:<\/p>\n<ul>\n<li>Operat\u00f6rlerin g\u00fcvenli bir \u015fekilde \u00e7al\u0131\u015fmas\u0131n\u0131 sa\u011flamak i\u00e7in uygun e\u011fitimlerin verilmesi. <\/li>\n<li>Kazalar\u0131 \u00f6nlemek i\u00e7in emniyet valfleri ve a\u015f\u0131r\u0131 y\u00fck korumas\u0131 gibi g\u00fcvenilir emniyet tedbirlerinin kullan\u0131lmas\u0131. <\/li>\n<li>\u00c7evre korumas\u0131n\u0131 sa\u011flamak i\u00e7in hidrolik ya\u011f\u0131n ve di\u011fer tehlikeli maddelerin uygun \u015fekilde bertaraf edilmesi. <\/li>\n<\/ul>\n<h2>Sorun Giderme ve Yayg\u0131n Sorunlar<\/h2>\n<p>Volvo k\u00fc\u00e7\u00fck ekskavat\u00f6r ECR50D'nin kep\u00e7e silindiri, \u00e7al\u0131\u015fma s\u0131ras\u0131nda hidrolik ya\u011f s\u0131z\u0131nt\u0131s\u0131, anormal g\u00fcr\u00fclt\u00fc ve hatal\u0131 \u00e7al\u0131\u015fma gibi \u00e7e\u015fitli sorunlarla kar\u015f\u0131la\u015fabilir. Verimli \u00e7al\u0131\u015fma ve uzun hizmet \u00f6mr\u00fc sa\u011flamak i\u00e7in bu sorunlar\u0131n zaman\u0131nda te\u015fhis edilip \u00e7\u00f6z\u00fclmesi gerekir. Sorun giderme ve yayg\u0131n sorunlar \u015funlard\u0131r:<\/p>\n<ul>\n<li>Hidrolik ya\u011f s\u0131z\u0131nt\u0131s\u0131: Bu sorun, piston contalar\u0131 ve piston kolu contalar\u0131 gibi hasarl\u0131 s\u0131zd\u0131rmazl\u0131k elemanlar\u0131, a\u015f\u0131nm\u0131\u015f silindir g\u00f6vdesi ve piston kolu y\u00fczeyleri ve gev\u015fek ba\u011flant\u0131 par\u00e7alar\u0131ndan kaynaklanabilir. Hasarl\u0131 s\u0131zd\u0131rmazl\u0131k elemanlar\u0131n\u0131n de\u011fi\u015ftirilmesi, silindir g\u00f6vdesi ve piston kolu y\u00fczeyinin d\u00fczeltilmesi ve ba\u011flant\u0131 par\u00e7alar\u0131n\u0131n s\u0131k\u0131lmas\u0131yla \u00e7\u00f6z\u00fclebilir.<\/li>\n<li>Anormal ses: Bu sorun, piston ve valf gibi hasarl\u0131 i\u00e7 bile\u015fenlerden, yetersiz hidrolik ya\u011fdan ve gev\u015fek ba\u011flant\u0131 par\u00e7alar\u0131ndan kaynaklanabilir. Hasarl\u0131 bile\u015fenlerin de\u011fi\u015ftirilmesi, uygun hidrolik ya\u011f eklenmesi ve ba\u011flant\u0131 par\u00e7alar\u0131n\u0131n s\u0131k\u0131lmas\u0131yla \u00e7\u00f6z\u00fclebilir.<\/li>\n<li>Hatal\u0131 \u00e7al\u0131\u015fma: Bu sorun, hatal\u0131 kalibrasyon, hasarl\u0131 i\u00e7 bile\u015fenler ve yetersiz hidrolik ya\u011fdan kaynaklanabilir. Do\u011fru kalibrasyon, hasarl\u0131 bile\u015fenlerin de\u011fi\u015ftirilmesi ve uygun hidrolik ya\u011f eklenmesiyle \u00e7\u00f6z\u00fclebilir.<\/li>\n<\/ul>\n<p><img decoding=\"async\" src=\"https:\/\/www.hydraulic-cylinders.net\/wp-content\/uploads\/2025\/01\/songte-bushings-with-all-kinds-of-excavator-models.webp\" alt=\"Volvo K\u00fc\u00e7\u00fck Ekskavat\u00f6r ECR50D i\u00e7in Kova Silindiri\"\/><\/p>\n<h2>\u015eirketimiz Hakk\u0131nda<\/h2>\n<p>Orijinal ekipman \u00fcreticilerinin yerini alabilecek hidrolik silindirler \u00fcretiyoruz. M\u00fc\u015fterilerimizin \u00e7e\u015fitli operasyonel ihtiya\u00e7lar\u0131n\u0131 kar\u015f\u0131layan kapsaml\u0131 bir hidrolik silindir yelpazesi sunuyoruz. \u015eirketimiz, m\u00fckemmel kalite ilkesine ba\u011fl\u0131 kalarak, hassas \u00fcretim at\u00f6lyesinin end\u00fcstriyel \u00fcretim y\u00f6netimi stratejisine ba\u011fl\u0131 kalarak, at\u00f6lyenin \u00fcretim platformunu s\u00fcrekli olarak geli\u015ftiriyor, \u00fcr\u00fcn kalitesi \u00fcretim rotas\u0131n\u0131 m\u00fckemmelle\u015ftiriyor ve g\u00fc\u00e7l\u00fc bir \u00fcretim kapasitesine sahip. \u015eirketimiz, m\u00fc\u015fterilerimizin ihtiya\u00e7lar\u0131n\u0131 kar\u015f\u0131lamak i\u00e7in y\u00fcksek verimlilik, y\u00fcksek hassasiyet ve y\u00fcksek kaliteli \u00fcr\u00fcnler sunmaktad\u0131r. <\/p>\n<h3>Profesyonellik<\/h3>\n<p>Firmam\u0131z, hidrolik silindir tasar\u0131m\u0131, \u00fcretimi ve bak\u0131m\u0131 konusunda uzmanla\u015fm\u0131\u015f profesyonel m\u00fchendis ve teknisyenlerden olu\u015fan bir ekibe sahiptir. M\u00fc\u015fterilerimizin \u00f6zel ihtiya\u00e7lar\u0131n\u0131 kar\u015f\u0131layan \u00f6zelle\u015ftirilmi\u015f hidrolik silindir \u00e7\u00f6z\u00fcmleri sunuyoruz.<\/p>\n<h3>Uluslararas\u0131 Sertifikasyon<\/h3>\n<p>\u015eirketimiz, ISO9001, CE ve SGS gibi \u00e7e\u015fitli uluslararas\u0131 sertifikalara sahiptir. Bu sertifikalar, \u00fcr\u00fcnlerimizin kalitesini ve g\u00fcvenilirli\u011fini garanti alt\u0131na almaktad\u0131r.<\/p>\n<h3>\u00d6zelle\u015ftirme Hizmetleri<\/h3>\n<p>Firmam\u0131z, m\u00fc\u015fterilerimizin \u00f6zel ihtiya\u00e7lar\u0131n\u0131 kar\u015f\u0131layan \u00f6zelle\u015ftirme hizmetleri sunmaktad\u0131r. M\u00fc\u015fterilerimizin \u00f6zel ihtiya\u00e7lar\u0131n\u0131 kar\u015f\u0131layan \u00f6zelle\u015ftirilmi\u015f hidrolik silindir \u00e7\u00f6z\u00fcmleri sunuyoruz.<\/p>\n<h3>\u00dcretim Ekipmanlar\u0131<\/h3>\n<p>\u015eirketimiz, CNC i\u015fleme merkezleri, CNC torna tezgahlar\u0131 ve hidrolik silindir test ekipmanlar\u0131 da dahil olmak \u00fczere geli\u015fmi\u015f \u00fcretim ekipmanlar\u0131na sahiptir. Bu ekipmanlar, \u00fcr\u00fcnlerimizin y\u00fcksek hassasiyet ve kalitesini garanti eder.<\/p>\n<h3>Sat\u0131\u015f Sonras\u0131 Hizmet<\/h3>\n<p>Firmam\u0131z, d\u00fczenli bak\u0131m, onar\u0131m ve de\u011fi\u015fim hizmetleri de dahil olmak \u00fczere m\u00fckemmel sat\u0131\u015f sonras\u0131 hizmeti sunmaktad\u0131r. \u00dcr\u00fcnlerimizin verimli \u00e7al\u0131\u015fmas\u0131n\u0131 ve uzun \u00f6m\u00fcrl\u00fc olmas\u0131n\u0131 sa\u011flamak i\u00e7in zaman\u0131nda ve etkili sat\u0131\u015f sonras\u0131 hizmeti sunuyoruz.<\/p>\n<p><img decoding=\"async\" src=\"https:\/\/www.hydraulic-cylinders.net\/wp-content\/uploads\/2025\/01\/songte-company-3.webp\" alt=\"Volvo K\u00fc\u00e7\u00fck Ekskavat\u00f6r ECR50D i\u00e7in Kova Silindiri\"\/><\/p>\n<p>Yazar: lyl.<\/p>","protected":false},"excerpt":{"rendered":"<p>Bucket Cylinder For Volvo Small Excavator ECR50D Introduction A bucket cylinder for Volvo small excavator ECR50D is a specially designed hydraulic cylinder primarily used to control the movement of the bucket in heavy machinery such as excavators, backhoe excavators, and front loaders. Its main function is to enable the bucket to lift, lower, and tilt, [&hellip;]<\/p>","protected":false},"featured_media":14771,"comment_status":"open","ping_status":"closed","template":"","meta":{"_et_pb_use_builder":"","_et_pb_old_content":"","_et_gb_content_width":""},"product_brand":[],"product_cat":[1494],"product_tag":[1495,1496],"class_list":{"0":"post-15382","1":"product","2":"type-product","3":"status-publish","4":"has-post-thumbnail","6":"product_cat-bucket-cylinders","7":"product_tag-bucket-cylinders","8":"product_tag-hydraulic-cylinders","10":"first","11":"instock","12":"shipping-taxable","13":"product-type-simple"},"amp_enabled":true,"_links":{"self":[{"href":"https:\/\/www.hydraulic-cylinders.net\/tr\/wp-json\/wp\/v2\/product\/15382","targetHints":{"allow":["GET"]}}],"collection":[{"href":"https:\/\/www.hydraulic-cylinders.net\/tr\/wp-json\/wp\/v2\/product"}],"about":[{"href":"https:\/\/www.hydraulic-cylinders.net\/tr\/wp-json\/wp\/v2\/types\/product"}],"replies":[{"embeddable":true,"href":"https:\/\/www.hydraulic-cylinders.net\/tr\/wp-json\/wp\/v2\/comments?post=15382"}],"wp:featuredmedia":[{"embeddable":true,"href":"https:\/\/www.hydraulic-cylinders.net\/tr\/wp-json\/wp\/v2\/media\/14771"}],"wp:attachment":[{"href":"https:\/\/www.hydraulic-cylinders.net\/tr\/wp-json\/wp\/v2\/media?parent=15382"}],"wp:term":[{"taxonomy":"product_brand","embeddable":true,"href":"https:\/\/www.hydraulic-cylinders.net\/tr\/wp-json\/wp\/v2\/product_brand?post=15382"},{"taxonomy":"product_cat","embeddable":true,"href":"https:\/\/www.hydraulic-cylinders.net\/tr\/wp-json\/wp\/v2\/product_cat?post=15382"},{"taxonomy":"product_tag","embeddable":true,"href":"https:\/\/www.hydraulic-cylinders.net\/tr\/wp-json\/wp\/v2\/product_tag?post=15382"}],"curies":[{"name":"wp","href":"https:\/\/api.w.org\/{rel}","templated":true}]}}