{"id":15387,"date":"2025-01-19T14:28:01","date_gmt":"2025-01-19T14:28:01","guid":{"rendered":"https:\/\/www.hydraulic-cylinders.net\/product\/bucket-cylinder-for-volvo-small-excavator-ec60c-80d\/"},"modified":"2025-01-19T14:28:03","modified_gmt":"2025-01-19T14:28:03","slug":"bucket-cylinder-for-volvo-small-excavator-ec60c-80d","status":"publish","type":"product","link":"https:\/\/www.hydraulic-cylinders.net\/tr\/urun\/bucket-cylinder-for-volvo-small-excavator-ec60c-80d\/","title":{"rendered":"Volvo EC60C\/80D K\u00fc\u00e7\u00fck Ekskavat\u00f6r \u0130\u00e7in Kep\u00e7e Silindiri"},"content":{"rendered":"<h1>Volvo EC60C\/80D K\u00fc\u00e7\u00fck Ekskavat\u00f6r \u0130\u00e7in Kep\u00e7e Silindiri<\/h1>\n<h2>girii\u015f<\/h2>\n<p>Kep\u00e7e silindiri, ekskavat\u00f6rler, kaz\u0131c\u0131 ekskavat\u00f6rler ve \u00f6n y\u00fckleyiciler gibi a\u011f\u0131r makinelerde kep\u00e7enin hareketini kontrol etmek i\u00e7in kullan\u0131lan \u00f6zel olarak tasarlanm\u0131\u015f bir hidrolik silindirdir. Birincil i\u015flevi, kep\u00e7enin kald\u0131r\u0131lmas\u0131n\u0131, indirilmesini ve e\u011filmesini sa\u011flayarak \u00e7e\u015fitli malzeme ta\u015f\u0131ma g\u00f6revlerinin daha kolay ger\u00e7ekle\u015ftirilmesine olanak tan\u0131makt\u0131r. Hidrolik sistemde, kep\u00e7e silindiri hidrolik ya\u011f bas\u0131nc\u0131ndaki de\u011fi\u015fiklikler yoluyla kep\u00e7enin hassas kontrol\u00fcn\u00fc sa\u011flar ve operat\u00f6rlerin a\u011f\u0131r y\u00fckleri verimli bir \u015fekilde ta\u015f\u0131mas\u0131na, karma\u015f\u0131k \u00e7al\u0131\u015fma ortamlar\u0131na ve \u00e7e\u015fitli i\u015f gereksinimlerine uyum sa\u011flamas\u0131na olanak tan\u0131r.<\/p>\n<p><img decoding=\"async\" src=\"https:\/\/www.hydraulic-cylinders.net\/wp-content\/uploads\/2025\/01\/songte-company-2.webp\" alt=\"Volvo EC60C\/80D K\u00fc\u00e7\u00fck Ekskavat\u00f6r \u0130\u00e7in Kep\u00e7e Silindiri\"><\/p>\n<h2>\u00d6zellikler<\/h2>\n<ul>\n<li>\n<h3>Y\u00fcksek G\u00fc\u00e7 ve Dayan\u0131kl\u0131l\u0131k<\/h3>\n<p>Kova silindirleri genellikle y\u00fcksek bas\u0131nca ve a\u011f\u0131r y\u00fcklere dayanabilen, zorlu \u00e7al\u0131\u015fma ortamlar\u0131na uyum sa\u011flayan y\u00fcksek mukavemetli \u00e7elik veya al\u00fcminyumdan \u00fcretilir. Tasar\u0131mda a\u015f\u0131nma direnci ve korozyon direnci dikkate al\u0131narak kullan\u0131m \u00f6mr\u00fc uzat\u0131l\u0131r.<\/p>\n<\/li>\n<li>\n<h3>Verimli Hidrolik \u00c7al\u0131\u015fma<\/h3>\n<p>Kova silindirleri, hidrolik ya\u011f bas\u0131nc\u0131n\u0131 kullanarak d\u00fczg\u00fcn uzama ve daralma hareketleri ger\u00e7ekle\u015ftirir, kontrol komutlar\u0131na h\u0131zl\u0131 yan\u0131t verir, g\u00fc\u00e7l\u00fc itme ve \u00e7ekme kuvveti sa\u011flar ve a\u011f\u0131r y\u00fcklerin ve karma\u015f\u0131k i\u015f g\u00f6revlerinin \u00fcstesinden gelmek i\u00e7in uygundur.<\/p>\n<\/li>\n<li>\n<h3>\u00c7e\u015fitli T\u00fcrler<\/h3>\n<p>Kova silindirleri, ihtiya\u00e7lara g\u00f6re tek etkili (hidrolik yaln\u0131zca tek y\u00f6nde kullan\u0131l\u0131r) veya \u00e7ift etkili (hidrolik her iki y\u00f6nde de kullan\u0131l\u0131r) olarak se\u00e7ilebilir; bu da baz\u0131 modellerde d\u0131\u015f boyutlar\u0131 art\u0131rmadan daha fazla uzama imkan\u0131 sa\u011flar ve s\u0131n\u0131rl\u0131 alan gerektiren uygulamalar i\u00e7in uygundur.<\/p>\n<\/li>\n<li>\n<h3>M\u00fckemmel De\u011fi\u015ftirme<\/h3>\n<p>\u00dcr\u00fcnlerimiz bu hidrolik silindirlerin yerini m\u00fckemmel \u015fekilde alabilir.<\/p>\n<\/li>\n<\/ul>\n<p><img decoding=\"async\" src=\"https:\/\/www.hydraulic-cylinders.net\/wp-content\/uploads\/2025\/01\/songte-cylinder-head-with-all-kinds-excavator-models.webp\" alt=\"Volvo EC60C\/80D K\u00fc\u00e7\u00fck Ekskavat\u00f6r \u0130\u00e7in Kep\u00e7e Silindiri\"><\/p>\n<h2>Uygulamalar<\/h2>\n<ul>\n<li>\n<h3>\u0130n\u015faat Ekipmanlar\u0131<\/h3>\n<p>Kep\u00e7e silindirleri, kaz\u0131c\u0131 makinelerde bulunur ve toprak veya moloz kazma, y\u00fckleme ve ta\u015f\u0131ma i\u015flemlerinde hayati \u00f6neme sahiptir. Kaz\u0131c\u0131 makinelerde kep\u00e7e silindirleri hem kazma hem de kald\u0131rma i\u015flemlerine yard\u0131mc\u0131 olur. \u00d6n y\u00fckleyici makinelerde ise malzemelerin verimli bir \u015fekilde kald\u0131r\u0131lmas\u0131na ve bo\u015falt\u0131lmas\u0131na yard\u0131mc\u0131 olurlar.<\/p>\n<\/li>\n<li>\n<h3>Tar\u0131m Makinalar\u0131<\/h3>\n<p>Kep\u00e7e silindirleri, \u00f6n y\u00fckleyicilerde toprak, saman ve di\u011fer malzemeleri kep\u00e7eyle almak, kald\u0131rmak ve ta\u015f\u0131mak i\u00e7in kullan\u0131l\u0131r. Ekskavat\u00f6rlerde ise kep\u00e7enin topra\u011fa n\u00fcfuz etmesine izin vererek kazma i\u015flemini ger\u00e7ekle\u015ftirirler. <\/p>\n<\/li>\n<\/ul>\n<h2>Tasar\u0131m Hususlar\u0131 ve Se\u00e7im Kriterleri<\/h2>\n<p>Kova silindiri se\u00e7erken ta\u015f\u0131ma kapasitesi, s\u0131zd\u0131rmazl\u0131\u011f\u0131, dayan\u0131kl\u0131l\u0131\u011f\u0131, g\u00fcvenli\u011fi ve bak\u0131m kolayl\u0131\u011f\u0131 dikkate al\u0131nmal\u0131d\u0131r. <\/p>\n<h3>Ta\u015f\u0131ma Kapasitesi<\/h3>\n<p>Hidrolik silindirin ta\u015f\u0131ma kapasitesi, silindir g\u00f6vdesinin mukavemetine, silindir g\u00f6vdesinin i\u00e7 y\u00fczeyinin d\u00fczg\u00fcnl\u00fc\u011f\u00fcne, silindir duvar\u0131n\u0131n kal\u0131nl\u0131\u011f\u0131na ve ba\u011flant\u0131 par\u00e7alar\u0131n\u0131n mukavemetine ba\u011fl\u0131d\u0131r. Ayr\u0131ca, silindir pistonu ve ba\u011flant\u0131 \u00e7ubu\u011funun y\u00fcksek bas\u0131nca ve a\u011f\u0131r y\u00fcklere dayanabilmesi i\u00e7in y\u00fcksek mukavemetli malzemelerden yap\u0131lmas\u0131 gerekir.<\/p>\n<h3>S\u0131zd\u0131rmazl\u0131k<\/h3>\n<p>Silindirin s\u0131zd\u0131rmazl\u0131\u011f\u0131, ya\u011f s\u0131z\u0131nt\u0131s\u0131n\u0131 \u00f6nlemek ve hidrolik sistemin sorunsuz \u00e7al\u0131\u015fmas\u0131n\u0131 sa\u011flamak i\u00e7in \u00e7ok \u00f6nemlidir. Silindir, s\u0131zd\u0131rmazl\u0131k verimlili\u011fini art\u0131rmak ve kullan\u0131m \u00f6mr\u00fcn\u00fc uzatmak i\u00e7in poli\u00fcretan ve nitril kau\u00e7uk gibi a\u015f\u0131nmaya dayan\u0131kl\u0131 malzemelerden yap\u0131lm\u0131\u015f piston contalar\u0131, mil contalar\u0131 ve yast\u0131k contalar\u0131 gibi \u00e7e\u015fitli s\u0131zd\u0131rmazl\u0131k bile\u015fenleriyle donat\u0131lmal\u0131d\u0131r.<\/p>\n<h3>Dayan\u0131kl\u0131l\u0131k<\/h3>\n<p>Silindir g\u00f6vdesi ve silindir kapa\u011f\u0131n\u0131n di\u015fli u\u00e7 y\u00fczeyi, a\u015f\u0131nma ve korozyon direncini art\u0131rmak i\u00e7in ince bir \u015fekilde i\u015flenmelidir. Silindirin dayan\u0131kl\u0131l\u0131\u011f\u0131n\u0131 korumak i\u00e7in d\u00fczenli ya\u011flama da gereklidir.<\/p>\n<h3>Emniyet<\/h3>\n<p>Kova silindiri, hidrolik bas\u0131n\u00e7 kayb\u0131 veya di\u011fer beklenmedik durumlar nedeniyle ani d\u00fc\u015f\u00fc\u015fleri \u00f6nlemek i\u00e7in bir emniyet valfi ile donat\u0131lmal\u0131d\u0131r. Ayr\u0131ca, operat\u00f6r silindiri kullanmadan \u00f6nce \u00e7al\u0131\u015ft\u0131rma prosed\u00fcrleri, bak\u0131m gereksinimleri ve g\u00fcvenlik \u00f6nlemleri konusunda bilgi sahibi olmal\u0131d\u0131r.<\/p>\n<h3>Bak\u0131m kolayl\u0131\u011f\u0131<\/h3>\n<p>Kep\u00e7e silindirinin s\u00f6k\u00fclmesi ve bak\u0131m\u0131 kolay olmal\u0131d\u0131r. \u0130yi bir kep\u00e7e silindiri, kolayca de\u011fi\u015ftirilebilen contalar, kolayca s\u00f6k\u00fclebilen piston kollar\u0131 ve kolayca de\u011fi\u015ftirilebilen a\u015f\u0131nmaya dayan\u0131kl\u0131 par\u00e7alarla tasarlanmal\u0131d\u0131r. <\/p>\n<p><img decoding=\"async\" src=\"https:\/\/www.hydraulic-cylinders.net\/wp-content\/uploads\/2025\/01\/songte-oil-pipes-and-spare-parts.webp\" alt=\"Volvo EC60C\/80D K\u00fc\u00e7\u00fck Ekskavat\u00f6r \u0130\u00e7in Kep\u00e7e Silindiri\"><\/p>\n<h2>Bak\u0131m ve Onar\u0131m<\/h2>\n<p>D\u00fczenli bak\u0131m ve onar\u0131m, kova silindirinin kullan\u0131m \u00f6mr\u00fcn\u00fc uzatabilir.<\/p>\n<h3>Kurulum<\/h3>\n<p>Kep\u00e7e silindirinin \u00e7al\u0131\u015fmas\u0131 i\u00e7in do\u011fru montaj \u00e7ok \u00f6nemlidir. Silindirin do\u011fru \u015fekilde hizalanmas\u0131 ve silindiri sabitlemek i\u00e7in uygun montaj braketlerinin kullan\u0131lmas\u0131 \u00f6nerilir.<\/p>\n<h3>Bak\u0131m<\/h3>\n<ul>\n<li>D\u00fczenli Kontrol: A\u015f\u0131nma ve hasar\u0131 erken tespit etmek i\u00e7in silindiri d\u00fczenli olarak kontrol edin.<\/li>\n<li>Ya\u011flama: Silindirin ya\u011flanmas\u0131n\u0131 sa\u011flamak i\u00e7in d\u00fczenli olarak uygun miktarda hidrolik ya\u011f ekleyin. <\/li>\n<li>S\u0131zd\u0131rmazl\u0131k Contas\u0131 De\u011fi\u015fimi: Ya\u011f s\u0131z\u0131nt\u0131s\u0131n\u0131 \u00f6nlemek i\u00e7in contay\u0131 d\u00fczenli olarak de\u011fi\u015ftirin. <\/li>\n<li>Kalibrasyon Kontrol\u00fc: Do\u011fru \u00e7al\u0131\u015fmas\u0131n\u0131 sa\u011flamak i\u00e7in kova silindirinin kalibrasyonunu kontrol edin.<\/li>\n<\/ul>\n<h3>Tamirat<\/h3>\n<p>Kep\u00e7e silindirinin onar\u0131m i\u015flemi, \u00f6nerilen prosed\u00fcrlere uygun olarak yap\u0131lmal\u0131d\u0131r. Kep\u00e7e silindirinin d\u00fczg\u00fcn \u00e7al\u0131\u015fmas\u0131n\u0131 sa\u011flamak i\u00e7in y\u00fcksek kaliteli yedek par\u00e7alar ve onar\u0131m hizmetleri kullan\u0131lmas\u0131 \u015fartt\u0131r.<\/p>\n<p><img decoding=\"async\" src=\"https:\/\/www.hydraulic-cylinders.net\/wp-content\/uploads\/2025\/01\/songte-chushion-collar.webp\" alt=\"Volvo EC60C\/80D K\u00fc\u00e7\u00fck Ekskavat\u00f6r \u0130\u00e7in Kep\u00e7e Silindiri\"><\/p>\n<h2>G\u00fcvenlik ve \u00c7evresel Hususlar<\/h2>\n<p>Kep\u00e7e silindirini kullan\u0131rken kazalar\u0131 \u00f6nlemek i\u00e7in g\u00fcvenlik \u00f6nlemlerine uymak \u00e7ok \u00f6nemlidir. Ayr\u0131ca, kep\u00e7e silindirinde kullan\u0131lan hidrolik ya\u011f\u0131n \u00e7evreye zarar vermemesi i\u00e7in uygun \u015fekilde imha edilmesi gerekir.<\/p>\n<h2>Ar\u0131za Te\u015fhisi ve Yayg\u0131n Sorunlar<\/h2>\n<p>Kep\u00e7e silindirlerinde s\u0131k kar\u015f\u0131la\u015f\u0131lan sorunlar aras\u0131nda ya\u011f ka\u00e7a\u011f\u0131, anormal ses ve yetersiz g\u00fc\u00e7 yer al\u0131r. Bu sorunlar\u0131 te\u015fhis etmek ve \u00e7\u00f6zmek i\u00e7in hidrolik sistemin incelenmesi, contalar\u0131n de\u011fi\u015ftirilmesi, kalibrasyonun kontrol edilmesi ve silindirin yeniden onar\u0131lmas\u0131 gereklidir.<\/p>\n<p><img decoding=\"async\" src=\"https:\/\/www.hydraulic-cylinders.net\/wp-content\/uploads\/2025\/01\/songte-bushings-with-all-kinds-of-excavator-models.webp\" alt=\"Volvo EC60C\/80D K\u00fc\u00e7\u00fck Ekskavat\u00f6r \u0130\u00e7in Kep\u00e7e Silindiri\"><\/p>\n<h2>\u015eirketimiz Hakk\u0131nda<\/h2>\n<p>Yurti\u00e7i ve yurtd\u0131\u015f\u0131 pazarlarda hidrolik silindirlerin \u00f6nde gelen \u00fcreticisi ve toptan da\u011f\u0131t\u0131c\u0131s\u0131y\u0131z. \u00d6zelle\u015ftirme, \u00fcretim ve sat\u0131\u015f sonras\u0131 destek dahil olmak \u00fczere geni\u015f bir \u00fcr\u00fcn ve hizmet yelpazesi sunuyoruz. \u015eirketimiz, m\u00fc\u015fterilerin \u00e7e\u015fitli ihtiya\u00e7lar\u0131n\u0131 kar\u015f\u0131lamak i\u00e7in y\u00fcksek verimlilik, y\u00fcksek hassasiyet ve y\u00fcksek kalite ilkesine ba\u011fl\u0131 kalmaktad\u0131r. <\/p>\n<h3>Profesyonellik<\/h3>\n<p>Profesyonel teknik ekibimiz ve geli\u015fmi\u015f dijital \u00fcretim ekipmanlar\u0131m\u0131z sayesinde m\u00fc\u015fterilerimize y\u00fcksek kaliteli \u00fcr\u00fcnler ve hizmetler sunabiliyoruz.<\/p>\n<h3>Uluslararas\u0131 Sertifikasyon<\/h3>\n<p>\u00dcr\u00fcnlerimiz ISO9001 kalite y\u00f6netim sistemi belgesini ve CE belgesini alm\u0131\u015ft\u0131r; bu da \u00fcr\u00fcnlerimizin kalitesini ve g\u00fcvenli\u011fini garanti alt\u0131na almaktad\u0131r.<\/p>\n<h3>\u00d6zelle\u015ftirme Hizmeti<\/h3>\n<p>M\u00fc\u015fterilerimizin \u00f6zel ihtiya\u00e7lar\u0131n\u0131 kar\u015f\u0131lamak i\u00e7in \u00f6zelle\u015ftirme hizmetleri sunuyoruz.<\/p>\n<h3>\u00dcretim Ekipmanlar\u0131<\/h3>\n<p>\u00dcr\u00fcn kalitesini ve \u00fcretim verimlili\u011fini sa\u011flamak i\u00e7in geli\u015fmi\u015f dijital \u00fcretim ekipmanlar\u0131na ve profesyonel \u00fcretim hatlar\u0131na sahibiz.<\/p>\n<h3>Sat\u0131\u015f Sonras\u0131 Hizmet<\/h3>\n<p>Hidrolik sistemin sorunsuz \u00e7al\u0131\u015fmas\u0131n\u0131 sa\u011flamak i\u00e7in teknik destek, bak\u0131m hizmetleri ve yedek par\u00e7a de\u011fi\u015fimi hizmetleri de dahil olmak \u00fczere kapsaml\u0131 sat\u0131\u015f sonras\u0131 hizmetler sunuyoruz.<\/p>\n<p><img decoding=\"async\" src=\"https:\/\/hzpt.com\/wp-content\/uploads\/2024\/11\/songte-company-1.webp\" alt=\"Volvo EC60C\/80D K\u00fc\u00e7\u00fck Ekskavat\u00f6r \u0130\u00e7in Kep\u00e7e Silindiri\"><\/p>\n<p>Yazar: lyl<\/p>","protected":false},"excerpt":{"rendered":"<p>Bucket Cylinder For Volvo Small Excavator EC60C\/80D Introduction A bucket cylinder is a specially designed hydraulic cylinder used to control the movement of a bucket in heavy machinery such as excavators, backhoe excavators, and front-end loaders. Its primary function is to enable the bucket to lift, lower, and tilt, making it easier to perform various [&hellip;]<\/p>","protected":false},"featured_media":14789,"comment_status":"open","ping_status":"closed","template":"","meta":{"_et_pb_use_builder":"","_et_pb_old_content":"","_et_gb_content_width":""},"product_brand":[],"product_cat":[1494],"product_tag":[1495,1496],"class_list":{"0":"post-15387","1":"product","2":"type-product","3":"status-publish","4":"has-post-thumbnail","6":"product_cat-bucket-cylinders","7":"product_tag-bucket-cylinders","8":"product_tag-hydraulic-cylinders","10":"first","11":"instock","12":"shipping-taxable","13":"product-type-simple"},"amp_enabled":true,"_links":{"self":[{"href":"https:\/\/www.hydraulic-cylinders.net\/tr\/wp-json\/wp\/v2\/product\/15387","targetHints":{"allow":["GET"]}}],"collection":[{"href":"https:\/\/www.hydraulic-cylinders.net\/tr\/wp-json\/wp\/v2\/product"}],"about":[{"href":"https:\/\/www.hydraulic-cylinders.net\/tr\/wp-json\/wp\/v2\/types\/product"}],"replies":[{"embeddable":true,"href":"https:\/\/www.hydraulic-cylinders.net\/tr\/wp-json\/wp\/v2\/comments?post=15387"}],"wp:featuredmedia":[{"embeddable":true,"href":"https:\/\/www.hydraulic-cylinders.net\/tr\/wp-json\/wp\/v2\/media\/14789"}],"wp:attachment":[{"href":"https:\/\/www.hydraulic-cylinders.net\/tr\/wp-json\/wp\/v2\/media?parent=15387"}],"wp:term":[{"taxonomy":"product_brand","embeddable":true,"href":"https:\/\/www.hydraulic-cylinders.net\/tr\/wp-json\/wp\/v2\/product_brand?post=15387"},{"taxonomy":"product_cat","embeddable":true,"href":"https:\/\/www.hydraulic-cylinders.net\/tr\/wp-json\/wp\/v2\/product_cat?post=15387"},{"taxonomy":"product_tag","embeddable":true,"href":"https:\/\/www.hydraulic-cylinders.net\/tr\/wp-json\/wp\/v2\/product_tag?post=15387"}],"curies":[{"name":"wp","href":"https:\/\/api.w.org\/{rel}","templated":true}]}}