{"id":15399,"date":"2025-01-19T14:28:57","date_gmt":"2025-01-19T14:28:57","guid":{"rendered":"https:\/\/www.hydraulic-cylinders.net\/product\/bucket-cylinder-for-volvo-middle-excavator-ec250enz\/"},"modified":"2025-01-19T14:28:59","modified_gmt":"2025-01-19T14:28:59","slug":"bucket-cylinder-for-volvo-middle-excavator-ec250enz","status":"publish","type":"product","link":"https:\/\/www.hydraulic-cylinders.net\/tr\/urun\/bucket-cylinder-for-volvo-middle-excavator-ec250enz\/","title":{"rendered":"Volvo EC250ENZ Orta Boy Ekskavat\u00f6r \u0130\u00e7in Kep\u00e7e Silindiri"},"content":{"rendered":"<p><!DOCTYPE html><br \/>\n<html><br \/>\n<head><br \/>\n<title>Volvo EC250ENZ Orta Boy Ekskavat\u00f6r \u0130\u00e7in Kep\u00e7e Silindiri<\/title><br \/>\n<\/head><br \/>\n<body><\/p>\n<h1>Volvo EC250ENZ Orta Boy Ekskavat\u00f6r \u0130\u00e7in Kep\u00e7e Silindiri<\/h1>\n<h2>girii\u015f<\/h2>\n<p>Volvo EC250ENZ orta boy ekskavat\u00f6r i\u00e7in kep\u00e7e silindiri, ekskavat\u00f6rler, kaz\u0131c\u0131 y\u00fckleyiciler ve \u00f6n y\u00fckleyiciler gibi a\u011f\u0131r makinelerde kep\u00e7enin hareketlerini kontrol etmek i\u00e7in \u00f6zel olarak tasarlanm\u0131\u015f bir hidrolik silindirdir. Ana i\u015flevi, kep\u00e7enin kald\u0131r\u0131lmas\u0131n\u0131, indirilmesini ve e\u011filmesini sa\u011flayarak \u00e7e\u015fitli malzeme ta\u015f\u0131ma g\u00f6revlerini kolayla\u015ft\u0131rmakt\u0131r. Hidrolik sistemde, kep\u00e7e silindiri hidrolik ya\u011f\u0131n bas\u0131n\u00e7 de\u011fi\u015fimlerini kullanarak kep\u00e7enin hassas kontrol\u00fcn\u00fc sa\u011flar ve operat\u00f6rlerin a\u011f\u0131r y\u00fckleri verimli bir \u015fekilde ta\u015f\u0131mas\u0131na, karma\u015f\u0131k \u00e7al\u0131\u015fma ortamlar\u0131na ve \u00e7e\u015fitli i\u015f gereksinimlerine uyum sa\u011flamas\u0131na olanak tan\u0131r.<\/p>\n<p><img decoding=\"async\" src=\"https:\/\/www.hydraulic-cylinders.net\/wp-content\/uploads\/2025\/01\/songte-company-2.webp\" alt=\"Kova Silindiri G\u00f6r\u00fcnt\u00fcs\u00fc\"><\/p>\n<h2>\u00d6zellikler<\/h2>\n<ul>\n<li><strong>Y\u00fcksek Dayan\u0131kl\u0131l\u0131k ve Dayan\u0131kl\u0131l\u0131k:<\/strong> Genellikle y\u00fcksek mukavemetli \u00e7elik veya al\u00fcminyumdan \u00fcretilen kova silindiri, y\u00fcksek bas\u0131nca ve a\u011f\u0131r y\u00fcklere dayanabilir ve zorlu \u00e7al\u0131\u015fma ko\u015fullar\u0131na uyum sa\u011flayabilir. Tasar\u0131m\u0131nda a\u015f\u0131nma direnci ve korozyon direnci dikkate al\u0131narak kullan\u0131m \u00f6mr\u00fc uzat\u0131lm\u0131\u015ft\u0131r.<\/li>\n<li><strong>Verimli Hidrolik \u00c7al\u0131\u015fma:<\/strong> Hidrolik ya\u011f\u0131n bas\u0131nc\u0131ndan yararlan\u0131larak, kova silindiri d\u00fczg\u00fcn uzatma ve geri \u00e7ekme hareketleri ger\u00e7ekle\u015ftirir, kontrol komutlar\u0131na h\u0131zl\u0131 tepki verilmesini sa\u011flar ve a\u011f\u0131r y\u00fcklerin ve karma\u015f\u0131k i\u015f g\u00f6revlerinin ta\u015f\u0131nmas\u0131 i\u00e7in uygun, g\u00fc\u00e7l\u00fc itme ve \u00e7ekme kuvvetleri sa\u011flar.<\/li>\n<li><strong>\u00c7e\u015fitli Tipler:<\/strong> Kova silindiri, \u00f6zel \u00e7al\u0131\u015fma ihtiya\u00e7lar\u0131na g\u00f6re tek etkili (hidrolik sadece tek y\u00f6nde kullan\u0131l\u0131r) veya \u00e7ift etkili (hidrolik her iki y\u00f6nde kullan\u0131l\u0131r) silindir olarak se\u00e7ilebilir. Baz\u0131 modeller teleskopiktir ve d\u0131\u015f boyutlar\u0131 art\u0131rmadan daha fazla uzatmaya olanak tan\u0131yarak s\u0131n\u0131rl\u0131 alana sahip uygulamalar i\u00e7in uygun hale gelir.<\/li>\n<\/ul>\n<p><img decoding=\"async\" src=\"https:\/\/www.hydraulic-cylinders.net\/wp-content\/uploads\/2025\/01\/songte-cylinder-head-with-all-kinds-excavator-models.webp\" alt=\"Kova Silindiri Uygulamalar\u0131\"><\/p>\n<h2>Uygulamalar<\/h2>\n<p>Kova silindiri, a\u015fa\u011f\u0131dakiler de dahil olmak \u00fczere \u00e7e\u015fitli ekipmanlarda uygulama alan\u0131 bulmaktad\u0131r:<\/p>\n<ul>\n<li>\u0130n\u015faat Makineleri: Ekskavat\u00f6rlerde bulunan bu par\u00e7alar, toprak veya molozun kaz\u0131lmas\u0131, y\u00fcklenmesi ve ta\u015f\u0131nmas\u0131 i\u00e7in hayati \u00f6neme sahiptir. Kaz\u0131c\u0131 y\u00fckleyicilerde ise kova silindiri hem kazmaya hem de kald\u0131rmaya yard\u0131mc\u0131 olur.<\/li>\n<li>Tar\u0131m Makinalar\u0131: \u00d6n y\u00fckleyicilerde toprak, saman ve di\u011fer malzemeleri kep\u00e7elemek, kald\u0131rmak ve ta\u015f\u0131mak i\u00e7in kullan\u0131l\u0131r.<\/li>\n<li>Ekskavat\u00f6rler: Kova silindiri, kovan\u0131n topra\u011fa n\u00fcfuz etmesini sa\u011flayarak kazma i\u015flemini ger\u00e7ekle\u015ftirir.<\/li>\n<li>Y\u00fckleyiciler: \u00d6n y\u00fckleyicilerde, mallar\u0131n etkili bir \u015fekilde kald\u0131r\u0131lmas\u0131na ve bo\u015falt\u0131lmas\u0131na yard\u0131mc\u0131 olurlar.<\/li>\n<\/ul>\n<h2>Tasar\u0131m Hususlar\u0131 ve Se\u00e7im Kriterleri<\/h2>\n<p>Kova silindiri tasarlan\u0131rken a\u015fa\u011f\u0131dakiler de dahil olmak \u00fczere \u00e7e\u015fitli fakt\u00f6rler dikkate al\u0131n\u0131r:<\/p>\n<ul>\n<li>Y\u00fck Ta\u015f\u0131ma Kapasitesi<\/li>\n<li>S\u0131zd\u0131rmazl\u0131k<\/li>\n<li>Dayan\u0131kl\u0131l\u0131k<\/li>\n<li>Emniyet<\/li>\n<li>Bak\u0131m kolayl\u0131\u011f\u0131<\/li>\n<\/ul>\n<p><img decoding=\"async\" src=\"https:\/\/www.hydraulic-cylinders.net\/wp-content\/uploads\/2025\/01\/songte-oil-pipes-and-spare-parts.webp\" alt=\"Kova Silindir Tasar\u0131m\u0131\"><\/p>\n<h2>S\u0131zd\u0131rmazl\u0131k ve Ya\u011flama<\/h2>\n<p>Kova silindiri, poli\u00fcretan ve nitril kau\u00e7uk gibi a\u015f\u0131nmaya dayan\u0131kl\u0131 malzemelerden yap\u0131lm\u0131\u015f piston contalar\u0131 ve mil contalar\u0131 gibi \u00e7e\u015fitli s\u0131zd\u0131rmazl\u0131k bile\u015fenleri kullan\u0131r. Silindir g\u00f6vdesi ve di\u015fli u\u00e7lar, a\u015f\u0131nma direncini art\u0131rmak i\u00e7in ince bir i\u015flemden ge\u00e7irilir. Sorunsuz \u00e7al\u0131\u015fma sa\u011flamak i\u00e7in uygun miktarda hidrolik ya\u011f ile d\u00fczenli ya\u011flama gereklidir.<\/p>\n<h2>D\u00fczenli Muayene ve \u00d6nleyici Bak\u0131m<\/h2>\n<ul>\n<li>Kova silindirini d\u00fczenli olarak s\u0131z\u0131nt\u0131, hasar veya a\u015f\u0131nma belirtileri a\u00e7\u0131s\u0131ndan kontrol edin.<\/li>\n<li>T\u00fcm hareketli par\u00e7alar\u0131n uygun \u015fekilde ya\u011fland\u0131\u011f\u0131ndan emin olun.<\/li>\n<li>Gerekti\u011finde contalar\u0131 ve contalar\u0131 de\u011fi\u015ftirin.<\/li>\n<\/ul>\n<h2>Uygun Kurulum Y\u00f6nergeleri<\/h2>\n<p>Kep\u00e7e silindirini takarken \u015funlara dikkat etmek \u00f6nemlidir:<\/p>\n<ul>\n<li>Silindirin do\u011fru hizaland\u0131\u011f\u0131ndan emin olun.<\/li>\n<li>Silindiri sabitlemek i\u00e7in uygun montaj braketlerini kullan\u0131n.<\/li>\n<\/ul>\n<p><img decoding=\"async\" src=\"https:\/\/www.hydraulic-cylinders.net\/wp-content\/uploads\/2025\/01\/songte-chushion-collar.webp\" alt=\"Kova Silindiri Montaj\u0131\"><\/p>\n<h2>Yayg\u0131n Bak\u0131m G\u00f6revleri<\/h2>\n<p>Kova silindiri i\u00e7in d\u00fczenli bak\u0131m g\u00f6revleri \u015funlar\u0131 i\u00e7erir:<\/p>\n<ul>\n<li>D\u00fczenli denetimler<\/li>\n<li>Uygun ya\u011flama<\/li>\n<li>Conta de\u011fi\u015fimi<\/li>\n<li>Kalibrasyon kontrolleri<\/li>\n<\/ul>\n<h2>G\u00fcvenlik Hususlar\u0131 ve \u00c7evresel Fakt\u00f6rler<\/h2>\n<p>Kova silindiri kullan\u0131l\u0131rken, operat\u00f6rlerin g\u00fcvenli\u011fini sa\u011flamak ve kazalar\u0131 \u00f6nlemek i\u00e7in g\u00fcvenlik \u00f6nlemlerine uyulmas\u0131 \u00f6nemlidir. Olumsuz etkileri en aza indirmek i\u00e7in \u00e7evresel fakt\u00f6rler de dikkate al\u0131nmal\u0131d\u0131r.<\/p>\n<p><img decoding=\"async\" src=\"https:\/\/www.hydraulic-cylinders.net\/wp-content\/uploads\/2025\/01\/songte-bushings-with-all-kinds-of-excavator-models.webp\" alt=\"Kova Silindiri G\u00fcvenli\u011fi\"><\/p>\n<h2>Sorun Giderme ve Yayg\u0131n Sorunlar<\/h2>\n<p>Kova silindiriyle ilgili ortaya \u00e7\u0131kabilecek baz\u0131 yayg\u0131n sorunlar \u015funlard\u0131r:<\/p>\n<ul>\n<li>S\u0131z\u0131nt\u0131<\/li>\n<li>Yava\u015f veya tepkisiz \u00e7al\u0131\u015fma<\/li>\n<li>A\u015f\u0131r\u0131 g\u00fcr\u00fclt\u00fc<\/li>\n<\/ul>\n<p>Bu sorunlar\u0131 gidermek ve \u00e7\u00f6zmek i\u00e7in:<\/p>\n<ul>\n<li>S\u0131z\u0131nt\u0131 olup olmad\u0131\u011f\u0131n\u0131 kontrol edin ve ar\u0131zal\u0131 contalar\u0131 onar\u0131n veya de\u011fi\u015ftirin.<\/li>\n<li>Uygun ya\u011flamay\u0131 sa\u011flay\u0131n ve hidrolik s\u0131v\u0131s\u0131yla ilgili sorunlar\u0131 giderin.<\/li>\n<li>A\u015f\u0131r\u0131 g\u00fcr\u00fclt\u00fcye veya yava\u015f \u00e7al\u0131\u015fmaya neden olan mekanik sorunlar\u0131 inceleyin ve giderin.<\/li>\n<\/ul>\n<p><img decoding=\"async\" src=\"https:\/\/www.hydraulic-cylinders.net\/wp-content\/uploads\/2025\/01\/songte-company-1.webp\" alt=\"Kova Silindiri Sorun Giderme\"><\/p>\n<h2>\u015eirketimiz Hakk\u0131nda<\/h2>\n<p>Geni\u015f \u00fcr\u00fcn yelpazesi sunan yedek hidrolik silindir \u00fcreticisiyiz. Yurti\u00e7i ve yurtd\u0131\u015f\u0131 pazarlarda \u00f6nde gelen hidrolik silindir \u00fcreticilerinden ve toptanc\u0131lar\u0131ndan biri haline geldik. M\u00fckemmellik ilkelerine ba\u011fl\u0131 kalarak, geli\u015fmi\u015f \u00fcretim at\u00f6lyelerimizde end\u00fcstriyel \u00fcretim y\u00f6netim stratejilerine g\u00fcveniyoruz. Teknik yeteneklerimiz, geli\u015fmi\u015f dijital \u00fcretim ekipmanlar\u0131m\u0131z ve profesyonel test sistemlerimizle \u00fcretim platformumuzu s\u00fcrekli geli\u015ftiriyor, \u00fcr\u00fcn kalitesi i\u00e7in \u00fcretim yolunu iyile\u015ftiriyor ve g\u00fc\u00e7l\u00fc yenilik\u00e7i yeteneklere sahibiz. Y\u00fcksek verimlilik, y\u00fcksek hassasiyet ve y\u00fcksek kalite ilkeleriyle m\u00fc\u015fterilerimizin \u00e7e\u015fitli ihtiya\u00e7lar\u0131n\u0131 kar\u015f\u0131lamaya \u00e7al\u0131\u015f\u0131yoruz.<\/p>\n<p><img decoding=\"async\" src=\"https:\/\/www.hydraulic-cylinders.net\/wp-content\/uploads\/2025\/01\/songte-company-3.webp\" alt=\"\u015eirket Bilgileri\"><\/p>\n<p>\u015eirketimizin g\u00fc\u00e7l\u00fc y\u00f6nleri \u015funlard\u0131r:<\/p>\n<ul>\n<li>Profesyonellik<\/li>\n<li>Uluslararas\u0131 sertifikalar<\/li>\n<li>\u00d6zelle\u015ftirme hizmetleri<\/li>\n<li>Geli\u015fmi\u015f \u00fcretim ekipmanlar\u0131<\/li>\n<li>Sat\u0131\u015f sonras\u0131 hizmetler<\/li>\n<\/ul>\n<p>Yazar: lyl<\/p>\n<p><\/body><br \/>\n<\/html><\/p>","protected":false},"excerpt":{"rendered":"<p>Bucket Cylinder For Volvo Middle Excavator EC250ENZ Bucket Cylinder For Volvo Middle Excavator EC250ENZ Introduction The bucket cylinder for Volvo middle excavator EC250ENZ is a specially designed hydraulic cylinder that is primarily used to control the movements of the bucket in heavy machinery such as excavators, backhoe loaders, and front-end loaders. Its main function is [&hellip;]<\/p>","protected":false},"featured_media":14765,"comment_status":"open","ping_status":"closed","template":"","meta":{"_et_pb_use_builder":"","_et_pb_old_content":"","_et_gb_content_width":""},"product_brand":[],"product_cat":[1494],"product_tag":[1495,1496],"class_list":{"0":"post-15399","1":"product","2":"type-product","3":"status-publish","4":"has-post-thumbnail","6":"product_cat-bucket-cylinders","7":"product_tag-bucket-cylinders","8":"product_tag-hydraulic-cylinders","10":"first","11":"instock","12":"shipping-taxable","13":"product-type-simple"},"amp_enabled":true,"_links":{"self":[{"href":"https:\/\/www.hydraulic-cylinders.net\/tr\/wp-json\/wp\/v2\/product\/15399","targetHints":{"allow":["GET"]}}],"collection":[{"href":"https:\/\/www.hydraulic-cylinders.net\/tr\/wp-json\/wp\/v2\/product"}],"about":[{"href":"https:\/\/www.hydraulic-cylinders.net\/tr\/wp-json\/wp\/v2\/types\/product"}],"replies":[{"embeddable":true,"href":"https:\/\/www.hydraulic-cylinders.net\/tr\/wp-json\/wp\/v2\/comments?post=15399"}],"wp:featuredmedia":[{"embeddable":true,"href":"https:\/\/www.hydraulic-cylinders.net\/tr\/wp-json\/wp\/v2\/media\/14765"}],"wp:attachment":[{"href":"https:\/\/www.hydraulic-cylinders.net\/tr\/wp-json\/wp\/v2\/media?parent=15399"}],"wp:term":[{"taxonomy":"product_brand","embeddable":true,"href":"https:\/\/www.hydraulic-cylinders.net\/tr\/wp-json\/wp\/v2\/product_brand?post=15399"},{"taxonomy":"product_cat","embeddable":true,"href":"https:\/\/www.hydraulic-cylinders.net\/tr\/wp-json\/wp\/v2\/product_cat?post=15399"},{"taxonomy":"product_tag","embeddable":true,"href":"https:\/\/www.hydraulic-cylinders.net\/tr\/wp-json\/wp\/v2\/product_tag?post=15399"}],"curies":[{"name":"wp","href":"https:\/\/api.w.org\/{rel}","templated":true}]}}