{"id":15402,"date":"2025-01-19T14:29:09","date_gmt":"2025-01-19T14:29:09","guid":{"rendered":"https:\/\/www.hydraulic-cylinders.net\/product\/bucket-cylinder-for-volvo-large-excavator-ec380el\/"},"modified":"2025-01-19T14:29:11","modified_gmt":"2025-01-19T14:29:11","slug":"bucket-cylinder-for-volvo-large-excavator-ec380el","status":"publish","type":"product","link":"https:\/\/www.hydraulic-cylinders.net\/tr\/urun\/bucket-cylinder-for-volvo-large-excavator-ec380el\/","title":{"rendered":"Volvo EC380EL B\u00fcy\u00fck Ekskavat\u00f6r \u0130\u00e7in Kep\u00e7e Silindiri"},"content":{"rendered":"<h1>Volvo EC380EL B\u00fcy\u00fck Ekskavat\u00f6r \u0130\u00e7in Kep\u00e7e Silindiri<\/h1>\n<h2>girii\u015f<\/h2>\n<p>Kep\u00e7e silindiri, ekskavat\u00f6rler, kaz\u0131c\u0131lar ve y\u00fckleyiciler gibi a\u011f\u0131r makinelerde kep\u00e7enin hareketini kontrol eden \u00f6zel bir hidrolik silindirdir. Ana i\u015flevi, kep\u00e7enin kald\u0131rma, indirme ve e\u011fme i\u015flemlerini ger\u00e7ekle\u015ftirmesini sa\u011flayarak \u00e7e\u015fitli malzeme ta\u015f\u0131ma g\u00f6revlerini kolayla\u015ft\u0131rmakt\u0131r. Hidrolik sistemde, kep\u00e7e silindirleri hidrolik ya\u011f bas\u0131nc\u0131n\u0131 de\u011fi\u015ftirerek kep\u00e7enin hassas hareketini kontrol eder ve operat\u00f6rlerin a\u011f\u0131r y\u00fckleri verimli bir \u015fekilde ta\u015f\u0131mas\u0131na, karma\u015f\u0131k \u00e7al\u0131\u015fma ortamlar\u0131na ve \u00e7e\u015fitli operasyonel ihtiya\u00e7lara uyum sa\u011flamas\u0131na olanak tan\u0131r.<\/p>\n<p><img decoding=\"async\" src=\"https:\/\/www.hydraulic-cylinders.net\/wp-content\/uploads\/2025\/01\/songte-company-2.webp\" alt=\"Volvo EC380EL B\u00fcy\u00fck Ekskavat\u00f6r \u0130\u00e7in Kep\u00e7e Silindiri\" \/><\/p>\n<h2>\u00d6zellikler<\/h2>\n<ul>\n<li>Y\u00fcksek mukavemet ve dayan\u0131kl\u0131l\u0131k: Genellikle y\u00fcksek mukavemetli \u00e7elik veya al\u00fcminyumdan \u00fcretilir, y\u00fcksek bas\u0131nca ve a\u011f\u0131r y\u00fcklere dayanabilir, zorlu \u00e7al\u0131\u015fma ortamlar\u0131na uyum sa\u011flar, a\u015f\u0131nma ve korozyon direnci ile tasarlanm\u0131\u015ft\u0131r, kullan\u0131m \u00f6mr\u00fcn\u00fc uzat\u0131r.<\/li>\n<li>Verimli hidrolik \u00e7al\u0131\u015fma: Hidrolik ya\u011f bas\u0131nc\u0131n\u0131 kullanarak d\u00fczg\u00fcn uzama ve daralma hareketi sa\u011flar, g\u00fc\u00e7l\u00fc itme ve \u00e7ekme kuvveti sunar, a\u011f\u0131r y\u00fcklerin ve karma\u015f\u0131k operasyonel g\u00f6revlerin \u00fcstesinden gelmek i\u00e7in uygundur.<\/li>\n<li>\u00c7e\u015fitli tipler: Kova silindirleri, farkl\u0131 \u00e7al\u0131\u015fma gereksinimlerini kar\u015f\u0131lamak i\u00e7in tek etkili (hidrolik yaln\u0131zca tek y\u00f6nde kullan\u0131l\u0131r) veya \u00e7ift etkili (hidrolik iki y\u00f6nde kullan\u0131l\u0131r) olabilir. Baz\u0131 modeller teleskopiktir ve d\u0131\u015f boyutlar\u0131 art\u0131rmadan daha fazla uzatmaya olanak tan\u0131r, bu da s\u0131n\u0131rl\u0131 alan uygulamalar\u0131 i\u00e7in uygundur.<\/li>\n<li>M\u00fckemmel de\u011fi\u015ftirme: \u00dcr\u00fcnlerimiz bu hidrolik silindirlerin yerini m\u00fckemmel \u015fekilde alabilir.<\/li>\n<\/ul>\n<p><img decoding=\"async\" src=\"https:\/\/www.hydraulic-cylinders.net\/wp-content\/uploads\/2025\/01\/songte-cylinder-head-with-all-kinds-excavator-models.webp\" alt=\"Volvo EC380EL B\u00fcy\u00fck Ekskavat\u00f6r \u0130\u00e7in Kep\u00e7e Silindiri\" \/><\/p>\n<h2>Uygulamalar<\/h2>\n<p><strong>\u0130n\u015faat Ekipmanlar\u0131:<\/strong> Ekskavat\u00f6rlerde, toprak veya moloz kazma, y\u00fckleme ve ta\u015f\u0131ma i\u015flemlerinde hayati \u00f6neme sahiptirler. Kaz\u0131c\u0131 ekskavat\u00f6rlerde, kova silindirleri hem kazma hem de kald\u0131rma i\u015flemlerine yard\u0131mc\u0131 olur. \u00d6n y\u00fckleyicilerde ise y\u00fcklerin etkili bir \u015fekilde kald\u0131r\u0131lmas\u0131na ve devrilmesine yard\u0131mc\u0131 olurlar.<\/p>\n<p><strong>Tar\u0131m Makinalar\u0131:<\/strong> \u00d6n y\u00fckleyicilerde toprak, saman ve di\u011fer malzemelerin al\u0131nmas\u0131, kald\u0131r\u0131lmas\u0131 ve ta\u015f\u0131nmas\u0131nda kullan\u0131l\u0131r; ekskavat\u00f6rlerde ise kep\u00e7e silindirleri, kep\u00e7enin topra\u011fa n\u00fcfuz etmesini sa\u011flayarak kaz\u0131 i\u015flemlerini m\u00fcmk\u00fcn k\u0131lar.<\/p>\n<h2>Tasar\u0131m Hususlar\u0131 ve Se\u00e7im Kriterleri<\/h2>\n<ul>\n<li>Ta\u015f\u0131ma kapasitesi: Silindir, i\u015flemin gerektirdi\u011fi kuvvet \u015fartlar\u0131n\u0131 kar\u015f\u0131lamal\u0131d\u0131r.<\/li>\n<li>S\u0131zd\u0131rmazl\u0131k: Kova silindirlerinin s\u0131z\u0131nt\u0131lar\u0131 \u00f6nlemek, a\u015f\u0131nmay\u0131 azaltmak ve dayan\u0131kl\u0131l\u0131\u011f\u0131 art\u0131rmak i\u00e7in iyi bir s\u0131zd\u0131rmazl\u0131\u011fa ihtiyac\u0131 vard\u0131r.<\/li>\n<li>Dayan\u0131kl\u0131l\u0131k: Kova silindirleri, kullan\u0131m \u00f6mr\u00fcn\u00fc uzatmak i\u00e7in dayan\u0131kl\u0131, korozyona ve a\u015f\u0131nmaya kar\u015f\u0131 diren\u00e7li olmal\u0131d\u0131r.<\/li>\n<li>G\u00fcvenlik: Silindirin a\u015f\u0131r\u0131 y\u00fcklenmesini veya beklenmedik hasar g\u00f6rmesini \u00f6nlemek i\u00e7in bas\u0131n\u00e7 tahliye vanalar\u0131 gibi g\u00fcvenlik \u00f6zellikleri dikkate al\u0131nmal\u0131d\u0131r.<\/li>\n<li>Bak\u0131m: Bak\u0131m kolayl\u0131\u011f\u0131, kullan\u0131m \u00f6mr\u00fc ve maliyet gibi bak\u0131m hususlar\u0131 tasar\u0131m a\u015famas\u0131nda dikkate al\u0131nmal\u0131d\u0131r.<\/li>\n<\/ul>\n<p><img decoding=\"async\" src=\"https:\/\/www.hydraulic-cylinders.net\/wp-content\/uploads\/2025\/01\/songte-oil-pipes-and-spare-parts.webp\" alt=\"Volvo EC380EL B\u00fcy\u00fck Ekskavat\u00f6r \u0130\u00e7in Kep\u00e7e Silindiri\" \/><\/p>\n<h2>S\u0131zd\u0131rmazl\u0131k ve Ya\u011flama<\/h2>\n<p>Kova silindirlerinde piston contalar\u0131, mil contalar\u0131 vb. gibi \u00e7e\u015fitli contalar kullan\u0131l\u0131r. Bunlar poli\u00fcretan, nitril kau\u00e7uk vb. a\u015f\u0131nmaya dayan\u0131kl\u0131 malzemelerden \u00fcretilmi\u015ftir. Silindir g\u00f6vdesi ve di\u015fli u\u00e7 y\u00fczeyi, a\u015f\u0131nma direncini art\u0131rmak i\u00e7in ince bir \u015fekilde i\u015flenmi\u015ftir. Sorunsuz \u00e7al\u0131\u015fmay\u0131 sa\u011flamak ve silindirin kullan\u0131m \u00f6mr\u00fcn\u00fc uzatmak i\u00e7in uygun miktarda hidrolik ya\u011f ile zaman\u0131nda ya\u011flama \u015fartt\u0131r.<\/p>\n<h2>\u00d6nleyici Bak\u0131m ve Sorun Giderme<\/h2>\n<p>D\u00fczenli kontrol ve \u00f6nleyici bak\u0131m, olas\u0131 ar\u0131zalar\u0131 azaltabilir. Yayg\u0131n bak\u0131m i\u015flemleri aras\u0131nda ya\u011flama, contalar\u0131n de\u011fi\u015ftirilmesi ve silindirin kalibrasyonu yer al\u0131r. Do\u011fru montaj, ya\u011flama ve ayarlama, silindirin d\u00fczg\u00fcn \u00e7al\u0131\u015fmas\u0131 i\u00e7in \u00e7ok \u00f6nemlidir. Silindirin \u00f6mr\u00fcn\u00fc uzatmak i\u00e7in uygun montaj braketlerinin kullan\u0131lmas\u0131, \u00f6nerilen kontrol, onar\u0131m ve de\u011fi\u015ftirme prosed\u00fcrlerinin izlenmesi ve yeniden yap\u0131land\u0131rma hizmetlerinin sa\u011flanmas\u0131 \u00f6nerilir.<\/p>\n<p><img decoding=\"async\" src=\"https:\/\/www.hydraulic-cylinders.net\/wp-content\/uploads\/2025\/01\/songte-chushion-collar.webp\" alt=\"Volvo EC380EL B\u00fcy\u00fck Ekskavat\u00f6r \u0130\u00e7in Kep\u00e7e Silindiri\" \/><\/p>\n<h2>G\u00fcvenlik ve \u00c7evresel Hususlar<\/h2>\n<p>Koval\u0131 silindirlerin \u00e7al\u0131\u015ft\u0131r\u0131lmas\u0131 s\u0131ras\u0131nda uygun g\u00fcvenlik \u00f6nlemleri al\u0131nmal\u0131d\u0131r. A\u015f\u0131r\u0131 y\u00fcklenmeyi veya hasar\u0131 \u00f6nlemek i\u00e7in bas\u0131n\u00e7 tahliye vanalar\u0131 gibi g\u00fcvenlik \u00f6zellikleri tak\u0131lmal\u0131d\u0131r. At\u0131klar\u0131n ve eski silindirlerin uygun \u015fekilde imha edilmesi, \u00e7evreyi korumak i\u00e7in \u00e7ok \u00f6nemlidir.<\/p>\n<h2>\u00dcretici Tan\u0131t\u0131m\u0131<\/h2>\n<p>Yedek hidrolik silindir \u00fcreticisiyiz ve eksiksiz bir \u00fcr\u00fcn yelpazesi sunuyoruz. Yurti\u00e7i ve yurtd\u0131\u015f\u0131 pazarlarda \u00f6nde gelen hidrolik silindir \u00fcreticilerinden ve toptanc\u0131lar\u0131ndan biri olarak, m\u00fckemmel kaliteye ba\u011fl\u0131 kal\u0131yoruz ve \u00f6zenle tasarlanm\u0131\u015f \u00fcretim at\u00f6lyelerimizde end\u00fcstriyel \u00fcretim y\u00f6netim stratejilerine g\u00fcveniyoruz. At\u00f6lyenin \u00fcretim platformunu s\u00fcrekli geli\u015ftiriyor, \u00fcr\u00fcn kalitesinin \u00fcretim yolunu m\u00fckemmelle\u015ftiriyor ve g\u00fc\u00e7l\u00fc yenilik\u00e7i yeteneklerimizle, m\u00fc\u015fterilerin \u00e7e\u015fitli ihtiya\u00e7lar\u0131n\u0131 kar\u015f\u0131lamak i\u00e7in y\u00fcksek verimlilik, y\u00fcksek hassasiyet ve y\u00fcksek kalite ilkelerini sunuyoruz.<\/p>\n<p><img decoding=\"async\" src=\"https:\/\/hzpt.com\/wp-content\/uploads\/2024\/11\/songte-company-1.webp\" alt=\"Volvo EC380EL B\u00fcy\u00fck Ekskavat\u00f6r \u0130\u00e7in Kep\u00e7e Silindiri\" \/><\/p>\n<h3>Profesyonellik:<\/h3>\n<p>\u015eirketimiz, uzun y\u0131llara dayanan deneyime sahip profesyonel hidrolik silindir \u00fcretim uzmanlar\u0131ndan olu\u015fan bir ekibe sahiptir.<\/p>\n<h3>Uluslararas\u0131 sertifikasyon:<\/h3>\n<p>\u00dcr\u00fcnlerimiz ISO 9001, CE gibi uluslararas\u0131 sertifikalar\u0131 alm\u0131\u015ft\u0131r.<\/p>\n<h3>Ki\u015fiselle\u015ftirilmi\u015f hizmet:<\/h3>\n<p>M\u00fc\u015fterilerimizin farkl\u0131 ihtiya\u00e7lar\u0131na y\u00f6nelik \u00f6zelle\u015ftirilmi\u015f hizmetler sunuyoruz.<\/p>\n<h3>\u00dcretim ekipmanlar\u0131:<\/h3>\n<p>\u00dcr\u00fcn kalitesini sa\u011flamak i\u00e7in geli\u015fmi\u015f say\u0131sal kontrol \u00fcretim ekipmanlar\u0131 kullan\u0131yoruz.<\/p>\n<h3>Sat\u0131\u015f sonras\u0131 servis:<\/h3>\n<p>\u00dcr\u00fcn performans\u0131n\u0131 ve m\u00fc\u015fteri memnuniyetini sa\u011flamak i\u00e7in m\u00fc\u015fterilerimize m\u00fckemmel sat\u0131\u015f sonras\u0131 hizmet sunuyoruz.<\/p>\n<p>Yazar: lyl.<\/p>\n<p><img decoding=\"async\" src=\"https:\/\/www.hydraulic-cylinders.net\/wp-content\/uploads\/2025\/01\/songte-bushings-with-all-kinds-of-excavator-models.webp\" alt=\"Volvo EC380EL B\u00fcy\u00fck Ekskavat\u00f6r \u0130\u00e7in Kep\u00e7e Silindiri\" \/><\/p>","protected":false},"excerpt":{"rendered":"<p>Bucket Cylinder For Volvo Large Excavator EC380EL Introduction A bucket cylinder is a specialized hydraulic cylinder that controls the movement of the bucket in heavy machinery such as excavators, backhoes, and loaders. Its main function is to enable the bucket to perform lifting, lowering, and tilting, making it easier for various material handling tasks. In [&hellip;]<\/p>","protected":false},"featured_media":14789,"comment_status":"open","ping_status":"closed","template":"","meta":{"_et_pb_use_builder":"","_et_pb_old_content":"","_et_gb_content_width":""},"product_brand":[],"product_cat":[1494],"product_tag":[1495,1496],"class_list":{"0":"post-15402","1":"product","2":"type-product","3":"status-publish","4":"has-post-thumbnail","6":"product_cat-bucket-cylinders","7":"product_tag-bucket-cylinders","8":"product_tag-hydraulic-cylinders","10":"first","11":"instock","12":"shipping-taxable","13":"product-type-simple"},"amp_enabled":true,"_links":{"self":[{"href":"https:\/\/www.hydraulic-cylinders.net\/tr\/wp-json\/wp\/v2\/product\/15402","targetHints":{"allow":["GET"]}}],"collection":[{"href":"https:\/\/www.hydraulic-cylinders.net\/tr\/wp-json\/wp\/v2\/product"}],"about":[{"href":"https:\/\/www.hydraulic-cylinders.net\/tr\/wp-json\/wp\/v2\/types\/product"}],"replies":[{"embeddable":true,"href":"https:\/\/www.hydraulic-cylinders.net\/tr\/wp-json\/wp\/v2\/comments?post=15402"}],"wp:featuredmedia":[{"embeddable":true,"href":"https:\/\/www.hydraulic-cylinders.net\/tr\/wp-json\/wp\/v2\/media\/14789"}],"wp:attachment":[{"href":"https:\/\/www.hydraulic-cylinders.net\/tr\/wp-json\/wp\/v2\/media?parent=15402"}],"wp:term":[{"taxonomy":"product_brand","embeddable":true,"href":"https:\/\/www.hydraulic-cylinders.net\/tr\/wp-json\/wp\/v2\/product_brand?post=15402"},{"taxonomy":"product_cat","embeddable":true,"href":"https:\/\/www.hydraulic-cylinders.net\/tr\/wp-json\/wp\/v2\/product_cat?post=15402"},{"taxonomy":"product_tag","embeddable":true,"href":"https:\/\/www.hydraulic-cylinders.net\/tr\/wp-json\/wp\/v2\/product_tag?post=15402"}],"curies":[{"name":"wp","href":"https:\/\/api.w.org\/{rel}","templated":true}]}}