{"id":15420,"date":"2025-01-19T14:30:36","date_gmt":"2025-01-19T14:30:36","guid":{"rendered":"https:\/\/www.hydraulic-cylinders.net\/product\/bucket-cylinder-for-sany-small-excavator-sy85c-9\/"},"modified":"2025-01-19T14:30:38","modified_gmt":"2025-01-19T14:30:38","slug":"bucket-cylinder-for-sany-small-excavator-sy85c-9","status":"publish","type":"product","link":"https:\/\/www.hydraulic-cylinders.net\/tr\/urun\/bucket-cylinder-for-sany-small-excavator-sy85c-9\/","title":{"rendered":"Sany SY85C-9 K\u00fc\u00e7\u00fck Ekskavat\u00f6r \u0130\u00e7in Kep\u00e7e Silindiri"},"content":{"rendered":"<h1>Sany SY85C-9 K\u00fc\u00e7\u00fck Ekskavat\u00f6r \u0130\u00e7in Kep\u00e7e Silindiri<\/h1>\n<h2>girii\u015f<\/h2>\n<p>Kep\u00e7e silindiri, ekskavat\u00f6rler, kaz\u0131c\u0131 y\u00fckleyiciler ve \u00f6n y\u00fckleyiciler gibi a\u011f\u0131r makinelerde kep\u00e7enin hareketini kontrol etmek i\u00e7in \u00f6zel olarak tasarlanm\u0131\u015f bir hidrolik silindirdir. Ana i\u015flevi, kep\u00e7enin kald\u0131r\u0131lmas\u0131n\u0131, indirilmesini ve e\u011filmesini sa\u011flayarak \u00e7e\u015fitli malzeme ta\u015f\u0131ma g\u00f6revlerini kolayla\u015ft\u0131rmakt\u0131r. Hidrolik sistemde, kep\u00e7e silindiri hidrolik ya\u011f bas\u0131nc\u0131n\u0131 de\u011fi\u015ftirerek kep\u00e7enin hassas hareketini kontrol eder ve operat\u00f6rlerin a\u011f\u0131r y\u00fckleri verimli bir \u015fekilde ta\u015f\u0131mas\u0131na, karma\u015f\u0131k \u00e7al\u0131\u015fma ortamlar\u0131na ve \u00e7e\u015fitli operasyonel gereksinimlere uyum sa\u011flamas\u0131na olanak tan\u0131r.<\/p>\n<p><img decoding=\"async\" src=\"https:\/\/www.hydraulic-cylinders.net\/wp-content\/uploads\/2025\/01\/songte-company-2.webp\" alt=\"Sany SY85C-9 K\u00fc\u00e7\u00fck Ekskavat\u00f6r \u0130\u00e7in Kep\u00e7e Silindiri\"><\/p>\n<h2>\u00d6zellikler<\/h2>\n<ul>\n<li>Y\u00fcksek mukavemet ve dayan\u0131kl\u0131l\u0131k: Genellikle y\u00fcksek mukavemetli \u00e7elik veya al\u00fcminyumdan \u00fcretilir, y\u00fcksek bas\u0131nca ve a\u011f\u0131r y\u00fcklere dayanabilir, zorlu \u00e7al\u0131\u015fma ortamlar\u0131na uyum sa\u011flayabilir ve kullan\u0131m \u00f6mr\u00fcn\u00fc uzatmak i\u00e7in a\u015f\u0131nma ve korozyon direnci g\u00f6z \u00f6n\u00fcnde bulundurularak tasarlanm\u0131\u015ft\u0131r.<\/li>\n<li>Verimli hidrolik \u00e7al\u0131\u015fma: Hidrolik ya\u011f bas\u0131nc\u0131n\u0131 kullanarak d\u00fczg\u00fcn uzatma ve geri \u00e7ekme hareketleri sa\u011flar, kontrol komutlar\u0131na h\u0131zl\u0131 yan\u0131t verir, g\u00fc\u00e7l\u00fc itme ve \u00e7ekme kuvveti sunar, a\u011f\u0131r y\u00fcklerin ve karma\u015f\u0131k operasyonel g\u00f6revlerin \u00fcstesinden gelmek i\u00e7in uygundur.<\/li>\n<li>\u00c7e\u015fitli tiplerde: tek etkili (hidrolik sadece tek y\u00f6nde kullan\u0131l\u0131r) veya \u00e7ift etkili (hidrolik her iki y\u00f6nde kullan\u0131l\u0131r) silindirler, farkl\u0131 \u00e7al\u0131\u015fma gereksinimlerini kar\u015f\u0131lamak i\u00e7in ihtiyaca g\u00f6re se\u00e7ilebilir. Baz\u0131 modeller teleskopiktir, bu da d\u0131\u015f boyutlar\u0131 art\u0131rmadan daha fazla uzatmaya olanak tan\u0131r ve bu da onlar\u0131 s\u0131n\u0131rl\u0131 alan uygulamalar\u0131 i\u00e7in uygun hale getirir.<\/li>\n<li>Kolay kurulum: \u00dcr\u00fcnlerimiz bu hidrolik silindirlerin yerini m\u00fckemmel \u015fekilde alabilir.<\/li>\n<\/ul>\n<p><img decoding=\"async\" src=\"https:\/\/www.hydraulic-cylinders.net\/wp-content\/uploads\/2025\/01\/songte-cylinder-head-with-all-kinds-excavator-models.webp\" alt=\"Sany SY85C-9 K\u00fc\u00e7\u00fck Ekskavat\u00f6r \u0130\u00e7in Kep\u00e7e Silindiri\"><\/p>\n<h2>Uygulamalar<\/h2>\n<p>Kova silindirleri, a\u015fa\u011f\u0131dakiler gibi \u00e7e\u015fitli end\u00fcstriyel ve tar\u0131msal makinelerde yayg\u0131n olarak kullan\u0131lmaktad\u0131r:<\/p>\n<ul>\n<li>\u0130n\u015faat ekipmanlar\u0131: Ekskavat\u00f6rlerde, toprak veya moloz kazma, y\u00fckleme ve ta\u015f\u0131ma i\u015flemlerinde hayati \u00f6neme sahiptirler. Kaz\u0131c\u0131 y\u00fckleyicilerde ise kova silindirleri hem kazma hem de kald\u0131rma i\u015flemlerine yard\u0131mc\u0131 olur. <\/li>\n<li>Tar\u0131m makineleri: \u00d6n y\u00fckleyicilerde, toprak, saman ve di\u011fer malzemeleri kep\u00e7elemek, kald\u0131rmak ve ta\u015f\u0131mak i\u00e7in kullan\u0131l\u0131r.<\/li>\n<li>Ekskavat\u00f6rler: Kep\u00e7e silindirleri, kep\u00e7enin topra\u011fa n\u00fcfuz ederek kazma i\u015flemini ger\u00e7ekle\u015ftirmesini sa\u011flar.<\/li>\n<li>Y\u00fckleyiciler: \u00d6n y\u00fckleyicilerde, y\u00fck\u00fcn etkili bir \u015fekilde kald\u0131r\u0131lmas\u0131na ve bo\u015falt\u0131lmas\u0131na yard\u0131mc\u0131 olurlar.<\/li>\n<\/ul>\n<h2>Tasar\u0131m Hususlar\u0131 ve Se\u00e7im Kriterleri<\/h2>\n<h3>Ta\u015f\u0131ma kapasitesi<\/h3>\n<p>Silindir, \u00e7al\u0131\u015fma s\u0131ras\u0131nda kar\u015f\u0131la\u015faca\u011f\u0131 maksimum y\u00fck\u00fc kald\u0131rabilecek \u015fekilde tasarlanmal\u0131d\u0131r. Ayr\u0131ca, silindir titre\u015fim ve \u015foktan kaynaklanan ek kuvvetlere de dayanabilmelidir. Malzeme, kaplama ve y\u00fczey i\u015flemlerinin se\u00e7imi de silindirin y\u00fck ta\u015f\u0131ma kapasitesini \u00f6nemli \u00f6l\u00e7\u00fcde etkileyebilir.<\/p>\n<h3>S\u0131zd\u0131rmazl\u0131k<\/h3>\n<p>Bir silindirin s\u0131zd\u0131rmazl\u0131k sistemi, dayan\u0131kl\u0131l\u0131\u011f\u0131 ve g\u00fcvenilirli\u011fi \u00fczerinde \u00f6nemli bir etkiye sahiptir. Silindir, s\u0131z\u0131nt\u0131y\u0131 \u00f6nleyecek ve sisteme kirleticilerin girmesini engelleyecek \u015fekilde tasarlanmal\u0131d\u0131r. Piston contalar\u0131 ve mil contalar\u0131 gibi y\u00fcksek kaliteli s\u0131zd\u0131rmazl\u0131k bile\u015fenlerinin kullan\u0131m\u0131, uzun s\u00fcreli \u00e7al\u0131\u015fmay\u0131 sa\u011flamaya yard\u0131mc\u0131 olabilir.<\/p>\n<h3>Dayan\u0131kl\u0131l\u0131k<\/h3>\n<p>Silindir, y\u00fcksek s\u0131cakl\u0131klar, nem, toz ve d\u00f6k\u00fcnt\u00fcler de dahil olmak \u00fczere zorlu \u00e7al\u0131\u015fma ortamlar\u0131na dayanacak \u015fekilde tasarlanmal\u0131d\u0131r. Malzeme, kaplama ve y\u00fczey i\u015flemlerinin se\u00e7imi de silindirin dayan\u0131kl\u0131l\u0131\u011f\u0131n\u0131 \u00f6nemli \u00f6l\u00e7\u00fcde etkileyebilir.<\/p>\n<h3>Emniyet<\/h3>\n<p>Silindir, ani hareketleri \u00f6nlemek ve \u00e7al\u0131\u015fma s\u0131ras\u0131nda kimsenin silindirin yolunda bulunmamas\u0131n\u0131 sa\u011flamak da dahil olmak \u00fczere, g\u00fcvenlik g\u00f6z \u00f6n\u00fcnde bulundurularak tasarlanmal\u0131d\u0131r. Do\u011fru kurulum, \u00e7al\u0131\u015ft\u0131rma ve bak\u0131m da g\u00fcvenli \u00e7al\u0131\u015fma i\u00e7in kritik \u00f6neme sahiptir.<\/p>\n<h3>Bak\u0131m<\/h3>\n<p>Silindir, de\u011fi\u015ftirilmesi veya bak\u0131m\u0131 yap\u0131lmas\u0131 gereken par\u00e7alara kolay eri\u015fim de dahil olmak \u00fczere, kolay bak\u0131m i\u00e7in tasarlanmal\u0131d\u0131r. Silindirin ya\u011f seviyesini kontrol etmek, c\u0131vatalar\u0131 ve ba\u011flant\u0131 elemanlar\u0131n\u0131 s\u0131kmak ve silindirin d\u0131\u015f y\u00fczeyini temizlemek gibi d\u00fczenli bak\u0131m, uzun vadeli \u00e7al\u0131\u015fmay\u0131 sa\u011flamaya yard\u0131mc\u0131 olabilir.<\/p>\n<p><img decoding=\"async\" src=\"https:\/\/www.hydraulic-cylinders.net\/wp-content\/uploads\/2025\/01\/songte-oil-pipes-and-spare-parts.webp\" alt=\"Sany SY85C-9 K\u00fc\u00e7\u00fck Ekskavat\u00f6r \u0130\u00e7in Kep\u00e7e Silindiri\"><\/p>\n<h2>S\u0131zd\u0131rmazl\u0131k ve Ya\u011flama<\/h2>\n<p>Kova silindiri, s\u0131z\u0131nt\u0131lar\u0131 \u00f6nlemek ve g\u00fcvenilir \u00e7al\u0131\u015fma sa\u011flamak i\u00e7in \u00e7e\u015fitli s\u0131zd\u0131rmazl\u0131k bile\u015fenlerine dayan\u0131r. Bunlar aras\u0131nda piston contalar\u0131, mil contalar\u0131 ve silecekler bulunur. Bu bile\u015fenler, zorlu \u00e7al\u0131\u015fma ortam\u0131na ve a\u015f\u0131nmaya dayanabilmeleri i\u00e7in poli\u00fcretan veya nitril kau\u00e7uk gibi y\u00fcksek kaliteli malzemelerden yap\u0131lmal\u0131d\u0131r.<\/p>\n<p>Silindirin ya\u011flama sistemi de performans\u0131 ve g\u00fcvenilirli\u011fi a\u00e7\u0131s\u0131ndan kritik \u00f6neme sahiptir. Silindirin d\u00fczg\u00fcn \u00e7al\u0131\u015fmas\u0131n\u0131 sa\u011flamak ve i\u00e7 bile\u015fenlerinde a\u015f\u0131nmay\u0131 \u00f6nlemek i\u00e7in d\u00fczenli olarak hidrolik ya\u011f ile ya\u011flanmas\u0131 gerekir.<\/p>\n<h2>\u00d6nleyici Bak\u0131m ve Onar\u0131m<\/h2>\n<p>Kova silindirinin uzun \u00f6m\u00fcrl\u00fc ve g\u00fcvenilir \u00e7al\u0131\u015fmas\u0131 i\u00e7in d\u00fczenli bak\u0131m \u015fartt\u0131r. Yayg\u0131n bak\u0131m g\u00f6revlerinden baz\u0131lar\u0131 \u015funlard\u0131r:<\/p>\n<ul>\n<li>Ya\u011f seviyesini d\u00fczenli olarak kontrol edin ve gerekti\u011finde tamamlay\u0131n.<\/li>\n<li>A\u015f\u0131nm\u0131\u015f veya hasar g\u00f6rm\u00fc\u015f contalar\u0131n ve di\u011fer par\u00e7alar\u0131n gerekti\u011finde de\u011fi\u015ftirilmesi.<\/li>\n<li>Silindirin do\u011fru \u00e7al\u0131\u015fmas\u0131n\u0131 sa\u011flamak i\u00e7in gerekti\u011fi gibi kalibrasyonunu yap\u0131n.<\/li>\n<\/ul>\n<p>Do\u011fru montaj, ya\u011flama ve ayarlama, optimum performans sa\u011flamak ve erken a\u015f\u0131nmay\u0131 \u00f6nlemek i\u00e7in de \u00e7ok \u00f6nemlidir. Montaj s\u0131ras\u0131nda silindirin do\u011fru \u015fekilde hizalanmas\u0131 ve yerine sabitlemek i\u00e7in uygun montaj desteklerinin kullan\u0131lmas\u0131 \u015fartt\u0131r.<\/p>\n<p><img decoding=\"async\" src=\"https:\/\/www.hydraulic-cylinders.net\/wp-content\/uploads\/2025\/01\/songte-chushion-collar.webp\" alt=\"Sany SY85C-9 K\u00fc\u00e7\u00fck Ekskavat\u00f6r \u0130\u00e7in Kep\u00e7e Silindiri\"><\/p>\n<h2>G\u00fcvenlik Hususlar\u0131 ve \u00c7evresel Fakt\u00f6rler<\/h2>\n<p>Koval\u0131 silindirlerin yaralanma veya hasar\u0131 \u00f6nlemek i\u00e7in g\u00fcvenli bir \u015fekilde kullan\u0131lmas\u0131 gerekmektedir. Operat\u00f6rler, silindirin kullan\u0131m\u0131 ve g\u00fcvenlik protokolleri konusunda uygun \u015fekilde e\u011fitilmelidir. Eldiven ve koruyucu g\u00f6zl\u00fck gibi ki\u015fisel koruyucu ekipmanlar\u0131n do\u011fru kullan\u0131m\u0131 da yaralanmay\u0131 \u00f6nlemek i\u00e7in \u00e7ok \u00f6nemlidir.<\/p>\n<p>Silindirin \u00e7al\u0131\u015ft\u0131\u011f\u0131 ortam, performans\u0131n\u0131 ve \u00f6mr\u00fcn\u00fc \u00f6nemli \u00f6l\u00e7\u00fcde etkileyebilir. Silindir, s\u0131cakl\u0131k, nem, toz ve d\u00f6k\u00fcnt\u00fcler de dahil olmak \u00fczere ortam\u0131n \u00f6zel ko\u015fullar\u0131na dayanacak \u015fekilde tasarlanmal\u0131d\u0131r. Uygun bak\u0131m, silindirin zorlu \u00e7al\u0131\u015fma ortamlar\u0131nda etkili kalmas\u0131n\u0131 sa\u011flamaya da yard\u0131mc\u0131 olabilir.<\/p>\n<p><img decoding=\"async\" src=\"https:\/\/www.hydraulic-cylinders.net\/wp-content\/uploads\/2025\/01\/songte-bushings-with-all-kinds-of-excavator-models.webp\" alt=\"Sany SY85C-9 K\u00fc\u00e7\u00fck Ekskavat\u00f6r \u0130\u00e7in Kep\u00e7e Silindiri\"><\/p>\n<h2>Yayg\u0131n Ar\u0131za Te\u015fhisi ve Sorun Giderme<\/h2>\n<p>Kep\u00e7e silindirlerinde s\u0131k g\u00f6r\u00fclen ar\u0131zalar aras\u0131nda s\u0131z\u0131nt\u0131, d\u00fczensiz \u00e7al\u0131\u015fma ve yetersiz bas\u0131n\u00e7 bulunur. Bu sorunlar, a\u015f\u0131nm\u0131\u015f veya hasar g\u00f6rm\u00fc\u015f contalar, kirlenme ve yanl\u0131\u015f montaj veya ayarlama gibi \u00e7e\u015fitli fakt\u00f6rlerden kaynaklanabilir.<\/p>\n<p>Kova silindiri ar\u0131zalar\u0131n\u0131n te\u015fhis ve giderilmesi, silindirin \u00e7al\u0131\u015fma prensibi ve tasar\u0131m\u0131n\u0131n kapsaml\u0131 bir \u015fekilde anla\u015f\u0131lmas\u0131n\u0131 gerektirir. Yayg\u0131n sorun giderme ipu\u00e7lar\u0131ndan baz\u0131lar\u0131 \u015funlard\u0131r:<\/p>\n<ul>\n<li>S\u0131z\u0131nt\u0131lar\u0131 kontrol etmek ve gerekti\u011finde a\u015f\u0131nm\u0131\u015f veya hasar g\u00f6rm\u00fc\u015f contalar\u0131 de\u011fi\u015ftirmek.<\/li>\n<li>Silindirin do\u011fru \u015fekilde ya\u011fland\u0131\u011f\u0131n\u0131 do\u011frulamak ve gerekti\u011finde ya\u011flama sistemini ayarlamak.<\/li>\n<li>Silindirin montaj ve kullan\u0131m s\u0131ras\u0131nda do\u011fru \u015fekilde hizaland\u0131\u011f\u0131ndan ve yerine sabitlendi\u011finden emin olun.<\/li>\n<\/ul>\n<h2>\u015eirketimiz Hakk\u0131nda<\/h2>\n<p>Biz, yedek hidrolik silindir \u00fcreticisi ve hem yurti\u00e7i hem de uluslararas\u0131 pazarlarda \u00f6nde gelen hidrolik silindir \u00fcreticisi ve toptanc\u0131s\u0131y\u0131z. M\u00fckemmel kaliteye ba\u011fl\u0131 kal\u0131yoruz ve \u00f6zenle tasarlanm\u0131\u015f \u00fcretim at\u00f6lyelerimizde end\u00fcstriyel \u00fcretim y\u00f6netim stratejilerine g\u00fcveniyoruz. Yetenekli personel, dijitalle\u015ftirilmi\u015f y\u00fcksek teknoloji \u00fcr\u00fcn\u00fc \u00fcretim ekipmanlar\u0131 ve profesyonel test sistemlerinin uygulanmas\u0131yla at\u00f6lyelerimizdeki \u00fcretim platformunu s\u00fcrekli olarak geli\u015ftiriyoruz. Ayr\u0131ca, m\u00fc\u015fterilerimizin \u00e7e\u015fitli ihtiya\u00e7lar\u0131n\u0131 kar\u015f\u0131lamak i\u00e7in verimli, hassas ve y\u00fcksek kaliteli \u00fcr\u00fcnler sunan g\u00fc\u00e7l\u00fc yarat\u0131c\u0131 yetenekler geli\u015ftirdik.<\/p>\n<h3>Profesyonellik<\/h3>\n<p>Hidrolik silindirlerin tasar\u0131m\u0131, \u00fcretimi ve bak\u0131m\u0131 konusunda uzmanla\u015fm\u0131\u015f, son derece yetenekli m\u00fchendis ve teknisyenlerden olu\u015fan bir ekibimiz var. Ekibimizin uzmanl\u0131\u011f\u0131, \u00fcr\u00fcnlerimizin sekt\u00f6r lideri standartlar\u0131n\u0131 kar\u015f\u0131lamas\u0131n\u0131, g\u00fcvenilir ve dayan\u0131kl\u0131 olmas\u0131n\u0131 sa\u011flar.<\/p>\n<h3>Uluslararas\u0131 Sertifikasyon<\/h3>\n<p>\u00dcr\u00fcnlerimiz, kaliteye, g\u00fcvenli\u011fe ve \u00e7evresel s\u00fcrd\u00fcr\u00fclebilirli\u011fe olan ba\u011fl\u0131l\u0131\u011f\u0131m\u0131z\u0131 g\u00f6steren ISO 9001 ve CE sertifikalar\u0131 da dahil olmak \u00fczere uluslararas\u0131 sertifikalar alm\u0131\u015ft\u0131r.<\/p>\n<h3>\u00d6zelle\u015ftirme Hizmetleri<\/h3>\n<p>M\u00fc\u015fterilerimizin \u00e7e\u015fitli ihtiya\u00e7lar\u0131n\u0131 kar\u015f\u0131lamak i\u00e7in \u00f6zel tasar\u0131m, imalat ve onar\u0131m hizmetleri de dahil olmak \u00fczere bir dizi \u00f6zelle\u015ftirme hizmeti sunuyoruz.<\/p>\n<h3>\u00dcretim Ekipmanlar\u0131<\/h3>\n<p>\u00dcr\u00fcnlerimizin en y\u00fcksek kalitede olmas\u0131n\u0131 ve m\u00fc\u015fterilerimizin titiz gereksinimlerini kar\u015f\u0131lamas\u0131n\u0131 sa\u011flamak i\u00e7in en son teknoloji \u00fcr\u00fcn\u00fc \u00fcretim ekipmanlar\u0131n\u0131 ve geli\u015fmi\u015f \u00fcretim tekniklerini kullan\u0131yoruz.<\/p>\n<h3>Sat\u0131\u015f Sonras\u0131 Hizmet<\/h3>\n<p>M\u00fc\u015fterilerimizin hidrolik silindirlerinin t\u00fcm kullan\u0131m \u00f6mr\u00fc boyunca en y\u00fcksek performansta \u00e7al\u0131\u015fmas\u0131n\u0131 sa\u011flamak i\u00e7in kapsaml\u0131 sat\u0131\u015f sonras\u0131 servis ve destek sunuyoruz. Sat\u0131\u015f sonras\u0131 servisimiz, d\u00fczenli bak\u0131m, onar\u0131m ve yedek par\u00e7a hizmetlerinin yan\u0131 s\u0131ra teknik destek ve e\u011fitimi de i\u00e7erir.<\/p>\n<p><img decoding=\"async\" src=\"https:\/\/hzpt.com\/wp-content\/uploads\/2024\/11\/songte-company-1.webp\" alt=\"Sany SY85C-9 K\u00fc\u00e7\u00fck Ekskavat\u00f6r \u0130\u00e7in Kep\u00e7e Silindiri\"><\/p>\n<p>Yazar: lyl<\/p>","protected":false},"excerpt":{"rendered":"<p>Bucket Cylinder For Sany Small Excavator SY85C-9 Introduction A bucket cylinder is a specially designed hydraulic cylinder that is primarily used to control the movement of the bucket in heavy machinery such as excavators, backhoe loaders, and front-end loaders. Its main function is to enable the bucket to be lifted, lowered, and tilted, making it [&hellip;]<\/p>","protected":false},"featured_media":14785,"comment_status":"open","ping_status":"closed","template":"","meta":{"_et_pb_use_builder":"","_et_pb_old_content":"","_et_gb_content_width":""},"product_brand":[],"product_cat":[1494],"product_tag":[1495,1496],"class_list":{"0":"post-15420","1":"product","2":"type-product","3":"status-publish","4":"has-post-thumbnail","6":"product_cat-bucket-cylinders","7":"product_tag-bucket-cylinders","8":"product_tag-hydraulic-cylinders","10":"first","11":"instock","12":"shipping-taxable","13":"product-type-simple"},"amp_enabled":true,"_links":{"self":[{"href":"https:\/\/www.hydraulic-cylinders.net\/tr\/wp-json\/wp\/v2\/product\/15420","targetHints":{"allow":["GET"]}}],"collection":[{"href":"https:\/\/www.hydraulic-cylinders.net\/tr\/wp-json\/wp\/v2\/product"}],"about":[{"href":"https:\/\/www.hydraulic-cylinders.net\/tr\/wp-json\/wp\/v2\/types\/product"}],"replies":[{"embeddable":true,"href":"https:\/\/www.hydraulic-cylinders.net\/tr\/wp-json\/wp\/v2\/comments?post=15420"}],"wp:featuredmedia":[{"embeddable":true,"href":"https:\/\/www.hydraulic-cylinders.net\/tr\/wp-json\/wp\/v2\/media\/14785"}],"wp:attachment":[{"href":"https:\/\/www.hydraulic-cylinders.net\/tr\/wp-json\/wp\/v2\/media?parent=15420"}],"wp:term":[{"taxonomy":"product_brand","embeddable":true,"href":"https:\/\/www.hydraulic-cylinders.net\/tr\/wp-json\/wp\/v2\/product_brand?post=15420"},{"taxonomy":"product_cat","embeddable":true,"href":"https:\/\/www.hydraulic-cylinders.net\/tr\/wp-json\/wp\/v2\/product_cat?post=15420"},{"taxonomy":"product_tag","embeddable":true,"href":"https:\/\/www.hydraulic-cylinders.net\/tr\/wp-json\/wp\/v2\/product_tag?post=15420"}],"curies":[{"name":"wp","href":"https:\/\/api.w.org\/{rel}","templated":true}]}}