{"id":15432,"date":"2025-01-19T14:31:22","date_gmt":"2025-01-19T14:31:22","guid":{"rendered":"https:\/\/www.hydraulic-cylinders.net\/product\/bucket-cylinder-for-sany-middle-excavator-sy220lc\/"},"modified":"2025-01-19T14:31:30","modified_gmt":"2025-01-19T14:31:30","slug":"bucket-cylinder-for-sany-middle-excavator-sy220lc","status":"publish","type":"product","link":"https:\/\/www.hydraulic-cylinders.net\/tr\/urun\/bucket-cylinder-for-sany-middle-excavator-sy220lc\/","title":{"rendered":"Sany Orta Ekskavat\u00f6r SY220LC i\u00e7in Kova Silindiri"},"content":{"rendered":"<h1>Sany Orta Ekskavat\u00f6r SY220LC i\u00e7in Kova Silindiri<\/h1>\n<h2>girii\u015f<\/h2>\n<h3>Kova Silindirinin Tan\u0131m\u0131<\/h3>\n<p>Kep\u00e7e silindiri, ekskavat\u00f6rler, kaz\u0131c\u0131 y\u00fckleyiciler ve \u00f6n y\u00fckleyiciler gibi a\u011f\u0131r makinelerde kep\u00e7enin hareketini kontrol etmek i\u00e7in \u00f6zel olarak tasarlanm\u0131\u015f bir hidrolik silindirdir. Ana i\u015flevi, kep\u00e7enin kald\u0131r\u0131lmas\u0131n\u0131, indirilmesini ve e\u011filmesini sa\u011flayarak \u00e7e\u015fitli malzeme ta\u015f\u0131ma g\u00f6revleri i\u00e7in uygun hale getirmektir. Hidrolik sistemde, kep\u00e7e silindiri hidrolik ya\u011f bas\u0131nc\u0131n\u0131 de\u011fi\u015ftirerek kep\u00e7enin hassas kontrol\u00fcn\u00fc sa\u011flar ve operat\u00f6rlerin a\u011f\u0131r y\u00fckleri verimli bir \u015fekilde ta\u015f\u0131mas\u0131na, karma\u015f\u0131k \u00e7al\u0131\u015fma ortamlar\u0131na ve \u00e7e\u015fitli i\u015f gereksinimlerine uyum sa\u011flamas\u0131na olanak tan\u0131r.<\/p>\n<p><img decoding=\"async\" src=\"https:\/\/www.hydraulic-cylinders.net\/wp-content\/uploads\/2025\/01\/songte-company-2.webp\" alt=\"Kova Silindiri G\u00f6r\u00fcnt\u00fcs\u00fc\"><\/p>\n<h2>\u00d6zellikler<\/h2>\n<ul>\n<li>Y\u00fcksek Mukavemet ve Dayan\u0131kl\u0131l\u0131k: Genellikle y\u00fcksek mukavemetli \u00e7elik veya al\u00fcminyumdan \u00fcretilen kova silindiri, y\u00fcksek bas\u0131nca ve a\u011f\u0131r y\u00fcklere dayanabilir ve zorlu \u00e7al\u0131\u015fma ortamlar\u0131na uyum sa\u011flar. A\u015f\u0131nma direnci ve korozyon direnci dikkate al\u0131narak tasarlanan kova silindirinin kullan\u0131m \u00f6mr\u00fc uzat\u0131lm\u0131\u015ft\u0131r.<\/li>\n<li>Verimli Hidrolik \u00c7al\u0131\u015fma: Hidrolik ya\u011f\u0131n bas\u0131nc\u0131ndan yararlan\u0131larak, kep\u00e7e silindiri sorunsuz bir \u015fekilde uzama ve geri \u00e7ekilme sa\u011flar; bu da kontrol komutlar\u0131na h\u0131zl\u0131 yan\u0131t verilmesini ve a\u011f\u0131r y\u00fcklerin ve karma\u015f\u0131k i\u015f g\u00f6revlerinin \u00fcstesinden gelmek i\u00e7in g\u00fc\u00e7l\u00fc itme ve \u00e7ekme kuvvetleri sa\u011flanmas\u0131n\u0131 m\u00fcmk\u00fcn k\u0131lar.<\/li>\n<li>\u00c7e\u015fitli Tipler: Kova silindiri, \u00e7al\u0131\u015fma gereksinimlerine g\u00f6re tek etkili (hidrolik yaln\u0131zca tek y\u00f6nde kullan\u0131l\u0131r) veya \u00e7ift etkili (hidrolik her iki y\u00f6nde kullan\u0131l\u0131r) silindir olarak se\u00e7ilebilir. Baz\u0131 modeller teleskopiktir ve d\u0131\u015f boyutlar\u0131 art\u0131rmadan daha fazla uzatmaya olanak tan\u0131yarak s\u0131n\u0131rl\u0131 alana sahip uygulamalar i\u00e7in uygun hale gelir.<\/li>\n<li>M\u00fckemmel De\u011fi\u015ftirme: \u00dcr\u00fcnlerimiz bu hidrolik silindirlerin yerini m\u00fckemmel \u015fekilde alabilir.<\/li>\n<\/ul>\n<p><img decoding=\"async\" src=\"https:\/\/www.hydraulic-cylinders.net\/wp-content\/uploads\/2025\/01\/songte-cylinder-head-with-all-kinds-excavator-models.webp\" alt=\"Silindir Kapa\u011f\u0131 G\u00f6r\u00fcnt\u00fcs\u00fc\"><\/p>\n<h2>Uygulamalar<\/h2>\n<h3>\u0130n\u015faat Ekipmanlar\u0131<\/h3>\n<p>Ekskavat\u00f6rlerde, toprak veya moloz kazma, y\u00fckleme ve ta\u015f\u0131ma i\u015flemlerinde hayati \u00f6neme sahiptirler. Kaz\u0131c\u0131 y\u00fckleyicilerde ise kova silindiri hem kazma hem de kald\u0131rma i\u015flemlerine yard\u0131mc\u0131 olur.<\/p>\n<h3>Tar\u0131m Makinalar\u0131<\/h3>\n<p>\u00d6n y\u00fckleyicilerde toprak, saman ve di\u011fer malzemelerin kep\u00e7elenmesi, kald\u0131r\u0131lmas\u0131 ve ta\u015f\u0131nmas\u0131 i\u00e7in kullan\u0131l\u0131r.<\/p>\n<h3>Ekskavat\u00f6rler<\/h3>\n<p>Kova silindiri, kovan\u0131n topra\u011fa n\u00fcfuz etmesini sa\u011flayarak kazma i\u015flemini m\u00fcmk\u00fcn k\u0131lar.<\/p>\n<h3>Y\u00fckleyiciler<\/h3>\n<p>\u00d6n y\u00fckleyicilerde, mallar\u0131n etkili bir \u015fekilde kald\u0131r\u0131lmas\u0131na ve bo\u015falt\u0131lmas\u0131na yard\u0131mc\u0131 olurlar.<\/p>\n<h2>Tasar\u0131m Hususlar\u0131 ve Se\u00e7im Kriterleri<\/h2>\n<ul>\n<li>Ta\u015f\u0131ma Kapasitesi: Silindirin ta\u015f\u0131ma kapasitesini ve tasar\u0131mda \u00f6nemini tart\u0131\u015f\u0131n.<\/li>\n<li>S\u0131zd\u0131rmazl\u0131k: Poli\u00fcretan ve nitril kau\u00e7uk gibi a\u015f\u0131nmaya dayan\u0131kl\u0131 malzemelerden yap\u0131lan piston contalar\u0131 ve mil contalar\u0131 gibi kullan\u0131lan \u00e7e\u015fitli s\u0131zd\u0131rmazl\u0131k bile\u015fenlerini inceleyin. Uzun \u00f6m\u00fcr i\u00e7in do\u011fru s\u0131zd\u0131rmazl\u0131\u011f\u0131n \u00f6nemini vurgulay\u0131n.<\/li>\n<li>Dayan\u0131kl\u0131l\u0131k: A\u015f\u0131nma direncini art\u0131rmak i\u00e7in silindir g\u00f6vdesinin ve di\u015fli ucunun ince y\u00fczey i\u015fleminden bahsedin. D\u00fczenli ya\u011flaman\u0131n \u00f6nemini vurgulay\u0131n.<\/li>\n<li>G\u00fcvenlik: Kep\u00e7e silindirini kullan\u0131rken ve a\u011f\u0131r makineleri \u00e7al\u0131\u015ft\u0131r\u0131rken al\u0131nmas\u0131 gereken g\u00fcvenlik \u00f6nlemlerini a\u00e7\u0131klay\u0131n.<\/li>\n<li>Bak\u0131m Kolayl\u0131\u011f\u0131: Bak\u0131m kolayl\u0131\u011f\u0131n\u0131 ve olas\u0131 sorunlar\u0131 en aza indirmek i\u00e7in d\u00fczenli denetim ve \u00f6nleyici tedbirlerin \u00f6nemini tart\u0131\u015f\u0131n.<\/li>\n<\/ul>\n<p><img decoding=\"async\" src=\"https:\/\/www.hydraulic-cylinders.net\/wp-content\/uploads\/2025\/01\/songte-oil-pipes-and-spare-parts.webp\" alt=\"Petrol Borular\u0131 ve Yedek Par\u00e7a G\u00f6rseli\"><\/p>\n<h2>S\u0131zd\u0131rmazl\u0131k ve Ya\u011flama<\/h2>\n<p>Kova silindiri, poli\u00fcretan ve nitril kau\u00e7uk gibi a\u015f\u0131nmaya dayan\u0131kl\u0131 malzemelerden yap\u0131lm\u0131\u015f piston contalar\u0131 ve mil contalar\u0131 gibi \u00e7e\u015fitli s\u0131zd\u0131rmazl\u0131k bile\u015fenleri kullan\u0131r. Silindir g\u00f6vdesi ve di\u015fli ucu, a\u015f\u0131nma direncini art\u0131rmak i\u00e7in titiz bir y\u00fczey i\u015flemine tabi tutulur. Sorunsuz \u00e7al\u0131\u015fma ve uzun \u00f6m\u00fcr sa\u011flamak i\u00e7in uygun miktarda hidrolik ya\u011f ile d\u00fczenli ya\u011flama gereklidir.<\/p>\n<h2>D\u00fczenli Muayene ve \u00d6nleyici Bak\u0131m<\/h2>\n<p>Kep\u00e7e silindirinin g\u00fcvenilirli\u011fini ve performans\u0131n\u0131 korumak i\u00e7in d\u00fczenli kontroller ve \u00f6nleyici bak\u0131m \u015fartt\u0131r. \u00d6nerilen bak\u0131m g\u00f6revlerinden baz\u0131lar\u0131 \u015funlard\u0131r:<\/p>\n<ul>\n<li>Silindirin a\u015f\u0131nma veya hasar belirtileri a\u00e7\u0131s\u0131ndan d\u00fczenli olarak kontrol edilmesi<\/li>\n<li>T\u00fcm hareketli par\u00e7alar\u0131n uygun \u015fekilde ya\u011flanmas\u0131<\/li>\n<li>Gerekti\u011finde contalar\u0131n de\u011fi\u015ftirilmesi<\/li>\n<li>Do\u011fru \u00e7al\u0131\u015fmay\u0131 sa\u011flamak i\u00e7in kalibrasyon kontrolleri<\/li>\n<\/ul>\n<p><img decoding=\"async\" src=\"https:\/\/www.hydraulic-cylinders.net\/wp-content\/uploads\/2025\/01\/songte-chushion-collar.webp\" alt=\"Chushion Yaka G\u00f6rseli\"><\/p>\n<h2>G\u00fcvenlik Hususlar\u0131 ve \u00c7evresel Fakt\u00f6rler<\/h2>\n<p>Kova silindiri kullan\u0131l\u0131rken, kazalar\u0131 \u00f6nlemek i\u00e7in g\u00fcvenlik \u00f6nlemlerine uymak \u00e7ok \u00f6nemlidir. Bu \u00f6nlemler aras\u0131nda uygun e\u011fitim, g\u00fcvenlik y\u00f6nergelerine uyulmas\u0131 ve ki\u015fisel koruyucu ekipman kullan\u0131m\u0131 yer almaktad\u0131r. Ayr\u0131ca, hidrolik ya\u011f\u0131n uygun \u015fekilde bertaraf edilmesi ve \u00e7evre d\u00fczenlemelerine uyulmas\u0131 gibi \u00e7evresel fakt\u00f6rlerin dikkate al\u0131nmas\u0131, olumsuz etkileri en aza indirmek i\u00e7in gereklidir.<\/p>\n<h2>Ar\u0131za Te\u015fhisi ve Yayg\u0131n Sorunlar<\/h2>\n<p>Kep\u00e7e silindirinde ar\u0131za veya sorunlarla kar\u015f\u0131la\u015f\u0131ld\u0131\u011f\u0131nda, bunlar\u0131n derhal te\u015fhis edilip giderilmesi \u00f6nemlidir. Yayg\u0131n sorunlar aras\u0131nda s\u0131z\u0131nt\u0131lar, yetersiz \u00e7al\u0131\u015fma ve anormal sesler bulunur. Okuyucular\u0131n sorunlar\u0131 etkili bir \u015fekilde te\u015fhis edip \u00e7\u00f6zmelerine yard\u0131mc\u0131 olmak i\u00e7in sorun giderme ipu\u00e7lar\u0131 ve \u00e7\u00f6z\u00fcmleri sunun. Potansiyel sorunlar\u0131 en aza indirmek i\u00e7in \u00f6nleyici tedbirlerin \u00f6nemini vurgulay\u0131n.<\/p>\n<p><img decoding=\"async\" src=\"https:\/\/www.hydraulic-cylinders.net\/wp-content\/uploads\/2025\/01\/songte-bushings-with-all-kinds-of-excavator-models.webp\" alt=\"Bur\u00e7lar G\u00f6r\u00fcnt\u00fcs\u00fc\"><\/p>\n<h2>\u015eirket Genel Bak\u0131\u015f\u0131<\/h2>\n<p>Geni\u015f \u00fcr\u00fcn yelpazesi sunan yedek hidrolik silindir \u00fcreticisiyiz. Yurti\u00e7i ve yurtd\u0131\u015f\u0131 pazarlarda \u00f6nde gelen hidrolik silindir \u00fcreticilerinden ve toptanc\u0131lar\u0131ndan biri haline geldik. M\u00fckemmel kaliteye odaklanarak, geli\u015fmi\u015f \u00fcretim at\u00f6lyelerimizde end\u00fcstriyel \u00fcretim y\u00f6netim stratejilerine g\u00fcveniyoruz. Teknolojik yetenek, geli\u015fmi\u015f \u00fcretim ekipmanlar\u0131 ve profesyonel test sistemlerinden yararlanarak, \u00fcretim platformumuzu s\u00fcrekli geli\u015ftiriyor ve \u00fcr\u00fcn kalitesi i\u00e7in \u00fcretim s\u00fcrecini iyile\u015ftiriyoruz. G\u00fc\u00e7l\u00fc bir yarat\u0131c\u0131 yetene\u011fe sahibiz ve m\u00fc\u015fterilerimizin \u00e7e\u015fitli ihtiya\u00e7lar\u0131n\u0131 kar\u015f\u0131lamak i\u00e7in y\u00fcksek verimlilik, y\u00fcksek hassasiyet ve y\u00fcksek kalite ilkelerine ba\u011fl\u0131 kal\u0131yoruz.<\/p>\n<p><img decoding=\"async\" src=\"https:\/\/www.hydraulic-cylinders.net\/wp-content\/uploads\/2025\/01\/songte-company-3.webp\" alt=\"\u015eirket \u0130maj\u0131\"><\/p>\n<p>Ayr\u0131ca \u015funlar\u0131 sa\u011fl\u0131yoruz:<\/p>\n<ul>\n<li>Sekt\u00f6rde profesyonellik ve uzmanl\u0131k<\/li>\n<li>Uluslararas\u0131 sertifikalar<\/li>\n<li>\u00d6zelle\u015ftirme hizmetleri<\/li>\n<li>Son teknoloji \u00fcretim ekipmanlar\u0131<\/li>\n<li>Sat\u0131\u015f sonras\u0131 servis<\/li>\n<\/ul>\n<p>Yazar: lyl<\/p>","protected":false},"excerpt":{"rendered":"<p>Bucket Cylinder For Sany Middle Excavator SY220LC Introduction Definition of Bucket Cylinder The bucket cylinder is a specially designed hydraulic cylinder that is primarily used to control the movement of the bucket in heavy machinery such as excavators, backhoe loaders, and front loaders. Its main function is to enable the bucket to lift, lower, and [&hellip;]<\/p>","protected":false},"featured_media":14789,"comment_status":"open","ping_status":"closed","template":"","meta":{"_et_pb_use_builder":"","_et_pb_old_content":"","_et_gb_content_width":""},"product_brand":[],"product_cat":[1494],"product_tag":[1495,1496],"class_list":{"0":"post-15432","1":"product","2":"type-product","3":"status-publish","4":"has-post-thumbnail","6":"product_cat-bucket-cylinders","7":"product_tag-bucket-cylinders","8":"product_tag-hydraulic-cylinders","10":"first","11":"instock","12":"shipping-taxable","13":"product-type-simple"},"amp_enabled":true,"_links":{"self":[{"href":"https:\/\/www.hydraulic-cylinders.net\/tr\/wp-json\/wp\/v2\/product\/15432","targetHints":{"allow":["GET"]}}],"collection":[{"href":"https:\/\/www.hydraulic-cylinders.net\/tr\/wp-json\/wp\/v2\/product"}],"about":[{"href":"https:\/\/www.hydraulic-cylinders.net\/tr\/wp-json\/wp\/v2\/types\/product"}],"replies":[{"embeddable":true,"href":"https:\/\/www.hydraulic-cylinders.net\/tr\/wp-json\/wp\/v2\/comments?post=15432"}],"wp:featuredmedia":[{"embeddable":true,"href":"https:\/\/www.hydraulic-cylinders.net\/tr\/wp-json\/wp\/v2\/media\/14789"}],"wp:attachment":[{"href":"https:\/\/www.hydraulic-cylinders.net\/tr\/wp-json\/wp\/v2\/media?parent=15432"}],"wp:term":[{"taxonomy":"product_brand","embeddable":true,"href":"https:\/\/www.hydraulic-cylinders.net\/tr\/wp-json\/wp\/v2\/product_brand?post=15432"},{"taxonomy":"product_cat","embeddable":true,"href":"https:\/\/www.hydraulic-cylinders.net\/tr\/wp-json\/wp\/v2\/product_cat?post=15432"},{"taxonomy":"product_tag","embeddable":true,"href":"https:\/\/www.hydraulic-cylinders.net\/tr\/wp-json\/wp\/v2\/product_tag?post=15432"}],"curies":[{"name":"wp","href":"https:\/\/api.w.org\/{rel}","templated":true}]}}