{"id":15434,"date":"2025-01-19T14:31:37","date_gmt":"2025-01-19T14:31:37","guid":{"rendered":"https:\/\/www.hydraulic-cylinders.net\/product\/bucket-cylinder-for-sany-middle-excavator-sy245cq\/"},"modified":"2025-01-19T14:31:39","modified_gmt":"2025-01-19T14:31:39","slug":"bucket-cylinder-for-sany-middle-excavator-sy245cq","status":"publish","type":"product","link":"https:\/\/www.hydraulic-cylinders.net\/tr\/urun\/bucket-cylinder-for-sany-middle-excavator-sy245cq\/","title":{"rendered":"Sany Orta Ekskavat\u00f6r SY245CQ i\u00e7in Kova Silindiri"},"content":{"rendered":"<h2>Sany Orta Ekskavat\u00f6r SY245CQ i\u00e7in Kova Silindiri<\/h2>\n<p><img decoding=\"async\" src=\"https:\/\/www.hydraulic-cylinders.net\/wp-content\/uploads\/2025\/01\/songte-company-2.webp\" alt=\"Sany Orta Ekskavat\u00f6r SY245CQ i\u00e7in Kova Silindiri\"\/><\/p>\n<h3>girii\u015f<\/h3>\n<p>Sany SY245CQ orta ekskavat\u00f6r i\u00e7in kova silindiri, ekskavat\u00f6rler, beko-y\u00fckleyiciler ve \u00f6n y\u00fckleyiciler gibi a\u011f\u0131r i\u015f makinelerinde kovan\u0131n hareketini kontrol etmek i\u00e7in tasarlanm\u0131\u015f \u00f6zel bir hidrolik silindirdir. Ana i\u015flevi, kovan\u0131n kald\u0131r\u0131lmas\u0131n\u0131, indirilmesini ve e\u011filmesini sa\u011flayarak \u00e7e\u015fitli malzeme ta\u015f\u0131ma g\u00f6revlerinin ger\u00e7ekle\u015ftirilmesini kolayla\u015ft\u0131rmakt\u0131r. Hidrolik sistemde, kova silindiri, hidrolik ya\u011f bas\u0131nc\u0131n\u0131 de\u011fi\u015ftirerek kovan\u0131n hassas kontrol\u00fcn\u00fc sa\u011flar ve operat\u00f6rlerin a\u011f\u0131r y\u00fckleri verimli bir \u015fekilde ta\u015f\u0131mas\u0131na ve karma\u015f\u0131k \u00e7al\u0131\u015fma ortamlar\u0131na ve \u00e7e\u015fitli operasyonel ihtiya\u00e7lara uyum sa\u011flamas\u0131na olanak tan\u0131r.<\/p>\n<p><img decoding=\"async\" src=\"https:\/\/www.hydraulic-cylinders.net\/wp-content\/uploads\/2025\/01\/songte-cylinder-head-with-all-kinds-excavator-models.webp\" alt=\"Sany Orta Ekskavat\u00f6r SY245CQ i\u00e7in Kova Silindiri\"\/><\/p>\n<h3>\u00d6zellikler<\/h3>\n<ul>\n<li>Y\u00fcksek Mukavemet ve Dayan\u0131kl\u0131l\u0131k: Genellikle y\u00fcksek mukavemetli \u00e7elik veya al\u00fcminyumdan \u00fcretilen kova silindiri, y\u00fcksek bas\u0131nca ve a\u011f\u0131r y\u00fcklere dayanabilir ve zorlu \u00e7al\u0131\u015fma ortamlar\u0131na uyum sa\u011flar. Tasar\u0131m\u0131, a\u015f\u0131nma ve korozyon direncini g\u00f6z \u00f6n\u00fcnde bulundurarak hizmet \u00f6mr\u00fcn\u00fc uzat\u0131r.<\/li>\n<li>Verimli Hidrolik \u00c7al\u0131\u015fma: Hidrolik ya\u011f\u0131n bas\u0131nc\u0131n\u0131 kullanarak, kova silindiri d\u00fczg\u00fcn uzatma ve geri \u00e7ekme hareketleri ger\u00e7ekle\u015ftirir, kontrol komutlar\u0131na h\u0131zl\u0131 tepki vermeyi sa\u011flar ve g\u00fc\u00e7l\u00fc itme-\u00e7ekme kuvveti sa\u011flar, a\u011f\u0131r y\u00fckleri ve karma\u015f\u0131k operasyonel g\u00f6revleri ta\u015f\u0131maya uygundur.<\/li>\n<li>\u00c7e\u015fitli Tipler: Kova silindiri, farkl\u0131 operasyonel ihtiya\u00e7lar\u0131 kar\u015f\u0131layacak \u015fekilde, gereksinimlere ba\u011fl\u0131 olarak tek etkili (sadece tek y\u00f6nde hidrolik bas\u0131n\u00e7 uygulanan) veya \u00e7ift etkili (her iki y\u00f6nde hidrolik bas\u0131n\u00e7 uygulanan) olarak se\u00e7ilebilir. Baz\u0131 modeller teleskopiktir ve d\u0131\u015f boyutlar\u0131 art\u0131rmadan daha fazla uzatma sa\u011flar, s\u0131n\u0131rl\u0131 alana sahip uygulamalar i\u00e7in uygundur.<\/li>\n<li>M\u00fckemmel De\u011fi\u015ftirme: \u00dcr\u00fcnlerimiz bu hidrolik silindirlerin yerini m\u00fckemmel \u015fekilde alabilir.<\/li>\n<\/ul>\n<h3>Uygulamalar<\/h3>\n<p>Kova silindiri \u00e7e\u015fitli in\u015faat ve tar\u0131m ekipmanlar\u0131nda uygulama alan\u0131 bulmaktad\u0131r:<\/p>\n<p><strong>\u0130n\u015faat Ekipmanlar\u0131:<\/strong><\/p>\n<ul>\n<li>Ekskavat\u00f6rler: Kova silindiri, kovan\u0131n topra\u011fa n\u00fcfuz etmesini sa\u011flayarak kazma ve kald\u0131rma i\u015flemlerini kolayla\u015ft\u0131r\u0131r.<\/li>\n<li>Beko Loderler: Kova silindiri hem kaz\u0131 hem de kald\u0131rma i\u015flerinde yard\u0131mc\u0131 olur.<\/li>\n<\/ul>\n<p><strong>Tar\u0131m Makinalar\u0131:<\/strong><\/p>\n<ul>\n<li>\u00d6n Y\u00fckleyiciler: Toprak, saman ve di\u011fer malzemeleri kep\u00e7elemek, kald\u0131rmak ve ta\u015f\u0131mak i\u00e7in kullan\u0131l\u0131r.<\/li>\n<\/ul>\n<p><img decoding=\"async\" src=\"https:\/\/www.hydraulic-cylinders.net\/wp-content\/uploads\/2025\/01\/songte-oil-pipes-and-spare-parts.webp\" alt=\"Sany Orta Ekskavat\u00f6r SY245CQ i\u00e7in Kova Silindiri\"\/><\/p>\n<h3>Tasar\u0131m Hususlar\u0131 ve Se\u00e7im Kriterleri<\/h3>\n<p>Kova silindiri tasarlan\u0131rken birka\u00e7 \u00f6nemli fakt\u00f6r dikkate al\u0131n\u0131r:<\/p>\n<ul>\n<li>Y\u00fck Ta\u015f\u0131ma Kapasitesi: Kova silindiri, uygulamas\u0131nda kar\u015f\u0131la\u015faca\u011f\u0131 maksimum y\u00fcke dayanacak \u015fekilde tasarlanm\u0131\u015ft\u0131r.<\/li>\n<li>S\u0131zd\u0131rmazl\u0131k: Poli\u00fcretan ve nitril kau\u00e7uk gibi a\u015f\u0131nmaya dayan\u0131kl\u0131 malzemelerden \u00fcretilen piston contalar\u0131 ve biyel contalar\u0131 gibi \u00e7e\u015fitli s\u0131zd\u0131rmazl\u0131k bile\u015fenleri etkili s\u0131zd\u0131rmazl\u0131k sa\u011flar.<\/li>\n<li>Dayan\u0131kl\u0131l\u0131k: Silindir g\u00f6vdesi ve di\u015fli u\u00e7lar\u0131, a\u015f\u0131nma direncini art\u0131rmak i\u00e7in titiz bir y\u00fczey i\u015fleminden ge\u00e7irilmi\u015ftir.<\/li>\n<li>G\u00fcvenlik: Kova silindiri, \u00e7al\u0131\u015fma s\u0131ras\u0131nda kazalar\u0131 \u00f6nlemek i\u00e7in g\u00fcvenlik \u00f6zellikleriyle tasarlanm\u0131\u015ft\u0131r.<\/li>\n<li>Bak\u0131m kolayl\u0131\u011f\u0131: Tasar\u0131mda bile\u015fenlere kolay eri\u015fim ve uygun bak\u0131m prosed\u00fcrleri dikkate al\u0131nm\u0131\u015ft\u0131r.<\/li>\n<\/ul>\n<p><img decoding=\"async\" src=\"https:\/\/www.hydraulic-cylinders.net\/wp-content\/uploads\/2025\/01\/songte-bushings-with-all-kinds-of-excavator-models.webp\" alt=\"Sany Orta Ekskavat\u00f6r SY245CQ i\u00e7in Kova Silindiri\"\/><\/p>\n<h3>S\u0131zd\u0131rmazl\u0131k ve Ya\u011flama<\/h3>\n<p>Kova silindiri, poli\u00fcretan ve nitril kau\u00e7uk gibi a\u015f\u0131nmaya dayan\u0131kl\u0131 malzemelerden yap\u0131lm\u0131\u015f piston contalar\u0131 ve piston kolu contalar\u0131 gibi \u00e7e\u015fitli contalar i\u00e7erir. Silindir g\u00f6vdesi ve di\u015fli u\u00e7lar\u0131, a\u015f\u0131nma direncini art\u0131rmak i\u00e7in hassas bir \u015fekilde i\u015flenmi\u015ftir. Sorunsuz \u00e7al\u0131\u015fma sa\u011flamak i\u00e7in uygun miktarda hidrolik ya\u011f ile d\u00fczenli ya\u011flama gereklidir.<\/p>\n<h3>D\u00fczenli Muayene ve \u00d6nleyici Bak\u0131m<\/h3>\n<p>Kova silindirinin optimum performans\u0131n\u0131 sa\u011flamak ve \u00f6mr\u00fcn\u00fc uzatmak i\u00e7in d\u00fczenli muayene ve \u00f6nleyici bak\u0131m \u015fartt\u0131r. \u00d6nerilen \u00f6nlemlerden baz\u0131lar\u0131 \u015funlard\u0131r:<\/p>\n<ul>\n<li>Silindirde herhangi bir hasar veya a\u015f\u0131nma belirtisi olup olmad\u0131\u011f\u0131n\u0131n incelenmesi.<\/li>\n<li>T\u00fcm hareketli par\u00e7alar\u0131n uygun \u015fekilde ya\u011flanmas\u0131.<\/li>\n<li>Gerekti\u011finde contalar\u0131n de\u011fi\u015ftirilmesi.<\/li>\n<li>Do\u011frulu\u011fu korumak i\u00e7in kalibrasyon kontrolleri ger\u00e7ekle\u015ftiriyoruz.<\/li>\n<\/ul>\n<p><img decoding=\"async\" src=\"https:\/\/www.hydraulic-cylinders.net\/wp-content\/uploads\/2025\/01\/songte-chushion-collar.webp\" alt=\"Sany Orta Ekskavat\u00f6r SY245CQ i\u00e7in Kova Silindiri\"\/><\/p>\n<h3>G\u00fcvenlik Hususlar\u0131 ve \u00c7evresel Fakt\u00f6rler<\/h3>\n<p>Kova silindirini kullan\u0131rken, kazalar\u0131 \u00f6nlemek ve ki\u015fisel g\u00fcvenli\u011fi sa\u011flamak i\u00e7in g\u00fcvenlik \u00f6nlemlerine uymak \u00e7ok \u00f6nemlidir. Bu g\u00fcvenlik \u00f6nlemleri aras\u0131nda uygun e\u011fitim, uygun koruyucu ekipman kullan\u0131m\u0131 ve \u00e7al\u0131\u015fma talimatlar\u0131na uyulmas\u0131 yer al\u0131r.<\/p>\n<h3>Sorun Giderme ve Yayg\u0131n Sorunlar<\/h3>\n<p>Kova silindirinde ortaya \u00e7\u0131kabilecek yayg\u0131n sorunlar aras\u0131nda s\u0131z\u0131nt\u0131, yava\u015f \u00e7al\u0131\u015fma ve anormal sesler bulunur. Bu sorunlar\u0131 etkili bir \u015fekilde te\u015fhis edip \u00e7\u00f6zmek i\u00e7in a\u015fa\u011f\u0131daki ipu\u00e7lar\u0131n\u0131 ve \u00e7\u00f6z\u00fcmleri g\u00f6z \u00f6n\u00fcnde bulundurun:<\/p>\n<p><img decoding=\"async\" src=\"https:\/\/www.hydraulic-cylinders.net\/wp-content\/uploads\/2025\/01\/songte-bushings-with-all-kinds-of-excavator-models.webp\" alt=\"Sany Orta Ekskavat\u00f6r SY245CQ i\u00e7in Kova Silindiri\"\/><\/p>\n<h3>Bak\u0131m G\u00f6revleri<\/h3>\n<p>Kova silindiri i\u00e7in d\u00fczenli bak\u0131m g\u00f6revleri \u015funlar\u0131 i\u00e7erir:<\/p>\n<ul>\n<li>Herhangi bir sorun olup olmad\u0131\u011f\u0131n\u0131 tespit etmek i\u00e7in d\u00fczenli denetim.<\/li>\n<li>D\u00fczg\u00fcn \u00e7al\u0131\u015fmas\u0131n\u0131 sa\u011flamak i\u00e7in uygun ya\u011flama.<\/li>\n<li>Gerekti\u011finde conta de\u011fi\u015fimi.<\/li>\n<li>Do\u011frulu\u011fu korumak i\u00e7in kalibrasyon kontrolleri.<\/li>\n<\/ul>\n<p>Kova silindirinin etkili kullan\u0131m\u0131 i\u00e7in do\u011fru montaj, ya\u011flama ve ayarlama hayati \u00f6nem ta\u015f\u0131r. Montaj s\u0131ras\u0131nda, silindirin do\u011fru hizaland\u0131\u011f\u0131ndan emin olun ve sabitlemek i\u00e7in uygun montaj braketleri kullanmay\u0131 d\u00fc\u015f\u00fcn\u00fcn. Kova silindirinin \u00f6mr\u00fcn\u00fc uzatmak i\u00e7in \u00f6nerilen muayene, onar\u0131m ve de\u011fi\u015ftirme prosed\u00fcrleri sunulmaktad\u0131r.<\/p>\n<p><img decoding=\"async\" src=\"https:\/\/www.hydraulic-cylinders.net\/wp-content\/uploads\/2025\/01\/songte-company-1.webp\" alt=\"Sany Orta Ekskavat\u00f6r SY245CQ i\u00e7in Kova Silindiri\"\/><\/p>\n<h3>\u00c7\u00f6z\u00fcm<\/h3>\n<p>\u015eirketimiz, yurt i\u00e7i ve yurt d\u0131\u015f\u0131 pazarlarda \u00f6nde gelen hidrolik silindir \u00fcreticilerinden ve toptan da\u011f\u0131t\u0131c\u0131lar\u0131ndan biridir. Geni\u015f bir \u00fcr\u00fcn yelpazesi sunuyor ve kalite konusunda m\u00fckemmelli\u011fi hedefliyoruz. Geli\u015fmi\u015f \u00fcretim tesislerimiz ve profesyonel uzmanl\u0131\u011f\u0131m\u0131zla, \u00fcretim kapasitemizi s\u00fcrekli geli\u015ftiriyor ve verimlilik, hassasiyet ve y\u00fcksek kaliteli \u00fcr\u00fcnlerle m\u00fc\u015fteri memnuniyetini sa\u011fl\u0131yoruz.<\/p>\n<p><img decoding=\"async\" src=\"https:\/\/www.hydraulic-cylinders.net\/wp-content\/uploads\/2025\/01\/songte-company-3.webp\" alt=\"Sany Orta Ekskavat\u00f6r SY245CQ i\u00e7in Kova Silindiri\"\/><\/p>\n<p>Uzmanl\u0131\u011f\u0131m\u0131zdan ve uluslararas\u0131 sertifikasyonlar\u0131m\u0131zdan \u00f6zelle\u015ftirilmi\u015f hizmetlere, \u00fcretim ekipmanlar\u0131ndan sat\u0131\u015f sonras\u0131 deste\u011fe kadar, \u00e7e\u015fitli m\u00fc\u015fteri ihtiya\u00e7lar\u0131n\u0131 kar\u015f\u0131lamak i\u00e7in kapsaml\u0131 bir hidrolik silindir \u00e7\u00f6z\u00fcmleri yelpazesi sunuyoruz.<\/p>\n<p>Yazar: lyl<\/p>","protected":false},"excerpt":{"rendered":"<p>Bucket Cylinder For Sany Middle Excavator SY245CQ Introduction The bucket cylinder for Sany middle excavator SY245CQ is a specialized hydraulic cylinder designed to control the movement of the bucket in heavy machinery such as excavators, backhoe loaders, and front-end loaders. Its main function is to enable the lifting, lowering, and tilting of the bucket, making [&hellip;]<\/p>","protected":false},"featured_media":14787,"comment_status":"open","ping_status":"closed","template":"","meta":{"_et_pb_use_builder":"","_et_pb_old_content":"","_et_gb_content_width":""},"product_brand":[],"product_cat":[1494],"product_tag":[1495,1496],"class_list":{"0":"post-15434","1":"product","2":"type-product","3":"status-publish","4":"has-post-thumbnail","6":"product_cat-bucket-cylinders","7":"product_tag-bucket-cylinders","8":"product_tag-hydraulic-cylinders","10":"first","11":"instock","12":"shipping-taxable","13":"product-type-simple"},"amp_enabled":true,"_links":{"self":[{"href":"https:\/\/www.hydraulic-cylinders.net\/tr\/wp-json\/wp\/v2\/product\/15434","targetHints":{"allow":["GET"]}}],"collection":[{"href":"https:\/\/www.hydraulic-cylinders.net\/tr\/wp-json\/wp\/v2\/product"}],"about":[{"href":"https:\/\/www.hydraulic-cylinders.net\/tr\/wp-json\/wp\/v2\/types\/product"}],"replies":[{"embeddable":true,"href":"https:\/\/www.hydraulic-cylinders.net\/tr\/wp-json\/wp\/v2\/comments?post=15434"}],"wp:featuredmedia":[{"embeddable":true,"href":"https:\/\/www.hydraulic-cylinders.net\/tr\/wp-json\/wp\/v2\/media\/14787"}],"wp:attachment":[{"href":"https:\/\/www.hydraulic-cylinders.net\/tr\/wp-json\/wp\/v2\/media?parent=15434"}],"wp:term":[{"taxonomy":"product_brand","embeddable":true,"href":"https:\/\/www.hydraulic-cylinders.net\/tr\/wp-json\/wp\/v2\/product_brand?post=15434"},{"taxonomy":"product_cat","embeddable":true,"href":"https:\/\/www.hydraulic-cylinders.net\/tr\/wp-json\/wp\/v2\/product_cat?post=15434"},{"taxonomy":"product_tag","embeddable":true,"href":"https:\/\/www.hydraulic-cylinders.net\/tr\/wp-json\/wp\/v2\/product_tag?post=15434"}],"curies":[{"name":"wp","href":"https:\/\/api.w.org\/{rel}","templated":true}]}}