{"id":15441,"date":"2025-01-19T14:32:04","date_gmt":"2025-01-19T14:32:04","guid":{"rendered":"https:\/\/www.hydraulic-cylinders.net\/product\/bucket-cylinder-for-sany-middle-excavator-sy215q\/"},"modified":"2025-01-19T14:32:06","modified_gmt":"2025-01-19T14:32:06","slug":"bucket-cylinder-for-sany-middle-excavator-sy215q","status":"publish","type":"product","link":"https:\/\/www.hydraulic-cylinders.net\/tr\/urun\/bucket-cylinder-for-sany-middle-excavator-sy215q\/","title":{"rendered":"Sany Orta Ekskavat\u00f6r SY215Q i\u00e7in Kova Silindiri"},"content":{"rendered":"<h1>Sany Orta Ekskavat\u00f6r SY215Q i\u00e7in Kova Silindiri<\/h1>\n<h2>girii\u015f<\/h2>\n<p>Sany SY215Q orta ekskavat\u00f6r\u00fcn\u00fcn kova silindiri, ekskavat\u00f6rler, beko-y\u00fckleyiciler ve \u00f6n y\u00fckleyiciler gibi a\u011f\u0131r i\u015f makinelerinde kovan\u0131n hareketini kontrol etmek i\u00e7in kullan\u0131lan \u00f6zel olarak tasarlanm\u0131\u015f bir hidrolik silindirdir. Ana i\u015flevi, kovan\u0131n kald\u0131rma, indirme ve yat\u0131rma i\u015flemlerini ger\u00e7ekle\u015ftirerek \u00e7e\u015fitli malzeme ta\u015f\u0131ma g\u00f6revlerini kolayla\u015ft\u0131rmakt\u0131r. Hidrolik sistemde, kova silindiri, hidrolik ya\u011f bas\u0131nc\u0131n\u0131 de\u011fi\u015ftirerek kovan\u0131n hareketini hassas bir \u015fekilde kontrol ederek operat\u00f6r\u00fcn a\u011f\u0131r y\u00fckleri verimli bir \u015fekilde ta\u015f\u0131mas\u0131n\u0131 ve karma\u015f\u0131k \u00e7al\u0131\u015fma ortamlar\u0131na ve \u00e7e\u015fitli i\u015f gereksinimlerine uyum sa\u011flamas\u0131n\u0131 sa\u011flar.<\/p>\n<p><img decoding=\"async\" src=\"https:\/\/www.hydraulic-cylinders.net\/wp-content\/uploads\/2025\/01\/songte-company-2.webp\" alt=\"Sany Orta Ekskavat\u00f6r SY215Q i\u00e7in Kova Silindiri\"><\/p>\n<h2>\u00d6zellikler<\/h2>\n<ul>\n<li>Y\u00fcksek mukavemet ve dayan\u0131kl\u0131l\u0131k: Genellikle y\u00fcksek mukavemetli \u00e7elik veya al\u00fcminyumdan yap\u0131l\u0131r, y\u00fcksek bas\u0131nca ve a\u011f\u0131r y\u00fcklere dayanabilir, zorlu \u00e7al\u0131\u015fma ortamlar\u0131na uyum sa\u011flayabilir ve a\u015f\u0131nma direnci ve korozyon direnci d\u00fc\u015f\u00fcn\u00fclerek tasarlanarak hizmet \u00f6mr\u00fc uzat\u0131l\u0131r.<\/li>\n<li>Verimli hidrolik \u00e7al\u0131\u015fma: Hidrolik ya\u011f\u0131n bas\u0131nc\u0131 kullan\u0131larak d\u00fczg\u00fcn uzatma ve geri \u00e7ekme hareketleri elde edilir, kontrol komutlar\u0131na h\u0131zl\u0131 bir \u015fekilde yan\u0131t verebilir, g\u00fc\u00e7l\u00fc itme ve \u00e7ekme kuvvetleri sa\u011flayabilir ve a\u011f\u0131r y\u00fckleri ve karma\u015f\u0131k i\u015f g\u00f6revlerini ta\u015f\u0131maya uygundur.<\/li>\n<li>\u00c7e\u015fitli tipler: Tek etkili (hidrolik sadece tek y\u00f6nde kullan\u0131l\u0131r) veya \u00e7ift etkili (hidrolik her iki y\u00f6nde kullan\u0131l\u0131r) silindirler, farkl\u0131 \u00e7al\u0131\u015fma gereksinimlerini kar\u015f\u0131lamak \u00fczere ihtiyaca g\u00f6re se\u00e7ilebilir. Baz\u0131 modeller teleskopiktir ve d\u0131\u015f boyutlar\u0131 art\u0131rmadan daha fazla geni\u015flemeye olanak tan\u0131r, bu nedenle s\u0131n\u0131rl\u0131 alana sahip uygulamalar i\u00e7in uygundur.<\/li>\n<li>Kolay montaj: \u00dcr\u00fcn\u00fcm\u00fcz bu hidrolik silindirlerin m\u00fckemmel bir alternatifidir. Bu \u00fcr\u00fcn\u00fc \u00fcretebiliriz.<\/li>\n<\/ul>\n<p><img decoding=\"async\" src=\"https:\/\/www.hydraulic-cylinders.net\/wp-content\/uploads\/2025\/01\/songte-cylinder-head-with-all-kinds-excavator-models.webp\" alt=\"Sany Orta Ekskavat\u00f6r SY215Q i\u00e7in Kova Silindiri\"><\/p>\n<h2>Uygulamalar<\/h2>\n<p>Sany orta ekskavat\u00f6r SY215Q i\u00e7in kova silindiri a\u015fa\u011f\u0131dakiler de dahil olmak \u00fczere \u00e7e\u015fitli alanlarda yayg\u0131n olarak kullan\u0131lmaktad\u0131r:<\/p>\n<ul>\n<li>\u0130n\u015faat ekipmanlar\u0131: Ekskavat\u00f6rlerde, toprak veya moloz kazma, y\u00fckleme ve ta\u015f\u0131ma i\u00e7in olmazsa olmazd\u0131r. Beko-Loderlerde ise kova silindiri hem kazma hem de kald\u0131rma i\u015flemlerine yard\u0131mc\u0131 olur. <\/li>\n<li>Tar\u0131m makineleri: \u00d6n y\u00fckleyicilerde toprak, saman ve di\u011fer malzemeleri kep\u00e7elemek, kald\u0131rmak ve ta\u015f\u0131mak i\u00e7in kullan\u0131l\u0131r. <\/li>\n<li>Ekskavat\u00f6rler: Kova silindirleri, kovan\u0131n topra\u011fa n\u00fcfuz etmesini sa\u011flayarak kazma i\u015flemini m\u00fcmk\u00fcn k\u0131lar. <\/li>\n<li>Y\u00fckleyiciler: \u00d6n y\u00fckleyicilerde, y\u00fcklerin etkili bir \u015fekilde kald\u0131r\u0131lmas\u0131na ve e\u011filmesine yard\u0131mc\u0131 olurlar.<\/li>\n<\/ul>\n<p>Her uygulama a\u015fa\u011f\u0131da detayl\u0131 olarak a\u00e7\u0131klanm\u0131\u015ft\u0131r:<\/p>\n<h3>\u0130n\u015faat ekipmanlar\u0131<\/h3>\n<p>Ekskavat\u00f6rlerde kep\u00e7e silindirleri, kazma, y\u00fckleme ve toprak veya moloz ta\u015f\u0131ma i\u00e7in olmazsa olmazd\u0131r. Ayr\u0131ca, kep\u00e7e silindirinin kazma ve kald\u0131rma i\u015flerine yard\u0131mc\u0131 oldu\u011fu beko-loderlerde de kullan\u0131l\u0131rlar. Kep\u00e7e silindirleri, in\u015faat sekt\u00f6r\u00fcnde kaz\u0131 ve y\u00fckleme i\u015flerinde yayg\u0131n olarak kullan\u0131l\u0131r. Kep\u00e7enin hareketi i\u00e7in olmazsa olmazd\u0131rlar ve kep\u00e7eyi kald\u0131r\u0131p indirip e\u011febilirler, bu da malzeme ta\u015f\u0131ma g\u00f6revlerini kolayla\u015ft\u0131r\u0131r.<\/p>\n<h3>Tar\u0131m makineleri<\/h3>\n<p>Kova silindiri, \u00f6n y\u00fckleyiciler gibi tar\u0131m makinelerinde yayg\u0131n olarak kullan\u0131l\u0131r. Kova silindiri yard\u0131m\u0131yla y\u00fckleyici, toprak, saman ve di\u011fer malzemeleri kolayca kep\u00e7eleyebilir, kald\u0131rabilir ve ta\u015f\u0131yabilir. Kova silindiri, y\u00fckleyicinin temel bir bile\u015fenidir ve a\u011f\u0131r i\u015flerin kolayl\u0131kla yap\u0131lmas\u0131n\u0131 sa\u011flar.<\/p>\n<h3>Ekskavat\u00f6rler<\/h3>\n<p>Sany SY215Q orta ekskavat\u00f6r\u00fcn\u00fcn kep\u00e7e silindiri, ekskavat\u00f6rlerde \u00f6nemli bir rol oynar. Kep\u00e7enin topra\u011fa n\u00fcfuz etmesini sa\u011flayarak kazma i\u015flemini m\u00fcmk\u00fcn k\u0131lar. Kep\u00e7e silindiri, kep\u00e7enin hareketini kontrol etmek i\u00e7in bas\u0131nc\u0131 de\u011fi\u015ftiren hidrolik ya\u011f taraf\u0131ndan kontrol edilir. Bu, operat\u00f6r\u00fcn verimli, kolay ve etkili bir \u015fekilde kazmas\u0131n\u0131 sa\u011flar.<\/p>\n<h3>Y\u00fckleyiciler<\/h3>\n<p>\u00d6n y\u00fckleyicilerde, kova silindirleri y\u00fcklerin etkili bir \u015fekilde kald\u0131r\u0131lmas\u0131na ve e\u011filmesine yard\u0131mc\u0131 olur. A\u011f\u0131r y\u00fckleri sorunsuz ve g\u00fcvenli bir \u015fekilde kald\u0131rmak i\u00e7in tasarlanm\u0131\u015flard\u0131r ve malzeme ta\u015f\u0131ma g\u00f6revleri i\u00e7in olmazsa olmazd\u0131rlar. Kova silindirleri, y\u00fckleyicinin kovay\u0131 kald\u0131rmas\u0131n\u0131, indirmesini ve e\u011fmesini sa\u011flayarak y\u00fck\u00fcn y\u00fcklenmesini ve bo\u015falt\u0131lmas\u0131n\u0131 kolayla\u015ft\u0131r\u0131r.<\/p>\n<h2>Tasar\u0131m Hususlar\u0131 ve Se\u00e7im Kriterleri<\/h2>\n<p>Kova silindirleri tasarlan\u0131rken ve se\u00e7ilirken ta\u015f\u0131ma kapasitesi, s\u0131zd\u0131rmazl\u0131k, dayan\u0131kl\u0131l\u0131k, g\u00fcvenlik ve bak\u0131m kolayl\u0131\u011f\u0131 gibi \u00e7e\u015fitli fakt\u00f6rlerin g\u00f6z \u00f6n\u00fcnde bulundurulmas\u0131 gerekir.<\/p>\n<ul>\n<li>Ta\u015f\u0131ma kapasitesi: Kova silindiri, y\u00fck\u00fcn a\u011f\u0131rl\u0131\u011f\u0131na dayanabilmelidir. Kullan\u0131lan malzeme sa\u011flam ve dayan\u0131kl\u0131 olmal\u0131, silindirin yap\u0131sal tasar\u0131m\u0131 ise a\u011f\u0131r y\u00fckleri kald\u0131rabilecek kadar sa\u011flam olmal\u0131d\u0131r.<\/li>\n<li>S\u0131zd\u0131rmazl\u0131k: Kova silindirinin s\u0131z\u0131nt\u0131lar\u0131 \u00f6nlemek ve sorunsuz \u00e7al\u0131\u015fmas\u0131n\u0131 sa\u011flamak i\u00e7in yeterli s\u0131zd\u0131rmazl\u0131k sa\u011flamas\u0131 gerekir. Kullan\u0131lan contalar a\u015f\u0131nmaya dayan\u0131kl\u0131 malzemelerden yap\u0131lmal\u0131 ve y\u00fcksek bas\u0131n\u00e7lara dayanacak \u015fekilde tasarlanmal\u0131d\u0131r.<\/li>\n<li>Dayan\u0131kl\u0131l\u0131k: Kova silindirleri zorlu ortamlara maruz kal\u0131r ve korozyona, a\u015f\u0131nmaya ve kullan\u0131m \u00f6m\u00fcrlerini azaltabilecek di\u011fer d\u0131\u015f etkenlere dayanacak \u015fekilde tasarlanmalar\u0131 gerekir.<\/li>\n<li>G\u00fcvenlik: Kova silindirleri g\u00fcvenlik g\u00f6z \u00f6n\u00fcnde bulundurularak tasarlanmal\u0131d\u0131r. Kazalar\u0131 \u00f6nlemek i\u00e7in bas\u0131n\u00e7 tahliye valfleri gibi g\u00fcvenlik \u00f6zellikleriyle donat\u0131lmal\u0131d\u0131r.<\/li>\n<li>Bak\u0131m kolayl\u0131\u011f\u0131: Kova silindirleri, kolay bak\u0131m ve onar\u0131ma olanak sa\u011flayacak \u015fekilde tasarlanmal\u0131d\u0131r. S\u00f6k\u00fcl\u00fcp tak\u0131lmas\u0131 kolay olmal\u0131 ve yedek par\u00e7alar kolayca bulunabilmelidir.<\/li>\n<\/ul>\n<p><img decoding=\"async\" src=\"https:\/\/www.hydraulic-cylinders.net\/wp-content\/uploads\/2025\/01\/songte-oil-pipes-and-spare-parts.webp\" alt=\"Sany Orta Ekskavat\u00f6r SY215Q i\u00e7in Kova Silindiri\"><\/p>\n<h2>S\u0131zd\u0131rmazl\u0131k ve Ya\u011flama<\/h2>\n<p>Sany SY215Q orta ekskavat\u00f6r\u00fcn\u00fcn kep\u00e7e silindiri, piston contalar\u0131 ve piston kolu contalar\u0131 gibi \u00e7e\u015fitli s\u0131zd\u0131rmazl\u0131k bile\u015fenleri kullan\u0131r. Contalar, daha uzun \u00f6m\u00fcrl\u00fc olmalar\u0131n\u0131 sa\u011flamak i\u00e7in poli\u00fcretan ve nitril kau\u00e7uk gibi a\u015f\u0131nmaya dayan\u0131kl\u0131 malzemelerden \u00fcretilmi\u015ftir. Silindir g\u00f6vdesi ve di\u015fli ucu y\u00fczeyi, a\u015f\u0131nma direncini art\u0131rmak i\u00e7in hassas bir i\u015flemden ge\u00e7irilmi\u015ftir. Silindirin sorunsuz \u00e7al\u0131\u015fmas\u0131n\u0131 sa\u011flamak i\u00e7in d\u00fczenli olarak hidrolik ya\u011f ile ya\u011flanmas\u0131 gerekir. D\u00fczenli ya\u011flama ayr\u0131ca silindirin \u00f6mr\u00fcn\u00fc uzatmaya ve verimli ve g\u00fcvenli bir \u015fekilde \u00e7al\u0131\u015fmas\u0131n\u0131 sa\u011flamaya yard\u0131mc\u0131 olabilir.<\/p>\n<h2>Bak\u0131m ve Onar\u0131m<\/h2>\n<p>Sany SY215Q orta ekskavat\u00f6r\u00fcn\u00fcn kova silindirinin verimli ve g\u00fcvenli bir \u015fekilde \u00e7al\u0131\u015fmas\u0131n\u0131 sa\u011flamak i\u00e7in d\u00fczenli bak\u0131m ve onar\u0131m \u015fartt\u0131r. Baz\u0131 yayg\u0131n bak\u0131m g\u00f6revleri aras\u0131nda d\u00fczenli kontroller, do\u011fru ya\u011flama, conta de\u011fi\u015fimi ve kalibrasyon kontrolleri bulunur. Silindirin do\u011fru \u015fekilde \u00e7al\u0131\u015fmas\u0131n\u0131 sa\u011flamak i\u00e7in do\u011fru montaj, ya\u011flama ve ayar da kritik \u00f6neme sahiptir. Silindiri sabitlemek i\u00e7in uygun montaj braketlerinin kullan\u0131lmas\u0131 \u00f6nerilir. Par\u00e7alar\u0131 onar\u0131rken veya de\u011fi\u015ftirirken, silindirin g\u00fcvenli ve verimli bir \u015fekilde \u00e7al\u0131\u015fmas\u0131n\u0131 sa\u011flamak i\u00e7in \u00f6nerilen de\u011fi\u015ftirme prosed\u00fcrlerini izlemeniz \u00f6nerilir.<\/p>\n<p><img decoding=\"async\" src=\"https:\/\/www.hydraulic-cylinders.net\/wp-content\/uploads\/2025\/01\/songte-chushion-collar.webp\" alt=\"Sany Orta Ekskavat\u00f6r SY215Q i\u00e7in Kova Silindiri\"><\/p>\n<h2>G\u00fcvenlik Hususlar\u0131 ve \u00c7evresel Fakt\u00f6rler<\/h2>\n<p>Sany SY215Q orta ekskavat\u00f6r kova silindirini kullan\u0131rken, kazalar\u0131 \u00f6nlemek i\u00e7in g\u00fcvenlik prosed\u00fcrlerine uymak \u00e7ok \u00f6nemlidir. Kazalar\u0131 \u00f6nlemek i\u00e7in bas\u0131n\u00e7 tahliye valfleri gibi g\u00fcvenlik \u00f6zellikleri tak\u0131lmal\u0131d\u0131r. Dikkate al\u0131nmas\u0131 gereken \u00e7evresel fakt\u00f6rler aras\u0131nda, \u00e7al\u0131\u015fma ortam\u0131n\u0131n s\u0131cakl\u0131k aral\u0131\u011f\u0131 ve silindirin temas edece\u011fi malzeme veya madde t\u00fcrleri yer al\u0131r.<\/p>\n<h2>Ar\u0131za Te\u015fhisi ve Yayg\u0131n Sorunlar<\/h2>\n<p>Sany SY215Q orta ekskavat\u00f6r kova silindirinde olu\u015fabilecek yayg\u0131n sorunlardan baz\u0131lar\u0131 s\u0131z\u0131nt\u0131lar, hatal\u0131 \u00e7al\u0131\u015fma ve contalarda veya di\u011fer bile\u015fenlerde hasard\u0131r. Bu sorunlar, silindirin hasar veya a\u015f\u0131nma a\u00e7\u0131s\u0131ndan incelenmesiyle te\u015fhis edilebilir. D\u00fczenli kontrol ve bak\u0131m, bu sorunlar\u0131n olu\u015fmas\u0131n\u0131 \u00f6nlemeye yard\u0131mc\u0131 olabilir ve erken te\u015fhis, hasar\u0131n boyutunu s\u0131n\u0131rlayabilir.<\/p>\n<p>Bir sorun tespit edilirse, silindirin g\u00fcvenli ve verimli bir \u015fekilde \u00e7al\u0131\u015fmas\u0131n\u0131 sa\u011flamak i\u00e7in \u00f6nerilen onar\u0131m prosed\u00fcrlerini takip etmek \u00f6nemlidir. Hasar ciddiyse, silindiri veya belirli bile\u015fenleri de\u011fi\u015ftirmek gerekebilir.<\/p>\n<p><img decoding=\"async\" src=\"https:\/\/www.hydraulic-cylinders.net\/wp-content\/uploads\/2025\/01\/songte-bushings-with-all-kinds-of-excavator-models.webp\" alt=\"Sany Orta Ekskavat\u00f6r SY215Q i\u00e7in Kova Silindiri\"><\/p>\n<h2>\u015eirketimiz Hakk\u0131nda<\/h2>\n<p>Yedek hidrolik silindir \u00fcreticisi olarak, eksiksiz bir \u00fcr\u00fcn yelpazesi sunuyoruz. Yurt i\u00e7i ve yurt d\u0131\u015f\u0131 pazarlarda lider hidrolik silindir \u00fcreticilerinden ve toptan da\u011f\u0131t\u0131c\u0131lar\u0131ndan biri haline geldik. Kalitede m\u00fckemmellik ilkesini izliyor, geli\u015fmi\u015f bir \u00fcretim at\u00f6lyesinin end\u00fcstriyel \u00fcretim y\u00f6netimi stratejisine g\u00fcveniyor ve teknik yeteneklerimiz, dijital ileri teknoloji \u00fcretim ekipmanlar\u0131m\u0131z ve profesyonel test sistemlerimizle at\u00f6lyenin \u00fcretim platformunu s\u00fcrekli geli\u015ftiriyoruz. G\u00fc\u00e7l\u00fc inovasyon yeteneklerimiz ve y\u00fcksek verimlilik, y\u00fcksek hassasiyet ve y\u00fcksek kalite ilkelerine ba\u011fl\u0131 kalarak m\u00fc\u015fterilerimizin \u00e7e\u015fitli ihtiya\u00e7lar\u0131n\u0131 kar\u015f\u0131l\u0131yoruz.<\/p>\n<p>\u015eirketimiz, alan\u0131nda uzmanla\u015fm\u0131\u015f, uluslararas\u0131 sertifikal\u0131, \u00f6zelle\u015ftirilmi\u015f hizmetler sunan, geli\u015fmi\u015f \u00fcretim ekipmanlar\u0131 kullanan ve m\u00fckemmel sat\u0131\u015f sonras\u0131 hizmet sunan bir \u015firkettir. \u00dcr\u00fcnlerimiz, kalite ve inovasyona olan ba\u011fl\u0131l\u0131\u011f\u0131m\u0131zla destekleniyor ve m\u00fcmk\u00fcn olan en iyi m\u00fc\u015fteri deneyimini sunmay\u0131 hedefliyoruz.<\/p>\n<p><img decoding=\"async\" src=\"https:\/\/hzpt.com\/wp-content\/uploads\/2024\/11\/songte-company-1.webp\" alt=\"Sany Orta Ekskavat\u00f6r SY215Q i\u00e7in Kova Silindiri\"><\/p>\n<p>Yazar: lyl<\/p>","protected":false},"excerpt":{"rendered":"<p>Bucket Cylinder For Sany Middle Excavator SY215Q Introduction The bucket cylinder for Sany middle excavator SY215Q is a specially designed hydraulic cylinder used primarily to control the movement of the bucket in heavy machinery such as excavators, backhoe loaders, and front-end loaders. Its main function is to enable the bucket to lift, lower, and tilt, [&hellip;]<\/p>","protected":false},"featured_media":14773,"comment_status":"open","ping_status":"closed","template":"","meta":{"_et_pb_use_builder":"","_et_pb_old_content":"","_et_gb_content_width":""},"product_brand":[],"product_cat":[1494],"product_tag":[1495,1496],"class_list":{"0":"post-15441","1":"product","2":"type-product","3":"status-publish","4":"has-post-thumbnail","6":"product_cat-bucket-cylinders","7":"product_tag-bucket-cylinders","8":"product_tag-hydraulic-cylinders","10":"first","11":"instock","12":"shipping-taxable","13":"product-type-simple"},"amp_enabled":true,"_links":{"self":[{"href":"https:\/\/www.hydraulic-cylinders.net\/tr\/wp-json\/wp\/v2\/product\/15441","targetHints":{"allow":["GET"]}}],"collection":[{"href":"https:\/\/www.hydraulic-cylinders.net\/tr\/wp-json\/wp\/v2\/product"}],"about":[{"href":"https:\/\/www.hydraulic-cylinders.net\/tr\/wp-json\/wp\/v2\/types\/product"}],"replies":[{"embeddable":true,"href":"https:\/\/www.hydraulic-cylinders.net\/tr\/wp-json\/wp\/v2\/comments?post=15441"}],"wp:featuredmedia":[{"embeddable":true,"href":"https:\/\/www.hydraulic-cylinders.net\/tr\/wp-json\/wp\/v2\/media\/14773"}],"wp:attachment":[{"href":"https:\/\/www.hydraulic-cylinders.net\/tr\/wp-json\/wp\/v2\/media?parent=15441"}],"wp:term":[{"taxonomy":"product_brand","embeddable":true,"href":"https:\/\/www.hydraulic-cylinders.net\/tr\/wp-json\/wp\/v2\/product_brand?post=15441"},{"taxonomy":"product_cat","embeddable":true,"href":"https:\/\/www.hydraulic-cylinders.net\/tr\/wp-json\/wp\/v2\/product_cat?post=15441"},{"taxonomy":"product_tag","embeddable":true,"href":"https:\/\/www.hydraulic-cylinders.net\/tr\/wp-json\/wp\/v2\/product_tag?post=15441"}],"curies":[{"name":"wp","href":"https:\/\/api.w.org\/{rel}","templated":true}]}}