{"id":15444,"date":"2025-01-19T14:32:16","date_gmt":"2025-01-19T14:32:16","guid":{"rendered":"https:\/\/www.hydraulic-cylinders.net\/product\/bucket-cylinder-for-sany-middle-excavator-sy265c-9\/"},"modified":"2025-01-19T14:32:18","modified_gmt":"2025-01-19T14:32:18","slug":"bucket-cylinder-for-sany-middle-excavator-sy265c-9","status":"publish","type":"product","link":"https:\/\/www.hydraulic-cylinders.net\/tr\/urun\/bucket-cylinder-for-sany-middle-excavator-sy265c-9\/","title":{"rendered":"Sany SY265C-9 Orta Ekskavat\u00f6r \u0130\u00e7in Kep\u00e7e Silindiri"},"content":{"rendered":"<h1>Sany SY265C-9 Orta Ekskavat\u00f6r \u0130\u00e7in Kep\u00e7e Silindiri<\/h1>\n<h2>girii\u015f<\/h2>\n<h3>Tan\u0131m ve A\u00e7\u0131klama<\/h3>\n<p>Kep\u00e7e silindiri, ekskavat\u00f6rler, kaz\u0131c\u0131 ekskavat\u00f6rler ve \u00f6n y\u00fckleyiciler gibi a\u011f\u0131r makinelerde kep\u00e7enin hareketini kontrol etmek i\u00e7in tasarlanm\u0131\u015f \u00f6zel bir hidrolik silindirdir. Ana i\u015flevi, kep\u00e7enin kald\u0131r\u0131lmas\u0131n\u0131, indirilmesini ve e\u011filmesini sa\u011flayarak \u00e7e\u015fitli malzeme ta\u015f\u0131ma g\u00f6revlerini kolayla\u015ft\u0131rmakt\u0131r. Hidrolik sistemde, kep\u00e7e silindiri hidrolik ya\u011f bas\u0131nc\u0131ndaki de\u011fi\u015fiklikler yoluyla kep\u00e7enin hassas kontrol\u00fcn\u00fc sa\u011flar; bu da operat\u00f6rlerin a\u011f\u0131r y\u00fckleri verimli bir \u015fekilde ta\u015f\u0131mas\u0131na ve karma\u015f\u0131k \u00e7al\u0131\u015fma ortamlar\u0131na ve \u00e7e\u015fitli operasyonel ihtiya\u00e7lara uyum sa\u011flamas\u0131na olanak tan\u0131r.<\/p>\n<p><img decoding=\"async\" src=\"https:\/\/www.hydraulic-cylinders.net\/wp-content\/uploads\/2025\/01\/songte-company-2.webp\"><\/p>\n<h2>\u00d6zellikler<\/h2>\n<p>Sany SY265C-9 orta ekskavat\u00f6r i\u00e7in kova silindiri a\u015fa\u011f\u0131daki \u00f6zelliklere sahiptir:<\/p>\n<ul>\n<li>Y\u00fcksek Mukavemet ve Dayan\u0131kl\u0131l\u0131k: Genellikle y\u00fcksek mukavemetli \u00e7elik veya al\u00fcminyumdan \u00fcretilen bu malzeme, y\u00fcksek bas\u0131nca ve a\u011f\u0131r y\u00fcklere dayanabilir ve zorlu \u00e7al\u0131\u015fma ortamlar\u0131na uyum sa\u011flar. A\u015f\u0131nma ve korozyon direnci g\u00f6z \u00f6n\u00fcnde bulundurularak tasarlanm\u0131\u015f olup, kullan\u0131m \u00f6mr\u00fcn\u00fc uzat\u0131r.<\/li>\n<li>Verimli Hidrolik \u00c7al\u0131\u015fma: Hidrolik ya\u011f bas\u0131nc\u0131 kullan\u0131larak d\u00fczg\u00fcn uzatma ve daralma hareketleri sa\u011flan\u0131r; bu da kontrol komutlar\u0131na h\u0131zl\u0131 yan\u0131t verilmesini ve a\u011f\u0131r y\u00fcklerin ve karma\u015f\u0131k i\u015f g\u00f6revlerinin \u00fcstesinden gelmek i\u00e7in uygun g\u00fc\u00e7l\u00fc itme ve \u00e7ekme kuvvetleri sunulmas\u0131n\u0131 m\u00fcmk\u00fcn k\u0131lar.<\/li>\n<li>\u00c7ok Y\u00f6nl\u00fc Tipler: Operasyonel ihtiya\u00e7lara g\u00f6re tek etkili (hidrolik sadece tek y\u00f6nde kullan\u0131l\u0131r) veya \u00e7ift etkili (hidrolik her iki y\u00f6nde kullan\u0131l\u0131r) silindirler se\u00e7ilebilir. Baz\u0131 modeller teleskopiktir ve d\u0131\u015f boyutlar\u0131 art\u0131rmadan daha fazla geni\u015flemeye olanak tan\u0131yarak s\u0131n\u0131rl\u0131 alan uygulamalar\u0131 i\u00e7in uygun hale gelir.<\/li>\n<li>M\u00fckemmel De\u011fi\u015ftirme: \u00dcr\u00fcn\u00fcm\u00fcz bu hidrolik silindirlerin yerini m\u00fckemmel \u015fekilde alabilir.<\/li>\n<\/ul>\n<p><img decoding=\"async\" src=\"https:\/\/www.hydraulic-cylinders.net\/wp-content\/uploads\/2025\/01\/songte-cylinder-head-with-all-kinds-excavator-models.webp\"><\/p>\n<h2>Uygulamalar<\/h2>\n<p>Kova silindiri, a\u015fa\u011f\u0131dakiler de dahil olmak \u00fczere \u00e7e\u015fitli a\u011f\u0131r makinelerde yayg\u0131n olarak kullan\u0131l\u0131r:<\/p>\n<ul>\n<li>\u0130n\u015faat Ekipmanlar\u0131: Ekskavat\u00f6rlerde, toprak veya moloz kazma, y\u00fckleme ve ta\u015f\u0131ma i\u015flemlerinde hayati \u00f6neme sahiptirler. Kaz\u0131c\u0131 ekskavat\u00f6rlerde ise kova silindiri hem kazma hem de kald\u0131rma i\u015flemlerine yard\u0131mc\u0131 olur. <\/li>\n<li>Tar\u0131m Makineleri: \u00d6n y\u00fckleyicilerde kullan\u0131lan bu makineler, toprak, saman ve di\u011fer malzemeleri kep\u00e7eyle almak, kald\u0131rmak ve ta\u015f\u0131mak i\u00e7in kullan\u0131l\u0131r. <\/li>\n<li>Ekskavat\u00f6rler: Kova silindiri, kovan\u0131n topra\u011fa n\u00fcfuz etmesini sa\u011flayarak kazma eylemini ger\u00e7ekle\u015ftirir. <\/li>\n<li>Y\u00fckleyiciler: \u00d6n y\u00fckleyicilerde, mallar\u0131n etkili bir \u015fekilde kald\u0131r\u0131lmas\u0131na ve bo\u015falt\u0131lmas\u0131na yard\u0131mc\u0131 olurlar. <\/li>\n<\/ul>\n<p>A\u015fa\u011f\u0131da her bir uygulaman\u0131n ayr\u0131nt\u0131l\u0131 a\u00e7\u0131klamalar\u0131 yer almaktad\u0131r:<\/p>\n<h3>\u0130n\u015faat Ekipmanlar\u0131<\/h3>\n<p>Ekskavat\u00f6rlerde, kep\u00e7e silindiri topra\u011f\u0131 veya molozu kazma, y\u00fckleme ve ta\u015f\u0131ma i\u015flemlerinde hayati \u00f6neme sahiptir. Operat\u00f6r, kep\u00e7e silindirini kullanarak kep\u00e7enin hareketini kontrol edebilir ve malzemeyi kolayca kald\u0131rabilir, bu da \u015fantiyelerde verimli \u00e7al\u0131\u015fma sa\u011flar. Kaz\u0131c\u0131 ekskavat\u00f6rlerde, kep\u00e7e silindiri hem kazma hem de kald\u0131rma i\u015flemlerine yard\u0131mc\u0131 olur, kep\u00e7enin hareketinin daha iyi kontrol edilmesini sa\u011flar ve operat\u00f6r\u00fcn dar alanlarda \u00e7al\u0131\u015fmas\u0131na olanak tan\u0131r. <\/p>\n<h3>Tar\u0131m Makinalar\u0131<\/h3>\n<p>Kep\u00e7e silindiri, \u00f6n y\u00fckleyicilerde toprak, saman ve di\u011fer malzemeleri kep\u00e7eyle almak, kald\u0131rmak ve ta\u015f\u0131mak i\u00e7in kullan\u0131l\u0131r. Kep\u00e7e silindiri sayesinde operat\u00f6r, kep\u00e7enin hareketini kontrol edebilir ve malzemeyi kolayca ta\u015f\u0131yabilir; bu da \u00e7iftliklerde veya di\u011fer tar\u0131m alanlar\u0131nda \u00e7al\u0131\u015fmay\u0131 kolayla\u015ft\u0131r\u0131r.<\/p>\n<h3>Ekskavat\u00f6rler<\/h3>\n<p>Ekskavat\u00f6rdeki kep\u00e7e silindiri, kep\u00e7enin topra\u011fa n\u00fcfuz etmesini sa\u011flayarak kazma i\u015flemini ger\u00e7ekle\u015ftirir. Bu i\u015flev, topra\u011f\u0131n kald\u0131r\u0131lmas\u0131 gereken kaz\u0131 alanlar\u0131nda \u00e7ok \u00f6nemlidir.<\/p>\n<h3>Y\u00fckleyiciler<\/h3>\n<p>\u00d6n y\u00fckleyicilerde, kep\u00e7e silindiri, mallar\u0131n verimli bir \u015fekilde kald\u0131r\u0131lmas\u0131na ve bo\u015falt\u0131lmas\u0131na yard\u0131mc\u0131 olur. Kep\u00e7e silindiri, kep\u00e7enin hareketinin kontrol edilmesini sa\u011flayarak, mallar\u0131n y\u00fcklenmesi ve bo\u015falt\u0131lmas\u0131 i\u015flemlerini kolayla\u015ft\u0131r\u0131r.<\/p>\n<h2>Tasar\u0131m Hususlar\u0131 ve Se\u00e7im Kriterleri<\/h2>\n<p>Kova silindirinin tasar\u0131m\u0131nda \u00e7e\u015fitli fakt\u00f6rler g\u00f6z \u00f6n\u00fcnde bulundurulmal\u0131d\u0131r:<\/p>\n<ul>\n<li>Ta\u015f\u0131ma Kapasitesi: Kep\u00e7e silindiri, kald\u0131r\u0131lan malzemenin a\u011f\u0131rl\u0131\u011f\u0131 ve \u00e7al\u0131\u015fma ortam\u0131n\u0131n ko\u015fullar\u0131 da dahil olmak \u00fczere, maruz kalaca\u011f\u0131 y\u00fck\u00fc kald\u0131rabilecek \u015fekilde tasarlanmal\u0131d\u0131r.<\/li>\n<li>S\u0131zd\u0131rmazl\u0131k: Hidrolik s\u0131v\u0131 s\u0131z\u0131nt\u0131lar\u0131n\u0131 \u00f6nlemek ve sistem ar\u0131zas\u0131na yol a\u00e7abilecek durumlar\u0131 engellemek i\u00e7in kova silindiri s\u0131k\u0131ca kapat\u0131lmal\u0131d\u0131r.<\/li>\n<li>Dayan\u0131kl\u0131l\u0131k: Kova silindiri, a\u015f\u0131nma, y\u0131pranma, korozyon ve hizmet \u00f6mr\u00fcn\u00fc k\u0131saltabilecek di\u011fer fakt\u00f6rler de dahil olmak \u00fczere zorlu \u00e7al\u0131\u015fma ortam\u0131na dayanacak \u015fekilde tasarlanmal\u0131d\u0131r.<\/li>\n<li>G\u00fcvenlik: Kep\u00e7e silindiri, ar\u0131zalanmas\u0131n\u0131 veya kazalara neden olmas\u0131n\u0131 \u00f6nleyen g\u00fcvenlik \u00f6zellikleri de dahil olmak \u00fczere, g\u00fcvenlik g\u00f6z \u00f6n\u00fcnde bulundurularak tasarlanmal\u0131d\u0131r.<\/li>\n<li>Bak\u0131m Kolayl\u0131\u011f\u0131: Kep\u00e7e silindiri, kullan\u0131m \u00f6mr\u00fcn\u00fc uzatmaya ve ar\u0131za s\u00fcrelerini azaltmaya yard\u0131mc\u0131 olabilecek \u015fekilde, kolayca bak\u0131m\u0131 ve onar\u0131m\u0131 yap\u0131labilecek \u015fekilde tasarlanmal\u0131d\u0131r.<\/li>\n<\/ul>\n<p><img decoding=\"async\" src=\"https:\/\/www.hydraulic-cylinders.net\/wp-content\/uploads\/2025\/01\/songte-oil-pipes-and-spare-parts.webp\"><\/p>\n<h2>Kova Silindiri i\u00e7in S\u0131zd\u0131rmazl\u0131k ve Ya\u011flama<\/h2>\n<p>Kova silindiri, hidrolik s\u0131v\u0131 s\u0131z\u0131nt\u0131s\u0131n\u0131 \u00f6nlemek i\u00e7in poli\u00fcretan ve nitril kau\u00e7uk gibi a\u015f\u0131nmaya dayan\u0131kl\u0131 malzemelerden yap\u0131lm\u0131\u015f piston contalar\u0131 ve mil contalar\u0131 gibi \u00e7e\u015fitli contalar kullan\u0131r. Silindir g\u00f6vdesi ve di\u015fli u\u00e7 y\u00fczeyleri, a\u015f\u0131nma direncini art\u0131rmak i\u00e7in ince bir \u015fekilde i\u015flenmi\u015ftir. Ya\u011flama i\u00e7in uygun miktarda hidrolik ya\u011f\u0131n d\u00fczenli olarak eklenmesi gereklidir.<\/p>\n<h2>Kep\u00e7e Silindirinin Muayenesi ve \u00d6nleyici Bak\u0131m\u0131<\/h2>\n<p>Kep\u00e7e silindirinin d\u00fczg\u00fcn \u00e7al\u0131\u015fmas\u0131 i\u00e7in d\u00fczenli kontrol ve \u00f6nleyici bak\u0131m yap\u0131lmas\u0131 \u015fartt\u0131r. \u0130\u015fte baz\u0131 ipu\u00e7lar\u0131:<\/p>\n<ul>\n<li>Silindir g\u00f6vdesinde ve contalar\u0131nda herhangi bir s\u0131z\u0131nt\u0131 veya hasar olup olmad\u0131\u011f\u0131n\u0131 d\u00fczenli olarak kontrol edin. <\/li>\n<li>Silindire d\u00fczenli olarak ya\u011flay\u0131c\u0131 ekleyin ve contalar a\u015f\u0131nma belirtileri g\u00f6sterdi\u011finde de\u011fi\u015ftirin.<\/li>\n<li>Gerekirse, silindirin do\u011fru \u00e7al\u0131\u015ft\u0131\u011f\u0131ndan emin olmak i\u00e7in kalibrasyonunu yap\u0131n.<\/li>\n<\/ul>\n<h2>Kep\u00e7e Silindirinin Montaj\u0131 ve Hizalanmas\u0131<\/h2>\n<p>Kep\u00e7e silindirinin do\u011fru \u015fekilde tak\u0131lmas\u0131 ve hizalanmas\u0131, d\u00fczg\u00fcn \u00e7al\u0131\u015fmas\u0131 ve uzun \u00f6m\u00fcrl\u00fc olmas\u0131 i\u00e7in \u00e7ok \u00f6nemlidir. \u0130\u015fte baz\u0131 \u00f6nemli ipu\u00e7lar\u0131:<\/p>\n<ul>\n<li>Montaj s\u0131ras\u0131nda silindirin hizalanmas\u0131 i\u00e7in uygun y\u00f6nlendirme sa\u011flay\u0131n.<\/li>\n<li>Silindiri yerinde sabitlemek i\u00e7in uygun montaj braketlerini kullan\u0131n.<\/li>\n<li>Kep\u00e7e silindirinin d\u00fczg\u00fcn \u00e7al\u0131\u015fmas\u0131n\u0131 sa\u011flamak i\u00e7in par\u00e7alar\u0131 d\u00fczenli olarak kontrol edin, onar\u0131n ve de\u011fi\u015ftirin.<\/li>\n<li>Kova silindirinin kullan\u0131m \u00f6mr\u00fcn\u00fc uzatmak i\u00e7in \u00f6nerilen muayene, onar\u0131m ve de\u011fi\u015ftirme prosed\u00fcrlerini uygulay\u0131n.<\/li>\n<\/ul>\n<p><img decoding=\"async\" src=\"https:\/\/www.hydraulic-cylinders.net\/wp-content\/uploads\/2025\/01\/songte-chushion-collar.webp\"><\/p>\n<h2>G\u00fcvenlik ve \u00c7evresel Hususlar<\/h2>\n<p>Kep\u00e7e silindiri kullan\u0131l\u0131rken g\u00fcvenlik \u00f6nlemleri \u00e7ok \u00f6nemlidir. Kep\u00e7e silindiri se\u00e7ilirken, ar\u0131zalanmas\u0131n\u0131 veya kazalara neden olmas\u0131n\u0131 \u00f6nleyen g\u00fcvenlik \u00f6zelliklerinin dikkate al\u0131nmas\u0131 gerekir. Kazalar\u0131 \u00f6nlemek i\u00e7in kep\u00e7e silindiri \u00fcreticinin talimatlar\u0131na g\u00f6re kullan\u0131lmal\u0131d\u0131r. \u00c7evre korumas\u0131n\u0131 sa\u011flamak i\u00e7in kullan\u0131lm\u0131\u015f hidrolik ya\u011f\u0131n ve di\u011fer malzemelerin uygun \u015fekilde imha edilmesi \u015fartt\u0131r.<\/p>\n<h2>Sorun Giderme ve Yayg\u0131n Sorunlar<\/h2>\n<p>Kova silindiri kullan\u0131l\u0131rken ortaya \u00e7\u0131kabilecek yayg\u0131n sorunlar ve \u00e7\u00f6z\u00fcmleri \u015funlard\u0131r:<\/p>\n<ul>\n<li>Silindir hareket etmiyor: Hidrolik sistemde t\u0131kal\u0131 filtreleri, d\u00fc\u015f\u00fck ya\u011f seviyesini veya hasarl\u0131 hatlar\u0131 kontrol edin. <\/li>\n<li>Silindir \u00e7ok yava\u015f hareket ediyor: Hidrolik sistemde s\u0131z\u0131nt\u0131 veya d\u00fc\u015f\u00fck ya\u011f seviyesi olup olmad\u0131\u011f\u0131n\u0131 kontrol edin. <\/li>\n<li>Silindirden ya\u011f ka\u00e7a\u011f\u0131 var: Contalar\u0131 kontrol edin ve gerekirse de\u011fi\u015ftirin.<\/li>\n<\/ul>\n<p>Bu sorunlar\u0131n \u00f6n\u00fcne ge\u00e7mek ve kova silindirinin kullan\u0131m \u00f6mr\u00fcn\u00fc uzatmak i\u00e7in d\u00fczenli kontroller ve \u00f6nleyici bak\u0131m yap\u0131lmas\u0131 \u015fartt\u0131r. <\/p>\n<p><img decoding=\"async\" src=\"https:\/\/www.hydraulic-cylinders.net\/wp-content\/uploads\/2025\/01\/songte-bushings-with-all-kinds-of-excavator-models.webp\"><\/p>\n<h2>\u015eirketimiz Hakk\u0131nda<\/h2>\n<p>Orijinalinin yerine ge\u00e7ebilen hidrolik silindirler \u00fcreten bir firmay\u0131z. Geni\u015f \u00fcr\u00fcn yelpazemizle, hem yurt i\u00e7i hem de yurt d\u0131\u015f\u0131 pazarlarda \u00f6nde gelen hidrolik silindir \u00fcreticilerinden ve toptanc\u0131lar\u0131ndan biri haline geldik. Kalitede m\u00fckemmellik ilkesini benimseyerek, \u00f6zenle \u00fcretilmi\u015f at\u00f6lyelerimizde end\u00fcstriyel \u00fcretim y\u00f6netim stratejilerine g\u00fcveniyoruz. \u00dcretim platformumuzu s\u00fcrekli geli\u015ftiriyor, \u00fcr\u00fcn kalitesi \u00fcretim yolumuzu m\u00fckemmelle\u015ftiriyor ve m\u00fc\u015fterilerimizin \u00e7e\u015fitli ihtiya\u00e7lar\u0131n\u0131 kar\u015f\u0131layan y\u00fcksek verimlilik, y\u00fcksek hassasiyet ve y\u00fcksek kaliteli \u00fcr\u00fcnler yaratma konusunda g\u00fc\u00e7l\u00fc bir yetene\u011fe sahibiz.<\/p>\n<p>\u015eirketimizin a\u015fa\u011f\u0131daki \u00f6zellikleri bulunmaktad\u0131r:<\/p>\n<ul>\n<li>Profesyonellik<\/li>\n<li>Uluslararas\u0131 Sertifikasyon<\/li>\n<li>\u00d6zelle\u015ftirilmi\u015f Hizmet<\/li>\n<li>\u00dcretim Ekipmanlar\u0131<\/li>\n<li>Sat\u0131\u015f Sonras\u0131 Hizmet<\/li>\n<\/ul>\n<p><img decoding=\"async\" src=\"https:\/\/hzpt.com\/wp-content\/uploads\/2024\/11\/songte-company-1.webp\"><\/p>\n<p>Yazar: lyl<\/p>","protected":false},"excerpt":{"rendered":"<p>Bucket Cylinder For Sany Middle Excavator SY265C-9 Introduction Definition and Explanation A bucket cylinder is a specialized hydraulic cylinder designed to control the movement of the bucket in heavy machinery such as excavators, backhoe excavators, and front-end loaders. Its main function is to enable the bucket to lift, lower, and tilt, making it easier to [&hellip;]<\/p>","protected":false},"featured_media":14765,"comment_status":"open","ping_status":"closed","template":"","meta":{"_et_pb_use_builder":"","_et_pb_old_content":"","_et_gb_content_width":""},"product_brand":[],"product_cat":[1494],"product_tag":[1495,1496],"class_list":{"0":"post-15444","1":"product","2":"type-product","3":"status-publish","4":"has-post-thumbnail","6":"product_cat-bucket-cylinders","7":"product_tag-bucket-cylinders","8":"product_tag-hydraulic-cylinders","10":"first","11":"instock","12":"shipping-taxable","13":"product-type-simple"},"amp_enabled":true,"_links":{"self":[{"href":"https:\/\/www.hydraulic-cylinders.net\/tr\/wp-json\/wp\/v2\/product\/15444","targetHints":{"allow":["GET"]}}],"collection":[{"href":"https:\/\/www.hydraulic-cylinders.net\/tr\/wp-json\/wp\/v2\/product"}],"about":[{"href":"https:\/\/www.hydraulic-cylinders.net\/tr\/wp-json\/wp\/v2\/types\/product"}],"replies":[{"embeddable":true,"href":"https:\/\/www.hydraulic-cylinders.net\/tr\/wp-json\/wp\/v2\/comments?post=15444"}],"wp:featuredmedia":[{"embeddable":true,"href":"https:\/\/www.hydraulic-cylinders.net\/tr\/wp-json\/wp\/v2\/media\/14765"}],"wp:attachment":[{"href":"https:\/\/www.hydraulic-cylinders.net\/tr\/wp-json\/wp\/v2\/media?parent=15444"}],"wp:term":[{"taxonomy":"product_brand","embeddable":true,"href":"https:\/\/www.hydraulic-cylinders.net\/tr\/wp-json\/wp\/v2\/product_brand?post=15444"},{"taxonomy":"product_cat","embeddable":true,"href":"https:\/\/www.hydraulic-cylinders.net\/tr\/wp-json\/wp\/v2\/product_cat?post=15444"},{"taxonomy":"product_tag","embeddable":true,"href":"https:\/\/www.hydraulic-cylinders.net\/tr\/wp-json\/wp\/v2\/product_tag?post=15444"}],"curies":[{"name":"wp","href":"https:\/\/api.w.org\/{rel}","templated":true}]}}