{"id":15454,"date":"2025-01-19T14:33:02","date_gmt":"2025-01-19T14:33:02","guid":{"rendered":"https:\/\/www.hydraulic-cylinders.net\/product\/bucket-cylinder-for-sany-large-excavator-sy880h-8\/"},"modified":"2025-01-19T14:33:04","modified_gmt":"2025-01-19T14:33:04","slug":"bucket-cylinder-for-sany-large-excavator-sy880h-8","status":"publish","type":"product","link":"https:\/\/www.hydraulic-cylinders.net\/tr\/urun\/bucket-cylinder-for-sany-large-excavator-sy880h-8\/","title":{"rendered":"Sany SY880H-8 B\u00fcy\u00fck Ekskavat\u00f6r \u0130\u00e7in Kep\u00e7e Silindiri"},"content":{"rendered":"<h1>Sany SY880H-8 B\u00fcy\u00fck Ekskavat\u00f6r \u0130\u00e7in Kep\u00e7e Silindiri<\/h1>\n<h2>girii\u015f<\/h2>\n<h3>Kova Silindirinin Tan\u0131mlanmas\u0131<\/h3>\n<p>Kep\u00e7e silindiri, ekskavat\u00f6rler, kaz\u0131c\u0131lar ve \u00f6n y\u00fckleyiciler gibi a\u011f\u0131r makinelerde kep\u00e7enin hareketini kontrol etmek i\u00e7in kullan\u0131lan \u00f6zel olarak tasarlanm\u0131\u015f bir hidrolik silindirdir. Ana i\u015flevi, kep\u00e7enin kald\u0131r\u0131lmas\u0131n\u0131, indirilmesini ve e\u011filmesini sa\u011flayarak operat\u00f6r\u00fcn a\u011f\u0131r y\u00fckleri ta\u015f\u0131mas\u0131n\u0131 ve karma\u015f\u0131k \u00e7al\u0131\u015fma ortamlar\u0131na ve \u00e7e\u015fitli i\u015f gereksinimlerine uyum sa\u011flamas\u0131n\u0131 kolayla\u015ft\u0131rmakt\u0131r. Hidrolik sistemde, kep\u00e7e silindiri hidrolik ya\u011f bas\u0131nc\u0131ndaki de\u011fi\u015fiklikler yoluyla kep\u00e7enin hassas kontrol\u00fcn\u00fc sa\u011flayarak a\u011f\u0131r y\u00fcklerin verimli bir \u015fekilde ta\u015f\u0131nmas\u0131n\u0131 sa\u011flar.<\/p>\n<p><img decoding=\"async\" src=\"https:\/\/www.hydraulic-cylinders.net\/wp-content\/uploads\/2025\/01\/songte-company-2.webp\"><\/p>\n<h3>Kova Silindirinin \u00d6zellikleri<\/h3>\n<ul>\n<li><strong>Y\u00fcksek Dayan\u0131kl\u0131l\u0131k ve Dayan\u0131kl\u0131l\u0131k:<\/strong> Genellikle y\u00fcksek mukavemetli \u00e7elik veya al\u00fcminyumdan \u00fcretilen bu malzeme, y\u00fcksek bas\u0131nca ve a\u011f\u0131r y\u00fcklere dayanabilir, zorlu \u00e7al\u0131\u015fma ortamlar\u0131na uygundur ve kullan\u0131m \u00f6mr\u00fcn\u00fc uzatmak i\u00e7in a\u015f\u0131nma ve korozyon direnci g\u00f6z \u00f6n\u00fcnde bulundurularak tasarlanm\u0131\u015ft\u0131r.<\/li>\n<li><strong>Verimli Hidrolik \u00c7al\u0131\u015fma:<\/strong> Hidrolik ya\u011f bas\u0131nc\u0131n\u0131 kullanarak d\u00fczg\u00fcn uzama ve b\u00fcz\u00fclme sa\u011flayan bu sistem, kontrol komutlar\u0131na h\u0131zl\u0131 bir \u015fekilde yan\u0131t verebilir, g\u00fc\u00e7l\u00fc itme ve \u00e7ekme kuvveti sa\u011flayarak a\u011f\u0131r y\u00fcklerin ve karma\u015f\u0131k i\u015flerin \u00fcstesinden gelmek i\u00e7in uygun hale gelir.<\/li>\n<li><strong>\u00c7e\u015fitli Tipler:<\/strong> Tek y\u00f6nl\u00fc (hidroli\u011fi yaln\u0131zca tek y\u00f6nde kullanan) veya \u00e7ift y\u00f6nl\u00fc (hidroli\u011fi her iki y\u00f6nde de kullanan) silindirler, farkl\u0131 \u00e7al\u0131\u015fma gereksinimlerini kar\u015f\u0131lamak i\u00e7in ihtiya\u00e7lara g\u00f6re se\u00e7ilebilir. Baz\u0131 modeller teleskopiktir ve d\u0131\u015f boyutlar\u0131 art\u0131rmadan daha fazla geni\u015flemeye olanak tan\u0131yarak s\u0131n\u0131rl\u0131 alana sahip uygulamalar i\u00e7in uygun hale gelir.<\/li>\n<li><strong>\u00dcr\u00fcn\u00fcm\u00fcz:<\/strong> Biz bu \u00fcr\u00fcn\u00fc \u00fcretebiliyoruz ve \u00fcr\u00fcn\u00fcm\u00fcz bu hidrolik silindirlerin yerini m\u00fckemmel bir \u015fekilde alabiliyor.<\/li>\n<\/ul>\n<p><img decoding=\"async\" src=\"https:\/\/www.hydraulic-cylinders.net\/wp-content\/uploads\/2025\/01\/songte-cylinder-head-with-all-kinds-excavator-models.webp\"><\/p>\n<h3>Kova Silindirinin Uygulamalar\u0131<\/h3>\n<p>Kova silindiri, a\u015fa\u011f\u0131dakiler gibi \u00e7e\u015fitli a\u011f\u0131r makinelerde yayg\u0131n olarak kullan\u0131lmaktad\u0131r:<\/p>\n<ul>\n<li><strong>\u0130n\u015faat Ekipmanlar\u0131:<\/strong> Ekskavat\u00f6rlerde, toprak veya moloz kazma, y\u00fckleme ve ta\u015f\u0131ma i\u015flemlerinde hayati \u00f6neme sahiptirler. Kaz\u0131c\u0131 y\u00fckleyicilerde ise kova silindiri hem kazmaya hem de kald\u0131rmaya yard\u0131mc\u0131 olur. <\/li>\n<li><strong>Tar\u0131m Makinalar\u0131:<\/strong> \u00d6n y\u00fckleyicilerde toprak, saman ve di\u011fer malzemeleri kep\u00e7elemek, kald\u0131rmak ve ta\u015f\u0131mak i\u00e7in kullan\u0131l\u0131r. <\/li>\n<li><strong>Ekskavat\u00f6rler:<\/strong> Kep\u00e7e silindiri, kep\u00e7enin topra\u011f\u0131 delmesini sa\u011flayarak kazma i\u015flemini m\u00fcmk\u00fcn k\u0131lar. <\/li>\n<li><strong>Y\u00fckleyiciler:<\/strong> \u00d6n y\u00fckleyicilerde, etkili bo\u015faltma i\u00e7in kald\u0131rma ve devirme i\u015flemlerine yard\u0131mc\u0131 olurlar.<\/li>\n<\/ul>\n<h3>Tasar\u0131m Hususlar\u0131 ve Se\u00e7im Kriterleri<\/h3>\n<p>Kova silindirlerinin tasar\u0131m\u0131 ve se\u00e7imi yap\u0131l\u0131rken, a\u015fa\u011f\u0131dakiler de dahil olmak \u00fczere birka\u00e7 \u00f6nemli fakt\u00f6r dikkate al\u0131nmal\u0131d\u0131r:<\/p>\n<ul>\n<li><strong>Y\u00fck Ta\u015f\u0131ma Kapasitesi:<\/strong> Silindir, kar\u015f\u0131la\u015faca\u011f\u0131 maksimum y\u00fcke dayanacak \u015fekilde tasarlanmal\u0131d\u0131r.<\/li>\n<li><strong>S\u0131zd\u0131rmazl\u0131k:<\/strong> Silindir, s\u0131z\u0131nt\u0131y\u0131 \u00f6nlemek i\u00e7in y\u00fcksek kaliteli contalarla tasarlanmal\u0131d\u0131r.<\/li>\n<li><strong>Dayan\u0131kl\u0131l\u0131k:<\/strong> Silindir, zorlu \u00e7al\u0131\u015fma ortamlar\u0131na dayanabilmesi i\u00e7in y\u00fcksek kaliteli malzemelerden \u00fcretilmelidir.<\/li>\n<li><strong>Emniyet:<\/strong> Silindir, kazalar\u0131 \u00f6nlemek i\u00e7in g\u00fcvenlik \u00f6zellikleriyle tasarlanmal\u0131d\u0131r.<\/li>\n<li><strong>Bak\u0131m kolayl\u0131\u011f\u0131:<\/strong> Silindir, kolayca bak\u0131m\u0131 yap\u0131labilecek \u015fekilde tasarlanmal\u0131; yedek par\u00e7alar\u0131 ve onar\u0131m hizmetleri kolayca temin edilebilmelidir.<\/li>\n<\/ul>\n<p><img decoding=\"async\" src=\"https:\/\/www.hydraulic-cylinders.net\/wp-content\/uploads\/2025\/01\/songte-oil-pipes-and-spare-parts.webp\"><\/p>\n<h3>Kova Silindirinin S\u0131zd\u0131rmazl\u0131\u011f\u0131 ve Ya\u011flanmas\u0131<\/h3>\n<p>Kova silindirlerinin optimum performans g\u00f6stermesi i\u00e7in d\u00fczenli s\u0131zd\u0131rmazl\u0131k ve ya\u011flama bak\u0131m\u0131 gereklidir. Bu bak\u0131m \u015funlar\u0131 i\u00e7erir:<\/p>\n<ul>\n<li>Poli\u00fcretan ve nitril kau\u00e7uk gibi a\u015f\u0131nmaya dayan\u0131kl\u0131 malzemelerden yap\u0131lm\u0131\u015f piston contalar\u0131 ve mil contalar\u0131 gibi y\u00fcksek kaliteli contalar kullanmak.<\/li>\n<li>Silindir g\u00f6vdesinin ve di\u015fli ucunun y\u00fczeyinin inceltilmesiyle a\u015f\u0131nma direncinin art\u0131r\u0131lmas\u0131.<\/li>\n<li>Ya\u011flama i\u00e7in d\u00fczenli olarak uygun miktarda hidrolik ya\u011f ekleyin.<\/li>\n<\/ul>\n<h3>Kova Silindirinin Muayenesi, Bak\u0131m\u0131 ve Onar\u0131m\u0131<\/h3>\n<p>Kova silindirinin verimli ve g\u00fcvenli bir \u015fekilde \u00e7al\u0131\u015fmas\u0131n\u0131 sa\u011flamak i\u00e7in d\u00fczenli kontrol ve \u00f6nleyici bak\u0131m \u00e7ok \u00f6nemlidir. Yayg\u0131n bak\u0131m g\u00f6revleri \u015funlard\u0131r:<\/p>\n<ul>\n<li><strong>D\u00fczenli Muayene:<\/strong> Silindirin a\u015f\u0131nma, y\u0131pranma, s\u0131z\u0131nt\u0131 ve hasar belirtileri a\u00e7\u0131s\u0131ndan incelenmesi.<\/li>\n<li><strong>Ya\u011flama:<\/strong> Hidrolik ya\u011f seviyesinin uygun d\u00fczeyde tutulmas\u0131 ve silindirin kritik par\u00e7alar\u0131na ya\u011flama uygulanmas\u0131.<\/li>\n<li><strong>Conta De\u011fi\u015fimi:<\/strong> S\u0131z\u0131nt\u0131y\u0131 \u00f6nlemek i\u00e7in a\u015f\u0131nm\u0131\u015f contalar\u0131 de\u011fi\u015ftirmek.<\/li>\n<li><strong>Hizalama Kontrol\u00fc:<\/strong> Silindirin ve ilgili bile\u015fenlerin do\u011fru hizalanmas\u0131n\u0131 sa\u011flamak, hasar\u0131 \u00f6nler ve silindirin \u00f6mr\u00fcn\u00fc uzat\u0131r.<\/li>\n<\/ul>\n<p><img decoding=\"async\" src=\"https:\/\/www.hydraulic-cylinders.net\/wp-content\/uploads\/2025\/01\/songte-chushion-collar.webp\"><\/p>\n<h3>G\u00fcvenlik Hususlar\u0131 ve \u00c7evresel Fakt\u00f6rler<\/h3>\n<p>Kova silindiri kullan\u0131rken, kazalar\u0131 \u00f6nlemek i\u00e7in t\u00fcm g\u00fcvenlik \u00f6nlemlerine uymak \u015fartt\u0131r. Bu, eldiven ve g\u00fcvenlik g\u00f6zl\u00fc\u011f\u00fc gibi koruyucu ekipman kullanmay\u0131 ve asla yeterli bilgiye sahip olmadan silindiri tamir etmeye kalk\u0131\u015fmamay\u0131 i\u00e7erir.<\/p>\n<h3>Sorun Giderme ve Yayg\u0131n Sorunlar<\/h3>\n<p>Kova silindirlerinde s\u0131k kar\u015f\u0131la\u015f\u0131lan sorunlar aras\u0131nda s\u0131z\u0131nt\u0131, yanl\u0131\u015f kullan\u0131m ve genel a\u015f\u0131nma ve y\u0131pranma yer al\u0131r. D\u00fczenli bak\u0131m ve ya\u011flama gibi do\u011fru ar\u0131za tespiti ve \u00f6nleyici tedbirler, bu sorunlar\u0131n \u00f6nlenmesine yard\u0131mc\u0131 olabilir.<\/p>\n<h3>\u015eirketimiz Hakk\u0131nda<\/h3>\n<p>Yurti\u00e7i ve yurtd\u0131\u015f\u0131 pazarlarda hidrolik silindirlerin \u00f6nde gelen \u00fcreticisi ve toptan da\u011f\u0131t\u0131c\u0131s\u0131y\u0131z. \u00dcr\u00fcnlerimiz, m\u00fc\u015fterilerin \u00e7e\u015fitli ihtiya\u00e7lar\u0131n\u0131 kar\u015f\u0131lamak \u00fczere m\u00fckemmel kalite ve verimlilik g\u00f6z \u00f6n\u00fcnde bulundurularak tasarlanmakta ve \u00fcretilmektedir. End\u00fcstriyel \u00fcretim y\u00f6netim stratejilerini takip ederek, \u00fcretim platformumuzu s\u00fcrekli olarak geli\u015ftirmek ve \u00fcr\u00fcn kalitesi \u00fcretim s\u00fcrecimizi m\u00fckemmelle\u015ftirmek i\u00e7in geli\u015fmi\u015f teknolojiye, dijital \u00fcst d\u00fczey \u00fcretim ekipmanlar\u0131na ve profesyonel test sistemlerine g\u00fcveniyoruz. Fabrikam\u0131z, m\u00fc\u015fterilerimize en iyi \u00fcr\u00fcn ve hizmetleri sunmaya kendini adam\u0131\u015f, g\u00fc\u00e7l\u00fc yenilik\u00e7i yeteneklere sahip yetenekli bir ekibe sahiptir.<\/p>\n<ul>\n<li><strong>Profesyonellik:<\/strong> Hidrolik silindir tasar\u0131m\u0131 ve imalat\u0131 konusunda uzmanl\u0131\u011f\u0131m\u0131z var.<\/li>\n<li><strong>Uluslararas\u0131 Sertifikasyon:<\/strong> \u00dcr\u00fcnlerimiz uluslararas\u0131 kalite standartlar\u0131na g\u00f6re sertifikaland\u0131r\u0131lm\u0131\u015ft\u0131r.<\/li>\n<li><strong>\u00d6zelle\u015ftirme Hizmetleri:<\/strong> M\u00fc\u015fterilerimizin \u00f6zel ihtiya\u00e7lar\u0131n\u0131 kar\u015f\u0131lamak \u00fczere \u00f6zelle\u015ftirilmi\u015f hizmetler sunuyoruz.<\/li>\n<li><strong>\u00dcretim Ekipmanlar\u0131:<\/strong> Y\u00fcksek kaliteli \u00fcr\u00fcnler sa\u011flamak i\u00e7in geli\u015fmi\u015f \u00fcretim ekipmanlar\u0131 kullan\u0131yoruz.<\/li>\n<li><strong>Sat\u0131\u015f Sonras\u0131 Hizmetler:<\/strong> \u00dcr\u00fcn \u00f6mr\u00fcn\u00fc uzatmak i\u00e7in m\u00fc\u015fterilerimize yedek par\u00e7a ve onar\u0131m hizmetleri de dahil olmak \u00fczere kapsaml\u0131 sat\u0131\u015f sonras\u0131 hizmetler sunuyoruz.<\/li>\n<\/ul>\n<p><img decoding=\"async\" src=\"https:\/\/www.hydraulic-cylinders.net\/wp-content\/uploads\/2025\/01\/songte-company-3.webp\"><\/p>\n<p>LYL<\/p>","protected":false},"excerpt":{"rendered":"<p>Bucket Cylinder For Sany Large Excavator SY880H-8 Introduction Defining Bucket Cylinder A bucket cylinder is a specially designed hydraulic cylinder used to control the movement of the bucket in heavy machinery such as excavators, backhoes and front-end loaders. Its main function is to enable the bucket to lift, lower, and tilt, making it easier for [&hellip;]<\/p>","protected":false},"featured_media":14778,"comment_status":"open","ping_status":"closed","template":"","meta":{"_et_pb_use_builder":"","_et_pb_old_content":"","_et_gb_content_width":""},"product_brand":[],"product_cat":[1494],"product_tag":[1495,1496],"class_list":{"0":"post-15454","1":"product","2":"type-product","3":"status-publish","4":"has-post-thumbnail","6":"product_cat-bucket-cylinders","7":"product_tag-bucket-cylinders","8":"product_tag-hydraulic-cylinders","10":"first","11":"instock","12":"shipping-taxable","13":"product-type-simple"},"amp_enabled":true,"_links":{"self":[{"href":"https:\/\/www.hydraulic-cylinders.net\/tr\/wp-json\/wp\/v2\/product\/15454","targetHints":{"allow":["GET"]}}],"collection":[{"href":"https:\/\/www.hydraulic-cylinders.net\/tr\/wp-json\/wp\/v2\/product"}],"about":[{"href":"https:\/\/www.hydraulic-cylinders.net\/tr\/wp-json\/wp\/v2\/types\/product"}],"replies":[{"embeddable":true,"href":"https:\/\/www.hydraulic-cylinders.net\/tr\/wp-json\/wp\/v2\/comments?post=15454"}],"wp:featuredmedia":[{"embeddable":true,"href":"https:\/\/www.hydraulic-cylinders.net\/tr\/wp-json\/wp\/v2\/media\/14778"}],"wp:attachment":[{"href":"https:\/\/www.hydraulic-cylinders.net\/tr\/wp-json\/wp\/v2\/media?parent=15454"}],"wp:term":[{"taxonomy":"product_brand","embeddable":true,"href":"https:\/\/www.hydraulic-cylinders.net\/tr\/wp-json\/wp\/v2\/product_brand?post=15454"},{"taxonomy":"product_cat","embeddable":true,"href":"https:\/\/www.hydraulic-cylinders.net\/tr\/wp-json\/wp\/v2\/product_cat?post=15454"},{"taxonomy":"product_tag","embeddable":true,"href":"https:\/\/www.hydraulic-cylinders.net\/tr\/wp-json\/wp\/v2\/product_tag?post=15454"}],"curies":[{"name":"wp","href":"https:\/\/api.w.org\/{rel}","templated":true}]}}