{"id":15460,"date":"2025-01-19T14:33:26","date_gmt":"2025-01-19T14:33:26","guid":{"rendered":"https:\/\/www.hydraulic-cylinders.net\/product\/bucket-cylinder-for-xcmg-small-excavator-xe6oca\/"},"modified":"2025-01-19T14:33:34","modified_gmt":"2025-01-19T14:33:34","slug":"bucket-cylinder-for-xcmg-small-excavator-xe6oca","status":"publish","type":"product","link":"https:\/\/www.hydraulic-cylinders.net\/tr\/urun\/bucket-cylinder-for-xcmg-small-excavator-xe6oca\/","title":{"rendered":"XCMG XE6OCA K\u00fc\u00e7\u00fck Ekskavat\u00f6r \u0130\u00e7in Kep\u00e7e Silindiri"},"content":{"rendered":"<h1>XCMG XE6OCA K\u00fc\u00e7\u00fck Ekskavat\u00f6r \u0130\u00e7in Kep\u00e7e Silindiri<\/h1>\n<h2>girii\u015f<\/h2>\n<p>XCMG XE6OCA k\u00fc\u00e7\u00fck ekskavat\u00f6r i\u00e7in kova silindiri, ekskavat\u00f6rler, kaz\u0131c\u0131 ekskavat\u00f6rler ve \u00f6n y\u00fckleyiciler gibi a\u011f\u0131r makinelerde kovan\u0131n hareketini kontrol etmek i\u00e7in kullan\u0131lan \u00f6zel bir hidrolik silindirdir. Ba\u015fl\u0131ca i\u015flevi, kovan\u0131n kald\u0131r\u0131lmas\u0131n\u0131, indirilmesini ve e\u011filmesini sa\u011flayarak \u00e7e\u015fitli malzemelerin ta\u015f\u0131nmas\u0131n\u0131 kolayla\u015ft\u0131rmakt\u0131r. Hidrolik sistemde, kova silindiri hidrolik ya\u011f bas\u0131nc\u0131ndaki de\u011fi\u015fiklikleri kullanarak kovan\u0131n hareketini hassas bir \u015fekilde kontrol eder ve operat\u00f6rlerin a\u011f\u0131r y\u00fckleri verimli bir \u015fekilde ta\u015f\u0131mas\u0131na, karma\u015f\u0131k \u00e7al\u0131\u015fma ortamlar\u0131na ve \u00e7e\u015fitli i\u015f gereksinimlerine uyum sa\u011flamas\u0131na olanak tan\u0131r.<\/p>\n<p><img decoding=\"async\" src=\"https:\/\/www.hydraulic-cylinders.net\/wp-content\/uploads\/2025\/01\/songte-company-2.webp\" \/><\/p>\n<h2>\u00d6zellikler<\/h2>\n<ul>\n<li>Y\u00fcksek mukavemet ve dayan\u0131kl\u0131l\u0131k: Genellikle y\u00fcksek mukavemetli \u00e7elik veya al\u00fcminyumdan \u00fcretilen bu \u00fcr\u00fcn, y\u00fcksek bas\u0131nca ve a\u011f\u0131r y\u00fcklere dayanabilir ve zorlu \u00e7al\u0131\u015fma ortamlar\u0131na uyum sa\u011flar. A\u015f\u0131nma ve korozyon direnci g\u00f6z \u00f6n\u00fcnde bulundurularak tasarlanan \u00fcr\u00fcn\u00fcn kullan\u0131m \u00f6mr\u00fc uzat\u0131lm\u0131\u015ft\u0131r.<\/li>\n<li>Verimli hidrolik \u00e7al\u0131\u015fma: Hidrolik ya\u011f bas\u0131nc\u0131 kullan\u0131larak d\u00fczg\u00fcn uzatma ve geri \u00e7ekme hareketi sa\u011flan\u0131r. Kontrol komutlar\u0131na h\u0131zl\u0131 yan\u0131t vererek g\u00fc\u00e7l\u00fc itme ve \u00e7ekme kuvveti sa\u011flar; a\u011f\u0131r y\u00fcklerin ve karma\u015f\u0131k i\u015flerin \u00fcstesinden gelmek i\u00e7in uygundur.<\/li>\n<li>\u00c7e\u015fitli tipler: Farkl\u0131 \u00e7al\u0131\u015fma gereksinimlerini kar\u015f\u0131lamak i\u00e7in ihtiya\u00e7lara g\u00f6re tek etkili (sadece tek y\u00f6nde hidrolik) veya \u00e7ift etkili (her iki y\u00f6nde de hidrolik) silindirler se\u00e7ilebilir. Baz\u0131 modeller teleskopiktir ve d\u0131\u015f boyutlar\u0131 art\u0131rmadan daha fazla uzatmaya olanak tan\u0131r, bu da s\u0131n\u0131rl\u0131 alana sahip uygulamalar i\u00e7in uygundur.<\/li>\n<li>Di\u011fer hidrolik silindirlerin yerine ge\u00e7ebilir: \u00dcr\u00fcnlerimiz bu hidrolik silindirlerin yerine m\u00fckemmel \u015fekilde ge\u00e7ebilir.<\/li>\n<\/ul>\n<p><img decoding=\"async\" src=\"https:\/\/www.hydraulic-cylinders.net\/wp-content\/uploads\/2025\/01\/songte-cylinder-head-with-all-kinds-excavator-models.webp\" \/><\/p>\n<h2>Uygulamalar<\/h2>\n<p>Kova silindirinin farkl\u0131 end\u00fcstrilerde \u00e7e\u015fitli uygulamalar\u0131 vard\u0131r:<\/p>\n<ul>\n<li>\u0130n\u015faat ekipmanlar\u0131: Ekskavat\u00f6rlerde, toprak veya moloz kazma, y\u00fckleme ve ta\u015f\u0131ma i\u015flemlerinde hayati \u00f6neme sahiptirler. Kaz\u0131c\u0131 ekskavat\u00f6rlerde ise kova silindiri hem kazma hem de kald\u0131rma i\u015flemlerine yard\u0131mc\u0131 olur. <\/li>\n<li>Tar\u0131m makineleri: \u00d6n y\u00fckleyicilerde toprak, saman ve di\u011fer malzemelerin toplanmas\u0131, kald\u0131r\u0131lmas\u0131 ve ta\u015f\u0131nmas\u0131nda kullan\u0131l\u0131r. Ekskavat\u00f6rlerde, kep\u00e7e silindiri, kep\u00e7enin topra\u011fa n\u00fcfuz etmesini sa\u011flayarak kazma i\u015flemine olanak tan\u0131r. \u00d6n y\u00fckleyicilerde ise y\u00fck\u00fcn verimli bir \u015fekilde kald\u0131r\u0131lmas\u0131na ve bo\u015falt\u0131lmas\u0131na yard\u0131mc\u0131 olurlar.<\/li>\n<\/ul>\n<p>Yukar\u0131daki uygulamalar a\u015fa\u011f\u0131daki \u015fekilde geni\u015fletilebilir:<\/p>\n<ul>\n<li>\u0130n\u015faat ekipmanlar\u0131: Kep\u00e7e silindirleri, ekskavat\u00f6rlerde toprak veya moloz kazmak, y\u00fcklemek ve ta\u015f\u0131mak i\u00e7in yayg\u0131n olarak kullan\u0131l\u0131r. Ekskavat\u00f6rlerin \u00e7al\u0131\u015fmas\u0131 i\u00e7in vazge\u00e7ilmezdirler ve performanslar\u0131nda hayati bir rol oynarlar. Kaz\u0131c\u0131 ekskavat\u00f6rlerde kep\u00e7e silindiri hem kazmaya hem de kald\u0131rmaya yard\u0131mc\u0131 olur. Kep\u00e7e hareketinin hassas bir \u015fekilde kontrol edilmesini sa\u011flayarak malzemelerin kolayca al\u0131nmas\u0131n\u0131 ve bo\u015falt\u0131lmas\u0131n\u0131 m\u00fcmk\u00fcn k\u0131lar. <\/li>\n<li>Tar\u0131m makineleri: \u00d6n y\u00fckleyicilerde, kep\u00e7e silindirleri toprak, saman ve di\u011fer malzemeleri kald\u0131rmak, ta\u015f\u0131mak ve ta\u015f\u0131mak i\u00e7in kullan\u0131l\u0131r. Y\u00fck\u00fc kald\u0131rmak ve hareket ettirmek i\u00e7in gerekli kuvveti sa\u011flarlar. Ekskavat\u00f6rlerde, kep\u00e7e silindiri, kep\u00e7enin topra\u011fa n\u00fcfuz etmesini sa\u011flayarak kazma i\u015flemine olanak tan\u0131r. Bu i\u015flem, toprak ve di\u011fer malzemelerin kolayca kep\u00e7elenmesini sa\u011flar. \u00d6n y\u00fckleyicilerde, y\u00fck\u00fc verimli bir \u015fekilde kald\u0131rmaya ve bo\u015faltmaya yard\u0131mc\u0131 olarak, \u00e7al\u0131\u015fma s\u00fcre\u00e7lerini sorunsuz ve verimli hale getirirler.<\/li>\n<\/ul>\n<h2>Tasar\u0131m Hususlar\u0131 ve Se\u00e7im Kriterleri<\/h2>\n<p>Kova silindirinin tasar\u0131m ve se\u00e7im kriterlerinde a\u015fa\u011f\u0131daki fakt\u00f6rler dikkate al\u0131nmal\u0131d\u0131r:<\/p>\n<ul>\n<li>Ta\u015f\u0131ma kapasitesi: Silindir, \u00e7al\u0131\u015fma s\u0131ras\u0131nda maruz kalaca\u011f\u0131 y\u00fck\u00fc ta\u015f\u0131yabilecek kadar g\u00fc\u00e7l\u00fc olmal\u0131d\u0131r. <\/li>\n<li>S\u0131zd\u0131rmazl\u0131k: Do\u011fru s\u0131zd\u0131rmazl\u0131k, hidrolik silindirin verimli \u00e7al\u0131\u015fmas\u0131n\u0131 sa\u011flar ve ya\u011f s\u0131z\u0131nt\u0131s\u0131n\u0131 \u00f6nler. S\u0131zd\u0131rmazl\u0131k malzemelerinin se\u00e7iminde dayan\u0131kl\u0131l\u0131k, a\u015f\u0131nma direnci ve korozyon direnci dikkate al\u0131nmal\u0131d\u0131r.<\/li>\n<li>Dayan\u0131kl\u0131l\u0131k: Silindir dayan\u0131kl\u0131 olmal\u0131 ve zorlu \u00e7al\u0131\u015fma ortamlar\u0131na dayanabilmelidir. <\/li>\n<li>G\u00fcvenlik: Hidrolik silindirlerle \u00e7al\u0131\u015f\u0131rken g\u00fcvenlik kritik bir fakt\u00f6rd\u00fcr. Silindir, kazalar\u0131 \u00f6nlemek i\u00e7in g\u00fcvenlik \u00f6zellikleriyle tasarlanmal\u0131d\u0131r.<\/li>\n<li>Bak\u0131m Kolayl\u0131\u011f\u0131: Silindir, bak\u0131m kolayl\u0131\u011f\u0131 g\u00f6z \u00f6n\u00fcnde bulundurularak tasarlanmal\u0131d\u0131r. Bu \u00f6zellik, ar\u0131za s\u00fcrelerini azaltmaya ve silindirin her zaman d\u00fczg\u00fcn \u00e7al\u0131\u015f\u0131r durumda olmas\u0131n\u0131 sa\u011flamaya yard\u0131mc\u0131 olur.<\/li>\n<\/ul>\n<p><img decoding=\"async\" src=\"https:\/\/www.hydraulic-cylinders.net\/wp-content\/uploads\/2025\/01\/songte-oil-pipes-and-spare-parts.webp\" \/><\/p>\n<h2>S\u0131zd\u0131rmazl\u0131k ve Ya\u011flama<\/h2>\n<p>Kova silindiri, ya\u011f s\u0131z\u0131nt\u0131s\u0131n\u0131 \u00f6nlemek ve verimli \u00e7al\u0131\u015fmay\u0131 sa\u011flamak i\u00e7in piston contalar\u0131, mil contalar\u0131 ve silecekler gibi \u00e7e\u015fitli s\u0131zd\u0131rmazl\u0131k bile\u015fenleri kullan\u0131r. S\u0131zd\u0131rmazl\u0131k malzemeleri, poli\u00fcretan ve nitril kau\u00e7uk gibi dayan\u0131kl\u0131, a\u015f\u0131nmaya ve korozyona dayan\u0131kl\u0131 olmal\u0131d\u0131r. Silindirin g\u00f6vdesi ve di\u015fli u\u00e7 y\u00fczeyi, a\u015f\u0131nma direncini art\u0131rmak i\u00e7in ince bir i\u015flemden ge\u00e7irilir.<\/p>\n<p>Silindirin d\u00fczg\u00fcn \u00e7al\u0131\u015fmas\u0131 ve a\u015f\u0131nman\u0131n \u00f6nlenmesi i\u00e7in d\u00fczenli olarak hidrolik ya\u011f ile ya\u011flanmas\u0131 gerekir. Ya\u011f uygun miktarda eklenmeli ve ya\u011f kalitesi d\u00fczenli olarak kontrol edilmelidir.<\/p>\n<h2>Bak\u0131m ve Onar\u0131m<\/h2>\n<p>D\u00fczenli bak\u0131m ve onar\u0131m, kova silindirinin \u00f6mr\u00fcn\u00fc uzatmaya ve d\u00fczg\u00fcn \u00e7al\u0131\u015fmas\u0131n\u0131 sa\u011flamaya yard\u0131mc\u0131 olur. A\u015fa\u011f\u0131daki bak\u0131m i\u015flemleri \u00f6nerilir:<\/p>\n<ul>\n<li>D\u00fczenli kontroller: D\u00fczenli kontroller, sorunlar\u0131 erken tespit etmeye ve ciddi hasara yol a\u00e7malar\u0131n\u0131 \u00f6nlemeye yard\u0131mc\u0131 olabilir.<\/li>\n<li>Ya\u011flama: Yeterli ya\u011flama, a\u015f\u0131nmay\u0131 ve y\u0131pranmay\u0131 azalt\u0131r ve sorunsuz \u00e7al\u0131\u015fmay\u0131 sa\u011flar.<\/li>\n<li>S\u0131zd\u0131rmazl\u0131k elemanlar\u0131n\u0131n de\u011fi\u015ftirilmesi ve kalibrasyon kontrol\u00fc: S\u0131zd\u0131rmazl\u0131k elemanlar\u0131n\u0131n d\u00fczenli olarak de\u011fi\u015ftirilmesi ve kalibrasyon kontrolleri, ya\u011f s\u0131z\u0131nt\u0131s\u0131n\u0131 \u00f6nlemeye ve do\u011fru \u00e7al\u0131\u015fmay\u0131 sa\u011flamaya yard\u0131mc\u0131 olur.<\/li>\n<\/ul>\n<p>Hidrolik silindirden optimum performans elde etmek i\u00e7in do\u011fru montaj, ya\u011flama ve ayarlama \u015fartt\u0131r. Montaj s\u0131ras\u0131nda silindirin do\u011fru hizalanmas\u0131 \u00e7ok \u00f6nemlidir ve silindiri yerinde sabitlemek i\u00e7in uygun montaj destekleri kullan\u0131lmal\u0131d\u0131r. Kep\u00e7e silindirinin \u00f6mr\u00fcn\u00fc uzatmak i\u00e7in \u00fcreticinin \u00f6nerdi\u011fi inceleme, onar\u0131m ve de\u011fi\u015ftirme prosed\u00fcrlerini izlemenizi ve yedek par\u00e7a ve yeniden yap\u0131land\u0131rma hizmetleri sunman\u0131z\u0131 \u00f6neririz.<\/p>\n<p><img decoding=\"async\" src=\"https:\/\/www.hydraulic-cylinders.net\/wp-content\/uploads\/2025\/01\/songte-chushion-collar.webp\" \/><\/p>\n<h2>G\u00fcvenlik ve \u00c7evresel Hususlar<\/h2>\n<p>Hidrolik silindirlerle \u00e7al\u0131\u015f\u0131rken g\u00fcvenlik son derece \u00f6nemlidir. Operat\u00f6rler t\u00fcm g\u00fcvenlik y\u00f6nergelerine uymal\u0131 ve uygun g\u00fcvenlik ekipmanlar\u0131n\u0131 giymelidir. \u00c7evresel hususlar da hidrolik silindirlerin kullan\u0131m\u0131nda hayati bir rol oynar. \u00c7evresel etkiyi en aza indirmek i\u00e7in kullan\u0131lm\u0131\u015f hidrolik ya\u011f\u0131n ve di\u011fer tehlikeli maddelerin uygun \u015fekilde bertaraf edilmesi gereklidir.<\/p>\n<h2>Yayg\u0131n Sorunlar ve Sorun Giderme<\/h2>\n<p>Kep\u00e7e silindirinde ya\u011f s\u0131z\u0131nt\u0131s\u0131, yava\u015f \u00e7al\u0131\u015fma ve silindir kaymas\u0131 gibi baz\u0131 yayg\u0131n sorunlar g\u00f6r\u00fclebilir. Bu sorunlar d\u00fczenli kontrol ve bak\u0131m yap\u0131larak \u00e7\u00f6z\u00fclebilir. Sorunlar devam ederse, \u00fcreticiye veya yetkili bir teknisyene dan\u0131\u015f\u0131lmas\u0131 \u00f6nerilir.<\/p>\n<p><img decoding=\"async\" src=\"https:\/\/www.hydraulic-cylinders.net\/wp-content\/uploads\/2025\/01\/songte-bushings-with-all-kinds-of-excavator-models.webp\" \/><\/p>\n<h2>\u015eirketimiz Hakk\u0131nda<\/h2>\n<p>Yurti\u00e7i ve yurtd\u0131\u015f\u0131 pazarlarda \u00f6nde gelen hidrolik silindir \u00fcreticisi ve toptanc\u0131s\u0131y\u0131z. \u00dcr\u00fcnlerimiz \u00e7e\u015fitli ve eksiksiz olup, geli\u015fmi\u015f bir \u00fcretim at\u00f6lyesinin end\u00fcstriyel \u00fcretim y\u00f6netim stratejisine dayanarak m\u00fckemmel kalite ilkesini benimsiyoruz. \u00dcretim platformumuzu s\u00fcrekli geli\u015ftiriyor, \u00fcr\u00fcn kalite \u00fcretim hatt\u0131m\u0131z\u0131 m\u00fckemmelle\u015ftiriyor ve m\u00fc\u015fterilerimizin \u00e7e\u015fitli ihtiya\u00e7lar\u0131n\u0131 kar\u015f\u0131layacak g\u00fc\u00e7l\u00fc bir yarat\u0131m yetene\u011fine sahibiz. Ayr\u0131ca \u00f6zelle\u015ftirilmi\u015f hizmetler sunuyoruz ve kalite g\u00fcvencesi i\u00e7in uluslararas\u0131 sertifikalar\u0131m\u0131z bulunmaktad\u0131r.<\/p>\n<p>\u015eirketimiz, m\u00fc\u015fterilerimize y\u00fcksek kaliteli \u00fcr\u00fcnler ve m\u00fckemmel hizmetler sunmaya kendini adam\u0131\u015ft\u0131r. Profesyonel teknisyenlerden olu\u015fan bir ekibimiz, dijital \u00fcst d\u00fczey \u00fcretim ekipmanlar\u0131m\u0131z ve s\u00fcrekli olarak \u00fcretim platformunu geli\u015ftiren ve \u00fcr\u00fcn kalitesi \u00fcretim hatt\u0131n\u0131 m\u00fckemmelle\u015ftiren profesyonel bir test sistemimiz bulunmaktad\u0131r.<\/p>\n<p>\u015eirketimiz, m\u00fc\u015fterilerimizin memnuniyetini sa\u011flamak i\u00e7in inceleme, onar\u0131m ve yedek par\u00e7a de\u011fi\u015fimi de dahil olmak \u00fczere sat\u0131\u015f sonras\u0131 hizmetler sunmaktad\u0131r. M\u00fc\u015fterilerimize en y\u00fcksek kalitede hidrolik silindirler ve hizmetler sunmaya kendimizi adad\u0131k.<\/p>\n<p><img decoding=\"async\" src=\"https:\/\/hzpt.com\/wp-content\/uploads\/2024\/11\/songte-company-1.webp\" \/><\/p>\n<p>Yazar: lyl<\/p>","protected":false},"excerpt":{"rendered":"<p>Bucket Cylinder For XCMG Small Excavator XE6OCA Introduction The bucket cylinder for XCMG small excavator XE6OCA is a specialized hydraulic cylinder used for controlling the movement of the bucket in heavy machinery like excavators, backhoe excavators, and front-end loaders. Its primary function is to enable the bucket to lift, lower, and tilt, making it easy [&hellip;]<\/p>","protected":false},"featured_media":14762,"comment_status":"open","ping_status":"closed","template":"","meta":{"_et_pb_use_builder":"","_et_pb_old_content":"","_et_gb_content_width":""},"product_brand":[],"product_cat":[1494],"product_tag":[1495,1496],"class_list":{"0":"post-15460","1":"product","2":"type-product","3":"status-publish","4":"has-post-thumbnail","6":"product_cat-bucket-cylinders","7":"product_tag-bucket-cylinders","8":"product_tag-hydraulic-cylinders","10":"first","11":"instock","12":"shipping-taxable","13":"product-type-simple"},"amp_enabled":true,"_links":{"self":[{"href":"https:\/\/www.hydraulic-cylinders.net\/tr\/wp-json\/wp\/v2\/product\/15460","targetHints":{"allow":["GET"]}}],"collection":[{"href":"https:\/\/www.hydraulic-cylinders.net\/tr\/wp-json\/wp\/v2\/product"}],"about":[{"href":"https:\/\/www.hydraulic-cylinders.net\/tr\/wp-json\/wp\/v2\/types\/product"}],"replies":[{"embeddable":true,"href":"https:\/\/www.hydraulic-cylinders.net\/tr\/wp-json\/wp\/v2\/comments?post=15460"}],"wp:featuredmedia":[{"embeddable":true,"href":"https:\/\/www.hydraulic-cylinders.net\/tr\/wp-json\/wp\/v2\/media\/14762"}],"wp:attachment":[{"href":"https:\/\/www.hydraulic-cylinders.net\/tr\/wp-json\/wp\/v2\/media?parent=15460"}],"wp:term":[{"taxonomy":"product_brand","embeddable":true,"href":"https:\/\/www.hydraulic-cylinders.net\/tr\/wp-json\/wp\/v2\/product_brand?post=15460"},{"taxonomy":"product_cat","embeddable":true,"href":"https:\/\/www.hydraulic-cylinders.net\/tr\/wp-json\/wp\/v2\/product_cat?post=15460"},{"taxonomy":"product_tag","embeddable":true,"href":"https:\/\/www.hydraulic-cylinders.net\/tr\/wp-json\/wp\/v2\/product_tag?post=15460"}],"curies":[{"name":"wp","href":"https:\/\/api.w.org\/{rel}","templated":true}]}}