{"id":15463,"date":"2025-01-19T14:33:45","date_gmt":"2025-01-19T14:33:45","guid":{"rendered":"https:\/\/www.hydraulic-cylinders.net\/product\/bucket-cylinder-for-xcmg-small-excavator-xe150d\/"},"modified":"2025-01-19T14:33:47","modified_gmt":"2025-01-19T14:33:47","slug":"bucket-cylinder-for-xcmg-small-excavator-xe150d","status":"publish","type":"product","link":"https:\/\/www.hydraulic-cylinders.net\/tr\/urun\/bucket-cylinder-for-xcmg-small-excavator-xe150d\/","title":{"rendered":"XCMG XE150D K\u00fc\u00e7\u00fck Ekskavat\u00f6r \u0130\u00e7in Kep\u00e7e Silindiri"},"content":{"rendered":"<p><!DOCTYPE html><br \/>\n<html><br \/>\n<head><br \/>\n<meta charset=\"UTF-8\"><br \/>\n<title>XCMG XE150D K\u00fc\u00e7\u00fck Ekskavat\u00f6r \u0130\u00e7in Kep\u00e7e Silindiri<\/title><br \/>\n<\/head><br \/>\n<body><\/p>\n<h1>XCMG XE150D K\u00fc\u00e7\u00fck Ekskavat\u00f6r \u0130\u00e7in Kep\u00e7e Silindiri<\/h1>\n<h2>girii\u015f<\/h2>\n<p>Kep\u00e7e silindiri, ekskavat\u00f6rler, kaz\u0131c\u0131 y\u00fckleyiciler ve \u00f6n y\u00fckleyiciler gibi a\u011f\u0131r makinelerde kep\u00e7enin hareketini kontrol etmek i\u00e7in kullan\u0131lan \u00f6zel olarak tasarlanm\u0131\u015f bir hidrolik silindirdir. Ana i\u015flevi, kep\u00e7enin kald\u0131r\u0131lmas\u0131n\u0131, indirilmesini ve e\u011filmesini sa\u011flayarak \u00e7e\u015fitli malzeme ta\u015f\u0131ma g\u00f6revlerini kolayla\u015ft\u0131rmakt\u0131r. Hidrolik sistemde, kep\u00e7e silindiri hidrolik ya\u011f\u0131n bas\u0131n\u00e7 de\u011fi\u015fiklikleriyle kep\u00e7enin hassas kontrol\u00fcn\u00fc sa\u011flar; bu da operat\u00f6r\u00fcn a\u011f\u0131r y\u00fckleri verimli bir \u015fekilde ta\u015f\u0131mas\u0131na ve karma\u015f\u0131k \u00e7al\u0131\u015fma ortamlar\u0131na ve \u00e7e\u015fitli i\u015f gereksinimlerine uyum sa\u011flamas\u0131na olanak tan\u0131r.<\/p>\n<p><img decoding=\"async\" src=\"https:\/\/www.hydraulic-cylinders.net\/wp-content\/uploads\/2025\/01\/songte-company-2.webp\"><\/p>\n<h2>\u00d6zellikler<\/h2>\n<ul>\n<li>Y\u00fcksek Mukavemet ve Dayan\u0131kl\u0131l\u0131k: Genellikle y\u00fcksek mukavemetli \u00e7elik veya al\u00fcminyumdan \u00fcretilen bu \u00fcr\u00fcnler, y\u00fcksek bas\u0131n\u00e7 ve a\u011f\u0131r y\u00fcklere dayanabilir ve zorlu \u00e7al\u0131\u015fma ortamlar\u0131na uyum sa\u011flayabilir. Tasar\u0131m\u0131nda, kullan\u0131m \u00f6mr\u00fcn\u00fc uzatmak i\u00e7in a\u015f\u0131nma ve korozyon direnci g\u00f6z \u00f6n\u00fcnde bulundurulmu\u015ftur.<\/li>\n<li>Verimli Hidrolik \u00c7al\u0131\u015fma: Hidrolik ya\u011f bas\u0131nc\u0131n\u0131 kullanarak d\u00fczg\u00fcn uzatma ve geri \u00e7ekme hareketleri ger\u00e7ekle\u015ftirir, kontrol komutlar\u0131na h\u0131zl\u0131 yan\u0131t verebilir ve a\u011f\u0131r y\u00fcklerin ve karma\u015f\u0131k i\u015f g\u00f6revlerinin \u00fcstesinden gelmek i\u00e7in uygun g\u00fc\u00e7l\u00fc itme ve \u00e7ekme kuvvetleri sa\u011flar.<\/li>\n<li>\u00c7e\u015fitli Tipler: \u00c7al\u0131\u015fma ihtiya\u00e7lar\u0131na g\u00f6re tek etkili (hidrolik sadece tek y\u00f6nde kullan\u0131l\u0131r) veya \u00e7ift etkili (hidrolik her iki y\u00f6nde kullan\u0131l\u0131r) silindirler aras\u0131ndan se\u00e7im yapabilirsiniz. Baz\u0131 modeller teleskopiktir ve d\u0131\u015f boyutlar\u0131 art\u0131rmadan daha fazla uzatmaya olanak tan\u0131r; bu da s\u0131n\u0131rl\u0131 alana sahip uygulamalar i\u00e7in uygundur.<\/li>\n<li>\u00c7e\u015fitli Hidrolik Silindirlerin Yerine Ge\u00e7er: \u00dcr\u00fcn\u00fcm\u00fcz bu hidrolik silindirlerin yerine m\u00fckemmel \u015fekilde ge\u00e7ebilir.<\/li>\n<\/ul>\n<p><img decoding=\"async\" src=\"https:\/\/www.hydraulic-cylinders.net\/wp-content\/uploads\/2025\/01\/songte-cylinder-head-with-all-kinds-excavator-models.webp\"><\/p>\n<h2>Uygulamalar<\/h2>\n<p>Kova silindirleri \u00e7e\u015fitli in\u015faat ve tar\u0131m makinelerinde yayg\u0131n olarak kullan\u0131l\u0131r:<\/p>\n<ul>\n<li>\u0130n\u015faat Ekipmanlar\u0131: Ekskavat\u00f6rlerde bulunan bu ekipmanlar, toprak veya moloz kazma, y\u00fckleme ve ta\u015f\u0131ma i\u015flerinde hayati \u00f6nem ta\u015f\u0131r. Beko-Loderlerde ise kova silindiri hem kazma hem de kald\u0131rma i\u015flerinde yard\u0131mc\u0131 olur.<\/li>\n<li>Tar\u0131m Makinalar\u0131: \u00d6n y\u00fckleyicilerde toprak, saman ve di\u011fer malzemeleri kep\u00e7elemek, kald\u0131rmak ve ta\u015f\u0131mak i\u00e7in kullan\u0131l\u0131r.<\/li>\n<li>Ekskavat\u00f6rler: Kova silindiri, kovan\u0131n topra\u011fa n\u00fcfuz etmesini sa\u011flayarak kazma i\u015flemini ger\u00e7ekle\u015ftirir.<\/li>\n<li>Y\u00fckleyiciler: \u00d6n y\u00fckleyicilerde, mallar\u0131n etkili bir \u015fekilde kald\u0131r\u0131lmas\u0131na ve bo\u015falt\u0131lmas\u0131na yard\u0131mc\u0131 olurlar.<\/li>\n<\/ul>\n<h2>Tasar\u0131m Hususlar\u0131 ve Se\u00e7im Kriterleri<\/h2>\n<ul>\n<li>Ta\u015f\u0131ma Kapasitesi: Silindir tasar\u0131m\u0131, dayanabilece\u011fi maksimum y\u00fck\u00fc dikkate al\u0131r.<\/li>\n<li>S\u0131zd\u0131rmazl\u0131k: Piston contalar\u0131 ve mil contalar\u0131 gibi \u00e7e\u015fitli contalar kullan\u0131l\u0131r; bunlar poli\u00fcretan ve nitril kau\u00e7uk gibi a\u015f\u0131nmaya dayan\u0131kl\u0131 malzemelerden yap\u0131lm\u0131\u015ft\u0131r.<\/li>\n<li>Dayan\u0131kl\u0131l\u0131k: Silindir g\u00f6vdesi ve di\u015fli u\u00e7 y\u00fczeyi, a\u015f\u0131nma direncini art\u0131rmak i\u00e7in \u00f6zel bir i\u015flemden ge\u00e7irilmi\u015ftir.<\/li>\n<li>G\u00fcvenlik: Tasar\u0131m ve \u00fcretim s\u00fcrecinde g\u00fcvenlik \u00f6nlemleri dikkate al\u0131nmaktad\u0131r.<\/li>\n<li>Bak\u0131m Kolayl\u0131\u011f\u0131: Silindir, bak\u0131m ve onar\u0131m kolayl\u0131\u011f\u0131 i\u00e7in tasarlanm\u0131\u015ft\u0131r.<\/li>\n<\/ul>\n<p><img decoding=\"async\" src=\"https:\/\/www.hydraulic-cylinders.net\/wp-content\/uploads\/2025\/01\/songte-oil-pipes-and-spare-parts.webp\"><\/p>\n<h2>S\u0131zd\u0131rmazl\u0131k ve Ya\u011flama<\/h2>\n<p>Kova silindiri, piston contalar\u0131 ve mil contalar\u0131 gibi \u00e7e\u015fitli contalar kullan\u0131r. Bu contalar, poli\u00fcretan ve nitril kau\u00e7uk gibi a\u015f\u0131nmaya dayan\u0131kl\u0131 malzemelerden yap\u0131lm\u0131\u015ft\u0131r. Silindir g\u00f6vdesi ve di\u015fli u\u00e7 y\u00fczeyi, a\u015f\u0131nma direncini art\u0131rmak i\u00e7in ince bir \u015fekilde i\u015flenmi\u015ftir. Sorunsuz \u00e7al\u0131\u015fma sa\u011flamak i\u00e7in uygun miktarda hidrolik ya\u011f kullan\u0131larak d\u00fczenli ya\u011flama gereklidir.<\/p>\n<h2>D\u00fczenli Muayene ve \u00d6nleyici Bak\u0131m \u00d6nlemleri<\/h2>\n<ul>\n<li>Silindiri d\u00fczenli olarak a\u015f\u0131nma veya hasar belirtileri a\u00e7\u0131s\u0131ndan inceleyin.<\/li>\n<li>En iyi performans\u0131 korumak i\u00e7in uygun ya\u011flama \u015fartt\u0131r.<\/li>\n<li>S\u0131z\u0131nt\u0131lar\u0131 \u00f6nlemek i\u00e7in gerekti\u011finde contalar\u0131 de\u011fi\u015ftirin.<\/li>\n<li>Do\u011fru \u00e7al\u0131\u015fmay\u0131 sa\u011flamak i\u00e7in kalibrasyon kontrollerini ger\u00e7ekle\u015ftirin.<\/li>\n<\/ul>\n<p><img decoding=\"async\" src=\"https:\/\/www.hydraulic-cylinders.net\/wp-content\/uploads\/2025\/01\/songte-chushion-collar.webp\"><\/p>\n<h2>G\u00fcvenlik Hususlar\u0131 ve \u00c7evresel Fakt\u00f6rler<\/h2>\n<p>Kova silindiri kullan\u0131l\u0131rken, kazalar\u0131 \u00f6nlemek ve g\u00fcvenli bir \u00e7al\u0131\u015fma ortam\u0131 sa\u011flamak i\u00e7in g\u00fcvenlik \u00f6nlemlerine uyulmas\u0131 \u00f6nemlidir.<\/p>\n<h2>Ar\u0131za Te\u015fhisi ve Yayg\u0131n Sorunlar<\/h2>\n<p>Kova silindirinde s\u0131k kar\u015f\u0131la\u015f\u0131lan sorunlar aras\u0131nda s\u0131z\u0131nt\u0131lar, yetersiz g\u00fc\u00e7 ve anormal hareketler yer almaktad\u0131r. Sorunlar\u0131 te\u015fhis etmenize ve \u00e7\u00f6zmenize yard\u0131mc\u0131 olacak baz\u0131 sorun giderme ipu\u00e7lar\u0131 ve \u00e7\u00f6z\u00fcmleri \u015funlard\u0131r:<\/p>\n<h2>Bak\u0131m G\u00f6revleri<\/h2>\n<p>Kep\u00e7e silindiri i\u00e7in \u00fc\u00e7 yayg\u0131n bak\u0131m g\u00f6revi d\u00fczenli kontroller, uygun ya\u011flama ve conta de\u011fi\u015fimidir. Do\u011fru montaj, ya\u011flama ve ayarlaman\u0131n \u00f6nemi vurgulanmal\u0131d\u0131r. Montaj i\u015flemi s\u0131ras\u0131nda uygun hizalama k\u0131lavuzu sa\u011flanmal\u0131 ve silindiri sabitlemek i\u00e7in uygun montaj braketlerinin kullan\u0131lmas\u0131 \u00f6nerilir. Kep\u00e7e silindirinin \u00f6mr\u00fcn\u00fc uzatmak i\u00e7in ipu\u00e7lar\u0131yla birlikte \u00f6nerilen kontrol, onar\u0131m ve de\u011fi\u015ftirme prosed\u00fcrleri de verilmelidir.<\/p>\n<p><img decoding=\"async\" src=\"https:\/\/www.hydraulic-cylinders.net\/wp-content\/uploads\/2025\/01\/songte-bushings-with-all-kinds-of-excavator-models.webp\"><\/p>\n<h2>\u015eirketimiz Hakk\u0131nda<\/h2>\n<p>Biz, hidrolik silindir yedek par\u00e7alar\u0131 \u00fcreticisiyiz. \u015eirketimiz geni\u015f bir \u00fcr\u00fcn yelpazesi sunmakta olup, hem yurt i\u00e7i hem de uluslararas\u0131 pazarlarda hidrolik silindirlerin \u00f6nde gelen \u00fcreticilerinden ve toptanc\u0131lar\u0131ndan biri haline gelmi\u015ftir. M\u00fckemmel kalite prensiplerine ba\u011fl\u0131 kalarak, geli\u015fmi\u015f \u00fcretim at\u00f6lyemizde end\u00fcstriyel \u00fcretim y\u00f6netim stratejilerine g\u00fcveniyoruz. Teknolojik yetenek, geli\u015fmi\u015f \u00fcretim ekipmanlar\u0131 ve profesyonel test sistemlerine odaklanarak, \u00fcretim platformumuzu s\u00fcrekli geli\u015ftiriyor, \u00fcr\u00fcn kalitesi i\u00e7in \u00fcretim s\u00fcre\u00e7lerimizi iyile\u015ftiriyor ve g\u00fc\u00e7l\u00fc yarat\u0131c\u0131 yeteneklere sahibiz. Amac\u0131m\u0131z, y\u00fcksek verimlilik, y\u00fcksek hassasiyet ve y\u00fcksek kaliteli \u00fcr\u00fcnlerle m\u00fc\u015fterilerin \u00e7e\u015fitli ihtiya\u00e7lar\u0131n\u0131 kar\u015f\u0131lamakt\u0131r.<\/p>\n<p><img decoding=\"async\" src=\"https:\/\/www.hydraulic-cylinders.net\/wp-content\/uploads\/2025\/01\/songte-company-3.webp\"><\/p>\n<p>Firmam\u0131z profesyonelli\u011fi, uluslararas\u0131 sertifikasyonlar\u0131, ki\u015fiye \u00f6zel hizmetleri, \u00fcretim ekipmanlar\u0131 ve sat\u0131\u015f sonras\u0131 hizmetleriyle \u00f6ne \u00e7\u0131kmaktad\u0131r.<\/p>\n<p><\/body><br \/>\n<\/html><br \/>\n<!-- Author: lyl --><\/p>","protected":false},"excerpt":{"rendered":"<p>Bucket Cylinder For XCMG Small Excavator XE150D Bucket Cylinder For XCMG Small Excavator XE150D Introduction The bucket cylinder is a specially designed hydraulic cylinder used to control the movement of the bucket in heavy machinery such as excavators, backhoe loaders, and front loaders. Its main function is to enable the bucket to lift, lower, and [&hellip;]<\/p>","protected":false},"featured_media":14788,"comment_status":"open","ping_status":"closed","template":"","meta":{"_et_pb_use_builder":"","_et_pb_old_content":"","_et_gb_content_width":""},"product_brand":[],"product_cat":[1494],"product_tag":[1495,1496],"class_list":{"0":"post-15463","1":"product","2":"type-product","3":"status-publish","4":"has-post-thumbnail","6":"product_cat-bucket-cylinders","7":"product_tag-bucket-cylinders","8":"product_tag-hydraulic-cylinders","10":"first","11":"instock","12":"shipping-taxable","13":"product-type-simple"},"amp_enabled":true,"_links":{"self":[{"href":"https:\/\/www.hydraulic-cylinders.net\/tr\/wp-json\/wp\/v2\/product\/15463","targetHints":{"allow":["GET"]}}],"collection":[{"href":"https:\/\/www.hydraulic-cylinders.net\/tr\/wp-json\/wp\/v2\/product"}],"about":[{"href":"https:\/\/www.hydraulic-cylinders.net\/tr\/wp-json\/wp\/v2\/types\/product"}],"replies":[{"embeddable":true,"href":"https:\/\/www.hydraulic-cylinders.net\/tr\/wp-json\/wp\/v2\/comments?post=15463"}],"wp:featuredmedia":[{"embeddable":true,"href":"https:\/\/www.hydraulic-cylinders.net\/tr\/wp-json\/wp\/v2\/media\/14788"}],"wp:attachment":[{"href":"https:\/\/www.hydraulic-cylinders.net\/tr\/wp-json\/wp\/v2\/media?parent=15463"}],"wp:term":[{"taxonomy":"product_brand","embeddable":true,"href":"https:\/\/www.hydraulic-cylinders.net\/tr\/wp-json\/wp\/v2\/product_brand?post=15463"},{"taxonomy":"product_cat","embeddable":true,"href":"https:\/\/www.hydraulic-cylinders.net\/tr\/wp-json\/wp\/v2\/product_cat?post=15463"},{"taxonomy":"product_tag","embeddable":true,"href":"https:\/\/www.hydraulic-cylinders.net\/tr\/wp-json\/wp\/v2\/product_tag?post=15463"}],"curies":[{"name":"wp","href":"https:\/\/api.w.org\/{rel}","templated":true}]}}