{"id":15465,"date":"2025-01-19T14:33:53","date_gmt":"2025-01-19T14:33:53","guid":{"rendered":"https:\/\/www.hydraulic-cylinders.net\/product\/bucket-cylinder-for-xcmg-small-excavator-xe65ca\/"},"modified":"2025-01-19T14:33:55","modified_gmt":"2025-01-19T14:33:55","slug":"bucket-cylinder-for-xcmg-small-excavator-xe65ca","status":"publish","type":"product","link":"https:\/\/www.hydraulic-cylinders.net\/tr\/urun\/bucket-cylinder-for-xcmg-small-excavator-xe65ca\/","title":{"rendered":"XCMG XE65CA K\u00fc\u00e7\u00fck Ekskavat\u00f6r \u0130\u00e7in Kep\u00e7e Silindiri"},"content":{"rendered":"<h1>XCMG XE65CA K\u00fc\u00e7\u00fck Ekskavat\u00f6r \u0130\u00e7in Kep\u00e7e Silindiri<\/h1>\n<h2>girii\u015f<\/h2>\n<h3>Kova Silindirinin Tan\u0131m\u0131<\/h3>\n<p>Kep\u00e7e silindiri, ekskavat\u00f6rler, kaz\u0131c\u0131 y\u00fckleyiciler ve \u00f6n y\u00fckleyiciler gibi a\u011f\u0131r i\u015f makinelerinde kep\u00e7enin hareketini kontrol etmek i\u00e7in \u00f6zel olarak tasarlanm\u0131\u015f bir hidrolik silindirdir. Ana i\u015flevi, kep\u00e7enin kald\u0131r\u0131lmas\u0131n\u0131, indirilmesini ve e\u011filmesini sa\u011flayarak \u00e7e\u015fitli malzeme ta\u015f\u0131ma g\u00f6revlerini kolayla\u015ft\u0131rmakt\u0131r. Hidrolik sistemde, kep\u00e7e silindiri hidrolik ya\u011f\u0131n bas\u0131n\u00e7 de\u011fi\u015fimi yoluyla kep\u00e7enin hareketinin hassas kontrol\u00fcn\u00fc sa\u011flar ve operat\u00f6rlerin a\u011f\u0131r y\u00fckleri verimli bir \u015fekilde ta\u015f\u0131mas\u0131na, karma\u015f\u0131k \u00e7al\u0131\u015fma ortamlar\u0131na ve \u00e7e\u015fitli operasyonel ihtiya\u00e7lara uyum sa\u011flamas\u0131na olanak tan\u0131r.<\/p>\n<p><img decoding=\"async\" src=\"https:\/\/www.hydraulic-cylinders.net\/wp-content\/uploads\/2025\/01\/songte-company-2.webp\" alt=\"kova silindiri g\u00f6r\u00fcnt\u00fcs\u00fc\"><\/p>\n<h3>\u00d6zellikler<\/h3>\n<ul>\n<li>Y\u00fcksek mukavemet ve dayan\u0131kl\u0131l\u0131k: Genellikle y\u00fcksek mukavemetli \u00e7elik veya al\u00fcminyumdan \u00fcretilen bu \u00fcr\u00fcn, y\u00fcksek bas\u0131nca ve a\u011f\u0131r y\u00fcklere dayanabilir ve zorlu \u00e7al\u0131\u015fma ortamlar\u0131na uyum sa\u011flar. Tasar\u0131m\u0131nda a\u015f\u0131nma direnci ve korozyon direnci dikkate al\u0131narak kullan\u0131m \u00f6mr\u00fc uzat\u0131lm\u0131\u015ft\u0131r.<\/li>\n<li>Verimli hidrolik \u00e7al\u0131\u015fma: Hidrolik ya\u011f bas\u0131nc\u0131n\u0131 kullanarak d\u00fczg\u00fcn uzatma ve geri \u00e7ekme sa\u011flar, i\u015fletim komutlar\u0131na h\u0131zl\u0131 yan\u0131t verebilir, g\u00fc\u00e7l\u00fc itme ve \u00e7ekme kuvveti sunar, a\u011f\u0131r y\u00fcklerin ve karma\u015f\u0131k g\u00f6revlerin \u00fcstesinden gelmek i\u00e7in uygundur.<\/li>\n<li>\u00c7e\u015fitli tipler: Operasyonel ihtiya\u00e7lara g\u00f6re tek etkili (hidrolik sadece tek y\u00f6nde kullan\u0131l\u0131r) veya \u00e7ift etkili (hidrolik her iki y\u00f6nde kullan\u0131l\u0131r) silindirler se\u00e7ilebilir. Baz\u0131 modeller teleskopiktir ve d\u0131\u015f boyutlar\u0131 art\u0131rmadan daha fazla uzatmaya olanak tan\u0131r, bu da s\u0131n\u0131rl\u0131 alan uygulamalar\u0131 i\u00e7in uygundur.<\/li>\n<li>Di\u011fer hidrolik silindirlerle de\u011fi\u015ftirilebilir.<\/li>\n<li>\u015eirketimiz taraf\u0131ndan \u00fcretilmi\u015ftir.<\/li>\n<\/ul>\n<p><img decoding=\"async\" src=\"https:\/\/www.hydraulic-cylinders.net\/wp-content\/uploads\/2025\/01\/songte-cylinder-head-with-all-kinds-excavator-models.webp\" alt=\"kova silindiri g\u00f6r\u00fcnt\u00fcs\u00fc\"><\/p>\n<h3>Uygulamalar<\/h3>\n<p>Kova silindiri, \u00e7e\u015fitli in\u015faat ekipmanlar\u0131nda, tar\u0131m makinelerinde, madencilik ekipmanlar\u0131nda ve di\u011fer sekt\u00f6rlerde yayg\u0131n olarak kullan\u0131lmaktad\u0131r.<\/p>\n<h4>\u0130n\u015faat Ekipmanlar\u0131<\/h4>\n<ul>\n<li>Ekskavat\u00f6rler: Kep\u00e7e silindiri, kep\u00e7enin topra\u011fa n\u00fcfuz etmesini sa\u011flayarak kazma i\u015flemini m\u00fcmk\u00fcn k\u0131lar.<\/li>\n<li>Kaz\u0131c\u0131 Y\u00fckleyiciler: Kep\u00e7e silindiri hem kazmaya hem de kald\u0131rmaya yard\u0131mc\u0131 olur.<\/li>\n<li>Y\u00fckleyiciler: \u00d6n y\u00fckleyicilerde, kova silindirleri y\u00fck\u00fcn verimli bir \u015fekilde kald\u0131r\u0131lmas\u0131na ve devrilmesine yard\u0131mc\u0131 olur.<\/li>\n<\/ul>\n<h4>Tar\u0131m Makinalar\u0131<\/h4>\n<ul>\n<li>\u00d6n y\u00fckleyiciler: Toprak, saman ve di\u011fer malzemeleri kep\u00e7elemek, kald\u0131rmak ve ta\u015f\u0131mak i\u00e7in kullan\u0131l\u0131r.<\/li>\n<\/ul>\n<h4>Madencilik Ekipmanlar\u0131<\/h4>\n<ul>\n<li>Kaya delici ve maden ekskavat\u00f6r\u00fc gibi a\u011f\u0131r hizmet tipi madencilik makinelerinde, a\u011f\u0131r y\u00fckleri etkili ve verimli bir \u015fekilde ta\u015f\u0131mak ve kald\u0131rmak i\u00e7in kullan\u0131l\u0131r.<\/li>\n<\/ul>\n<h3>Tasar\u0131m Hususlar\u0131 ve Se\u00e7im Kriterleri<\/h3>\n<h4>Tasar\u0131m Hususlar\u0131<\/h4>\n<ul>\n<li>Y\u00fck ta\u015f\u0131ma kapasitesi<\/li>\n<li>S\u0131zd\u0131rmazl\u0131k performans\u0131<\/li>\n<li>Dayan\u0131kl\u0131l\u0131k<\/li>\n<li>Emniyet<\/li>\n<li>Bak\u0131m kolayl\u0131\u011f\u0131<\/li>\n<\/ul>\n<h4>Se\u00e7im Kriterleri<\/h4>\n<ul>\n<li>Y\u00fck ta\u015f\u0131ma kapasitesi<\/li>\n<li>Strok uzunlu\u011fu<\/li>\n<li>Delik \u00e7ap\u0131<\/li>\n<li>\u00c7al\u0131\u015fma bas\u0131nc\u0131<\/li>\n<li>Montaj tipi ve d\u00fczeni<\/li>\n<li>Korozyon direnci<\/li>\n<\/ul>\n<p><img decoding=\"async\" src=\"https:\/\/www.hydraulic-cylinders.net\/wp-content\/uploads\/2025\/01\/songte-oil-pipes-and-spare-parts.webp\" alt=\"kova silindiri g\u00f6r\u00fcnt\u00fcs\u00fc\"><\/p>\n<h3>S\u0131zd\u0131rmazl\u0131k ve Ya\u011flama<\/h3>\n<p>Kova silindirleri, s\u0131zd\u0131rmazl\u0131k performans\u0131 ve dayan\u0131kl\u0131l\u0131\u011f\u0131 sa\u011flamak i\u00e7in genellikle poli\u00fcretan ve nitril kau\u00e7uk gibi a\u015f\u0131nmaya dayan\u0131kl\u0131 malzemelerden yap\u0131lm\u0131\u015f piston contalar\u0131 ve mil contalar\u0131 gibi \u00e7e\u015fitli s\u0131zd\u0131rmazl\u0131k bile\u015fenleri kullan\u0131r. Silindir g\u00f6vdesi ve di\u015fli u\u00e7 y\u00fczeyi, a\u015f\u0131nma direncini art\u0131rmak i\u00e7in ince i\u015fleme tabi tutulur. Sorunsuz \u00e7al\u0131\u015fmas\u0131n\u0131 s\u00fcrd\u00fcrmek i\u00e7in uygun miktarda hidrolik ya\u011f ile d\u00fczenli olarak ya\u011flanmas\u0131 gerekir.<\/p>\n<h3>Bak\u0131m ve Onar\u0131m<\/h3>\n<p>Kova silindirinin kullan\u0131m \u00f6mr\u00fcn\u00fc uzatmak i\u00e7in d\u00fczenli bak\u0131m ve kontrol \u00e7ok \u00f6nemlidir. Yayg\u0131n bak\u0131m i\u015flemleri aras\u0131nda ya\u011flama, conta de\u011fi\u015fimi ve kalibrasyon kontrol\u00fc yer al\u0131r. Montaj s\u0131ras\u0131nda silindirin do\u011fru hizalanmas\u0131 konusunda uygun y\u00f6nlendirme sa\u011flamak ve silindiri sabitlemek i\u00e7in uygun montaj braketleri kullanmak \u00e7ok \u00f6nemlidir. \u00d6nerilen kontrol, onar\u0131m ve de\u011fi\u015ftirme prosed\u00fcrleri \u00fcr\u00fcn k\u0131lavuzunda bulunabilir. Yeniden yap\u0131land\u0131rma hizmetleri ve yedek par\u00e7alar da mevcuttur.<\/p>\n<p><img decoding=\"async\" src=\"https:\/\/www.hydraulic-cylinders.net\/wp-content\/uploads\/2025\/01\/songte-chushion-collar.webp\" alt=\"kova silindiri g\u00f6r\u00fcnt\u00fcs\u00fc\"><\/p>\n<h3>G\u00fcvenlik ve \u00c7evresel Hususlar<\/h3>\n<p>Koval\u0131 silindirler kullan\u0131l\u0131rken, operat\u00f6rlerin ve \u00e7evredeki ki\u015filerin yaralanmas\u0131n\u0131 \u00f6nlemek i\u00e7in gerekli g\u00fcvenlik \u00f6nlemleri al\u0131nmal\u0131d\u0131r. Petrol s\u0131z\u0131nt\u0131s\u0131 gibi \u00e7evresel sorunlar da dikkate al\u0131nmal\u0131 ve \u00e7evreyi korumak i\u00e7in uygun \u00f6nlemler al\u0131nmal\u0131d\u0131r.<\/p>\n<h3>Ar\u0131za Te\u015fhisi ve Sorun Giderme<\/h3>\n<p>Kep\u00e7e silindirlerinde s\u0131k kar\u015f\u0131la\u015f\u0131lan sorunlar aras\u0131nda s\u0131zd\u0131ran contalar, ar\u0131zal\u0131 miller ve hasarl\u0131 piston contalar\u0131 bulunur. Ar\u0131za te\u015fhisi ve sorun giderme y\u00f6ntemleri \u00fcr\u00fcn k\u0131lavuzunda verilmi\u015ftir. D\u00fczenli bak\u0131m ve kontrol de olas\u0131 sorunlar\u0131n \u00f6nlenmesine yard\u0131mc\u0131 olabilir.<\/p>\n<p><img decoding=\"async\" src=\"https:\/\/www.hydraulic-cylinders.net\/wp-content\/uploads\/2025\/01\/songte-bushings-with-all-kinds-of-excavator-models.webp\" alt=\"kova silindiri g\u00f6r\u00fcnt\u00fcs\u00fc\"><\/p>\n<h2>Hakk\u0131m\u0131zda<\/h2>\n<p>Orijinal ekipman \u00fcreticilerinin (OEM) par\u00e7alar\u0131n\u0131n yerine ge\u00e7ebilecek \u00e7e\u015fitli hidrolik silindirler sa\u011flayan bir hidrolik silindir \u00fcreticisiyiz. Yurti\u00e7i ve yurtd\u0131\u015f\u0131 pazarlarda \u00f6nde gelen hidrolik silindir \u00fcreticilerinden ve toptanc\u0131lar\u0131ndan biri haline geldik. \u00dcretim at\u00f6lyemiz, m\u00fckemmel kalite end\u00fcstriyel \u00fcretim y\u00f6netim stratejisini izleyerek, teknolojik yeteneklere, dijital y\u00fcksek teknoloji \u00fcretim ekipmanlar\u0131na ve profesyonel test sistemlerine dayanarak, at\u00f6lyenin \u00fcretim platformunu s\u00fcrekli olarak geli\u015ftiriyor, \u00fcr\u00fcnlerin kalite \u00fcretim yolunu iyile\u015ftiriyor ve g\u00fc\u00e7l\u00fc bir yarat\u0131m kapasitesine sahip. Y\u00fcksek verimlilik, y\u00fcksek hassasiyet ve y\u00fcksek kalite ilkeleriyle m\u00fc\u015fterilerin \u00e7e\u015fitli ihtiya\u00e7lar\u0131n\u0131 kar\u015f\u0131lamay\u0131 hedefliyoruz.<\/p>\n<h3>Profesyonellik<\/h3>\n<p>\u015eirketimiz, hidrolik silindir sekt\u00f6r\u00fcnde y\u0131llar\u0131n deneyimine sahip profesyonellerden olu\u015fan bir ekibe sahiptir ve m\u00fc\u015fterilerine profesyonel tavsiyeler ve \u00e7\u00f6z\u00fcmler sunmaktad\u0131r.<\/p>\n<h3>Uluslararas\u0131 Sertifikalar<\/h3>\n<p>\u015eirketimiz, \u00fcr\u00fcnlerimizin uluslararas\u0131 kalite standartlar\u0131n\u0131 kar\u015f\u0131lad\u0131\u011f\u0131n\u0131 garanti eden ISO 9001 ve CE gibi \u00e7e\u015fitli uluslararas\u0131 sertifikalar alm\u0131\u015ft\u0131r.<\/p>\n<h3>\u00d6zelle\u015ftirme Hizmetleri<\/h3>\n<p>Silindir tasar\u0131m\u0131, boyutu ve malzeme se\u00e7imi de dahil olmak \u00fczere, m\u00fc\u015fterilerimizin benzersiz ihtiya\u00e7lar\u0131n\u0131 kar\u015f\u0131lamak i\u00e7in \u00f6zelle\u015ftirme hizmetleri sunuyoruz.<\/p>\n<h3>\u00dcretim Ekipmanlar\u0131<\/h3>\n<p>\u015eirketimiz, CNC tezgahlar\u0131, otomatik kaynak makineleri, hidrolik presler ve test ekipmanlar\u0131 da dahil olmak \u00fczere eksiksiz bir geli\u015fmi\u015f \u00fcretim ekipman\u0131 setine sahiptir ve bu da \u00fcr\u00fcnlerimizin istikrarl\u0131 kalitesini garanti eder.<\/p>\n<h3>Sat\u0131\u015f Sonras\u0131 Hizmet<\/h3>\n<p>M\u00fc\u015fterilerimize kurulum, bak\u0131m, onar\u0131m ve par\u00e7a de\u011fi\u015fimi de dahil olmak \u00fczere zaman\u0131nda sat\u0131\u015f sonras\u0131 hizmet sunarak, \u00fcr\u00fcnlerimizi g\u00fcvenle kullanabilmelerini sa\u011fl\u0131yoruz.<\/p>\n<p><img decoding=\"async\" src=\"https:\/\/www.hydraulic-cylinders.net\/wp-content\/uploads\/2025\/01\/songte-company-3.webp\" alt=\"\u015firket imaj\u0131\"><\/p>\n<p>Yazar: lyl<\/p>","protected":false},"excerpt":{"rendered":"<p>Bucket Cylinder For XCMG Small Excavator XE65CA Introduction Definition of Bucket Cylinder Bucket cylinder is a specifically designed hydraulic cylinder mainly used to control the motion of the bucket in heavy-duty machinery such as excavators, backhoe loaders, and front-end loaders. Its main function is to enable the bucket to lift, lower, and tilt, facilitating various [&hellip;]<\/p>","protected":false},"featured_media":14785,"comment_status":"open","ping_status":"closed","template":"","meta":{"_et_pb_use_builder":"","_et_pb_old_content":"","_et_gb_content_width":""},"product_brand":[],"product_cat":[1494],"product_tag":[1495,1496],"class_list":{"0":"post-15465","1":"product","2":"type-product","3":"status-publish","4":"has-post-thumbnail","6":"product_cat-bucket-cylinders","7":"product_tag-bucket-cylinders","8":"product_tag-hydraulic-cylinders","10":"first","11":"instock","12":"shipping-taxable","13":"product-type-simple"},"amp_enabled":true,"_links":{"self":[{"href":"https:\/\/www.hydraulic-cylinders.net\/tr\/wp-json\/wp\/v2\/product\/15465","targetHints":{"allow":["GET"]}}],"collection":[{"href":"https:\/\/www.hydraulic-cylinders.net\/tr\/wp-json\/wp\/v2\/product"}],"about":[{"href":"https:\/\/www.hydraulic-cylinders.net\/tr\/wp-json\/wp\/v2\/types\/product"}],"replies":[{"embeddable":true,"href":"https:\/\/www.hydraulic-cylinders.net\/tr\/wp-json\/wp\/v2\/comments?post=15465"}],"wp:featuredmedia":[{"embeddable":true,"href":"https:\/\/www.hydraulic-cylinders.net\/tr\/wp-json\/wp\/v2\/media\/14785"}],"wp:attachment":[{"href":"https:\/\/www.hydraulic-cylinders.net\/tr\/wp-json\/wp\/v2\/media?parent=15465"}],"wp:term":[{"taxonomy":"product_brand","embeddable":true,"href":"https:\/\/www.hydraulic-cylinders.net\/tr\/wp-json\/wp\/v2\/product_brand?post=15465"},{"taxonomy":"product_cat","embeddable":true,"href":"https:\/\/www.hydraulic-cylinders.net\/tr\/wp-json\/wp\/v2\/product_cat?post=15465"},{"taxonomy":"product_tag","embeddable":true,"href":"https:\/\/www.hydraulic-cylinders.net\/tr\/wp-json\/wp\/v2\/product_tag?post=15465"}],"curies":[{"name":"wp","href":"https:\/\/api.w.org\/{rel}","templated":true}]}}