{"id":15467,"date":"2025-01-19T14:34:01","date_gmt":"2025-01-19T14:34:01","guid":{"rendered":"https:\/\/www.hydraulic-cylinders.net\/product\/bucket-cylinder-for-xcmg-small-excavator-xe135b\/"},"modified":"2025-01-19T14:34:03","modified_gmt":"2025-01-19T14:34:03","slug":"bucket-cylinder-for-xcmg-small-excavator-xe135b","status":"publish","type":"product","link":"https:\/\/www.hydraulic-cylinders.net\/tr\/urun\/bucket-cylinder-for-xcmg-small-excavator-xe135b\/","title":{"rendered":"XCMG XE135B K\u00fc\u00e7\u00fck Ekskavat\u00f6r \u0130\u00e7in Kep\u00e7e Silindiri"},"content":{"rendered":"<h1>XCMG XE135B K\u00fc\u00e7\u00fck Ekskavat\u00f6r \u0130\u00e7in Kep\u00e7e Silindiri<\/h1>\n<h2>girii\u015f<\/h2>\n<p>XCMG XE135B k\u00fc\u00e7\u00fck ekskavat\u00f6r i\u00e7in \u00f6zel olarak tasarlanm\u0131\u015f kep\u00e7e silindiri, ekskavat\u00f6rler, kaz\u0131c\u0131 y\u00fckleyiciler ve \u00f6n y\u00fckleyiciler gibi a\u011f\u0131r makinelerde kep\u00e7enin hareketini kontrol etmek i\u00e7in kullan\u0131l\u0131r. Ba\u015fl\u0131ca i\u015flevi, kep\u00e7enin kald\u0131r\u0131lmas\u0131n\u0131, indirilmesini ve e\u011filmesini sa\u011flayarak \u00e7e\u015fitli malzeme ta\u015f\u0131ma g\u00f6revleri i\u00e7in kolayl\u0131k sa\u011flamakt\u0131r. Hidrolik sistemde, kep\u00e7e silindiri hidrolik ya\u011f\u0131n bas\u0131n\u00e7 de\u011fi\u015fikliklerini kullanarak kep\u00e7enin hassas kontrol\u00fcn\u00fc sa\u011flar ve operat\u00f6rlerin a\u011f\u0131r y\u00fckleri verimli bir \u015fekilde ta\u015f\u0131mas\u0131na, karma\u015f\u0131k \u00e7al\u0131\u015fma ortamlar\u0131na ve \u00e7e\u015fitli operasyonel ihtiya\u00e7lara uyum sa\u011flamas\u0131na olanak tan\u0131r.<\/p>\n<p><img decoding=\"async\" src=\"https:\/\/www.hydraulic-cylinders.net\/wp-content\/uploads\/2025\/01\/songte-company-2.webp\" alt=\"Kova Silindiri G\u00f6r\u00fcnt\u00fcs\u00fc\"><\/p>\n<h2>\u00d6zellikler<\/h2>\n<ul>\n<li>Y\u00fcksek Mukavemet ve Dayan\u0131kl\u0131l\u0131k: Kep\u00e7e silindiri genellikle y\u00fcksek mukavemetli \u00e7elik veya al\u00fcminyumdan \u00fcretilir, y\u00fcksek bas\u0131nca ve a\u011f\u0131r y\u00fcklere dayanabilir, zorlu \u00e7al\u0131\u015fma ortamlar\u0131na uyum sa\u011flar ve kullan\u0131m \u00f6mr\u00fcn\u00fc uzatmak i\u00e7in a\u015f\u0131nma direnci ve korozyon direnci dikkate al\u0131narak tasarlanm\u0131\u015ft\u0131r.<\/li>\n<li>Verimli Hidrolik \u00c7al\u0131\u015fma: Hidrolik ya\u011f\u0131n bas\u0131nc\u0131ndan yararlan\u0131larak, kova silindiri d\u00fczg\u00fcn teleskopik hareketler ger\u00e7ekle\u015ftirir, kontrol komutlar\u0131na h\u0131zl\u0131 yan\u0131t verir, g\u00fc\u00e7l\u00fc itme ve \u00e7ekme kuvvetleri sa\u011flar ve a\u011f\u0131r y\u00fcklerin ve karma\u015f\u0131k operasyonel g\u00f6revlerin \u00fcstesinden gelmek i\u00e7in uygundur.<\/li>\n<li>\u00c7e\u015fitli Tipler: Silindir, \u00f6zel \u00e7al\u0131\u015fma ihtiya\u00e7lar\u0131na ba\u011fl\u0131 olarak tek etkili (hidrolik bas\u0131n\u00e7 yaln\u0131zca tek y\u00f6nde kullan\u0131l\u0131r) veya \u00e7ift etkili (hidrolik bas\u0131n\u00e7 her iki y\u00f6nde de kullan\u0131l\u0131r) olarak se\u00e7ilebilir. Baz\u0131 modeller teleskopiktir ve d\u0131\u015f boyutlar\u0131 art\u0131rmadan daha fazla uzama sa\u011flayarak s\u0131n\u0131rl\u0131 alana sahip uygulamalar i\u00e7in uygun hale gelir.<\/li>\n<li>M\u00fckemmel Yedek Par\u00e7a: \u00dcr\u00fcnlerimiz bu hidrolik silindirlerin yerine m\u00fckemmel \u015fekilde kullan\u0131labilir.<\/li>\n<\/ul>\n<p><img decoding=\"async\" src=\"https:\/\/www.hydraulic-cylinders.net\/wp-content\/uploads\/2025\/01\/songte-cylinder-head-with-all-kinds-excavator-models.webp\" alt=\"Silindir Kapa\u011f\u0131 G\u00f6r\u00fcnt\u00fcs\u00fc\"><\/p>\n<h2>Uygulamalar<\/h2>\n<p>Kova silindirleri \u00e7e\u015fitli uygulamalarda yayg\u0131n olarak kullan\u0131lmaktad\u0131r:<\/p>\n<ul>\n<li>\u0130n\u015faat Ekipmanlar\u0131: Kaz\u0131c\u0131 makinelerde toprak veya moloz kazma, y\u00fckleme ve ta\u015f\u0131ma i\u015flemlerinde vazge\u00e7ilmezdirler. Kaz\u0131c\u0131 y\u00fckleyicilerde ise kova silindiri hem kazmaya hem de kald\u0131rmaya yard\u0131mc\u0131 olur.<\/li>\n<li>Tar\u0131m Makinalar\u0131: \u00d6n y\u00fckleyicilerde toprak, saman ve di\u011fer malzemeleri kep\u00e7elemek, kald\u0131rmak ve ta\u015f\u0131mak i\u00e7in kullan\u0131l\u0131r.<\/li>\n<li>Ekskavat\u00f6rler: Kova silindiri, kovan\u0131n topra\u011fa n\u00fcfuz etmesini sa\u011flayarak kazma i\u015flemini ger\u00e7ekle\u015ftirir.<\/li>\n<li>\u00d6n y\u00fckleyiciler: Y\u00fcklerin verimli bir \u015fekilde kald\u0131r\u0131lmas\u0131na ve devrilmesine yard\u0131mc\u0131 olurlar.<\/li>\n<\/ul>\n<h2>Tasar\u0131m Hususlar\u0131 ve Se\u00e7im Kriterleri<\/h2>\n<p>Kova silindirleri tasarlan\u0131rken \u00e7e\u015fitli fakt\u00f6rler g\u00f6z \u00f6n\u00fcnde bulundurulur:<\/p>\n<ul>\n<li>Ta\u015f\u0131ma Kapasitesi: Silindir, uygulaman\u0131n \u00f6zel y\u00fck gereksinimlerine dayanacak \u015fekilde tasarlanm\u0131\u015ft\u0131r.<\/li>\n<li>S\u0131zd\u0131rmazl\u0131k: Piston contalar\u0131 ve mil contalar\u0131 gibi \u00e7e\u015fitli contalar kullan\u0131l\u0131r ve a\u015f\u0131nmaya dayan\u0131kl\u0131l\u0131klar\u0131 nedeniyle poli\u00fcretan ve nitril kau\u00e7uk gibi malzemeler tercih edilir.<\/li>\n<li>Dayan\u0131kl\u0131l\u0131k: Silindir g\u00f6vdesi ve di\u015fli u\u00e7lar\u0131, a\u015f\u0131nma direncini art\u0131rmak i\u00e7in hassas i\u015flemlerden ge\u00e7irilmektedir.<\/li>\n<li>G\u00fcvenlik: Silindirin g\u00fcvenli \u00e7al\u0131\u015fmas\u0131n\u0131 sa\u011flamak i\u00e7in g\u00fcvenlik \u00f6zellikleri entegre edilmi\u015ftir.<\/li>\n<li>Bak\u0131m Kolayl\u0131\u011f\u0131: Silindir, bak\u0131m ve onar\u0131m kolayl\u0131\u011f\u0131 i\u00e7in tasarlanm\u0131\u015ft\u0131r.<\/li>\n<\/ul>\n<p><img decoding=\"async\" src=\"https:\/\/www.hydraulic-cylinders.net\/wp-content\/uploads\/2025\/01\/songte-oil-pipes-and-spare-parts.webp\" alt=\"Petrol Borular\u0131 ve Yedek Par\u00e7a G\u00f6rseli\"><\/p>\n<h2>S\u0131zd\u0131rmazl\u0131k ve Ya\u011flama<\/h2>\n<p>Kova silindiri, piston contalar\u0131 ve mil contalar\u0131 gibi \u00e7e\u015fitli s\u0131zd\u0131rmazl\u0131k bile\u015fenleri kullan\u0131r. Bu contalar, poli\u00fcretan ve nitril kau\u00e7uk gibi a\u015f\u0131nmaya dayan\u0131kl\u0131 malzemelerden yap\u0131lm\u0131\u015ft\u0131r. Silindir g\u00f6vdesi ve di\u015fli u\u00e7lar\u0131, a\u015f\u0131nma direncini art\u0131rmak i\u00e7in ince bir \u015fekilde i\u015flenmi\u015ftir. Sorunsuz \u00e7al\u0131\u015fma sa\u011flamak i\u00e7in uygun miktarda hidrolik ya\u011f ile d\u00fczenli ya\u011flama gereklidir.<\/p>\n<h2>D\u00fczenli Muayene ve \u00d6nleyici Bak\u0131m \u00d6nlemleri<\/h2>\n<ul>\n<li>Silindiri d\u00fczenli olarak hasar veya a\u015f\u0131nma belirtileri a\u00e7\u0131s\u0131ndan inceleyin.<\/li>\n<li>Her zaman uygun ya\u011flamay\u0131 sa\u011flay\u0131n.<\/li>\n<li>Gerekti\u011finde contalar\u0131 de\u011fi\u015ftirin.<\/li>\n<li>En iyi performans\u0131 korumak i\u00e7in kalibrasyon kontrolleri yap\u0131n.<\/li>\n<\/ul>\n<p><img decoding=\"async\" src=\"https:\/\/www.hydraulic-cylinders.net\/wp-content\/uploads\/2025\/01\/songte-cushion-collar.webp\" alt=\"Yast\u0131k Yaka G\u00f6rseli\"><\/p>\n<h2>\u00dcr\u00fcn G\u00fcvenli\u011fi Hususlar\u0131 ve \u00c7evresel Fakt\u00f6rler<\/h2>\n<p>Kep\u00e7e silindiri kullan\u0131l\u0131rken, kazalar\u0131 \u00f6nlemek ve operat\u00f6rlerin ve \u00e7evrenin g\u00fcvenli\u011fini sa\u011flamak i\u00e7in g\u00fcvenlik \u00f6nlemlerine uyulmas\u0131 \u00f6nemlidir. A\u011f\u0131r makineler ve hidrolik sistemlerle \u00e7al\u0131\u015f\u0131rken g\u00fcvenlik \u00f6nlemleri mutlaka dikkate al\u0131nmal\u0131d\u0131r.<\/p>\n<h2>Sorun Giderme ve Yayg\u0131n Sorunlar<\/h2>\n<p>Kova silindirinde s\u0131k kar\u015f\u0131la\u015f\u0131lan sorunlar aras\u0131nda s\u0131z\u0131nt\u0131lar, performans d\u00fc\u015f\u00fc\u015f\u00fc ve anormal sesler yer al\u0131r. Bu sorunlarla kar\u015f\u0131la\u015ft\u0131\u011f\u0131n\u0131zda, a\u015fa\u011f\u0131daki ipu\u00e7lar\u0131 ve \u00e7\u00f6z\u00fcmler sorunlar\u0131n te\u015fhis edilmesine ve \u00e7\u00f6z\u00fclmesine yard\u0131mc\u0131 olabilir:<\/p>\n<ul>\n<li>G\u00f6zle g\u00f6r\u00fcl\u00fcr herhangi bir s\u0131z\u0131nt\u0131 veya gev\u015fek ba\u011flant\u0131 olup olmad\u0131\u011f\u0131n\u0131 kontrol edin.<\/li>\n<li>Hidrolik sistemdeki s\u0131v\u0131 seviyelerinin do\u011fru olup olmad\u0131\u011f\u0131n\u0131 ve sistemin temizli\u011fini kontrol edin.<\/li>\n<li>Refer to the manufacturer&#8217;s guidelines for troubleshooting specific issues.<\/li>\n<li>Olas\u0131 sorunlar\u0131 en aza indirmek i\u00e7in \u00f6nleyici tedbirler uygulay\u0131n.<\/li>\n<\/ul>\n<p><img decoding=\"async\" src=\"https:\/\/www.hydraulic-cylinders.net\/wp-content\/uploads\/2025\/01\/songte-bushings-with-all-kinds-of-excavator-models.webp\" alt=\"Bur\u00e7lar G\u00f6r\u00fcnt\u00fcs\u00fc\"><\/p>\n<h2>\u015eirketimiz Hakk\u0131nda<\/h2>\n<p>Yurti\u00e7i ve yurtd\u0131\u015f\u0131 pazarlarda hidrolik silindirlerin \u00f6nde gelen \u00fcreticisi ve toptan da\u011f\u0131t\u0131c\u0131s\u0131y\u0131z. \u015eirketimiz kapsaml\u0131 bir \u00fcr\u00fcn yelpazesi sunmakta ve \u00fcst\u00fcn kalite ve hassasiyeti vurgulayan bir \u00fcretim y\u00f6netim stratejisi izlemektedir. Geli\u015fmi\u015f \u00fcretim ekipmanlar\u0131 ve profesyonel test sistemleri kullanarak, \u00fcretim platformumuzu ve \u00fcr\u00fcn kalitesi \u00fcretim s\u00fcrecimizi s\u00fcrekli olarak geli\u015ftiriyoruz. \u015eirketimiz g\u00fc\u00e7l\u00fc bir yarat\u0131c\u0131l\u0131k yetene\u011fine sahiptir ve y\u00fcksek verimlilik, do\u011fruluk ve \u00fcst\u00fcn kalite ile \u00e7e\u015fitli m\u00fc\u015fteri ihtiya\u00e7lar\u0131n\u0131 kar\u015f\u0131lamaya kendini adam\u0131\u015ft\u0131r.<\/p>\n<p><img decoding=\"async\" src=\"https:\/\/hzpt.com\/wp-content\/uploads\/2024\/11\/songte-company-1.webp\" alt=\"\u015eirket \u0130maj\u0131\"><\/p>\n<ul>\n<li>Profesyonellik: Ola\u011fan\u00fcst\u00fc \u00fcr\u00fcn ve hizmetler sunmaya kendini adam\u0131\u015f deneyimli profesyonellerden olu\u015fan bir ekibimiz var.<\/li>\n<li>Uluslararas\u0131 Sertifikalar: \u00dcr\u00fcnlerimiz uluslararas\u0131 kalite ve g\u00fcvenlik standartlar\u0131na uygundur.<\/li>\n<li>\u00d6zelle\u015ftirme Hizmetleri: M\u00fc\u015fterilerimizin \u00f6zel gereksinimlerini kar\u015f\u0131lamak i\u00e7in \u00f6zelle\u015ftirilmi\u015f \u00e7\u00f6z\u00fcmler sunuyoruz.<\/li>\n<li>\u00dcretim Ekipmanlar\u0131: \u015eirketimiz, y\u00fcksek kaliteli \u00fcretim s\u00fcre\u00e7lerini sa\u011flamak i\u00e7in en son teknolojiye sahip \u00fcretim ekipmanlar\u0131 kullanmaktad\u0131r.<\/li>\n<li>Sat\u0131\u015f Sonras\u0131 Hizmetler: M\u00fc\u015fteri memnuniyetini sa\u011flamak i\u00e7in kapsaml\u0131 sat\u0131\u015f sonras\u0131 hizmetler sunuyoruz.<\/li>\n<\/ul>\n<p><img decoding=\"async\" src=\"https:\/\/www.hydraulic-cylinders.net\/wp-content\/uploads\/2025\/01\/songte-company-3.webp\" alt=\"\u015eirket \u0130maj\u0131\"><\/p>\n<p>Yazar: lyl<\/p>","protected":false},"excerpt":{"rendered":"<p>Bucket Cylinder For XCMG Small Excavator XE135B Introduction The Bucket Cylinder for XCMG Small Excavator XE135B is a specially designed hydraulic cylinder used to control the movement of the bucket in heavy machinery such as excavators, backhoe loaders, and front loaders. Its main function is to enable the lifting, lowering, and tilting of the bucket, [&hellip;]<\/p>","protected":false},"featured_media":14782,"comment_status":"open","ping_status":"closed","template":"","meta":{"_et_pb_use_builder":"","_et_pb_old_content":"","_et_gb_content_width":""},"product_brand":[],"product_cat":[1494],"product_tag":[1495,1496],"class_list":{"0":"post-15467","1":"product","2":"type-product","3":"status-publish","4":"has-post-thumbnail","6":"product_cat-bucket-cylinders","7":"product_tag-bucket-cylinders","8":"product_tag-hydraulic-cylinders","10":"first","11":"instock","12":"shipping-taxable","13":"product-type-simple"},"amp_enabled":true,"_links":{"self":[{"href":"https:\/\/www.hydraulic-cylinders.net\/tr\/wp-json\/wp\/v2\/product\/15467","targetHints":{"allow":["GET"]}}],"collection":[{"href":"https:\/\/www.hydraulic-cylinders.net\/tr\/wp-json\/wp\/v2\/product"}],"about":[{"href":"https:\/\/www.hydraulic-cylinders.net\/tr\/wp-json\/wp\/v2\/types\/product"}],"replies":[{"embeddable":true,"href":"https:\/\/www.hydraulic-cylinders.net\/tr\/wp-json\/wp\/v2\/comments?post=15467"}],"wp:featuredmedia":[{"embeddable":true,"href":"https:\/\/www.hydraulic-cylinders.net\/tr\/wp-json\/wp\/v2\/media\/14782"}],"wp:attachment":[{"href":"https:\/\/www.hydraulic-cylinders.net\/tr\/wp-json\/wp\/v2\/media?parent=15467"}],"wp:term":[{"taxonomy":"product_brand","embeddable":true,"href":"https:\/\/www.hydraulic-cylinders.net\/tr\/wp-json\/wp\/v2\/product_brand?post=15467"},{"taxonomy":"product_cat","embeddable":true,"href":"https:\/\/www.hydraulic-cylinders.net\/tr\/wp-json\/wp\/v2\/product_cat?post=15467"},{"taxonomy":"product_tag","embeddable":true,"href":"https:\/\/www.hydraulic-cylinders.net\/tr\/wp-json\/wp\/v2\/product_tag?post=15467"}],"curies":[{"name":"wp","href":"https:\/\/api.w.org\/{rel}","templated":true}]}}