{"id":15483,"date":"2025-01-19T14:35:12","date_gmt":"2025-01-19T14:35:12","guid":{"rendered":"https:\/\/www.hydraulic-cylinders.net\/product\/bucket-cylinder-for-xcmg-large-excavator-xe500m\/"},"modified":"2025-01-19T14:35:14","modified_gmt":"2025-01-19T14:35:14","slug":"bucket-cylinder-for-xcmg-large-excavator-xe500m","status":"publish","type":"product","link":"https:\/\/www.hydraulic-cylinders.net\/tr\/urun\/bucket-cylinder-for-xcmg-large-excavator-xe500m\/","title":{"rendered":"XCMG B\u00fcy\u00fck Ekskavat\u00f6r XE500M i\u00e7in Kova Silindiri"},"content":{"rendered":"<h1>XCMG B\u00fcy\u00fck Ekskavat\u00f6r XE500M i\u00e7in Kova Silindiri<\/h1>\n<h2>girii\u015f<\/h2>\n<h3>Tan\u0131m<\/h3>\n<p>Kova silindiri, ekskavat\u00f6rler, beko-loderler ve \u00f6n y\u00fckleyiciler gibi a\u011f\u0131r i\u015f makinelerinde kovan\u0131n hareketini kontrol etmek i\u00e7in kullan\u0131lan \u00f6zel olarak tasarlanm\u0131\u015f bir hidrolik silindirdir. Ana i\u015flevi, kovay\u0131 kald\u0131rmak, indirmek ve e\u011fmektir; bu sayede \u00e7e\u015fitli malzeme ta\u015f\u0131ma g\u00f6revlerinin \u00fcstesinden gelmek daha kolayd\u0131r. Hidrolik sistemde kova silindiri, hidrolik ya\u011f bas\u0131nc\u0131ndaki de\u011fi\u015fikliklerle kovan\u0131n hassas hareketini kontrol ederek operat\u00f6rlerin a\u011f\u0131r y\u00fckleri verimli bir \u015fekilde ta\u015f\u0131mas\u0131n\u0131 ve karma\u015f\u0131k \u00e7al\u0131\u015fma ortamlar\u0131na ve \u00e7e\u015fitli i\u015f gereksinimlerine uyum sa\u011flamas\u0131n\u0131 sa\u011flar.<\/p>\n<p><center><img decoding=\"async\" src=\"https:\/\/www.hydraulic-cylinders.net\/wp-content\/uploads\/2025\/01\/songte-company-2.webp\"><\/center><\/p>\n<h3>\u00d6zellikler<\/h3>\n<ul>\n<li><strong>Y\u00fcksek mukavemet ve dayan\u0131kl\u0131l\u0131k:<\/strong> Genellikle y\u00fcksek mukavemetli \u00e7elik veya al\u00fcminyumdan \u00fcretilen kova silindiri, y\u00fcksek bas\u0131n\u00e7lara ve a\u011f\u0131r y\u00fcklere dayanabilir ve zorlu \u00e7al\u0131\u015fma ortamlar\u0131na uyum sa\u011flayabilir. Tasar\u0131mda ayr\u0131ca a\u015f\u0131nma ve korozyon direnci de g\u00f6z \u00f6n\u00fcnde bulundurularak kullan\u0131m \u00f6mr\u00fc uzat\u0131l\u0131r.<\/li>\n<li><strong>Verimli hidrolik \u00e7al\u0131\u015fma:<\/strong> Hidrolik ya\u011f bas\u0131nc\u0131n\u0131 kullanarak d\u00fczg\u00fcn uzatma ve b\u00fcz\u00fclme hareketleri elde eder, kontrol komutlar\u0131na h\u0131zl\u0131 tepki verir, g\u00fc\u00e7l\u00fc \u00e7ekme ve itme kuvvetleri sa\u011flar ve a\u011f\u0131r y\u00fckleri ve karma\u015f\u0131k i\u015fletme g\u00f6revlerini idare etmek i\u00e7in uygundur.<\/li>\n<li><strong>\u00c7e\u015fitli t\u00fcrleri:<\/strong> Kova silindirleri, \u00e7al\u0131\u015fma gereksinimlerine ba\u011fl\u0131 olarak tek etkili (sadece tek y\u00f6nde hidrolik kullanan) veya \u00e7ift etkili (iki y\u00f6nde hidrolik kullanan) olabilir. Baz\u0131 modeller teleskopiktir ve d\u0131\u015f boyutlar\u0131 art\u0131rmadan daha fazla uzatma sa\u011flar, dar alan uygulamalar\u0131 i\u00e7in uygundur.<\/li>\n<li><strong>Kolayca de\u011fi\u015ftirilebilir:<\/strong> \u00dcr\u00fcnlerimiz bu hidrolik silindirlere m\u00fckemmel alternatiflerdir. <\/li>\n<\/ul>\n<p><center><img decoding=\"async\" src=\"https:\/\/www.hydraulic-cylinders.net\/wp-content\/uploads\/2025\/01\/songte-cylinder-head-with-all-kinds-excavator-models.webp\"><\/center><\/p>\n<h3>Ba\u015fvuru<\/h3>\n<p>Kova silindiri, a\u015fa\u011f\u0131dakiler de dahil olmak \u00fczere \u00e7e\u015fitli end\u00fcstrilerde yayg\u0131n olarak kullan\u0131lmaktad\u0131r:<\/p>\n<ul>\n<li><strong>\u0130n\u015faat ekipmanlar\u0131:<\/strong> Ekskavat\u00f6rlerde kazma, y\u00fckleme ve toprak veya moloz ta\u015f\u0131ma i\u015flerinde vazge\u00e7ilmezdirler. Beko-loderlerde ise kova silindiri hem kazma hem de kald\u0131rma i\u015flerinde yard\u0131mc\u0131 olur. <\/li>\n<li><strong>Tar\u0131m makineleri:<\/strong> \u00d6n y\u00fckleyicilerde toprak, saman ve di\u011fer malzemelerin kep\u00e7elenmesi, kald\u0131r\u0131lmas\u0131 ve ta\u015f\u0131nmas\u0131 i\u00e7in kullan\u0131l\u0131r. <\/li>\n<li><strong>Ekskavat\u00f6rler:<\/strong> Kova silindiri, kaz\u0131 hareketini ger\u00e7ekle\u015ftirmek i\u00e7in kovan\u0131n topra\u011fa n\u00fcfuz etmesini sa\u011flar. <\/li>\n<li><strong>Y\u00fckleyiciler:<\/strong> \u00d6n y\u00fckleyicilerde kova silindirleri, mallar\u0131n etkili bir \u015fekilde kald\u0131r\u0131lmas\u0131na ve bo\u015falt\u0131lmas\u0131na yard\u0131mc\u0131 olur.<\/li>\n<\/ul>\n<h3>Tasar\u0131m Hususlar\u0131 ve Se\u00e7im Kriterleri<\/h3>\n<p>Kova silindiri tasarlan\u0131rken a\u015fa\u011f\u0131dakiler de dahil olmak \u00fczere \u00e7e\u015fitli fakt\u00f6rler dikkate al\u0131n\u0131r:<\/p>\n<ul>\n<li><strong>Ta\u015f\u0131ma kapasitesi:<\/strong> Kova silindiri, makinenin y\u00fck kapasitesini ve ta\u015f\u0131nan malzemeyi ta\u015f\u0131yabilmelidir. <\/li>\n<li><strong>S\u0131zd\u0131rmazl\u0131k ve dayan\u0131kl\u0131l\u0131k:<\/strong> Kova silindiri, s\u0131cakl\u0131k ve kimyasallar gibi \u00e7evresel fakt\u00f6rler g\u00f6z \u00f6n\u00fcnde bulundurularak s\u0131z\u0131nt\u0131y\u0131 \u00f6nlemek ve uzun s\u00fcreli kullan\u0131m sa\u011flamak i\u00e7in sa\u011flam bir s\u0131zd\u0131rmazl\u0131k gerektirir. <\/li>\n<li><strong>Emniyet:<\/strong> Kova silindirinin g\u00fcvenli bir \u015fekilde monte edilmesi ve beklenmedik hareketler veya a\u015f\u0131r\u0131 y\u00fckleme gibi kazalar\u0131 \u00f6nleyecek \u00f6nlemlerin al\u0131nmas\u0131 gerekir.<\/li>\n<li><strong>Bak\u0131m:<\/strong> Kova silindirinin optimum performans g\u00f6stermesini sa\u011flamak i\u00e7in ya\u011f de\u011fi\u015fimi, conta de\u011fi\u015fimi ve kalibrasyon kontrolleri gibi d\u00fczenli bak\u0131mlar\u0131n yap\u0131lmas\u0131 gerekir. <\/li>\n<\/ul>\n<p><center><img decoding=\"async\" src=\"https:\/\/www.hydraulic-cylinders.net\/wp-content\/uploads\/2025\/01\/songte-oil-pipes-and-spare-parts.webp\"><\/center><\/p>\n<h3>S\u0131zd\u0131rmazl\u0131k ve Ya\u011flama<\/h3>\n<p>Kova silindiri, poli\u00fcretan ve NBR gibi a\u015f\u0131nmaya dayan\u0131kl\u0131 malzemelerden yap\u0131lm\u0131\u015f piston contalar\u0131, piston kolu contalar\u0131 vb. gibi \u00e7e\u015fitli s\u0131zd\u0131rmazl\u0131k bile\u015fenleri kullan\u0131r. Silindir g\u00f6vdesi ve di\u015fli u\u00e7 y\u00fczeyi, a\u015f\u0131nma direncini art\u0131rmak i\u00e7in hassas bir i\u015flemden ge\u00e7irilir. Optimum performans\u0131 korumak i\u00e7in silindiri ya\u011flamak \u00fczere d\u00fczenli olarak uygun miktarda hidrolik ya\u011f eklemek gerekir.<\/p>\n<h3>Bak\u0131m ve Onar\u0131m<\/h3>\n<p>Kova silindirinin uzun \u00f6m\u00fcrl\u00fc olmas\u0131 i\u00e7in ya\u011flama, conta de\u011fi\u015fimi ve kalibrasyon kontrolleri gibi d\u00fczenli bak\u0131mlar \u015fartt\u0131r. Silindiri g\u00fcvenli bir \u015fekilde yerine sabitlemek i\u00e7in uygun montaj braketlerinin kullan\u0131lmas\u0131 \u00f6nerilir ve silindirin do\u011fru hizalanmas\u0131 \u00e7ok \u00f6nemlidir. <\/p>\n<h3>G\u00fcvenlik ve \u00c7evresel Hususlar<\/h3>\n<p>Kova silindirini kullan\u0131rken, kazalar\u0131 \u00f6nlemek ve \u00e7evreyi korumak i\u00e7in g\u00fcvenlik kurallar\u0131na uymak \u00e7ok \u00f6nemlidir. Eldiven ve g\u00f6zl\u00fck gibi uygun ki\u015fisel koruyucu ekipman kullanmak ve hidrolik ya\u011f\u0131n uygun \u015fekilde bertaraf edilmesini sa\u011flamak, dikkate al\u0131nmas\u0131 gereken temel g\u00fcvenlik ve \u00e7evre \u00f6nlemlerinden baz\u0131lar\u0131d\u0131r.<\/p>\n<p><center><img decoding=\"async\" src=\"https:\/\/www.hydraulic-cylinders.net\/wp-content\/uploads\/2025\/01\/songte-chushion-collar.webp\"><\/center><\/p>\n<h3>Ar\u0131za Te\u015fhisi ve Sorun Giderme<\/h3>\n<p>Yayg\u0131n kova silindiri sorunlar\u0131 aras\u0131nda ya\u011f s\u0131z\u0131nt\u0131lar\u0131, yetersiz kuvvet ve yava\u015f hareket yer al\u0131r. Uygun \u00e7\u00f6z\u00fcmleri uygulamak i\u00e7in sorunu do\u011fru bir \u015fekilde te\u015fhis etmek \u00e7ok \u00f6nemlidir. D\u00fczenli bak\u0131m kontrolleri, olas\u0131 sorunlar\u0131 \u00f6nlemeye yard\u0131mc\u0131 olabilir.<\/p>\n<h3>\u015eirketimiz Hakk\u0131nda<\/h3>\n<p>Eksiksiz bir \u00fcr\u00fcn yelpazesine sahip hidrolik silindir yedek par\u00e7alar\u0131 \u00fcreticisiyiz. Yurt i\u00e7i ve yurt d\u0131\u015f\u0131 pazarlarda lider hidrolik silindir \u00fcretici ve distrib\u00fct\u00f6rlerinden biri haline geldik. \u00dcr\u00fcnlerimiz, m\u00fckemmel kalite ilkesini takip ediyor ve geli\u015fmi\u015f \u00fcretim at\u00f6lyemizde, teknoloji yeteneklerinin, ileri teknoloji dijital \u00fcretim ekipmanlar\u0131n\u0131n ve profesyonel test sistemlerinin kullan\u0131m\u0131n\u0131 i\u00e7eren end\u00fcstriyel bir \u00fcretim y\u00f6netimi stratejisine dayan\u0131yor. Verimli, hassas ve y\u00fcksek kalite prensiplerimiz, m\u00fc\u015fterilerimizin \u00e7e\u015fitli ihtiya\u00e7lar\u0131n\u0131 kar\u015f\u0131l\u0131yor.<\/p>\n<p>Firmam\u0131z uluslararas\u0131 sertifikasyonlar, \u00f6zel hizmetler, \u00fcst d\u00fczey \u00fcretim ekipmanlar\u0131 ve sat\u0131\u015f sonras\u0131 hizmetler dahil olmak \u00fczere d\u00fcnya \u00e7ap\u0131nda profesyonel hizmetler sunmaktad\u0131r.<\/p>\n<p><center><img decoding=\"async\" src=\"https:\/\/hzpt.com\/wp-content\/uploads\/2024\/11\/songte-company-1.webp\"><\/center><\/p>\n<h4>Yazar: lyl<\/h4>","protected":false},"excerpt":{"rendered":"<p>Bucket Cylinder For XCMG Large Excavator XE500M Introduction Definition A bucket cylinder is a specially designed hydraulic cylinder used to control the movement of the bucket in heavy machinery such as excavators, backhoe loaders, and front-end loaders. Its main function is to lift, lower, and tilt the bucket, making it easier to handle various material [&hellip;]<\/p>","protected":false},"featured_media":14780,"comment_status":"open","ping_status":"closed","template":"","meta":{"_et_pb_use_builder":"","_et_pb_old_content":"","_et_gb_content_width":""},"product_brand":[],"product_cat":[1494],"product_tag":[1495,1496],"class_list":{"0":"post-15483","1":"product","2":"type-product","3":"status-publish","4":"has-post-thumbnail","6":"product_cat-bucket-cylinders","7":"product_tag-bucket-cylinders","8":"product_tag-hydraulic-cylinders","10":"first","11":"instock","12":"shipping-taxable","13":"product-type-simple"},"amp_enabled":true,"_links":{"self":[{"href":"https:\/\/www.hydraulic-cylinders.net\/tr\/wp-json\/wp\/v2\/product\/15483","targetHints":{"allow":["GET"]}}],"collection":[{"href":"https:\/\/www.hydraulic-cylinders.net\/tr\/wp-json\/wp\/v2\/product"}],"about":[{"href":"https:\/\/www.hydraulic-cylinders.net\/tr\/wp-json\/wp\/v2\/types\/product"}],"replies":[{"embeddable":true,"href":"https:\/\/www.hydraulic-cylinders.net\/tr\/wp-json\/wp\/v2\/comments?post=15483"}],"wp:featuredmedia":[{"embeddable":true,"href":"https:\/\/www.hydraulic-cylinders.net\/tr\/wp-json\/wp\/v2\/media\/14780"}],"wp:attachment":[{"href":"https:\/\/www.hydraulic-cylinders.net\/tr\/wp-json\/wp\/v2\/media?parent=15483"}],"wp:term":[{"taxonomy":"product_brand","embeddable":true,"href":"https:\/\/www.hydraulic-cylinders.net\/tr\/wp-json\/wp\/v2\/product_brand?post=15483"},{"taxonomy":"product_cat","embeddable":true,"href":"https:\/\/www.hydraulic-cylinders.net\/tr\/wp-json\/wp\/v2\/product_cat?post=15483"},{"taxonomy":"product_tag","embeddable":true,"href":"https:\/\/www.hydraulic-cylinders.net\/tr\/wp-json\/wp\/v2\/product_tag?post=15483"}],"curies":[{"name":"wp","href":"https:\/\/api.w.org\/{rel}","templated":true}]}}